{"id":729,"date":"2023-09-25T03:07:26","date_gmt":"2023-09-25T03:07:26","guid":{"rendered":"https:\/\/exceladvisor.org\/es\/cambiar-pestana\/"},"modified":"2023-12-25T10:23:56","modified_gmt":"2023-12-25T10:23:56","slug":"cambiar-pestana","status":"publish","type":"page","link":"https:\/\/exceladvisor.org\/es\/cambiar-pestana\/","title":{"rendered":"\u00bfc\u00f3mo cambiar de pesta\u00f1a mediante el acceso directo de excel?"},"content":{"rendered":"<div class=\"excel-antes-del-contenido\" id=\"excel-837942440\"><script type=\"text\/javascript\">\r\n\tatOptions = {\r\n\t\t'key' : 'c1158f160081d6540a8409e6925dab94',\r\n\t\t'format' : 'iframe',\r\n\t\t'height' : 250,\r\n\t\t'width' : 300,\r\n\t\t'params' : {}\r\n\t};\r\n<\/script>\r\n<script type=\"text\/javascript\" src=\"\/\/www.highperformanceformat.com\/c1158f160081d6540a8409e6925dab94\/invoke.js\"><\/script><\/div><p>En Excel, el usuario puede usar varias pesta\u00f1as en un libro para ingresar varios datos y tambi\u00e9n puede recibir el libro que contiene datos en varias pesta\u00f1as, por lo que para cambiar entre pesta\u00f1as, el usuario puede cambiar manualmente usando el mouse haciendo clic en el nombre de cada pesta\u00f1a o Puede cambiar de pesta\u00f1a usando el m\u00e9todo abreviado de teclado.<\/p>\n<p> En este tutorial, explicamos el acceso directo para cambiar entre varias pesta\u00f1as (hojas de trabajo) en un libro.<\/p>\n<h2 class=\"wp-block-heading\"> Atajo de teclado para cambiar de pesta\u00f1a en Excel<\/h2>\n<p> <kbd>Ctrl<\/kbd> + <kbd>AvP\u00e1g<\/kbd> (Av P\u00e1g) \u2013 Para moverse a las pesta\u00f1as derechas <\/p>\n<div class=\"wp-block-image\">\n<figure class=\"aligncenter size-full\"><img loading=\"lazy\" decoding=\"async\" class=\"wp-image-69484\" src=\"https:\/\/exceladvisor.org\/wp-content\/uploads\/2023\/08\/1-raccourci-clavier-pour-basculer-les-onglets-vers-la-droite.png\" sizes=\"auto, \" srcset=\"\" alt=\"m\u00e9todo abreviado de teclado para cambiar de pesta\u00f1a a la derecha\" width=\"1918\" height=\"393\"><\/figure>\n<\/div>\n<p> <kbd>Ctrl<\/kbd> + <kbd>PgUp<\/kbd> (Re P\u00e1g) \u2013 Para retroceder o ir a las pesta\u00f1as de la izquierda <\/p>\n<div class=\"wp-block-image\">\n<figure class=\"aligncenter size-full\"><img loading=\"lazy\" decoding=\"async\" class=\"wp-image-69485\" src=\"https:\/\/exceladvisor.org\/wp-content\/uploads\/2023\/08\/2-raccourci-clavier-pour-basculer-les-onglets-vers-la-gauche-png.png\" sizes=\"auto, \" srcset=\"\" alt=\"m\u00e9todo abreviado de teclado para cambiar de pesta\u00f1a a la izquierda\" width=\"1918\" height=\"393\"><\/figure>\n<\/div>\n<h2 class=\"wp-block-heading\"> Pasos para cambiar de pesta\u00f1a usando un atajo de teclado<\/h2>\n<ol>\n<li> Mantenga presionada la tecla \u00abCtrl\u00bb y luego presione la tecla \u00abAvP\u00e1g\u00bb para pasar a la siguiente pesta\u00f1a a la derecha de la pesta\u00f1a actual.<\/li>\n<li> O presione y mantenga presionada la tecla \u00abCtrl\u00bb, luego presione la tecla \u00abReP\u00e1g\u00bb para regresar a las pesta\u00f1as izquierdas de la pesta\u00f1a actual.<\/li>\n<\/ol>\n<h2 class=\"wp-block-heading\"> Comidas para llevar<\/h2>\n<ol>\n<li> El usuario debe presionar las teclas \u201cPgDn\u201d o PgUp\u201d varias veces para cambiar a varias pesta\u00f1as hasta pasar a la pesta\u00f1a requerida.<\/li>\n<li> Si el libro tiene, digamos, entre 15 y 20 pesta\u00f1as o m\u00e1s, entonces no es una buena opci\u00f3n cambiar usando el m\u00e9todo abreviado de teclado porque el m\u00e9todo abreviado de teclado no cambia directamente a las pesta\u00f1as, sino que se mueve pesta\u00f1a por pesta\u00f1a. Entonces, en este caso podemos hacer clic en los signos del navegador en la barra de desplazamiento de abajo y usando las teclas de flecha hacia arriba y hacia abajo en el teclado podemos seleccionar la pesta\u00f1a (hoja de c\u00e1lculo) y presionar Enter para ir directamente a esta pesta\u00f1a. <\/li>\n<\/ol>\n<div class=\"wp-block-image\">\n<figure class=\"aligncenter size-full is-resized\"><img loading=\"lazy\" decoding=\"async\" class=\"wp-image-69486\" src=\"https:\/\/exceladvisor.org\/wp-content\/uploads\/2023\/08\/3-signe-de-navigation-sous-la-barre-de-defilement.png\" sizes=\"auto, \" srcset=\"\" alt=\"signo-de-navegador-debajo-de-la-barra de desplazamiento\" width=\"379\" height=\"375\"><\/figure>\n<\/div>\n<div class=\"wp-block-group more-tutorials is-layout-flow\">\n<div class=\"wp-block-group__inner-container\">\n<h2 class=\"wp-block-heading\"> M\u00e1s tutoriales <\/h2>\n<div class=\"wp-block-columns is-layout-flex wp-container-39\">\n<div class=\"wp-block-column is-layout-flow\">\n<ul>\n<li> <a href=\"https:\/\/exceladvisor.org\/es\/cerca\/\">Cerca<\/a><\/li>\n<li> <a href=\"https:\/\/exceladvisor.org\/es\/pantalla-completa\/\">Pantalla completa<\/a><\/li>\n<li> <a href=\"https:\/\/exceladvisor.org\/es\/banda\/\">Banda<\/a><\/li>\n<li> <a href=\"https:\/\/exceladvisor.org\/es\/guardar-como\/\">Guardar como<\/a><\/li>\n<li> <a href=\"https:\/\/exceladvisor.org\/es\/deshacer-rehacer\/\">Deshacer y rehacer<\/a><\/li>\n<\/ul>\n<\/div>\n<div class=\"wp-block-column is-layout-flow\"><\/div>\n<\/div>\n<p> \u21e0 Volver a <a href=\"https:\/\/exceladvisor.org\/es\/atajos-de-teclado\/\">los atajos de Excel (hoja de referencia en PDF)<\/a><\/p>\n<\/div>\n<\/div>\n","protected":false},"excerpt":{"rendered":"<p>En Excel, el usuario puede usar varias pesta\u00f1as en un libro para ingresar varios datos y tambi\u00e9n puede recibir el libro que contiene datos en varias pesta\u00f1as, por lo que para cambiar entre pesta\u00f1as, el usuario puede cambiar manualmente usando el mouse haciendo clic en el nombre de cada pesta\u00f1a o Puede cambiar de pesta\u00f1a [&hellip;]<\/p>\n","protected":false},"author":1,"featured_media":0,"parent":0,"menu_order":0,"comment_status":"open","ping_status":"closed","template":"","meta":{"ub_ctt_via":"","footnotes":""},"class_list":["post-729","page","type-page","status-publish","hentry"],"featured_image_src":null,"yoast_head":"<!-- This site is optimized with the Yoast SEO plugin v25.4 - https:\/\/yoast.com\/wordpress\/plugins\/seo\/ -->\n<title>\u00bfc\u00f3mo cambiar de pesta\u00f1a mediante el acceso directo de excel?<\/title>\n<meta name=\"robots\" content=\"index, follow, max-snippet:-1, max-image-preview:large, max-video-preview:-1\" \/>\n<link rel=\"canonical\" href=\"https:\/\/exceladvisor.org\/es\/cambiar-pestana\/\" \/>\n<meta property=\"og:locale\" content=\"es_ES\" \/>\n<meta property=\"og:type\" content=\"article\" \/>\n<meta property=\"og:title\" content=\"\u00bfc\u00f3mo cambiar de pesta\u00f1a mediante el acceso directo de excel?\" \/>\n<meta property=\"og:description\" content=\"En Excel, el usuario puede usar varias pesta\u00f1as en un libro para ingresar varios datos y tambi\u00e9n puede recibir el libro que contiene datos en varias pesta\u00f1as, por lo que para cambiar entre pesta\u00f1as, el usuario puede cambiar manualmente usando el mouse haciendo clic en el nombre de cada pesta\u00f1a o Puede cambiar de pesta\u00f1a [&hellip;]\" \/>\n<meta property=\"og:url\" content=\"https:\/\/exceladvisor.org\/es\/cambiar-pestana\/\" \/>\n<meta property=\"og:site_name\" content=\"Excel Advisor\" \/>\n<meta property=\"article:modified_time\" content=\"2023-12-25T10:23:56+00:00\" \/>\n<meta property=\"og:image\" content=\"https:\/\/exceladvisor.org\/wp-content\/uploads\/2023\/08\/1-raccourci-clavier-pour-basculer-les-onglets-vers-la-droite.png\" \/>\n<meta name=\"twitter:card\" content=\"summary_large_image\" \/>\n<meta name=\"twitter:label1\" content=\"Tiempo de lectura\" \/>\n\t<meta name=\"twitter:data1\" content=\"2 minutos\" \/>\n<script type=\"application\/ld+json\" class=\"yoast-schema-graph\">{\"@context\":\"https:\/\/schema.org\",\"@graph\":[{\"@type\":\"WebPage\",\"@id\":\"https:\/\/exceladvisor.org\/es\/cambiar-pestana\/\",\"url\":\"https:\/\/exceladvisor.org\/es\/cambiar-pestana\/\",\"name\":\"\u00bfc\u00f3mo cambiar de pesta\u00f1a mediante el acceso directo de excel?\",\"isPartOf\":{\"@id\":\"https:\/\/exceladvisor.org\/es\/#website\"},\"primaryImageOfPage\":{\"@id\":\"https:\/\/exceladvisor.org\/es\/cambiar-pestana\/#primaryimage\"},\"image\":{\"@id\":\"https:\/\/exceladvisor.org\/es\/cambiar-pestana\/#primaryimage\"},\"thumbnailUrl\":\"https:\/\/exceladvisor.org\/wp-content\/uploads\/2023\/08\/1-raccourci-clavier-pour-basculer-les-onglets-vers-la-droite.png\",\"datePublished\":\"2023-09-25T03:07:26+00:00\",\"dateModified\":\"2023-12-25T10:23:56+00:00\",\"breadcrumb\":{\"@id\":\"https:\/\/exceladvisor.org\/es\/cambiar-pestana\/#breadcrumb\"},\"inLanguage\":\"es\",\"potentialAction\":[{\"@type\":\"ReadAction\",\"target\":[\"https:\/\/exceladvisor.org\/es\/cambiar-pestana\/\"]}]},{\"@type\":\"ImageObject\",\"inLanguage\":\"es\",\"@id\":\"https:\/\/exceladvisor.org\/es\/cambiar-pestana\/#primaryimage\",\"url\":\"https:\/\/exceladvisor.org\/wp-content\/uploads\/2023\/08\/1-raccourci-clavier-pour-basculer-les-onglets-vers-la-droite.png\",\"contentUrl\":\"https:\/\/exceladvisor.org\/wp-content\/uploads\/2023\/08\/1-raccourci-clavier-pour-basculer-les-onglets-vers-la-droite.png\"},{\"@type\":\"BreadcrumbList\",\"@id\":\"https:\/\/exceladvisor.org\/es\/cambiar-pestana\/#breadcrumb\",\"itemListElement\":[{\"@type\":\"ListItem\",\"position\":1,\"name\":\"Hogar\",\"item\":\"https:\/\/exceladvisor.org\/es\/\"},{\"@type\":\"ListItem\",\"position\":2,\"name\":\"\u00bfc\u00f3mo cambiar de pesta\u00f1a mediante el acceso directo de excel?\"}]},{\"@type\":\"WebSite\",\"@id\":\"https:\/\/exceladvisor.org\/es\/#website\",\"url\":\"https:\/\/exceladvisor.org\/es\/\",\"name\":\"Excel Advisor\",\"description\":\"Su gu\u00eda para la dominaci\u00f3n de datos!\",\"publisher\":{\"@id\":\"https:\/\/exceladvisor.org\/es\/#organization\"},\"potentialAction\":[{\"@type\":\"SearchAction\",\"target\":{\"@type\":\"EntryPoint\",\"urlTemplate\":\"https:\/\/exceladvisor.org\/es\/?s={search_term_string}\"},\"query-input\":{\"@type\":\"PropertyValueSpecification\",\"valueRequired\":true,\"valueName\":\"search_term_string\"}}],\"inLanguage\":\"es\"},{\"@type\":\"Organization\",\"@id\":\"https:\/\/exceladvisor.org\/es\/#organization\",\"name\":\"Excel Advisor\",\"url\":\"https:\/\/exceladvisor.org\/es\/\",\"logo\":{\"@type\":\"ImageObject\",\"inLanguage\":\"es\",\"@id\":\"https:\/\/exceladvisor.org\/es\/#\/schema\/logo\/image\/\",\"url\":\"https:\/\/exceladvisor.org\/es\/wp-content\/uploads\/2023\/12\/exceladvisor.org_.png\",\"contentUrl\":\"https:\/\/exceladvisor.org\/es\/wp-content\/uploads\/2023\/12\/exceladvisor.org_.png\",\"width\":105,\"height\":36,\"caption\":\"Excel Advisor\"},\"image\":{\"@id\":\"https:\/\/exceladvisor.org\/es\/#\/schema\/logo\/image\/\"}}]}<\/script>\n<!-- \/ Yoast SEO plugin. -->","yoast_head_json":{"title":"\u00bfc\u00f3mo cambiar de pesta\u00f1a mediante el acceso directo de excel?","robots":{"index":"index","follow":"follow","max-snippet":"max-snippet:-1","max-image-preview":"max-image-preview:large","max-video-preview":"max-video-preview:-1"},"canonical":"https:\/\/exceladvisor.org\/es\/cambiar-pestana\/","og_locale":"es_ES","og_type":"article","og_title":"\u00bfc\u00f3mo cambiar de pesta\u00f1a mediante el acceso directo de excel?","og_description":"En Excel, el usuario puede usar varias pesta\u00f1as en un libro para ingresar varios datos y tambi\u00e9n puede recibir el libro que contiene datos en varias pesta\u00f1as, por lo que para cambiar entre pesta\u00f1as, el usuario puede cambiar manualmente usando el mouse haciendo clic en el nombre de cada pesta\u00f1a o Puede cambiar de pesta\u00f1a [&hellip;]","og_url":"https:\/\/exceladvisor.org\/es\/cambiar-pestana\/","og_site_name":"Excel Advisor","article_modified_time":"2023-12-25T10:23:56+00:00","og_image":[{"url":"https:\/\/exceladvisor.org\/wp-content\/uploads\/2023\/08\/1-raccourci-clavier-pour-basculer-les-onglets-vers-la-droite.png","type":"","width":"","height":""}],"twitter_card":"summary_large_image","twitter_misc":{"Tiempo de lectura":"2 minutos"},"schema":{"@context":"https:\/\/schema.org","@graph":[{"@type":"WebPage","@id":"https:\/\/exceladvisor.org\/es\/cambiar-pestana\/","url":"https:\/\/exceladvisor.org\/es\/cambiar-pestana\/","name":"\u00bfc\u00f3mo cambiar de pesta\u00f1a mediante el acceso directo de excel?","isPartOf":{"@id":"https:\/\/exceladvisor.org\/es\/#website"},"primaryImageOfPage":{"@id":"https:\/\/exceladvisor.org\/es\/cambiar-pestana\/#primaryimage"},"image":{"@id":"https:\/\/exceladvisor.org\/es\/cambiar-pestana\/#primaryimage"},"thumbnailUrl":"https:\/\/exceladvisor.org\/wp-content\/uploads\/2023\/08\/1-raccourci-clavier-pour-basculer-les-onglets-vers-la-droite.png","datePublished":"2023-09-25T03:07:26+00:00","dateModified":"2023-12-25T10:23:56+00:00","breadcrumb":{"@id":"https:\/\/exceladvisor.org\/es\/cambiar-pestana\/#breadcrumb"},"inLanguage":"es","potentialAction":[{"@type":"ReadAction","target":["https:\/\/exceladvisor.org\/es\/cambiar-pestana\/"]}]},{"@type":"ImageObject","inLanguage":"es","@id":"https:\/\/exceladvisor.org\/es\/cambiar-pestana\/#primaryimage","url":"https:\/\/exceladvisor.org\/wp-content\/uploads\/2023\/08\/1-raccourci-clavier-pour-basculer-les-onglets-vers-la-droite.png","contentUrl":"https:\/\/exceladvisor.org\/wp-content\/uploads\/2023\/08\/1-raccourci-clavier-pour-basculer-les-onglets-vers-la-droite.png"},{"@type":"BreadcrumbList","@id":"https:\/\/exceladvisor.org\/es\/cambiar-pestana\/#breadcrumb","itemListElement":[{"@type":"ListItem","position":1,"name":"Hogar","item":"https:\/\/exceladvisor.org\/es\/"},{"@type":"ListItem","position":2,"name":"\u00bfc\u00f3mo cambiar de pesta\u00f1a mediante el acceso directo de excel?"}]},{"@type":"WebSite","@id":"https:\/\/exceladvisor.org\/es\/#website","url":"https:\/\/exceladvisor.org\/es\/","name":"Excel Advisor","description":"Su gu\u00eda para la dominaci\u00f3n de datos!","publisher":{"@id":"https:\/\/exceladvisor.org\/es\/#organization"},"potentialAction":[{"@type":"SearchAction","target":{"@type":"EntryPoint","urlTemplate":"https:\/\/exceladvisor.org\/es\/?s={search_term_string}"},"query-input":{"@type":"PropertyValueSpecification","valueRequired":true,"valueName":"search_term_string"}}],"inLanguage":"es"},{"@type":"Organization","@id":"https:\/\/exceladvisor.org\/es\/#organization","name":"Excel Advisor","url":"https:\/\/exceladvisor.org\/es\/","logo":{"@type":"ImageObject","inLanguage":"es","@id":"https:\/\/exceladvisor.org\/es\/#\/schema\/logo\/image\/","url":"https:\/\/exceladvisor.org\/es\/wp-content\/uploads\/2023\/12\/exceladvisor.org_.png","contentUrl":"https:\/\/exceladvisor.org\/es\/wp-content\/uploads\/2023\/12\/exceladvisor.org_.png","width":105,"height":36,"caption":"Excel Advisor"},"image":{"@id":"https:\/\/exceladvisor.org\/es\/#\/schema\/logo\/image\/"}}]}},"yoast_meta":{"yoast_wpseo_title":"","yoast_wpseo_metadesc":"","yoast_wpseo_canonical":""},"_links":{"self":[{"href":"https:\/\/exceladvisor.org\/es\/wp-json\/wp\/v2\/pages\/729","targetHints":{"allow":["GET"]}}],"collection":[{"href":"https:\/\/exceladvisor.org\/es\/wp-json\/wp\/v2\/pages"}],"about":[{"href":"https:\/\/exceladvisor.org\/es\/wp-json\/wp\/v2\/types\/page"}],"author":[{"embeddable":true,"href":"https:\/\/exceladvisor.org\/es\/wp-json\/wp\/v2\/users\/1"}],"replies":[{"embeddable":true,"href":"https:\/\/exceladvisor.org\/es\/wp-json\/wp\/v2\/comments?post=729"}],"version-history":[{"count":1,"href":"https:\/\/exceladvisor.org\/es\/wp-json\/wp\/v2\/pages\/729\/revisions"}],"predecessor-version":[{"id":885,"href":"https:\/\/exceladvisor.org\/es\/wp-json\/wp\/v2\/pages\/729\/revisions\/885"}],"wp:attachment":[{"href":"https:\/\/exceladvisor.org\/es\/wp-json\/wp\/v2\/media?parent=729"}],"curies":[{"name":"wp","href":"https:\/\/api.w.org\/{rel}","templated":true}]}}