{"id":73,"date":"2023-11-17T10:14:05","date_gmt":"2023-11-17T10:14:05","guid":{"rendered":"https:\/\/exceladvisor.org\/es\/celda-activa-1\/"},"modified":"2023-12-25T10:27:44","modified_gmt":"2023-12-25T10:27:44","slug":"celda-activa-1","status":"publish","type":"page","link":"https:\/\/exceladvisor.org\/es\/celda-activa-1\/","title":{"rendered":"\u00bfc\u00f3mo usar activecell en vba en excel?"},"content":{"rendered":"<div class=\"excel-antes-del-contenido\" id=\"excel-322709406\"><script type=\"text\/javascript\">\r\n\tatOptions = {\r\n\t\t'key' : 'c1158f160081d6540a8409e6925dab94',\r\n\t\t'format' : 'iframe',\r\n\t\t'height' : 250,\r\n\t\t'width' : 300,\r\n\t\t'params' : {}\r\n\t};\r\n<\/script>\r\n<script type=\"text\/javascript\" src=\"\/\/www.highperformanceformat.com\/c1158f160081d6540a8409e6925dab94\/invoke.js\"><\/script><\/div><p>En VBA, celda activa es una propiedad que representa la celda que est\u00e1 activa en ese momento. Cuando selecciona una celda o navega a una celda y este cuadro verde cubre esa celda, puede usar la propiedad ACTIVECELL para hacer referencia a esa celda en c\u00f3digo VBA. Hay propiedades y m\u00e9todos que lo acompa\u00f1an. <\/p>\n<div class=\"wp-block-image\">\n<figure class=\"aligncenter size-large is-resized\"><img loading=\"lazy\" decoding=\"async\" class=\"wp-image-53412\" src=\"https:\/\/exceladvisor.org\/wp-content\/uploads\/2023\/08\/1-utiliser-la-propriete-activecell.png\" sizes=\"auto, \" srcset=\"\" alt=\"usar la propiedad activecell\" width=\"416\" height=\"268\"><\/figure>\n<\/div>\n<h2 class=\"wp-block-heading\"> Usar propiedad de celda activa<\/h2>\n<ol type=\"1\">\n<li> Escriba la palabra clave \u00abActiveCell\u00bb.<\/li>\n<li> Escriba un punto (.) para obtener las propiedades y m\u00e9todos de la lista.<\/li>\n<li> Seleccione la propiedad o m\u00e9todo que desea utilizar.<\/li>\n<li> Ejecute el c\u00f3digo para realizar la actividad en la celda activa. <\/li>\n<\/ol>\n<div class=\"wp-block-image\">\n<figure class=\"aligncenter size-large is-resized\"><img loading=\"lazy\" decoding=\"async\" class=\"wp-image-53413\" src=\"https:\/\/exceladvisor.org\/wp-content\/uploads\/2023\/08\/2-executez-le-code-de-propriete-activecell.png\" sizes=\"auto, \" srcset=\"\" alt=\"ejecutar c\u00f3digo de propiedad activecell\" width=\"440\" height=\"307\"><\/figure>\n<\/div>\n<h2 class=\"wp-block-heading\"> Puntos importantes<\/h2>\n<ul>\n<li> Cuando utiliza la propiedad de celda activa, VBA se refiere a la celda activa en la <a href=\"https:\/\/exceladvisor.org\/es\/activar-hoja\/\">hoja activa<\/a> <a href=\"https:\/\/exceladvisor.org\/es\/activar-libro-de-trabajo\/\">del libro activo<\/a> , independientemente de cu\u00e1ntos libros est\u00e9n abiertos en ese momento.<\/li>\n<li> ActiveCell es, en definitiva, una c\u00e9lula con todas las propiedades y m\u00e9todos de una c\u00e9lula normal.<\/li>\n<\/ul>\n<h2 class=\"wp-block-heading\"> Activar una celda del rango seleccionado<\/h2>\n<p> Para activar una celda usando c\u00f3digo VBA, puede usar un m\u00e9todo \u00abActivar\u00bb y un m\u00e9todo \u00abSeleccionar\u00bb de dos maneras.<\/p>\n<pre class=\"wp-block-code\"> <code class=\"language-visual-basic\" lang=\"visual-basic\">Sub vba_activecell() 'select and entire range Range(\"A1:A10\").Select 'select the cell A3 from the selected range Range(\"A3\").Activate 'clears everything from the active cell ActiveCell.Clear End Sub<\/code><\/pre>\n<p> El c\u00f3digo anterior, en primer lugar, selecciona el rango A1:A10, luego activa la celda A3 a partir de ah\u00ed y al final, borra todo de la celda activa, es decir, A3.<\/p>\n<h2 class=\"wp-block-heading\"> Valor de retorno de la celda activa<\/h2>\n<p> El siguiente c\u00f3digo devuelve el valor de la celda activa mediante un <a href=\"https:\/\/exceladvisor.org\/es\/cuadro-de-mensajes-vba\/\">cuadro de mensaje<\/a> .<\/p>\n<pre class=\"wp-block-code\"> <code class=\"language-visual-basic\" lang=\"visual-basic\">MsgBox ActiveCell.Value<\/code><\/pre>\n<p> O si desea obtener el valor de la celda activa y pegarlo en una celda separada.<\/p>\n<pre class=\"wp-block-code\"> <code class=\"language-visual-basic\" lang=\"visual-basic\">Range(\"A1\") = ActiveCell.Value<\/code><\/pre>\n<h2 class=\"wp-block-heading\"> Establecer celda activa en una variable<\/h2>\n<p> Tambi\u00e9n puede establecer la celda activa en la <a href=\"https:\/\/exceladvisor.org\/es\/variables\/\">variable<\/a> , como en el siguiente ejemplo.<\/p>\n<pre class=\"wp-block-code\"> <code class=\"language-visual-basic\" lang=\"visual-basic\">Sub vba_activecell() 'declares the variable as range Dim myCell As Range 'set active cell to the variable Set myCell = ActiveCell 'enter value in the active cell myCell.Value = Done End Sub<\/code><\/pre>\n<h2 class=\"wp-block-heading\"> Obtenga el n\u00famero de fila y columna de ActiveCell<\/h2>\n<p> Con la celda activa, hay una propiedad de fila y columna que puede usar para obtener el n\u00famero de fila y columna de la celda activa.<\/p>\n<pre class=\"wp-block-code\"> <code class=\"language-visual-basic\" lang=\"visual-basic\">MsgBox ActiveCell.Row MsgBox ActiveCell.Column<\/code><\/pre>\n<h2 class=\"wp-block-heading\"> Obtener direcci\u00f3n celular activa<\/h2>\n<p> Puede utilizar la propiedad de direcci\u00f3n para obtener la direcci\u00f3n de la celda activa.<\/p>\n<pre class=\"wp-block-code\"> <code class=\"language-visual-basic\" lang=\"visual-basic\">MsgBox ActiveCell.Address<\/code><\/pre>\n<p> Cuando ejecuta el c\u00f3digo anterior, le muestra un cuadro de mensaje con la direcci\u00f3n de la celda activa de la hoja activa del libro activo (como mencion\u00e9 anteriormente).<\/p>\n<h2 class=\"wp-block-heading\"> Mover desde la celda activa usando desplazamiento<\/h2>\n<p> Con la propiedad de desplazamiento, puede moverse a una celda que est\u00e9 a varias filas y columnas de la celda activa.<\/p>\n<pre class=\"wp-block-code\"> <code class=\"language-visual-basic\" lang=\"visual-basic\">ActiveCell.Offset(2, 2).Select<\/code><\/pre>\n<h2 class=\"wp-block-heading\"> Seleccione un rango en la celda activa<\/h2>\n<p> Y tambi\u00e9n puedes seleccionar un rango de la celda activa.<\/p>\n<pre class=\"wp-block-code\"> <code class=\"language-visual-basic\" lang=\"visual-basic\">Range(ActiveCell.Offset(1, 1), ActiveCell.Offset(5, 5)).Select<\/code><\/pre>\n<div class=\"gb-container gb-container-4db6181c gb-container-mt\"> <a class=\"gb-button gb-button-c5897111 gb-button-text gb-button-mt-button\" href=\"https:\/\/exceladvisor.org\/es\/vba\/\">\u00bfQu\u00e9 es VBA?<\/a><\/p>\n<h2 class=\"gb-headline gb-headline-665e5f6b gb-headline-text gb-headline-mt-heading\"> Tutoriales relacionados <\/h2>\n<div class=\"gb-grid-wrapper gb-grid-wrapper-a20baf7c gb-grid-wrapper-mt-grid\">\n<div class=\"gb-grid-column gb-grid-column-65ddf67e\">\n<div class=\"gb-container gb-container-65ddf67e\">\n<ul>\n<li> <a href=\"https:\/\/exceladvisor.org\/es\/numero-de-lineas\/\">Contar filas usando VBA en Excel<\/a><\/li>\n<li> <a href=\"https:\/\/exceladvisor.org\/es\/fuente-de-caracteres\/\">Fuente Excel VBA (color, tama\u00f1o, tipo y negrita)<\/a><\/li>\n<li> <a href=\"https:\/\/exceladvisor.org\/es\/ocultar-mostrar-fila-de-columna\/\">Excel VBA Ocultar y mostrar una columna o fila<\/a><\/li>\n<li> <a href=\"https:\/\/exceladvisor.org\/es\/rango-1\/\">Rango de Excel VBA: trabajar con rango y celdas<\/a> <\/li>\n<\/ul>\n<\/div>\n<\/div>\n<div class=\"gb-grid-column gb-grid-column-50067b57\">\n<div class=\"gb-container gb-container-50067b57\"><\/div>\n<\/div>\n<\/div>\n<\/div>\n","protected":false},"excerpt":{"rendered":"<p>En VBA, celda activa es una propiedad que representa la celda que est\u00e1 activa en ese momento. Cuando selecciona una celda o navega a una celda y este cuadro verde cubre esa celda, puede usar la propiedad ACTIVECELL para hacer referencia a esa celda en c\u00f3digo VBA. Hay propiedades y m\u00e9todos que lo acompa\u00f1an. Usar [&hellip;]<\/p>\n","protected":false},"author":1,"featured_media":0,"parent":0,"menu_order":0,"comment_status":"open","ping_status":"closed","template":"","meta":{"ub_ctt_via":"","footnotes":""},"class_list":["post-73","page","type-page","status-publish","hentry"],"featured_image_src":null,"yoast_head":"<!-- This site is optimized with the Yoast SEO plugin v25.4 - https:\/\/yoast.com\/wordpress\/plugins\/seo\/ -->\n<title>\u00bfc\u00f3mo usar activecell en vba en excel?<\/title>\n<meta name=\"robots\" content=\"index, follow, max-snippet:-1, max-image-preview:large, max-video-preview:-1\" \/>\n<link rel=\"canonical\" href=\"https:\/\/exceladvisor.org\/es\/celda-activa-1\/\" \/>\n<meta property=\"og:locale\" content=\"es_ES\" \/>\n<meta property=\"og:type\" content=\"article\" \/>\n<meta property=\"og:title\" content=\"\u00bfc\u00f3mo usar activecell en vba en excel?\" \/>\n<meta property=\"og:description\" content=\"En VBA, celda activa es una propiedad que representa la celda que est\u00e1 activa en ese momento. Cuando selecciona una celda o navega a una celda y este cuadro verde cubre esa celda, puede usar la propiedad ACTIVECELL para hacer referencia a esa celda en c\u00f3digo VBA. Hay propiedades y m\u00e9todos que lo acompa\u00f1an. Usar [&hellip;]\" \/>\n<meta property=\"og:url\" content=\"https:\/\/exceladvisor.org\/es\/celda-activa-1\/\" \/>\n<meta property=\"og:site_name\" content=\"Excel Advisor\" \/>\n<meta property=\"article:modified_time\" content=\"2023-12-25T10:27:44+00:00\" \/>\n<meta property=\"og:image\" content=\"https:\/\/exceladvisor.org\/wp-content\/uploads\/2023\/08\/1-utiliser-la-propriete-activecell.png\" \/>\n<meta name=\"twitter:card\" content=\"summary_large_image\" \/>\n<meta name=\"twitter:label1\" content=\"Tiempo de lectura\" \/>\n\t<meta name=\"twitter:data1\" content=\"3 minutos\" \/>\n<script type=\"application\/ld+json\" class=\"yoast-schema-graph\">{\"@context\":\"https:\/\/schema.org\",\"@graph\":[{\"@type\":\"WebPage\",\"@id\":\"https:\/\/exceladvisor.org\/es\/celda-activa-1\/\",\"url\":\"https:\/\/exceladvisor.org\/es\/celda-activa-1\/\",\"name\":\"\u00bfc\u00f3mo usar activecell en vba en excel?\",\"isPartOf\":{\"@id\":\"https:\/\/exceladvisor.org\/es\/#website\"},\"primaryImageOfPage\":{\"@id\":\"https:\/\/exceladvisor.org\/es\/celda-activa-1\/#primaryimage\"},\"image\":{\"@id\":\"https:\/\/exceladvisor.org\/es\/celda-activa-1\/#primaryimage\"},\"thumbnailUrl\":\"https:\/\/exceladvisor.org\/wp-content\/uploads\/2023\/08\/1-utiliser-la-propriete-activecell.png\",\"datePublished\":\"2023-11-17T10:14:05+00:00\",\"dateModified\":\"2023-12-25T10:27:44+00:00\",\"breadcrumb\":{\"@id\":\"https:\/\/exceladvisor.org\/es\/celda-activa-1\/#breadcrumb\"},\"inLanguage\":\"es\",\"potentialAction\":[{\"@type\":\"ReadAction\",\"target\":[\"https:\/\/exceladvisor.org\/es\/celda-activa-1\/\"]}]},{\"@type\":\"ImageObject\",\"inLanguage\":\"es\",\"@id\":\"https:\/\/exceladvisor.org\/es\/celda-activa-1\/#primaryimage\",\"url\":\"https:\/\/exceladvisor.org\/wp-content\/uploads\/2023\/08\/1-utiliser-la-propriete-activecell.png\",\"contentUrl\":\"https:\/\/exceladvisor.org\/wp-content\/uploads\/2023\/08\/1-utiliser-la-propriete-activecell.png\"},{\"@type\":\"BreadcrumbList\",\"@id\":\"https:\/\/exceladvisor.org\/es\/celda-activa-1\/#breadcrumb\",\"itemListElement\":[{\"@type\":\"ListItem\",\"position\":1,\"name\":\"Hogar\",\"item\":\"https:\/\/exceladvisor.org\/es\/\"},{\"@type\":\"ListItem\",\"position\":2,\"name\":\"\u00bfc\u00f3mo usar activecell en vba en excel?\"}]},{\"@type\":\"WebSite\",\"@id\":\"https:\/\/exceladvisor.org\/es\/#website\",\"url\":\"https:\/\/exceladvisor.org\/es\/\",\"name\":\"Excel Advisor\",\"description\":\"Su gu\u00eda para la dominaci\u00f3n de datos!\",\"publisher\":{\"@id\":\"https:\/\/exceladvisor.org\/es\/#organization\"},\"potentialAction\":[{\"@type\":\"SearchAction\",\"target\":{\"@type\":\"EntryPoint\",\"urlTemplate\":\"https:\/\/exceladvisor.org\/es\/?s={search_term_string}\"},\"query-input\":{\"@type\":\"PropertyValueSpecification\",\"valueRequired\":true,\"valueName\":\"search_term_string\"}}],\"inLanguage\":\"es\"},{\"@type\":\"Organization\",\"@id\":\"https:\/\/exceladvisor.org\/es\/#organization\",\"name\":\"Excel Advisor\",\"url\":\"https:\/\/exceladvisor.org\/es\/\",\"logo\":{\"@type\":\"ImageObject\",\"inLanguage\":\"es\",\"@id\":\"https:\/\/exceladvisor.org\/es\/#\/schema\/logo\/image\/\",\"url\":\"https:\/\/exceladvisor.org\/es\/wp-content\/uploads\/2023\/12\/exceladvisor.org_.png\",\"contentUrl\":\"https:\/\/exceladvisor.org\/es\/wp-content\/uploads\/2023\/12\/exceladvisor.org_.png\",\"width\":105,\"height\":36,\"caption\":\"Excel Advisor\"},\"image\":{\"@id\":\"https:\/\/exceladvisor.org\/es\/#\/schema\/logo\/image\/\"}}]}<\/script>\n<!-- \/ Yoast SEO plugin. -->","yoast_head_json":{"title":"\u00bfc\u00f3mo usar activecell en vba en excel?","robots":{"index":"index","follow":"follow","max-snippet":"max-snippet:-1","max-image-preview":"max-image-preview:large","max-video-preview":"max-video-preview:-1"},"canonical":"https:\/\/exceladvisor.org\/es\/celda-activa-1\/","og_locale":"es_ES","og_type":"article","og_title":"\u00bfc\u00f3mo usar activecell en vba en excel?","og_description":"En VBA, celda activa es una propiedad que representa la celda que est\u00e1 activa en ese momento. Cuando selecciona una celda o navega a una celda y este cuadro verde cubre esa celda, puede usar la propiedad ACTIVECELL para hacer referencia a esa celda en c\u00f3digo VBA. Hay propiedades y m\u00e9todos que lo acompa\u00f1an. Usar [&hellip;]","og_url":"https:\/\/exceladvisor.org\/es\/celda-activa-1\/","og_site_name":"Excel Advisor","article_modified_time":"2023-12-25T10:27:44+00:00","og_image":[{"url":"https:\/\/exceladvisor.org\/wp-content\/uploads\/2023\/08\/1-utiliser-la-propriete-activecell.png","type":"","width":"","height":""}],"twitter_card":"summary_large_image","twitter_misc":{"Tiempo de lectura":"3 minutos"},"schema":{"@context":"https:\/\/schema.org","@graph":[{"@type":"WebPage","@id":"https:\/\/exceladvisor.org\/es\/celda-activa-1\/","url":"https:\/\/exceladvisor.org\/es\/celda-activa-1\/","name":"\u00bfc\u00f3mo usar activecell en vba en excel?","isPartOf":{"@id":"https:\/\/exceladvisor.org\/es\/#website"},"primaryImageOfPage":{"@id":"https:\/\/exceladvisor.org\/es\/celda-activa-1\/#primaryimage"},"image":{"@id":"https:\/\/exceladvisor.org\/es\/celda-activa-1\/#primaryimage"},"thumbnailUrl":"https:\/\/exceladvisor.org\/wp-content\/uploads\/2023\/08\/1-utiliser-la-propriete-activecell.png","datePublished":"2023-11-17T10:14:05+00:00","dateModified":"2023-12-25T10:27:44+00:00","breadcrumb":{"@id":"https:\/\/exceladvisor.org\/es\/celda-activa-1\/#breadcrumb"},"inLanguage":"es","potentialAction":[{"@type":"ReadAction","target":["https:\/\/exceladvisor.org\/es\/celda-activa-1\/"]}]},{"@type":"ImageObject","inLanguage":"es","@id":"https:\/\/exceladvisor.org\/es\/celda-activa-1\/#primaryimage","url":"https:\/\/exceladvisor.org\/wp-content\/uploads\/2023\/08\/1-utiliser-la-propriete-activecell.png","contentUrl":"https:\/\/exceladvisor.org\/wp-content\/uploads\/2023\/08\/1-utiliser-la-propriete-activecell.png"},{"@type":"BreadcrumbList","@id":"https:\/\/exceladvisor.org\/es\/celda-activa-1\/#breadcrumb","itemListElement":[{"@type":"ListItem","position":1,"name":"Hogar","item":"https:\/\/exceladvisor.org\/es\/"},{"@type":"ListItem","position":2,"name":"\u00bfc\u00f3mo usar activecell en vba en excel?"}]},{"@type":"WebSite","@id":"https:\/\/exceladvisor.org\/es\/#website","url":"https:\/\/exceladvisor.org\/es\/","name":"Excel Advisor","description":"Su gu\u00eda para la dominaci\u00f3n de datos!","publisher":{"@id":"https:\/\/exceladvisor.org\/es\/#organization"},"potentialAction":[{"@type":"SearchAction","target":{"@type":"EntryPoint","urlTemplate":"https:\/\/exceladvisor.org\/es\/?s={search_term_string}"},"query-input":{"@type":"PropertyValueSpecification","valueRequired":true,"valueName":"search_term_string"}}],"inLanguage":"es"},{"@type":"Organization","@id":"https:\/\/exceladvisor.org\/es\/#organization","name":"Excel Advisor","url":"https:\/\/exceladvisor.org\/es\/","logo":{"@type":"ImageObject","inLanguage":"es","@id":"https:\/\/exceladvisor.org\/es\/#\/schema\/logo\/image\/","url":"https:\/\/exceladvisor.org\/es\/wp-content\/uploads\/2023\/12\/exceladvisor.org_.png","contentUrl":"https:\/\/exceladvisor.org\/es\/wp-content\/uploads\/2023\/12\/exceladvisor.org_.png","width":105,"height":36,"caption":"Excel Advisor"},"image":{"@id":"https:\/\/exceladvisor.org\/es\/#\/schema\/logo\/image\/"}}]}},"yoast_meta":{"yoast_wpseo_title":"","yoast_wpseo_metadesc":"","yoast_wpseo_canonical":""},"_links":{"self":[{"href":"https:\/\/exceladvisor.org\/es\/wp-json\/wp\/v2\/pages\/73","targetHints":{"allow":["GET"]}}],"collection":[{"href":"https:\/\/exceladvisor.org\/es\/wp-json\/wp\/v2\/pages"}],"about":[{"href":"https:\/\/exceladvisor.org\/es\/wp-json\/wp\/v2\/types\/page"}],"author":[{"embeddable":true,"href":"https:\/\/exceladvisor.org\/es\/wp-json\/wp\/v2\/users\/1"}],"replies":[{"embeddable":true,"href":"https:\/\/exceladvisor.org\/es\/wp-json\/wp\/v2\/comments?post=73"}],"version-history":[{"count":1,"href":"https:\/\/exceladvisor.org\/es\/wp-json\/wp\/v2\/pages\/73\/revisions"}],"predecessor-version":[{"id":1224,"href":"https:\/\/exceladvisor.org\/es\/wp-json\/wp\/v2\/pages\/73\/revisions\/1224"}],"wp:attachment":[{"href":"https:\/\/exceladvisor.org\/es\/wp-json\/wp\/v2\/media?parent=73"}],"curies":[{"name":"wp","href":"https:\/\/api.w.org\/{rel}","templated":true}]}}