{"id":730,"date":"2023-09-25T02:50:51","date_gmt":"2023-09-25T02:50:51","guid":{"rendered":"https:\/\/exceladvisor.org\/es\/marca-de-verificacion-1\/"},"modified":"2023-12-25T10:25:45","modified_gmt":"2023-12-25T10:25:45","slug":"marca-de-verificacion-1","status":"publish","type":"page","link":"https:\/\/exceladvisor.org\/es\/marca-de-verificacion-1\/","title":{"rendered":"\u00bfc\u00f3mo ingresar una marca de verificaci\u00f3n usando el acceso directo de excel?"},"content":{"rendered":"<div class=\"excel-antes-del-contenido\" id=\"excel-3411010225\"><script type=\"text\/javascript\">\r\n\tatOptions = {\r\n\t\t'key' : 'c1158f160081d6540a8409e6925dab94',\r\n\t\t'format' : 'iframe',\r\n\t\t'height' : 250,\r\n\t\t'width' : 300,\r\n\t\t'params' : {}\r\n\t};\r\n<\/script>\r\n<script type=\"text\/javascript\" src=\"\/\/www.highperformanceformat.com\/c1158f160081d6540a8409e6925dab94\/invoke.js\"><\/script><\/div><p>Una marca de verificaci\u00f3n se usa com\u00fanmente en Excel para indicar si la tarea se complet\u00f3 o no. Los usuarios pueden insertar el s\u00edmbolo de marca de verificaci\u00f3n en Excel en lugar de escribir \u00abS\u00ed\u00bb para indicar las tareas realizadas o completadas en la lista proporcionada.<\/p>\n<p> Hay varias formas de insertar una marca de verificaci\u00f3n, pero la mejor manera de insertarla es utilizar el m\u00e9todo abreviado de teclado.<\/p>\n<h2 class=\"wp-block-heading\"> Tecla de acceso directo para marcar la casilla en Excel<\/h2>\n<p> <kbd>Alt<\/kbd> + <kbd>0<\/kbd> \u21e2 <kbd>2<\/kbd> \u21e2 <kbd>5<\/kbd> \u21e2 <kbd>2<\/kbd> <\/p>\n<div class=\"wp-block-image\">\n<figure class=\"aligncenter size-full is-resized\"><img loading=\"lazy\" decoding=\"async\" class=\"wp-image-69413\" src=\"https:\/\/exceladvisor.org\/wp-content\/uploads\/2023\/08\/1-coche-de-raccourci-clavier.png\" sizes=\"auto, \" srcset=\"\" alt=\"atajo de teclado-marca de verificaci\u00f3n\" width=\"739\" height=\"290\"><\/figure>\n<\/div>\n<p> <kbd>May\u00fas<\/kbd> + <kbd>P<\/kbd> <\/p>\n<div class=\"wp-block-image\">\n<figure class=\"aligncenter size-full is-resized\"><img loading=\"lazy\" decoding=\"async\" class=\"wp-image-69414\" src=\"https:\/\/exceladvisor.org\/wp-content\/uploads\/2023\/08\/2-coche-raccourci-clavier.png\" sizes=\"auto, \" srcset=\"\" alt=\"marca de verificaci\u00f3n-atajo de teclado\" width=\"746\" height=\"292\"><\/figure>\n<\/div>\n<h2 class=\"wp-block-heading\"> Pasos para ingresar una marca de verificaci\u00f3n usando un atajo de teclado<\/h2>\n<ol>\n<li> Primero, navegue hasta la celda donde desea insertar el s\u00edmbolo de marca de verificaci\u00f3n.<\/li>\n<li> Despu\u00e9s de eso, vaya a la pesta\u00f1a Inicio y en el grupo Fuente, cambie el estilo de fuente a la fuente Wingdings.<\/li>\n<li> Ahora mantenga presionada la tecla <kbd>Alt<\/kbd> y presione <kbd>0<\/kbd> \u21e2 <kbd>2<\/kbd> \u21e2 <kbd>5<\/kbd> \u21e2 <kbd>2,<\/kbd> luego suelte la <kbd>tecla Alt<\/kbd> .<\/li>\n<li> O vaya a la celda y simplemente presione <kbd>Shift<\/kbd> + <kbd>P<\/kbd> , luego vaya al grupo Fuente y seleccione el estilo de fuente Wingdings 2.<\/li>\n<li> En este punto, aparecer\u00e1 el s\u00edmbolo de marca de verificaci\u00f3n insertado en la celda. <\/li>\n<\/ol>\n<div class=\"wp-block-image\">\n<figure class=\"aligncenter size-full is-resized\"><img loading=\"lazy\" decoding=\"async\" class=\"wp-image-69415\" src=\"https:\/\/exceladvisor.org\/wp-content\/uploads\/2023\/08\/3-symbole-de-coche.png\" sizes=\"auto, \" srcset=\"\" alt=\"s\u00edmbolo de marca de verificaci\u00f3n\" width=\"461\" height=\"261\"><\/figure>\n<\/div>\n<h2 class=\"wp-block-heading\"> Comidas para llevar<\/h2>\n<ol>\n<li> Para <a href=\"https:\/\/exceladvisor.org\/es\/marca-de-verificacion-2\/\" data-wpil=\"url\">insertar una marca de verificaci\u00f3n<\/a> , el <a href=\"https:\/\/exceladvisor.org\/es\/fuente-predeterminada\/\">estilo de fuente<\/a> de la celda debe seleccionarse como Wingdings si va a utilizar <kbd>Alt<\/kbd> + <kbd>0<\/kbd> \u21e2 <kbd>2<\/kbd> \u21e2 <kbd>5<\/kbd> \u21e2 <kbd>2<\/kbd> .<\/li>\n<li> Si va a utilizar la opci\u00f3n de acceso directo <kbd>Shift<\/kbd> + <kbd>P<\/kbd> , la fuente debe ser Wingdings 2.<\/li>\n<li> Ya sea que use teclas manuales o teclas de acceso r\u00e1pido, las marcas de verificaci\u00f3n solo se pueden insertar en una celda a la vez.<\/li>\n<li> Tambi\u00e9n puede aplicar primero el acceso directo de la marca de verificaci\u00f3n y luego cambiar el estilo de fuente.<\/li>\n<li> Si desea insertar el s\u00edmbolo de marca de verificaci\u00f3n en otras celdas, simplemente copie y pegue y se pegar\u00e1.<\/li>\n<\/ol>\n<div class=\"gb-container gb-container-2116538e gb-container-mt\"> <a class=\"gb-button gb-button-f7d2c131 gb-button-text gb-button-mt-button\" href=\"https:\/\/exceladvisor.org\/es\/atajos-de-teclado\/\">Atajos de teclado para PDF de Excel<\/a><\/p>\n<h2 class=\"gb-headline gb-headline-7ed68554 gb-headline-text gb-headline-mt-heading\"> M\u00e1s atajos <\/h2>\n<div class=\"gb-grid-wrapper gb-grid-wrapper-edeef538 gb-grid-wrapper-mt-grid\">\n<div class=\"gb-grid-column gb-grid-column-6ab6fbc6\">\n<div class=\"gb-container gb-container-6ab6fbc6\">\n<ul>\n<li> <a href=\"https:\/\/exceladvisor.org\/es\/barra-1\/\">Vara<\/a><\/li>\n<li> <a href=\"https:\/\/exceladvisor.org\/es\/indice-2\/\">Pista<\/a><\/li>\n<li> <a href=\"https:\/\/exceladvisor.org\/es\/exponente\/\">Expositor<\/a><\/li>\n<li> <a href=\"https:\/\/exceladvisor.org\/es\/alinear-al-centro\/\">Alinear al centro<\/a> <\/li>\n<\/ul>\n<\/div>\n<\/div>\n<div class=\"gb-grid-column gb-grid-column-766d598b\">\n<div class=\"gb-container gb-container-766d598b\">\n<ul>\n<li> <a href=\"https:\/\/exceladvisor.org\/es\/formato-de-moneda\/\">Aplicar formato de moneda<\/a><\/li>\n<li> <a href=\"https:\/\/exceladvisor.org\/es\/formato-de-porcentaje\/\">Porcentaje de formato<\/a><\/li>\n<li> <a href=\"https:\/\/exceladvisor.org\/es\/formato-de-fecha\/\">Aplicar formato de fecha<\/a><\/li>\n<li> <a href=\"https:\/\/exceladvisor.org\/es\/formato-de-tiempo\/\">Aplicar formato de hora<\/a><\/li>\n<\/ul>\n<\/div>\n<\/div>\n<\/div>\n<\/div>\n","protected":false},"excerpt":{"rendered":"<p>Una marca de verificaci\u00f3n se usa com\u00fanmente en Excel para indicar si la tarea se complet\u00f3 o no. Los usuarios pueden insertar el s\u00edmbolo de marca de verificaci\u00f3n en Excel en lugar de escribir \u00abS\u00ed\u00bb para indicar las tareas realizadas o completadas en la lista proporcionada. Hay varias formas de insertar una marca de verificaci\u00f3n, [&hellip;]<\/p>\n","protected":false},"author":1,"featured_media":0,"parent":0,"menu_order":0,"comment_status":"open","ping_status":"closed","template":"","meta":{"ub_ctt_via":"","footnotes":""},"class_list":["post-730","page","type-page","status-publish","hentry"],"featured_image_src":null,"yoast_head":"<!-- This site is optimized with the Yoast SEO plugin v25.4 - https:\/\/yoast.com\/wordpress\/plugins\/seo\/ -->\n<title>\u00bfc\u00f3mo ingresar una marca de verificaci\u00f3n usando el acceso directo de excel?<\/title>\n<meta name=\"robots\" content=\"index, follow, max-snippet:-1, max-image-preview:large, max-video-preview:-1\" \/>\n<link rel=\"canonical\" href=\"https:\/\/exceladvisor.org\/es\/marca-de-verificacion-1\/\" \/>\n<meta property=\"og:locale\" content=\"es_ES\" \/>\n<meta property=\"og:type\" content=\"article\" \/>\n<meta property=\"og:title\" content=\"\u00bfc\u00f3mo ingresar una marca de verificaci\u00f3n usando el acceso directo de excel?\" \/>\n<meta property=\"og:description\" content=\"Una marca de verificaci\u00f3n se usa com\u00fanmente en Excel para indicar si la tarea se complet\u00f3 o no. Los usuarios pueden insertar el s\u00edmbolo de marca de verificaci\u00f3n en Excel en lugar de escribir \u00abS\u00ed\u00bb para indicar las tareas realizadas o completadas en la lista proporcionada. Hay varias formas de insertar una marca de verificaci\u00f3n, [&hellip;]\" \/>\n<meta property=\"og:url\" content=\"https:\/\/exceladvisor.org\/es\/marca-de-verificacion-1\/\" \/>\n<meta property=\"og:site_name\" content=\"Excel Advisor\" \/>\n<meta property=\"article:modified_time\" content=\"2023-12-25T10:25:45+00:00\" \/>\n<meta property=\"og:image\" content=\"https:\/\/exceladvisor.org\/wp-content\/uploads\/2023\/08\/1-coche-de-raccourci-clavier.png\" \/>\n<meta name=\"twitter:card\" content=\"summary_large_image\" \/>\n<meta name=\"twitter:label1\" content=\"Tiempo de lectura\" \/>\n\t<meta name=\"twitter:data1\" content=\"2 minutos\" \/>\n<script type=\"application\/ld+json\" class=\"yoast-schema-graph\">{\"@context\":\"https:\/\/schema.org\",\"@graph\":[{\"@type\":\"WebPage\",\"@id\":\"https:\/\/exceladvisor.org\/es\/marca-de-verificacion-1\/\",\"url\":\"https:\/\/exceladvisor.org\/es\/marca-de-verificacion-1\/\",\"name\":\"\u00bfc\u00f3mo ingresar una marca de verificaci\u00f3n usando el acceso directo de excel?\",\"isPartOf\":{\"@id\":\"https:\/\/exceladvisor.org\/es\/#website\"},\"primaryImageOfPage\":{\"@id\":\"https:\/\/exceladvisor.org\/es\/marca-de-verificacion-1\/#primaryimage\"},\"image\":{\"@id\":\"https:\/\/exceladvisor.org\/es\/marca-de-verificacion-1\/#primaryimage\"},\"thumbnailUrl\":\"https:\/\/exceladvisor.org\/wp-content\/uploads\/2023\/08\/1-coche-de-raccourci-clavier.png\",\"datePublished\":\"2023-09-25T02:50:51+00:00\",\"dateModified\":\"2023-12-25T10:25:45+00:00\",\"breadcrumb\":{\"@id\":\"https:\/\/exceladvisor.org\/es\/marca-de-verificacion-1\/#breadcrumb\"},\"inLanguage\":\"es\",\"potentialAction\":[{\"@type\":\"ReadAction\",\"target\":[\"https:\/\/exceladvisor.org\/es\/marca-de-verificacion-1\/\"]}]},{\"@type\":\"ImageObject\",\"inLanguage\":\"es\",\"@id\":\"https:\/\/exceladvisor.org\/es\/marca-de-verificacion-1\/#primaryimage\",\"url\":\"https:\/\/exceladvisor.org\/wp-content\/uploads\/2023\/08\/1-coche-de-raccourci-clavier.png\",\"contentUrl\":\"https:\/\/exceladvisor.org\/wp-content\/uploads\/2023\/08\/1-coche-de-raccourci-clavier.png\"},{\"@type\":\"BreadcrumbList\",\"@id\":\"https:\/\/exceladvisor.org\/es\/marca-de-verificacion-1\/#breadcrumb\",\"itemListElement\":[{\"@type\":\"ListItem\",\"position\":1,\"name\":\"Hogar\",\"item\":\"https:\/\/exceladvisor.org\/es\/\"},{\"@type\":\"ListItem\",\"position\":2,\"name\":\"\u00bfc\u00f3mo ingresar una marca de verificaci\u00f3n usando el acceso directo de excel?\"}]},{\"@type\":\"WebSite\",\"@id\":\"https:\/\/exceladvisor.org\/es\/#website\",\"url\":\"https:\/\/exceladvisor.org\/es\/\",\"name\":\"Excel Advisor\",\"description\":\"Su gu\u00eda para la dominaci\u00f3n de datos!\",\"publisher\":{\"@id\":\"https:\/\/exceladvisor.org\/es\/#organization\"},\"potentialAction\":[{\"@type\":\"SearchAction\",\"target\":{\"@type\":\"EntryPoint\",\"urlTemplate\":\"https:\/\/exceladvisor.org\/es\/?s={search_term_string}\"},\"query-input\":{\"@type\":\"PropertyValueSpecification\",\"valueRequired\":true,\"valueName\":\"search_term_string\"}}],\"inLanguage\":\"es\"},{\"@type\":\"Organization\",\"@id\":\"https:\/\/exceladvisor.org\/es\/#organization\",\"name\":\"Excel Advisor\",\"url\":\"https:\/\/exceladvisor.org\/es\/\",\"logo\":{\"@type\":\"ImageObject\",\"inLanguage\":\"es\",\"@id\":\"https:\/\/exceladvisor.org\/es\/#\/schema\/logo\/image\/\",\"url\":\"https:\/\/exceladvisor.org\/es\/wp-content\/uploads\/2023\/12\/exceladvisor.org_.png\",\"contentUrl\":\"https:\/\/exceladvisor.org\/es\/wp-content\/uploads\/2023\/12\/exceladvisor.org_.png\",\"width\":105,\"height\":36,\"caption\":\"Excel Advisor\"},\"image\":{\"@id\":\"https:\/\/exceladvisor.org\/es\/#\/schema\/logo\/image\/\"}}]}<\/script>\n<!-- \/ Yoast SEO plugin. -->","yoast_head_json":{"title":"\u00bfc\u00f3mo ingresar una marca de verificaci\u00f3n usando el acceso directo de excel?","robots":{"index":"index","follow":"follow","max-snippet":"max-snippet:-1","max-image-preview":"max-image-preview:large","max-video-preview":"max-video-preview:-1"},"canonical":"https:\/\/exceladvisor.org\/es\/marca-de-verificacion-1\/","og_locale":"es_ES","og_type":"article","og_title":"\u00bfc\u00f3mo ingresar una marca de verificaci\u00f3n usando el acceso directo de excel?","og_description":"Una marca de verificaci\u00f3n se usa com\u00fanmente en Excel para indicar si la tarea se complet\u00f3 o no. Los usuarios pueden insertar el s\u00edmbolo de marca de verificaci\u00f3n en Excel en lugar de escribir \u00abS\u00ed\u00bb para indicar las tareas realizadas o completadas en la lista proporcionada. Hay varias formas de insertar una marca de verificaci\u00f3n, [&hellip;]","og_url":"https:\/\/exceladvisor.org\/es\/marca-de-verificacion-1\/","og_site_name":"Excel Advisor","article_modified_time":"2023-12-25T10:25:45+00:00","og_image":[{"url":"https:\/\/exceladvisor.org\/wp-content\/uploads\/2023\/08\/1-coche-de-raccourci-clavier.png","type":"","width":"","height":""}],"twitter_card":"summary_large_image","twitter_misc":{"Tiempo de lectura":"2 minutos"},"schema":{"@context":"https:\/\/schema.org","@graph":[{"@type":"WebPage","@id":"https:\/\/exceladvisor.org\/es\/marca-de-verificacion-1\/","url":"https:\/\/exceladvisor.org\/es\/marca-de-verificacion-1\/","name":"\u00bfc\u00f3mo ingresar una marca de verificaci\u00f3n usando el acceso directo de excel?","isPartOf":{"@id":"https:\/\/exceladvisor.org\/es\/#website"},"primaryImageOfPage":{"@id":"https:\/\/exceladvisor.org\/es\/marca-de-verificacion-1\/#primaryimage"},"image":{"@id":"https:\/\/exceladvisor.org\/es\/marca-de-verificacion-1\/#primaryimage"},"thumbnailUrl":"https:\/\/exceladvisor.org\/wp-content\/uploads\/2023\/08\/1-coche-de-raccourci-clavier.png","datePublished":"2023-09-25T02:50:51+00:00","dateModified":"2023-12-25T10:25:45+00:00","breadcrumb":{"@id":"https:\/\/exceladvisor.org\/es\/marca-de-verificacion-1\/#breadcrumb"},"inLanguage":"es","potentialAction":[{"@type":"ReadAction","target":["https:\/\/exceladvisor.org\/es\/marca-de-verificacion-1\/"]}]},{"@type":"ImageObject","inLanguage":"es","@id":"https:\/\/exceladvisor.org\/es\/marca-de-verificacion-1\/#primaryimage","url":"https:\/\/exceladvisor.org\/wp-content\/uploads\/2023\/08\/1-coche-de-raccourci-clavier.png","contentUrl":"https:\/\/exceladvisor.org\/wp-content\/uploads\/2023\/08\/1-coche-de-raccourci-clavier.png"},{"@type":"BreadcrumbList","@id":"https:\/\/exceladvisor.org\/es\/marca-de-verificacion-1\/#breadcrumb","itemListElement":[{"@type":"ListItem","position":1,"name":"Hogar","item":"https:\/\/exceladvisor.org\/es\/"},{"@type":"ListItem","position":2,"name":"\u00bfc\u00f3mo ingresar una marca de verificaci\u00f3n usando el acceso directo de excel?"}]},{"@type":"WebSite","@id":"https:\/\/exceladvisor.org\/es\/#website","url":"https:\/\/exceladvisor.org\/es\/","name":"Excel Advisor","description":"Su gu\u00eda para la dominaci\u00f3n de datos!","publisher":{"@id":"https:\/\/exceladvisor.org\/es\/#organization"},"potentialAction":[{"@type":"SearchAction","target":{"@type":"EntryPoint","urlTemplate":"https:\/\/exceladvisor.org\/es\/?s={search_term_string}"},"query-input":{"@type":"PropertyValueSpecification","valueRequired":true,"valueName":"search_term_string"}}],"inLanguage":"es"},{"@type":"Organization","@id":"https:\/\/exceladvisor.org\/es\/#organization","name":"Excel Advisor","url":"https:\/\/exceladvisor.org\/es\/","logo":{"@type":"ImageObject","inLanguage":"es","@id":"https:\/\/exceladvisor.org\/es\/#\/schema\/logo\/image\/","url":"https:\/\/exceladvisor.org\/es\/wp-content\/uploads\/2023\/12\/exceladvisor.org_.png","contentUrl":"https:\/\/exceladvisor.org\/es\/wp-content\/uploads\/2023\/12\/exceladvisor.org_.png","width":105,"height":36,"caption":"Excel Advisor"},"image":{"@id":"https:\/\/exceladvisor.org\/es\/#\/schema\/logo\/image\/"}}]}},"yoast_meta":{"yoast_wpseo_title":"","yoast_wpseo_metadesc":"","yoast_wpseo_canonical":""},"_links":{"self":[{"href":"https:\/\/exceladvisor.org\/es\/wp-json\/wp\/v2\/pages\/730","targetHints":{"allow":["GET"]}}],"collection":[{"href":"https:\/\/exceladvisor.org\/es\/wp-json\/wp\/v2\/pages"}],"about":[{"href":"https:\/\/exceladvisor.org\/es\/wp-json\/wp\/v2\/types\/page"}],"author":[{"embeddable":true,"href":"https:\/\/exceladvisor.org\/es\/wp-json\/wp\/v2\/users\/1"}],"replies":[{"embeddable":true,"href":"https:\/\/exceladvisor.org\/es\/wp-json\/wp\/v2\/comments?post=730"}],"version-history":[{"count":1,"href":"https:\/\/exceladvisor.org\/es\/wp-json\/wp\/v2\/pages\/730\/revisions"}],"predecessor-version":[{"id":1099,"href":"https:\/\/exceladvisor.org\/es\/wp-json\/wp\/v2\/pages\/730\/revisions\/1099"}],"wp:attachment":[{"href":"https:\/\/exceladvisor.org\/es\/wp-json\/wp\/v2\/media?parent=730"}],"curies":[{"name":"wp","href":"https:\/\/api.w.org\/{rel}","templated":true}]}}