{"id":731,"date":"2023-09-25T02:20:43","date_gmt":"2023-09-25T02:20:43","guid":{"rendered":"https:\/\/exceladvisor.org\/es\/deshacer-rehacer\/"},"modified":"2023-12-25T10:24:47","modified_gmt":"2023-12-25T10:24:47","slug":"deshacer-rehacer","status":"publish","type":"page","link":"https:\/\/exceladvisor.org\/es\/deshacer-rehacer\/","title":{"rendered":"\u00bfc\u00f3mo deshacer y rehacer usando el acceso directo de excel?"},"content":{"rendered":"<div class=\"excel-antes-del-contenido\" id=\"excel-2560241251\"><script type=\"text\/javascript\">\r\n\tatOptions = {\r\n\t\t'key' : 'c1158f160081d6540a8409e6925dab94',\r\n\t\t'format' : 'iframe',\r\n\t\t'height' : 250,\r\n\t\t'width' : 300,\r\n\t\t'params' : {}\r\n\t};\r\n<\/script>\r\n<script type=\"text\/javascript\" src=\"\/\/www.highperformanceformat.com\/c1158f160081d6540a8409e6925dab94\/invoke.js\"><\/script><\/div><p>Deshacer se usa para deshacer las \u00faltimas acciones que el usuario realiza en Excel, Excel almacena de forma predeterminada las \u00faltimas 100 acciones, por lo que al usar la opci\u00f3n Deshacer, el usuario puede deshacer sus acciones hasta 100 veces y restaurar las cosas como estaban. Tambi\u00e9n se puede realizar una acci\u00f3n de cancelaci\u00f3n incluso si el archivo se ha guardado.<\/p>\n<p> Rehacer hace lo contrario de Deshacer. Supongamos que el usuario ha deshecho algunas de las \u00faltimas acciones, pero ahora quiere restaurar algunas de las acciones de deshacer para poder repetirlas usando la opci\u00f3n Rehacer que restaura las acciones de deshacer.<\/p>\n<h2 class=\"wp-block-heading\"> Atajo de teclado para deshacer \u2013 rehacer en Excel<\/h2>\n<p> Deshacer: <kbd>Ctrl<\/kbd> + <kbd>Z<\/kbd> <\/p>\n<div class=\"wp-block-image\">\n<figure class=\"aligncenter size-full is-resized\"><img loading=\"lazy\" decoding=\"async\" class=\"wp-image-67565\" src=\"https:\/\/exceladvisor.org\/wp-content\/uploads\/2023\/08\/1-touches-de-raccourci-dannulation.png\" sizes=\"auto, \" srcset=\"\" alt=\"Cancelar-teclas-de-atajo\" width=\"897\" height=\"351\"><\/figure>\n<\/div>\n<p> Rehacer: <kbd>Ctrl<\/kbd> + <kbd>Y<\/kbd> <\/p>\n<div class=\"wp-block-image\">\n<figure class=\"aligncenter size-full is-resized\"><img loading=\"lazy\" decoding=\"async\" class=\"wp-image-67566\" src=\"https:\/\/exceladvisor.org\/wp-content\/uploads\/2023\/08\/2-touches-de-raccourci-de-retablissement.png\" sizes=\"auto, \" srcset=\"\" alt=\"rehacer-teclas-de-atajo-\" width=\"899\" height=\"352\"><\/figure>\n<\/div>\n<h2 class=\"wp-block-heading\"> Pasos para usar Deshacer \u2013 Rehacer usando el m\u00e9todo abreviado de teclado<\/h2>\n<ol>\n<li> Simplemente presione el m\u00e9todo abreviado de teclado Ctrl+Z una vez si desea deshacer un \u00faltimo paso o presione repetidamente hasta alcanzar la cantidad de pasos que desea revertir.<\/li>\n<li> Para restaurar los pasos de deshacer, simplemente presione el m\u00e9todo abreviado de teclado Ctrl + Y varias veces hasta llegar al punto en el que desea que se restablezcan las acciones de deshacer. <\/li>\n<\/ol>\n<div class=\"wp-block-group more-tutorials is-layout-flow\">\n<div class=\"wp-block-group__inner-container\">\n<h2 class=\"wp-block-heading\"> M\u00e1s tutoriales <\/h2>\n<div class=\"wp-block-columns is-layout-flex wp-container-31\">\n<div class=\"wp-block-column is-layout-flow\">\n<ul>\n<li> <a href=\"https:\/\/exceladvisor.org\/es\/cerca\/\">Cerca<\/a><\/li>\n<li> <a href=\"https:\/\/exceladvisor.org\/es\/pantalla-completa\/\">Pantalla completa<\/a><\/li>\n<li> <a href=\"https:\/\/exceladvisor.org\/es\/banda\/\">Banda<\/a><\/li>\n<li> <a href=\"https:\/\/exceladvisor.org\/es\/vista-previa-de-impresion-1\/\">Vista previa antes de imprimir<\/a><\/li>\n<li> <a href=\"https:\/\/exceladvisor.org\/es\/guardar-como\/\">Guardar como<\/a><\/li>\n<\/ul>\n<\/div>\n<div class=\"wp-block-column is-layout-flow\"><\/div>\n<\/div>\n<p> \u21e0 Volver a <a href=\"https:\/\/exceladvisor.org\/es\/atajos-de-teclado\/\">los atajos de Excel (hoja de referencia en PDF)<\/a><\/p>\n<\/div>\n<\/div>\n","protected":false},"excerpt":{"rendered":"<p>Deshacer se usa para deshacer las \u00faltimas acciones que el usuario realiza en Excel, Excel almacena de forma predeterminada las \u00faltimas 100 acciones, por lo que al usar la opci\u00f3n Deshacer, el usuario puede deshacer sus acciones hasta 100 veces y restaurar las cosas como estaban. Tambi\u00e9n se puede realizar una acci\u00f3n de cancelaci\u00f3n incluso [&hellip;]<\/p>\n","protected":false},"author":1,"featured_media":0,"parent":0,"menu_order":0,"comment_status":"open","ping_status":"closed","template":"","meta":{"ub_ctt_via":"","footnotes":""},"class_list":["post-731","page","type-page","status-publish","hentry"],"featured_image_src":null,"yoast_head":"<!-- This site is optimized with the Yoast SEO plugin v25.4 - https:\/\/yoast.com\/wordpress\/plugins\/seo\/ -->\n<title>\u00bfc\u00f3mo deshacer y rehacer usando el acceso directo de excel?<\/title>\n<meta name=\"robots\" content=\"index, follow, max-snippet:-1, max-image-preview:large, max-video-preview:-1\" \/>\n<link rel=\"canonical\" href=\"https:\/\/exceladvisor.org\/es\/deshacer-rehacer\/\" \/>\n<meta property=\"og:locale\" content=\"es_ES\" \/>\n<meta property=\"og:type\" content=\"article\" \/>\n<meta property=\"og:title\" content=\"\u00bfc\u00f3mo deshacer y rehacer usando el acceso directo de excel?\" \/>\n<meta property=\"og:description\" content=\"Deshacer se usa para deshacer las \u00faltimas acciones que el usuario realiza en Excel, Excel almacena de forma predeterminada las \u00faltimas 100 acciones, por lo que al usar la opci\u00f3n Deshacer, el usuario puede deshacer sus acciones hasta 100 veces y restaurar las cosas como estaban. Tambi\u00e9n se puede realizar una acci\u00f3n de cancelaci\u00f3n incluso [&hellip;]\" \/>\n<meta property=\"og:url\" content=\"https:\/\/exceladvisor.org\/es\/deshacer-rehacer\/\" \/>\n<meta property=\"og:site_name\" content=\"Excel Advisor\" \/>\n<meta property=\"article:modified_time\" content=\"2023-12-25T10:24:47+00:00\" \/>\n<meta property=\"og:image\" content=\"https:\/\/exceladvisor.org\/wp-content\/uploads\/2023\/08\/1-touches-de-raccourci-dannulation.png\" \/>\n<meta name=\"twitter:card\" content=\"summary_large_image\" \/>\n<meta name=\"twitter:label1\" content=\"Tiempo de lectura\" \/>\n\t<meta name=\"twitter:data1\" content=\"1 minuto\" \/>\n<script type=\"application\/ld+json\" class=\"yoast-schema-graph\">{\"@context\":\"https:\/\/schema.org\",\"@graph\":[{\"@type\":\"WebPage\",\"@id\":\"https:\/\/exceladvisor.org\/es\/deshacer-rehacer\/\",\"url\":\"https:\/\/exceladvisor.org\/es\/deshacer-rehacer\/\",\"name\":\"\u00bfc\u00f3mo deshacer y rehacer usando el acceso directo de excel?\",\"isPartOf\":{\"@id\":\"https:\/\/exceladvisor.org\/es\/#website\"},\"primaryImageOfPage\":{\"@id\":\"https:\/\/exceladvisor.org\/es\/deshacer-rehacer\/#primaryimage\"},\"image\":{\"@id\":\"https:\/\/exceladvisor.org\/es\/deshacer-rehacer\/#primaryimage\"},\"thumbnailUrl\":\"https:\/\/exceladvisor.org\/wp-content\/uploads\/2023\/08\/1-touches-de-raccourci-dannulation.png\",\"datePublished\":\"2023-09-25T02:20:43+00:00\",\"dateModified\":\"2023-12-25T10:24:47+00:00\",\"breadcrumb\":{\"@id\":\"https:\/\/exceladvisor.org\/es\/deshacer-rehacer\/#breadcrumb\"},\"inLanguage\":\"es\",\"potentialAction\":[{\"@type\":\"ReadAction\",\"target\":[\"https:\/\/exceladvisor.org\/es\/deshacer-rehacer\/\"]}]},{\"@type\":\"ImageObject\",\"inLanguage\":\"es\",\"@id\":\"https:\/\/exceladvisor.org\/es\/deshacer-rehacer\/#primaryimage\",\"url\":\"https:\/\/exceladvisor.org\/wp-content\/uploads\/2023\/08\/1-touches-de-raccourci-dannulation.png\",\"contentUrl\":\"https:\/\/exceladvisor.org\/wp-content\/uploads\/2023\/08\/1-touches-de-raccourci-dannulation.png\"},{\"@type\":\"BreadcrumbList\",\"@id\":\"https:\/\/exceladvisor.org\/es\/deshacer-rehacer\/#breadcrumb\",\"itemListElement\":[{\"@type\":\"ListItem\",\"position\":1,\"name\":\"Hogar\",\"item\":\"https:\/\/exceladvisor.org\/es\/\"},{\"@type\":\"ListItem\",\"position\":2,\"name\":\"\u00bfc\u00f3mo deshacer y rehacer usando el acceso directo de excel?\"}]},{\"@type\":\"WebSite\",\"@id\":\"https:\/\/exceladvisor.org\/es\/#website\",\"url\":\"https:\/\/exceladvisor.org\/es\/\",\"name\":\"Excel Advisor\",\"description\":\"Su gu\u00eda para la dominaci\u00f3n de datos!\",\"publisher\":{\"@id\":\"https:\/\/exceladvisor.org\/es\/#organization\"},\"potentialAction\":[{\"@type\":\"SearchAction\",\"target\":{\"@type\":\"EntryPoint\",\"urlTemplate\":\"https:\/\/exceladvisor.org\/es\/?s={search_term_string}\"},\"query-input\":{\"@type\":\"PropertyValueSpecification\",\"valueRequired\":true,\"valueName\":\"search_term_string\"}}],\"inLanguage\":\"es\"},{\"@type\":\"Organization\",\"@id\":\"https:\/\/exceladvisor.org\/es\/#organization\",\"name\":\"Excel Advisor\",\"url\":\"https:\/\/exceladvisor.org\/es\/\",\"logo\":{\"@type\":\"ImageObject\",\"inLanguage\":\"es\",\"@id\":\"https:\/\/exceladvisor.org\/es\/#\/schema\/logo\/image\/\",\"url\":\"https:\/\/exceladvisor.org\/es\/wp-content\/uploads\/2023\/12\/exceladvisor.org_.png\",\"contentUrl\":\"https:\/\/exceladvisor.org\/es\/wp-content\/uploads\/2023\/12\/exceladvisor.org_.png\",\"width\":105,\"height\":36,\"caption\":\"Excel Advisor\"},\"image\":{\"@id\":\"https:\/\/exceladvisor.org\/es\/#\/schema\/logo\/image\/\"}}]}<\/script>\n<!-- \/ Yoast SEO plugin. -->","yoast_head_json":{"title":"\u00bfc\u00f3mo deshacer y rehacer usando el acceso directo de excel?","robots":{"index":"index","follow":"follow","max-snippet":"max-snippet:-1","max-image-preview":"max-image-preview:large","max-video-preview":"max-video-preview:-1"},"canonical":"https:\/\/exceladvisor.org\/es\/deshacer-rehacer\/","og_locale":"es_ES","og_type":"article","og_title":"\u00bfc\u00f3mo deshacer y rehacer usando el acceso directo de excel?","og_description":"Deshacer se usa para deshacer las \u00faltimas acciones que el usuario realiza en Excel, Excel almacena de forma predeterminada las \u00faltimas 100 acciones, por lo que al usar la opci\u00f3n Deshacer, el usuario puede deshacer sus acciones hasta 100 veces y restaurar las cosas como estaban. Tambi\u00e9n se puede realizar una acci\u00f3n de cancelaci\u00f3n incluso [&hellip;]","og_url":"https:\/\/exceladvisor.org\/es\/deshacer-rehacer\/","og_site_name":"Excel Advisor","article_modified_time":"2023-12-25T10:24:47+00:00","og_image":[{"url":"https:\/\/exceladvisor.org\/wp-content\/uploads\/2023\/08\/1-touches-de-raccourci-dannulation.png","type":"","width":"","height":""}],"twitter_card":"summary_large_image","twitter_misc":{"Tiempo de lectura":"1 minuto"},"schema":{"@context":"https:\/\/schema.org","@graph":[{"@type":"WebPage","@id":"https:\/\/exceladvisor.org\/es\/deshacer-rehacer\/","url":"https:\/\/exceladvisor.org\/es\/deshacer-rehacer\/","name":"\u00bfc\u00f3mo deshacer y rehacer usando el acceso directo de excel?","isPartOf":{"@id":"https:\/\/exceladvisor.org\/es\/#website"},"primaryImageOfPage":{"@id":"https:\/\/exceladvisor.org\/es\/deshacer-rehacer\/#primaryimage"},"image":{"@id":"https:\/\/exceladvisor.org\/es\/deshacer-rehacer\/#primaryimage"},"thumbnailUrl":"https:\/\/exceladvisor.org\/wp-content\/uploads\/2023\/08\/1-touches-de-raccourci-dannulation.png","datePublished":"2023-09-25T02:20:43+00:00","dateModified":"2023-12-25T10:24:47+00:00","breadcrumb":{"@id":"https:\/\/exceladvisor.org\/es\/deshacer-rehacer\/#breadcrumb"},"inLanguage":"es","potentialAction":[{"@type":"ReadAction","target":["https:\/\/exceladvisor.org\/es\/deshacer-rehacer\/"]}]},{"@type":"ImageObject","inLanguage":"es","@id":"https:\/\/exceladvisor.org\/es\/deshacer-rehacer\/#primaryimage","url":"https:\/\/exceladvisor.org\/wp-content\/uploads\/2023\/08\/1-touches-de-raccourci-dannulation.png","contentUrl":"https:\/\/exceladvisor.org\/wp-content\/uploads\/2023\/08\/1-touches-de-raccourci-dannulation.png"},{"@type":"BreadcrumbList","@id":"https:\/\/exceladvisor.org\/es\/deshacer-rehacer\/#breadcrumb","itemListElement":[{"@type":"ListItem","position":1,"name":"Hogar","item":"https:\/\/exceladvisor.org\/es\/"},{"@type":"ListItem","position":2,"name":"\u00bfc\u00f3mo deshacer y rehacer usando el acceso directo de excel?"}]},{"@type":"WebSite","@id":"https:\/\/exceladvisor.org\/es\/#website","url":"https:\/\/exceladvisor.org\/es\/","name":"Excel Advisor","description":"Su gu\u00eda para la dominaci\u00f3n de datos!","publisher":{"@id":"https:\/\/exceladvisor.org\/es\/#organization"},"potentialAction":[{"@type":"SearchAction","target":{"@type":"EntryPoint","urlTemplate":"https:\/\/exceladvisor.org\/es\/?s={search_term_string}"},"query-input":{"@type":"PropertyValueSpecification","valueRequired":true,"valueName":"search_term_string"}}],"inLanguage":"es"},{"@type":"Organization","@id":"https:\/\/exceladvisor.org\/es\/#organization","name":"Excel Advisor","url":"https:\/\/exceladvisor.org\/es\/","logo":{"@type":"ImageObject","inLanguage":"es","@id":"https:\/\/exceladvisor.org\/es\/#\/schema\/logo\/image\/","url":"https:\/\/exceladvisor.org\/es\/wp-content\/uploads\/2023\/12\/exceladvisor.org_.png","contentUrl":"https:\/\/exceladvisor.org\/es\/wp-content\/uploads\/2023\/12\/exceladvisor.org_.png","width":105,"height":36,"caption":"Excel Advisor"},"image":{"@id":"https:\/\/exceladvisor.org\/es\/#\/schema\/logo\/image\/"}}]}},"yoast_meta":{"yoast_wpseo_title":"","yoast_wpseo_metadesc":"","yoast_wpseo_canonical":""},"_links":{"self":[{"href":"https:\/\/exceladvisor.org\/es\/wp-json\/wp\/v2\/pages\/731","targetHints":{"allow":["GET"]}}],"collection":[{"href":"https:\/\/exceladvisor.org\/es\/wp-json\/wp\/v2\/pages"}],"about":[{"href":"https:\/\/exceladvisor.org\/es\/wp-json\/wp\/v2\/types\/page"}],"author":[{"embeddable":true,"href":"https:\/\/exceladvisor.org\/es\/wp-json\/wp\/v2\/users\/1"}],"replies":[{"embeddable":true,"href":"https:\/\/exceladvisor.org\/es\/wp-json\/wp\/v2\/comments?post=731"}],"version-history":[{"count":1,"href":"https:\/\/exceladvisor.org\/es\/wp-json\/wp\/v2\/pages\/731\/revisions"}],"predecessor-version":[{"id":956,"href":"https:\/\/exceladvisor.org\/es\/wp-json\/wp\/v2\/pages\/731\/revisions\/956"}],"wp:attachment":[{"href":"https:\/\/exceladvisor.org\/es\/wp-json\/wp\/v2\/media?parent=731"}],"curies":[{"name":"wp","href":"https:\/\/api.w.org\/{rel}","templated":true}]}}