{"id":732,"date":"2023-09-25T01:25:55","date_gmt":"2023-09-25T01:25:55","guid":{"rendered":"https:\/\/exceladvisor.org\/es\/agregar-una-sangria\/"},"modified":"2023-12-25T10:23:15","modified_gmt":"2023-12-25T10:23:15","slug":"agregar-una-sangria","status":"publish","type":"page","link":"https:\/\/exceladvisor.org\/es\/agregar-una-sangria\/","title":{"rendered":"\u00bfc\u00f3mo agregar una sangr\u00eda en excel?"},"content":{"rendered":"<div class=\"excel-antes-del-contenido\" id=\"excel-233033407\"><script type=\"text\/javascript\">\r\n\tatOptions = {\r\n\t\t'key' : 'c1158f160081d6540a8409e6925dab94',\r\n\t\t'format' : 'iframe',\r\n\t\t'height' : 250,\r\n\t\t'width' : 300,\r\n\t\t'params' : {}\r\n\t};\r\n<\/script>\r\n<script type=\"text\/javascript\" src=\"\/\/www.highperformanceformat.com\/c1158f160081d6540a8409e6925dab94\/invoke.js\"><\/script><\/div><p>En Excel, la sangr\u00eda se utiliza para cambiar (aumentar o disminuir) la alineaci\u00f3n del texto hacia la izquierda o hacia la derecha en la celda. Excel alinea el texto a la izquierda y los n\u00fameros a la derecha en las celdas de forma predeterminada.<\/p>\n<p> Pero, al usar sangr\u00eda creciente, puede mover la alineaci\u00f3n hacia la derecha y al disminuir la sangr\u00eda, puede mover la alineaci\u00f3n hacia la izquierda en las celdas.<\/p>\n<h2 id=\"0-keyboard-shortcut-to-add-indent-in-the-excel\" class=\"wp-block-heading\"> Teclas de acceso directo para agregar sangr\u00eda en Excel<\/h2>\n<p> Los atajos de teclado para aumentar o disminuir la sangr\u00eda se mencionan a continuaci\u00f3n:<\/p>\n<p> <kbd>Alt<\/kbd> \u2192 <kbd>H<\/kbd> \u2192 <kbd>6<\/kbd> (Aumentar sangr\u00eda) <\/p>\n<div class=\"wp-block-image\">\n<figure class=\"aligncenter size-full is-resized\"><img loading=\"lazy\" decoding=\"async\" class=\"wp-image-70398\" src=\"https:\/\/exceladvisor.org\/wp-content\/uploads\/2023\/08\/1-raccourci-pour-augmenter-le-retrait.png\" sizes=\"auto, \" srcset=\"\" alt=\"atajo para aumentar la sangr\u00eda\" width=\"767\" height=\"301\"><\/figure>\n<\/div>\n<p> <kbd>Alt<\/kbd> \u2192 <kbd>H<\/kbd> \u2192 <kbd>5<\/kbd> (disminuir sangr\u00eda) <\/p>\n<div class=\"wp-block-image\">\n<figure class=\"aligncenter size-full is-resized\"><img loading=\"lazy\" decoding=\"async\" class=\"wp-image-70399\" src=\"https:\/\/exceladvisor.org\/wp-content\/uploads\/2023\/08\/2-raccourci-pour-diminuer-le-retrait.png\" sizes=\"auto, \" srcset=\"\" alt=\"atajo para disminuir la contracci\u00f3n\" width=\"771\" height=\"302\"><\/figure>\n<\/div>\n<h2 id=\"1-steps-to-add-indent-using-keyboard-shortcut\" class=\"wp-block-heading\"> Pasos para agregar una sangr\u00eda usando un atajo de teclado<\/h2>\n<ol>\n<li> Primero, seleccione la celda o rango de celdas donde desea agregar la sangr\u00eda. <br \/><img decoding=\"async\" title=\"3 celdas de selecci\u00f3n\" src=\"https:\/\/exceladvisor.org\/wp-content\/uploads\/2023\/08\/3-selectionner-les-cellules.png\" sizes=\"\" srcset=\"\" alt=\"select-the-cells\"><\/li>\n<li> Despu\u00e9s de eso, presione las teclas \u201cAlt \u2192 H \u2192 6\u201d sucesivamente para mover el texto hacia la derecha en las celdas.<\/li>\n<li> O presione las teclas \u201cAlt \u2192 H \u2192 5\u201d para mover la alineaci\u00f3n hacia la izquierda en las celdas.<\/li>\n<li> Presione las teclas de acceso r\u00e1pido de sangr\u00eda varias veces para mover la alineaci\u00f3n a un cierto nivel requerido. <br \/><img decoding=\"async\" title=\"4-agregado-eliminado-a-celda\" src=\"https:\/\/exceladvisor.org\/wp-content\/uploads\/2023\/08\/4-retrait-ajoute-a-la-cellule.png\" sizes=\"\" srcset=\"\" alt=\"added-indent-to-cell\"><\/li>\n<\/ol>\n<div class=\"gb-container gb-container-2116538e gb-container-mt\">\n<h2 class=\"gb-headline gb-headline-7ed68554 gb-headline-text gb-headline-mt-heading\"> M\u00e1s atajos <\/h2>\n<div class=\"gb-grid-wrapper gb-grid-wrapper-edeef538 gb-grid-wrapper-mt-grid\">\n<div class=\"gb-grid-column gb-grid-column-6ab6fbc6\">\n<div class=\"gb-container gb-container-6ab6fbc6\">\n<ul>\n<li> <a href=\"https:\/\/exceladvisor.org\/es\/opciones-de-celda-de-formato-abierto\/\">Opci\u00f3n para abrir celdas de formato.<\/a><\/li>\n<li> <a href=\"https:\/\/exceladvisor.org\/es\/ajuste-automatico\/\">Ajuste autom\u00e1tico<\/a><\/li>\n<li> <a href=\"https:\/\/exceladvisor.org\/es\/formato-pintor-1\/\">Formato pintor<\/a><\/li>\n<li> <a href=\"https:\/\/exceladvisor.org\/es\/ajustar-texto\/\">Ajustar texto<\/a><\/li>\n<li> <a href=\"https:\/\/exceladvisor.org\/es\/anadir-comentarios\/\">A\u00f1adir comentarios<\/a> <\/li>\n<\/ul>\n<\/div>\n<\/div>\n<div class=\"gb-grid-column gb-grid-column-766d598b\">\n<div class=\"gb-container gb-container-766d598b\"><\/div>\n<\/div>\n<\/div>\n<\/div>\n","protected":false},"excerpt":{"rendered":"<p>En Excel, la sangr\u00eda se utiliza para cambiar (aumentar o disminuir) la alineaci\u00f3n del texto hacia la izquierda o hacia la derecha en la celda. Excel alinea el texto a la izquierda y los n\u00fameros a la derecha en las celdas de forma predeterminada. Pero, al usar sangr\u00eda creciente, puede mover la alineaci\u00f3n hacia la [&hellip;]<\/p>\n","protected":false},"author":1,"featured_media":0,"parent":0,"menu_order":0,"comment_status":"open","ping_status":"closed","template":"","meta":{"ub_ctt_via":"","footnotes":""},"class_list":["post-732","page","type-page","status-publish","hentry"],"featured_image_src":null,"yoast_head":"<!-- This site is optimized with the Yoast SEO plugin v25.4 - https:\/\/yoast.com\/wordpress\/plugins\/seo\/ -->\n<title>\u00bfc\u00f3mo agregar una sangr\u00eda en excel?<\/title>\n<meta name=\"robots\" content=\"index, follow, max-snippet:-1, max-image-preview:large, max-video-preview:-1\" \/>\n<link rel=\"canonical\" href=\"https:\/\/exceladvisor.org\/es\/agregar-una-sangria\/\" \/>\n<meta property=\"og:locale\" content=\"es_ES\" \/>\n<meta property=\"og:type\" content=\"article\" \/>\n<meta property=\"og:title\" content=\"\u00bfc\u00f3mo agregar una sangr\u00eda en excel?\" \/>\n<meta property=\"og:description\" content=\"En Excel, la sangr\u00eda se utiliza para cambiar (aumentar o disminuir) la alineaci\u00f3n del texto hacia la izquierda o hacia la derecha en la celda. Excel alinea el texto a la izquierda y los n\u00fameros a la derecha en las celdas de forma predeterminada. Pero, al usar sangr\u00eda creciente, puede mover la alineaci\u00f3n hacia la [&hellip;]\" \/>\n<meta property=\"og:url\" content=\"https:\/\/exceladvisor.org\/es\/agregar-una-sangria\/\" \/>\n<meta property=\"og:site_name\" content=\"Excel Advisor\" \/>\n<meta property=\"article:modified_time\" content=\"2023-12-25T10:23:15+00:00\" \/>\n<meta property=\"og:image\" content=\"https:\/\/exceladvisor.org\/wp-content\/uploads\/2023\/08\/1-raccourci-pour-augmenter-le-retrait.png\" \/>\n<meta name=\"twitter:card\" content=\"summary_large_image\" \/>\n<meta name=\"twitter:label1\" content=\"Tiempo de lectura\" \/>\n\t<meta name=\"twitter:data1\" content=\"1 minuto\" \/>\n<script type=\"application\/ld+json\" class=\"yoast-schema-graph\">{\"@context\":\"https:\/\/schema.org\",\"@graph\":[{\"@type\":\"WebPage\",\"@id\":\"https:\/\/exceladvisor.org\/es\/agregar-una-sangria\/\",\"url\":\"https:\/\/exceladvisor.org\/es\/agregar-una-sangria\/\",\"name\":\"\u00bfc\u00f3mo agregar una sangr\u00eda en excel?\",\"isPartOf\":{\"@id\":\"https:\/\/exceladvisor.org\/es\/#website\"},\"primaryImageOfPage\":{\"@id\":\"https:\/\/exceladvisor.org\/es\/agregar-una-sangria\/#primaryimage\"},\"image\":{\"@id\":\"https:\/\/exceladvisor.org\/es\/agregar-una-sangria\/#primaryimage\"},\"thumbnailUrl\":\"https:\/\/exceladvisor.org\/wp-content\/uploads\/2023\/08\/1-raccourci-pour-augmenter-le-retrait.png\",\"datePublished\":\"2023-09-25T01:25:55+00:00\",\"dateModified\":\"2023-12-25T10:23:15+00:00\",\"breadcrumb\":{\"@id\":\"https:\/\/exceladvisor.org\/es\/agregar-una-sangria\/#breadcrumb\"},\"inLanguage\":\"es\",\"potentialAction\":[{\"@type\":\"ReadAction\",\"target\":[\"https:\/\/exceladvisor.org\/es\/agregar-una-sangria\/\"]}]},{\"@type\":\"ImageObject\",\"inLanguage\":\"es\",\"@id\":\"https:\/\/exceladvisor.org\/es\/agregar-una-sangria\/#primaryimage\",\"url\":\"https:\/\/exceladvisor.org\/wp-content\/uploads\/2023\/08\/1-raccourci-pour-augmenter-le-retrait.png\",\"contentUrl\":\"https:\/\/exceladvisor.org\/wp-content\/uploads\/2023\/08\/1-raccourci-pour-augmenter-le-retrait.png\"},{\"@type\":\"BreadcrumbList\",\"@id\":\"https:\/\/exceladvisor.org\/es\/agregar-una-sangria\/#breadcrumb\",\"itemListElement\":[{\"@type\":\"ListItem\",\"position\":1,\"name\":\"Hogar\",\"item\":\"https:\/\/exceladvisor.org\/es\/\"},{\"@type\":\"ListItem\",\"position\":2,\"name\":\"\u00bfc\u00f3mo agregar una sangr\u00eda en excel?\"}]},{\"@type\":\"WebSite\",\"@id\":\"https:\/\/exceladvisor.org\/es\/#website\",\"url\":\"https:\/\/exceladvisor.org\/es\/\",\"name\":\"Excel Advisor\",\"description\":\"Su gu\u00eda para la dominaci\u00f3n de datos!\",\"publisher\":{\"@id\":\"https:\/\/exceladvisor.org\/es\/#organization\"},\"potentialAction\":[{\"@type\":\"SearchAction\",\"target\":{\"@type\":\"EntryPoint\",\"urlTemplate\":\"https:\/\/exceladvisor.org\/es\/?s={search_term_string}\"},\"query-input\":{\"@type\":\"PropertyValueSpecification\",\"valueRequired\":true,\"valueName\":\"search_term_string\"}}],\"inLanguage\":\"es\"},{\"@type\":\"Organization\",\"@id\":\"https:\/\/exceladvisor.org\/es\/#organization\",\"name\":\"Excel Advisor\",\"url\":\"https:\/\/exceladvisor.org\/es\/\",\"logo\":{\"@type\":\"ImageObject\",\"inLanguage\":\"es\",\"@id\":\"https:\/\/exceladvisor.org\/es\/#\/schema\/logo\/image\/\",\"url\":\"https:\/\/exceladvisor.org\/es\/wp-content\/uploads\/2023\/12\/exceladvisor.org_.png\",\"contentUrl\":\"https:\/\/exceladvisor.org\/es\/wp-content\/uploads\/2023\/12\/exceladvisor.org_.png\",\"width\":105,\"height\":36,\"caption\":\"Excel Advisor\"},\"image\":{\"@id\":\"https:\/\/exceladvisor.org\/es\/#\/schema\/logo\/image\/\"}}]}<\/script>\n<!-- \/ Yoast SEO plugin. -->","yoast_head_json":{"title":"\u00bfc\u00f3mo agregar una sangr\u00eda en excel?","robots":{"index":"index","follow":"follow","max-snippet":"max-snippet:-1","max-image-preview":"max-image-preview:large","max-video-preview":"max-video-preview:-1"},"canonical":"https:\/\/exceladvisor.org\/es\/agregar-una-sangria\/","og_locale":"es_ES","og_type":"article","og_title":"\u00bfc\u00f3mo agregar una sangr\u00eda en excel?","og_description":"En Excel, la sangr\u00eda se utiliza para cambiar (aumentar o disminuir) la alineaci\u00f3n del texto hacia la izquierda o hacia la derecha en la celda. Excel alinea el texto a la izquierda y los n\u00fameros a la derecha en las celdas de forma predeterminada. Pero, al usar sangr\u00eda creciente, puede mover la alineaci\u00f3n hacia la [&hellip;]","og_url":"https:\/\/exceladvisor.org\/es\/agregar-una-sangria\/","og_site_name":"Excel Advisor","article_modified_time":"2023-12-25T10:23:15+00:00","og_image":[{"url":"https:\/\/exceladvisor.org\/wp-content\/uploads\/2023\/08\/1-raccourci-pour-augmenter-le-retrait.png","type":"","width":"","height":""}],"twitter_card":"summary_large_image","twitter_misc":{"Tiempo de lectura":"1 minuto"},"schema":{"@context":"https:\/\/schema.org","@graph":[{"@type":"WebPage","@id":"https:\/\/exceladvisor.org\/es\/agregar-una-sangria\/","url":"https:\/\/exceladvisor.org\/es\/agregar-una-sangria\/","name":"\u00bfc\u00f3mo agregar una sangr\u00eda en excel?","isPartOf":{"@id":"https:\/\/exceladvisor.org\/es\/#website"},"primaryImageOfPage":{"@id":"https:\/\/exceladvisor.org\/es\/agregar-una-sangria\/#primaryimage"},"image":{"@id":"https:\/\/exceladvisor.org\/es\/agregar-una-sangria\/#primaryimage"},"thumbnailUrl":"https:\/\/exceladvisor.org\/wp-content\/uploads\/2023\/08\/1-raccourci-pour-augmenter-le-retrait.png","datePublished":"2023-09-25T01:25:55+00:00","dateModified":"2023-12-25T10:23:15+00:00","breadcrumb":{"@id":"https:\/\/exceladvisor.org\/es\/agregar-una-sangria\/#breadcrumb"},"inLanguage":"es","potentialAction":[{"@type":"ReadAction","target":["https:\/\/exceladvisor.org\/es\/agregar-una-sangria\/"]}]},{"@type":"ImageObject","inLanguage":"es","@id":"https:\/\/exceladvisor.org\/es\/agregar-una-sangria\/#primaryimage","url":"https:\/\/exceladvisor.org\/wp-content\/uploads\/2023\/08\/1-raccourci-pour-augmenter-le-retrait.png","contentUrl":"https:\/\/exceladvisor.org\/wp-content\/uploads\/2023\/08\/1-raccourci-pour-augmenter-le-retrait.png"},{"@type":"BreadcrumbList","@id":"https:\/\/exceladvisor.org\/es\/agregar-una-sangria\/#breadcrumb","itemListElement":[{"@type":"ListItem","position":1,"name":"Hogar","item":"https:\/\/exceladvisor.org\/es\/"},{"@type":"ListItem","position":2,"name":"\u00bfc\u00f3mo agregar una sangr\u00eda en excel?"}]},{"@type":"WebSite","@id":"https:\/\/exceladvisor.org\/es\/#website","url":"https:\/\/exceladvisor.org\/es\/","name":"Excel Advisor","description":"Su gu\u00eda para la dominaci\u00f3n de datos!","publisher":{"@id":"https:\/\/exceladvisor.org\/es\/#organization"},"potentialAction":[{"@type":"SearchAction","target":{"@type":"EntryPoint","urlTemplate":"https:\/\/exceladvisor.org\/es\/?s={search_term_string}"},"query-input":{"@type":"PropertyValueSpecification","valueRequired":true,"valueName":"search_term_string"}}],"inLanguage":"es"},{"@type":"Organization","@id":"https:\/\/exceladvisor.org\/es\/#organization","name":"Excel Advisor","url":"https:\/\/exceladvisor.org\/es\/","logo":{"@type":"ImageObject","inLanguage":"es","@id":"https:\/\/exceladvisor.org\/es\/#\/schema\/logo\/image\/","url":"https:\/\/exceladvisor.org\/es\/wp-content\/uploads\/2023\/12\/exceladvisor.org_.png","contentUrl":"https:\/\/exceladvisor.org\/es\/wp-content\/uploads\/2023\/12\/exceladvisor.org_.png","width":105,"height":36,"caption":"Excel Advisor"},"image":{"@id":"https:\/\/exceladvisor.org\/es\/#\/schema\/logo\/image\/"}}]}},"yoast_meta":{"yoast_wpseo_title":"","yoast_wpseo_metadesc":"","yoast_wpseo_canonical":""},"_links":{"self":[{"href":"https:\/\/exceladvisor.org\/es\/wp-json\/wp\/v2\/pages\/732","targetHints":{"allow":["GET"]}}],"collection":[{"href":"https:\/\/exceladvisor.org\/es\/wp-json\/wp\/v2\/pages"}],"about":[{"href":"https:\/\/exceladvisor.org\/es\/wp-json\/wp\/v2\/types\/page"}],"author":[{"embeddable":true,"href":"https:\/\/exceladvisor.org\/es\/wp-json\/wp\/v2\/users\/1"}],"replies":[{"embeddable":true,"href":"https:\/\/exceladvisor.org\/es\/wp-json\/wp\/v2\/comments?post=732"}],"version-history":[{"count":1,"href":"https:\/\/exceladvisor.org\/es\/wp-json\/wp\/v2\/pages\/732\/revisions"}],"predecessor-version":[{"id":828,"href":"https:\/\/exceladvisor.org\/es\/wp-json\/wp\/v2\/pages\/732\/revisions\/828"}],"wp:attachment":[{"href":"https:\/\/exceladvisor.org\/es\/wp-json\/wp\/v2\/media?parent=732"}],"curies":[{"name":"wp","href":"https:\/\/api.w.org\/{rel}","templated":true}]}}