{"id":734,"date":"2023-09-15T01:31:19","date_gmt":"2023-09-15T01:31:19","guid":{"rendered":"https:\/\/exceladvisor.org\/es\/alineacion\/"},"modified":"2023-12-25T10:24:06","modified_gmt":"2023-12-25T10:24:06","slug":"alineacion","status":"publish","type":"page","link":"https:\/\/exceladvisor.org\/es\/alineacion\/","title":{"rendered":"\u00bfc\u00f3mo cambiar la alineaci\u00f3n del texto en excel?"},"content":{"rendered":"<div class=\"excel-antes-del-contenido\" id=\"excel-3159070408\"><script type=\"text\/javascript\">\r\n\tatOptions = {\r\n\t\t'key' : 'c1158f160081d6540a8409e6925dab94',\r\n\t\t'format' : 'iframe',\r\n\t\t'height' : 250,\r\n\t\t'width' : 300,\r\n\t\t'params' : {}\r\n\t};\r\n<\/script>\r\n<script type=\"text\/javascript\" src=\"\/\/www.highperformanceformat.com\/c1158f160081d6540a8409e6925dab94\/invoke.js\"><\/script><\/div><p>En Excel, la alineaci\u00f3n le ayuda a alinear el texto y los valores en las celdas de la hoja de c\u00e1lculo. De forma predeterminada, el n\u00famero se alinea en la parte inferior derecha y el texto se alinea en la parte inferior izquierda de la celda. En este tutorial, aprenderemos c\u00f3mo ajustar la alineaci\u00f3n del texto de dos maneras: horizontal y verticalmente.<\/p>\n<h2 class=\"wp-block-heading\"> Cambiar la alineaci\u00f3n usando la cinta<\/h2>\n<p> Para cambiar la alineaci\u00f3n del texto en Excel desde la cinta.<\/p>\n<ul>\n<li> Primero, seleccione el rango de celdas que desea realinear.<\/li>\n<li> A continuaci\u00f3n, vaya a la pesta\u00f1a Inicio y seleccione el grupo Alineaci\u00f3n. <\/li>\n<\/ul>\n<div class=\"wp-block-image\">\n<figure class=\"aligncenter size-full is-resized\"><img loading=\"lazy\" decoding=\"async\" class=\"wp-image-79600\" src=\"https:\/\/exceladvisor.org\/wp-content\/uploads\/2023\/08\/1-options-dalignement.png\" sizes=\"auto, \" srcset=\"\" alt=\"opciones de alineaci\u00f3n\" width=\"520\" height=\"246\"><\/figure>\n<\/div>\n<h2 class=\"wp-block-heading\"> Alineamiento vertical<\/h2>\n<p> Puede utilizar las siguientes opciones para alinear datos verticalmente.<\/p>\n<ol type=\"1\">\n<li> Alinear superior: le permite alinear el texto y el n\u00famero en la parte superior de la celda.<\/li>\n<li> Medio: alinea los datos con el centro de la celda.<\/li>\n<li> Abajo: esta es la opci\u00f3n predeterminada y coloca el contenido en la parte inferior de la celda. <\/li>\n<\/ol>\n<div class=\"wp-block-image\">\n<figure class=\"aligncenter size-full is-resized\"><img loading=\"lazy\" decoding=\"async\" class=\"wp-image-79601\" src=\"https:\/\/exceladvisor.org\/wp-content\/uploads\/2023\/08\/2-icones-dalignement-vertical.png\" sizes=\"auto, \" srcset=\"\" alt=\"opciones de alineaci\u00f3n vertical\" width=\"475\" height=\"234\"><\/figure>\n<\/div>\n<h2 class=\"wp-block-heading\"> Alineaci\u00f3n horizontal<\/h2>\n<p> Para alinear datos horizontalmente, utilice las siguientes opciones:<\/p>\n<ol type=\"1\">\n<li> Alinear a la izquierda: alinea el texto con el borde izquierdo de la celda.<\/li>\n<li> Centro- Coloca el texto y el n\u00famero en el medio.<\/li>\n<li> Derecha: alinea el contenido al lado derecho de la celda. <\/li>\n<\/ol>\n<div class=\"wp-block-image\">\n<figure class=\"aligncenter size-full is-resized\"><img loading=\"lazy\" decoding=\"async\" class=\"wp-image-79602\" src=\"https:\/\/exceladvisor.org\/wp-content\/uploads\/2023\/08\/3-options-dalignement-horizontal.png\" sizes=\"auto, \" srcset=\"\" alt=\"opciones de alineaci\u00f3n horizontal\" width=\"814\" height=\"169\"><\/figure>\n<\/div>\n<h2 class=\"wp-block-heading\"> Otras opciones<\/h2>\n<ol type=\"1\">\n<li> <strong>Orientaci\u00f3n del texto (Rotar texto)<\/strong> : Le permite cambiar la orientaci\u00f3n del texto vertical o diagonalmente.<\/li>\n<li> <strong>Ajustar texto<\/strong> : esta opci\u00f3n le ayuda a ajustar texto largo en varias l\u00edneas en una celda.<\/li>\n<li> <strong>Fuera<\/strong> : Hay dos outs en el grupo de la plantilla. Cuando haces clic en el icono Aumentar sangr\u00eda, el texto se mueve m\u00e1s hacia la derecha. Sin embargo, para mover el texto hacia la izquierda, haga clic en el icono Reducir sangr\u00eda.<\/li>\n<li> <strong>Fusionar<\/strong> : se utiliza para combinar las celdas seleccionadas en una sola celda. <\/li>\n<\/ol>\n<div class=\"wp-block-image\">\n<figure class=\"aligncenter size-full is-resized\"><img loading=\"lazy\" decoding=\"async\" class=\"wp-image-79603\" src=\"https:\/\/exceladvisor.org\/wp-content\/uploads\/2023\/08\/4-options-dorientation-du-texte-et-de-fusion-du-texte-en-retrait.png\" sizes=\"auto, \" srcset=\"\" alt=\"ajustar-texto-sangr\u00eda-orientaci\u00f3n-de-texto-y-opciones-de-fusi\u00f3n\" width=\"396\" height=\"218\"><\/figure>\n<\/div>\n<h2 class=\"wp-block-heading\"> Cambiar la alineaci\u00f3n del texto desde las opciones de formato de celda<\/h2>\n<p> Otra forma de cambiar la alineaci\u00f3n del texto es utilizar el cuadro de di\u00e1logo Formato de celdas. A continuaci\u00f3n se detallan los pasos para esto.<\/p>\n<ul>\n<li> Nuevamente, debes seleccionar la celda que deseas realinear.<\/li>\n<li> A continuaci\u00f3n, abra el cuadro de di\u00e1logo Formato de celdas desde la flecha inferior derecha en el grupo Alineaci\u00f3n. <\/li>\n<\/ul>\n<div class=\"wp-block-image\">\n<figure class=\"aligncenter size-full is-resized\"><img loading=\"lazy\" decoding=\"async\" class=\"wp-image-79604\" src=\"https:\/\/exceladvisor.org\/wp-content\/uploads\/2023\/08\/5-cliquez-sur-la-fleche-en-bas-a-droite.png\" sizes=\"auto, \" srcset=\"\" alt=\"haga clic en la flecha en la parte inferior derecha\" width=\"582\" height=\"256\"><\/figure>\n<\/div>\n<ul>\n<li> A continuaci\u00f3n, seleccione la pesta\u00f1a Alineaci\u00f3n en el cuadro de di\u00e1logo Formato de celdas. En este caso, elija la opci\u00f3n deseada de la lista desplegable horizontal y vertical para alinear el texto. <\/li>\n<\/ul>\n<div class=\"wp-block-image\">\n<figure class=\"aligncenter size-full is-resized\"><img loading=\"lazy\" decoding=\"async\" class=\"wp-image-79605\" src=\"https:\/\/exceladvisor.org\/wp-content\/uploads\/2023\/08\/Alignement-du-texte-de-la-boite-de-dialogue-de-format-6-cellules.png\" sizes=\"auto, \" srcset=\"\" alt=\"formato-celdas-di\u00e1logo-texto-alineaci\u00f3n\" width=\"565\" height=\"558\"><\/figure>\n<\/div>\n<ul>\n<li> Ahora, seleccione la alineaci\u00f3n del texto horizontal y vertical de las opciones desplegables y haga clic en el bot\u00f3n Aceptar para aplicarla a las celdas seleccionadas.<\/li>\n<\/ul>\n<p> Por ejemplo, seleccionamos \u00abDistribuido\u00bb en alineaci\u00f3n de texto tanto horizontal como vertical. La siguiente instant\u00e1nea muestra el texto distribuido equitativamente en alto y ancho al aumentar el espacio entre palabras para llenar la celda. <\/p>\n<div class=\"wp-block-image\">\n<figure class=\"aligncenter size-full is-resized\"><img loading=\"lazy\" decoding=\"async\" class=\"wp-image-79606\" src=\"https:\/\/exceladvisor.org\/wp-content\/uploads\/2023\/08\/7-alignement-de-texte-distribue.png\" sizes=\"auto, \" srcset=\"\" alt=\"alineaci\u00f3n de texto distribuido\" width=\"618\" height=\"332\"><\/figure>\n<\/div>\n<h3 class=\"wp-block-heading\"> Cambiar la direcci\u00f3n del texto<\/h3>\n<p> En la parte inferior del cuadro Formato de celdas, hay una opci\u00f3n para cambiar la direcci\u00f3n del texto. La configuraci\u00f3n predeterminada es Contexto, pero puede cambiarla de izquierda a derecha o de derecha a izquierda.<\/p>\n<ul>\n<li> La direcci\u00f3n del texto predeterminada es de izquierda a derecha.<\/li>\n<li> Y la opci\u00f3n de derecha a izquierda se utiliza en el caso de algunos idiomas espec\u00edficos como el \u00e1rabe. <\/li>\n<\/ul>\n<div class=\"wp-block-image\">\n<figure class=\"aligncenter size-full is-resized\"><img loading=\"lazy\" decoding=\"async\" class=\"wp-image-79607\" src=\"https:\/\/exceladvisor.org\/wp-content\/uploads\/2023\/08\/8-changer-la-direction-du-texte.png\" sizes=\"auto, \" srcset=\"\" alt=\"cambio de direcci\u00f3n del texto\" width=\"438\" height=\"218\"><\/figure>\n<\/div>\n<h3 class=\"wp-block-heading\"> Cambiar la orientaci\u00f3n del texto<\/h3>\n<p> La opci\u00f3n de orientaci\u00f3n del texto tambi\u00e9n est\u00e1 disponible en el cuadro de di\u00e1logo Formato de celdas. <\/p>\n<div class=\"wp-block-image\">\n<figure class=\"aligncenter size-full is-resized\"><img loading=\"lazy\" decoding=\"async\" class=\"wp-image-79608\" src=\"https:\/\/exceladvisor.org\/wp-content\/uploads\/2023\/08\/9-options-dorientation-du-texte.png\" sizes=\"auto, \" srcset=\"\" alt=\"opci\u00f3n de orientaci\u00f3n del texto\" width=\"193\" height=\"235\"><\/figure>\n<\/div>\n<p> Se utiliza para cambiar la orientaci\u00f3n girando el texto en el sentido de las agujas del reloj, en el sentido contrario a las agujas del reloj, hacia arriba y hacia abajo. Ingrese el n\u00famero de 90 a -90 grados en el cuadro o tambi\u00e9n puede usar el puntero de orientaci\u00f3n para cambiar la direcci\u00f3n del texto y hacer clic en Aceptar para aplicarlo en las celdas seleccionadas. <\/p>\n<div class=\"wp-block-image\">\n<figure class=\"aligncenter size-full is-resized\"><img loading=\"lazy\" decoding=\"async\" class=\"wp-image-79609\" src=\"https:\/\/exceladvisor.org\/wp-content\/uploads\/2023\/08\/10-faire-pivoter-le-texte-de-45-degres.png\" sizes=\"auto, \" srcset=\"\" alt=\"rotar-texto-45-grados\" width=\"449\" height=\"234\"><\/figure>\n<\/div>\n<div class=\"gb-container gb-container-4db6181c gb-container-mt\"> <a class=\"gb-button gb-button-c5897111 gb-button-text gb-button-mt-button\" href=\"https:\/\/exceladvisor.org\/es\/conceptos-basicos-de-excel\/\">Conceptos b\u00e1sicos de Microsoft Excel (componentes, piezas y notas de conocimiento)<\/a><\/p>\n<h2 class=\"gb-headline gb-headline-665e5f6b gb-headline-text gb-headline-mt-heading\"> Tutoriales relacionados <\/h2>\n<div class=\"gb-grid-wrapper gb-grid-wrapper-a20baf7c gb-grid-wrapper-mt-grid\">\n<div class=\"gb-grid-column gb-grid-column-65ddf67e\">\n<div class=\"gb-container gb-container-65ddf67e\">\n<ul>\n<li> <a href=\"https:\/\/exceladvisor.org\/es\/justificar-completamente\/\">Llenar justificar en Excel<\/a><\/li>\n<li> <a href=\"https:\/\/exceladvisor.org\/es\/barra-de-formulas-de-excel\/\">Barra de f\u00f3rmulas en Excel<\/a><\/li>\n<li> <a href=\"https:\/\/exceladvisor.org\/es\/agregar-un-encabezado-de-pie-de-pagina\/\">Agregar un encabezado y pie de p\u00e1gina en Excel<\/a><\/li>\n<li> <a href=\"https:\/\/exceladvisor.org\/es\/gobernante\/\">Mostrar regla en Excel<\/a><\/li>\n<li> <a href=\"https:\/\/exceladvisor.org\/es\/mango-de-llenado\/\">Controlador de relleno en Excel<\/a> <\/li>\n<\/ul>\n<\/div>\n<\/div>\n<div class=\"gb-grid-column gb-grid-column-50067b57\">\n<div class=\"gb-container gb-container-50067b57\"><\/div>\n<\/div>\n<\/div>\n<\/div>\n","protected":false},"excerpt":{"rendered":"<p>En Excel, la alineaci\u00f3n le ayuda a alinear el texto y los valores en las celdas de la hoja de c\u00e1lculo. De forma predeterminada, el n\u00famero se alinea en la parte inferior derecha y el texto se alinea en la parte inferior izquierda de la celda. En este tutorial, aprenderemos c\u00f3mo ajustar la alineaci\u00f3n del [&hellip;]<\/p>\n","protected":false},"author":1,"featured_media":0,"parent":0,"menu_order":0,"comment_status":"open","ping_status":"closed","template":"","meta":{"ub_ctt_via":"","footnotes":""},"class_list":["post-734","page","type-page","status-publish","hentry"],"featured_image_src":null,"yoast_head":"<!-- This site is optimized with the Yoast SEO plugin v25.4 - https:\/\/yoast.com\/wordpress\/plugins\/seo\/ -->\n<title>\u00bfc\u00f3mo cambiar la alineaci\u00f3n del texto en excel?<\/title>\n<meta name=\"robots\" content=\"index, follow, max-snippet:-1, max-image-preview:large, max-video-preview:-1\" \/>\n<link rel=\"canonical\" href=\"https:\/\/exceladvisor.org\/es\/alineacion\/\" \/>\n<meta property=\"og:locale\" content=\"es_ES\" \/>\n<meta property=\"og:type\" content=\"article\" \/>\n<meta property=\"og:title\" content=\"\u00bfc\u00f3mo cambiar la alineaci\u00f3n del texto en excel?\" \/>\n<meta property=\"og:description\" content=\"En Excel, la alineaci\u00f3n le ayuda a alinear el texto y los valores en las celdas de la hoja de c\u00e1lculo. De forma predeterminada, el n\u00famero se alinea en la parte inferior derecha y el texto se alinea en la parte inferior izquierda de la celda. En este tutorial, aprenderemos c\u00f3mo ajustar la alineaci\u00f3n del [&hellip;]\" \/>\n<meta property=\"og:url\" content=\"https:\/\/exceladvisor.org\/es\/alineacion\/\" \/>\n<meta property=\"og:site_name\" content=\"Excel Advisor\" \/>\n<meta property=\"article:modified_time\" content=\"2023-12-25T10:24:06+00:00\" \/>\n<meta property=\"og:image\" content=\"https:\/\/exceladvisor.org\/wp-content\/uploads\/2023\/08\/1-options-dalignement.png\" \/>\n<meta name=\"twitter:card\" content=\"summary_large_image\" \/>\n<meta name=\"twitter:label1\" content=\"Tiempo de lectura\" \/>\n\t<meta name=\"twitter:data1\" content=\"3 minutos\" \/>\n<script type=\"application\/ld+json\" class=\"yoast-schema-graph\">{\"@context\":\"https:\/\/schema.org\",\"@graph\":[{\"@type\":\"WebPage\",\"@id\":\"https:\/\/exceladvisor.org\/es\/alineacion\/\",\"url\":\"https:\/\/exceladvisor.org\/es\/alineacion\/\",\"name\":\"\u00bfc\u00f3mo cambiar la alineaci\u00f3n del texto en excel?\",\"isPartOf\":{\"@id\":\"https:\/\/exceladvisor.org\/es\/#website\"},\"primaryImageOfPage\":{\"@id\":\"https:\/\/exceladvisor.org\/es\/alineacion\/#primaryimage\"},\"image\":{\"@id\":\"https:\/\/exceladvisor.org\/es\/alineacion\/#primaryimage\"},\"thumbnailUrl\":\"https:\/\/exceladvisor.org\/wp-content\/uploads\/2023\/08\/1-options-dalignement.png\",\"datePublished\":\"2023-09-15T01:31:19+00:00\",\"dateModified\":\"2023-12-25T10:24:06+00:00\",\"breadcrumb\":{\"@id\":\"https:\/\/exceladvisor.org\/es\/alineacion\/#breadcrumb\"},\"inLanguage\":\"es\",\"potentialAction\":[{\"@type\":\"ReadAction\",\"target\":[\"https:\/\/exceladvisor.org\/es\/alineacion\/\"]}]},{\"@type\":\"ImageObject\",\"inLanguage\":\"es\",\"@id\":\"https:\/\/exceladvisor.org\/es\/alineacion\/#primaryimage\",\"url\":\"https:\/\/exceladvisor.org\/wp-content\/uploads\/2023\/08\/1-options-dalignement.png\",\"contentUrl\":\"https:\/\/exceladvisor.org\/wp-content\/uploads\/2023\/08\/1-options-dalignement.png\"},{\"@type\":\"BreadcrumbList\",\"@id\":\"https:\/\/exceladvisor.org\/es\/alineacion\/#breadcrumb\",\"itemListElement\":[{\"@type\":\"ListItem\",\"position\":1,\"name\":\"Hogar\",\"item\":\"https:\/\/exceladvisor.org\/es\/\"},{\"@type\":\"ListItem\",\"position\":2,\"name\":\"\u00bfc\u00f3mo cambiar la alineaci\u00f3n del texto en excel?\"}]},{\"@type\":\"WebSite\",\"@id\":\"https:\/\/exceladvisor.org\/es\/#website\",\"url\":\"https:\/\/exceladvisor.org\/es\/\",\"name\":\"Excel Advisor\",\"description\":\"Su gu\u00eda para la dominaci\u00f3n de datos!\",\"publisher\":{\"@id\":\"https:\/\/exceladvisor.org\/es\/#organization\"},\"potentialAction\":[{\"@type\":\"SearchAction\",\"target\":{\"@type\":\"EntryPoint\",\"urlTemplate\":\"https:\/\/exceladvisor.org\/es\/?s={search_term_string}\"},\"query-input\":{\"@type\":\"PropertyValueSpecification\",\"valueRequired\":true,\"valueName\":\"search_term_string\"}}],\"inLanguage\":\"es\"},{\"@type\":\"Organization\",\"@id\":\"https:\/\/exceladvisor.org\/es\/#organization\",\"name\":\"Excel Advisor\",\"url\":\"https:\/\/exceladvisor.org\/es\/\",\"logo\":{\"@type\":\"ImageObject\",\"inLanguage\":\"es\",\"@id\":\"https:\/\/exceladvisor.org\/es\/#\/schema\/logo\/image\/\",\"url\":\"https:\/\/exceladvisor.org\/es\/wp-content\/uploads\/2023\/12\/exceladvisor.org_.png\",\"contentUrl\":\"https:\/\/exceladvisor.org\/es\/wp-content\/uploads\/2023\/12\/exceladvisor.org_.png\",\"width\":105,\"height\":36,\"caption\":\"Excel Advisor\"},\"image\":{\"@id\":\"https:\/\/exceladvisor.org\/es\/#\/schema\/logo\/image\/\"}}]}<\/script>\n<!-- \/ Yoast SEO plugin. -->","yoast_head_json":{"title":"\u00bfc\u00f3mo cambiar la alineaci\u00f3n del texto en excel?","robots":{"index":"index","follow":"follow","max-snippet":"max-snippet:-1","max-image-preview":"max-image-preview:large","max-video-preview":"max-video-preview:-1"},"canonical":"https:\/\/exceladvisor.org\/es\/alineacion\/","og_locale":"es_ES","og_type":"article","og_title":"\u00bfc\u00f3mo cambiar la alineaci\u00f3n del texto en excel?","og_description":"En Excel, la alineaci\u00f3n le ayuda a alinear el texto y los valores en las celdas de la hoja de c\u00e1lculo. De forma predeterminada, el n\u00famero se alinea en la parte inferior derecha y el texto se alinea en la parte inferior izquierda de la celda. En este tutorial, aprenderemos c\u00f3mo ajustar la alineaci\u00f3n del [&hellip;]","og_url":"https:\/\/exceladvisor.org\/es\/alineacion\/","og_site_name":"Excel Advisor","article_modified_time":"2023-12-25T10:24:06+00:00","og_image":[{"url":"https:\/\/exceladvisor.org\/wp-content\/uploads\/2023\/08\/1-options-dalignement.png","type":"","width":"","height":""}],"twitter_card":"summary_large_image","twitter_misc":{"Tiempo de lectura":"3 minutos"},"schema":{"@context":"https:\/\/schema.org","@graph":[{"@type":"WebPage","@id":"https:\/\/exceladvisor.org\/es\/alineacion\/","url":"https:\/\/exceladvisor.org\/es\/alineacion\/","name":"\u00bfc\u00f3mo cambiar la alineaci\u00f3n del texto en excel?","isPartOf":{"@id":"https:\/\/exceladvisor.org\/es\/#website"},"primaryImageOfPage":{"@id":"https:\/\/exceladvisor.org\/es\/alineacion\/#primaryimage"},"image":{"@id":"https:\/\/exceladvisor.org\/es\/alineacion\/#primaryimage"},"thumbnailUrl":"https:\/\/exceladvisor.org\/wp-content\/uploads\/2023\/08\/1-options-dalignement.png","datePublished":"2023-09-15T01:31:19+00:00","dateModified":"2023-12-25T10:24:06+00:00","breadcrumb":{"@id":"https:\/\/exceladvisor.org\/es\/alineacion\/#breadcrumb"},"inLanguage":"es","potentialAction":[{"@type":"ReadAction","target":["https:\/\/exceladvisor.org\/es\/alineacion\/"]}]},{"@type":"ImageObject","inLanguage":"es","@id":"https:\/\/exceladvisor.org\/es\/alineacion\/#primaryimage","url":"https:\/\/exceladvisor.org\/wp-content\/uploads\/2023\/08\/1-options-dalignement.png","contentUrl":"https:\/\/exceladvisor.org\/wp-content\/uploads\/2023\/08\/1-options-dalignement.png"},{"@type":"BreadcrumbList","@id":"https:\/\/exceladvisor.org\/es\/alineacion\/#breadcrumb","itemListElement":[{"@type":"ListItem","position":1,"name":"Hogar","item":"https:\/\/exceladvisor.org\/es\/"},{"@type":"ListItem","position":2,"name":"\u00bfc\u00f3mo cambiar la alineaci\u00f3n del texto en excel?"}]},{"@type":"WebSite","@id":"https:\/\/exceladvisor.org\/es\/#website","url":"https:\/\/exceladvisor.org\/es\/","name":"Excel Advisor","description":"Su gu\u00eda para la dominaci\u00f3n de datos!","publisher":{"@id":"https:\/\/exceladvisor.org\/es\/#organization"},"potentialAction":[{"@type":"SearchAction","target":{"@type":"EntryPoint","urlTemplate":"https:\/\/exceladvisor.org\/es\/?s={search_term_string}"},"query-input":{"@type":"PropertyValueSpecification","valueRequired":true,"valueName":"search_term_string"}}],"inLanguage":"es"},{"@type":"Organization","@id":"https:\/\/exceladvisor.org\/es\/#organization","name":"Excel Advisor","url":"https:\/\/exceladvisor.org\/es\/","logo":{"@type":"ImageObject","inLanguage":"es","@id":"https:\/\/exceladvisor.org\/es\/#\/schema\/logo\/image\/","url":"https:\/\/exceladvisor.org\/es\/wp-content\/uploads\/2023\/12\/exceladvisor.org_.png","contentUrl":"https:\/\/exceladvisor.org\/es\/wp-content\/uploads\/2023\/12\/exceladvisor.org_.png","width":105,"height":36,"caption":"Excel Advisor"},"image":{"@id":"https:\/\/exceladvisor.org\/es\/#\/schema\/logo\/image\/"}}]}},"yoast_meta":{"yoast_wpseo_title":"","yoast_wpseo_metadesc":"","yoast_wpseo_canonical":""},"_links":{"self":[{"href":"https:\/\/exceladvisor.org\/es\/wp-json\/wp\/v2\/pages\/734","targetHints":{"allow":["GET"]}}],"collection":[{"href":"https:\/\/exceladvisor.org\/es\/wp-json\/wp\/v2\/pages"}],"about":[{"href":"https:\/\/exceladvisor.org\/es\/wp-json\/wp\/v2\/types\/page"}],"author":[{"embeddable":true,"href":"https:\/\/exceladvisor.org\/es\/wp-json\/wp\/v2\/users\/1"}],"replies":[{"embeddable":true,"href":"https:\/\/exceladvisor.org\/es\/wp-json\/wp\/v2\/comments?post=734"}],"version-history":[{"count":1,"href":"https:\/\/exceladvisor.org\/es\/wp-json\/wp\/v2\/pages\/734\/revisions"}],"predecessor-version":[{"id":898,"href":"https:\/\/exceladvisor.org\/es\/wp-json\/wp\/v2\/pages\/734\/revisions\/898"}],"wp:attachment":[{"href":"https:\/\/exceladvisor.org\/es\/wp-json\/wp\/v2\/media?parent=734"}],"curies":[{"name":"wp","href":"https:\/\/api.w.org\/{rel}","templated":true}]}}