{"id":736,"date":"2023-09-01T08:27:58","date_gmt":"2023-09-01T08:27:58","guid":{"rendered":"https:\/\/exceladvisor.org\/es\/encontrar-la-celda-de-la-columna-de-la-ultima-fila\/"},"modified":"2023-12-25T10:25:10","modified_gmt":"2023-12-25T10:25:10","slug":"encontrar-la-celda-de-la-columna-de-la-ultima-fila","status":"publish","type":"page","link":"https:\/\/exceladvisor.org\/es\/encontrar-la-celda-de-la-columna-de-la-ultima-fila\/","title":{"rendered":"\u00bfc\u00f3mo encontrar la \u00faltima fila, columna y celda?"},"content":{"rendered":"<div class=\"excel-antes-del-contenido\" id=\"excel-2094463679\"><script type=\"text\/javascript\">\r\n\tatOptions = {\r\n\t\t'key' : 'c1158f160081d6540a8409e6925dab94',\r\n\t\t'format' : 'iframe',\r\n\t\t'height' : 250,\r\n\t\t'width' : 300,\r\n\t\t'params' : {}\r\n\t};\r\n<\/script>\r\n<script type=\"text\/javascript\" src=\"\/\/www.highperformanceformat.com\/c1158f160081d6540a8409e6925dab94\/invoke.js\"><\/script><\/div><p>Para encontrar la \u00faltima fila, columna o celda, puede utilizar la propiedad \u00abFin\u00bb del rango. La propiedad final le permite navegar hasta el final del rango de datos (hasta la \u00faltima celda que no est\u00e1 vac\u00eda). Con esto, hay constantes que puedes usar para decidir en qu\u00e9 direcci\u00f3n deseas navegar (arriba, abajo, izquierda o derecha).<\/p>\n<h2 class=\"wp-block-heading\"> Utilice VBA para encontrar la \u00faltima fila en Excel<\/h2>\n<ol type=\"1\">\n<li> Establezca la celda o rango desde el que desea navegar hasta la \u00faltima fila.<\/li>\n<li> Despu\u00e9s de eso, ingrese un punto para obtener la lista de propiedades y m\u00e9todos.<\/li>\n<li> Seleccione o escriba \u00abFin\u00bb e ingrese un par\u00e9ntesis inicial.<\/li>\n<li> Utilice cualquier argumento que desee utilizar.<\/li>\n<li> Adem\u00e1s, utilice la propiedad de direcci\u00f3n para obtener la direcci\u00f3n de la celda.<\/li>\n<\/ol>\n<pre class=\"wp-block-code\"> <code class=\"language-visual-basic\" lang=\"visual-basic\">MsgBox Range(\"A1\").End(xlDown).Address<\/code><\/pre>\n<p> Cuando ejecuta el c\u00f3digo anterior, le muestra un cuadro de mensaje con el n\u00famero de l\u00ednea de la \u00faltima celda que no est\u00e1 vac\u00eda. <\/p>\n<div class=\"wp-block-image\">\n<figure class=\"aligncenter size-large is-resized\"><img loading=\"lazy\" decoding=\"async\" class=\"wp-image-54519\" src=\"https:\/\/exceladvisor.org\/wp-content\/uploads\/2023\/08\/1-utiliser-vba-pour-trouver-la-derniere-ligne.png\" sizes=\"auto, \" srcset=\"\" alt=\"use vba para encontrar la \u00faltima l\u00ednea\" width=\"628\" height=\"512\"><\/figure>\n<\/div>\n<h2 class=\"wp-block-heading\"> Encuentra la \u00faltima columna usando VBA<\/h2>\n<p> Ahora digamos que desea encontrar la \u00faltima columna. En este caso, en lugar de usar la constante \u00abxlDown\u00bb, debes usar la \u00abxlRight\u00bb, y si quieres seleccionar esa celda en lugar de tener la direcci\u00f3n, puedes usar el m\u00e9todo \u00abselect\u00bb. Considere el siguiente m\u00e9todo. <\/p>\n<pre class=\"wp-block-code\"> <code class=\"language-visual-basic\" lang=\"visual-basic\">Range(\"A1\").End(xlToRight).Select<\/code><\/pre>\n<div class=\"wp-block-image\">\n<figure class=\"aligncenter size-large is-resized\"><img loading=\"lazy\" decoding=\"async\" class=\"wp-image-54521\" src=\"https:\/\/exceladvisor.org\/wp-content\/uploads\/2023\/08\/2-utilisez-vba-pour-trouver-la-derniere-colonne.png\" sizes=\"auto, \" srcset=\"\" alt=\"use vba para encontrar la \u00faltima columna\" width=\"616\" height=\"563\"><\/figure>\n<\/div>\n<h2 class=\"wp-block-heading\"> Encuentra la \u00faltima celda<\/h2>\n<p> Con el mismo m\u00e9todo, tambi\u00e9n puede obtener la \u00faltima celda, que no est\u00e1 vac\u00eda. Para escribir este c\u00f3digo, necesita conocer la \u00faltima fila y la \u00faltima columna. <\/p>\n<pre class=\"wp-block-code\"> <code class=\"language-visual-basic\" lang=\"visual-basic\">Sub vba_last_row() Dim lRow As Long Dim lColumn As Long lRow = Range(\"A1\").End(xlDown).Row lColumn = Range(\"A1\").End(xlToRight).Column Cells(lRow, lColumn).Select End Sub<\/code><\/pre>\n<div class=\"wp-block-image\">\n<figure class=\"aligncenter size-large is-resized\"><img loading=\"lazy\" decoding=\"async\" class=\"wp-image-54522\" src=\"https:\/\/exceladvisor.org\/wp-content\/uploads\/2023\/08\/3-trouver-la-derniere-cellule.png\" sizes=\"auto, \" srcset=\"\" alt=\"encontrar la ultima celda\" width=\"793\" height=\"303\"><\/figure>\n<\/div>\n<p> Para comprender el c\u00f3digo anterior, debemos dividirlo en tres partes. <\/p>\n<div class=\"wp-block-image\">\n<figure class=\"aligncenter size-large is-resized\"><img loading=\"lazy\" decoding=\"async\" class=\"wp-image-54523\" src=\"https:\/\/exceladvisor.org\/wp-content\/uploads\/2023\/08\/4-code-pour-trouver-la-derniere-ligne-et-colonne.png\" sizes=\"auto, \" srcset=\"\" alt=\"c\u00f3digo para encontrar la \u00faltima fila y columna\" width=\"484\" height=\"336\"><\/figure>\n<\/div>\n<ol type=\"1\">\n<li> En la PRIMERA parte, <a href=\"https:\/\/exceladvisor.org\/es\/variables\/\">declar\u00f3 dos variables<\/a> para almacenar el n\u00famero de fila y el n\u00famero de columna.<\/li>\n<li> En la SEGUNDA parte, usaste el \u00abEnd\u00bb con el \u00abxlDown\u00bb luego la propiedad Row para obtener el n\u00famero de fila de la \u00faltima, y de la misma manera usaste el \u00abEnd\u00bb con el \u00abxlToRight\u00bb luego la propiedad \u201cColumna\u201d para obtener el n\u00famero de columna de la \u00faltima columna.<\/li>\n<li> En la TERCERA parte, utilizando el \u00faltimo n\u00famero de columna y el \u00faltimo n\u00famero de fila, consulte la \u00faltima celda y selecci\u00f3nela.<\/li>\n<\/ol>\n<p class=\"qt-tip\"> <strong>Nota:<\/strong> Si desea seleccionar una celda en las diferentes <a href=\"https:\/\/exceladvisor.org\/es\/hoja-de-trabajo-1\/\">hojas de trabajo<\/a> usando el m\u00e9todo de \u00faltima fila y \u00faltima columna, primero debe <a href=\"https:\/\/exceladvisor.org\/es\/activar-hoja\/\">habilitar esa hoja de trabajo<\/a> .<\/p>\n<h2 class=\"wp-block-heading\"> \u00daltima fila, columna y celda usando el m\u00e9todo Buscar<\/h2>\n<p> Tambi\u00e9n puede utilizar el m\u00e9todo de b\u00fasqueda con el objeto de rango para obtener la \u00faltima fila, columna y celda de la hoja de trabajo. Para encontrar el n\u00famero de l\u00ednea, aqu\u00ed est\u00e1 el c\u00f3digo:<\/p>\n<pre class=\"wp-block-code\"> <code class=\"language-visual-basic\" lang=\"visual-basic\">Sub vba_last_row() Dim iRow As Long iRow = Cells.Find(What:=\"*\", _ After:=Range(\"A1\"), _ LookAt:=xlPart, _ LookIn:=xlFormulas, _ SearchOrder:=xlByRows, _ SearchDirection:=xlPrevious, _ MatchCase:=False).Row MsgBox iRow End Sub<\/code><\/pre>\n<p> Para el n\u00famero de columna:<\/p>\n<pre class=\"wp-block-code\"> <code class=\"language-visual-basic\" lang=\"visual-basic\">Sub vba_last_row() Dim iColumn As Long iColumn = Cells.Find(What:=\"*\", _ After:=Range(\"A1\"), _ LookAt:=xlPart, _ LookIn:=xlFormulas, _ SearchOrder:=xlByColumns, _ SearchDirection:=xlPrevious, _ MatchCase:=False).Column MsgBox iColumn End Sub<\/code><\/pre>\n<p> Para obtener la direcci\u00f3n de la \u00faltima celda.<\/p>\n<pre class=\"wp-block-code\"> <code class=\"language-visual-basic\" lang=\"visual-basic\">Sub vba_last_row() Dim iColumn As Long Dim iRow As Long iColumn = Cells.Find(What:=\"*\", _ After:=Range(\"A1\"), _ LookAt:=xlPart, _ LookIn:=xlFormulas, _ SearchOrder:=xlByColumns, _ SearchDirection:=xlPrevious, _ MatchCase:=False).Column iRow = Cells.Find(What:=\"*\", _ After:=Range(\"A1\"), _ LookAt:=xlPart, _ LookIn:=xlFormulas, _ SearchOrder:=xlByRows, _ SearchDirection:=xlPrevious, _ MatchCase:=False).Row Cells(iRow, iColumn).Address End Sub<\/code><\/pre>\n<div class=\"gb-container gb-container-4db6181c gb-container-mt\"> <a class=\"gb-button gb-button-c5897111 gb-button-text gb-button-mt-button\" href=\"https:\/\/exceladvisor.org\/es\/vba\/\">\u00bfQu\u00e9 es VBA?<\/a><\/p>\n<h2 class=\"gb-headline gb-headline-665e5f6b gb-headline-text gb-headline-mt-heading\"> Tutoriales relacionados <\/h2>\n<div class=\"gb-grid-wrapper gb-grid-wrapper-a20baf7c gb-grid-wrapper-mt-grid\">\n<div class=\"gb-grid-column gb-grid-column-65ddf67e\">\n<div class=\"gb-container gb-container-65ddf67e\">\n<ul>\n<li> <a href=\"https:\/\/exceladvisor.org\/es\/numero-de-lineas\/\">Contar filas usando VBA en Excel<\/a><\/li>\n<li> <a href=\"https:\/\/exceladvisor.org\/es\/fuente-de-caracteres\/\">Fuente Excel VBA (color, tama\u00f1o, tipo y negrita)<\/a><\/li>\n<li> <a href=\"https:\/\/exceladvisor.org\/es\/ocultar-mostrar-fila-de-columna\/\">Excel VBA Ocultar y mostrar una columna o fila<\/a><\/li>\n<li> <a href=\"https:\/\/exceladvisor.org\/es\/rango-1\/\">Rango de Excel VBA: trabajar con rango y celdas<\/a><\/li>\n<li> <a href=\"https:\/\/exceladvisor.org\/es\/fronteras\/\">Aplicar bordes a una celda usando VBA en Excel<\/a> <\/li>\n<\/ul>\n<\/div>\n<\/div>\n<div class=\"gb-grid-column gb-grid-column-50067b57\">\n<div class=\"gb-container gb-container-50067b57\"><\/div>\n<\/div>\n<\/div>\n<\/div>\n","protected":false},"excerpt":{"rendered":"<p>Para encontrar la \u00faltima fila, columna o celda, puede utilizar la propiedad \u00abFin\u00bb del rango. La propiedad final le permite navegar hasta el final del rango de datos (hasta la \u00faltima celda que no est\u00e1 vac\u00eda). Con esto, hay constantes que puedes usar para decidir en qu\u00e9 direcci\u00f3n deseas navegar (arriba, abajo, izquierda o derecha). [&hellip;]<\/p>\n","protected":false},"author":1,"featured_media":0,"parent":0,"menu_order":0,"comment_status":"open","ping_status":"closed","template":"","meta":{"ub_ctt_via":"","footnotes":""},"class_list":["post-736","page","type-page","status-publish","hentry"],"featured_image_src":null,"yoast_head":"<!-- This site is optimized with the Yoast SEO plugin v25.4 - https:\/\/yoast.com\/wordpress\/plugins\/seo\/ -->\n<title>\u00bfc\u00f3mo encontrar la \u00faltima fila, columna y celda?<\/title>\n<meta name=\"robots\" content=\"index, follow, max-snippet:-1, max-image-preview:large, max-video-preview:-1\" \/>\n<link rel=\"canonical\" href=\"https:\/\/exceladvisor.org\/es\/encontrar-la-celda-de-la-columna-de-la-ultima-fila\/\" \/>\n<meta property=\"og:locale\" content=\"es_ES\" \/>\n<meta property=\"og:type\" content=\"article\" \/>\n<meta property=\"og:title\" content=\"\u00bfc\u00f3mo encontrar la \u00faltima fila, columna y celda?\" \/>\n<meta property=\"og:description\" content=\"Para encontrar la \u00faltima fila, columna o celda, puede utilizar la propiedad \u00abFin\u00bb del rango. La propiedad final le permite navegar hasta el final del rango de datos (hasta la \u00faltima celda que no est\u00e1 vac\u00eda). Con esto, hay constantes que puedes usar para decidir en qu\u00e9 direcci\u00f3n deseas navegar (arriba, abajo, izquierda o derecha). [&hellip;]\" \/>\n<meta property=\"og:url\" content=\"https:\/\/exceladvisor.org\/es\/encontrar-la-celda-de-la-columna-de-la-ultima-fila\/\" \/>\n<meta property=\"og:site_name\" content=\"Excel Advisor\" \/>\n<meta property=\"article:modified_time\" content=\"2023-12-25T10:25:10+00:00\" \/>\n<meta property=\"og:image\" content=\"https:\/\/exceladvisor.org\/wp-content\/uploads\/2023\/08\/1-utiliser-vba-pour-trouver-la-derniere-ligne.png\" \/>\n<meta name=\"twitter:card\" content=\"summary_large_image\" \/>\n<meta name=\"twitter:label1\" content=\"Tiempo de lectura\" \/>\n\t<meta name=\"twitter:data1\" content=\"3 minutos\" \/>\n<script type=\"application\/ld+json\" class=\"yoast-schema-graph\">{\"@context\":\"https:\/\/schema.org\",\"@graph\":[{\"@type\":\"WebPage\",\"@id\":\"https:\/\/exceladvisor.org\/es\/encontrar-la-celda-de-la-columna-de-la-ultima-fila\/\",\"url\":\"https:\/\/exceladvisor.org\/es\/encontrar-la-celda-de-la-columna-de-la-ultima-fila\/\",\"name\":\"\u00bfc\u00f3mo encontrar la \u00faltima fila, columna y celda?\",\"isPartOf\":{\"@id\":\"https:\/\/exceladvisor.org\/es\/#website\"},\"primaryImageOfPage\":{\"@id\":\"https:\/\/exceladvisor.org\/es\/encontrar-la-celda-de-la-columna-de-la-ultima-fila\/#primaryimage\"},\"image\":{\"@id\":\"https:\/\/exceladvisor.org\/es\/encontrar-la-celda-de-la-columna-de-la-ultima-fila\/#primaryimage\"},\"thumbnailUrl\":\"https:\/\/exceladvisor.org\/wp-content\/uploads\/2023\/08\/1-utiliser-vba-pour-trouver-la-derniere-ligne.png\",\"datePublished\":\"2023-09-01T08:27:58+00:00\",\"dateModified\":\"2023-12-25T10:25:10+00:00\",\"breadcrumb\":{\"@id\":\"https:\/\/exceladvisor.org\/es\/encontrar-la-celda-de-la-columna-de-la-ultima-fila\/#breadcrumb\"},\"inLanguage\":\"es\",\"potentialAction\":[{\"@type\":\"ReadAction\",\"target\":[\"https:\/\/exceladvisor.org\/es\/encontrar-la-celda-de-la-columna-de-la-ultima-fila\/\"]}]},{\"@type\":\"ImageObject\",\"inLanguage\":\"es\",\"@id\":\"https:\/\/exceladvisor.org\/es\/encontrar-la-celda-de-la-columna-de-la-ultima-fila\/#primaryimage\",\"url\":\"https:\/\/exceladvisor.org\/wp-content\/uploads\/2023\/08\/1-utiliser-vba-pour-trouver-la-derniere-ligne.png\",\"contentUrl\":\"https:\/\/exceladvisor.org\/wp-content\/uploads\/2023\/08\/1-utiliser-vba-pour-trouver-la-derniere-ligne.png\"},{\"@type\":\"BreadcrumbList\",\"@id\":\"https:\/\/exceladvisor.org\/es\/encontrar-la-celda-de-la-columna-de-la-ultima-fila\/#breadcrumb\",\"itemListElement\":[{\"@type\":\"ListItem\",\"position\":1,\"name\":\"Hogar\",\"item\":\"https:\/\/exceladvisor.org\/es\/\"},{\"@type\":\"ListItem\",\"position\":2,\"name\":\"\u00bfc\u00f3mo encontrar la \u00faltima fila, columna y celda?\"}]},{\"@type\":\"WebSite\",\"@id\":\"https:\/\/exceladvisor.org\/es\/#website\",\"url\":\"https:\/\/exceladvisor.org\/es\/\",\"name\":\"Excel Advisor\",\"description\":\"Su gu\u00eda para la dominaci\u00f3n de datos!\",\"publisher\":{\"@id\":\"https:\/\/exceladvisor.org\/es\/#organization\"},\"potentialAction\":[{\"@type\":\"SearchAction\",\"target\":{\"@type\":\"EntryPoint\",\"urlTemplate\":\"https:\/\/exceladvisor.org\/es\/?s={search_term_string}\"},\"query-input\":{\"@type\":\"PropertyValueSpecification\",\"valueRequired\":true,\"valueName\":\"search_term_string\"}}],\"inLanguage\":\"es\"},{\"@type\":\"Organization\",\"@id\":\"https:\/\/exceladvisor.org\/es\/#organization\",\"name\":\"Excel Advisor\",\"url\":\"https:\/\/exceladvisor.org\/es\/\",\"logo\":{\"@type\":\"ImageObject\",\"inLanguage\":\"es\",\"@id\":\"https:\/\/exceladvisor.org\/es\/#\/schema\/logo\/image\/\",\"url\":\"https:\/\/exceladvisor.org\/es\/wp-content\/uploads\/2023\/12\/exceladvisor.org_.png\",\"contentUrl\":\"https:\/\/exceladvisor.org\/es\/wp-content\/uploads\/2023\/12\/exceladvisor.org_.png\",\"width\":105,\"height\":36,\"caption\":\"Excel Advisor\"},\"image\":{\"@id\":\"https:\/\/exceladvisor.org\/es\/#\/schema\/logo\/image\/\"}}]}<\/script>\n<!-- \/ Yoast SEO plugin. -->","yoast_head_json":{"title":"\u00bfc\u00f3mo encontrar la \u00faltima fila, columna y celda?","robots":{"index":"index","follow":"follow","max-snippet":"max-snippet:-1","max-image-preview":"max-image-preview:large","max-video-preview":"max-video-preview:-1"},"canonical":"https:\/\/exceladvisor.org\/es\/encontrar-la-celda-de-la-columna-de-la-ultima-fila\/","og_locale":"es_ES","og_type":"article","og_title":"\u00bfc\u00f3mo encontrar la \u00faltima fila, columna y celda?","og_description":"Para encontrar la \u00faltima fila, columna o celda, puede utilizar la propiedad \u00abFin\u00bb del rango. La propiedad final le permite navegar hasta el final del rango de datos (hasta la \u00faltima celda que no est\u00e1 vac\u00eda). Con esto, hay constantes que puedes usar para decidir en qu\u00e9 direcci\u00f3n deseas navegar (arriba, abajo, izquierda o derecha). [&hellip;]","og_url":"https:\/\/exceladvisor.org\/es\/encontrar-la-celda-de-la-columna-de-la-ultima-fila\/","og_site_name":"Excel Advisor","article_modified_time":"2023-12-25T10:25:10+00:00","og_image":[{"url":"https:\/\/exceladvisor.org\/wp-content\/uploads\/2023\/08\/1-utiliser-vba-pour-trouver-la-derniere-ligne.png","type":"","width":"","height":""}],"twitter_card":"summary_large_image","twitter_misc":{"Tiempo de lectura":"3 minutos"},"schema":{"@context":"https:\/\/schema.org","@graph":[{"@type":"WebPage","@id":"https:\/\/exceladvisor.org\/es\/encontrar-la-celda-de-la-columna-de-la-ultima-fila\/","url":"https:\/\/exceladvisor.org\/es\/encontrar-la-celda-de-la-columna-de-la-ultima-fila\/","name":"\u00bfc\u00f3mo encontrar la \u00faltima fila, columna y celda?","isPartOf":{"@id":"https:\/\/exceladvisor.org\/es\/#website"},"primaryImageOfPage":{"@id":"https:\/\/exceladvisor.org\/es\/encontrar-la-celda-de-la-columna-de-la-ultima-fila\/#primaryimage"},"image":{"@id":"https:\/\/exceladvisor.org\/es\/encontrar-la-celda-de-la-columna-de-la-ultima-fila\/#primaryimage"},"thumbnailUrl":"https:\/\/exceladvisor.org\/wp-content\/uploads\/2023\/08\/1-utiliser-vba-pour-trouver-la-derniere-ligne.png","datePublished":"2023-09-01T08:27:58+00:00","dateModified":"2023-12-25T10:25:10+00:00","breadcrumb":{"@id":"https:\/\/exceladvisor.org\/es\/encontrar-la-celda-de-la-columna-de-la-ultima-fila\/#breadcrumb"},"inLanguage":"es","potentialAction":[{"@type":"ReadAction","target":["https:\/\/exceladvisor.org\/es\/encontrar-la-celda-de-la-columna-de-la-ultima-fila\/"]}]},{"@type":"ImageObject","inLanguage":"es","@id":"https:\/\/exceladvisor.org\/es\/encontrar-la-celda-de-la-columna-de-la-ultima-fila\/#primaryimage","url":"https:\/\/exceladvisor.org\/wp-content\/uploads\/2023\/08\/1-utiliser-vba-pour-trouver-la-derniere-ligne.png","contentUrl":"https:\/\/exceladvisor.org\/wp-content\/uploads\/2023\/08\/1-utiliser-vba-pour-trouver-la-derniere-ligne.png"},{"@type":"BreadcrumbList","@id":"https:\/\/exceladvisor.org\/es\/encontrar-la-celda-de-la-columna-de-la-ultima-fila\/#breadcrumb","itemListElement":[{"@type":"ListItem","position":1,"name":"Hogar","item":"https:\/\/exceladvisor.org\/es\/"},{"@type":"ListItem","position":2,"name":"\u00bfc\u00f3mo encontrar la \u00faltima fila, columna y celda?"}]},{"@type":"WebSite","@id":"https:\/\/exceladvisor.org\/es\/#website","url":"https:\/\/exceladvisor.org\/es\/","name":"Excel Advisor","description":"Su gu\u00eda para la dominaci\u00f3n de datos!","publisher":{"@id":"https:\/\/exceladvisor.org\/es\/#organization"},"potentialAction":[{"@type":"SearchAction","target":{"@type":"EntryPoint","urlTemplate":"https:\/\/exceladvisor.org\/es\/?s={search_term_string}"},"query-input":{"@type":"PropertyValueSpecification","valueRequired":true,"valueName":"search_term_string"}}],"inLanguage":"es"},{"@type":"Organization","@id":"https:\/\/exceladvisor.org\/es\/#organization","name":"Excel Advisor","url":"https:\/\/exceladvisor.org\/es\/","logo":{"@type":"ImageObject","inLanguage":"es","@id":"https:\/\/exceladvisor.org\/es\/#\/schema\/logo\/image\/","url":"https:\/\/exceladvisor.org\/es\/wp-content\/uploads\/2023\/12\/exceladvisor.org_.png","contentUrl":"https:\/\/exceladvisor.org\/es\/wp-content\/uploads\/2023\/12\/exceladvisor.org_.png","width":105,"height":36,"caption":"Excel Advisor"},"image":{"@id":"https:\/\/exceladvisor.org\/es\/#\/schema\/logo\/image\/"}}]}},"yoast_meta":{"yoast_wpseo_title":"","yoast_wpseo_metadesc":"","yoast_wpseo_canonical":""},"_links":{"self":[{"href":"https:\/\/exceladvisor.org\/es\/wp-json\/wp\/v2\/pages\/736","targetHints":{"allow":["GET"]}}],"collection":[{"href":"https:\/\/exceladvisor.org\/es\/wp-json\/wp\/v2\/pages"}],"about":[{"href":"https:\/\/exceladvisor.org\/es\/wp-json\/wp\/v2\/types\/page"}],"author":[{"embeddable":true,"href":"https:\/\/exceladvisor.org\/es\/wp-json\/wp\/v2\/users\/1"}],"replies":[{"embeddable":true,"href":"https:\/\/exceladvisor.org\/es\/wp-json\/wp\/v2\/comments?post=736"}],"version-history":[{"count":1,"href":"https:\/\/exceladvisor.org\/es\/wp-json\/wp\/v2\/pages\/736\/revisions"}],"predecessor-version":[{"id":1016,"href":"https:\/\/exceladvisor.org\/es\/wp-json\/wp\/v2\/pages\/736\/revisions\/1016"}],"wp:attachment":[{"href":"https:\/\/exceladvisor.org\/es\/wp-json\/wp\/v2\/media?parent=736"}],"curies":[{"name":"wp","href":"https:\/\/api.w.org\/{rel}","templated":true}]}}