{"id":737,"date":"2023-09-01T08:07:06","date_gmt":"2023-09-01T08:07:06","guid":{"rendered":"https:\/\/exceladvisor.org\/es\/valor-de-celda\/"},"modified":"2023-12-25T10:25:44","modified_gmt":"2023-12-25T10:25:44","slug":"valor-de-celda","status":"publish","type":"page","link":"https:\/\/exceladvisor.org\/es\/valor-de-celda\/","title":{"rendered":"\u00bfc\u00f3mo ingresar un valor en una celda usando vba?"},"content":{"rendered":"<div class=\"excel-antes-del-contenido\" id=\"excel-778377965\"><script type=\"text\/javascript\">\r\n\tatOptions = {\r\n\t\t'key' : 'c1158f160081d6540a8409e6925dab94',\r\n\t\t'format' : 'iframe',\r\n\t\t'height' : 250,\r\n\t\t'width' : 300,\r\n\t\t'params' : {}\r\n\t};\r\n<\/script>\r\n<script type=\"text\/javascript\" src=\"\/\/www.highperformanceformat.com\/c1158f160081d6540a8409e6925dab94\/invoke.js\"><\/script><\/div><p class=\"wp-block-heading\"><strong>Notas clave<\/strong><\/p>\n<ul>\n<li> La propiedad de valor se puede utilizar en ambas direcciones (puede leer y escribir un valor desde una celda).<\/li>\n<li> Puede <a href=\"https:\/\/exceladvisor.org\/es\/rango-1\/\">hacer referencia a una celda usando Celdas y Objeto de rango<\/a> para establecer un valor de celda (para obtener y editar tambi\u00e9n).<\/li>\n<\/ul>\n<h2 class=\"wp-block-heading\"> Establecer valor de celda<\/h2>\n<p> Para establecer un valor de celda, debe usar la propiedad \u00abValor\u00bb, luego debe establecer el valor que desea establecer. Aqu\u00ed he utilizado algunos ejemplos para ayudarle a comprender esto.<\/p>\n<h3 class=\"wp-block-heading\"> 1. Ingrese un valor en una celda<\/h3>\n<p> Supongamos que necesita ingresar el valor \u00abListo\u00bb en la celda A1. En este caso el c\u00f3digo ser\u00eda algo parecido a lo siguiente: <\/p>\n<pre class=\"wp-block-code\"> <code class=\"language-visual-basic\" lang=\"visual-basic\">Range(\"A1\").Value = \"Done\"<\/code><\/pre>\n<div class=\"wp-block-image\">\n<figure class=\"aligncenter size-large is-resized\"><img loading=\"lazy\" decoding=\"async\" class=\"wp-image-51319\" src=\"https:\/\/exceladvisor.org\/wp-content\/uploads\/2023\/08\/1-valeur-de-cellule-definie.png\" sizes=\"auto, \" srcset=\"\" alt=\"establecer valor de celda\" width=\"311\" height=\"148\"><\/figure>\n<\/div>\n<p> Como puedes ver, primero configuro la direcci\u00f3n de la celda donde quiero agregar el valor, luego la propiedad del valor. Al final, asign\u00e9 el valor \u00abListo\u00bb usando un signo igual \u00ab=\u00bb entre comillas dobles.<\/p>\n<p> Tambi\u00e9n puede utilizar la propiedad \u00abCeldas\u00bb, como en el siguiente c\u00f3digo.<\/p>\n<pre class=\"wp-block-code\"> <code class=\"language-visual-basic\" lang=\"visual-basic\">Cells(1, 1).Value = \"Done\"<\/code><\/pre>\n<p> El c\u00f3digo anterior tambi\u00e9n se refiere a la celda A1.<\/p>\n<p> Aparte de esto, hay otra forma que puedes usar y es no usar la propiedad de valor asignando directamente el valor a la celda.<\/p>\n<pre class=\"wp-block-code\"> <code class=\"language-visual-basic\" lang=\"visual-basic\">Cells(1, 1) = \"Done\"<\/code><\/pre>\n<p> Pero se recomienda utilizar la propiedad de valor para ingresar un valor en una celda.<\/p>\n<p> Ahora suponga que desea ingresar un n\u00famero en una celda. En este caso, no es necesario utilizar comillas dobles. Puedes escribir el c\u00f3digo de la siguiente manera.<\/p>\n<pre class=\"wp-block-code\"> <code class=\"language-visual-basic\" lang=\"visual-basic\">Range(\"A1\") = 99<\/code><\/pre>\n<p> Tambi\u00e9n puede <a href=\"https:\/\/exceladvisor.org\/es\/fecha-2\/\">FECHA<\/a> y <a href=\"https:\/\/exceladvisor.org\/es\/ahora\/\">AHORA<\/a> ( <a href=\"https:\/\/exceladvisor.org\/es\/funciones\/\">Funciones VBA<\/a> ) para ingresar una fecha o <a href=\"https:\/\/exceladvisor.org\/es\/marca-de-tiempo\/\">marca de tiempo<\/a> en una celda usando el c\u00f3digo VBA.<\/p>\n<pre class=\"wp-block-code\"> <code class=\"language-visual-basic\" lang=\"visual-basic\">Range(\"A1\").Value = Date Range(\"A2\").Value = Now<\/code><\/pre>\n<p> Y si deseas ingresar un valor en la celda activa, el c\u00f3digo que necesitas ser\u00eda como:<\/p>\n<pre class=\"wp-block-code\"> <code class=\"language-visual-basic\" lang=\"visual-basic\">ActiveCell.Value = Date<\/code><\/pre>\n<h3 class=\"wp-block-heading\"> 2. Usando un cuadro de entrada<\/h3>\n<p> Si desea que un usuario especifique un valor para ingresar en una celda, puede usar un cuadro de entrada. Supongamos que desea ingresar el valor en la celda A1, el c\u00f3digo se ver\u00eda as\u00ed: <\/p>\n<div class=\"wp-block-image\">\n<figure class=\"aligncenter size-large is-resized\"><img loading=\"lazy\" decoding=\"async\" class=\"wp-image-51320\" src=\"https:\/\/exceladvisor.org\/wp-content\/uploads\/2023\/08\/2-utiliser-la-zone-de-saisie-pour-la-valeur.png\" sizes=\"auto, \" srcset=\"\" alt=\"usar-cuadro-de-entrada-para-valor\" width=\"496\" height=\"162\"><\/figure>\n<\/div>\n<pre class=\"wp-block-code\"> <code class=\"language-visual-basic\" lang=\"visual-basic\">Range(\"A1\").Value = _ InputBox(Prompt:=\"Type the value you want enter in A1.\")<\/code><\/pre>\n<p> En el c\u00f3digo anterior, el valor de la celda A1 se asigna al valor devuelto por el <a href=\"https:\/\/exceladvisor.org\/es\/campo-de-entrada\/\">cuadro de entrada<\/a> que devuelve el valor ingresado por el usuario.<\/p>\n<h3 class=\"wp-block-heading\"> 3. Desde otra celda<\/h3>\n<p> Tambi\u00e9n puede establecer el valor de la celda utilizando el valor de otra celda. Supongamos que desea agregar valor a la celda A1 desde la celda B1, el c\u00f3digo ser\u00eda: <\/p>\n<pre class=\"wp-block-code\"> <code class=\"language-visual-basic\" lang=\"visual-basic\">Range(\"A1\") = Range(\"B1\").Value<\/code><\/pre>\n<div class=\"wp-block-image\">\n<figure class=\"aligncenter size-large is-resized\"><img loading=\"lazy\" decoding=\"async\" class=\"wp-image-51321\" src=\"https:\/\/exceladvisor.org\/wp-content\/uploads\/2023\/08\/3-definir-la-valeur-de-la-cellule-en-utilisant-la-valeur-dune-autre-cellule.png\" sizes=\"auto, \" srcset=\"\" alt=\"establecer-valor-de-celda-usando-el-valor-de-otra-celda\" width=\"521\" height=\"303\"><\/figure>\n<\/div>\n<p> Tambi\u00e9n puede hacer referencia a la celda B1 sin utilizar la propiedad de valor.<\/p>\n<pre class=\"wp-block-code\"> <code class=\"language-visual-basic\" lang=\"visual-basic\">Range(\"A1\") = Range(\"B1\")<\/code><\/pre>\n<h3 class=\"wp-block-heading\"> 4. Establecer valor en un rango completo<\/h3>\n<p> Imagine que desea ingresar valores en varias celdas o en un rango de celdas en lugar de una sola celda; en este caso, debe escribir un c\u00f3digo como el siguiente: <\/p>\n<pre class=\"wp-block-code\"> <code class=\"language-visual-basic\" lang=\"visual-basic\">Range(\"A1:A10\").Value = Date Range(\"B1, B10\").Value = Now<\/code><\/pre>\n<div class=\"wp-block-image\">\n<figure class=\"aligncenter size-large is-resized\"><img loading=\"lazy\" decoding=\"async\" class=\"wp-image-51322\" src=\"https:\/\/exceladvisor.org\/wp-content\/uploads\/2023\/08\/4-valeurs-de-consigne-dans-toute-la-plage.png\" sizes=\"auto, \" srcset=\"\" alt=\"valor establecido en todo el rango\" width=\"326\" height=\"162\"><\/figure>\n<\/div>\n<p> En la primera l\u00ednea de c\u00f3digo tienes un rango completo desde la celda A1 hasta la A10, y en la segunda l\u00ednea hay dos celdas B1 y B10.<\/p>\n<h2 class=\"wp-block-heading\"> Obtener valor de celda<\/h2>\n<p> Como dije, puedes usar la misma propiedad de valor para obtener el valor de una celda.<\/p>\n<h3 class=\"wp-block-heading\"> 1. Obtenga el valor de ActiveCell<\/h3>\n<p> Supongamos que desea obtener el valor de la celda activa, en este caso debe utilizar el siguiente c\u00f3digo. <\/p>\n<pre class=\"wp-block-code\"> <code class=\"language-visual-basic\" lang=\"visual-basic\">ActiveCell.Value = Range(\"A1\")<\/code><\/pre>\n<div class=\"wp-block-image\">\n<figure class=\"aligncenter size-large is-resized\"><img loading=\"lazy\" decoding=\"async\" class=\"wp-image-51323\" src=\"https:\/\/exceladvisor.org\/wp-content\/uploads\/2023\/08\/5-obtenir-la-valeur-de-la-cellule.png\" sizes=\"auto, \" srcset=\"\" alt=\"obtener valor de celda\" width=\"323\" height=\"150\"><\/figure>\n<\/div>\n<p> En el c\u00f3digo anterior, utiliz\u00f3 la propiedad de valor con la celda activa y luego asign\u00f3 ese valor a la celda A1.<\/p>\n<h3 class=\"wp-block-heading\"> 2. Asignar a una variable<\/h3>\n<p> Tambi\u00e9n puedes obtener un valor de una celda y luego asignarlo a una <a href=\"https:\/\/exceladvisor.org\/es\/variables\/\">variable<\/a> . <\/p>\n<div class=\"wp-block-image\">\n<figure class=\"aligncenter size-large is-resized\"><img loading=\"lazy\" decoding=\"async\" class=\"wp-image-51324\" src=\"https:\/\/exceladvisor.org\/wp-content\/uploads\/2023\/08\/6-affecter-a-une-variable.png\" sizes=\"auto, \" srcset=\"\" alt=\"asignar a una variable\" width=\"333\" height=\"171\"><\/figure>\n<\/div>\n<p> Ahora en el c\u00f3digo anterior tienes la variable \u00abi\u00bb que tiene la fecha como <a href=\"https:\/\/exceladvisor.org\/es\/variables\/\">tipo de datos<\/a> . En la segunda l\u00ednea del c\u00f3digo, se asigna el valor de la celda A1 a la variable.<\/p>\n<h3 class=\"wp-block-heading\"> 3. Mostrar en un MsgBox<\/h3>\n<p> Ahora imagina que quieres mostrar el valor de la celda A1 usando un <a href=\"https:\/\/exceladvisor.org\/es\/cuadro-de-mensajes-vba\/\">cuadro de mensaje<\/a> . En este caso, el c\u00f3digo ser\u00eda el siguiente. <\/p>\n<pre class=\"wp-block-code\"> <code class=\"language-visual-basic\" lang=\"visual-basic\">MsgBox Range(\"A1\").Value<\/code><\/pre>\n<div class=\"wp-block-image\">\n<figure class=\"aligncenter size-large is-resized\"><img loading=\"lazy\" decoding=\"async\" class=\"wp-image-51325\" src=\"https:\/\/exceladvisor.org\/wp-content\/uploads\/2023\/08\/7-afficher-dans-une-msgbox.png\" sizes=\"auto, \" srcset=\"\" alt=\"mostrar en un cuadro de mensaje\" width=\"309\" height=\"163\"><\/figure>\n<\/div>\n<p> En el c\u00f3digo anterior, el cuadro de mensaje tomar\u00e1 el valor de la celda A1 y se lo mostrar\u00e1 al usuario. <\/p>\n<div class=\"wp-block-image\">\n<figure class=\"aligncenter size-large is-resized\"><img loading=\"lazy\" decoding=\"async\" class=\"wp-image-51326\" src=\"https:\/\/exceladvisor.org\/wp-content\/uploads\/2023\/08\/8-msgbox-prennent-de-la-valeur.png\" sizes=\"auto, \" srcset=\"\" alt=\"msgbox-tomar-valor\" width=\"131\" height=\"155\"><\/figure>\n<\/div>\n<h2 class=\"wp-block-heading\"> Cambiar valor de celda<\/h2>\n<p> Tambi\u00e9n puedes realizar cambios en el valor de una celda y aqu\u00ed he compartido algunos ejemplos que pueden ayudarte a comprender esto.<\/p>\n<h3 class=\"wp-block-heading\"> 1. Agregar un n\u00famero a un n\u00famero existente<\/h3>\n<p> Digamos que si desea agregar uno al n\u00famero que tiene en la celda A1, puede usar el siguiente c\u00f3digo.<\/p>\n<pre class=\"wp-block-code\"> <code class=\"language-visual-basic\" lang=\"visual-basic\">Range(\"A1\").Value = Range(\"A1\").Value + 1<\/code><\/pre>\n<p> El c\u00f3digo anterior asigna un valor a la celda A1 tomando el valor de la propia celda A1 y agreg\u00e1ndole uno. Pero tambi\u00e9n puedes usar <a href=\"https:\/\/exceladvisor.org\/es\/si-2\/\">VBA IF THEN ELSE<\/a> para escribir una condici\u00f3n que se cambiar\u00e1 s\u00f3lo cuando <a href=\"https:\/\/exceladvisor.org\/es\/isnumerico\/\">haya un n\u00famero en la celda<\/a> .<\/p>\n<pre class=\"wp-block-code\"> <code class=\"language-visual-basic\" lang=\"visual-basic\">If IsNumeric(Range(\"A1\").Value) Then Range(\"A1\").Value = Range(\"A1\").Value + 1 End If<\/code><\/pre>\n<h3 class=\"wp-block-heading\"> 2. Elimina el primer car\u00e1cter de la celda.<\/h3>\n<p> Ahora el siguiente c\u00f3digo elimina el primer car\u00e1cter del valor de la celda y asigna el resto del valor a la celda.<\/p>\n<pre class=\"wp-block-code\"> <code class=\"language-visual-basic\" lang=\"visual-basic\">Range(\"A1\").Value = Right(Range(\"A1\").Value, Len(Range(\"A1\").Value) - 1)<\/code><\/pre>\n<div class=\"gb-container gb-container-4db6181c gb-container-mt\"> <a class=\"gb-button gb-button-c5897111 gb-button-text gb-button-mt-button\" href=\"https:\/\/exceladvisor.org\/es\/vba\/\">\u00bfQu\u00e9 es VBA?<\/a><\/p>\n<h2 class=\"gb-headline gb-headline-665e5f6b gb-headline-text gb-headline-mt-heading\"> Tutoriales relacionados <\/h2>\n<div class=\"gb-grid-wrapper gb-grid-wrapper-a20baf7c gb-grid-wrapper-mt-grid\">\n<div class=\"gb-grid-column gb-grid-column-65ddf67e\">\n<div class=\"gb-container gb-container-65ddf67e\">\n<ul>\n<li> <a href=\"https:\/\/exceladvisor.org\/es\/numero-de-lineas\/\">Contar filas usando VBA en Excel<\/a><\/li>\n<li> <a href=\"https:\/\/exceladvisor.org\/es\/fuente-de-caracteres\/\">Fuente Excel VBA (color, tama\u00f1o, tipo y negrita)<\/a><\/li>\n<li> <a href=\"https:\/\/exceladvisor.org\/es\/ocultar-mostrar-fila-de-columna\/\">Excel VBA Ocultar y mostrar una columna o fila<\/a><\/li>\n<li> <a href=\"https:\/\/exceladvisor.org\/es\/rango-1\/\">Rango de Excel VBA: trabajar con rango y celdas<\/a><\/li>\n<li> <a href=\"https:\/\/exceladvisor.org\/es\/fronteras\/\">Aplicar bordes a una celda usando VBA en Excel<\/a> <\/li>\n<\/ul>\n<\/div>\n<\/div>\n<div class=\"gb-grid-column gb-grid-column-50067b57\">\n<div class=\"gb-container gb-container-50067b57\"><\/div>\n<\/div>\n<\/div>\n<\/div>\n","protected":false},"excerpt":{"rendered":"<p>Notas clave La propiedad de valor se puede utilizar en ambas direcciones (puede leer y escribir un valor desde una celda). Puede hacer referencia a una celda usando Celdas y Objeto de rango para establecer un valor de celda (para obtener y editar tambi\u00e9n). Establecer valor de celda Para establecer un valor de celda, debe [&hellip;]<\/p>\n","protected":false},"author":1,"featured_media":0,"parent":0,"menu_order":0,"comment_status":"open","ping_status":"closed","template":"","meta":{"ub_ctt_via":"","footnotes":""},"class_list":["post-737","page","type-page","status-publish","hentry"],"featured_image_src":null,"yoast_head":"<!-- This site is optimized with the Yoast SEO plugin v25.4 - https:\/\/yoast.com\/wordpress\/plugins\/seo\/ -->\n<title>\u00bfc\u00f3mo ingresar un valor en una celda usando vba?<\/title>\n<meta name=\"robots\" content=\"index, follow, max-snippet:-1, max-image-preview:large, max-video-preview:-1\" \/>\n<link rel=\"canonical\" href=\"https:\/\/exceladvisor.org\/es\/valor-de-celda\/\" \/>\n<meta property=\"og:locale\" content=\"es_ES\" \/>\n<meta property=\"og:type\" content=\"article\" \/>\n<meta property=\"og:title\" content=\"\u00bfc\u00f3mo ingresar un valor en una celda usando vba?\" \/>\n<meta property=\"og:description\" content=\"Notas clave La propiedad de valor se puede utilizar en ambas direcciones (puede leer y escribir un valor desde una celda). Puede hacer referencia a una celda usando Celdas y Objeto de rango para establecer un valor de celda (para obtener y editar tambi\u00e9n). Establecer valor de celda Para establecer un valor de celda, debe [&hellip;]\" \/>\n<meta property=\"og:url\" content=\"https:\/\/exceladvisor.org\/es\/valor-de-celda\/\" \/>\n<meta property=\"og:site_name\" content=\"Excel Advisor\" \/>\n<meta property=\"article:modified_time\" content=\"2023-12-25T10:25:44+00:00\" \/>\n<meta property=\"og:image\" content=\"https:\/\/exceladvisor.org\/wp-content\/uploads\/2023\/08\/1-valeur-de-cellule-definie.png\" \/>\n<meta name=\"twitter:card\" content=\"summary_large_image\" \/>\n<meta name=\"twitter:label1\" content=\"Tiempo de lectura\" \/>\n\t<meta name=\"twitter:data1\" content=\"5 minutos\" \/>\n<script type=\"application\/ld+json\" class=\"yoast-schema-graph\">{\"@context\":\"https:\/\/schema.org\",\"@graph\":[{\"@type\":\"WebPage\",\"@id\":\"https:\/\/exceladvisor.org\/es\/valor-de-celda\/\",\"url\":\"https:\/\/exceladvisor.org\/es\/valor-de-celda\/\",\"name\":\"\u00bfc\u00f3mo ingresar un valor en una celda usando vba?\",\"isPartOf\":{\"@id\":\"https:\/\/exceladvisor.org\/es\/#website\"},\"primaryImageOfPage\":{\"@id\":\"https:\/\/exceladvisor.org\/es\/valor-de-celda\/#primaryimage\"},\"image\":{\"@id\":\"https:\/\/exceladvisor.org\/es\/valor-de-celda\/#primaryimage\"},\"thumbnailUrl\":\"https:\/\/exceladvisor.org\/wp-content\/uploads\/2023\/08\/1-valeur-de-cellule-definie.png\",\"datePublished\":\"2023-09-01T08:07:06+00:00\",\"dateModified\":\"2023-12-25T10:25:44+00:00\",\"breadcrumb\":{\"@id\":\"https:\/\/exceladvisor.org\/es\/valor-de-celda\/#breadcrumb\"},\"inLanguage\":\"es\",\"potentialAction\":[{\"@type\":\"ReadAction\",\"target\":[\"https:\/\/exceladvisor.org\/es\/valor-de-celda\/\"]}]},{\"@type\":\"ImageObject\",\"inLanguage\":\"es\",\"@id\":\"https:\/\/exceladvisor.org\/es\/valor-de-celda\/#primaryimage\",\"url\":\"https:\/\/exceladvisor.org\/wp-content\/uploads\/2023\/08\/1-valeur-de-cellule-definie.png\",\"contentUrl\":\"https:\/\/exceladvisor.org\/wp-content\/uploads\/2023\/08\/1-valeur-de-cellule-definie.png\"},{\"@type\":\"BreadcrumbList\",\"@id\":\"https:\/\/exceladvisor.org\/es\/valor-de-celda\/#breadcrumb\",\"itemListElement\":[{\"@type\":\"ListItem\",\"position\":1,\"name\":\"Hogar\",\"item\":\"https:\/\/exceladvisor.org\/es\/\"},{\"@type\":\"ListItem\",\"position\":2,\"name\":\"\u00bfc\u00f3mo ingresar un valor en una celda usando vba?\"}]},{\"@type\":\"WebSite\",\"@id\":\"https:\/\/exceladvisor.org\/es\/#website\",\"url\":\"https:\/\/exceladvisor.org\/es\/\",\"name\":\"Excel Advisor\",\"description\":\"Su gu\u00eda para la dominaci\u00f3n de datos!\",\"publisher\":{\"@id\":\"https:\/\/exceladvisor.org\/es\/#organization\"},\"potentialAction\":[{\"@type\":\"SearchAction\",\"target\":{\"@type\":\"EntryPoint\",\"urlTemplate\":\"https:\/\/exceladvisor.org\/es\/?s={search_term_string}\"},\"query-input\":{\"@type\":\"PropertyValueSpecification\",\"valueRequired\":true,\"valueName\":\"search_term_string\"}}],\"inLanguage\":\"es\"},{\"@type\":\"Organization\",\"@id\":\"https:\/\/exceladvisor.org\/es\/#organization\",\"name\":\"Excel Advisor\",\"url\":\"https:\/\/exceladvisor.org\/es\/\",\"logo\":{\"@type\":\"ImageObject\",\"inLanguage\":\"es\",\"@id\":\"https:\/\/exceladvisor.org\/es\/#\/schema\/logo\/image\/\",\"url\":\"https:\/\/exceladvisor.org\/es\/wp-content\/uploads\/2023\/12\/exceladvisor.org_.png\",\"contentUrl\":\"https:\/\/exceladvisor.org\/es\/wp-content\/uploads\/2023\/12\/exceladvisor.org_.png\",\"width\":105,\"height\":36,\"caption\":\"Excel Advisor\"},\"image\":{\"@id\":\"https:\/\/exceladvisor.org\/es\/#\/schema\/logo\/image\/\"}}]}<\/script>\n<!-- \/ Yoast SEO plugin. -->","yoast_head_json":{"title":"\u00bfc\u00f3mo ingresar un valor en una celda usando vba?","robots":{"index":"index","follow":"follow","max-snippet":"max-snippet:-1","max-image-preview":"max-image-preview:large","max-video-preview":"max-video-preview:-1"},"canonical":"https:\/\/exceladvisor.org\/es\/valor-de-celda\/","og_locale":"es_ES","og_type":"article","og_title":"\u00bfc\u00f3mo ingresar un valor en una celda usando vba?","og_description":"Notas clave La propiedad de valor se puede utilizar en ambas direcciones (puede leer y escribir un valor desde una celda). Puede hacer referencia a una celda usando Celdas y Objeto de rango para establecer un valor de celda (para obtener y editar tambi\u00e9n). Establecer valor de celda Para establecer un valor de celda, debe [&hellip;]","og_url":"https:\/\/exceladvisor.org\/es\/valor-de-celda\/","og_site_name":"Excel Advisor","article_modified_time":"2023-12-25T10:25:44+00:00","og_image":[{"url":"https:\/\/exceladvisor.org\/wp-content\/uploads\/2023\/08\/1-valeur-de-cellule-definie.png","type":"","width":"","height":""}],"twitter_card":"summary_large_image","twitter_misc":{"Tiempo de lectura":"5 minutos"},"schema":{"@context":"https:\/\/schema.org","@graph":[{"@type":"WebPage","@id":"https:\/\/exceladvisor.org\/es\/valor-de-celda\/","url":"https:\/\/exceladvisor.org\/es\/valor-de-celda\/","name":"\u00bfc\u00f3mo ingresar un valor en una celda usando vba?","isPartOf":{"@id":"https:\/\/exceladvisor.org\/es\/#website"},"primaryImageOfPage":{"@id":"https:\/\/exceladvisor.org\/es\/valor-de-celda\/#primaryimage"},"image":{"@id":"https:\/\/exceladvisor.org\/es\/valor-de-celda\/#primaryimage"},"thumbnailUrl":"https:\/\/exceladvisor.org\/wp-content\/uploads\/2023\/08\/1-valeur-de-cellule-definie.png","datePublished":"2023-09-01T08:07:06+00:00","dateModified":"2023-12-25T10:25:44+00:00","breadcrumb":{"@id":"https:\/\/exceladvisor.org\/es\/valor-de-celda\/#breadcrumb"},"inLanguage":"es","potentialAction":[{"@type":"ReadAction","target":["https:\/\/exceladvisor.org\/es\/valor-de-celda\/"]}]},{"@type":"ImageObject","inLanguage":"es","@id":"https:\/\/exceladvisor.org\/es\/valor-de-celda\/#primaryimage","url":"https:\/\/exceladvisor.org\/wp-content\/uploads\/2023\/08\/1-valeur-de-cellule-definie.png","contentUrl":"https:\/\/exceladvisor.org\/wp-content\/uploads\/2023\/08\/1-valeur-de-cellule-definie.png"},{"@type":"BreadcrumbList","@id":"https:\/\/exceladvisor.org\/es\/valor-de-celda\/#breadcrumb","itemListElement":[{"@type":"ListItem","position":1,"name":"Hogar","item":"https:\/\/exceladvisor.org\/es\/"},{"@type":"ListItem","position":2,"name":"\u00bfc\u00f3mo ingresar un valor en una celda usando vba?"}]},{"@type":"WebSite","@id":"https:\/\/exceladvisor.org\/es\/#website","url":"https:\/\/exceladvisor.org\/es\/","name":"Excel Advisor","description":"Su gu\u00eda para la dominaci\u00f3n de datos!","publisher":{"@id":"https:\/\/exceladvisor.org\/es\/#organization"},"potentialAction":[{"@type":"SearchAction","target":{"@type":"EntryPoint","urlTemplate":"https:\/\/exceladvisor.org\/es\/?s={search_term_string}"},"query-input":{"@type":"PropertyValueSpecification","valueRequired":true,"valueName":"search_term_string"}}],"inLanguage":"es"},{"@type":"Organization","@id":"https:\/\/exceladvisor.org\/es\/#organization","name":"Excel Advisor","url":"https:\/\/exceladvisor.org\/es\/","logo":{"@type":"ImageObject","inLanguage":"es","@id":"https:\/\/exceladvisor.org\/es\/#\/schema\/logo\/image\/","url":"https:\/\/exceladvisor.org\/es\/wp-content\/uploads\/2023\/12\/exceladvisor.org_.png","contentUrl":"https:\/\/exceladvisor.org\/es\/wp-content\/uploads\/2023\/12\/exceladvisor.org_.png","width":105,"height":36,"caption":"Excel Advisor"},"image":{"@id":"https:\/\/exceladvisor.org\/es\/#\/schema\/logo\/image\/"}}]}},"yoast_meta":{"yoast_wpseo_title":"","yoast_wpseo_metadesc":"","yoast_wpseo_canonical":""},"_links":{"self":[{"href":"https:\/\/exceladvisor.org\/es\/wp-json\/wp\/v2\/pages\/737","targetHints":{"allow":["GET"]}}],"collection":[{"href":"https:\/\/exceladvisor.org\/es\/wp-json\/wp\/v2\/pages"}],"about":[{"href":"https:\/\/exceladvisor.org\/es\/wp-json\/wp\/v2\/types\/page"}],"author":[{"embeddable":true,"href":"https:\/\/exceladvisor.org\/es\/wp-json\/wp\/v2\/users\/1"}],"replies":[{"embeddable":true,"href":"https:\/\/exceladvisor.org\/es\/wp-json\/wp\/v2\/comments?post=737"}],"version-history":[{"count":1,"href":"https:\/\/exceladvisor.org\/es\/wp-json\/wp\/v2\/pages\/737\/revisions"}],"predecessor-version":[{"id":1098,"href":"https:\/\/exceladvisor.org\/es\/wp-json\/wp\/v2\/pages\/737\/revisions\/1098"}],"wp:attachment":[{"href":"https:\/\/exceladvisor.org\/es\/wp-json\/wp\/v2\/media?parent=737"}],"curies":[{"name":"wp","href":"https:\/\/api.w.org\/{rel}","templated":true}]}}