{"id":738,"date":"2023-09-01T07:29:00","date_gmt":"2023-09-01T07:29:00","guid":{"rendered":"https:\/\/exceladvisor.org\/es\/celdas-especiales\/"},"modified":"2023-12-25T10:28:01","modified_gmt":"2023-12-25T10:28:01","slug":"celdas-especiales","status":"publish","type":"page","link":"https:\/\/exceladvisor.org\/es\/celdas-especiales\/","title":{"rendered":"\u00bfc\u00f3mo utilizar el m\u00e9todo de celda especial?"},"content":{"rendered":"<div class=\"excel-antes-del-contenido\" id=\"excel-1838428252\"><script type=\"text\/javascript\">\r\n\tatOptions = {\r\n\t\t'key' : 'c1158f160081d6540a8409e6925dab94',\r\n\t\t'format' : 'iframe',\r\n\t\t'height' : 250,\r\n\t\t'width' : 300,\r\n\t\t'params' : {}\r\n\t};\r\n<\/script>\r\n<script type=\"text\/javascript\" src=\"\/\/www.highperformanceformat.com\/c1158f160081d6540a8409e6925dab94\/invoke.js\"><\/script><\/div><p>En VBA, el m\u00e9todo de celdas especiales le permite seleccionar una celda o rango de celdas de un tipo espec\u00edfico y un tipo de valor espec\u00edfico. Digamos que quieres saber que en el rango A1:A10, \u00bfqu\u00e9 celdas tienen una f\u00f3rmula y est\u00e1n numeradas como valor? Bueno, puedes lograr este resultado con el m\u00e9todo SpecialCells.<\/p>\n<h2 class=\"wp-block-heading\"> Utilice el m\u00e9todo de celdas especiales en VBA <\/h2>\n<div class=\"wp-block-image\">\n<figure class=\"aligncenter size-large is-resized\"><img loading=\"lazy\" decoding=\"async\" class=\"wp-image-54756\" src=\"https:\/\/exceladvisor.org\/wp-content\/uploads\/2023\/08\/1-utiliser-la-methode-des-cellules-speciales-dans-vba.png\" sizes=\"auto, \" srcset=\"\" alt=\"usar el m\u00e9todo de celdas especiales en vba\" width=\"614\" height=\"275\"><\/figure>\n<\/div>\n<p> Aqu\u00ed escribimos c\u00f3digo para averiguar la direcci\u00f3n de la \u00faltima celda utilizada en el rango A1:A10. Tenga en cuenta que en el m\u00e9todo de celda especial hay dos argumentos, uno de los cuales es obligatorio y el otro opcional.<\/p>\n<ol>\n<li> Primero, declare una variable como un rango para almacenar esta direcci\u00f3n de celda devuelta por el c\u00f3digo. <br \/><img loading=\"lazy\" decoding=\"async\" title=\"2-declarar-una-variable-como-rango\" src=\"https:\/\/exceladvisor.org\/wp-content\/uploads\/2023\/08\/2-declarer-une-variable-comme-plage.png\" sizes=\"auto, \" srcset=\"\" alt=\"declare a variable as range\" width=\"328\" height=\"284\"><\/li>\n<li> Despu\u00e9s de eso, consulte el rango y use el m\u00e9todo \u00abSpecialCells\u00bb donde debe especificar el argumento \u00abTipo\u00bb con \u00abxlCellTypeLastCell\u00bb.<\/li>\n<li> A continuaci\u00f3n, establezca esta l\u00ednea especial de c\u00f3digo de celda en la variable que defini\u00f3 en el primer paso. <br \/><img loading=\"lazy\" decoding=\"async\" title=\"3-usa-el-m\u00e9todo-celular-especial\" src=\"https:\/\/exceladvisor.org\/wp-content\/uploads\/2023\/08\/3-utiliser-la-methode-des-cellules-speciales.png\" sizes=\"auto, \" srcset=\"\" alt=\"use the specialcells method\" width=\"462\" height=\"209\"><\/li>\n<li> Desde aqu\u00ed, debe usar un cuadro de mensaje de VBA para obtener la direcci\u00f3n de la celda devuelta mediante el m\u00e9todo de celda especial.<\/li>\n<li> Al final, use la propiedad de direcci\u00f3n con la variable para obtener la direcci\u00f3n de la celda del \u00faltimo tipo. <br \/><img loading=\"lazy\" decoding=\"async\" title=\"4-cuadro-de-mensaje-vba-para-obtener-la-direcci\u00f3n\" src=\"https:\/\/exceladvisor.org\/wp-content\/uploads\/2023\/08\/Boite-de-message-4-vba-pour-obtenir-ladresse.png\" sizes=\"auto, \" srcset=\"\" alt=\"Vba message box to get the address\" width=\"449\" height=\"203\"><\/li>\n<\/ol>\n<p> Aqu\u00ed est\u00e1 el c\u00f3digo completo.<\/p>\n<pre class=\"wp-block-code\"> <code class=\"language-visual-basic\" lang=\"visual-basic\">Dim myRng As Range Set myRng = Range(\"A1:A10\").SpecialCells(xlCellTypeLastCell) MsgBox myRng.Address<\/code><\/pre>\n<p> Ahora, cuando ejecute este c\u00f3digo, le mostrar\u00e1 un cuadro de mensaje con la direcci\u00f3n de la celda que se us\u00f3 (escribi\u00f3) por \u00faltima vez. Entonces aqu\u00ed en mi caso us\u00e9 la celda A10 y la misma recib\u00ed en el cuadro de mensaje.<\/p>\n<h2 class=\"wp-block-heading\"> Seleccionar celdas con notas<\/h2>\n<p> En Excel, los antiguos \u00abComentarios\u00bb ahora son \u00abNotas\u00bb. Cuando escribe c\u00f3digo para seleccionar comentarios, seleccionar\u00e1 las notas que tenga dentro del rango especificado. Considere el siguiente c\u00f3digo. <\/p>\n<div class=\"wp-block-image\">\n<figure class=\"aligncenter size-large is-resized\"><img loading=\"lazy\" decoding=\"async\" class=\"wp-image-54760\" src=\"https:\/\/exceladvisor.org\/wp-content\/uploads\/2023\/08\/5-cellules-selectionnees-avec-des-notes.png\" sizes=\"auto, \" srcset=\"\" alt=\"seleccionar celdas con notas\" width=\"590\" height=\"296\"><\/figure>\n<\/div>\n<pre class=\"wp-block-code\"> <code class=\"language-visual-basic\" lang=\"visual-basic\">Dim myRng As Range Set myRng = _ Range(\"A1:A10\").SpecialCells(xlCellTypeComments) myRng.Select<\/code><\/pre>\n<h2 class=\"wp-block-heading\"> Utilice ambos argumentos<\/h2>\n<p> Como dije antes, tienes dos argumentos para el m\u00e9todo SpecialCells. Ahora veamos c\u00f3mo puedes usar los dos argumentos para seleccionar celdas que tengan una f\u00f3rmula y que el valor devuelto por la f\u00f3rmula sea un valor l\u00f3gico.<\/p>\n<pre class=\"wp-block-code\"> <code class=\"language-visual-basic\" lang=\"visual-basic\">Dim myRng As Range Set myRng = Range(\"A1:A11\").SpecialCells(xlCellTypeFormulas, xlLogical) myRng.Select<\/code><\/pre>\n<p> Ahora, cuando ejecuto el c\u00f3digo anterior, selecciona celdas del rango A1 a A11 donde tengo f\u00f3rmulas y valores l\u00f3gicos. <\/p>\n<div class=\"wp-block-image\">\n<figure class=\"aligncenter size-large is-resized\"><img loading=\"lazy\" decoding=\"async\" class=\"wp-image-54761\" src=\"https:\/\/exceladvisor.org\/wp-content\/uploads\/2023\/08\/6-en-utilisant-les-deux-arguments.png\" sizes=\"auto, \" srcset=\"\" alt=\"usando ambos argumentos\" width=\"588\" height=\"243\"><\/figure>\n<\/div>\n<h2 class=\"wp-block-heading\"> Seleccionar celdas con formato condicional<\/h2>\n<pre class=\"wp-block-code\"> <code class=\"language-visual-basic\" lang=\"visual-basic\">Range(\"A1:A11\").SpecialCells(xlCellTypeSameFormatConditions) Range(\"A1:A11\").SpecialCells(xlCellTypeAllFormatConditions)<\/code><\/pre>\n<h2 class=\"wp-block-heading\"> Seleccionar celdas visibles<\/h2>\n<p> Y tambi\u00e9n puedes seleccionar lo visible usando la constante \u201cxlCellTypeVisible\u201d. Considere el siguiente c\u00f3digo. <\/p>\n<pre class=\"wp-block-code\"> <code class=\"language-visual-basic\" lang=\"visual-basic\">Dim myRng As Range Set myRng = Range(\"A1:A11\").SpecialCells(xlCellTypeVisible) myRng.Select<\/code><\/pre>\n<div class=\"wp-block-image\">\n<figure class=\"aligncenter size-large is-resized\"><img loading=\"lazy\" decoding=\"async\" class=\"wp-image-54762\" src=\"https:\/\/exceladvisor.org\/wp-content\/uploads\/2023\/08\/7-cellules-selectionnees-avec-mise-en-forme-conditionnelle.png\" sizes=\"auto, \" srcset=\"\" alt=\"seleccionar celdas con formato condicional\" width=\"607\" height=\"266\"><\/figure>\n<\/div>\n<p> O tambi\u00e9n puede utilizar \u00ab12\u00bb como valor del argumento.<\/p>\n<pre class=\"wp-block-code\"> <code class=\"language-visual-basic\" lang=\"visual-basic\">Dim myRng As Range Set myRng = Range(\"A1:A11\").SpecialCells(12) myRng.Select<\/code><\/pre>\n<h2 class=\"wp-block-heading\"> Celdas con validaci\u00f3n de datos<\/h2>\n<pre class=\"wp-block-code\"> <code class=\"language-visual-basic\" lang=\"visual-basic\">Range(\"A1:A11\").SpecialCells(xlCellTypeAllValidation) Range(\"A1:A11\").SpecialCells(xlCellTypeSameValidation)<\/code><\/pre>\n<div class=\"gb-container gb-container-4db6181c gb-container-mt\"> <a class=\"gb-button gb-button-c5897111 gb-button-text gb-button-mt-button\" href=\"https:\/\/exceladvisor.org\/es\/vba\/\">\u00bfQu\u00e9 es VBA?<\/a><\/p>\n<h2 class=\"gb-headline gb-headline-665e5f6b gb-headline-text gb-headline-mt-heading\"> Tutoriales relacionados <\/h2>\n<div class=\"gb-grid-wrapper gb-grid-wrapper-a20baf7c gb-grid-wrapper-mt-grid\">\n<div class=\"gb-grid-column gb-grid-column-65ddf67e\">\n<div class=\"gb-container gb-container-65ddf67e\">\n<ul>\n<li> <a href=\"https:\/\/exceladvisor.org\/es\/numero-de-lineas\/\">Contar filas usando VBA en Excel<\/a><\/li>\n<li> <a href=\"https:\/\/exceladvisor.org\/es\/fuente-de-caracteres\/\">Fuente Excel VBA (color, tama\u00f1o, tipo y negrita)<\/a><\/li>\n<li> <a href=\"https:\/\/exceladvisor.org\/es\/ocultar-mostrar-fila-de-columna\/\">Excel VBA Ocultar y mostrar una columna o fila<\/a><\/li>\n<li> <a href=\"https:\/\/exceladvisor.org\/es\/rango-1\/\">Rango de Excel VBA: trabajar con rango y celdas<\/a><\/li>\n<li> <a href=\"https:\/\/exceladvisor.org\/es\/fronteras\/\">Aplicar bordes a una celda usando VBA en Excel<\/a> <\/li>\n<\/ul>\n<\/div>\n<\/div>\n<div class=\"gb-grid-column gb-grid-column-50067b57\">\n<div class=\"gb-container gb-container-50067b57\"><\/div>\n<\/div>\n<\/div>\n<\/div>\n","protected":false},"excerpt":{"rendered":"<p>En VBA, el m\u00e9todo de celdas especiales le permite seleccionar una celda o rango de celdas de un tipo espec\u00edfico y un tipo de valor espec\u00edfico. Digamos que quieres saber que en el rango A1:A10, \u00bfqu\u00e9 celdas tienen una f\u00f3rmula y est\u00e1n numeradas como valor? Bueno, puedes lograr este resultado con el m\u00e9todo SpecialCells. Utilice [&hellip;]<\/p>\n","protected":false},"author":1,"featured_media":0,"parent":0,"menu_order":0,"comment_status":"open","ping_status":"closed","template":"","meta":{"ub_ctt_via":"","footnotes":""},"class_list":["post-738","page","type-page","status-publish","hentry"],"featured_image_src":null,"yoast_head":"<!-- This site is optimized with the Yoast SEO plugin v25.4 - https:\/\/yoast.com\/wordpress\/plugins\/seo\/ -->\n<title>\u00bfc\u00f3mo utilizar el m\u00e9todo de celda especial?<\/title>\n<meta name=\"robots\" content=\"index, follow, max-snippet:-1, max-image-preview:large, max-video-preview:-1\" \/>\n<link rel=\"canonical\" href=\"https:\/\/exceladvisor.org\/es\/celdas-especiales\/\" \/>\n<meta property=\"og:locale\" content=\"es_ES\" \/>\n<meta property=\"og:type\" content=\"article\" \/>\n<meta property=\"og:title\" content=\"\u00bfc\u00f3mo utilizar el m\u00e9todo de celda especial?\" \/>\n<meta property=\"og:description\" content=\"En VBA, el m\u00e9todo de celdas especiales le permite seleccionar una celda o rango de celdas de un tipo espec\u00edfico y un tipo de valor espec\u00edfico. Digamos que quieres saber que en el rango A1:A10, \u00bfqu\u00e9 celdas tienen una f\u00f3rmula y est\u00e1n numeradas como valor? Bueno, puedes lograr este resultado con el m\u00e9todo SpecialCells. Utilice [&hellip;]\" \/>\n<meta property=\"og:url\" content=\"https:\/\/exceladvisor.org\/es\/celdas-especiales\/\" \/>\n<meta property=\"og:site_name\" content=\"Excel Advisor\" \/>\n<meta property=\"article:modified_time\" content=\"2023-12-25T10:28:01+00:00\" \/>\n<meta property=\"og:image\" content=\"https:\/\/exceladvisor.org\/wp-content\/uploads\/2023\/08\/1-utiliser-la-methode-des-cellules-speciales-dans-vba.png\" \/>\n<meta name=\"twitter:card\" content=\"summary_large_image\" \/>\n<meta name=\"twitter:label1\" content=\"Tiempo de lectura\" \/>\n\t<meta name=\"twitter:data1\" content=\"3 minutos\" \/>\n<script type=\"application\/ld+json\" class=\"yoast-schema-graph\">{\"@context\":\"https:\/\/schema.org\",\"@graph\":[{\"@type\":\"WebPage\",\"@id\":\"https:\/\/exceladvisor.org\/es\/celdas-especiales\/\",\"url\":\"https:\/\/exceladvisor.org\/es\/celdas-especiales\/\",\"name\":\"\u00bfc\u00f3mo utilizar el m\u00e9todo de celda especial?\",\"isPartOf\":{\"@id\":\"https:\/\/exceladvisor.org\/es\/#website\"},\"primaryImageOfPage\":{\"@id\":\"https:\/\/exceladvisor.org\/es\/celdas-especiales\/#primaryimage\"},\"image\":{\"@id\":\"https:\/\/exceladvisor.org\/es\/celdas-especiales\/#primaryimage\"},\"thumbnailUrl\":\"https:\/\/exceladvisor.org\/wp-content\/uploads\/2023\/08\/1-utiliser-la-methode-des-cellules-speciales-dans-vba.png\",\"datePublished\":\"2023-09-01T07:29:00+00:00\",\"dateModified\":\"2023-12-25T10:28:01+00:00\",\"breadcrumb\":{\"@id\":\"https:\/\/exceladvisor.org\/es\/celdas-especiales\/#breadcrumb\"},\"inLanguage\":\"es\",\"potentialAction\":[{\"@type\":\"ReadAction\",\"target\":[\"https:\/\/exceladvisor.org\/es\/celdas-especiales\/\"]}]},{\"@type\":\"ImageObject\",\"inLanguage\":\"es\",\"@id\":\"https:\/\/exceladvisor.org\/es\/celdas-especiales\/#primaryimage\",\"url\":\"https:\/\/exceladvisor.org\/wp-content\/uploads\/2023\/08\/1-utiliser-la-methode-des-cellules-speciales-dans-vba.png\",\"contentUrl\":\"https:\/\/exceladvisor.org\/wp-content\/uploads\/2023\/08\/1-utiliser-la-methode-des-cellules-speciales-dans-vba.png\"},{\"@type\":\"BreadcrumbList\",\"@id\":\"https:\/\/exceladvisor.org\/es\/celdas-especiales\/#breadcrumb\",\"itemListElement\":[{\"@type\":\"ListItem\",\"position\":1,\"name\":\"Hogar\",\"item\":\"https:\/\/exceladvisor.org\/es\/\"},{\"@type\":\"ListItem\",\"position\":2,\"name\":\"\u00bfc\u00f3mo utilizar el m\u00e9todo de celda especial?\"}]},{\"@type\":\"WebSite\",\"@id\":\"https:\/\/exceladvisor.org\/es\/#website\",\"url\":\"https:\/\/exceladvisor.org\/es\/\",\"name\":\"Excel Advisor\",\"description\":\"Su gu\u00eda para la dominaci\u00f3n de datos!\",\"publisher\":{\"@id\":\"https:\/\/exceladvisor.org\/es\/#organization\"},\"potentialAction\":[{\"@type\":\"SearchAction\",\"target\":{\"@type\":\"EntryPoint\",\"urlTemplate\":\"https:\/\/exceladvisor.org\/es\/?s={search_term_string}\"},\"query-input\":{\"@type\":\"PropertyValueSpecification\",\"valueRequired\":true,\"valueName\":\"search_term_string\"}}],\"inLanguage\":\"es\"},{\"@type\":\"Organization\",\"@id\":\"https:\/\/exceladvisor.org\/es\/#organization\",\"name\":\"Excel Advisor\",\"url\":\"https:\/\/exceladvisor.org\/es\/\",\"logo\":{\"@type\":\"ImageObject\",\"inLanguage\":\"es\",\"@id\":\"https:\/\/exceladvisor.org\/es\/#\/schema\/logo\/image\/\",\"url\":\"https:\/\/exceladvisor.org\/es\/wp-content\/uploads\/2023\/12\/exceladvisor.org_.png\",\"contentUrl\":\"https:\/\/exceladvisor.org\/es\/wp-content\/uploads\/2023\/12\/exceladvisor.org_.png\",\"width\":105,\"height\":36,\"caption\":\"Excel Advisor\"},\"image\":{\"@id\":\"https:\/\/exceladvisor.org\/es\/#\/schema\/logo\/image\/\"}}]}<\/script>\n<!-- \/ Yoast SEO plugin. -->","yoast_head_json":{"title":"\u00bfc\u00f3mo utilizar el m\u00e9todo de celda especial?","robots":{"index":"index","follow":"follow","max-snippet":"max-snippet:-1","max-image-preview":"max-image-preview:large","max-video-preview":"max-video-preview:-1"},"canonical":"https:\/\/exceladvisor.org\/es\/celdas-especiales\/","og_locale":"es_ES","og_type":"article","og_title":"\u00bfc\u00f3mo utilizar el m\u00e9todo de celda especial?","og_description":"En VBA, el m\u00e9todo de celdas especiales le permite seleccionar una celda o rango de celdas de un tipo espec\u00edfico y un tipo de valor espec\u00edfico. Digamos que quieres saber que en el rango A1:A10, \u00bfqu\u00e9 celdas tienen una f\u00f3rmula y est\u00e1n numeradas como valor? Bueno, puedes lograr este resultado con el m\u00e9todo SpecialCells. Utilice [&hellip;]","og_url":"https:\/\/exceladvisor.org\/es\/celdas-especiales\/","og_site_name":"Excel Advisor","article_modified_time":"2023-12-25T10:28:01+00:00","og_image":[{"url":"https:\/\/exceladvisor.org\/wp-content\/uploads\/2023\/08\/1-utiliser-la-methode-des-cellules-speciales-dans-vba.png","type":"","width":"","height":""}],"twitter_card":"summary_large_image","twitter_misc":{"Tiempo de lectura":"3 minutos"},"schema":{"@context":"https:\/\/schema.org","@graph":[{"@type":"WebPage","@id":"https:\/\/exceladvisor.org\/es\/celdas-especiales\/","url":"https:\/\/exceladvisor.org\/es\/celdas-especiales\/","name":"\u00bfc\u00f3mo utilizar el m\u00e9todo de celda especial?","isPartOf":{"@id":"https:\/\/exceladvisor.org\/es\/#website"},"primaryImageOfPage":{"@id":"https:\/\/exceladvisor.org\/es\/celdas-especiales\/#primaryimage"},"image":{"@id":"https:\/\/exceladvisor.org\/es\/celdas-especiales\/#primaryimage"},"thumbnailUrl":"https:\/\/exceladvisor.org\/wp-content\/uploads\/2023\/08\/1-utiliser-la-methode-des-cellules-speciales-dans-vba.png","datePublished":"2023-09-01T07:29:00+00:00","dateModified":"2023-12-25T10:28:01+00:00","breadcrumb":{"@id":"https:\/\/exceladvisor.org\/es\/celdas-especiales\/#breadcrumb"},"inLanguage":"es","potentialAction":[{"@type":"ReadAction","target":["https:\/\/exceladvisor.org\/es\/celdas-especiales\/"]}]},{"@type":"ImageObject","inLanguage":"es","@id":"https:\/\/exceladvisor.org\/es\/celdas-especiales\/#primaryimage","url":"https:\/\/exceladvisor.org\/wp-content\/uploads\/2023\/08\/1-utiliser-la-methode-des-cellules-speciales-dans-vba.png","contentUrl":"https:\/\/exceladvisor.org\/wp-content\/uploads\/2023\/08\/1-utiliser-la-methode-des-cellules-speciales-dans-vba.png"},{"@type":"BreadcrumbList","@id":"https:\/\/exceladvisor.org\/es\/celdas-especiales\/#breadcrumb","itemListElement":[{"@type":"ListItem","position":1,"name":"Hogar","item":"https:\/\/exceladvisor.org\/es\/"},{"@type":"ListItem","position":2,"name":"\u00bfc\u00f3mo utilizar el m\u00e9todo de celda especial?"}]},{"@type":"WebSite","@id":"https:\/\/exceladvisor.org\/es\/#website","url":"https:\/\/exceladvisor.org\/es\/","name":"Excel Advisor","description":"Su gu\u00eda para la dominaci\u00f3n de datos!","publisher":{"@id":"https:\/\/exceladvisor.org\/es\/#organization"},"potentialAction":[{"@type":"SearchAction","target":{"@type":"EntryPoint","urlTemplate":"https:\/\/exceladvisor.org\/es\/?s={search_term_string}"},"query-input":{"@type":"PropertyValueSpecification","valueRequired":true,"valueName":"search_term_string"}}],"inLanguage":"es"},{"@type":"Organization","@id":"https:\/\/exceladvisor.org\/es\/#organization","name":"Excel Advisor","url":"https:\/\/exceladvisor.org\/es\/","logo":{"@type":"ImageObject","inLanguage":"es","@id":"https:\/\/exceladvisor.org\/es\/#\/schema\/logo\/image\/","url":"https:\/\/exceladvisor.org\/es\/wp-content\/uploads\/2023\/12\/exceladvisor.org_.png","contentUrl":"https:\/\/exceladvisor.org\/es\/wp-content\/uploads\/2023\/12\/exceladvisor.org_.png","width":105,"height":36,"caption":"Excel Advisor"},"image":{"@id":"https:\/\/exceladvisor.org\/es\/#\/schema\/logo\/image\/"}}]}},"yoast_meta":{"yoast_wpseo_title":"","yoast_wpseo_metadesc":"","yoast_wpseo_canonical":""},"_links":{"self":[{"href":"https:\/\/exceladvisor.org\/es\/wp-json\/wp\/v2\/pages\/738","targetHints":{"allow":["GET"]}}],"collection":[{"href":"https:\/\/exceladvisor.org\/es\/wp-json\/wp\/v2\/pages"}],"about":[{"href":"https:\/\/exceladvisor.org\/es\/wp-json\/wp\/v2\/types\/page"}],"author":[{"embeddable":true,"href":"https:\/\/exceladvisor.org\/es\/wp-json\/wp\/v2\/users\/1"}],"replies":[{"embeddable":true,"href":"https:\/\/exceladvisor.org\/es\/wp-json\/wp\/v2\/comments?post=738"}],"version-history":[{"count":1,"href":"https:\/\/exceladvisor.org\/es\/wp-json\/wp\/v2\/pages\/738\/revisions"}],"predecessor-version":[{"id":1257,"href":"https:\/\/exceladvisor.org\/es\/wp-json\/wp\/v2\/pages\/738\/revisions\/1257"}],"wp:attachment":[{"href":"https:\/\/exceladvisor.org\/es\/wp-json\/wp\/v2\/media?parent=738"}],"curies":[{"name":"wp","href":"https:\/\/api.w.org\/{rel}","templated":true}]}}