{"id":739,"date":"2023-09-01T07:18:23","date_gmt":"2023-09-01T07:18:23","guid":{"rendered":"https:\/\/exceladvisor.org\/es\/fronteras\/"},"modified":"2023-12-25T10:23:23","modified_gmt":"2023-12-25T10:23:23","slug":"fronteras","status":"publish","type":"page","link":"https:\/\/exceladvisor.org\/es\/fronteras\/","title":{"rendered":"\u00bfc\u00f3mo aplicar bordes a una celda?"},"content":{"rendered":"<div class=\"excel-antes-del-contenido\" id=\"excel-2099830973\"><script type=\"text\/javascript\">\r\n\tatOptions = {\r\n\t\t'key' : 'c1158f160081d6540a8409e6925dab94',\r\n\t\t'format' : 'iframe',\r\n\t\t'height' : 250,\r\n\t\t'width' : 300,\r\n\t\t'params' : {}\r\n\t};\r\n<\/script>\r\n<script type=\"text\/javascript\" src=\"\/\/www.highperformanceformat.com\/c1158f160081d6540a8409e6925dab94\/invoke.js\"><\/script><\/div><p>Para aplicar bordes a una celda usando VBA en Excel, puede usar dos m\u00e9todos diferentes. La primera es la propiedad \u00abBorders\u00bb y la segunda es el m\u00e9todo \u00abBorderAround\u00bb. La \u00fanica diferencia entre estos dos m\u00e9todos est\u00e1 en la propiedad \u00abBordes\u00bb, incluso puede aplicar el borde a un lado de la celda y el borde alrededor se aplica completamente a la celda.<\/p>\n<p> En este tutorial exploraremos ambas formas y veremos cu\u00e1les son las diferentes formas de agregar el borde.<\/p>\n<h2 class=\"wp-block-heading\"> Propiedad de borde de VBA<\/h2>\n<ol>\n<li> Primero, debe especificar el rango o celda donde desea aplicar el borde usando el objeto de rango. <br \/><img loading=\"lazy\" decoding=\"async\" title=\"1-especificar-rango-o-celda\" src=\"https:\/\/exceladvisor.org\/wp-content\/uploads\/2023\/08\/1-specifier-la-plage-ou-la-cellule.png\" sizes=\"auto, \" srcset=\"\" alt=\"specify the range or cell\" width=\"371\" height=\"247\"><\/li>\n<li> Despu\u00e9s de eso, escriba un punto (.) y luego seleccione la propiedad \u00abBordes\u00bb de la lista de propiedades y m\u00e9todos. <br \/><img loading=\"lazy\" decoding=\"async\" title=\"2-escriba-un-punto-luego-seleccione-borde\" src=\"https:\/\/exceladvisor.org\/wp-content\/uploads\/2023\/08\/2-tapez-un-point-puis-selectionnez-la-bordure.png\" sizes=\"auto, \" srcset=\"\" alt=\"type a dot and then select the border\" width=\"384\" height=\"315\"><\/li>\n<li> Luego especifique el \u00edndice del borde de los contenidos disponibles. Aqu\u00ed uso \u00abxlEdgeBottom\u00bb para aplicar el borde solo en la parte inferior de la celda. <br \/><img loading=\"lazy\" decoding=\"async\" title=\"3-especificar-borde-de-\u00edndice\" src=\"https:\/\/exceladvisor.org\/wp-content\/uploads\/2023\/08\/3-specifier-lindex-de-bordure.png\" sizes=\"auto, \" srcset=\"\" alt=\"specify the border index\" width=\"408\" height=\"265\"><\/li>\n<li> Desde all\u00ed, especifique el estilo de l\u00ednea usando \u00abLineStyle\u00bb. Utilizo \u00abxlContinuonus\u00bb como estilo de l\u00ednea. <br \/><img loading=\"lazy\" decoding=\"async\" title=\"4-especificar estilo de l\u00ednea\" src=\"https:\/\/exceladvisor.org\/wp-content\/uploads\/2023\/08\/4-specifier-le-style-de-ligne.png\" sizes=\"auto, \" srcset=\"\" alt=\"specify th line style\" width=\"532\" height=\"201\"><\/li>\n<\/ol>\n<pre class=\"wp-block-code\"> <code class=\"language-visual-basic\" lang=\"visual-basic\">Sub vba_borders() Range(\"A1\") _ .Borders(xlEdgeBottom) _ .LineStyle = XlLineStyle.xlContinuous End Sub<\/code><\/pre>\n<p> Ahora, cuando ejecute este c\u00f3digo, agregar\u00e1 un borde en la parte inferior de la celda A1. <\/p>\n<div class=\"wp-block-image\">\n<figure class=\"aligncenter size-large is-resized\"><img loading=\"lazy\" decoding=\"async\" class=\"wp-image-54776\" src=\"https:\/\/exceladvisor.org\/wp-content\/uploads\/2023\/08\/5-il-ajoutera-une-bordure-en-bas.png\" sizes=\"auto, \" srcset=\"\" alt=\"esto agregar\u00e1 un borde en la parte inferior\" width=\"544\" height=\"238\"><\/figure>\n<\/div>\n<h2 class=\"wp-block-heading\"> Usar diferentes colores con Color Index\/Color<\/h2>\n<p> Al igual que normalmente eliges el color del borde cuando lo haces manualmente. En la propiedad de borde, tambi\u00e9n puede usar el \u00edndice de color y la propiedad de color para usar un color distinto al color predeterminado.<\/p>\n<p> Considere el c\u00f3digo a continuaci\u00f3n.<\/p>\n<pre class=\"wp-block-code\"> <code class=\"language-visual-basic\" lang=\"visual-basic\">With Range(\"A1\").Borders(xlEdgeBottom) .LineStyle = XlLineStyle.xlContinuous .Color = RGB(255, 0, 0) End With<\/code><\/pre>\n<p> Cuando ejecuta esta macro, agrega un borde en la parte inferior de la celda con un color rojo. <\/p>\n<div class=\"wp-block-image\">\n<figure class=\"aligncenter size-large is-resized\"><img loading=\"lazy\" decoding=\"async\" class=\"wp-image-54777\" src=\"https:\/\/exceladvisor.org\/wp-content\/uploads\/2023\/08\/6-en-utilisant-differentes-couleurs-avec-index-de-couleur.png\" sizes=\"auto, \" srcset=\"\" alt=\"usando diferentes colores con \u00edndice de color\" width=\"534\" height=\"225\"><\/figure>\n<\/div>\n<p> O si desea utilizar la propiedad colorindex, el c\u00f3digo ser\u00eda as\u00ed. <\/p>\n<pre class=\"wp-block-code\"> <code class=\"language-visual-basic\" lang=\"visual-basic\">With Range(\"A1\").Borders(xlEdgeBottom) .LineStyle = XlLineStyle.xlContinuous .ColorIndex = 7 End With<\/code><\/pre>\n<div class=\"wp-block-image\">\n<figure class=\"aligncenter size-large is-resized\"><img loading=\"lazy\" decoding=\"async\" class=\"wp-image-54835\" src=\"https:\/\/exceladvisor.org\/wp-content\/uploads\/2023\/08\/Propriete-dindex-de-7-couleurs.png\" sizes=\"auto, \" srcset=\"\" alt=\"propiedad de \u00edndice de color\" width=\"502\" height=\"220\"><\/figure>\n<\/div>\n<p class=\"content-box-green\"> <strong>Relacionado:<\/strong> <a href=\"https:\/\/exceladvisor.org\/es\/con\/\">VBA con Declaraci\u00f3n<\/a><\/p>\n<h2 class=\"wp-block-heading\"> Agregar un borde dentro de una celda<\/h2>\n<p> Si desea aplicar un borde dentro de una celda, en este caso deber\u00e1 utilizar \u00abxlDiagonalUp\u00bb y \u00abxlDiagonalDown\u00bb como xlBorderIndex. <\/p>\n<pre class=\"wp-block-code\"> <code class=\"language-visual-basic\" lang=\"visual-basic\">With Range(\"A1\").Borders(xlDiagonalUp) .LineStyle = XlLineStyle.xlDashDotDot .Color = RGB(255, 0, 0) End With With Range(\"A1\").Borders(xlDiagonalDown) .LineStyle = XlLineStyle.xlDashDotDot .Color = RGB(255, 0, 0) End With<\/code><\/pre>\n<div class=\"wp-block-image\">\n<figure class=\"aligncenter size-large is-resized\"><img loading=\"lazy\" decoding=\"async\" class=\"wp-image-54778\" src=\"https:\/\/exceladvisor.org\/wp-content\/uploads\/2023\/08\/7-ajouter-une-bordure-a-linterieur-dune-cellule.png\" sizes=\"auto, \" srcset=\"\" alt=\"agregar un borde dentro de una celda\" width=\"462\" height=\"306\"><\/figure>\n<\/div>\n<p> Cuando ejecuta el c\u00f3digo anterior, agrega un borde dentro de la celda hacia arriba y hacia abajo.<\/p>\n<h2 class=\"wp-block-heading\"> M\u00e9todo VBA BorderAround<\/h2>\n<p> En la propiedad BorderAround de VBA, tiene 5 argumentos opcionales, pero se deben especificar dos para aplicar correctamente el borde a una celda. <\/p>\n<div class=\"wp-block-image\">\n<figure class=\"aligncenter size-large is-resized\"><img loading=\"lazy\" decoding=\"async\" class=\"wp-image-54779\" src=\"https:\/\/exceladvisor.org\/wp-content\/uploads\/2023\/08\/8-methode-de-bordure-vba.png\" sizes=\"auto, \" srcset=\"\" alt=\"m\u00e9todo de borde de vba\" width=\"589\" height=\"134\"><\/figure>\n<\/div>\n<p> El siguiente c\u00f3digo aplica el borde alrededor del rango A1:A3 cuando ejecuta la macro. <\/p>\n<pre class=\"wp-block-code\"> <code class=\"language-visual-basic\" lang=\"visual-basic\">Range(\"A1:A3\").BorderAround _ LineStyle:=xlContinuous, _ Weight:=xlThin<\/code><\/pre>\n<div class=\"wp-block-image\">\n<figure class=\"aligncenter size-large is-resized\"><img loading=\"lazy\" decoding=\"async\" class=\"wp-image-54780\" src=\"https:\/\/exceladvisor.org\/wp-content\/uploads\/2023\/08\/9-specifier-dappliquer-la-bordure-a-une-cellule-de-la-bonne-maniere.png\" sizes=\"auto, \" srcset=\"\" alt=\"especificar aplicar el borde a una celda de la manera correcta\" width=\"487\" height=\"254\"><\/figure>\n<\/div>\n<h2 class=\"wp-block-heading\"> Agregue un borde a cada celda del rango<\/h2>\n<p> El siguiente c\u00f3digo recorre todas las celdas del rango y aplica el borde a cada celda una por una. <\/p>\n<pre class=\"wp-block-code\"> <code class=\"language-visual-basic\" lang=\"visual-basic\">Sub vba_borders() Dim iRange As Range Dim iCells As Range Set iRange = Range(\"A1:A10\") For Each iCells In iRange iCells.BorderAround _ LineStyle:=xlContinuous, _ Weight:=xlThin Next iCells End Sub<\/code><\/pre>\n<div class=\"wp-block-image\">\n<figure class=\"aligncenter size-large is-resized\"><img loading=\"lazy\" decoding=\"async\" class=\"wp-image-54781\" src=\"https:\/\/exceladvisor.org\/wp-content\/uploads\/2023\/08\/10-ajouter-une-bordure-a-chaque-cellule-de-la-plage.png\" sizes=\"auto, \" srcset=\"\" alt=\"Agregue un borde a cada celda del rango\" width=\"414\" height=\"383\"><\/figure>\n<\/div>\n<h2 class=\"wp-block-heading\"> Aplicar borde a todas las celdas con texto.<\/h2>\n<p> El siguiente c\u00f3digo utiliza FOR LOOP, USED RANGE, IFEMPTY y IF STATEMENT para aplicar bordes solo a las celdas donde tiene un valor.<\/p>\n<pre class=\"wp-block-code\"> <code class=\"language-visual-basic\" lang=\"visual-basic\">Dim iRange As Range Dim iCells As Range Set iRange = ThisWorkbook.ActiveSheet.UsedRange For Each iCells In iRange If Not IsEmpty(iCells) Then iCells.BorderAround _ LineStyle:=xlContinuous, _ Weight:=xlThin End If Next iCells<\/code><\/pre>\n<h2 class=\"wp-block-heading\"> Quitar bordes<\/h2>\n<p> Simplemente use el estilo de l\u00ednea \u00abxlNone\u00bb.<\/p>\n<pre class=\"wp-block-code\"> <code class=\"language-visual-basic\" lang=\"visual-basic\">Range(\"A1\").Borders(xlDiagonalDown).LineStyle = xlNone<\/code><\/pre>\n<p> Y si desea eliminar el borde de todas las celdas de una hoja de trabajo donde tiene un valor, considere el siguiente c\u00f3digo.<\/p>\n<pre class=\"wp-block-code\"> <code class=\"language-visual-basic\" lang=\"visual-basic\">Dim iRange As Range Dim iCells As Range Set iRange = ThisWorkbook.ActiveSheet.UsedRange For Each iCells In iRange If Not IsEmpty(iCells) Then iCells.Borders(xlDiagonalDown).LineStyle = xlNone End If Next iCells<\/code><\/pre>\n<div class=\"gb-container gb-container-4db6181c gb-container-mt\"> <a class=\"gb-button gb-button-c5897111 gb-button-text gb-button-mt-button\" href=\"https:\/\/exceladvisor.org\/es\/vba\/\">\u00bfQu\u00e9 es VBA?<\/a><\/p>\n<h2 class=\"gb-headline gb-headline-665e5f6b gb-headline-text gb-headline-mt-heading\"> Tutoriales relacionados <\/h2>\n<div class=\"gb-grid-wrapper gb-grid-wrapper-a20baf7c gb-grid-wrapper-mt-grid\">\n<div class=\"gb-grid-column gb-grid-column-65ddf67e\">\n<div class=\"gb-container gb-container-65ddf67e\">\n<ul>\n<li> <a href=\"https:\/\/exceladvisor.org\/es\/insertar-una-linea-1\/\">Insertar una fila usando VBA en Excel<\/a><\/li>\n<li> <a href=\"https:\/\/exceladvisor.org\/es\/unir\/\">Fusionar celdas en Excel usando c\u00f3digo VBA<\/a><\/li>\n<li> Seleccione un rango\/celda usando VBA en Excel<\/li>\n<li> <a href=\"https:\/\/exceladvisor.org\/es\/seleccionar-todo\/\">SELECCIONE TODAS las celdas en una hoja de trabajo usando VBA<\/a><\/li>\n<li> <a href=\"https:\/\/exceladvisor.org\/es\/celda-activa-1\/\">ActiveCell en VBA en Excel<\/a> <\/li>\n<\/ul>\n<\/div>\n<\/div>\n<div class=\"gb-grid-column gb-grid-column-50067b57\">\n<div class=\"gb-container gb-container-50067b57\"><\/div>\n<\/div>\n<\/div>\n<\/div>\n","protected":false},"excerpt":{"rendered":"<p>Para aplicar bordes a una celda usando VBA en Excel, puede usar dos m\u00e9todos diferentes. La primera es la propiedad \u00abBorders\u00bb y la segunda es el m\u00e9todo \u00abBorderAround\u00bb. La \u00fanica diferencia entre estos dos m\u00e9todos est\u00e1 en la propiedad \u00abBordes\u00bb, incluso puede aplicar el borde a un lado de la celda y el borde alrededor [&hellip;]<\/p>\n","protected":false},"author":1,"featured_media":0,"parent":0,"menu_order":0,"comment_status":"open","ping_status":"closed","template":"","meta":{"ub_ctt_via":"","footnotes":""},"class_list":["post-739","page","type-page","status-publish","hentry"],"featured_image_src":null,"yoast_head":"<!-- This site is optimized with the Yoast SEO plugin v25.4 - https:\/\/yoast.com\/wordpress\/plugins\/seo\/ -->\n<title>\u00bfc\u00f3mo aplicar bordes a una celda?<\/title>\n<meta name=\"robots\" content=\"index, follow, max-snippet:-1, max-image-preview:large, max-video-preview:-1\" \/>\n<link rel=\"canonical\" href=\"https:\/\/exceladvisor.org\/es\/fronteras\/\" \/>\n<meta property=\"og:locale\" content=\"es_ES\" \/>\n<meta property=\"og:type\" content=\"article\" \/>\n<meta property=\"og:title\" content=\"\u00bfc\u00f3mo aplicar bordes a una celda?\" \/>\n<meta property=\"og:description\" content=\"Para aplicar bordes a una celda usando VBA en Excel, puede usar dos m\u00e9todos diferentes. La primera es la propiedad \u00abBorders\u00bb y la segunda es el m\u00e9todo \u00abBorderAround\u00bb. La \u00fanica diferencia entre estos dos m\u00e9todos est\u00e1 en la propiedad \u00abBordes\u00bb, incluso puede aplicar el borde a un lado de la celda y el borde alrededor [&hellip;]\" \/>\n<meta property=\"og:url\" content=\"https:\/\/exceladvisor.org\/es\/fronteras\/\" \/>\n<meta property=\"og:site_name\" content=\"Excel Advisor\" \/>\n<meta property=\"article:modified_time\" content=\"2023-12-25T10:23:23+00:00\" \/>\n<meta property=\"og:image\" content=\"https:\/\/exceladvisor.org\/wp-content\/uploads\/2023\/08\/1-specifier-la-plage-ou-la-cellule.png\" \/>\n<meta name=\"twitter:card\" content=\"summary_large_image\" \/>\n<meta name=\"twitter:label1\" content=\"Tiempo de lectura\" \/>\n\t<meta name=\"twitter:data1\" content=\"3 minutos\" \/>\n<script type=\"application\/ld+json\" class=\"yoast-schema-graph\">{\"@context\":\"https:\/\/schema.org\",\"@graph\":[{\"@type\":\"WebPage\",\"@id\":\"https:\/\/exceladvisor.org\/es\/fronteras\/\",\"url\":\"https:\/\/exceladvisor.org\/es\/fronteras\/\",\"name\":\"\u00bfc\u00f3mo aplicar bordes a una celda?\",\"isPartOf\":{\"@id\":\"https:\/\/exceladvisor.org\/es\/#website\"},\"primaryImageOfPage\":{\"@id\":\"https:\/\/exceladvisor.org\/es\/fronteras\/#primaryimage\"},\"image\":{\"@id\":\"https:\/\/exceladvisor.org\/es\/fronteras\/#primaryimage\"},\"thumbnailUrl\":\"https:\/\/exceladvisor.org\/wp-content\/uploads\/2023\/08\/1-specifier-la-plage-ou-la-cellule.png\",\"datePublished\":\"2023-09-01T07:18:23+00:00\",\"dateModified\":\"2023-12-25T10:23:23+00:00\",\"breadcrumb\":{\"@id\":\"https:\/\/exceladvisor.org\/es\/fronteras\/#breadcrumb\"},\"inLanguage\":\"es\",\"potentialAction\":[{\"@type\":\"ReadAction\",\"target\":[\"https:\/\/exceladvisor.org\/es\/fronteras\/\"]}]},{\"@type\":\"ImageObject\",\"inLanguage\":\"es\",\"@id\":\"https:\/\/exceladvisor.org\/es\/fronteras\/#primaryimage\",\"url\":\"https:\/\/exceladvisor.org\/wp-content\/uploads\/2023\/08\/1-specifier-la-plage-ou-la-cellule.png\",\"contentUrl\":\"https:\/\/exceladvisor.org\/wp-content\/uploads\/2023\/08\/1-specifier-la-plage-ou-la-cellule.png\"},{\"@type\":\"BreadcrumbList\",\"@id\":\"https:\/\/exceladvisor.org\/es\/fronteras\/#breadcrumb\",\"itemListElement\":[{\"@type\":\"ListItem\",\"position\":1,\"name\":\"Hogar\",\"item\":\"https:\/\/exceladvisor.org\/es\/\"},{\"@type\":\"ListItem\",\"position\":2,\"name\":\"\u00bfc\u00f3mo aplicar bordes a una celda?\"}]},{\"@type\":\"WebSite\",\"@id\":\"https:\/\/exceladvisor.org\/es\/#website\",\"url\":\"https:\/\/exceladvisor.org\/es\/\",\"name\":\"Excel Advisor\",\"description\":\"Su gu\u00eda para la dominaci\u00f3n de datos!\",\"publisher\":{\"@id\":\"https:\/\/exceladvisor.org\/es\/#organization\"},\"potentialAction\":[{\"@type\":\"SearchAction\",\"target\":{\"@type\":\"EntryPoint\",\"urlTemplate\":\"https:\/\/exceladvisor.org\/es\/?s={search_term_string}\"},\"query-input\":{\"@type\":\"PropertyValueSpecification\",\"valueRequired\":true,\"valueName\":\"search_term_string\"}}],\"inLanguage\":\"es\"},{\"@type\":\"Organization\",\"@id\":\"https:\/\/exceladvisor.org\/es\/#organization\",\"name\":\"Excel Advisor\",\"url\":\"https:\/\/exceladvisor.org\/es\/\",\"logo\":{\"@type\":\"ImageObject\",\"inLanguage\":\"es\",\"@id\":\"https:\/\/exceladvisor.org\/es\/#\/schema\/logo\/image\/\",\"url\":\"https:\/\/exceladvisor.org\/es\/wp-content\/uploads\/2023\/12\/exceladvisor.org_.png\",\"contentUrl\":\"https:\/\/exceladvisor.org\/es\/wp-content\/uploads\/2023\/12\/exceladvisor.org_.png\",\"width\":105,\"height\":36,\"caption\":\"Excel Advisor\"},\"image\":{\"@id\":\"https:\/\/exceladvisor.org\/es\/#\/schema\/logo\/image\/\"}}]}<\/script>\n<!-- \/ Yoast SEO plugin. -->","yoast_head_json":{"title":"\u00bfc\u00f3mo aplicar bordes a una celda?","robots":{"index":"index","follow":"follow","max-snippet":"max-snippet:-1","max-image-preview":"max-image-preview:large","max-video-preview":"max-video-preview:-1"},"canonical":"https:\/\/exceladvisor.org\/es\/fronteras\/","og_locale":"es_ES","og_type":"article","og_title":"\u00bfc\u00f3mo aplicar bordes a una celda?","og_description":"Para aplicar bordes a una celda usando VBA en Excel, puede usar dos m\u00e9todos diferentes. La primera es la propiedad \u00abBorders\u00bb y la segunda es el m\u00e9todo \u00abBorderAround\u00bb. La \u00fanica diferencia entre estos dos m\u00e9todos est\u00e1 en la propiedad \u00abBordes\u00bb, incluso puede aplicar el borde a un lado de la celda y el borde alrededor [&hellip;]","og_url":"https:\/\/exceladvisor.org\/es\/fronteras\/","og_site_name":"Excel Advisor","article_modified_time":"2023-12-25T10:23:23+00:00","og_image":[{"url":"https:\/\/exceladvisor.org\/wp-content\/uploads\/2023\/08\/1-specifier-la-plage-ou-la-cellule.png","type":"","width":"","height":""}],"twitter_card":"summary_large_image","twitter_misc":{"Tiempo de lectura":"3 minutos"},"schema":{"@context":"https:\/\/schema.org","@graph":[{"@type":"WebPage","@id":"https:\/\/exceladvisor.org\/es\/fronteras\/","url":"https:\/\/exceladvisor.org\/es\/fronteras\/","name":"\u00bfc\u00f3mo aplicar bordes a una celda?","isPartOf":{"@id":"https:\/\/exceladvisor.org\/es\/#website"},"primaryImageOfPage":{"@id":"https:\/\/exceladvisor.org\/es\/fronteras\/#primaryimage"},"image":{"@id":"https:\/\/exceladvisor.org\/es\/fronteras\/#primaryimage"},"thumbnailUrl":"https:\/\/exceladvisor.org\/wp-content\/uploads\/2023\/08\/1-specifier-la-plage-ou-la-cellule.png","datePublished":"2023-09-01T07:18:23+00:00","dateModified":"2023-12-25T10:23:23+00:00","breadcrumb":{"@id":"https:\/\/exceladvisor.org\/es\/fronteras\/#breadcrumb"},"inLanguage":"es","potentialAction":[{"@type":"ReadAction","target":["https:\/\/exceladvisor.org\/es\/fronteras\/"]}]},{"@type":"ImageObject","inLanguage":"es","@id":"https:\/\/exceladvisor.org\/es\/fronteras\/#primaryimage","url":"https:\/\/exceladvisor.org\/wp-content\/uploads\/2023\/08\/1-specifier-la-plage-ou-la-cellule.png","contentUrl":"https:\/\/exceladvisor.org\/wp-content\/uploads\/2023\/08\/1-specifier-la-plage-ou-la-cellule.png"},{"@type":"BreadcrumbList","@id":"https:\/\/exceladvisor.org\/es\/fronteras\/#breadcrumb","itemListElement":[{"@type":"ListItem","position":1,"name":"Hogar","item":"https:\/\/exceladvisor.org\/es\/"},{"@type":"ListItem","position":2,"name":"\u00bfc\u00f3mo aplicar bordes a una celda?"}]},{"@type":"WebSite","@id":"https:\/\/exceladvisor.org\/es\/#website","url":"https:\/\/exceladvisor.org\/es\/","name":"Excel Advisor","description":"Su gu\u00eda para la dominaci\u00f3n de datos!","publisher":{"@id":"https:\/\/exceladvisor.org\/es\/#organization"},"potentialAction":[{"@type":"SearchAction","target":{"@type":"EntryPoint","urlTemplate":"https:\/\/exceladvisor.org\/es\/?s={search_term_string}"},"query-input":{"@type":"PropertyValueSpecification","valueRequired":true,"valueName":"search_term_string"}}],"inLanguage":"es"},{"@type":"Organization","@id":"https:\/\/exceladvisor.org\/es\/#organization","name":"Excel Advisor","url":"https:\/\/exceladvisor.org\/es\/","logo":{"@type":"ImageObject","inLanguage":"es","@id":"https:\/\/exceladvisor.org\/es\/#\/schema\/logo\/image\/","url":"https:\/\/exceladvisor.org\/es\/wp-content\/uploads\/2023\/12\/exceladvisor.org_.png","contentUrl":"https:\/\/exceladvisor.org\/es\/wp-content\/uploads\/2023\/12\/exceladvisor.org_.png","width":105,"height":36,"caption":"Excel Advisor"},"image":{"@id":"https:\/\/exceladvisor.org\/es\/#\/schema\/logo\/image\/"}}]}},"yoast_meta":{"yoast_wpseo_title":"","yoast_wpseo_metadesc":"","yoast_wpseo_canonical":""},"_links":{"self":[{"href":"https:\/\/exceladvisor.org\/es\/wp-json\/wp\/v2\/pages\/739","targetHints":{"allow":["GET"]}}],"collection":[{"href":"https:\/\/exceladvisor.org\/es\/wp-json\/wp\/v2\/pages"}],"about":[{"href":"https:\/\/exceladvisor.org\/es\/wp-json\/wp\/v2\/types\/page"}],"author":[{"embeddable":true,"href":"https:\/\/exceladvisor.org\/es\/wp-json\/wp\/v2\/users\/1"}],"replies":[{"embeddable":true,"href":"https:\/\/exceladvisor.org\/es\/wp-json\/wp\/v2\/comments?post=739"}],"version-history":[{"count":1,"href":"https:\/\/exceladvisor.org\/es\/wp-json\/wp\/v2\/pages\/739\/revisions"}],"predecessor-version":[{"id":840,"href":"https:\/\/exceladvisor.org\/es\/wp-json\/wp\/v2\/pages\/739\/revisions\/840"}],"wp:attachment":[{"href":"https:\/\/exceladvisor.org\/es\/wp-json\/wp\/v2\/media?parent=739"}],"curies":[{"name":"wp","href":"https:\/\/api.w.org\/{rel}","templated":true}]}}