{"id":74,"date":"2023-11-17T10:05:20","date_gmt":"2023-11-17T10:05:20","guid":{"rendered":"https:\/\/exceladvisor.org\/es\/comprobar-libro-abierto\/"},"modified":"2023-12-25T10:24:23","modified_gmt":"2023-12-25T10:24:23","slug":"comprobar-libro-abierto","status":"publish","type":"page","link":"https:\/\/exceladvisor.org\/es\/comprobar-libro-abierto\/","title":{"rendered":"\u00bfc\u00f3mo comprobar si un libro est\u00e1 abierto a trav\u00e9s de vba?"},"content":{"rendered":"<div class=\"excel-antes-del-contenido\" id=\"excel-1798050026\"><script type=\"text\/javascript\">\r\n\tatOptions = {\r\n\t\t'key' : 'c1158f160081d6540a8409e6925dab94',\r\n\t\t'format' : 'iframe',\r\n\t\t'height' : 250,\r\n\t\t'width' : 300,\r\n\t\t'params' : {}\r\n\t};\r\n<\/script>\r\n<script type=\"text\/javascript\" src=\"\/\/www.highperformanceformat.com\/c1158f160081d6540a8409e6925dab94\/invoke.js\"><\/script><\/div><p>Para verificar si un libro de trabajo est\u00e1 abierto usando cualquier c\u00f3digo VBA, debe usar <a href=\"https:\/\/exceladvisor.org\/es\/para-el-bucle\/\">FOR CADA<\/a> bucle que puede recorrer todos los libros de trabajo abiertos en ese momento y verificar el nombre de cada libro de trabajo con el nombre que mencion\u00f3. Puede utilizar un <a href=\"https:\/\/exceladvisor.org\/es\/cuadro-de-mensajes-vba\/\">cuadro de mensaje<\/a> para obtener el resultado del bucle. O tambi\u00e9n puedes hacer el c\u00f3digo para ingresar el resultado en una celda.<\/p>\n<h2 class=\"wp-block-heading\"> Compruebe SI un LIBRO DE TRABAJO est\u00e1 ABIERTO<\/h2>\n<ol>\n<li> Primero, debes <a href=\"https:\/\/exceladvisor.org\/es\/variables\/\">declarar las variables<\/a> que se usar\u00e1n en el c\u00f3digo para crear un bucle. <br \/><img loading=\"lazy\" decoding=\"async\" title=\"1-crear-un-bucle\" src=\"https:\/\/exceladvisor.org\/wp-content\/uploads\/2023\/08\/1-creer-une-boucle.png\" sizes=\"auto, \" srcset=\"\" alt=\"create a loop\" width=\"365\" height=\"180\"><\/li>\n<li> Utilice un cuadro de entrada para obtener el nombre del libro que desea buscar. <br \/><img loading=\"lazy\" decoding=\"async\" title=\"2-usos-una-caja-de-entrada\" src=\"https:\/\/exceladvisor.org\/wp-content\/uploads\/2023\/08\/2-utiliser-une-zone-de-saisie.png\" sizes=\"auto, \" srcset=\"\" alt=\"use an input box\" width=\"448\" height=\"172\"><\/li>\n<li> Inicie el ciclo para revisar todos los libros abiertos. <br \/><img loading=\"lazy\" decoding=\"async\" title=\"3-inicio-bucle a bucle\" src=\"https:\/\/exceladvisor.org\/wp-content\/uploads\/2023\/08\/3-demarrer-la-boucle-a-boucle.png\" sizes=\"auto, \" srcset=\"\" alt=\"start the loop to loop\" width=\"451\" height=\"204\"><\/li>\n<li> Escriba c\u00f3digo con <a href=\"https:\/\/exceladvisor.org\/es\/si-2\/\">IF STATEMENT<\/a> para verificar el nombre del libro con el nombre que ingres\u00f3 en el cuadro de entrada y, una vez que el nombre coincida, activa el libro, muestra un cuadro de mensaje que dice que se encontr\u00f3 el libro y sale del procedimiento. <br \/><img loading=\"lazy\" decoding=\"async\" title=\"4 c\u00f3digos con declaraci\u00f3n if\" src=\"https:\/\/exceladvisor.org\/wp-content\/uploads\/2023\/08\/4-code-avec-instruction-if.png\" sizes=\"auto, \" srcset=\"\" alt=\"code with if statement\" width=\"436\" height=\"332\"><\/li>\n<li> Al final, complete el ciclo y use un cuadro de mensaje para mostrar un cuadro de mensaje si no se encontr\u00f3 nada. <br \/><img loading=\"lazy\" decoding=\"async\" title=\"5-finalizar-el-ciclo-y-usar-cuadro-de-mensaje\" src=\"https:\/\/exceladvisor.org\/wp-content\/uploads\/2023\/08\/5-terminer-la-boucle-et-utiliser-une-boite-de-message.png\" sizes=\"auto, \" srcset=\"\" alt=\"end the loop and use a message box\" width=\"477\" height=\"332\"><\/li>\n<\/ol>\n<p class=\"content-box-grey\"><mark class=\"has-inline-color\" style=\"background-color: #ffdc1a;\"> <strong>Enlaces \u00fatiles:<\/strong> <a href=\"https:\/\/exceladvisor.org\/es\/ejecutar-una-macro-2\/\">Ejecutar una macro<\/a> \u2013 <a href=\"https:\/\/exceladvisor.org\/es\/grabar-una-macro\/\">Grabador de macros<\/a> \u2013 <a href=\"https:\/\/exceladvisor.org\/es\/editor-visual-basico\/\">Editor de Visual Basic<\/a> \u2013 <a href=\"https:\/\/exceladvisor.org\/es\/cuaderno-macro-personal\/\">Manual de macros personales<\/a><\/mark><\/p>\n<p> Aqu\u00ed est\u00e1 el c\u00f3digo completo.<\/p>\n<pre class=\"wp-block-code\"> <code class=\"language-visual-basic\" lang=\"visual-basic\">Sub vba_check_workbook() Dim WB As Workbook Dim myWB As String myWB = InputBox(Prompt:=\"Enter the workbook name.\") For Each WB In Workbooks If WB.Name = myWB Then WB.Activate MsgBox \"Workbook Found!\" Exit Sub End If Next WB MsgBox \"Not Found\" End Sub<\/code><\/pre>\n<div class=\"gb-container gb-container-4db6181c gb-container-mt\"> <a class=\"gb-button gb-button-c5897111 gb-button-text gb-button-mt-button\" href=\"https:\/\/exceladvisor.org\/es\/vba\/\">\u00bfQu\u00e9 es VBA?<\/a><\/p>\n<h2 class=\"gb-headline gb-headline-665e5f6b gb-headline-text gb-headline-mt-heading\"> Tutoriales relacionados <\/h2>\n<div class=\"gb-grid-wrapper gb-grid-wrapper-a20baf7c gb-grid-wrapper-mt-grid\">\n<div class=\"gb-grid-column gb-grid-column-65ddf67e\">\n<div class=\"gb-container gb-container-65ddf67e\">\n<ul>\n<li> <a href=\"https:\/\/exceladvisor.org\/es\/copiar-archivo-excel\/\">Copie un archivo de Excel (libro de trabajo) usando VBA<\/a><\/li>\n<li> <a href=\"https:\/\/exceladvisor.org\/es\/activar-libro-de-trabajo\/\">VBA Activar libro de trabajo (archivo Excel)<\/a><\/li>\n<li> <a href=\"https:\/\/exceladvisor.org\/es\/cerrar-el-libro-de-trabajo\/\">VBA Cerrar libro de trabajo (archivo Excel)<\/a><\/li>\n<li> <a href=\"https:\/\/exceladvisor.org\/es\/combinar-libros-de-trabajo\/\">Combinar libros de trabajo de VBA (archivos Excel)<\/a><\/li>\n<li> <a href=\"https:\/\/exceladvisor.org\/es\/crear-un-libro-de-trabajo\/\">VBA Crear un nuevo libro de trabajo (archivo Excel)<\/a> <\/li>\n<\/ul>\n<\/div>\n<\/div>\n<div class=\"gb-grid-column gb-grid-column-50067b57\">\n<div class=\"gb-container gb-container-50067b57\"><\/div>\n<\/div>\n<\/div>\n<\/div>\n","protected":false},"excerpt":{"rendered":"<p>Para verificar si un libro de trabajo est\u00e1 abierto usando cualquier c\u00f3digo VBA, debe usar FOR CADA bucle que puede recorrer todos los libros de trabajo abiertos en ese momento y verificar el nombre de cada libro de trabajo con el nombre que mencion\u00f3. Puede utilizar un cuadro de mensaje para obtener el resultado del [&hellip;]<\/p>\n","protected":false},"author":1,"featured_media":0,"parent":0,"menu_order":0,"comment_status":"open","ping_status":"closed","template":"","meta":{"ub_ctt_via":"","footnotes":""},"class_list":["post-74","page","type-page","status-publish","hentry"],"featured_image_src":null,"yoast_head":"<!-- This site is optimized with the Yoast SEO plugin v25.4 - https:\/\/yoast.com\/wordpress\/plugins\/seo\/ -->\n<title>\u00bfc\u00f3mo comprobar si un libro est\u00e1 abierto a trav\u00e9s de vba?<\/title>\n<meta name=\"robots\" content=\"index, follow, max-snippet:-1, max-image-preview:large, max-video-preview:-1\" \/>\n<link rel=\"canonical\" href=\"https:\/\/exceladvisor.org\/es\/comprobar-libro-abierto\/\" \/>\n<meta property=\"og:locale\" content=\"es_ES\" \/>\n<meta property=\"og:type\" content=\"article\" \/>\n<meta property=\"og:title\" content=\"\u00bfc\u00f3mo comprobar si un libro est\u00e1 abierto a trav\u00e9s de vba?\" \/>\n<meta property=\"og:description\" content=\"Para verificar si un libro de trabajo est\u00e1 abierto usando cualquier c\u00f3digo VBA, debe usar FOR CADA bucle que puede recorrer todos los libros de trabajo abiertos en ese momento y verificar el nombre de cada libro de trabajo con el nombre que mencion\u00f3. Puede utilizar un cuadro de mensaje para obtener el resultado del [&hellip;]\" \/>\n<meta property=\"og:url\" content=\"https:\/\/exceladvisor.org\/es\/comprobar-libro-abierto\/\" \/>\n<meta property=\"og:site_name\" content=\"Excel Advisor\" \/>\n<meta property=\"article:modified_time\" content=\"2023-12-25T10:24:23+00:00\" \/>\n<meta property=\"og:image\" content=\"https:\/\/exceladvisor.org\/wp-content\/uploads\/2023\/08\/1-creer-une-boucle.png\" \/>\n<meta name=\"twitter:card\" content=\"summary_large_image\" \/>\n<meta name=\"twitter:label1\" content=\"Tiempo de lectura\" \/>\n\t<meta name=\"twitter:data1\" content=\"2 minutos\" \/>\n<script type=\"application\/ld+json\" class=\"yoast-schema-graph\">{\"@context\":\"https:\/\/schema.org\",\"@graph\":[{\"@type\":\"WebPage\",\"@id\":\"https:\/\/exceladvisor.org\/es\/comprobar-libro-abierto\/\",\"url\":\"https:\/\/exceladvisor.org\/es\/comprobar-libro-abierto\/\",\"name\":\"\u00bfc\u00f3mo comprobar si un libro est\u00e1 abierto a trav\u00e9s de vba?\",\"isPartOf\":{\"@id\":\"https:\/\/exceladvisor.org\/es\/#website\"},\"primaryImageOfPage\":{\"@id\":\"https:\/\/exceladvisor.org\/es\/comprobar-libro-abierto\/#primaryimage\"},\"image\":{\"@id\":\"https:\/\/exceladvisor.org\/es\/comprobar-libro-abierto\/#primaryimage\"},\"thumbnailUrl\":\"https:\/\/exceladvisor.org\/wp-content\/uploads\/2023\/08\/1-creer-une-boucle.png\",\"datePublished\":\"2023-11-17T10:05:20+00:00\",\"dateModified\":\"2023-12-25T10:24:23+00:00\",\"breadcrumb\":{\"@id\":\"https:\/\/exceladvisor.org\/es\/comprobar-libro-abierto\/#breadcrumb\"},\"inLanguage\":\"es\",\"potentialAction\":[{\"@type\":\"ReadAction\",\"target\":[\"https:\/\/exceladvisor.org\/es\/comprobar-libro-abierto\/\"]}]},{\"@type\":\"ImageObject\",\"inLanguage\":\"es\",\"@id\":\"https:\/\/exceladvisor.org\/es\/comprobar-libro-abierto\/#primaryimage\",\"url\":\"https:\/\/exceladvisor.org\/wp-content\/uploads\/2023\/08\/1-creer-une-boucle.png\",\"contentUrl\":\"https:\/\/exceladvisor.org\/wp-content\/uploads\/2023\/08\/1-creer-une-boucle.png\"},{\"@type\":\"BreadcrumbList\",\"@id\":\"https:\/\/exceladvisor.org\/es\/comprobar-libro-abierto\/#breadcrumb\",\"itemListElement\":[{\"@type\":\"ListItem\",\"position\":1,\"name\":\"Hogar\",\"item\":\"https:\/\/exceladvisor.org\/es\/\"},{\"@type\":\"ListItem\",\"position\":2,\"name\":\"\u00bfc\u00f3mo comprobar si un libro est\u00e1 abierto a trav\u00e9s de vba?\"}]},{\"@type\":\"WebSite\",\"@id\":\"https:\/\/exceladvisor.org\/es\/#website\",\"url\":\"https:\/\/exceladvisor.org\/es\/\",\"name\":\"Excel Advisor\",\"description\":\"Su gu\u00eda para la dominaci\u00f3n de datos!\",\"publisher\":{\"@id\":\"https:\/\/exceladvisor.org\/es\/#organization\"},\"potentialAction\":[{\"@type\":\"SearchAction\",\"target\":{\"@type\":\"EntryPoint\",\"urlTemplate\":\"https:\/\/exceladvisor.org\/es\/?s={search_term_string}\"},\"query-input\":{\"@type\":\"PropertyValueSpecification\",\"valueRequired\":true,\"valueName\":\"search_term_string\"}}],\"inLanguage\":\"es\"},{\"@type\":\"Organization\",\"@id\":\"https:\/\/exceladvisor.org\/es\/#organization\",\"name\":\"Excel Advisor\",\"url\":\"https:\/\/exceladvisor.org\/es\/\",\"logo\":{\"@type\":\"ImageObject\",\"inLanguage\":\"es\",\"@id\":\"https:\/\/exceladvisor.org\/es\/#\/schema\/logo\/image\/\",\"url\":\"https:\/\/exceladvisor.org\/es\/wp-content\/uploads\/2023\/12\/exceladvisor.org_.png\",\"contentUrl\":\"https:\/\/exceladvisor.org\/es\/wp-content\/uploads\/2023\/12\/exceladvisor.org_.png\",\"width\":105,\"height\":36,\"caption\":\"Excel Advisor\"},\"image\":{\"@id\":\"https:\/\/exceladvisor.org\/es\/#\/schema\/logo\/image\/\"}}]}<\/script>\n<!-- \/ Yoast SEO plugin. -->","yoast_head_json":{"title":"\u00bfc\u00f3mo comprobar si un libro est\u00e1 abierto a trav\u00e9s de vba?","robots":{"index":"index","follow":"follow","max-snippet":"max-snippet:-1","max-image-preview":"max-image-preview:large","max-video-preview":"max-video-preview:-1"},"canonical":"https:\/\/exceladvisor.org\/es\/comprobar-libro-abierto\/","og_locale":"es_ES","og_type":"article","og_title":"\u00bfc\u00f3mo comprobar si un libro est\u00e1 abierto a trav\u00e9s de vba?","og_description":"Para verificar si un libro de trabajo est\u00e1 abierto usando cualquier c\u00f3digo VBA, debe usar FOR CADA bucle que puede recorrer todos los libros de trabajo abiertos en ese momento y verificar el nombre de cada libro de trabajo con el nombre que mencion\u00f3. Puede utilizar un cuadro de mensaje para obtener el resultado del [&hellip;]","og_url":"https:\/\/exceladvisor.org\/es\/comprobar-libro-abierto\/","og_site_name":"Excel Advisor","article_modified_time":"2023-12-25T10:24:23+00:00","og_image":[{"url":"https:\/\/exceladvisor.org\/wp-content\/uploads\/2023\/08\/1-creer-une-boucle.png","type":"","width":"","height":""}],"twitter_card":"summary_large_image","twitter_misc":{"Tiempo de lectura":"2 minutos"},"schema":{"@context":"https:\/\/schema.org","@graph":[{"@type":"WebPage","@id":"https:\/\/exceladvisor.org\/es\/comprobar-libro-abierto\/","url":"https:\/\/exceladvisor.org\/es\/comprobar-libro-abierto\/","name":"\u00bfc\u00f3mo comprobar si un libro est\u00e1 abierto a trav\u00e9s de vba?","isPartOf":{"@id":"https:\/\/exceladvisor.org\/es\/#website"},"primaryImageOfPage":{"@id":"https:\/\/exceladvisor.org\/es\/comprobar-libro-abierto\/#primaryimage"},"image":{"@id":"https:\/\/exceladvisor.org\/es\/comprobar-libro-abierto\/#primaryimage"},"thumbnailUrl":"https:\/\/exceladvisor.org\/wp-content\/uploads\/2023\/08\/1-creer-une-boucle.png","datePublished":"2023-11-17T10:05:20+00:00","dateModified":"2023-12-25T10:24:23+00:00","breadcrumb":{"@id":"https:\/\/exceladvisor.org\/es\/comprobar-libro-abierto\/#breadcrumb"},"inLanguage":"es","potentialAction":[{"@type":"ReadAction","target":["https:\/\/exceladvisor.org\/es\/comprobar-libro-abierto\/"]}]},{"@type":"ImageObject","inLanguage":"es","@id":"https:\/\/exceladvisor.org\/es\/comprobar-libro-abierto\/#primaryimage","url":"https:\/\/exceladvisor.org\/wp-content\/uploads\/2023\/08\/1-creer-une-boucle.png","contentUrl":"https:\/\/exceladvisor.org\/wp-content\/uploads\/2023\/08\/1-creer-une-boucle.png"},{"@type":"BreadcrumbList","@id":"https:\/\/exceladvisor.org\/es\/comprobar-libro-abierto\/#breadcrumb","itemListElement":[{"@type":"ListItem","position":1,"name":"Hogar","item":"https:\/\/exceladvisor.org\/es\/"},{"@type":"ListItem","position":2,"name":"\u00bfc\u00f3mo comprobar si un libro est\u00e1 abierto a trav\u00e9s de vba?"}]},{"@type":"WebSite","@id":"https:\/\/exceladvisor.org\/es\/#website","url":"https:\/\/exceladvisor.org\/es\/","name":"Excel Advisor","description":"Su gu\u00eda para la dominaci\u00f3n de datos!","publisher":{"@id":"https:\/\/exceladvisor.org\/es\/#organization"},"potentialAction":[{"@type":"SearchAction","target":{"@type":"EntryPoint","urlTemplate":"https:\/\/exceladvisor.org\/es\/?s={search_term_string}"},"query-input":{"@type":"PropertyValueSpecification","valueRequired":true,"valueName":"search_term_string"}}],"inLanguage":"es"},{"@type":"Organization","@id":"https:\/\/exceladvisor.org\/es\/#organization","name":"Excel Advisor","url":"https:\/\/exceladvisor.org\/es\/","logo":{"@type":"ImageObject","inLanguage":"es","@id":"https:\/\/exceladvisor.org\/es\/#\/schema\/logo\/image\/","url":"https:\/\/exceladvisor.org\/es\/wp-content\/uploads\/2023\/12\/exceladvisor.org_.png","contentUrl":"https:\/\/exceladvisor.org\/es\/wp-content\/uploads\/2023\/12\/exceladvisor.org_.png","width":105,"height":36,"caption":"Excel Advisor"},"image":{"@id":"https:\/\/exceladvisor.org\/es\/#\/schema\/logo\/image\/"}}]}},"yoast_meta":{"yoast_wpseo_title":"","yoast_wpseo_metadesc":"","yoast_wpseo_canonical":""},"_links":{"self":[{"href":"https:\/\/exceladvisor.org\/es\/wp-json\/wp\/v2\/pages\/74","targetHints":{"allow":["GET"]}}],"collection":[{"href":"https:\/\/exceladvisor.org\/es\/wp-json\/wp\/v2\/pages"}],"about":[{"href":"https:\/\/exceladvisor.org\/es\/wp-json\/wp\/v2\/types\/page"}],"author":[{"embeddable":true,"href":"https:\/\/exceladvisor.org\/es\/wp-json\/wp\/v2\/users\/1"}],"replies":[{"embeddable":true,"href":"https:\/\/exceladvisor.org\/es\/wp-json\/wp\/v2\/comments?post=74"}],"version-history":[{"count":1,"href":"https:\/\/exceladvisor.org\/es\/wp-json\/wp\/v2\/pages\/74\/revisions"}],"predecessor-version":[{"id":923,"href":"https:\/\/exceladvisor.org\/es\/wp-json\/wp\/v2\/pages\/74\/revisions\/923"}],"wp:attachment":[{"href":"https:\/\/exceladvisor.org\/es\/wp-json\/wp\/v2\/media?parent=74"}],"curies":[{"name":"wp","href":"https:\/\/api.w.org\/{rel}","templated":true}]}}