{"id":740,"date":"2023-09-01T07:09:32","date_gmt":"2023-09-01T07:09:32","guid":{"rendered":"https:\/\/exceladvisor.org\/es\/modulo\/"},"modified":"2023-12-25T10:31:39","modified_gmt":"2023-12-25T10:31:39","slug":"modulo","status":"publish","type":"page","link":"https:\/\/exceladvisor.org\/es\/modulo\/","title":{"rendered":"\u00bfc\u00f3mo utilizar m\u00f3dulos vba en excel?"},"content":{"rendered":"<div class=\"excel-antes-del-contenido\" id=\"excel-3308026286\"><script type=\"text\/javascript\">\r\n\tatOptions = {\r\n\t\t'key' : 'c1158f160081d6540a8409e6925dab94',\r\n\t\t'format' : 'iframe',\r\n\t\t'height' : 250,\r\n\t\t'width' : 300,\r\n\t\t'params' : {}\r\n\t};\r\n<\/script>\r\n<script type=\"text\/javascript\" src=\"\/\/www.highperformanceformat.com\/c1158f160081d6540a8409e6925dab94\/invoke.js\"><\/script><\/div><h2 class=\"wp-block-heading\">\u00bfQu\u00e9 es un m\u00f3dulo VBA?<\/h2>\n<p> El m\u00f3dulo VBA es un archivo de extensi\u00f3n \u00ab.bcf\u00bb que contiene c\u00f3digo en el <a href=\"https:\/\/exceladvisor.org\/es\/editor-visual-basico\/\">editor de Visual Basic<\/a> . Cada m\u00f3dulo tiene su propia ventana de c\u00f3digo donde puedes escribir. Puede insertar un nuevo m\u00f3dulo, eliminarlo, guardarlo e importarlo. En t\u00e9rminos simples, es como un archivo de texto que se abre en el Bloc de notas.<\/p>\n<p> En este tutorial, aprenderemos todo sobre el uso de un m\u00f3dulo en VBA.<\/p>\n<h2 class=\"wp-block-heading\"> Insertar un m\u00f3dulo VBA<\/h2>\n<ol type=\"1\">\n<li> Primero, abra la ventana del proyecto si a\u00fan no est\u00e1 all\u00ed.<\/li>\n<li> A continuaci\u00f3n, haga clic derecho en el proyecto ( <a href=\"https:\/\/exceladvisor.org\/es\/aglutinante\/\">archivo Excel<\/a> ) en el que desea insertar un m\u00f3dulo.<\/li>\n<li> Despu\u00e9s de eso, vaya a Insertar y haga clic en \u00abM\u00f3dulo\u00bb.<\/li>\n<li> Una vez que haga eso, obtendr\u00e1 instant\u00e1neamente un nuevo m\u00f3dulo y podr\u00e1 abrir su ventana de c\u00f3digo para escribir el c\u00f3digo. <\/li>\n<\/ol>\n<div class=\"wp-block-image\">\n<figure class=\"aligncenter size-large is-resized\"><img loading=\"lazy\" decoding=\"async\" class=\"wp-image-55674\" src=\"https:\/\/exceladvisor.org\/wp-content\/uploads\/2023\/08\/1-inserer-un-module-vba.png\" sizes=\"auto, \" srcset=\"\" alt=\"insertar en el m\u00f3dulo vba\" width=\"543\" height=\"414\"><\/figure>\n<\/div>\n<p> Tambi\u00e9n puede ir al men\u00fa Insertar y luego al m\u00f3dulo para insertarlo. <\/p>\n<div class=\"wp-block-image\">\n<figure class=\"aligncenter size-large is-resized\"><img loading=\"lazy\" decoding=\"async\" class=\"wp-image-55675\" src=\"https:\/\/exceladvisor.org\/wp-content\/uploads\/2023\/08\/2-inserer-menu-puis-module.png\" sizes=\"auto, \" srcset=\"\" alt=\"\" width=\"536\" height=\"368\"><\/figure>\n<\/div>\n<p> Cuando inserta un nuevo m\u00f3dulo, VBA crea una carpeta separada para todos los m\u00f3dulos que tiene en el proyecto. <\/p>\n<div class=\"wp-block-image\">\n<figure class=\"aligncenter size-large is-resized\"><img loading=\"lazy\" decoding=\"async\" class=\"wp-image-55676\" src=\"https:\/\/exceladvisor.org\/wp-content\/uploads\/2023\/08\/3-vba-cree-un-dossier-separe.png\" sizes=\"auto, \" srcset=\"\" alt=\"\" width=\"512\" height=\"406\"><\/figure>\n<\/div>\n<h2 class=\"wp-block-heading\"> Eliminar un m\u00f3dulo VBA<\/h2>\n<ol type=\"1\">\n<li> Haga clic en el proyecto del que desea eliminar un m\u00f3dulo.<\/li>\n<li> Ahora, haga clic derecho en el m\u00f3dulo que desea eliminar y haga clic en \u00abEliminar\u00bb.<\/li>\n<li> Despu\u00e9s de eso, debe confirmar si desea guardar el m\u00f3dulo antes de eliminarlo.<\/li>\n<li> Al final, haga clic en \u00abS\u00ed\u00bb para eliminarlo. <\/li>\n<\/ol>\n<div class=\"wp-block-image\">\n<figure class=\"aligncenter size-large is-resized\"><img loading=\"lazy\" decoding=\"async\" class=\"wp-image-55677\" src=\"https:\/\/exceladvisor.org\/wp-content\/uploads\/2023\/08\/4-supprimer-un-module-vba.png\" sizes=\"auto, \" srcset=\"\" alt=\"\" width=\"505\" height=\"540\"><\/figure>\n<\/div>\n<p> Hay una cosa que debes saber aqu\u00ed cuando haces clic en la opci\u00f3n de eliminar: te pide que hagas una copia de seguridad de tu m\u00f3dulo antes de eliminarlo (si lo deseas). <\/p>\n<div class=\"wp-block-image\">\n<figure class=\"aligncenter size-large is-resized\"><img loading=\"lazy\" decoding=\"async\" class=\"wp-image-55678\" src=\"https:\/\/exceladvisor.org\/wp-content\/uploads\/2023\/08\/5-sauvegarder-votre-module.png\" sizes=\"auto, \" srcset=\"\" alt=\"\" width=\"405\" height=\"189\"><\/figure>\n<\/div>\n<p> Esta es una forma inteligente de recordarle que debe realizar una copia de seguridad del m\u00f3dulo.<\/p>\n<h2 class=\"wp-block-heading\"> Exportar e importar un m\u00f3dulo VBA<\/h2>\n<p> Tambi\u00e9n puedes importar y exportar un m\u00f3dulo de un archivo de Excel a otro en lugar de copiar y pegar c\u00f3digos. Esta es una de las mejores formas de compartir sus c\u00f3digos con otras personas. Cuando haces clic derecho en un m\u00f3dulo, tienes ambas opciones all\u00ed. <\/p>\n<div class=\"wp-block-image\">\n<figure class=\"aligncenter size-large is-resized\"><img loading=\"lazy\" decoding=\"async\" class=\"wp-image-55679\" src=\"https:\/\/exceladvisor.org\/wp-content\/uploads\/2023\/08\/6-exporter-et-importer-un-module-vba.png\" sizes=\"auto, \" srcset=\"\" alt=\"\" width=\"420\" height=\"420\"><\/figure>\n<\/div>\n<p> Como dije antes, puedes guardar un m\u00f3dulo como un archivo \u201c.bcf\u201d e importarlo m\u00e1s tarde o a otro archivo de Excel.<\/p>\n<p class=\"qt-tip\"> <strong>Consejo:<\/strong> si desea copiar un m\u00f3dulo completo a otro proyecto cuyo archivo Excel est\u00e9 abierto en ese momento. Arrastre y suelte este m\u00f3dulo en el proyecto donde desea copiarlo. <\/p>\n<div class=\"wp-block-image\">\n<figure class=\"aligncenter size-large is-resized\"><img loading=\"lazy\" decoding=\"async\" class=\"wp-image-55680\" src=\"https:\/\/exceladvisor.org\/wp-content\/uploads\/2023\/08\/7-glisser-deposer-un-module.png\" sizes=\"auto, \" srcset=\"\" alt=\"\" width=\"473\" height=\"405\"><\/figure>\n<\/div>\n<h2 class=\"wp-block-heading\"> M\u00f3dulos VBA normales frente a m\u00f3dulos de clase<\/h2>\n<p> Cuando inserta un nuevo m\u00f3dulo, es posible que vea una opci\u00f3n para insertar un m\u00f3dulo de clase. Pero hay una ligera diferencia entre los dos m\u00f3dulos. <strong>Como ya entendi\u00f3 todo sobre los m\u00f3dulos est\u00e1ndar, los m\u00f3dulos de clase son m\u00f3dulos especiales que pueden ayudarlo a crear sus objetos personalizados.<\/strong> Tambi\u00e9n puede definir m\u00e9todos, propiedades y eventos para estos objetos. Y cuando crea un nuevo objeto desde el m\u00f3dulo de clase, tambi\u00e9n puede consultarlo desde el m\u00f3dulo est\u00e1ndar.<\/p>\n<div class=\"gb-container gb-container-4db6181c gb-container-mt\"> <a class=\"gb-button gb-button-c5897111 gb-button-text gb-button-mt-button\" href=\"https:\/\/exceladvisor.org\/es\/vba\/\">\u00bfQu\u00e9 es VBA?<\/a><\/p>\n<h2 class=\"gb-headline gb-headline-665e5f6b gb-headline-text gb-headline-mt-heading\"> Tutoriales relacionados <\/h2>\n<div class=\"gb-grid-wrapper gb-grid-wrapper-a20baf7c gb-grid-wrapper-mt-grid\">\n<div class=\"gb-grid-column gb-grid-column-65ddf67e\">\n<div class=\"gb-container gb-container-65ddf67e\">\n<ul>\n<li> <a href=\"https:\/\/exceladvisor.org\/es\/preguntas-de-entrevista\/\">Preguntas de entrevista para VBA<\/a><\/li>\n<li> <a href=\"https:\/\/exceladvisor.org\/es\/comentario\/\">A\u00f1adir un comentario en c\u00f3digo VBA<\/a><\/li>\n<li> <a href=\"https:\/\/exceladvisor.org\/es\/salto-de-linea\/\">Agregue un salto de l\u00ednea en el c\u00f3digo VBA<\/a><\/li>\n<li> <a href=\"https:\/\/exceladvisor.org\/es\/nueva-linea\/\">Agregue una nueva l\u00ednea (retorno de carro) en una cadena en VBA<\/a><\/li>\n<li> <a href=\"https:\/\/exceladvisor.org\/es\/ejecutar-una-macro-2\/\">Ejecute una macro en Excel (Ejecute c\u00f3digo VBA)<\/a> <\/li>\n<\/ul>\n<\/div>\n<\/div>\n<div class=\"gb-grid-column gb-grid-column-50067b57\">\n<div class=\"gb-container gb-container-50067b57\"><\/div>\n<\/div>\n<\/div>\n<\/div>\n","protected":false},"excerpt":{"rendered":"<p>\u00bfQu\u00e9 es un m\u00f3dulo VBA? El m\u00f3dulo VBA es un archivo de extensi\u00f3n \u00ab.bcf\u00bb que contiene c\u00f3digo en el editor de Visual Basic . Cada m\u00f3dulo tiene su propia ventana de c\u00f3digo donde puedes escribir. Puede insertar un nuevo m\u00f3dulo, eliminarlo, guardarlo e importarlo. En t\u00e9rminos simples, es como un archivo de texto que se [&hellip;]<\/p>\n","protected":false},"author":1,"featured_media":0,"parent":0,"menu_order":0,"comment_status":"open","ping_status":"closed","template":"","meta":{"ub_ctt_via":"","footnotes":""},"class_list":["post-740","page","type-page","status-publish","hentry"],"featured_image_src":null,"yoast_head":"<!-- This site is optimized with the Yoast SEO plugin v25.4 - https:\/\/yoast.com\/wordpress\/plugins\/seo\/ -->\n<title>\u00bfc\u00f3mo utilizar m\u00f3dulos vba en excel?<\/title>\n<meta name=\"robots\" content=\"index, follow, max-snippet:-1, max-image-preview:large, max-video-preview:-1\" \/>\n<link rel=\"canonical\" href=\"https:\/\/exceladvisor.org\/es\/modulo\/\" \/>\n<meta property=\"og:locale\" content=\"es_ES\" \/>\n<meta property=\"og:type\" content=\"article\" \/>\n<meta property=\"og:title\" content=\"\u00bfc\u00f3mo utilizar m\u00f3dulos vba en excel?\" \/>\n<meta property=\"og:description\" content=\"\u00bfQu\u00e9 es un m\u00f3dulo VBA? El m\u00f3dulo VBA es un archivo de extensi\u00f3n \u00ab.bcf\u00bb que contiene c\u00f3digo en el editor de Visual Basic . Cada m\u00f3dulo tiene su propia ventana de c\u00f3digo donde puedes escribir. Puede insertar un nuevo m\u00f3dulo, eliminarlo, guardarlo e importarlo. En t\u00e9rminos simples, es como un archivo de texto que se [&hellip;]\" \/>\n<meta property=\"og:url\" content=\"https:\/\/exceladvisor.org\/es\/modulo\/\" \/>\n<meta property=\"og:site_name\" content=\"Excel Advisor\" \/>\n<meta property=\"article:modified_time\" content=\"2023-12-25T10:31:39+00:00\" \/>\n<meta property=\"og:image\" content=\"https:\/\/exceladvisor.org\/wp-content\/uploads\/2023\/08\/1-inserer-un-module-vba.png\" \/>\n<meta name=\"twitter:card\" content=\"summary_large_image\" \/>\n<meta name=\"twitter:label1\" content=\"Tiempo de lectura\" \/>\n\t<meta name=\"twitter:data1\" content=\"3 minutos\" \/>\n<script type=\"application\/ld+json\" class=\"yoast-schema-graph\">{\"@context\":\"https:\/\/schema.org\",\"@graph\":[{\"@type\":\"WebPage\",\"@id\":\"https:\/\/exceladvisor.org\/es\/modulo\/\",\"url\":\"https:\/\/exceladvisor.org\/es\/modulo\/\",\"name\":\"\u00bfc\u00f3mo utilizar m\u00f3dulos vba en excel?\",\"isPartOf\":{\"@id\":\"https:\/\/exceladvisor.org\/es\/#website\"},\"primaryImageOfPage\":{\"@id\":\"https:\/\/exceladvisor.org\/es\/modulo\/#primaryimage\"},\"image\":{\"@id\":\"https:\/\/exceladvisor.org\/es\/modulo\/#primaryimage\"},\"thumbnailUrl\":\"https:\/\/exceladvisor.org\/wp-content\/uploads\/2023\/08\/1-inserer-un-module-vba.png\",\"datePublished\":\"2023-09-01T07:09:32+00:00\",\"dateModified\":\"2023-12-25T10:31:39+00:00\",\"breadcrumb\":{\"@id\":\"https:\/\/exceladvisor.org\/es\/modulo\/#breadcrumb\"},\"inLanguage\":\"es\",\"potentialAction\":[{\"@type\":\"ReadAction\",\"target\":[\"https:\/\/exceladvisor.org\/es\/modulo\/\"]}]},{\"@type\":\"ImageObject\",\"inLanguage\":\"es\",\"@id\":\"https:\/\/exceladvisor.org\/es\/modulo\/#primaryimage\",\"url\":\"https:\/\/exceladvisor.org\/wp-content\/uploads\/2023\/08\/1-inserer-un-module-vba.png\",\"contentUrl\":\"https:\/\/exceladvisor.org\/wp-content\/uploads\/2023\/08\/1-inserer-un-module-vba.png\"},{\"@type\":\"BreadcrumbList\",\"@id\":\"https:\/\/exceladvisor.org\/es\/modulo\/#breadcrumb\",\"itemListElement\":[{\"@type\":\"ListItem\",\"position\":1,\"name\":\"Hogar\",\"item\":\"https:\/\/exceladvisor.org\/es\/\"},{\"@type\":\"ListItem\",\"position\":2,\"name\":\"\u00bfc\u00f3mo utilizar m\u00f3dulos vba en excel?\"}]},{\"@type\":\"WebSite\",\"@id\":\"https:\/\/exceladvisor.org\/es\/#website\",\"url\":\"https:\/\/exceladvisor.org\/es\/\",\"name\":\"Excel Advisor\",\"description\":\"Su gu\u00eda para la dominaci\u00f3n de datos!\",\"publisher\":{\"@id\":\"https:\/\/exceladvisor.org\/es\/#organization\"},\"potentialAction\":[{\"@type\":\"SearchAction\",\"target\":{\"@type\":\"EntryPoint\",\"urlTemplate\":\"https:\/\/exceladvisor.org\/es\/?s={search_term_string}\"},\"query-input\":{\"@type\":\"PropertyValueSpecification\",\"valueRequired\":true,\"valueName\":\"search_term_string\"}}],\"inLanguage\":\"es\"},{\"@type\":\"Organization\",\"@id\":\"https:\/\/exceladvisor.org\/es\/#organization\",\"name\":\"Excel Advisor\",\"url\":\"https:\/\/exceladvisor.org\/es\/\",\"logo\":{\"@type\":\"ImageObject\",\"inLanguage\":\"es\",\"@id\":\"https:\/\/exceladvisor.org\/es\/#\/schema\/logo\/image\/\",\"url\":\"https:\/\/exceladvisor.org\/es\/wp-content\/uploads\/2023\/12\/exceladvisor.org_.png\",\"contentUrl\":\"https:\/\/exceladvisor.org\/es\/wp-content\/uploads\/2023\/12\/exceladvisor.org_.png\",\"width\":105,\"height\":36,\"caption\":\"Excel Advisor\"},\"image\":{\"@id\":\"https:\/\/exceladvisor.org\/es\/#\/schema\/logo\/image\/\"}}]}<\/script>\n<!-- \/ Yoast SEO plugin. -->","yoast_head_json":{"title":"\u00bfc\u00f3mo utilizar m\u00f3dulos vba en excel?","robots":{"index":"index","follow":"follow","max-snippet":"max-snippet:-1","max-image-preview":"max-image-preview:large","max-video-preview":"max-video-preview:-1"},"canonical":"https:\/\/exceladvisor.org\/es\/modulo\/","og_locale":"es_ES","og_type":"article","og_title":"\u00bfc\u00f3mo utilizar m\u00f3dulos vba en excel?","og_description":"\u00bfQu\u00e9 es un m\u00f3dulo VBA? El m\u00f3dulo VBA es un archivo de extensi\u00f3n \u00ab.bcf\u00bb que contiene c\u00f3digo en el editor de Visual Basic . Cada m\u00f3dulo tiene su propia ventana de c\u00f3digo donde puedes escribir. Puede insertar un nuevo m\u00f3dulo, eliminarlo, guardarlo e importarlo. En t\u00e9rminos simples, es como un archivo de texto que se [&hellip;]","og_url":"https:\/\/exceladvisor.org\/es\/modulo\/","og_site_name":"Excel Advisor","article_modified_time":"2023-12-25T10:31:39+00:00","og_image":[{"url":"https:\/\/exceladvisor.org\/wp-content\/uploads\/2023\/08\/1-inserer-un-module-vba.png","type":"","width":"","height":""}],"twitter_card":"summary_large_image","twitter_misc":{"Tiempo de lectura":"3 minutos"},"schema":{"@context":"https:\/\/schema.org","@graph":[{"@type":"WebPage","@id":"https:\/\/exceladvisor.org\/es\/modulo\/","url":"https:\/\/exceladvisor.org\/es\/modulo\/","name":"\u00bfc\u00f3mo utilizar m\u00f3dulos vba en excel?","isPartOf":{"@id":"https:\/\/exceladvisor.org\/es\/#website"},"primaryImageOfPage":{"@id":"https:\/\/exceladvisor.org\/es\/modulo\/#primaryimage"},"image":{"@id":"https:\/\/exceladvisor.org\/es\/modulo\/#primaryimage"},"thumbnailUrl":"https:\/\/exceladvisor.org\/wp-content\/uploads\/2023\/08\/1-inserer-un-module-vba.png","datePublished":"2023-09-01T07:09:32+00:00","dateModified":"2023-12-25T10:31:39+00:00","breadcrumb":{"@id":"https:\/\/exceladvisor.org\/es\/modulo\/#breadcrumb"},"inLanguage":"es","potentialAction":[{"@type":"ReadAction","target":["https:\/\/exceladvisor.org\/es\/modulo\/"]}]},{"@type":"ImageObject","inLanguage":"es","@id":"https:\/\/exceladvisor.org\/es\/modulo\/#primaryimage","url":"https:\/\/exceladvisor.org\/wp-content\/uploads\/2023\/08\/1-inserer-un-module-vba.png","contentUrl":"https:\/\/exceladvisor.org\/wp-content\/uploads\/2023\/08\/1-inserer-un-module-vba.png"},{"@type":"BreadcrumbList","@id":"https:\/\/exceladvisor.org\/es\/modulo\/#breadcrumb","itemListElement":[{"@type":"ListItem","position":1,"name":"Hogar","item":"https:\/\/exceladvisor.org\/es\/"},{"@type":"ListItem","position":2,"name":"\u00bfc\u00f3mo utilizar m\u00f3dulos vba en excel?"}]},{"@type":"WebSite","@id":"https:\/\/exceladvisor.org\/es\/#website","url":"https:\/\/exceladvisor.org\/es\/","name":"Excel Advisor","description":"Su gu\u00eda para la dominaci\u00f3n de datos!","publisher":{"@id":"https:\/\/exceladvisor.org\/es\/#organization"},"potentialAction":[{"@type":"SearchAction","target":{"@type":"EntryPoint","urlTemplate":"https:\/\/exceladvisor.org\/es\/?s={search_term_string}"},"query-input":{"@type":"PropertyValueSpecification","valueRequired":true,"valueName":"search_term_string"}}],"inLanguage":"es"},{"@type":"Organization","@id":"https:\/\/exceladvisor.org\/es\/#organization","name":"Excel Advisor","url":"https:\/\/exceladvisor.org\/es\/","logo":{"@type":"ImageObject","inLanguage":"es","@id":"https:\/\/exceladvisor.org\/es\/#\/schema\/logo\/image\/","url":"https:\/\/exceladvisor.org\/es\/wp-content\/uploads\/2023\/12\/exceladvisor.org_.png","contentUrl":"https:\/\/exceladvisor.org\/es\/wp-content\/uploads\/2023\/12\/exceladvisor.org_.png","width":105,"height":36,"caption":"Excel Advisor"},"image":{"@id":"https:\/\/exceladvisor.org\/es\/#\/schema\/logo\/image\/"}}]}},"yoast_meta":{"yoast_wpseo_title":"","yoast_wpseo_metadesc":"","yoast_wpseo_canonical":""},"_links":{"self":[{"href":"https:\/\/exceladvisor.org\/es\/wp-json\/wp\/v2\/pages\/740","targetHints":{"allow":["GET"]}}],"collection":[{"href":"https:\/\/exceladvisor.org\/es\/wp-json\/wp\/v2\/pages"}],"about":[{"href":"https:\/\/exceladvisor.org\/es\/wp-json\/wp\/v2\/types\/page"}],"author":[{"embeddable":true,"href":"https:\/\/exceladvisor.org\/es\/wp-json\/wp\/v2\/users\/1"}],"replies":[{"embeddable":true,"href":"https:\/\/exceladvisor.org\/es\/wp-json\/wp\/v2\/comments?post=740"}],"version-history":[{"count":1,"href":"https:\/\/exceladvisor.org\/es\/wp-json\/wp\/v2\/pages\/740\/revisions"}],"predecessor-version":[{"id":1373,"href":"https:\/\/exceladvisor.org\/es\/wp-json\/wp\/v2\/pages\/740\/revisions\/1373"}],"wp:attachment":[{"href":"https:\/\/exceladvisor.org\/es\/wp-json\/wp\/v2\/media?parent=740"}],"curies":[{"name":"wp","href":"https:\/\/api.w.org\/{rel}","templated":true}]}}