{"id":742,"date":"2023-09-01T06:37:58","date_gmt":"2023-09-01T06:37:58","guid":{"rendered":"https:\/\/exceladvisor.org\/es\/error-de-objeto-requerido-424\/"},"modified":"2023-12-25T10:27:26","modified_gmt":"2023-12-25T10:27:26","slug":"error-de-objeto-requerido-424","status":"publish","type":"page","link":"https:\/\/exceladvisor.org\/es\/error-de-objeto-requerido-424\/","title":{"rendered":"\u00bfc\u00f3mo solucionar el error de objeto vba requerido?"},"content":{"rendered":"<div class=\"excel-antes-del-contenido\" id=\"excel-3130204142\"><script type=\"text\/javascript\">\r\n\tatOptions = {\r\n\t\t'key' : 'c1158f160081d6540a8409e6925dab94',\r\n\t\t'format' : 'iframe',\r\n\t\t'height' : 250,\r\n\t\t'width' : 300,\r\n\t\t'params' : {}\r\n\t};\r\n<\/script>\r\n<script type=\"text\/javascript\" src=\"\/\/www.highperformanceformat.com\/c1158f160081d6540a8409e6925dab94\/invoke.js\"><\/script><\/div><p>Cuando VBA no puede reconocer el objeto al que hace referencia la propiedad o m\u00e9todo, muestra el error Objeto requerido. En palabras simples, si hace referencia a un objeto, pero el nombre de ese objeto no es correcto (ese objeto no est\u00e1 en la jerarqu\u00eda de objetos de VBA), muestra el error 424, como se muestra a continuaci\u00f3n. <\/p>\n<div class=\"wp-block-image\">\n<figure class=\"aligncenter size-large is-resized\"><img loading=\"lazy\" decoding=\"async\" class=\"wp-image-57075\" src=\"https:\/\/exceladvisor.org\/wp-content\/uploads\/2023\/08\/1-erreur-dobjet-vba-requise.png\" sizes=\"auto, \" srcset=\"\" alt=\"error-objeto-vba-requerido\" width=\"593\" height=\"408\"><\/figure>\n<\/div>\n<p> En el c\u00f3digo anterior, como puede ver, escrib\u00ed mal el objeto de la celda activa y cuando VBA ejecuta esta l\u00ednea de c\u00f3digo, este objeto no se puede usar porque no hay ning\u00fan objeto con este nombre (ya que lo escrib\u00ed mal).<\/p>\n<p class=\"qt-tip\"> <strong>Nota<\/strong> : Si utiliz\u00f3 la declaraci\u00f3n Option Explicit en el m\u00f3dulo, obtendr\u00e1 un error diferente (consulte la imagen a continuaci\u00f3n). <\/p>\n<div class=\"wp-block-image\">\n<figure class=\"aligncenter size-large is-resized\"><img loading=\"lazy\" decoding=\"async\" class=\"wp-image-57076\" src=\"https:\/\/exceladvisor.org\/wp-content\/uploads\/2023\/08\/2-variables-non-definies.png\" sizes=\"auto, \" srcset=\"\" alt=\"\" width=\"481\" height=\"421\"><\/figure>\n<\/div>\n<h2 class=\"wp-block-heading\"> Usar la palabra clave \u00abEstablecer\u00bb para una variable que no es de objeto<\/h2>\n<p> Cuando usa una variable para asignarle un objeto, debe usar la palabra clave \u00abEstablecer\u00bb. En el siguiente ejemplo, tiene myWKS para la hoja de trabajo y iVal para el valor en la celda A1. <\/p>\n<div class=\"wp-block-image\">\n<figure class=\"aligncenter size-large is-resized\"><img loading=\"lazy\" decoding=\"async\" class=\"wp-image-57077\" src=\"https:\/\/exceladvisor.org\/wp-content\/uploads\/2023\/08\/3-mot-cle-set-utilise-pour-une-variable-non-objet.png\" sizes=\"auto, \" srcset=\"\" alt=\"\" width=\"554\" height=\"485\"><\/figure>\n<\/div>\n<p> Como puede ver, en el c\u00f3digo anterior tiene variables, una de las cuales se declara como un objeto de hoja de trabajo y la segunda como una cadena. Pero al momento de asignar el valor usamos la palabra clave \u201cSet\u201d a la variable \u201ciVal\u201d la cual no se declara como un objeto sino como una cadena.<\/p>\n<h2 class=\"wp-block-heading\"> C\u00f3mo reparar el objeto requerido (error 424) en VBA<\/h2>\n<ol type=\"1\">\n<li> Vaya al men\u00fa Depurar de su editor de Visual Basic.<\/li>\n<li> Utilice el paso para ejecutar el c\u00f3digo completo paso a paso.<\/li>\n<li> En el momento en que llegue a la l\u00ednea donde tiene un error, VBA le mostrar\u00e1 un error.<\/li>\n<li> Corrija esta l\u00ednea de c\u00f3digo. <\/li>\n<\/ol>\n<div class=\"wp-block-image\">\n<figure class=\"aligncenter size-large is-resized\"><img loading=\"lazy\" decoding=\"async\" class=\"wp-image-57078\" src=\"https:\/\/exceladvisor.org\/wp-content\/uploads\/2023\/08\/4-comment-reparer-object_required.png\" sizes=\"auto, \" srcset=\"\" alt=\"\" width=\"589\" height=\"338\"><\/figure>\n<\/div>\n<p> La otra forma podr\u00eda ser leer el c\u00f3digo l\u00ednea por l\u00ednea para asegurarse de que se refiere a los objetos correctos y utiliza el nombre correcto de variables y objetos.<\/p>\n<p> Tambi\u00e9n puede utilizar la instrucci\u00f3n GOTO para superar un error o mostrar un mensaje a los usuarios despu\u00e9s de que se haya producido un error.<\/p>\n<div class=\"gb-container gb-container-4db6181c gb-container-mt\"> <a class=\"gb-button gb-button-c5897111 gb-button-text gb-button-mt-button\" href=\"https:\/\/exceladvisor.org\/es\/vba\/\">\u00bfQu\u00e9 es VBA?<\/a><\/p>\n<h2 class=\"gb-headline gb-headline-665e5f6b gb-headline-text gb-headline-mt-heading\"> Tutoriales relacionados <\/h2>\n<div class=\"gb-grid-wrapper gb-grid-wrapper-a20baf7c gb-grid-wrapper-mt-grid\">\n<div class=\"gb-grid-column gb-grid-column-65ddf67e\">\n<div class=\"gb-container gb-container-65ddf67e\">\n<ul>\n<li> <a href=\"https:\/\/exceladvisor.org\/es\/manejo-de-errores\/\">Manejo de errores de VBA<\/a><\/li>\n<li> <a href=\"https:\/\/exceladvisor.org\/es\/error-de-automatizacion-440\/\">Error de automatizaci\u00f3n de VBA (Error 440)<\/a><\/li>\n<li> <a href=\"https:\/\/exceladvisor.org\/es\/error-400\/\">Error 400 de VBA<\/a><\/li>\n<li> <a href=\"https:\/\/exceladvisor.org\/es\/llamada-a-procedimiento-no-valida-o-error-de-argumento-5\/\">Llamada a procedimiento VBA no v\u00e1lida o error de argumento (Error 5)<\/a><\/li>\n<li> <a href=\"https:\/\/exceladvisor.org\/es\/el-objeto-no-admite-esta-propiedad-o-metodo-error-438\/\">El objeto VBA no admite esta propiedad o error de m\u00e9todo (Error 438)<\/a> <\/li>\n<\/ul>\n<\/div>\n<\/div>\n<div class=\"gb-grid-column gb-grid-column-50067b57\">\n<div class=\"gb-container gb-container-50067b57\"><\/div>\n<\/div>\n<\/div>\n<\/div>\n","protected":false},"excerpt":{"rendered":"<p>Cuando VBA no puede reconocer el objeto al que hace referencia la propiedad o m\u00e9todo, muestra el error Objeto requerido. En palabras simples, si hace referencia a un objeto, pero el nombre de ese objeto no es correcto (ese objeto no est\u00e1 en la jerarqu\u00eda de objetos de VBA), muestra el error 424, como se [&hellip;]<\/p>\n","protected":false},"author":1,"featured_media":0,"parent":0,"menu_order":0,"comment_status":"open","ping_status":"closed","template":"","meta":{"ub_ctt_via":"","footnotes":""},"class_list":["post-742","page","type-page","status-publish","hentry"],"featured_image_src":null,"yoast_head":"<!-- This site is optimized with the Yoast SEO plugin v25.4 - https:\/\/yoast.com\/wordpress\/plugins\/seo\/ -->\n<title>\u00bfc\u00f3mo solucionar el error de objeto vba requerido?<\/title>\n<meta name=\"robots\" content=\"index, follow, max-snippet:-1, max-image-preview:large, max-video-preview:-1\" \/>\n<link rel=\"canonical\" href=\"https:\/\/exceladvisor.org\/es\/error-de-objeto-requerido-424\/\" \/>\n<meta property=\"og:locale\" content=\"es_ES\" \/>\n<meta property=\"og:type\" content=\"article\" \/>\n<meta property=\"og:title\" content=\"\u00bfc\u00f3mo solucionar el error de objeto vba requerido?\" \/>\n<meta property=\"og:description\" content=\"Cuando VBA no puede reconocer el objeto al que hace referencia la propiedad o m\u00e9todo, muestra el error Objeto requerido. En palabras simples, si hace referencia a un objeto, pero el nombre de ese objeto no es correcto (ese objeto no est\u00e1 en la jerarqu\u00eda de objetos de VBA), muestra el error 424, como se [&hellip;]\" \/>\n<meta property=\"og:url\" content=\"https:\/\/exceladvisor.org\/es\/error-de-objeto-requerido-424\/\" \/>\n<meta property=\"og:site_name\" content=\"Excel Advisor\" \/>\n<meta property=\"article:modified_time\" content=\"2023-12-25T10:27:26+00:00\" \/>\n<meta property=\"og:image\" content=\"https:\/\/exceladvisor.org\/wp-content\/uploads\/2023\/08\/1-erreur-dobjet-vba-requise.png\" \/>\n<meta name=\"twitter:card\" content=\"summary_large_image\" \/>\n<meta name=\"twitter:label1\" content=\"Tiempo de lectura\" \/>\n\t<meta name=\"twitter:data1\" content=\"2 minutos\" \/>\n<script type=\"application\/ld+json\" class=\"yoast-schema-graph\">{\"@context\":\"https:\/\/schema.org\",\"@graph\":[{\"@type\":\"WebPage\",\"@id\":\"https:\/\/exceladvisor.org\/es\/error-de-objeto-requerido-424\/\",\"url\":\"https:\/\/exceladvisor.org\/es\/error-de-objeto-requerido-424\/\",\"name\":\"\u00bfc\u00f3mo solucionar el error de objeto vba requerido?\",\"isPartOf\":{\"@id\":\"https:\/\/exceladvisor.org\/es\/#website\"},\"primaryImageOfPage\":{\"@id\":\"https:\/\/exceladvisor.org\/es\/error-de-objeto-requerido-424\/#primaryimage\"},\"image\":{\"@id\":\"https:\/\/exceladvisor.org\/es\/error-de-objeto-requerido-424\/#primaryimage\"},\"thumbnailUrl\":\"https:\/\/exceladvisor.org\/wp-content\/uploads\/2023\/08\/1-erreur-dobjet-vba-requise.png\",\"datePublished\":\"2023-09-01T06:37:58+00:00\",\"dateModified\":\"2023-12-25T10:27:26+00:00\",\"breadcrumb\":{\"@id\":\"https:\/\/exceladvisor.org\/es\/error-de-objeto-requerido-424\/#breadcrumb\"},\"inLanguage\":\"es\",\"potentialAction\":[{\"@type\":\"ReadAction\",\"target\":[\"https:\/\/exceladvisor.org\/es\/error-de-objeto-requerido-424\/\"]}]},{\"@type\":\"ImageObject\",\"inLanguage\":\"es\",\"@id\":\"https:\/\/exceladvisor.org\/es\/error-de-objeto-requerido-424\/#primaryimage\",\"url\":\"https:\/\/exceladvisor.org\/wp-content\/uploads\/2023\/08\/1-erreur-dobjet-vba-requise.png\",\"contentUrl\":\"https:\/\/exceladvisor.org\/wp-content\/uploads\/2023\/08\/1-erreur-dobjet-vba-requise.png\"},{\"@type\":\"BreadcrumbList\",\"@id\":\"https:\/\/exceladvisor.org\/es\/error-de-objeto-requerido-424\/#breadcrumb\",\"itemListElement\":[{\"@type\":\"ListItem\",\"position\":1,\"name\":\"Hogar\",\"item\":\"https:\/\/exceladvisor.org\/es\/\"},{\"@type\":\"ListItem\",\"position\":2,\"name\":\"\u00bfc\u00f3mo solucionar el error de objeto vba requerido?\"}]},{\"@type\":\"WebSite\",\"@id\":\"https:\/\/exceladvisor.org\/es\/#website\",\"url\":\"https:\/\/exceladvisor.org\/es\/\",\"name\":\"Excel Advisor\",\"description\":\"Su gu\u00eda para la dominaci\u00f3n de datos!\",\"publisher\":{\"@id\":\"https:\/\/exceladvisor.org\/es\/#organization\"},\"potentialAction\":[{\"@type\":\"SearchAction\",\"target\":{\"@type\":\"EntryPoint\",\"urlTemplate\":\"https:\/\/exceladvisor.org\/es\/?s={search_term_string}\"},\"query-input\":{\"@type\":\"PropertyValueSpecification\",\"valueRequired\":true,\"valueName\":\"search_term_string\"}}],\"inLanguage\":\"es\"},{\"@type\":\"Organization\",\"@id\":\"https:\/\/exceladvisor.org\/es\/#organization\",\"name\":\"Excel Advisor\",\"url\":\"https:\/\/exceladvisor.org\/es\/\",\"logo\":{\"@type\":\"ImageObject\",\"inLanguage\":\"es\",\"@id\":\"https:\/\/exceladvisor.org\/es\/#\/schema\/logo\/image\/\",\"url\":\"https:\/\/exceladvisor.org\/es\/wp-content\/uploads\/2023\/12\/exceladvisor.org_.png\",\"contentUrl\":\"https:\/\/exceladvisor.org\/es\/wp-content\/uploads\/2023\/12\/exceladvisor.org_.png\",\"width\":105,\"height\":36,\"caption\":\"Excel Advisor\"},\"image\":{\"@id\":\"https:\/\/exceladvisor.org\/es\/#\/schema\/logo\/image\/\"}}]}<\/script>\n<!-- \/ Yoast SEO plugin. -->","yoast_head_json":{"title":"\u00bfc\u00f3mo solucionar el error de objeto vba requerido?","robots":{"index":"index","follow":"follow","max-snippet":"max-snippet:-1","max-image-preview":"max-image-preview:large","max-video-preview":"max-video-preview:-1"},"canonical":"https:\/\/exceladvisor.org\/es\/error-de-objeto-requerido-424\/","og_locale":"es_ES","og_type":"article","og_title":"\u00bfc\u00f3mo solucionar el error de objeto vba requerido?","og_description":"Cuando VBA no puede reconocer el objeto al que hace referencia la propiedad o m\u00e9todo, muestra el error Objeto requerido. En palabras simples, si hace referencia a un objeto, pero el nombre de ese objeto no es correcto (ese objeto no est\u00e1 en la jerarqu\u00eda de objetos de VBA), muestra el error 424, como se [&hellip;]","og_url":"https:\/\/exceladvisor.org\/es\/error-de-objeto-requerido-424\/","og_site_name":"Excel Advisor","article_modified_time":"2023-12-25T10:27:26+00:00","og_image":[{"url":"https:\/\/exceladvisor.org\/wp-content\/uploads\/2023\/08\/1-erreur-dobjet-vba-requise.png","type":"","width":"","height":""}],"twitter_card":"summary_large_image","twitter_misc":{"Tiempo de lectura":"2 minutos"},"schema":{"@context":"https:\/\/schema.org","@graph":[{"@type":"WebPage","@id":"https:\/\/exceladvisor.org\/es\/error-de-objeto-requerido-424\/","url":"https:\/\/exceladvisor.org\/es\/error-de-objeto-requerido-424\/","name":"\u00bfc\u00f3mo solucionar el error de objeto vba requerido?","isPartOf":{"@id":"https:\/\/exceladvisor.org\/es\/#website"},"primaryImageOfPage":{"@id":"https:\/\/exceladvisor.org\/es\/error-de-objeto-requerido-424\/#primaryimage"},"image":{"@id":"https:\/\/exceladvisor.org\/es\/error-de-objeto-requerido-424\/#primaryimage"},"thumbnailUrl":"https:\/\/exceladvisor.org\/wp-content\/uploads\/2023\/08\/1-erreur-dobjet-vba-requise.png","datePublished":"2023-09-01T06:37:58+00:00","dateModified":"2023-12-25T10:27:26+00:00","breadcrumb":{"@id":"https:\/\/exceladvisor.org\/es\/error-de-objeto-requerido-424\/#breadcrumb"},"inLanguage":"es","potentialAction":[{"@type":"ReadAction","target":["https:\/\/exceladvisor.org\/es\/error-de-objeto-requerido-424\/"]}]},{"@type":"ImageObject","inLanguage":"es","@id":"https:\/\/exceladvisor.org\/es\/error-de-objeto-requerido-424\/#primaryimage","url":"https:\/\/exceladvisor.org\/wp-content\/uploads\/2023\/08\/1-erreur-dobjet-vba-requise.png","contentUrl":"https:\/\/exceladvisor.org\/wp-content\/uploads\/2023\/08\/1-erreur-dobjet-vba-requise.png"},{"@type":"BreadcrumbList","@id":"https:\/\/exceladvisor.org\/es\/error-de-objeto-requerido-424\/#breadcrumb","itemListElement":[{"@type":"ListItem","position":1,"name":"Hogar","item":"https:\/\/exceladvisor.org\/es\/"},{"@type":"ListItem","position":2,"name":"\u00bfc\u00f3mo solucionar el error de objeto vba requerido?"}]},{"@type":"WebSite","@id":"https:\/\/exceladvisor.org\/es\/#website","url":"https:\/\/exceladvisor.org\/es\/","name":"Excel Advisor","description":"Su gu\u00eda para la dominaci\u00f3n de datos!","publisher":{"@id":"https:\/\/exceladvisor.org\/es\/#organization"},"potentialAction":[{"@type":"SearchAction","target":{"@type":"EntryPoint","urlTemplate":"https:\/\/exceladvisor.org\/es\/?s={search_term_string}"},"query-input":{"@type":"PropertyValueSpecification","valueRequired":true,"valueName":"search_term_string"}}],"inLanguage":"es"},{"@type":"Organization","@id":"https:\/\/exceladvisor.org\/es\/#organization","name":"Excel Advisor","url":"https:\/\/exceladvisor.org\/es\/","logo":{"@type":"ImageObject","inLanguage":"es","@id":"https:\/\/exceladvisor.org\/es\/#\/schema\/logo\/image\/","url":"https:\/\/exceladvisor.org\/es\/wp-content\/uploads\/2023\/12\/exceladvisor.org_.png","contentUrl":"https:\/\/exceladvisor.org\/es\/wp-content\/uploads\/2023\/12\/exceladvisor.org_.png","width":105,"height":36,"caption":"Excel Advisor"},"image":{"@id":"https:\/\/exceladvisor.org\/es\/#\/schema\/logo\/image\/"}}]}},"yoast_meta":{"yoast_wpseo_title":"","yoast_wpseo_metadesc":"","yoast_wpseo_canonical":""},"_links":{"self":[{"href":"https:\/\/exceladvisor.org\/es\/wp-json\/wp\/v2\/pages\/742","targetHints":{"allow":["GET"]}}],"collection":[{"href":"https:\/\/exceladvisor.org\/es\/wp-json\/wp\/v2\/pages"}],"about":[{"href":"https:\/\/exceladvisor.org\/es\/wp-json\/wp\/v2\/types\/page"}],"author":[{"embeddable":true,"href":"https:\/\/exceladvisor.org\/es\/wp-json\/wp\/v2\/users\/1"}],"replies":[{"embeddable":true,"href":"https:\/\/exceladvisor.org\/es\/wp-json\/wp\/v2\/comments?post=742"}],"version-history":[{"count":1,"href":"https:\/\/exceladvisor.org\/es\/wp-json\/wp\/v2\/pages\/742\/revisions"}],"predecessor-version":[{"id":1200,"href":"https:\/\/exceladvisor.org\/es\/wp-json\/wp\/v2\/pages\/742\/revisions\/1200"}],"wp:attachment":[{"href":"https:\/\/exceladvisor.org\/es\/wp-json\/wp\/v2\/media?parent=742"}],"curies":[{"name":"wp","href":"https:\/\/api.w.org\/{rel}","templated":true}]}}