{"id":744,"date":"2023-08-29T13:47:44","date_gmt":"2023-08-29T13:47:44","guid":{"rendered":"https:\/\/exceladvisor.org\/es\/politica-de-privacidad\/"},"modified":"2023-12-25T10:33:43","modified_gmt":"2023-12-25T10:33:43","slug":"politica-de-privacidad","status":"publish","type":"page","link":"https:\/\/exceladvisor.org\/es\/politica-de-privacidad\/","title":{"rendered":"Pol\u00edtica de privacidad"},"content":{"rendered":"<div class=\"excel-antes-del-contenido\" id=\"excel-3391498612\"><script type=\"text\/javascript\">\r\n\tatOptions = {\r\n\t\t'key' : 'c1158f160081d6540a8409e6925dab94',\r\n\t\t'format' : 'iframe',\r\n\t\t'height' : 250,\r\n\t\t'width' : 300,\r\n\t\t'params' : {}\r\n\t};\r\n<\/script>\r\n<script type=\"text\/javascript\" src=\"\/\/www.highperformanceformat.com\/c1158f160081d6540a8409e6925dab94\/invoke.js\"><\/script><\/div><p>Esta Pol\u00edtica de Privacidad rige la manera en que <a href=\"https:\/\/exceladvisor.org\/es\/acerca-de\/\">Excel Advisor<\/a> recopila, utiliza, mantiene y divulga informaci\u00f3n recopilada de los usuarios (cada uno, un \u00abUsuario\u00bb) del sitio web https:\/\/exceladvisor.org (\u00abSitio\u00bb).<\/p>\n<h2><strong>Informaci\u00f3n de identificaci\u00f3n personal<\/strong><\/h2>\n<p>Podemos recopilar informaci\u00f3n de identificaci\u00f3n personal de los Usuarios de diversas maneras, incluidas, entre otras, cuando los Usuarios visitan nuestro Sitio, se registran en el Sitio, realizan un pedido, completan un formulario y en el marco de otras actividades, servicios, caracter\u00edsticas o recursos que ponemos a disposici\u00f3n en nuestro sitio.<\/p>\n<p>Se podr\u00e1 solicitar a los Usuarios, en su caso, su nombre, direcci\u00f3n de correo electr\u00f3nico y direcci\u00f3n postal. Sin embargo, los usuarios pueden visitar nuestro Sitio de forma an\u00f3nima. Recopilaremos informaci\u00f3n de identificaci\u00f3n personal de los usuarios solo si nos la env\u00edan voluntariamente. Los usuarios siempre pueden negarse a proporcionar informaci\u00f3n de identificaci\u00f3n personal, excepto que pueda impedirles participar en ciertas actividades relacionadas con el Sitio.<\/p>\n<h2><strong>Informaci\u00f3n de identificaci\u00f3n no personal<\/strong><\/h2>\n<p>Podemos recopilar informaci\u00f3n de identificaci\u00f3n no personal sobre los usuarios cada vez que interact\u00faan con nuestro sitio. La informaci\u00f3n de identificaci\u00f3n no personal puede incluir el nombre del navegador, el tipo de computadora e informaci\u00f3n t\u00e9cnica sobre los medios de conexi\u00f3n de los usuarios a nuestros Sitios, como el sistema operativo y los proveedores de servicios de Internet utilizados y otra informaci\u00f3n similar.<\/p>\n<h2><strong>Cookies del navegador web<\/strong><\/h2>\n<p>Nuestro sitio puede utilizar \u201ccookies\u201d para mejorar la experiencia del usuario. El navegador web de un usuario coloca cookies en su disco duro con fines de mantenimiento de registros y, a veces, para rastrear informaci\u00f3n sobre ellos. El usuario puede optar por configurar su navegador web para rechazar cookies o para avisarle cuando se env\u00eden cookies. Si es as\u00ed, tenga en cuenta que es posible que algunas partes del Sitio no funcionen correctamente.<\/p>\n<h2><strong>C\u00f3mo utilizamos la informaci\u00f3n recopilada<\/strong><\/h2>\n<p>Excel Advisor puede recopilar y utilizar informaci\u00f3n personal de los usuarios para los siguientes fines:<\/p>\n<ul>\n<li><span style=\"text-decoration: underline;\">Para administrar y operar nuestro sitio<\/span><br \/>\nEs posible que necesitemos su informaci\u00f3n para mostrar correctamente el contenido del Sitio.<\/li>\n<li><span style=\"text-decoration: underline;\">Para mejorar el servicio al cliente<\/span><br \/>\nLa informaci\u00f3n que usted proporciona nos ayuda a responder de manera m\u00e1s efectiva a sus solicitudes de servicio al cliente y necesidades de soporte.<\/li>\n<li><span style=\"text-decoration: underline;\">Para personalizar la experiencia del usuario<\/span><br \/>\nPodemos utilizar la informaci\u00f3n en conjunto para comprender c\u00f3mo nuestros usuarios, como grupo, utilizan los servicios y recursos proporcionados en nuestro sitio.<\/li>\n<li><span style=\"text-decoration: underline;\">Para mejorar nuestro sitio<\/span><br \/>\nPodemos utilizar los comentarios que nos proporcione para mejorar nuestros productos y servicios.<\/li>\n<\/ul>\n<h3><strong>C\u00f3mo protegemos su informaci\u00f3n<\/strong><\/h3>\n<p>Adoptamos pr\u00e1cticas apropiadas de recopilaci\u00f3n, almacenamiento y procesamiento de datos y medidas de seguridad para proteger contra el acceso no autorizado, alteraci\u00f3n, divulgaci\u00f3n o destrucci\u00f3n de su informaci\u00f3n personal, nombre de usuario, contrase\u00f1as, informaci\u00f3n de transacciones y datos almacenados en nuestro sitio.<\/p>\n<h3><strong>Comparte tu informaci\u00f3n personal<\/strong><\/h3>\n<p>No vendemos, comercializamos ni alquilamos la informaci\u00f3n de identificaci\u00f3n personal de los usuarios a terceros. Podemos compartir informaci\u00f3n demogr\u00e1fica gen\u00e9rica agregada no vinculada a informaci\u00f3n de identificaci\u00f3n personal sobre visitantes y usuarios con nuestros socios comerciales, afiliados confiables y anunciantes para los fines descritos anteriormente.<\/p>\n<h2><strong>Sitios web de terceros<\/strong><\/h2>\n<p>Los usuarios pueden encontrar publicidad u otro contenido en nuestro sitio que enlace a los sitios y servicios de nuestros socios, proveedores, anunciantes, patrocinadores, licenciantes y otros terceros. No controlamos el contenido o los enlaces que aparecen en estos sitios y no somos responsables de las pr\u00e1cticas empleadas por los sitios web vinculados hacia o desde nuestro Sitio.<\/p>\n<p>Adem\u00e1s, estos sitios o servicios, incluidos su contenido y enlaces, pueden evolucionar continuamente. Estos sitios y servicios pueden tener sus propias pol\u00edticas de privacidad y pol\u00edticas de servicio al cliente. La navegaci\u00f3n y la interacci\u00f3n en cualquier otro sitio web, incluidos los sitios web vinculados a nuestro Sitio, est\u00e1n sujetas a los t\u00e9rminos y pol\u00edticas de ese sitio web.<\/p>\n<h2><strong>Anuncio<\/strong><\/h2>\n<p>Los anuncios que aparecen en nuestro sitio pueden ser entregados a los usuarios por socios publicitarios, quienes pueden configurar cookies. Estas cookies permiten que el servidor de anuncios reconozca su computadora cada vez que le env\u00edan un anuncio en l\u00ednea para recopilar informaci\u00f3n de identificaci\u00f3n no personal sobre usted u otras personas que usan su computadora.<\/p>\n<p>Esta informaci\u00f3n permite a las redes publicitarias, entre otras cosas, ofrecer anuncios dirigidos que creen que ser\u00e1n de mayor inter\u00e9s para usted. Esta pol\u00edtica de privacidad no cubre el uso de cookies por parte de los anunciantes.<\/p>\n<h2><strong>Publicidad de Google<\/strong><\/h2>\n<p>Es posible que Google publique algunos anuncios. El uso de la cookie DART por parte de Google le permite mostrar anuncios a los usuarios seg\u00fan su visita a nuestro sitio y otros sitios en Internet. DART utiliza \u00abinformaci\u00f3n de identificaci\u00f3n no personal\u00bb y NO rastrea informaci\u00f3n personal sobre usted, como su nombre, direcci\u00f3n de correo electr\u00f3nico, direcci\u00f3n f\u00edsica, etc.<\/p>\n<p>Puede optar por no utilizar la cookie de DART visitando la pol\u00edtica de privacidad de la red de contenido y publicidad de Google.<\/p>\n<h2><strong>Cambios en esta pol\u00edtica de privacidad<\/strong><\/h2>\n<p>Excel Advisor tiene la discreci\u00f3n de actualizar esta pol\u00edtica de privacidad en cualquier momento. Cuando lo hagamos, publicaremos una notificaci\u00f3n en la p\u00e1gina principal de nuestro sitio. Alentamos a los usuarios a consultar esta p\u00e1gina con frecuencia para detectar cambios y mantenerse informados sobre c\u00f3mo ayudamos a proteger la informaci\u00f3n personal que recopilamos.<\/p>\n<p>Usted reconoce y acepta que es su responsabilidad revisar esta Pol\u00edtica de Privacidad peri\u00f3dicamente y estar al tanto de cualquier modificaci\u00f3n.<\/p>\n<h3><strong>Su aceptaci\u00f3n de estos t\u00e9rminos<\/strong><\/h3>\n<p>Al utilizar este sitio, usted manifiesta su aceptaci\u00f3n de esta pol\u00edtica. Si no est\u00e1 de acuerdo con esta pol\u00edtica, no utilice nuestro sitio. Su uso continuado del Sitio despu\u00e9s de la publicaci\u00f3n de cambios a esta pol\u00edtica se considerar\u00e1 que constituye su aceptaci\u00f3n de dichos cambios.<\/p>\n<h2><strong>Cont\u00e1ctenos<\/strong><\/h2>\n<p>Si tiene alguna pregunta sobre esta Pol\u00edtica de privacidad, las pr\u00e1cticas de este sitio o sus relaciones con este sitio, <a href=\"https:\/\/exceladvisor.org\/es\/contactenos\/\">comun\u00edquese con nosotros<\/a> .<\/p>\n","protected":false},"excerpt":{"rendered":"<p>Esta Pol\u00edtica de Privacidad rige la manera en que Excel Advisor recopila, utiliza, mantiene y divulga informaci\u00f3n recopilada de los usuarios (cada uno, un \u00abUsuario\u00bb) del sitio web https:\/\/exceladvisor.org (\u00abSitio\u00bb). Informaci\u00f3n de identificaci\u00f3n personal Podemos recopilar informaci\u00f3n de identificaci\u00f3n personal de los Usuarios de diversas maneras, incluidas, entre otras, cuando los Usuarios visitan nuestro Sitio, [&hellip;]<\/p>\n","protected":false},"author":1,"featured_media":0,"parent":0,"menu_order":0,"comment_status":"open","ping_status":"closed","template":"","meta":{"ub_ctt_via":"","footnotes":""},"class_list":["post-744","page","type-page","status-publish","hentry"],"featured_image_src":null,"yoast_head":"<!-- This site is optimized with the Yoast SEO plugin v25.4 - https:\/\/yoast.com\/wordpress\/plugins\/seo\/ -->\n<title>Pol\u00edtica de privacidad - Excel Advisor<\/title>\n<meta name=\"robots\" content=\"noindex, nofollow\" \/>\n<meta property=\"og:locale\" content=\"es_ES\" \/>\n<meta property=\"og:type\" content=\"article\" \/>\n<meta property=\"og:title\" content=\"Pol\u00edtica de privacidad - Excel Advisor\" \/>\n<meta property=\"og:description\" content=\"Esta Pol\u00edtica de Privacidad rige la manera en que Excel Advisor recopila, utiliza, mantiene y divulga informaci\u00f3n recopilada de los usuarios (cada uno, un \u00abUsuario\u00bb) del sitio web https:\/\/exceladvisor.org (\u00abSitio\u00bb). Informaci\u00f3n de identificaci\u00f3n personal Podemos recopilar informaci\u00f3n de identificaci\u00f3n personal de los Usuarios de diversas maneras, incluidas, entre otras, cuando los Usuarios visitan nuestro Sitio, [&hellip;]\" \/>\n<meta property=\"og:url\" content=\"https:\/\/exceladvisor.org\/es\/politica-de-privacidad\/\" \/>\n<meta property=\"og:site_name\" content=\"Excel Advisor\" \/>\n<meta property=\"article:modified_time\" content=\"2023-12-25T10:33:43+00:00\" \/>\n<meta name=\"twitter:card\" content=\"summary_large_image\" \/>\n<script type=\"application\/ld+json\" class=\"yoast-schema-graph\">{\"@context\":\"https:\/\/schema.org\",\"@graph\":[{\"@type\":\"WebPage\",\"@id\":\"https:\/\/exceladvisor.org\/es\/politica-de-privacidad\/\",\"url\":\"https:\/\/exceladvisor.org\/es\/politica-de-privacidad\/\",\"name\":\"Pol\u00edtica de privacidad - Excel Advisor\",\"isPartOf\":{\"@id\":\"https:\/\/exceladvisor.org\/es\/#website\"},\"datePublished\":\"2023-08-29T13:47:44+00:00\",\"dateModified\":\"2023-12-25T10:33:43+00:00\",\"breadcrumb\":{\"@id\":\"https:\/\/exceladvisor.org\/es\/politica-de-privacidad\/#breadcrumb\"},\"inLanguage\":\"es\",\"potentialAction\":[{\"@type\":\"ReadAction\",\"target\":[\"https:\/\/exceladvisor.org\/es\/politica-de-privacidad\/\"]}]},{\"@type\":\"BreadcrumbList\",\"@id\":\"https:\/\/exceladvisor.org\/es\/politica-de-privacidad\/#breadcrumb\",\"itemListElement\":[{\"@type\":\"ListItem\",\"position\":1,\"name\":\"Hogar\",\"item\":\"https:\/\/exceladvisor.org\/es\/\"},{\"@type\":\"ListItem\",\"position\":2,\"name\":\"Pol\u00edtica de privacidad\"}]},{\"@type\":\"WebSite\",\"@id\":\"https:\/\/exceladvisor.org\/es\/#website\",\"url\":\"https:\/\/exceladvisor.org\/es\/\",\"name\":\"Excel Advisor\",\"description\":\"Su gu\u00eda para la dominaci\u00f3n de datos!\",\"publisher\":{\"@id\":\"https:\/\/exceladvisor.org\/es\/#organization\"},\"potentialAction\":[{\"@type\":\"SearchAction\",\"target\":{\"@type\":\"EntryPoint\",\"urlTemplate\":\"https:\/\/exceladvisor.org\/es\/?s={search_term_string}\"},\"query-input\":{\"@type\":\"PropertyValueSpecification\",\"valueRequired\":true,\"valueName\":\"search_term_string\"}}],\"inLanguage\":\"es\"},{\"@type\":\"Organization\",\"@id\":\"https:\/\/exceladvisor.org\/es\/#organization\",\"name\":\"Excel Advisor\",\"url\":\"https:\/\/exceladvisor.org\/es\/\",\"logo\":{\"@type\":\"ImageObject\",\"inLanguage\":\"es\",\"@id\":\"https:\/\/exceladvisor.org\/es\/#\/schema\/logo\/image\/\",\"url\":\"https:\/\/exceladvisor.org\/es\/wp-content\/uploads\/2023\/12\/exceladvisor.org_.png\",\"contentUrl\":\"https:\/\/exceladvisor.org\/es\/wp-content\/uploads\/2023\/12\/exceladvisor.org_.png\",\"width\":105,\"height\":36,\"caption\":\"Excel Advisor\"},\"image\":{\"@id\":\"https:\/\/exceladvisor.org\/es\/#\/schema\/logo\/image\/\"}}]}<\/script>\n<!-- \/ Yoast SEO plugin. -->","yoast_head_json":{"title":"Pol\u00edtica de privacidad - Excel Advisor","robots":{"index":"noindex","follow":"nofollow"},"og_locale":"es_ES","og_type":"article","og_title":"Pol\u00edtica de privacidad - Excel Advisor","og_description":"Esta Pol\u00edtica de Privacidad rige la manera en que Excel Advisor recopila, utiliza, mantiene y divulga informaci\u00f3n recopilada de los usuarios (cada uno, un \u00abUsuario\u00bb) del sitio web https:\/\/exceladvisor.org (\u00abSitio\u00bb). Informaci\u00f3n de identificaci\u00f3n personal Podemos recopilar informaci\u00f3n de identificaci\u00f3n personal de los Usuarios de diversas maneras, incluidas, entre otras, cuando los Usuarios visitan nuestro Sitio, [&hellip;]","og_url":"https:\/\/exceladvisor.org\/es\/politica-de-privacidad\/","og_site_name":"Excel Advisor","article_modified_time":"2023-12-25T10:33:43+00:00","twitter_card":"summary_large_image","schema":{"@context":"https:\/\/schema.org","@graph":[{"@type":"WebPage","@id":"https:\/\/exceladvisor.org\/es\/politica-de-privacidad\/","url":"https:\/\/exceladvisor.org\/es\/politica-de-privacidad\/","name":"Pol\u00edtica de privacidad - Excel Advisor","isPartOf":{"@id":"https:\/\/exceladvisor.org\/es\/#website"},"datePublished":"2023-08-29T13:47:44+00:00","dateModified":"2023-12-25T10:33:43+00:00","breadcrumb":{"@id":"https:\/\/exceladvisor.org\/es\/politica-de-privacidad\/#breadcrumb"},"inLanguage":"es","potentialAction":[{"@type":"ReadAction","target":["https:\/\/exceladvisor.org\/es\/politica-de-privacidad\/"]}]},{"@type":"BreadcrumbList","@id":"https:\/\/exceladvisor.org\/es\/politica-de-privacidad\/#breadcrumb","itemListElement":[{"@type":"ListItem","position":1,"name":"Hogar","item":"https:\/\/exceladvisor.org\/es\/"},{"@type":"ListItem","position":2,"name":"Pol\u00edtica de privacidad"}]},{"@type":"WebSite","@id":"https:\/\/exceladvisor.org\/es\/#website","url":"https:\/\/exceladvisor.org\/es\/","name":"Excel Advisor","description":"Su gu\u00eda para la dominaci\u00f3n de datos!","publisher":{"@id":"https:\/\/exceladvisor.org\/es\/#organization"},"potentialAction":[{"@type":"SearchAction","target":{"@type":"EntryPoint","urlTemplate":"https:\/\/exceladvisor.org\/es\/?s={search_term_string}"},"query-input":{"@type":"PropertyValueSpecification","valueRequired":true,"valueName":"search_term_string"}}],"inLanguage":"es"},{"@type":"Organization","@id":"https:\/\/exceladvisor.org\/es\/#organization","name":"Excel Advisor","url":"https:\/\/exceladvisor.org\/es\/","logo":{"@type":"ImageObject","inLanguage":"es","@id":"https:\/\/exceladvisor.org\/es\/#\/schema\/logo\/image\/","url":"https:\/\/exceladvisor.org\/es\/wp-content\/uploads\/2023\/12\/exceladvisor.org_.png","contentUrl":"https:\/\/exceladvisor.org\/es\/wp-content\/uploads\/2023\/12\/exceladvisor.org_.png","width":105,"height":36,"caption":"Excel Advisor"},"image":{"@id":"https:\/\/exceladvisor.org\/es\/#\/schema\/logo\/image\/"}}]}},"yoast_meta":{"yoast_wpseo_title":"","yoast_wpseo_metadesc":"","yoast_wpseo_canonical":""},"_links":{"self":[{"href":"https:\/\/exceladvisor.org\/es\/wp-json\/wp\/v2\/pages\/744","targetHints":{"allow":["GET"]}}],"collection":[{"href":"https:\/\/exceladvisor.org\/es\/wp-json\/wp\/v2\/pages"}],"about":[{"href":"https:\/\/exceladvisor.org\/es\/wp-json\/wp\/v2\/types\/page"}],"author":[{"embeddable":true,"href":"https:\/\/exceladvisor.org\/es\/wp-json\/wp\/v2\/users\/1"}],"replies":[{"embeddable":true,"href":"https:\/\/exceladvisor.org\/es\/wp-json\/wp\/v2\/comments?post=744"}],"version-history":[{"count":1,"href":"https:\/\/exceladvisor.org\/es\/wp-json\/wp\/v2\/pages\/744\/revisions"}],"predecessor-version":[{"id":768,"href":"https:\/\/exceladvisor.org\/es\/wp-json\/wp\/v2\/pages\/744\/revisions\/768"}],"wp:attachment":[{"href":"https:\/\/exceladvisor.org\/es\/wp-json\/wp\/v2\/media?parent=744"}],"curies":[{"name":"wp","href":"https:\/\/api.w.org\/{rel}","templated":true}]}}