{"id":745,"date":"2023-08-29T13:31:33","date_gmt":"2023-08-29T13:31:33","guid":{"rendered":"https:\/\/exceladvisor.org\/es\/contactenos\/"},"modified":"2023-12-25T10:32:47","modified_gmt":"2023-12-25T10:32:47","slug":"contactenos","status":"publish","type":"page","link":"https:\/\/exceladvisor.org\/es\/contactenos\/","title":{"rendered":"Cont\u00e1ctenos"},"content":{"rendered":"<div class=\"excel-antes-del-contenido\" id=\"excel-473752440\"><script type=\"text\/javascript\">\r\n\tatOptions = {\r\n\t\t'key' : 'c1158f160081d6540a8409e6925dab94',\r\n\t\t'format' : 'iframe',\r\n\t\t'height' : 250,\r\n\t\t'width' : 300,\r\n\t\t'params' : {}\r\n\t};\r\n<\/script>\r\n<script type=\"text\/javascript\" src=\"\/\/www.highperformanceformat.com\/c1158f160081d6540a8409e6925dab94\/invoke.js\"><\/script><\/div><p>Estamos encantados de que est\u00e9 interesado en contactarnos en Excel Advisor. Ya sea que tengas preguntas, comentarios, propuestas de colaboraci\u00f3n o simplemente quieras saludar, estamos aqu\u00ed para escucharte. Sus pensamientos son importantes para nosotros y estamos comprometidos a brindarle la mejor asistencia posible.<\/p>\n<p>Si tiene alguna pregunta o tema espec\u00edfico que le gustar\u00eda que cubramos, h\u00e1ganoslo saber. Valoramos sus comentarios y nos esforzamos por crear contenido que realmente satisfaga sus necesidades e intereses. Nuestro equipo de expertos siempre est\u00e1 listo para ayudarlo con sus preguntas relacionadas con Excel y Google Sheets.<\/p>\n<p>Para hacer esto, simplemente complete el siguiente formulario de contacto y un miembro de nuestro equipo se comunicar\u00e1 con usted.<\/p>\n<p><iframe loading=\"lazy\" src=\"https:\/\/docs.google.com\/forms\/d\/e\/1FAIpQLSc0IWpARplZR2x_d_PgCdvo-ItPaVSp3cdbXLxCKmnIkt7fUQ\/viewform?embedded=true\" width=\"640\" height=\"791\" frameborder=\"0\" marginwidth=\"0\" marginheight=\"0\">Loading\u2026<\/iframe><\/p>\n","protected":false},"excerpt":{"rendered":"<p>Estamos encantados de que est\u00e9 interesado en contactarnos en Excel Advisor. Ya sea que tengas preguntas, comentarios, propuestas de colaboraci\u00f3n o simplemente quieras saludar, estamos aqu\u00ed para escucharte. Sus pensamientos son importantes para nosotros y estamos comprometidos a brindarle la mejor asistencia posible. Si tiene alguna pregunta o tema espec\u00edfico que le gustar\u00eda que cubramos, [&hellip;]<\/p>\n","protected":false},"author":1,"featured_media":0,"parent":0,"menu_order":0,"comment_status":"open","ping_status":"closed","template":"","meta":{"ub_ctt_via":"","footnotes":""},"class_list":["post-745","page","type-page","status-publish","hentry"],"featured_image_src":null,"yoast_head":"<!-- This site is optimized with the Yoast SEO plugin v25.4 - https:\/\/yoast.com\/wordpress\/plugins\/seo\/ -->\n<title>Cont\u00e1ctenos - Excel Advisor<\/title>\n<meta name=\"description\" content=\"Si tienes preguntas, comentarios, sugerencias de colaboraci\u00f3n o simplemente quieres saludar, estamos aqu\u00ed para escucharte. Sus opiniones\" \/>\n<meta name=\"robots\" content=\"index, follow, max-snippet:-1, max-image-preview:large, max-video-preview:-1\" \/>\n<link rel=\"canonical\" href=\"https:\/\/exceladvisor.org\/es\/contactenos\/\" \/>\n<meta property=\"og:locale\" content=\"es_ES\" \/>\n<meta property=\"og:type\" content=\"article\" \/>\n<meta property=\"og:title\" content=\"Cont\u00e1ctenos - Excel Advisor\" \/>\n<meta property=\"og:description\" content=\"Si tienes preguntas, comentarios, sugerencias de colaboraci\u00f3n o simplemente quieres saludar, estamos aqu\u00ed para escucharte. Sus opiniones\" \/>\n<meta property=\"og:url\" content=\"https:\/\/exceladvisor.org\/es\/contactenos\/\" \/>\n<meta property=\"og:site_name\" content=\"Excel Advisor\" \/>\n<meta property=\"article:modified_time\" content=\"2023-12-25T10:32:47+00:00\" \/>\n<meta name=\"twitter:card\" content=\"summary_large_image\" \/>\n<meta name=\"twitter:label1\" content=\"Tiempo de lectura\" \/>\n\t<meta name=\"twitter:data1\" content=\"1 minuto\" \/>\n<script type=\"application\/ld+json\" class=\"yoast-schema-graph\">{\"@context\":\"https:\/\/schema.org\",\"@graph\":[{\"@type\":\"WebPage\",\"@id\":\"https:\/\/exceladvisor.org\/es\/contactenos\/\",\"url\":\"https:\/\/exceladvisor.org\/es\/contactenos\/\",\"name\":\"Cont\u00e1ctenos - Excel Advisor\",\"isPartOf\":{\"@id\":\"https:\/\/exceladvisor.org\/es\/#website\"},\"datePublished\":\"2023-08-29T13:31:33+00:00\",\"dateModified\":\"2023-12-25T10:32:47+00:00\",\"description\":\"Si tienes preguntas, comentarios, sugerencias de colaboraci\u00f3n o simplemente quieres saludar, estamos aqu\u00ed para escucharte. Sus opiniones\",\"breadcrumb\":{\"@id\":\"https:\/\/exceladvisor.org\/es\/contactenos\/#breadcrumb\"},\"inLanguage\":\"es\",\"potentialAction\":[{\"@type\":\"ReadAction\",\"target\":[\"https:\/\/exceladvisor.org\/es\/contactenos\/\"]}]},{\"@type\":\"BreadcrumbList\",\"@id\":\"https:\/\/exceladvisor.org\/es\/contactenos\/#breadcrumb\",\"itemListElement\":[{\"@type\":\"ListItem\",\"position\":1,\"name\":\"Hogar\",\"item\":\"https:\/\/exceladvisor.org\/es\/\"},{\"@type\":\"ListItem\",\"position\":2,\"name\":\"Cont\u00e1ctenos\"}]},{\"@type\":\"WebSite\",\"@id\":\"https:\/\/exceladvisor.org\/es\/#website\",\"url\":\"https:\/\/exceladvisor.org\/es\/\",\"name\":\"Excel Advisor\",\"description\":\"Su gu\u00eda para la dominaci\u00f3n de datos!\",\"publisher\":{\"@id\":\"https:\/\/exceladvisor.org\/es\/#organization\"},\"potentialAction\":[{\"@type\":\"SearchAction\",\"target\":{\"@type\":\"EntryPoint\",\"urlTemplate\":\"https:\/\/exceladvisor.org\/es\/?s={search_term_string}\"},\"query-input\":{\"@type\":\"PropertyValueSpecification\",\"valueRequired\":true,\"valueName\":\"search_term_string\"}}],\"inLanguage\":\"es\"},{\"@type\":\"Organization\",\"@id\":\"https:\/\/exceladvisor.org\/es\/#organization\",\"name\":\"Excel Advisor\",\"url\":\"https:\/\/exceladvisor.org\/es\/\",\"logo\":{\"@type\":\"ImageObject\",\"inLanguage\":\"es\",\"@id\":\"https:\/\/exceladvisor.org\/es\/#\/schema\/logo\/image\/\",\"url\":\"https:\/\/exceladvisor.org\/es\/wp-content\/uploads\/2023\/12\/exceladvisor.org_.png\",\"contentUrl\":\"https:\/\/exceladvisor.org\/es\/wp-content\/uploads\/2023\/12\/exceladvisor.org_.png\",\"width\":105,\"height\":36,\"caption\":\"Excel Advisor\"},\"image\":{\"@id\":\"https:\/\/exceladvisor.org\/es\/#\/schema\/logo\/image\/\"}}]}<\/script>\n<!-- \/ Yoast SEO plugin. -->","yoast_head_json":{"title":"Cont\u00e1ctenos - Excel Advisor","description":"Si tienes preguntas, comentarios, sugerencias de colaboraci\u00f3n o simplemente quieres saludar, estamos aqu\u00ed para escucharte. Sus opiniones","robots":{"index":"index","follow":"follow","max-snippet":"max-snippet:-1","max-image-preview":"max-image-preview:large","max-video-preview":"max-video-preview:-1"},"canonical":"https:\/\/exceladvisor.org\/es\/contactenos\/","og_locale":"es_ES","og_type":"article","og_title":"Cont\u00e1ctenos - Excel Advisor","og_description":"Si tienes preguntas, comentarios, sugerencias de colaboraci\u00f3n o simplemente quieres saludar, estamos aqu\u00ed para escucharte. Sus opiniones","og_url":"https:\/\/exceladvisor.org\/es\/contactenos\/","og_site_name":"Excel Advisor","article_modified_time":"2023-12-25T10:32:47+00:00","twitter_card":"summary_large_image","twitter_misc":{"Tiempo de lectura":"1 minuto"},"schema":{"@context":"https:\/\/schema.org","@graph":[{"@type":"WebPage","@id":"https:\/\/exceladvisor.org\/es\/contactenos\/","url":"https:\/\/exceladvisor.org\/es\/contactenos\/","name":"Cont\u00e1ctenos - Excel Advisor","isPartOf":{"@id":"https:\/\/exceladvisor.org\/es\/#website"},"datePublished":"2023-08-29T13:31:33+00:00","dateModified":"2023-12-25T10:32:47+00:00","description":"Si tienes preguntas, comentarios, sugerencias de colaboraci\u00f3n o simplemente quieres saludar, estamos aqu\u00ed para escucharte. Sus opiniones","breadcrumb":{"@id":"https:\/\/exceladvisor.org\/es\/contactenos\/#breadcrumb"},"inLanguage":"es","potentialAction":[{"@type":"ReadAction","target":["https:\/\/exceladvisor.org\/es\/contactenos\/"]}]},{"@type":"BreadcrumbList","@id":"https:\/\/exceladvisor.org\/es\/contactenos\/#breadcrumb","itemListElement":[{"@type":"ListItem","position":1,"name":"Hogar","item":"https:\/\/exceladvisor.org\/es\/"},{"@type":"ListItem","position":2,"name":"Cont\u00e1ctenos"}]},{"@type":"WebSite","@id":"https:\/\/exceladvisor.org\/es\/#website","url":"https:\/\/exceladvisor.org\/es\/","name":"Excel Advisor","description":"Su gu\u00eda para la dominaci\u00f3n de datos!","publisher":{"@id":"https:\/\/exceladvisor.org\/es\/#organization"},"potentialAction":[{"@type":"SearchAction","target":{"@type":"EntryPoint","urlTemplate":"https:\/\/exceladvisor.org\/es\/?s={search_term_string}"},"query-input":{"@type":"PropertyValueSpecification","valueRequired":true,"valueName":"search_term_string"}}],"inLanguage":"es"},{"@type":"Organization","@id":"https:\/\/exceladvisor.org\/es\/#organization","name":"Excel Advisor","url":"https:\/\/exceladvisor.org\/es\/","logo":{"@type":"ImageObject","inLanguage":"es","@id":"https:\/\/exceladvisor.org\/es\/#\/schema\/logo\/image\/","url":"https:\/\/exceladvisor.org\/es\/wp-content\/uploads\/2023\/12\/exceladvisor.org_.png","contentUrl":"https:\/\/exceladvisor.org\/es\/wp-content\/uploads\/2023\/12\/exceladvisor.org_.png","width":105,"height":36,"caption":"Excel Advisor"},"image":{"@id":"https:\/\/exceladvisor.org\/es\/#\/schema\/logo\/image\/"}}]}},"yoast_meta":{"yoast_wpseo_title":"","yoast_wpseo_metadesc":"","yoast_wpseo_canonical":""},"_links":{"self":[{"href":"https:\/\/exceladvisor.org\/es\/wp-json\/wp\/v2\/pages\/745","targetHints":{"allow":["GET"]}}],"collection":[{"href":"https:\/\/exceladvisor.org\/es\/wp-json\/wp\/v2\/pages"}],"about":[{"href":"https:\/\/exceladvisor.org\/es\/wp-json\/wp\/v2\/types\/page"}],"author":[{"embeddable":true,"href":"https:\/\/exceladvisor.org\/es\/wp-json\/wp\/v2\/users\/1"}],"replies":[{"embeddable":true,"href":"https:\/\/exceladvisor.org\/es\/wp-json\/wp\/v2\/comments?post=745"}],"version-history":[{"count":1,"href":"https:\/\/exceladvisor.org\/es\/wp-json\/wp\/v2\/pages\/745\/revisions"}],"predecessor-version":[{"id":770,"href":"https:\/\/exceladvisor.org\/es\/wp-json\/wp\/v2\/pages\/745\/revisions\/770"}],"wp:attachment":[{"href":"https:\/\/exceladvisor.org\/es\/wp-json\/wp\/v2\/media?parent=745"}],"curies":[{"name":"wp","href":"https:\/\/api.w.org\/{rel}","templated":true}]}}