{"id":79,"date":"2023-11-17T07:57:05","date_gmt":"2023-11-17T07:57:05","guid":{"rendered":"https:\/\/exceladvisor.org\/es\/contar-caracteres-especificos\/"},"modified":"2023-12-25T10:24:35","modified_gmt":"2023-12-25T10:24:35","slug":"contar-caracteres-especificos","status":"publish","type":"page","link":"https:\/\/exceladvisor.org\/es\/contar-caracteres-especificos\/","title":{"rendered":"\u00bfc\u00f3mo contar caracteres espec\u00edficos?"},"content":{"rendered":"<div class=\"excel-antes-del-contenido\" id=\"excel-1415853716\"><script type=\"text\/javascript\">\r\n\tatOptions = {\r\n\t\t'key' : 'c1158f160081d6540a8409e6925dab94',\r\n\t\t'format' : 'iframe',\r\n\t\t'height' : 250,\r\n\t\t'width' : 300,\r\n\t\t'params' : {}\r\n\t};\r\n<\/script>\r\n<script type=\"text\/javascript\" src=\"\/\/www.highperformanceformat.com\/c1158f160081d6540a8409e6925dab94\/invoke.js\"><\/script><\/div><p>En Excel, para contar un car\u00e1cter espec\u00edfico, debe usar una combinaci\u00f3n de funciones SUSTITUIR y LEN.<\/p>\n<p> LEN cuenta el n\u00famero total de caracteres, luego la funci\u00f3n de sustituci\u00f3n elimina el car\u00e1cter que desea contar del valor principal.<\/p>\n<p> Despu\u00e9s de eso, puedes volver a contar el n\u00famero total de caracteres y compararlos con el recuento original para obtener el recuento de ese car\u00e1cter espec\u00edfico.<\/p>\n<p> En el siguiente ejemplo, tienes una oraci\u00f3n larga en la celda A1 y ahora, a partir de la oraci\u00f3n, necesitas contar cu\u00e1ntas veces apareci\u00f3 la letra \u00abe\u00bb. Escribiremos esta f\u00f3rmula en la celda B1. <\/p>\n<div class=\"wp-block-image\">\n<figure class=\"aligncenter size-full is-resized\"><img loading=\"lazy\" decoding=\"async\" class=\"wp-image-67133\" src=\"https:\/\/exceladvisor.org\/wp-content\/uploads\/2023\/08\/1-cellule-avec-longue-phrase.png\" sizes=\"auto, \" srcset=\"\" alt=\"celda-con-oraci\u00f3n-larga\" width=\"479\" height=\"290\"><\/figure>\n<\/div>\n<p> Puede utilizar los siguientes pasos para escribir esta f\u00f3rmula:<\/p>\n<ol type=\"1\">\n<li> Primero, en la celda B1, ingrese la funci\u00f3n LEN y consulte la celda A1.<\/li>\n<li> Despu\u00e9s de eso, ingrese un signo menos y ingrese nuevamente a la funci\u00f3n LEN.<\/li>\n<li> A continuaci\u00f3n, debe ingresar la funci\u00f3n SUSTITUIR en la funci\u00f3n LEN.<\/li>\n<li> Ahora ingrese la funci\u00f3n de sustituci\u00f3n y consulte la celda A1 nuevamente.<\/li>\n<li> Desde aqu\u00ed debes especificar el car\u00e1cter que deseas reemplazar en el segundo argumento.<\/li>\n<li> Y luego un car\u00e1cter en blanco en el tercer argumento de la funci\u00f3n SUSTITUIR.<\/li>\n<li> Al final, presione Enter entre los par\u00e9ntesis de cierre y presione Enter. <\/li>\n<\/ol>\n<div class=\"wp-block-image\">\n<figure class=\"aligncenter size-full is-resized\"><img loading=\"lazy\" decoding=\"async\" class=\"wp-image-67134\" src=\"https:\/\/exceladvisor.org\/wp-content\/uploads\/2023\/08\/2-len-et-formule-de-substitution.png\" sizes=\"auto, \" srcset=\"\" alt=\"f\u00f3rmula len-y-sustituto\" width=\"665\" height=\"188\"><\/figure>\n<\/div>\n<p> Y en el momento en que presionas Enter, devuelve el car\u00e1cter de conteo \u201ce\u201d en el resultado, que es veinticuatro. <\/p>\n<pre class=\"wp-block-code\"> <code class=\"language-excel-formula\" lang=\"excel-formula\">=LEN(A1)-LEN(SUBSTITUTE(A1,\"e\",\"\"))<\/code><\/pre>\n<div class=\"wp-block-image\">\n<figure class=\"aligncenter size-full is-resized\"><img loading=\"lazy\" decoding=\"async\" class=\"wp-image-67135\" src=\"https:\/\/exceladvisor.org\/wp-content\/uploads\/2023\/08\/Valeur-resultante-de-3-caracteres-speciaux.png\" sizes=\"auto, \" srcset=\"\" alt=\"valor-resultado-car\u00e1cter-especial\" width=\"639\" height=\"196\"><\/figure>\n<\/div>\n<p> Para verificar esta f\u00f3rmula, utilic\u00e9 el siguiente c\u00f3digo para recorrer todos los caracteres de la celda A1.<\/p>\n<pre class=\"wp-block-code\"> <code class=\"language-visual-basic\" lang=\"visual-basic\">Sub LoopString() Dim Counter As Integer Dim MyString As String Dim i As Integer MyString = Range(\"A1\").Value For Counter = 1 To Len(MyString) If Mid(MyString, Counter, 1) = \"e\" Then i = i + 1 End If Next MsgBox i End Sub<\/code><\/pre>\n<h2 class=\"wp-block-heading\"> \u00bfC\u00f3mo funciona esta f\u00f3rmula?<\/h2>\n<p> Ahora es el momento de entender c\u00f3mo funciona esta f\u00f3rmula, y para ello necesitamos dividirla en tres partes. <\/p>\n<div class=\"wp-block-image\">\n<figure class=\"aligncenter size-full is-resized\"><img loading=\"lazy\" decoding=\"async\" class=\"wp-image-67136\" src=\"https:\/\/exceladvisor.org\/wp-content\/uploads\/2023\/08\/4-comprendre-la-formule-len-et-substitut.png\" sizes=\"auto, \" srcset=\"\" alt=\"entender-la-f\u00f3rmula-len-y-sustituir\" width=\"613\" height=\"144\"><\/figure>\n<\/div>\n<ol type=\"1\">\n<li> En la primera parte, tenemos la funci\u00f3n LEN que cuenta el n\u00famero total de caracteres en la celda A1 y devuelve 199 en el resultado.<\/li>\n<li> En la segunda parte, usamos una funci\u00f3n de sustituci\u00f3n para reemplazar \u00abe\u00bb con un valor cero.<\/li>\n<li> En la tercera parte, aplicamos la funci\u00f3n de sustituci\u00f3n para contar los caracteres del valor for donde el car\u00e1cter \u00abe\u00bb no est\u00e1. <\/li>\n<\/ol>\n<div class=\"wp-block-image\">\n<figure class=\"aligncenter size-full is-resized\"><img loading=\"lazy\" decoding=\"async\" class=\"wp-image-67137\" src=\"https:\/\/exceladvisor.org\/wp-content\/uploads\/2023\/08\/5-comprendre-la-combinaison-len-et-substitut.png\" sizes=\"auto, \" srcset=\"\" alt=\"entender-len-y-sustituir-combinaci\u00f3n\" width=\"611\" height=\"184\"><\/figure>\n<\/div>\n<div class=\"gb-container gb-container-52dfcee1 gb-container-sample-file\">\n<h2 class=\"gb-headline gb-headline-e289c143 gb-headline-text gb-headline-4f7959c2\"> Obtener el archivo Excel<\/h2>\n<p> <a href=\"https:\/\/exceladvisor.org\/wp-content\/uploads\/2023\/11\/compter-les-caracteres-2.xlsx\">Descargar<\/a><\/div>\n<div class=\"gb-container gb-container-0df56012 gb-container-mt\"> <a class=\"gb-button gb-button-f9f432f4 gb-button-text gb-button-mt-button\" href=\"https:\/\/exceladvisor.org\/es\/formulas\/\">Lista de f\u00f3rmulas de Excel<\/a><\/p>\n<h2 class=\"gb-headline gb-headline-233444e8 gb-headline-text gb-headline-mt-heading\"> F\u00f3rmulas relacionadas <\/h2>\n<div class=\"gb-grid-wrapper gb-grid-wrapper-a16fa65c gb-grid-wrapper-mt-grid\">\n<div class=\"gb-grid-column gb-grid-column-50d07e0d\">\n<div class=\"gb-container gb-container-50d07e0d\">\n<ul>\n<li> <a href=\"https:\/\/exceladvisor.org\/es\/contar-celdas-con-texto\/\">Contar celdas con texto en Excel<\/a><\/li>\n<li> <a href=\"https:\/\/exceladvisor.org\/es\/contar-el-numero-total-de-celulas\/\">Cuente el n\u00famero total de celdas en un rango en Excel<\/a><\/li>\n<li> <a href=\"https:\/\/exceladvisor.org\/es\/contar-valores-unicos-1\/\">Contar valores \u00fanicos en Excel<\/a><\/li>\n<li> <a href=\"https:\/\/exceladvisor.org\/es\/contar-las-palabras\/\">Contar palabras en Excel<\/a><\/li>\n<li> <a href=\"https:\/\/exceladvisor.org\/es\/contar-lineas-filtradas\/\">Contar filas filtradas en Excel<\/a> <\/li>\n<\/ul>\n<\/div>\n<\/div>\n<div class=\"gb-grid-column gb-grid-column-5b4a0cf9\">\n<div class=\"gb-container gb-container-5b4a0cf9\"><\/div>\n<\/div>\n<\/div>\n<\/div>\n","protected":false},"excerpt":{"rendered":"<p>En Excel, para contar un car\u00e1cter espec\u00edfico, debe usar una combinaci\u00f3n de funciones SUSTITUIR y LEN. LEN cuenta el n\u00famero total de caracteres, luego la funci\u00f3n de sustituci\u00f3n elimina el car\u00e1cter que desea contar del valor principal. Despu\u00e9s de eso, puedes volver a contar el n\u00famero total de caracteres y compararlos con el recuento original [&hellip;]<\/p>\n","protected":false},"author":1,"featured_media":0,"parent":0,"menu_order":0,"comment_status":"open","ping_status":"closed","template":"","meta":{"ub_ctt_via":"","footnotes":""},"class_list":["post-79","page","type-page","status-publish","hentry"],"featured_image_src":null,"yoast_head":"<!-- This site is optimized with the Yoast SEO plugin v25.4 - https:\/\/yoast.com\/wordpress\/plugins\/seo\/ -->\n<title>\u00bfc\u00f3mo contar caracteres espec\u00edficos?<\/title>\n<meta name=\"robots\" content=\"index, follow, max-snippet:-1, max-image-preview:large, max-video-preview:-1\" \/>\n<link rel=\"canonical\" href=\"https:\/\/exceladvisor.org\/es\/contar-caracteres-especificos\/\" \/>\n<meta property=\"og:locale\" content=\"es_ES\" \/>\n<meta property=\"og:type\" content=\"article\" \/>\n<meta property=\"og:title\" content=\"\u00bfc\u00f3mo contar caracteres espec\u00edficos?\" \/>\n<meta property=\"og:description\" content=\"En Excel, para contar un car\u00e1cter espec\u00edfico, debe usar una combinaci\u00f3n de funciones SUSTITUIR y LEN. LEN cuenta el n\u00famero total de caracteres, luego la funci\u00f3n de sustituci\u00f3n elimina el car\u00e1cter que desea contar del valor principal. Despu\u00e9s de eso, puedes volver a contar el n\u00famero total de caracteres y compararlos con el recuento original [&hellip;]\" \/>\n<meta property=\"og:url\" content=\"https:\/\/exceladvisor.org\/es\/contar-caracteres-especificos\/\" \/>\n<meta property=\"og:site_name\" content=\"Excel Advisor\" \/>\n<meta property=\"article:modified_time\" content=\"2023-12-25T10:24:35+00:00\" \/>\n<meta property=\"og:image\" content=\"https:\/\/exceladvisor.org\/wp-content\/uploads\/2023\/08\/1-cellule-avec-longue-phrase.png\" \/>\n<meta name=\"twitter:card\" content=\"summary_large_image\" \/>\n<meta name=\"twitter:label1\" content=\"Tiempo de lectura\" \/>\n\t<meta name=\"twitter:data1\" content=\"2 minutos\" \/>\n<script type=\"application\/ld+json\" class=\"yoast-schema-graph\">{\"@context\":\"https:\/\/schema.org\",\"@graph\":[{\"@type\":\"WebPage\",\"@id\":\"https:\/\/exceladvisor.org\/es\/contar-caracteres-especificos\/\",\"url\":\"https:\/\/exceladvisor.org\/es\/contar-caracteres-especificos\/\",\"name\":\"\u00bfc\u00f3mo contar caracteres espec\u00edficos?\",\"isPartOf\":{\"@id\":\"https:\/\/exceladvisor.org\/es\/#website\"},\"primaryImageOfPage\":{\"@id\":\"https:\/\/exceladvisor.org\/es\/contar-caracteres-especificos\/#primaryimage\"},\"image\":{\"@id\":\"https:\/\/exceladvisor.org\/es\/contar-caracteres-especificos\/#primaryimage\"},\"thumbnailUrl\":\"https:\/\/exceladvisor.org\/wp-content\/uploads\/2023\/08\/1-cellule-avec-longue-phrase.png\",\"datePublished\":\"2023-11-17T07:57:05+00:00\",\"dateModified\":\"2023-12-25T10:24:35+00:00\",\"breadcrumb\":{\"@id\":\"https:\/\/exceladvisor.org\/es\/contar-caracteres-especificos\/#breadcrumb\"},\"inLanguage\":\"es\",\"potentialAction\":[{\"@type\":\"ReadAction\",\"target\":[\"https:\/\/exceladvisor.org\/es\/contar-caracteres-especificos\/\"]}]},{\"@type\":\"ImageObject\",\"inLanguage\":\"es\",\"@id\":\"https:\/\/exceladvisor.org\/es\/contar-caracteres-especificos\/#primaryimage\",\"url\":\"https:\/\/exceladvisor.org\/wp-content\/uploads\/2023\/08\/1-cellule-avec-longue-phrase.png\",\"contentUrl\":\"https:\/\/exceladvisor.org\/wp-content\/uploads\/2023\/08\/1-cellule-avec-longue-phrase.png\"},{\"@type\":\"BreadcrumbList\",\"@id\":\"https:\/\/exceladvisor.org\/es\/contar-caracteres-especificos\/#breadcrumb\",\"itemListElement\":[{\"@type\":\"ListItem\",\"position\":1,\"name\":\"Hogar\",\"item\":\"https:\/\/exceladvisor.org\/es\/\"},{\"@type\":\"ListItem\",\"position\":2,\"name\":\"\u00bfc\u00f3mo contar caracteres espec\u00edficos?\"}]},{\"@type\":\"WebSite\",\"@id\":\"https:\/\/exceladvisor.org\/es\/#website\",\"url\":\"https:\/\/exceladvisor.org\/es\/\",\"name\":\"Excel Advisor\",\"description\":\"Su gu\u00eda para la dominaci\u00f3n de datos!\",\"publisher\":{\"@id\":\"https:\/\/exceladvisor.org\/es\/#organization\"},\"potentialAction\":[{\"@type\":\"SearchAction\",\"target\":{\"@type\":\"EntryPoint\",\"urlTemplate\":\"https:\/\/exceladvisor.org\/es\/?s={search_term_string}\"},\"query-input\":{\"@type\":\"PropertyValueSpecification\",\"valueRequired\":true,\"valueName\":\"search_term_string\"}}],\"inLanguage\":\"es\"},{\"@type\":\"Organization\",\"@id\":\"https:\/\/exceladvisor.org\/es\/#organization\",\"name\":\"Excel Advisor\",\"url\":\"https:\/\/exceladvisor.org\/es\/\",\"logo\":{\"@type\":\"ImageObject\",\"inLanguage\":\"es\",\"@id\":\"https:\/\/exceladvisor.org\/es\/#\/schema\/logo\/image\/\",\"url\":\"https:\/\/exceladvisor.org\/es\/wp-content\/uploads\/2023\/12\/exceladvisor.org_.png\",\"contentUrl\":\"https:\/\/exceladvisor.org\/es\/wp-content\/uploads\/2023\/12\/exceladvisor.org_.png\",\"width\":105,\"height\":36,\"caption\":\"Excel Advisor\"},\"image\":{\"@id\":\"https:\/\/exceladvisor.org\/es\/#\/schema\/logo\/image\/\"}}]}<\/script>\n<!-- \/ Yoast SEO plugin. -->","yoast_head_json":{"title":"\u00bfc\u00f3mo contar caracteres espec\u00edficos?","robots":{"index":"index","follow":"follow","max-snippet":"max-snippet:-1","max-image-preview":"max-image-preview:large","max-video-preview":"max-video-preview:-1"},"canonical":"https:\/\/exceladvisor.org\/es\/contar-caracteres-especificos\/","og_locale":"es_ES","og_type":"article","og_title":"\u00bfc\u00f3mo contar caracteres espec\u00edficos?","og_description":"En Excel, para contar un car\u00e1cter espec\u00edfico, debe usar una combinaci\u00f3n de funciones SUSTITUIR y LEN. LEN cuenta el n\u00famero total de caracteres, luego la funci\u00f3n de sustituci\u00f3n elimina el car\u00e1cter que desea contar del valor principal. Despu\u00e9s de eso, puedes volver a contar el n\u00famero total de caracteres y compararlos con el recuento original [&hellip;]","og_url":"https:\/\/exceladvisor.org\/es\/contar-caracteres-especificos\/","og_site_name":"Excel Advisor","article_modified_time":"2023-12-25T10:24:35+00:00","og_image":[{"url":"https:\/\/exceladvisor.org\/wp-content\/uploads\/2023\/08\/1-cellule-avec-longue-phrase.png","type":"","width":"","height":""}],"twitter_card":"summary_large_image","twitter_misc":{"Tiempo de lectura":"2 minutos"},"schema":{"@context":"https:\/\/schema.org","@graph":[{"@type":"WebPage","@id":"https:\/\/exceladvisor.org\/es\/contar-caracteres-especificos\/","url":"https:\/\/exceladvisor.org\/es\/contar-caracteres-especificos\/","name":"\u00bfc\u00f3mo contar caracteres espec\u00edficos?","isPartOf":{"@id":"https:\/\/exceladvisor.org\/es\/#website"},"primaryImageOfPage":{"@id":"https:\/\/exceladvisor.org\/es\/contar-caracteres-especificos\/#primaryimage"},"image":{"@id":"https:\/\/exceladvisor.org\/es\/contar-caracteres-especificos\/#primaryimage"},"thumbnailUrl":"https:\/\/exceladvisor.org\/wp-content\/uploads\/2023\/08\/1-cellule-avec-longue-phrase.png","datePublished":"2023-11-17T07:57:05+00:00","dateModified":"2023-12-25T10:24:35+00:00","breadcrumb":{"@id":"https:\/\/exceladvisor.org\/es\/contar-caracteres-especificos\/#breadcrumb"},"inLanguage":"es","potentialAction":[{"@type":"ReadAction","target":["https:\/\/exceladvisor.org\/es\/contar-caracteres-especificos\/"]}]},{"@type":"ImageObject","inLanguage":"es","@id":"https:\/\/exceladvisor.org\/es\/contar-caracteres-especificos\/#primaryimage","url":"https:\/\/exceladvisor.org\/wp-content\/uploads\/2023\/08\/1-cellule-avec-longue-phrase.png","contentUrl":"https:\/\/exceladvisor.org\/wp-content\/uploads\/2023\/08\/1-cellule-avec-longue-phrase.png"},{"@type":"BreadcrumbList","@id":"https:\/\/exceladvisor.org\/es\/contar-caracteres-especificos\/#breadcrumb","itemListElement":[{"@type":"ListItem","position":1,"name":"Hogar","item":"https:\/\/exceladvisor.org\/es\/"},{"@type":"ListItem","position":2,"name":"\u00bfc\u00f3mo contar caracteres espec\u00edficos?"}]},{"@type":"WebSite","@id":"https:\/\/exceladvisor.org\/es\/#website","url":"https:\/\/exceladvisor.org\/es\/","name":"Excel Advisor","description":"Su gu\u00eda para la dominaci\u00f3n de datos!","publisher":{"@id":"https:\/\/exceladvisor.org\/es\/#organization"},"potentialAction":[{"@type":"SearchAction","target":{"@type":"EntryPoint","urlTemplate":"https:\/\/exceladvisor.org\/es\/?s={search_term_string}"},"query-input":{"@type":"PropertyValueSpecification","valueRequired":true,"valueName":"search_term_string"}}],"inLanguage":"es"},{"@type":"Organization","@id":"https:\/\/exceladvisor.org\/es\/#organization","name":"Excel Advisor","url":"https:\/\/exceladvisor.org\/es\/","logo":{"@type":"ImageObject","inLanguage":"es","@id":"https:\/\/exceladvisor.org\/es\/#\/schema\/logo\/image\/","url":"https:\/\/exceladvisor.org\/es\/wp-content\/uploads\/2023\/12\/exceladvisor.org_.png","contentUrl":"https:\/\/exceladvisor.org\/es\/wp-content\/uploads\/2023\/12\/exceladvisor.org_.png","width":105,"height":36,"caption":"Excel Advisor"},"image":{"@id":"https:\/\/exceladvisor.org\/es\/#\/schema\/logo\/image\/"}}]}},"yoast_meta":{"yoast_wpseo_title":"","yoast_wpseo_metadesc":"","yoast_wpseo_canonical":""},"_links":{"self":[{"href":"https:\/\/exceladvisor.org\/es\/wp-json\/wp\/v2\/pages\/79","targetHints":{"allow":["GET"]}}],"collection":[{"href":"https:\/\/exceladvisor.org\/es\/wp-json\/wp\/v2\/pages"}],"about":[{"href":"https:\/\/exceladvisor.org\/es\/wp-json\/wp\/v2\/types\/page"}],"author":[{"embeddable":true,"href":"https:\/\/exceladvisor.org\/es\/wp-json\/wp\/v2\/users\/1"}],"replies":[{"embeddable":true,"href":"https:\/\/exceladvisor.org\/es\/wp-json\/wp\/v2\/comments?post=79"}],"version-history":[{"count":1,"href":"https:\/\/exceladvisor.org\/es\/wp-json\/wp\/v2\/pages\/79\/revisions"}],"predecessor-version":[{"id":938,"href":"https:\/\/exceladvisor.org\/es\/wp-json\/wp\/v2\/pages\/79\/revisions\/938"}],"wp:attachment":[{"href":"https:\/\/exceladvisor.org\/es\/wp-json\/wp\/v2\/media?parent=79"}],"curies":[{"name":"wp","href":"https:\/\/api.w.org\/{rel}","templated":true}]}}