{"id":80,"date":"2023-11-17T07:52:04","date_gmt":"2023-11-17T07:52:04","guid":{"rendered":"https:\/\/exceladvisor.org\/es\/copiar-celda-a-una-nueva-hoja-de-trabajo\/"},"modified":"2023-12-25T10:33:49","modified_gmt":"2023-12-25T10:33:49","slug":"copiar-celda-a-una-nueva-hoja-de-trabajo","status":"publish","type":"page","link":"https:\/\/exceladvisor.org\/es\/copiar-celda-a-una-nueva-hoja-de-trabajo\/","title":{"rendered":"Rango de copia de vba a otra hoja + libro de trabajo"},"content":{"rendered":"<div class=\"excel-antes-del-contenido\" id=\"excel-801564245\"><script type=\"text\/javascript\">\r\n\tatOptions = {\r\n\t\t'key' : 'c1158f160081d6540a8409e6925dab94',\r\n\t\t'format' : 'iframe',\r\n\t\t'height' : 250,\r\n\t\t'width' : 300,\r\n\t\t'params' : {}\r\n\t};\r\n<\/script>\r\n<script type=\"text\/javascript\" src=\"\/\/www.highperformanceformat.com\/c1158f160081d6540a8409e6925dab94\/invoke.js\"><\/script><\/div><p>Para copiar una celda o rango de celdas a otra hoja de trabajo, debe utilizar el m\u00e9todo \u00abCopiar\u00bb de VBA. En este m\u00e9todo, necesita definir el rango o celda usando el objeto de rango que desea copiar y luego definir otra hoja de trabajo con el rango en el que desea pegarlo.<\/p>\n<h2 class=\"wp-block-heading\"> Copiar una celda u organizarla en otra hoja de trabajo<\/h2>\n<pre class=\"wp-block-code\"> <code class=\"language-visual-basic\" lang=\"visual-basic\">Range(\"A1\").Copy Worksheets(\"Sheet2\").Range(\"A1\")<\/code><\/pre>\n<ol>\n<li> Primero, configure el rango o celda que desea copiar. <br \/><img loading=\"lazy\" decoding=\"async\" title=\"1 conjunto de rango o celda\" src=\"https:\/\/exceladvisor.org\/wp-content\/uploads\/2023\/08\/1-definir-la-plage-ou-la-cellule.png\" sizes=\"auto, \" srcset=\"\" alt=\"define the range or cell\" width=\"373\" height=\"210\"><\/li>\n<li> Luego escriba un punto (.) y seleccione el m\u00e9todo de copia de la lista de propiedades y m\u00e9todos. <br \/><img loading=\"lazy\" decoding=\"async\" title=\"M\u00e9todo de copia de 2 tipos y per\u00edodo de selecci\u00f3n\" src=\"https:\/\/exceladvisor.org\/wp-content\/uploads\/2023\/08\/2-tapez-un-point-et-selectionnez-la-methode-de-copie.png\" sizes=\"auto, \" srcset=\"\" alt=\"type a dot and select the copy method\" width=\"362\" height=\"244\"><\/li>\n<li> Aqu\u00ed obtendr\u00e1 un intellisense para establecer el destino de la celda copiada. <br \/><img loading=\"lazy\" decoding=\"async\" title=\"3-establecer-destino-de-la-celda-copiada\" src=\"https:\/\/exceladvisor.org\/wp-content\/uploads\/2023\/08\/3-definir-la-destination-de-la-cellule-copiee.png\" sizes=\"auto, \" srcset=\"\" alt=\"define the destination of the copied cell\" width=\"366\" height=\"208\"><\/li>\n<li> Desde aqu\u00ed debe definir la hoja de trabajo y luego el rango de destino. <br \/><img loading=\"lazy\" decoding=\"async\" title=\"4-establecer-la-hoja-de-trabajo-y-el-rango-de-destino\" src=\"https:\/\/exceladvisor.org\/wp-content\/uploads\/2023\/08\/4-definir-la-feuille-de-calcul-et-la-plage-de-destination.png\" sizes=\"auto, \" srcset=\"\" alt=\"define the worksheet and than destination range\" width=\"368\" height=\"164\"><\/li>\n<\/ol>\n<p> Ahora, cuando ejecuta este c\u00f3digo, copia la celda A1 de la <a href=\"https:\/\/exceladvisor.org\/es\/activar-hoja\/\">hoja activa<\/a> a la \u00abHoja2\u00bb. Una cosa de la que debes asegurarte es que cuando copias una celda y la pegas en un destino, tambi\u00e9n pega el formato all\u00ed.<\/p>\n<p> Pero si solo desea copiar el valor de una celda y pegarlo en las diferentes hojas de trabajo, considere el siguiente c\u00f3digo.<\/p>\n<pre class=\"wp-block-code\"> <code class=\"language-visual-basic\" lang=\"visual-basic\">Worksheets(\"Sheet2\").Range(\"A1\") = Range(\"A1\").Value<\/code><\/pre>\n<p> Este m\u00e9todo no utiliza el m\u00e9todo de copia, sino que simplemente agrega valor a la hoja de trabajo de destino usando un signo igual y usando la propiedad de valor con la celda de origen.<\/p>\n<h2 class=\"wp-block-heading\"> Copiar celda de otra hoja de trabajo<\/h2>\n<p> Ahora suponga que desea copiar una celda de una hoja de trabajo que no est\u00e1 activa en ese momento. En este caso, debe definir la hoja de trabajo con la celda de origen. Al igual que el siguiente c\u00f3digo.<\/p>\n<pre class=\"wp-block-code\"> <code class=\"language-visual-basic\" lang=\"visual-basic\">Worksheets(\"sheet1\").Range(\"A1\").Copy Worksheets(\"Sheet2\").Range(\"A1\")<\/code><\/pre>\n<h2 class=\"wp-block-heading\"> Copiar un rango de celdas<\/h2>\n<pre class=\"wp-block-code\"> <code class=\"language-visual-basic\" lang=\"visual-basic\">Range(\"A1:A10\").Copy Worksheets(\"Sheet2\").Range(\"A1:A10\") Range(\"A1:A10\").Copy Worksheets(\"Sheet2\").Range(\"A1\")<\/code><\/pre>\n<h2 class=\"wp-block-heading\"> Copiar una celda de una hoja de trabajo a otro libro de trabajo<\/h2>\n<p> Cuando <a href=\"https:\/\/exceladvisor.org\/es\/comprobar-libro-abierto\/\">los libros est\u00e1n abiertos<\/a> pero a\u00fan no guardados.<\/p>\n<pre class=\"wp-block-code\"> <code class=\"language-visual-basic\" lang=\"visual-basic\">Workbooks(\"Book1\").Worksheets(\"Sheet1\").Range(\"A1\").Copy _ Workbooks(\"Book2\").Worksheets(\"Sheet1\").Range(\"A1\")<\/code><\/pre>\n<p> Cuando <a href=\"https:\/\/exceladvisor.org\/es\/archivador-abierto\/\">los libros se abren<\/a> y guardan.<\/p>\n<pre class=\"wp-block-code\"> <code class=\"language-visual-basic\" lang=\"visual-basic\">Workbooks(\"Book1.xlsx\").Worksheets(\"Sheet1\").Range(\"A1\").Copy _ Workbooks(\"Book2.xlsx\").Worksheets(\"Sheet1\").Range(\"A1\")<\/code><\/pre>\n<h2 class=\"wp-block-heading\"> Copie una celda de una hoja de trabajo a otro libro cerrado<\/h2>\n<pre class=\"wp-block-code\"> <code class=\"language-visual-basic\" lang=\"visual-basic\">'to open the workbook that is saved in a folder on your system _ change the path according to the location you have in your _ system Workbooks.Open \"C:UsersDellDesktopmyFile.xlsx\" 'copies cell from the book1 workbook and copy and paste _ it to the workbook myFile Workbooks(\"Book1\").Worksheets(\"Sheet1\").Range(\"A1\").Copy _ Workbooks(\"myFile\").Worksheets(\"Sheet1\").Range(\"A1\") 'close the workbook and after saving Workbooks(\"myFile\").Close SaveChanges:=True<\/code><\/pre>\n<p> Relacionado: <a href=\"https:\/\/exceladvisor.org\/es\/archivador-abierto\/\">C\u00f3mo abrir un libro usando VBA en Excel<\/a><\/p>\n<div class=\"gb-container gb-container-4db6181c gb-container-mt\"> <a class=\"gb-button gb-button-c5897111 gb-button-text gb-button-mt-button\" href=\"https:\/\/exceladvisor.org\/es\/vba\/\">\u00bfQu\u00e9 es VBA?<\/a><\/p>\n<h2 class=\"gb-headline gb-headline-665e5f6b gb-headline-text gb-headline-mt-heading\"> Tutoriales relacionados <\/h2>\n<div class=\"gb-grid-wrapper gb-grid-wrapper-a20baf7c gb-grid-wrapper-mt-grid\">\n<div class=\"gb-grid-column gb-grid-column-65ddf67e\">\n<div class=\"gb-container gb-container-65ddf67e\">\n<ul>\n<li> <a href=\"https:\/\/exceladvisor.org\/es\/numero-de-lineas\/\">Contar filas usando VBA en Excel<\/a><\/li>\n<li> <a href=\"https:\/\/exceladvisor.org\/es\/fuente-de-caracteres\/\">Fuente Excel VBA (color, tama\u00f1o, tipo y negrita)<\/a><\/li>\n<li> <a href=\"https:\/\/exceladvisor.org\/es\/ocultar-mostrar-fila-de-columna\/\">Excel VBA Ocultar y mostrar una columna o fila<\/a><\/li>\n<li> <a href=\"https:\/\/exceladvisor.org\/es\/rango-1\/\">Rango de Excel VBA: trabajar con rango y celdas<\/a><\/li>\n<li> <a href=\"https:\/\/exceladvisor.org\/es\/fronteras\/\">Aplicar bordes a una celda usando VBA en Excel<\/a><\/li>\n<\/ul>\n<\/div>\n<\/div>\n<\/div>\n<\/div>\n","protected":false},"excerpt":{"rendered":"<p>Para copiar una celda o rango de celdas a otra hoja de trabajo, debe utilizar el m\u00e9todo \u00abCopiar\u00bb de VBA. En este m\u00e9todo, necesita definir el rango o celda usando el objeto de rango que desea copiar y luego definir otra hoja de trabajo con el rango en el que desea pegarlo. Copiar una celda [&hellip;]<\/p>\n","protected":false},"author":1,"featured_media":0,"parent":0,"menu_order":0,"comment_status":"open","ping_status":"closed","template":"","meta":{"ub_ctt_via":"","footnotes":""},"class_list":["post-80","page","type-page","status-publish","hentry"],"featured_image_src":null,"yoast_head":"<!-- This site is optimized with the Yoast SEO plugin v25.4 - https:\/\/yoast.com\/wordpress\/plugins\/seo\/ -->\n<title>Rango de copia de vba a otra hoja + libro de trabajo<\/title>\n<meta name=\"robots\" content=\"index, follow, max-snippet:-1, max-image-preview:large, max-video-preview:-1\" \/>\n<link rel=\"canonical\" href=\"https:\/\/exceladvisor.org\/es\/copiar-celda-a-una-nueva-hoja-de-trabajo\/\" \/>\n<meta property=\"og:locale\" content=\"es_ES\" \/>\n<meta property=\"og:type\" content=\"article\" \/>\n<meta property=\"og:title\" content=\"Rango de copia de vba a otra hoja + libro de trabajo\" \/>\n<meta property=\"og:description\" content=\"Para copiar una celda o rango de celdas a otra hoja de trabajo, debe utilizar el m\u00e9todo \u00abCopiar\u00bb de VBA. En este m\u00e9todo, necesita definir el rango o celda usando el objeto de rango que desea copiar y luego definir otra hoja de trabajo con el rango en el que desea pegarlo. Copiar una celda [&hellip;]\" \/>\n<meta property=\"og:url\" content=\"https:\/\/exceladvisor.org\/es\/copiar-celda-a-una-nueva-hoja-de-trabajo\/\" \/>\n<meta property=\"og:site_name\" content=\"Excel Advisor\" \/>\n<meta property=\"article:modified_time\" content=\"2023-12-25T10:33:49+00:00\" \/>\n<meta property=\"og:image\" content=\"https:\/\/exceladvisor.org\/wp-content\/uploads\/2023\/08\/1-definir-la-plage-ou-la-cellule.png\" \/>\n<meta name=\"twitter:card\" content=\"summary_large_image\" \/>\n<meta name=\"twitter:label1\" content=\"Tiempo de lectura\" \/>\n\t<meta name=\"twitter:data1\" content=\"3 minutos\" \/>\n<script type=\"application\/ld+json\" class=\"yoast-schema-graph\">{\"@context\":\"https:\/\/schema.org\",\"@graph\":[{\"@type\":\"WebPage\",\"@id\":\"https:\/\/exceladvisor.org\/es\/copiar-celda-a-una-nueva-hoja-de-trabajo\/\",\"url\":\"https:\/\/exceladvisor.org\/es\/copiar-celda-a-una-nueva-hoja-de-trabajo\/\",\"name\":\"Rango de copia de vba a otra hoja + libro de trabajo\",\"isPartOf\":{\"@id\":\"https:\/\/exceladvisor.org\/es\/#website\"},\"primaryImageOfPage\":{\"@id\":\"https:\/\/exceladvisor.org\/es\/copiar-celda-a-una-nueva-hoja-de-trabajo\/#primaryimage\"},\"image\":{\"@id\":\"https:\/\/exceladvisor.org\/es\/copiar-celda-a-una-nueva-hoja-de-trabajo\/#primaryimage\"},\"thumbnailUrl\":\"https:\/\/exceladvisor.org\/wp-content\/uploads\/2023\/08\/1-definir-la-plage-ou-la-cellule.png\",\"datePublished\":\"2023-11-17T07:52:04+00:00\",\"dateModified\":\"2023-12-25T10:33:49+00:00\",\"breadcrumb\":{\"@id\":\"https:\/\/exceladvisor.org\/es\/copiar-celda-a-una-nueva-hoja-de-trabajo\/#breadcrumb\"},\"inLanguage\":\"es\",\"potentialAction\":[{\"@type\":\"ReadAction\",\"target\":[\"https:\/\/exceladvisor.org\/es\/copiar-celda-a-una-nueva-hoja-de-trabajo\/\"]}]},{\"@type\":\"ImageObject\",\"inLanguage\":\"es\",\"@id\":\"https:\/\/exceladvisor.org\/es\/copiar-celda-a-una-nueva-hoja-de-trabajo\/#primaryimage\",\"url\":\"https:\/\/exceladvisor.org\/wp-content\/uploads\/2023\/08\/1-definir-la-plage-ou-la-cellule.png\",\"contentUrl\":\"https:\/\/exceladvisor.org\/wp-content\/uploads\/2023\/08\/1-definir-la-plage-ou-la-cellule.png\"},{\"@type\":\"BreadcrumbList\",\"@id\":\"https:\/\/exceladvisor.org\/es\/copiar-celda-a-una-nueva-hoja-de-trabajo\/#breadcrumb\",\"itemListElement\":[{\"@type\":\"ListItem\",\"position\":1,\"name\":\"Hogar\",\"item\":\"https:\/\/exceladvisor.org\/es\/\"},{\"@type\":\"ListItem\",\"position\":2,\"name\":\"Rango de copia de vba a otra hoja + libro de trabajo\"}]},{\"@type\":\"WebSite\",\"@id\":\"https:\/\/exceladvisor.org\/es\/#website\",\"url\":\"https:\/\/exceladvisor.org\/es\/\",\"name\":\"Excel Advisor\",\"description\":\"Su gu\u00eda para la dominaci\u00f3n de datos!\",\"publisher\":{\"@id\":\"https:\/\/exceladvisor.org\/es\/#organization\"},\"potentialAction\":[{\"@type\":\"SearchAction\",\"target\":{\"@type\":\"EntryPoint\",\"urlTemplate\":\"https:\/\/exceladvisor.org\/es\/?s={search_term_string}\"},\"query-input\":{\"@type\":\"PropertyValueSpecification\",\"valueRequired\":true,\"valueName\":\"search_term_string\"}}],\"inLanguage\":\"es\"},{\"@type\":\"Organization\",\"@id\":\"https:\/\/exceladvisor.org\/es\/#organization\",\"name\":\"Excel Advisor\",\"url\":\"https:\/\/exceladvisor.org\/es\/\",\"logo\":{\"@type\":\"ImageObject\",\"inLanguage\":\"es\",\"@id\":\"https:\/\/exceladvisor.org\/es\/#\/schema\/logo\/image\/\",\"url\":\"https:\/\/exceladvisor.org\/es\/wp-content\/uploads\/2023\/12\/exceladvisor.org_.png\",\"contentUrl\":\"https:\/\/exceladvisor.org\/es\/wp-content\/uploads\/2023\/12\/exceladvisor.org_.png\",\"width\":105,\"height\":36,\"caption\":\"Excel Advisor\"},\"image\":{\"@id\":\"https:\/\/exceladvisor.org\/es\/#\/schema\/logo\/image\/\"}}]}<\/script>\n<!-- \/ Yoast SEO plugin. -->","yoast_head_json":{"title":"Rango de copia de vba a otra hoja + libro de trabajo","robots":{"index":"index","follow":"follow","max-snippet":"max-snippet:-1","max-image-preview":"max-image-preview:large","max-video-preview":"max-video-preview:-1"},"canonical":"https:\/\/exceladvisor.org\/es\/copiar-celda-a-una-nueva-hoja-de-trabajo\/","og_locale":"es_ES","og_type":"article","og_title":"Rango de copia de vba a otra hoja + libro de trabajo","og_description":"Para copiar una celda o rango de celdas a otra hoja de trabajo, debe utilizar el m\u00e9todo \u00abCopiar\u00bb de VBA. En este m\u00e9todo, necesita definir el rango o celda usando el objeto de rango que desea copiar y luego definir otra hoja de trabajo con el rango en el que desea pegarlo. Copiar una celda [&hellip;]","og_url":"https:\/\/exceladvisor.org\/es\/copiar-celda-a-una-nueva-hoja-de-trabajo\/","og_site_name":"Excel Advisor","article_modified_time":"2023-12-25T10:33:49+00:00","og_image":[{"url":"https:\/\/exceladvisor.org\/wp-content\/uploads\/2023\/08\/1-definir-la-plage-ou-la-cellule.png","type":"","width":"","height":""}],"twitter_card":"summary_large_image","twitter_misc":{"Tiempo de lectura":"3 minutos"},"schema":{"@context":"https:\/\/schema.org","@graph":[{"@type":"WebPage","@id":"https:\/\/exceladvisor.org\/es\/copiar-celda-a-una-nueva-hoja-de-trabajo\/","url":"https:\/\/exceladvisor.org\/es\/copiar-celda-a-una-nueva-hoja-de-trabajo\/","name":"Rango de copia de vba a otra hoja + libro de trabajo","isPartOf":{"@id":"https:\/\/exceladvisor.org\/es\/#website"},"primaryImageOfPage":{"@id":"https:\/\/exceladvisor.org\/es\/copiar-celda-a-una-nueva-hoja-de-trabajo\/#primaryimage"},"image":{"@id":"https:\/\/exceladvisor.org\/es\/copiar-celda-a-una-nueva-hoja-de-trabajo\/#primaryimage"},"thumbnailUrl":"https:\/\/exceladvisor.org\/wp-content\/uploads\/2023\/08\/1-definir-la-plage-ou-la-cellule.png","datePublished":"2023-11-17T07:52:04+00:00","dateModified":"2023-12-25T10:33:49+00:00","breadcrumb":{"@id":"https:\/\/exceladvisor.org\/es\/copiar-celda-a-una-nueva-hoja-de-trabajo\/#breadcrumb"},"inLanguage":"es","potentialAction":[{"@type":"ReadAction","target":["https:\/\/exceladvisor.org\/es\/copiar-celda-a-una-nueva-hoja-de-trabajo\/"]}]},{"@type":"ImageObject","inLanguage":"es","@id":"https:\/\/exceladvisor.org\/es\/copiar-celda-a-una-nueva-hoja-de-trabajo\/#primaryimage","url":"https:\/\/exceladvisor.org\/wp-content\/uploads\/2023\/08\/1-definir-la-plage-ou-la-cellule.png","contentUrl":"https:\/\/exceladvisor.org\/wp-content\/uploads\/2023\/08\/1-definir-la-plage-ou-la-cellule.png"},{"@type":"BreadcrumbList","@id":"https:\/\/exceladvisor.org\/es\/copiar-celda-a-una-nueva-hoja-de-trabajo\/#breadcrumb","itemListElement":[{"@type":"ListItem","position":1,"name":"Hogar","item":"https:\/\/exceladvisor.org\/es\/"},{"@type":"ListItem","position":2,"name":"Rango de copia de vba a otra hoja + libro de trabajo"}]},{"@type":"WebSite","@id":"https:\/\/exceladvisor.org\/es\/#website","url":"https:\/\/exceladvisor.org\/es\/","name":"Excel Advisor","description":"Su gu\u00eda para la dominaci\u00f3n de datos!","publisher":{"@id":"https:\/\/exceladvisor.org\/es\/#organization"},"potentialAction":[{"@type":"SearchAction","target":{"@type":"EntryPoint","urlTemplate":"https:\/\/exceladvisor.org\/es\/?s={search_term_string}"},"query-input":{"@type":"PropertyValueSpecification","valueRequired":true,"valueName":"search_term_string"}}],"inLanguage":"es"},{"@type":"Organization","@id":"https:\/\/exceladvisor.org\/es\/#organization","name":"Excel Advisor","url":"https:\/\/exceladvisor.org\/es\/","logo":{"@type":"ImageObject","inLanguage":"es","@id":"https:\/\/exceladvisor.org\/es\/#\/schema\/logo\/image\/","url":"https:\/\/exceladvisor.org\/es\/wp-content\/uploads\/2023\/12\/exceladvisor.org_.png","contentUrl":"https:\/\/exceladvisor.org\/es\/wp-content\/uploads\/2023\/12\/exceladvisor.org_.png","width":105,"height":36,"caption":"Excel Advisor"},"image":{"@id":"https:\/\/exceladvisor.org\/es\/#\/schema\/logo\/image\/"}}]}},"yoast_meta":{"yoast_wpseo_title":"","yoast_wpseo_metadesc":"","yoast_wpseo_canonical":""},"_links":{"self":[{"href":"https:\/\/exceladvisor.org\/es\/wp-json\/wp\/v2\/pages\/80","targetHints":{"allow":["GET"]}}],"collection":[{"href":"https:\/\/exceladvisor.org\/es\/wp-json\/wp\/v2\/pages"}],"about":[{"href":"https:\/\/exceladvisor.org\/es\/wp-json\/wp\/v2\/types\/page"}],"author":[{"embeddable":true,"href":"https:\/\/exceladvisor.org\/es\/wp-json\/wp\/v2\/users\/1"}],"replies":[{"embeddable":true,"href":"https:\/\/exceladvisor.org\/es\/wp-json\/wp\/v2\/comments?post=80"}],"version-history":[{"count":1,"href":"https:\/\/exceladvisor.org\/es\/wp-json\/wp\/v2\/pages\/80\/revisions"}],"predecessor-version":[{"id":1498,"href":"https:\/\/exceladvisor.org\/es\/wp-json\/wp\/v2\/pages\/80\/revisions\/1498"}],"wp:attachment":[{"href":"https:\/\/exceladvisor.org\/es\/wp-json\/wp\/v2\/media?parent=80"}],"curies":[{"name":"wp","href":"https:\/\/api.w.org\/{rel}","templated":true}]}}