{"id":83,"date":"2023-11-17T07:16:19","date_gmt":"2023-11-17T07:16:19","guid":{"rendered":"https:\/\/exceladvisor.org\/es\/obtener-nombre-de-archivo\/"},"modified":"2023-12-25T10:26:18","modified_gmt":"2023-12-25T10:26:18","slug":"obtener-nombre-de-archivo","status":"publish","type":"page","link":"https:\/\/exceladvisor.org\/es\/obtener-nombre-de-archivo\/","title":{"rendered":"\u00bfc\u00f3mo obtener el nombre del archivo en excel?"},"content":{"rendered":"<div class=\"excel-antes-del-contenido\" id=\"excel-3826463318\"><script type=\"text\/javascript\">\r\n\tatOptions = {\r\n\t\t'key' : 'c1158f160081d6540a8409e6925dab94',\r\n\t\t'format' : 'iframe',\r\n\t\t'height' : 250,\r\n\t\t'width' : 300,\r\n\t\t'params' : {}\r\n\t};\r\n<\/script>\r\n<script type=\"text\/javascript\" src=\"\/\/www.highperformanceformat.com\/c1158f160081d6540a8409e6925dab94\/invoke.js\"><\/script><\/div><p>En Excel, no existe una funci\u00f3n directa para obtener el nombre del archivo, pero puede usar la funci\u00f3n CELL para obtener la ruta del archivo, luego podemos usar la funci\u00f3n MID para extraer el nombre del archivo.<\/p>\n<p> Puede utilizar los siguientes pasos:<\/p>\n<ol type=\"1\">\n<li> Primero, debe ingresar la funci\u00f3n CELDA en una celda.<\/li>\n<li> Despu\u00e9s de eso, debes especificar el \u00abnombre de archivo\u00bb en el argumento.<\/li>\n<li> Luego ingrese el par\u00e9ntesis de cierre.<\/li>\n<li> Al final, presione Entrar.<\/li>\n<\/ol>\n<pre class=\"wp-block-code\"> <code class=\"language-excel-formula\" lang=\"excel-formula\">=CELL(\"filename\")<\/code><\/pre>\n<p> En este punto tienes la ruta a la direcci\u00f3n del archivo. Puedes ver en el siguiente ejemplo que tengo la direcci\u00f3n de ruta en la celda D1. <\/p>\n<div class=\"wp-block-image\">\n<figure class=\"aligncenter size-full is-resized\"><img loading=\"lazy\" decoding=\"async\" class=\"wp-image-66806\" src=\"https:\/\/exceladvisor.org\/wp-content\/uploads\/2023\/08\/1-obtenir-le-nom-du-fichier.png\" sizes=\"auto, \" srcset=\"\" alt=\"obtener-nombre-de-archivo\" width=\"565\" height=\"298\"><\/figure>\n<\/div>\n<p> Ahora lo siguiente es obtener el nombre del archivo de esta direcci\u00f3n, y para ello usaremos las funciones MID + SEARCH.<\/p>\n<p> Hay una cosa que debes tener en cuenta: el nombre del archivo est\u00e1 entre corchetes.<\/p>\n<p> Entonces, creemos una f\u00f3rmula para obtener el nombre del archivo.<\/p>\n<ol>\n<li> Primero, use la funci\u00f3n B\u00daSQUEDA para averiguar la posici\u00f3n del gancho inicial usando la funci\u00f3n de b\u00fasqueda. <br \/><img loading=\"lazy\" decoding=\"async\" title=\"2-funci\u00f3n-de-b\u00fasqueda-para-conocer-la-posici\u00f3n\" src=\"https:\/\/exceladvisor.org\/wp-content\/uploads\/2023\/08\/2-fonction-de-recherche-pour-connaitre-la-position.png\" sizes=\"auto, \" srcset=\"\" alt=\"search-function-to-know-the-position\" width=\"535\" height=\"163\"><\/li>\n<li> A continuaci\u00f3n, debe encontrar la posici\u00f3n de los corchetes finales. <br \/><img loading=\"lazy\" decoding=\"async\" title=\"Ganchos-de-acabado-de-3-posiciones\" src=\"https:\/\/exceladvisor.org\/wp-content\/uploads\/2023\/08\/3-position-des-crochets-de-fin.png\" sizes=\"auto, \" srcset=\"\" alt=\"position-of-ending-square-brackets\" width=\"533\" height=\"157\"><\/li>\n<li> Despu\u00e9s de eso, debe usar la funci\u00f3n MID para obtener el nombre final de la ruta completa.<\/li>\n<li> Y para esto necesitamos usar la siguiente f\u00f3rmula en la que debes usar los valores que obtuviste de la funci\u00f3n de b\u00fasqueda. <br \/><img loading=\"lazy\" decoding=\"async\" title=\"4-funci\u00f3n-media-para-obtener-nombre-de-archivo\" src=\"https:\/\/exceladvisor.org\/wp-content\/uploads\/2023\/08\/4-fonction-mediane-pour-obtenir-le-nom-du-fichier.png\" sizes=\"auto, \" srcset=\"\" alt=\"mid-function-to-get-file-name\" width=\"532\" height=\"173\"><\/li>\n<\/ol>\n<p> Ahora entendamos esta f\u00f3rmula que hemos escrito con la funci\u00f3n MID. En la funci\u00f3n MEDIA:<\/p>\n<ol type=\"1\">\n<li> En el primer argumento te referiste a la celda donde tenemos la ruta completa del archivo.<\/li>\n<li> En el segundo argumento, utiliz\u00f3 la posici\u00f3n inicial del corchete que obtuvo de la funci\u00f3n B\u00daSQUEDA y luego le agreg\u00f3 1.<\/li>\n<li> En el tercer argumento, us\u00f3 la posici\u00f3n del corchete final y dedujo la posici\u00f3n del corchete inicial, luego dedujo 1. Esto le da el n\u00famero exacto de caracteres que debe obtener.<\/li>\n<\/ol>\n<p> Aqu\u00ed he introducido todas las funciones en una \u00fanica f\u00f3rmula para obtener el resultado en una sola celda.<\/p>\n<pre class=\"wp-block-code\"> <code class=\"language-excel-formula\" lang=\"excel-formula\">=MID(CELL(\"filename\"),SEARCH(\"[\",CELL(\"filename\"))+1,SEARCH(\"]\",CELL(\"filename\"))-SEARCH(\"[\",CELL(\"filename\"))-1)<\/code><\/pre>\n<div class=\"gb-container gb-container-0df56012 gb-container-mt\"> <a class=\"gb-button gb-button-f9f432f4 gb-button-text gb-button-mt-button\" href=\"https:\/\/exceladvisor.org\/es\/formulas\/\">Lista de f\u00f3rmulas de Excel<\/a><\/p>\n<h2 class=\"gb-headline gb-headline-233444e8 gb-headline-text gb-headline-mt-heading\"> F\u00f3rmulas relacionadas <\/h2>\n<div class=\"gb-grid-wrapper gb-grid-wrapper-a16fa65c gb-grid-wrapper-mt-grid\">\n<div class=\"gb-grid-column gb-grid-column-50d07e0d\">\n<div class=\"gb-container gb-container-50d07e0d\">\n<ul>\n<li> <a href=\"https:\/\/exceladvisor.org\/es\/filtro-horizontal\/\">Crear un filtro horizontal en Excel<\/a><\/li>\n<li> <a href=\"https:\/\/exceladvisor.org\/es\/calificacion-de-estrellas\/\">Cree una plantilla de calificaci\u00f3n de estrellas en Excel<\/a><\/li>\n<li> <a href=\"https:\/\/exceladvisor.org\/es\/obtener-el-nombre-de-la-hoja\/\">Obtener el nombre de la hoja en Excel<\/a><\/li>\n<li> <a href=\"https:\/\/exceladvisor.org\/es\/generar-letras-aleatorias\/\">Genera r\u00e1pidamente letras aleatorias en Excel<\/a><\/li>\n<li> <a href=\"https:\/\/exceladvisor.org\/es\/aleatorizar-la-lista\/\">Aleatorizar una lista (clasificaci\u00f3n aleatoria) en Excel<\/a> <\/li>\n<\/ul>\n<\/div>\n<\/div>\n<div class=\"gb-grid-column gb-grid-column-5b4a0cf9\">\n<div class=\"gb-container gb-container-5b4a0cf9\"><\/div>\n<\/div>\n<\/div>\n<\/div>\n","protected":false},"excerpt":{"rendered":"<p>En Excel, no existe una funci\u00f3n directa para obtener el nombre del archivo, pero puede usar la funci\u00f3n CELL para obtener la ruta del archivo, luego podemos usar la funci\u00f3n MID para extraer el nombre del archivo. Puede utilizar los siguientes pasos: Primero, debe ingresar la funci\u00f3n CELDA en una celda. Despu\u00e9s de eso, debes [&hellip;]<\/p>\n","protected":false},"author":1,"featured_media":0,"parent":0,"menu_order":0,"comment_status":"open","ping_status":"closed","template":"","meta":{"ub_ctt_via":"","footnotes":""},"class_list":["post-83","page","type-page","status-publish","hentry"],"featured_image_src":null,"yoast_head":"<!-- This site is optimized with the Yoast SEO plugin v25.4 - https:\/\/yoast.com\/wordpress\/plugins\/seo\/ -->\n<title>\u00bfc\u00f3mo obtener el nombre del archivo en excel?<\/title>\n<meta name=\"robots\" content=\"index, follow, max-snippet:-1, max-image-preview:large, max-video-preview:-1\" \/>\n<link rel=\"canonical\" href=\"https:\/\/exceladvisor.org\/es\/obtener-nombre-de-archivo\/\" \/>\n<meta property=\"og:locale\" content=\"es_ES\" \/>\n<meta property=\"og:type\" content=\"article\" \/>\n<meta property=\"og:title\" content=\"\u00bfc\u00f3mo obtener el nombre del archivo en excel?\" \/>\n<meta property=\"og:description\" content=\"En Excel, no existe una funci\u00f3n directa para obtener el nombre del archivo, pero puede usar la funci\u00f3n CELL para obtener la ruta del archivo, luego podemos usar la funci\u00f3n MID para extraer el nombre del archivo. Puede utilizar los siguientes pasos: Primero, debe ingresar la funci\u00f3n CELDA en una celda. Despu\u00e9s de eso, debes [&hellip;]\" \/>\n<meta property=\"og:url\" content=\"https:\/\/exceladvisor.org\/es\/obtener-nombre-de-archivo\/\" \/>\n<meta property=\"og:site_name\" content=\"Excel Advisor\" \/>\n<meta property=\"article:modified_time\" content=\"2023-12-25T10:26:18+00:00\" \/>\n<meta property=\"og:image\" content=\"https:\/\/exceladvisor.org\/wp-content\/uploads\/2023\/08\/1-obtenir-le-nom-du-fichier.png\" \/>\n<meta name=\"twitter:card\" content=\"summary_large_image\" \/>\n<meta name=\"twitter:label1\" content=\"Tiempo de lectura\" \/>\n\t<meta name=\"twitter:data1\" content=\"2 minutos\" \/>\n<script type=\"application\/ld+json\" class=\"yoast-schema-graph\">{\"@context\":\"https:\/\/schema.org\",\"@graph\":[{\"@type\":\"WebPage\",\"@id\":\"https:\/\/exceladvisor.org\/es\/obtener-nombre-de-archivo\/\",\"url\":\"https:\/\/exceladvisor.org\/es\/obtener-nombre-de-archivo\/\",\"name\":\"\u00bfc\u00f3mo obtener el nombre del archivo en excel?\",\"isPartOf\":{\"@id\":\"https:\/\/exceladvisor.org\/es\/#website\"},\"primaryImageOfPage\":{\"@id\":\"https:\/\/exceladvisor.org\/es\/obtener-nombre-de-archivo\/#primaryimage\"},\"image\":{\"@id\":\"https:\/\/exceladvisor.org\/es\/obtener-nombre-de-archivo\/#primaryimage\"},\"thumbnailUrl\":\"https:\/\/exceladvisor.org\/wp-content\/uploads\/2023\/08\/1-obtenir-le-nom-du-fichier.png\",\"datePublished\":\"2023-11-17T07:16:19+00:00\",\"dateModified\":\"2023-12-25T10:26:18+00:00\",\"breadcrumb\":{\"@id\":\"https:\/\/exceladvisor.org\/es\/obtener-nombre-de-archivo\/#breadcrumb\"},\"inLanguage\":\"es\",\"potentialAction\":[{\"@type\":\"ReadAction\",\"target\":[\"https:\/\/exceladvisor.org\/es\/obtener-nombre-de-archivo\/\"]}]},{\"@type\":\"ImageObject\",\"inLanguage\":\"es\",\"@id\":\"https:\/\/exceladvisor.org\/es\/obtener-nombre-de-archivo\/#primaryimage\",\"url\":\"https:\/\/exceladvisor.org\/wp-content\/uploads\/2023\/08\/1-obtenir-le-nom-du-fichier.png\",\"contentUrl\":\"https:\/\/exceladvisor.org\/wp-content\/uploads\/2023\/08\/1-obtenir-le-nom-du-fichier.png\"},{\"@type\":\"BreadcrumbList\",\"@id\":\"https:\/\/exceladvisor.org\/es\/obtener-nombre-de-archivo\/#breadcrumb\",\"itemListElement\":[{\"@type\":\"ListItem\",\"position\":1,\"name\":\"Hogar\",\"item\":\"https:\/\/exceladvisor.org\/es\/\"},{\"@type\":\"ListItem\",\"position\":2,\"name\":\"\u00bfc\u00f3mo obtener el nombre del archivo en excel?\"}]},{\"@type\":\"WebSite\",\"@id\":\"https:\/\/exceladvisor.org\/es\/#website\",\"url\":\"https:\/\/exceladvisor.org\/es\/\",\"name\":\"Excel Advisor\",\"description\":\"Su gu\u00eda para la dominaci\u00f3n de datos!\",\"publisher\":{\"@id\":\"https:\/\/exceladvisor.org\/es\/#organization\"},\"potentialAction\":[{\"@type\":\"SearchAction\",\"target\":{\"@type\":\"EntryPoint\",\"urlTemplate\":\"https:\/\/exceladvisor.org\/es\/?s={search_term_string}\"},\"query-input\":{\"@type\":\"PropertyValueSpecification\",\"valueRequired\":true,\"valueName\":\"search_term_string\"}}],\"inLanguage\":\"es\"},{\"@type\":\"Organization\",\"@id\":\"https:\/\/exceladvisor.org\/es\/#organization\",\"name\":\"Excel Advisor\",\"url\":\"https:\/\/exceladvisor.org\/es\/\",\"logo\":{\"@type\":\"ImageObject\",\"inLanguage\":\"es\",\"@id\":\"https:\/\/exceladvisor.org\/es\/#\/schema\/logo\/image\/\",\"url\":\"https:\/\/exceladvisor.org\/es\/wp-content\/uploads\/2023\/12\/exceladvisor.org_.png\",\"contentUrl\":\"https:\/\/exceladvisor.org\/es\/wp-content\/uploads\/2023\/12\/exceladvisor.org_.png\",\"width\":105,\"height\":36,\"caption\":\"Excel Advisor\"},\"image\":{\"@id\":\"https:\/\/exceladvisor.org\/es\/#\/schema\/logo\/image\/\"}}]}<\/script>\n<!-- \/ Yoast SEO plugin. -->","yoast_head_json":{"title":"\u00bfc\u00f3mo obtener el nombre del archivo en excel?","robots":{"index":"index","follow":"follow","max-snippet":"max-snippet:-1","max-image-preview":"max-image-preview:large","max-video-preview":"max-video-preview:-1"},"canonical":"https:\/\/exceladvisor.org\/es\/obtener-nombre-de-archivo\/","og_locale":"es_ES","og_type":"article","og_title":"\u00bfc\u00f3mo obtener el nombre del archivo en excel?","og_description":"En Excel, no existe una funci\u00f3n directa para obtener el nombre del archivo, pero puede usar la funci\u00f3n CELL para obtener la ruta del archivo, luego podemos usar la funci\u00f3n MID para extraer el nombre del archivo. Puede utilizar los siguientes pasos: Primero, debe ingresar la funci\u00f3n CELDA en una celda. Despu\u00e9s de eso, debes [&hellip;]","og_url":"https:\/\/exceladvisor.org\/es\/obtener-nombre-de-archivo\/","og_site_name":"Excel Advisor","article_modified_time":"2023-12-25T10:26:18+00:00","og_image":[{"url":"https:\/\/exceladvisor.org\/wp-content\/uploads\/2023\/08\/1-obtenir-le-nom-du-fichier.png","type":"","width":"","height":""}],"twitter_card":"summary_large_image","twitter_misc":{"Tiempo de lectura":"2 minutos"},"schema":{"@context":"https:\/\/schema.org","@graph":[{"@type":"WebPage","@id":"https:\/\/exceladvisor.org\/es\/obtener-nombre-de-archivo\/","url":"https:\/\/exceladvisor.org\/es\/obtener-nombre-de-archivo\/","name":"\u00bfc\u00f3mo obtener el nombre del archivo en excel?","isPartOf":{"@id":"https:\/\/exceladvisor.org\/es\/#website"},"primaryImageOfPage":{"@id":"https:\/\/exceladvisor.org\/es\/obtener-nombre-de-archivo\/#primaryimage"},"image":{"@id":"https:\/\/exceladvisor.org\/es\/obtener-nombre-de-archivo\/#primaryimage"},"thumbnailUrl":"https:\/\/exceladvisor.org\/wp-content\/uploads\/2023\/08\/1-obtenir-le-nom-du-fichier.png","datePublished":"2023-11-17T07:16:19+00:00","dateModified":"2023-12-25T10:26:18+00:00","breadcrumb":{"@id":"https:\/\/exceladvisor.org\/es\/obtener-nombre-de-archivo\/#breadcrumb"},"inLanguage":"es","potentialAction":[{"@type":"ReadAction","target":["https:\/\/exceladvisor.org\/es\/obtener-nombre-de-archivo\/"]}]},{"@type":"ImageObject","inLanguage":"es","@id":"https:\/\/exceladvisor.org\/es\/obtener-nombre-de-archivo\/#primaryimage","url":"https:\/\/exceladvisor.org\/wp-content\/uploads\/2023\/08\/1-obtenir-le-nom-du-fichier.png","contentUrl":"https:\/\/exceladvisor.org\/wp-content\/uploads\/2023\/08\/1-obtenir-le-nom-du-fichier.png"},{"@type":"BreadcrumbList","@id":"https:\/\/exceladvisor.org\/es\/obtener-nombre-de-archivo\/#breadcrumb","itemListElement":[{"@type":"ListItem","position":1,"name":"Hogar","item":"https:\/\/exceladvisor.org\/es\/"},{"@type":"ListItem","position":2,"name":"\u00bfc\u00f3mo obtener el nombre del archivo en excel?"}]},{"@type":"WebSite","@id":"https:\/\/exceladvisor.org\/es\/#website","url":"https:\/\/exceladvisor.org\/es\/","name":"Excel Advisor","description":"Su gu\u00eda para la dominaci\u00f3n de datos!","publisher":{"@id":"https:\/\/exceladvisor.org\/es\/#organization"},"potentialAction":[{"@type":"SearchAction","target":{"@type":"EntryPoint","urlTemplate":"https:\/\/exceladvisor.org\/es\/?s={search_term_string}"},"query-input":{"@type":"PropertyValueSpecification","valueRequired":true,"valueName":"search_term_string"}}],"inLanguage":"es"},{"@type":"Organization","@id":"https:\/\/exceladvisor.org\/es\/#organization","name":"Excel Advisor","url":"https:\/\/exceladvisor.org\/es\/","logo":{"@type":"ImageObject","inLanguage":"es","@id":"https:\/\/exceladvisor.org\/es\/#\/schema\/logo\/image\/","url":"https:\/\/exceladvisor.org\/es\/wp-content\/uploads\/2023\/12\/exceladvisor.org_.png","contentUrl":"https:\/\/exceladvisor.org\/es\/wp-content\/uploads\/2023\/12\/exceladvisor.org_.png","width":105,"height":36,"caption":"Excel Advisor"},"image":{"@id":"https:\/\/exceladvisor.org\/es\/#\/schema\/logo\/image\/"}}]}},"yoast_meta":{"yoast_wpseo_title":"","yoast_wpseo_metadesc":"","yoast_wpseo_canonical":""},"_links":{"self":[{"href":"https:\/\/exceladvisor.org\/es\/wp-json\/wp\/v2\/pages\/83","targetHints":{"allow":["GET"]}}],"collection":[{"href":"https:\/\/exceladvisor.org\/es\/wp-json\/wp\/v2\/pages"}],"about":[{"href":"https:\/\/exceladvisor.org\/es\/wp-json\/wp\/v2\/types\/page"}],"author":[{"embeddable":true,"href":"https:\/\/exceladvisor.org\/es\/wp-json\/wp\/v2\/users\/1"}],"replies":[{"embeddable":true,"href":"https:\/\/exceladvisor.org\/es\/wp-json\/wp\/v2\/comments?post=83"}],"version-history":[{"count":1,"href":"https:\/\/exceladvisor.org\/es\/wp-json\/wp\/v2\/pages\/83\/revisions"}],"predecessor-version":[{"id":1132,"href":"https:\/\/exceladvisor.org\/es\/wp-json\/wp\/v2\/pages\/83\/revisions\/1132"}],"wp:attachment":[{"href":"https:\/\/exceladvisor.org\/es\/wp-json\/wp\/v2\/media?parent=83"}],"curies":[{"name":"wp","href":"https:\/\/api.w.org\/{rel}","templated":true}]}}