{"id":86,"date":"2023-11-17T06:37:57","date_gmt":"2023-11-17T06:37:57","guid":{"rendered":"https:\/\/exceladvisor.org\/es\/suma-si-es-mayor-que\/"},"modified":"2023-12-25T10:27:35","modified_gmt":"2023-12-25T10:27:35","slug":"suma-si-es-mayor-que","status":"publish","type":"page","link":"https:\/\/exceladvisor.org\/es\/suma-si-es-mayor-que\/","title":{"rendered":"\u00bfc\u00f3mo sumar valores mayores que v\u00eda sumif?"},"content":{"rendered":"<div class=\"excel-antes-del-contenido\" id=\"excel-2344932234\"><script type=\"text\/javascript\">\r\n\tatOptions = {\r\n\t\t'key' : 'c1158f160081d6540a8409e6925dab94',\r\n\t\t'format' : 'iframe',\r\n\t\t'height' : 250,\r\n\t\t'width' : 300,\r\n\t\t'params' : {}\r\n\t};\r\n<\/script>\r\n<script type=\"text\/javascript\" src=\"\/\/www.highperformanceformat.com\/c1158f160081d6540a8409e6925dab94\/invoke.js\"><\/script><\/div><p>En Excel, puede usar SUMAR.SI para sumar valores mayores que un valor espec\u00edfico (que usted especifique). En los tutoriales, veremos diferentes ejemplos para comprenderlos.<\/p>\n<h2 class=\"wp-block-heading\"> SUMAR SI mayor que<\/h2>\n<p> En el siguiente ejemplo, tenemos una lista de valores de los cuales necesitamos sumar los valores mayores que 25. Veamos c\u00f3mo escribir una f\u00f3rmula para esto. <\/p>\n<div class=\"wp-block-image\">\n<figure class=\"aligncenter size-full is-resized\"><img loading=\"lazy\" decoding=\"async\" class=\"wp-image-66827\" src=\"https:\/\/exceladvisor.org\/wp-content\/uploads\/2023\/08\/1-somme-si-superieur-a.png\" sizes=\"auto, \" srcset=\"\" alt=\"sumif-mayor-que\" width=\"156\" height=\"281\"><\/figure>\n<\/div>\n<p> Sigue estos pasos:<\/p>\n<ol type=\"1\">\n<li> Primero, ingrese \u00ab=SUMAR.SI(\u00bb en la celda C1 para ejecutar la funci\u00f3n.<\/li>\n<li> Despu\u00e9s de eso, consulte el rango desde el cual desea verificar la condici\u00f3n.<\/li>\n<li> Ahora ingrese los criterios con signo mayor e igual.<\/li>\n<li> Luego seleccione nuevamente el rango de A2:A13 para obtener los valores a sumar. <\/li>\n<\/ol>\n<div class=\"wp-block-image\">\n<figure class=\"aligncenter size-full is-resized\"><img loading=\"lazy\" decoding=\"async\" class=\"wp-image-66828\" src=\"https:\/\/exceladvisor.org\/wp-content\/uploads\/2023\/08\/Formule-2-sumif-avec-plage.png\" sizes=\"auto, \" srcset=\"\" alt=\"f\u00f3rmula-sumif-con-rango\" width=\"446\" height=\"333\"><\/figure>\n<\/div>\n<pre class=\"wp-block-code\"> <code class=\"language-excel-formula\" lang=\"excel-formula\">= <a href=\"https:\/\/exceladvisor.org\/somme-4\/\">SUMIF<\/a> (A2:A13,\"&gt;=25\",A2:A13)<\/code><\/pre>\n<p> Puede ingresar la f\u00f3rmula anterior en la celda C1 para obtener la suma de valores mayores a 25.<\/p>\n<p class=\"qt-tip\"> <strong>Nota:<\/strong> Debido a que su rango de suma y su rango de criterios son los mismos, puede omitir la especificaci\u00f3n del rango de suma. Y siempre te devolver\u00e1 la suma de todos los valores mayores e iguales a 25. <\/p>\n<div class=\"wp-block-image\">\n<figure class=\"aligncenter size-full is-resized\"><img loading=\"lazy\" decoding=\"async\" class=\"wp-image-66829\" src=\"https:\/\/exceladvisor.org\/wp-content\/uploads\/2023\/08\/Formule-3-sumif-avec-des-criteres-specifies.png\" sizes=\"auto, \" srcset=\"\" alt=\"f\u00f3rmula-de-suma-con-criterios-especificados\" width=\"368\" height=\"327\"><\/figure>\n<\/div>\n<p> Tambi\u00e9n puede utilizar una referencia de celda para especificar los criterios en la funci\u00f3n. <\/p>\n<div class=\"wp-block-image\">\n<figure class=\"aligncenter size-full is-resized\"><img loading=\"lazy\" decoding=\"async\" class=\"wp-image-66830\" src=\"https:\/\/exceladvisor.org\/wp-content\/uploads\/2023\/08\/Reference-de-4-cellules-pour-specifier-les-criteres.png\" sizes=\"auto, \" srcset=\"\" alt=\"referencia-celda-para-especificar-criterios\" width=\"430\" height=\"327\"><\/figure>\n<\/div>\n<p> En el ejemplo anterior, usamos los mismos criterios, pero nos referimos a una celda que tiene un n\u00famero y queremos crear criterios m\u00e1s grandes con ese n\u00famero.<\/p>\n<p> Entonces en la celda tenemos este n\u00famero, y en criterio_argumento hemos combinado este n\u00famero con el operador mayor e igual.<\/p>\n<p> Sabes que la mejor parte de usar este m\u00e9todo es que puedes cambiar el n\u00famero de celda y no necesitas cambiar la f\u00f3rmula real.<\/p>\n<p> Hay una cosa m\u00e1s que puedes cambiar en la f\u00f3rmula, y es que puedes usar una referencia absoluta en la referencia al rango de criterios.<\/p>\n<p> Para hacer esto, simplemente agregue signos de d\u00f3lar antes de la referencia de la celda, como hicimos en el siguiente ejemplo. <\/p>\n<div class=\"wp-block-image\">\n<figure class=\"aligncenter size-full is-resized\"><img loading=\"lazy\" decoding=\"async\" class=\"wp-image-66831\" src=\"https:\/\/exceladvisor.org\/wp-content\/uploads\/2023\/08\/Formule-5-sumif-avec-reference-absolue.png\" sizes=\"auto, \" srcset=\"\" alt=\"f\u00f3rmula-de-suma-con-referencia-absoluta\" width=\"403\" height=\"326\"><\/figure>\n<\/div>\n<div class=\"gb-container gb-container-52dfcee1 gb-container-sample-file\">\n<h2 class=\"gb-headline gb-headline-e289c143 gb-headline-text gb-headline-4f7959c2\"> Obtener el archivo Excel<\/h2>\n<p> <a class=\"gb-button gb-button-e88d6bee gb-button-text gb-button-button1\" href=\"https:\/\/exceladvisor.org\/wp-content\/uploads\/2023\/08\/somme-si-superieure-a-2.xlsx\" rel=\"nofollow\">Descargar<\/a><\/p>\n<\/div>\n<div class=\"gb-container gb-container-0df56012 gb-container-mt\"> <a class=\"gb-button gb-button-f9f432f4 gb-button-text gb-button-mt-button\" href=\"https:\/\/exceladvisor.org\/es\/formulas\/\">Lista de f\u00f3rmulas de Excel<\/a><\/p>\n<h2 class=\"gb-headline gb-headline-233444e8 gb-headline-text gb-headline-mt-heading\"> F\u00f3rmulas relacionadas <\/h2>\n<div class=\"gb-grid-wrapper gb-grid-wrapper-a16fa65c gb-grid-wrapper-mt-grid\">\n<div class=\"gb-grid-column gb-grid-column-50d07e0d\">\n<div class=\"gb-container gb-container-50d07e0d\">\n<ul>\n<li> <a href=\"https:\/\/exceladvisor.org\/es\/sumos-no-iguales\/\">Suma de valores no iguales (SUMIFS) en Excel<\/a><\/li>\n<li> <a href=\"https:\/\/exceladvisor.org\/es\/sumif-sumifs-o-logica\/\">SUMAR.SI\/SUMAR.SI con l\u00f3gica OR en Excel<\/a><\/li>\n<li> <a href=\"https:\/\/exceladvisor.org\/es\/sumif-con-comodines\/\">SUMAR.SI con comodines en Excel<\/a><\/li>\n<li> <a href=\"https:\/\/exceladvisor.org\/es\/suma-de-valores-entre-dos-fechas\/\">Rango de fechas SUMIFS (suma de valores entre dos matrices de fechas)<\/a><\/li>\n<li> <a href=\"https:\/\/exceladvisor.org\/es\/busquedasumif\/\">Combina BUSCARV con SUMAR.SI<\/a> <\/li>\n<\/ul>\n<\/div>\n<\/div>\n<div class=\"gb-grid-column gb-grid-column-5b4a0cf9\">\n<div class=\"gb-container gb-container-5b4a0cf9\"><\/div>\n<\/div>\n<\/div>\n<\/div>\n","protected":false},"excerpt":{"rendered":"<p>En Excel, puede usar SUMAR.SI para sumar valores mayores que un valor espec\u00edfico (que usted especifique). En los tutoriales, veremos diferentes ejemplos para comprenderlos. SUMAR SI mayor que En el siguiente ejemplo, tenemos una lista de valores de los cuales necesitamos sumar los valores mayores que 25. Veamos c\u00f3mo escribir una f\u00f3rmula para esto. Sigue [&hellip;]<\/p>\n","protected":false},"author":1,"featured_media":0,"parent":0,"menu_order":0,"comment_status":"open","ping_status":"closed","template":"","meta":{"ub_ctt_via":"","footnotes":""},"class_list":["post-86","page","type-page","status-publish","hentry"],"featured_image_src":null,"yoast_head":"<!-- This site is optimized with the Yoast SEO plugin v25.4 - https:\/\/yoast.com\/wordpress\/plugins\/seo\/ -->\n<title>\u00bfc\u00f3mo sumar valores mayores que v\u00eda sumif?<\/title>\n<meta name=\"robots\" content=\"index, follow, max-snippet:-1, max-image-preview:large, max-video-preview:-1\" \/>\n<link rel=\"canonical\" href=\"https:\/\/exceladvisor.org\/es\/suma-si-es-mayor-que\/\" \/>\n<meta property=\"og:locale\" content=\"es_ES\" \/>\n<meta property=\"og:type\" content=\"article\" \/>\n<meta property=\"og:title\" content=\"\u00bfc\u00f3mo sumar valores mayores que v\u00eda sumif?\" \/>\n<meta property=\"og:description\" content=\"En Excel, puede usar SUMAR.SI para sumar valores mayores que un valor espec\u00edfico (que usted especifique). En los tutoriales, veremos diferentes ejemplos para comprenderlos. SUMAR SI mayor que En el siguiente ejemplo, tenemos una lista de valores de los cuales necesitamos sumar los valores mayores que 25. Veamos c\u00f3mo escribir una f\u00f3rmula para esto. Sigue [&hellip;]\" \/>\n<meta property=\"og:url\" content=\"https:\/\/exceladvisor.org\/es\/suma-si-es-mayor-que\/\" \/>\n<meta property=\"og:site_name\" content=\"Excel Advisor\" \/>\n<meta property=\"article:modified_time\" content=\"2023-12-25T10:27:35+00:00\" \/>\n<meta property=\"og:image\" content=\"https:\/\/exceladvisor.org\/wp-content\/uploads\/2023\/08\/1-somme-si-superieur-a.png\" \/>\n<meta name=\"twitter:card\" content=\"summary_large_image\" \/>\n<meta name=\"twitter:label1\" content=\"Tiempo de lectura\" \/>\n\t<meta name=\"twitter:data1\" content=\"2 minutos\" \/>\n<script type=\"application\/ld+json\" class=\"yoast-schema-graph\">{\"@context\":\"https:\/\/schema.org\",\"@graph\":[{\"@type\":\"WebPage\",\"@id\":\"https:\/\/exceladvisor.org\/es\/suma-si-es-mayor-que\/\",\"url\":\"https:\/\/exceladvisor.org\/es\/suma-si-es-mayor-que\/\",\"name\":\"\u00bfc\u00f3mo sumar valores mayores que v\u00eda sumif?\",\"isPartOf\":{\"@id\":\"https:\/\/exceladvisor.org\/es\/#website\"},\"primaryImageOfPage\":{\"@id\":\"https:\/\/exceladvisor.org\/es\/suma-si-es-mayor-que\/#primaryimage\"},\"image\":{\"@id\":\"https:\/\/exceladvisor.org\/es\/suma-si-es-mayor-que\/#primaryimage\"},\"thumbnailUrl\":\"https:\/\/exceladvisor.org\/wp-content\/uploads\/2023\/08\/1-somme-si-superieur-a.png\",\"datePublished\":\"2023-11-17T06:37:57+00:00\",\"dateModified\":\"2023-12-25T10:27:35+00:00\",\"breadcrumb\":{\"@id\":\"https:\/\/exceladvisor.org\/es\/suma-si-es-mayor-que\/#breadcrumb\"},\"inLanguage\":\"es\",\"potentialAction\":[{\"@type\":\"ReadAction\",\"target\":[\"https:\/\/exceladvisor.org\/es\/suma-si-es-mayor-que\/\"]}]},{\"@type\":\"ImageObject\",\"inLanguage\":\"es\",\"@id\":\"https:\/\/exceladvisor.org\/es\/suma-si-es-mayor-que\/#primaryimage\",\"url\":\"https:\/\/exceladvisor.org\/wp-content\/uploads\/2023\/08\/1-somme-si-superieur-a.png\",\"contentUrl\":\"https:\/\/exceladvisor.org\/wp-content\/uploads\/2023\/08\/1-somme-si-superieur-a.png\"},{\"@type\":\"BreadcrumbList\",\"@id\":\"https:\/\/exceladvisor.org\/es\/suma-si-es-mayor-que\/#breadcrumb\",\"itemListElement\":[{\"@type\":\"ListItem\",\"position\":1,\"name\":\"Hogar\",\"item\":\"https:\/\/exceladvisor.org\/es\/\"},{\"@type\":\"ListItem\",\"position\":2,\"name\":\"\u00bfc\u00f3mo sumar valores mayores que v\u00eda sumif?\"}]},{\"@type\":\"WebSite\",\"@id\":\"https:\/\/exceladvisor.org\/es\/#website\",\"url\":\"https:\/\/exceladvisor.org\/es\/\",\"name\":\"Excel Advisor\",\"description\":\"Su gu\u00eda para la dominaci\u00f3n de datos!\",\"publisher\":{\"@id\":\"https:\/\/exceladvisor.org\/es\/#organization\"},\"potentialAction\":[{\"@type\":\"SearchAction\",\"target\":{\"@type\":\"EntryPoint\",\"urlTemplate\":\"https:\/\/exceladvisor.org\/es\/?s={search_term_string}\"},\"query-input\":{\"@type\":\"PropertyValueSpecification\",\"valueRequired\":true,\"valueName\":\"search_term_string\"}}],\"inLanguage\":\"es\"},{\"@type\":\"Organization\",\"@id\":\"https:\/\/exceladvisor.org\/es\/#organization\",\"name\":\"Excel Advisor\",\"url\":\"https:\/\/exceladvisor.org\/es\/\",\"logo\":{\"@type\":\"ImageObject\",\"inLanguage\":\"es\",\"@id\":\"https:\/\/exceladvisor.org\/es\/#\/schema\/logo\/image\/\",\"url\":\"https:\/\/exceladvisor.org\/es\/wp-content\/uploads\/2023\/12\/exceladvisor.org_.png\",\"contentUrl\":\"https:\/\/exceladvisor.org\/es\/wp-content\/uploads\/2023\/12\/exceladvisor.org_.png\",\"width\":105,\"height\":36,\"caption\":\"Excel Advisor\"},\"image\":{\"@id\":\"https:\/\/exceladvisor.org\/es\/#\/schema\/logo\/image\/\"}}]}<\/script>\n<!-- \/ Yoast SEO plugin. -->","yoast_head_json":{"title":"\u00bfc\u00f3mo sumar valores mayores que v\u00eda sumif?","robots":{"index":"index","follow":"follow","max-snippet":"max-snippet:-1","max-image-preview":"max-image-preview:large","max-video-preview":"max-video-preview:-1"},"canonical":"https:\/\/exceladvisor.org\/es\/suma-si-es-mayor-que\/","og_locale":"es_ES","og_type":"article","og_title":"\u00bfc\u00f3mo sumar valores mayores que v\u00eda sumif?","og_description":"En Excel, puede usar SUMAR.SI para sumar valores mayores que un valor espec\u00edfico (que usted especifique). En los tutoriales, veremos diferentes ejemplos para comprenderlos. SUMAR SI mayor que En el siguiente ejemplo, tenemos una lista de valores de los cuales necesitamos sumar los valores mayores que 25. Veamos c\u00f3mo escribir una f\u00f3rmula para esto. Sigue [&hellip;]","og_url":"https:\/\/exceladvisor.org\/es\/suma-si-es-mayor-que\/","og_site_name":"Excel Advisor","article_modified_time":"2023-12-25T10:27:35+00:00","og_image":[{"url":"https:\/\/exceladvisor.org\/wp-content\/uploads\/2023\/08\/1-somme-si-superieur-a.png","type":"","width":"","height":""}],"twitter_card":"summary_large_image","twitter_misc":{"Tiempo de lectura":"2 minutos"},"schema":{"@context":"https:\/\/schema.org","@graph":[{"@type":"WebPage","@id":"https:\/\/exceladvisor.org\/es\/suma-si-es-mayor-que\/","url":"https:\/\/exceladvisor.org\/es\/suma-si-es-mayor-que\/","name":"\u00bfc\u00f3mo sumar valores mayores que v\u00eda sumif?","isPartOf":{"@id":"https:\/\/exceladvisor.org\/es\/#website"},"primaryImageOfPage":{"@id":"https:\/\/exceladvisor.org\/es\/suma-si-es-mayor-que\/#primaryimage"},"image":{"@id":"https:\/\/exceladvisor.org\/es\/suma-si-es-mayor-que\/#primaryimage"},"thumbnailUrl":"https:\/\/exceladvisor.org\/wp-content\/uploads\/2023\/08\/1-somme-si-superieur-a.png","datePublished":"2023-11-17T06:37:57+00:00","dateModified":"2023-12-25T10:27:35+00:00","breadcrumb":{"@id":"https:\/\/exceladvisor.org\/es\/suma-si-es-mayor-que\/#breadcrumb"},"inLanguage":"es","potentialAction":[{"@type":"ReadAction","target":["https:\/\/exceladvisor.org\/es\/suma-si-es-mayor-que\/"]}]},{"@type":"ImageObject","inLanguage":"es","@id":"https:\/\/exceladvisor.org\/es\/suma-si-es-mayor-que\/#primaryimage","url":"https:\/\/exceladvisor.org\/wp-content\/uploads\/2023\/08\/1-somme-si-superieur-a.png","contentUrl":"https:\/\/exceladvisor.org\/wp-content\/uploads\/2023\/08\/1-somme-si-superieur-a.png"},{"@type":"BreadcrumbList","@id":"https:\/\/exceladvisor.org\/es\/suma-si-es-mayor-que\/#breadcrumb","itemListElement":[{"@type":"ListItem","position":1,"name":"Hogar","item":"https:\/\/exceladvisor.org\/es\/"},{"@type":"ListItem","position":2,"name":"\u00bfc\u00f3mo sumar valores mayores que v\u00eda sumif?"}]},{"@type":"WebSite","@id":"https:\/\/exceladvisor.org\/es\/#website","url":"https:\/\/exceladvisor.org\/es\/","name":"Excel Advisor","description":"Su gu\u00eda para la dominaci\u00f3n de datos!","publisher":{"@id":"https:\/\/exceladvisor.org\/es\/#organization"},"potentialAction":[{"@type":"SearchAction","target":{"@type":"EntryPoint","urlTemplate":"https:\/\/exceladvisor.org\/es\/?s={search_term_string}"},"query-input":{"@type":"PropertyValueSpecification","valueRequired":true,"valueName":"search_term_string"}}],"inLanguage":"es"},{"@type":"Organization","@id":"https:\/\/exceladvisor.org\/es\/#organization","name":"Excel Advisor","url":"https:\/\/exceladvisor.org\/es\/","logo":{"@type":"ImageObject","inLanguage":"es","@id":"https:\/\/exceladvisor.org\/es\/#\/schema\/logo\/image\/","url":"https:\/\/exceladvisor.org\/es\/wp-content\/uploads\/2023\/12\/exceladvisor.org_.png","contentUrl":"https:\/\/exceladvisor.org\/es\/wp-content\/uploads\/2023\/12\/exceladvisor.org_.png","width":105,"height":36,"caption":"Excel Advisor"},"image":{"@id":"https:\/\/exceladvisor.org\/es\/#\/schema\/logo\/image\/"}}]}},"yoast_meta":{"yoast_wpseo_title":"","yoast_wpseo_metadesc":"","yoast_wpseo_canonical":""},"_links":{"self":[{"href":"https:\/\/exceladvisor.org\/es\/wp-json\/wp\/v2\/pages\/86","targetHints":{"allow":["GET"]}}],"collection":[{"href":"https:\/\/exceladvisor.org\/es\/wp-json\/wp\/v2\/pages"}],"about":[{"href":"https:\/\/exceladvisor.org\/es\/wp-json\/wp\/v2\/types\/page"}],"author":[{"embeddable":true,"href":"https:\/\/exceladvisor.org\/es\/wp-json\/wp\/v2\/users\/1"}],"replies":[{"embeddable":true,"href":"https:\/\/exceladvisor.org\/es\/wp-json\/wp\/v2\/comments?post=86"}],"version-history":[{"count":1,"href":"https:\/\/exceladvisor.org\/es\/wp-json\/wp\/v2\/pages\/86\/revisions"}],"predecessor-version":[{"id":1210,"href":"https:\/\/exceladvisor.org\/es\/wp-json\/wp\/v2\/pages\/86\/revisions\/1210"}],"wp:attachment":[{"href":"https:\/\/exceladvisor.org\/es\/wp-json\/wp\/v2\/media?parent=86"}],"curies":[{"name":"wp","href":"https:\/\/api.w.org\/{rel}","templated":true}]}}