{"id":87,"date":"2023-11-17T05:47:13","date_gmt":"2023-11-17T05:47:13","guid":{"rendered":"https:\/\/exceladvisor.org\/es\/caja-de-dialogo\/"},"modified":"2023-12-25T10:22:39","modified_gmt":"2023-12-25T10:22:39","slug":"caja-de-dialogo","status":"publish","type":"page","link":"https:\/\/exceladvisor.org\/es\/caja-de-dialogo\/","title":{"rendered":"\u00bfc\u00f3mo abrir un cuadro de di\u00e1logo en excel?"},"content":{"rendered":"<div class=\"excel-antes-del-contenido\" id=\"excel-1786634240\"><script type=\"text\/javascript\">\r\n\tatOptions = {\r\n\t\t'key' : 'c1158f160081d6540a8409e6925dab94',\r\n\t\t'format' : 'iframe',\r\n\t\t'height' : 250,\r\n\t\t'width' : 300,\r\n\t\t'params' : {}\r\n\t};\r\n<\/script>\r\n<script type=\"text\/javascript\" src=\"\/\/www.highperformanceformat.com\/c1158f160081d6540a8409e6925dab94\/invoke.js\"><\/script><\/div><p>En Excel, para acceder a m\u00e1s opciones de cualquier categor\u00eda de opci\u00f3n, puede abrir el cuadro de di\u00e1logo y usar esas opciones directamente desde el cuadro de di\u00e1logo. Aparte de eso, hay algunas opciones que deben usarse directamente desde un cuadro de di\u00e1logo. <\/p>\n<div class=\"wp-block-image\">\n<figure class=\"aligncenter size-full is-resized\"><img loading=\"lazy\" decoding=\"async\" class=\"wp-image-77704\" src=\"https:\/\/exceladvisor.org\/wp-content\/uploads\/2023\/08\/1-boite-de-dialogue-formater-les-cellules.png\" sizes=\"auto, \" srcset=\"\" alt=\"cuadro de di\u00e1logo-formato-celdas\" width=\"556\" height=\"549\"><\/figure>\n<\/div>\n<p> En este tutorial, veremos c\u00f3mo abrir y usar un cuadro de di\u00e1logo usando una opci\u00f3n.<\/p>\n<h2 class=\"wp-block-heading\"> Abrir un cuadro de di\u00e1logo desde la cinta<\/h2>\n<ol type=\"1\">\n<li> Navegue hasta la pesta\u00f1a desde la que desea abrir la opci\u00f3n.<\/li>\n<li> Vaya al grupo de opciones.<\/li>\n<li> Pase el cursor sobre la peque\u00f1a flecha en la parte inferior derecha.<\/li>\n<li> Haga clic en \u00e9l para abrir el cuadro de di\u00e1logo de opciones. <\/li>\n<\/ol>\n<div class=\"wp-block-image\">\n<figure class=\"aligncenter size-full is-resized\"><img loading=\"lazy\" decoding=\"async\" class=\"wp-image-77705\" src=\"https:\/\/exceladvisor.org\/wp-content\/uploads\/2023\/08\/2-boite-de-dialogue-du-ruban.png\" sizes=\"auto, \" srcset=\"\" alt=\"di\u00e1logo de cinta\" width=\"686\" height=\"166\"><\/figure>\n<\/div>\n<p> En el momento en que hace clic en \u00e9l, Excel abre el cuadro de di\u00e1logo para esa opci\u00f3n. Y, cuando hace clic en la flecha del grupo de fuentes, se abre el cuadro de di\u00e1logo de formato y abre la pesta\u00f1a de fuentes desde all\u00ed. <\/p>\n<div class=\"wp-block-image\">\n<figure class=\"aligncenter size-full is-resized\"><img loading=\"lazy\" decoding=\"async\" class=\"wp-image-77706\" src=\"https:\/\/exceladvisor.org\/wp-content\/uploads\/2023\/08\/3-onglet-de-police-de-la-boite-de-dialogue.png\" sizes=\"auto, \" srcset=\"\" alt=\"pesta\u00f1a de fuente del cuadro de di\u00e1logo\" width=\"508\" height=\"502\"><\/figure>\n<\/div>\n<p> En la cinta tiene varias pesta\u00f1as, pero no todas las pesta\u00f1as tienen estas flechas hacia abajo en los grupos de opciones para abrir el cuadro de di\u00e1logo.<\/p>\n<h2 class=\"wp-block-heading\"> Opciones del cuadro de di\u00e1logo<\/h2>\n<p> Como dije, hay algunas opciones que debes usar directamente desde un cuadro de di\u00e1logo. Por ejemplo, la opci\u00f3n Buscar y reemplazar. Cuando presiona el m\u00e9todo abreviado de teclado (Ctrl + F), aparecer\u00e1 un cuadro de di\u00e1logo donde deber\u00e1 ingresar el valor que desea buscar. <\/p>\n<div class=\"wp-block-image\">\n<figure class=\"aligncenter size-full is-resized\"><img loading=\"lazy\" decoding=\"async\" class=\"wp-image-77707\" src=\"https:\/\/exceladvisor.org\/wp-content\/uploads\/2023\/08\/4-options-de-boite-de-dialogue.png\" sizes=\"auto, \" srcset=\"\" alt=\"opciones del cuadro de di\u00e1logo\" width=\"563\" height=\"239\"><\/figure>\n<\/div>\n<h2 class=\"wp-block-heading\"> Cuadro de di\u00e1logo Opciones de Excel<\/h2>\n<p> <a href=\"https:\/\/exceladvisor.org\/es\/opciones\/\">Opciones de Excel<\/a> tambi\u00e9n tiene un cuadro de di\u00e1logo. Cuando abres las opciones, Archivo \u21e2 M\u00e1s \u21e2 Opciones. Obtendr\u00e1 un gran cuadro de di\u00e1logo con todas las opciones que puede modificar en su entorno de Excel. <\/p>\n<div class=\"wp-block-image\">\n<figure class=\"aligncenter size-full is-resized\"><img loading=\"lazy\" decoding=\"async\" class=\"wp-image-77708\" src=\"https:\/\/exceladvisor.org\/wp-content\/uploads\/2023\/08\/Boite-de-dialogue-des-5-options-Excel.png\" sizes=\"auto, \" srcset=\"\" alt=\"Cuadro de di\u00e1logo de opciones de Excel\" width=\"783\" height=\"406\"><\/figure>\n<\/div>\n<div class=\"gb-container gb-container-4db6181c gb-container-mt\"> <a class=\"gb-button gb-button-c5897111 gb-button-text gb-button-mt-button\" href=\"https:\/\/exceladvisor.org\/es\/conceptos-basicos-de-excel\/\">Conceptos b\u00e1sicos de Microsoft Excel (componentes, piezas y notas de conocimiento)<\/a><\/p>\n<h2 class=\"gb-headline gb-headline-665e5f6b gb-headline-text gb-headline-mt-heading\"> Tutoriales relacionados <\/h2>\n<div class=\"gb-grid-wrapper gb-grid-wrapper-a20baf7c gb-grid-wrapper-mt-grid\">\n<div class=\"gb-grid-column gb-grid-column-65ddf67e\">\n<div class=\"gb-container gb-container-65ddf67e\">\n<ul>\n<li> <a href=\"https:\/\/exceladvisor.org\/es\/justificar-completamente\/\">Llenar justificar en Excel<\/a><\/li>\n<li> <a href=\"https:\/\/exceladvisor.org\/es\/barra-de-formulas-de-excel\/\">Barra de f\u00f3rmulas en Excel<\/a><\/li>\n<li> <a href=\"https:\/\/exceladvisor.org\/es\/gobernante\/\">Mostrar regla en Excel<\/a><\/li>\n<li> <a href=\"https:\/\/exceladvisor.org\/es\/mango-de-llenado\/\">Controlador de relleno en Excel<\/a><\/li>\n<li> <a href=\"https:\/\/exceladvisor.org\/es\/formato-pintor\/\">Copiar formato en Excel<\/a> <\/li>\n<\/ul>\n<\/div>\n<\/div>\n<div class=\"gb-grid-column gb-grid-column-50067b57\">\n<div class=\"gb-container gb-container-50067b57\"><\/div>\n<\/div>\n<\/div>\n<\/div>\n","protected":false},"excerpt":{"rendered":"<p>En Excel, para acceder a m\u00e1s opciones de cualquier categor\u00eda de opci\u00f3n, puede abrir el cuadro de di\u00e1logo y usar esas opciones directamente desde el cuadro de di\u00e1logo. Aparte de eso, hay algunas opciones que deben usarse directamente desde un cuadro de di\u00e1logo. En este tutorial, veremos c\u00f3mo abrir y usar un cuadro de di\u00e1logo [&hellip;]<\/p>\n","protected":false},"author":1,"featured_media":0,"parent":0,"menu_order":0,"comment_status":"open","ping_status":"closed","template":"","meta":{"ub_ctt_via":"","footnotes":""},"class_list":["post-87","page","type-page","status-publish","hentry"],"featured_image_src":null,"yoast_head":"<!-- This site is optimized with the Yoast SEO plugin v25.4 - https:\/\/yoast.com\/wordpress\/plugins\/seo\/ -->\n<title>\u00bfc\u00f3mo abrir un cuadro de di\u00e1logo en excel?<\/title>\n<meta name=\"robots\" content=\"index, follow, max-snippet:-1, max-image-preview:large, max-video-preview:-1\" \/>\n<link rel=\"canonical\" href=\"https:\/\/exceladvisor.org\/es\/caja-de-dialogo\/\" \/>\n<meta property=\"og:locale\" content=\"es_ES\" \/>\n<meta property=\"og:type\" content=\"article\" \/>\n<meta property=\"og:title\" content=\"\u00bfc\u00f3mo abrir un cuadro de di\u00e1logo en excel?\" \/>\n<meta property=\"og:description\" content=\"En Excel, para acceder a m\u00e1s opciones de cualquier categor\u00eda de opci\u00f3n, puede abrir el cuadro de di\u00e1logo y usar esas opciones directamente desde el cuadro de di\u00e1logo. Aparte de eso, hay algunas opciones que deben usarse directamente desde un cuadro de di\u00e1logo. En este tutorial, veremos c\u00f3mo abrir y usar un cuadro de di\u00e1logo [&hellip;]\" \/>\n<meta property=\"og:url\" content=\"https:\/\/exceladvisor.org\/es\/caja-de-dialogo\/\" \/>\n<meta property=\"og:site_name\" content=\"Excel Advisor\" \/>\n<meta property=\"article:modified_time\" content=\"2023-12-25T10:22:39+00:00\" \/>\n<meta property=\"og:image\" content=\"https:\/\/exceladvisor.org\/wp-content\/uploads\/2023\/08\/1-boite-de-dialogue-formater-les-cellules.png\" \/>\n<meta name=\"twitter:card\" content=\"summary_large_image\" \/>\n<meta name=\"twitter:label1\" content=\"Tiempo de lectura\" \/>\n\t<meta name=\"twitter:data1\" content=\"2 minutos\" \/>\n<script type=\"application\/ld+json\" class=\"yoast-schema-graph\">{\"@context\":\"https:\/\/schema.org\",\"@graph\":[{\"@type\":\"WebPage\",\"@id\":\"https:\/\/exceladvisor.org\/es\/caja-de-dialogo\/\",\"url\":\"https:\/\/exceladvisor.org\/es\/caja-de-dialogo\/\",\"name\":\"\u00bfc\u00f3mo abrir un cuadro de di\u00e1logo en excel?\",\"isPartOf\":{\"@id\":\"https:\/\/exceladvisor.org\/es\/#website\"},\"primaryImageOfPage\":{\"@id\":\"https:\/\/exceladvisor.org\/es\/caja-de-dialogo\/#primaryimage\"},\"image\":{\"@id\":\"https:\/\/exceladvisor.org\/es\/caja-de-dialogo\/#primaryimage\"},\"thumbnailUrl\":\"https:\/\/exceladvisor.org\/wp-content\/uploads\/2023\/08\/1-boite-de-dialogue-formater-les-cellules.png\",\"datePublished\":\"2023-11-17T05:47:13+00:00\",\"dateModified\":\"2023-12-25T10:22:39+00:00\",\"breadcrumb\":{\"@id\":\"https:\/\/exceladvisor.org\/es\/caja-de-dialogo\/#breadcrumb\"},\"inLanguage\":\"es\",\"potentialAction\":[{\"@type\":\"ReadAction\",\"target\":[\"https:\/\/exceladvisor.org\/es\/caja-de-dialogo\/\"]}]},{\"@type\":\"ImageObject\",\"inLanguage\":\"es\",\"@id\":\"https:\/\/exceladvisor.org\/es\/caja-de-dialogo\/#primaryimage\",\"url\":\"https:\/\/exceladvisor.org\/wp-content\/uploads\/2023\/08\/1-boite-de-dialogue-formater-les-cellules.png\",\"contentUrl\":\"https:\/\/exceladvisor.org\/wp-content\/uploads\/2023\/08\/1-boite-de-dialogue-formater-les-cellules.png\"},{\"@type\":\"BreadcrumbList\",\"@id\":\"https:\/\/exceladvisor.org\/es\/caja-de-dialogo\/#breadcrumb\",\"itemListElement\":[{\"@type\":\"ListItem\",\"position\":1,\"name\":\"Hogar\",\"item\":\"https:\/\/exceladvisor.org\/es\/\"},{\"@type\":\"ListItem\",\"position\":2,\"name\":\"\u00bfc\u00f3mo abrir un cuadro de di\u00e1logo en excel?\"}]},{\"@type\":\"WebSite\",\"@id\":\"https:\/\/exceladvisor.org\/es\/#website\",\"url\":\"https:\/\/exceladvisor.org\/es\/\",\"name\":\"Excel Advisor\",\"description\":\"Su gu\u00eda para la dominaci\u00f3n de datos!\",\"publisher\":{\"@id\":\"https:\/\/exceladvisor.org\/es\/#organization\"},\"potentialAction\":[{\"@type\":\"SearchAction\",\"target\":{\"@type\":\"EntryPoint\",\"urlTemplate\":\"https:\/\/exceladvisor.org\/es\/?s={search_term_string}\"},\"query-input\":{\"@type\":\"PropertyValueSpecification\",\"valueRequired\":true,\"valueName\":\"search_term_string\"}}],\"inLanguage\":\"es\"},{\"@type\":\"Organization\",\"@id\":\"https:\/\/exceladvisor.org\/es\/#organization\",\"name\":\"Excel Advisor\",\"url\":\"https:\/\/exceladvisor.org\/es\/\",\"logo\":{\"@type\":\"ImageObject\",\"inLanguage\":\"es\",\"@id\":\"https:\/\/exceladvisor.org\/es\/#\/schema\/logo\/image\/\",\"url\":\"https:\/\/exceladvisor.org\/es\/wp-content\/uploads\/2023\/12\/exceladvisor.org_.png\",\"contentUrl\":\"https:\/\/exceladvisor.org\/es\/wp-content\/uploads\/2023\/12\/exceladvisor.org_.png\",\"width\":105,\"height\":36,\"caption\":\"Excel Advisor\"},\"image\":{\"@id\":\"https:\/\/exceladvisor.org\/es\/#\/schema\/logo\/image\/\"}}]}<\/script>\n<!-- \/ Yoast SEO plugin. -->","yoast_head_json":{"title":"\u00bfc\u00f3mo abrir un cuadro de di\u00e1logo en excel?","robots":{"index":"index","follow":"follow","max-snippet":"max-snippet:-1","max-image-preview":"max-image-preview:large","max-video-preview":"max-video-preview:-1"},"canonical":"https:\/\/exceladvisor.org\/es\/caja-de-dialogo\/","og_locale":"es_ES","og_type":"article","og_title":"\u00bfc\u00f3mo abrir un cuadro de di\u00e1logo en excel?","og_description":"En Excel, para acceder a m\u00e1s opciones de cualquier categor\u00eda de opci\u00f3n, puede abrir el cuadro de di\u00e1logo y usar esas opciones directamente desde el cuadro de di\u00e1logo. Aparte de eso, hay algunas opciones que deben usarse directamente desde un cuadro de di\u00e1logo. En este tutorial, veremos c\u00f3mo abrir y usar un cuadro de di\u00e1logo [&hellip;]","og_url":"https:\/\/exceladvisor.org\/es\/caja-de-dialogo\/","og_site_name":"Excel Advisor","article_modified_time":"2023-12-25T10:22:39+00:00","og_image":[{"url":"https:\/\/exceladvisor.org\/wp-content\/uploads\/2023\/08\/1-boite-de-dialogue-formater-les-cellules.png","type":"","width":"","height":""}],"twitter_card":"summary_large_image","twitter_misc":{"Tiempo de lectura":"2 minutos"},"schema":{"@context":"https:\/\/schema.org","@graph":[{"@type":"WebPage","@id":"https:\/\/exceladvisor.org\/es\/caja-de-dialogo\/","url":"https:\/\/exceladvisor.org\/es\/caja-de-dialogo\/","name":"\u00bfc\u00f3mo abrir un cuadro de di\u00e1logo en excel?","isPartOf":{"@id":"https:\/\/exceladvisor.org\/es\/#website"},"primaryImageOfPage":{"@id":"https:\/\/exceladvisor.org\/es\/caja-de-dialogo\/#primaryimage"},"image":{"@id":"https:\/\/exceladvisor.org\/es\/caja-de-dialogo\/#primaryimage"},"thumbnailUrl":"https:\/\/exceladvisor.org\/wp-content\/uploads\/2023\/08\/1-boite-de-dialogue-formater-les-cellules.png","datePublished":"2023-11-17T05:47:13+00:00","dateModified":"2023-12-25T10:22:39+00:00","breadcrumb":{"@id":"https:\/\/exceladvisor.org\/es\/caja-de-dialogo\/#breadcrumb"},"inLanguage":"es","potentialAction":[{"@type":"ReadAction","target":["https:\/\/exceladvisor.org\/es\/caja-de-dialogo\/"]}]},{"@type":"ImageObject","inLanguage":"es","@id":"https:\/\/exceladvisor.org\/es\/caja-de-dialogo\/#primaryimage","url":"https:\/\/exceladvisor.org\/wp-content\/uploads\/2023\/08\/1-boite-de-dialogue-formater-les-cellules.png","contentUrl":"https:\/\/exceladvisor.org\/wp-content\/uploads\/2023\/08\/1-boite-de-dialogue-formater-les-cellules.png"},{"@type":"BreadcrumbList","@id":"https:\/\/exceladvisor.org\/es\/caja-de-dialogo\/#breadcrumb","itemListElement":[{"@type":"ListItem","position":1,"name":"Hogar","item":"https:\/\/exceladvisor.org\/es\/"},{"@type":"ListItem","position":2,"name":"\u00bfc\u00f3mo abrir un cuadro de di\u00e1logo en excel?"}]},{"@type":"WebSite","@id":"https:\/\/exceladvisor.org\/es\/#website","url":"https:\/\/exceladvisor.org\/es\/","name":"Excel Advisor","description":"Su gu\u00eda para la dominaci\u00f3n de datos!","publisher":{"@id":"https:\/\/exceladvisor.org\/es\/#organization"},"potentialAction":[{"@type":"SearchAction","target":{"@type":"EntryPoint","urlTemplate":"https:\/\/exceladvisor.org\/es\/?s={search_term_string}"},"query-input":{"@type":"PropertyValueSpecification","valueRequired":true,"valueName":"search_term_string"}}],"inLanguage":"es"},{"@type":"Organization","@id":"https:\/\/exceladvisor.org\/es\/#organization","name":"Excel Advisor","url":"https:\/\/exceladvisor.org\/es\/","logo":{"@type":"ImageObject","inLanguage":"es","@id":"https:\/\/exceladvisor.org\/es\/#\/schema\/logo\/image\/","url":"https:\/\/exceladvisor.org\/es\/wp-content\/uploads\/2023\/12\/exceladvisor.org_.png","contentUrl":"https:\/\/exceladvisor.org\/es\/wp-content\/uploads\/2023\/12\/exceladvisor.org_.png","width":105,"height":36,"caption":"Excel Advisor"},"image":{"@id":"https:\/\/exceladvisor.org\/es\/#\/schema\/logo\/image\/"}}]}},"yoast_meta":{"yoast_wpseo_title":"","yoast_wpseo_metadesc":"","yoast_wpseo_canonical":""},"_links":{"self":[{"href":"https:\/\/exceladvisor.org\/es\/wp-json\/wp\/v2\/pages\/87","targetHints":{"allow":["GET"]}}],"collection":[{"href":"https:\/\/exceladvisor.org\/es\/wp-json\/wp\/v2\/pages"}],"about":[{"href":"https:\/\/exceladvisor.org\/es\/wp-json\/wp\/v2\/types\/page"}],"author":[{"embeddable":true,"href":"https:\/\/exceladvisor.org\/es\/wp-json\/wp\/v2\/users\/1"}],"replies":[{"embeddable":true,"href":"https:\/\/exceladvisor.org\/es\/wp-json\/wp\/v2\/comments?post=87"}],"version-history":[{"count":1,"href":"https:\/\/exceladvisor.org\/es\/wp-json\/wp\/v2\/pages\/87\/revisions"}],"predecessor-version":[{"id":781,"href":"https:\/\/exceladvisor.org\/es\/wp-json\/wp\/v2\/pages\/87\/revisions\/781"}],"wp:attachment":[{"href":"https:\/\/exceladvisor.org\/es\/wp-json\/wp\/v2\/media?parent=87"}],"curies":[{"name":"wp","href":"https:\/\/api.w.org\/{rel}","templated":true}]}}