{"id":89,"date":"2023-11-17T05:02:27","date_gmt":"2023-11-17T05:02:27","guid":{"rendered":"https:\/\/exceladvisor.org\/es\/primer-dia-del-mes-2\/"},"modified":"2023-12-25T10:26:21","modified_gmt":"2023-12-25T10:26:21","slug":"primer-dia-del-mes-2","status":"publish","type":"page","link":"https:\/\/exceladvisor.org\/es\/primer-dia-del-mes-2\/","title":{"rendered":"\u00bfc\u00f3mo obtener el primer d\u00eda del mes?"},"content":{"rendered":"<div class=\"excel-antes-del-contenido\" id=\"excel-2736842041\"><script type=\"text\/javascript\">\r\n\tatOptions = {\r\n\t\t'key' : 'c1158f160081d6540a8409e6925dab94',\r\n\t\t'format' : 'iframe',\r\n\t\t'height' : 250,\r\n\t\t'width' : 300,\r\n\t\t'params' : {}\r\n\t};\r\n<\/script>\r\n<script type=\"text\/javascript\" src=\"\/\/www.highperformanceformat.com\/c1158f160081d6540a8409e6925dab94\/invoke.js\"><\/script><\/div><p>En Excel, para obtener el primer d\u00eda del mes, puedes utilizar una f\u00f3rmula. Por ejemplo, si tiene <sup>el 16 de enero de<\/sup> 2022 y desea obtener el <sup>1<\/sup> de enero, puede restarle d\u00edas e ir al \u00faltimo d\u00eda o al mes anterior, luego agregar uno para obtener el primer d\u00eda. del mes actual.<\/p>\n<p> En el siguiente ejemplo, tenemos una fecha en la celda A1 y necesitamos obtener el primer d\u00eda del mes para ello. <\/p>\n<div class=\"wp-block-image is-style-default\">\n<figure class=\"aligncenter size-full is-resized\"><img loading=\"lazy\" decoding=\"async\" class=\"wp-image-67596\" src=\"https:\/\/exceladvisor.org\/wp-content\/uploads\/2023\/08\/1-valeur-de-date-dans-la-cellule.png\" sizes=\"auto, \" srcset=\"\" alt=\"valor de fecha en la celda\" width=\"423\" height=\"324\"><\/figure>\n<\/div>\n<h2 class=\"wp-block-heading\"> F\u00f3rmula para obtener la fecha de inicio del mes.<\/h2>\n<ol type=\"1\">\n<li> Primero, ingrese el signo igual en la celda B1.<\/li>\n<li> Despu\u00e9s de eso, consulte la celda A1 donde tiene la fecha real e ingrese el operador de suma.<\/li>\n<li> Ahora use la funci\u00f3n D\u00cdA y consulte la celda A1.<\/li>\n<li> A continuaci\u00f3n, cierre la funci\u00f3n D\u00cdA e ingrese el operador menos.<\/li>\n<li> Al final, ingrese \u00ab1\u00bb y presione Enter para obtener el resultado. <\/li>\n<\/ol>\n<pre class=\"wp-block-code\"> <code class=\"language-excel-formula\" lang=\"excel-formula\">=A1-DAY(A1)+1<\/code><\/pre>\n<div class=\"wp-block-image\">\n<figure class=\"aligncenter size-full is-resized\"><img loading=\"lazy\" decoding=\"async\" class=\"wp-image-67597\" src=\"https:\/\/exceladvisor.org\/wp-content\/uploads\/2023\/08\/2-formules-pour-obtenir-la-date-du-debut-du-mois.png\" sizes=\"auto, \" srcset=\"\" alt=\"formula-para-obtener-el-inicio-de-mes\" width=\"453\" height=\"370\"><\/figure>\n<\/div>\n<p> Para entender esta f\u00f3rmula, es necesario dividirla en tres partes: <\/p>\n<div class=\"wp-block-image\">\n<figure class=\"aligncenter size-full is-resized\"><img loading=\"lazy\" decoding=\"async\" class=\"wp-image-67598\" src=\"https:\/\/exceladvisor.org\/wp-content\/uploads\/2023\/08\/3-formules-reparties.png\" sizes=\"auto, \" srcset=\"\" alt=\"divisi\u00f3n de f\u00f3rmulas\" width=\"448\" height=\"112\"><\/figure>\n<\/div>\n<ol type=\"1\">\n<li> En la primera parte usamos la fecha que tenemos en la celda A1.<\/li>\n<li> Despu\u00e9s de eso, en la segunda parte, usamos la funci\u00f3n D\u00cdA y obtuvimos el n\u00famero de d\u00eda (devuelve 16 para 16 de enero) de la fecha original. Y eliminamos este n\u00famero de la fecha original. Cuando haces esto (fecha \u2013 n\u00famero de d\u00eda) obtienes la fecha de finalizaci\u00f3n del mes pasado.<\/li>\n<li> Ahora, en la tercera parte sumamos 1 en la fecha del mes pasado (lo obtuvimos en la segunda parte) para obtener el primer d\u00eda de este mes.<\/li>\n<\/ol>\n<h2 class=\"wp-block-heading\"> Utilice EOMONTH para obtener la fecha de inicio del mes<\/h2>\n<p> Tambi\u00e9n puedes usar EOMONTH para obtener el primer d\u00eda del mes. EOMONTH toma una fecha y le ayuda a obtener la \u00faltima fecha de un mes, y puede agregarle 1 para obtener el primer d\u00eda del mes.<\/p>\n<pre class=\"wp-block-code\"> <code class=\"language-excel-formula\" lang=\"excel-formula\">=EOMONTH(A1,-1)+1<\/code><\/pre>\n<h2 class=\"wp-block-heading\"> Usando el nombre del mes para obtener el primer d\u00eda del mes<\/h2>\n<p> Si desea tener una primera cita para un mes y desea utilizar un nombre de mes, puede utilizar la siguiente f\u00f3rmula. <\/p>\n<div class=\"wp-block-image\">\n<figure class=\"aligncenter size-full is-resized\"><img loading=\"lazy\" decoding=\"async\" class=\"wp-image-67599\" src=\"https:\/\/exceladvisor.org\/wp-content\/uploads\/2023\/08\/Nom-de-4-mois-pour-obtenir-le-premier-jour.png\" sizes=\"auto, \" srcset=\"\" alt=\"nombre-del-mes-para-obtener-el-primer-d\u00eda\" width=\"438\" height=\"317\"><\/figure>\n<\/div>\n<p> Esta f\u00f3rmula crea una fecha combinando el d\u00eda, mes y a\u00f1o y convirti\u00e9ndola en una fecha real. Para el d\u00eda ya usamos 1, para el mes usamos un nombre de mes de la celda A3 y para el a\u00f1o usamos el valor de la celda A4. <\/p>\n<div class=\"wp-block-image\">\n<figure class=\"aligncenter size-full is-resized\"><img loading=\"lazy\" decoding=\"async\" class=\"wp-image-67600\" src=\"https:\/\/exceladvisor.org\/wp-content\/uploads\/2023\/08\/5-formule-de-valeur-de-date.png\" sizes=\"auto, \" srcset=\"\" alt=\"f\u00f3rmula-fecha-valor\" width=\"506\" height=\"304\"><\/figure>\n<\/div>\n<pre class=\"wp-block-code\"> <code class=\"language-excel-formula\" lang=\"excel-formula\">=DATEVALUE(\"1\"&amp;\"-\"&amp;A3&amp;\"-\"&amp;A4)<\/code><\/pre>\n<div class=\"gb-container gb-container-52dfcee1 gb-container-sample-file\">\n<h2 class=\"gb-headline gb-headline-e289c143 gb-headline-text gb-headline-4f7959c2\"> Obtener el archivo Excel<\/h2>\n<p> <a class=\"gb-button gb-button-e88d6bee gb-button-text gb-button-button1\" href=\"https:\/\/exceladvisor.org\/wp-content\/uploads\/2023\/08\/premier-jour-du-mois.xlsx\" rel=\"nofollow\">Descargar<\/a><\/p>\n<\/div>\n<div class=\"gb-container gb-container-0df56012 gb-container-mt\"> <a class=\"gb-button gb-button-f9f432f4 gb-button-text gb-button-mt-button\" href=\"https:\/\/exceladvisor.org\/es\/formulas\/\">Lista de f\u00f3rmulas de Excel<\/a><\/p>\n<h2 class=\"gb-headline gb-headline-233444e8 gb-headline-text gb-headline-mt-heading\"> F\u00f3rmulas relacionadas <\/h2>\n<div class=\"gb-grid-wrapper gb-grid-wrapper-a16fa65c gb-grid-wrapper-mt-grid\">\n<div class=\"gb-grid-column gb-grid-column-50d07e0d\">\n<div class=\"gb-container gb-container-50d07e0d\">\n<ul>\n<li> <a href=\"https:\/\/exceladvisor.org\/es\/agregar-un-mes-a-una-fecha-2\/\">Agregar un mes a una fecha en Excel<\/a><\/li>\n<li> <a href=\"https:\/\/exceladvisor.org\/es\/final-de-mes\/\">Obtener fecha de fin de mes en Excel<\/a><\/li>\n<li> <a href=\"https:\/\/exceladvisor.org\/es\/nombre-del-mes\/\">Obtener mes a partir de una fecha en Excel (extracto)<\/a><\/li>\n<li> <a href=\"https:\/\/exceladvisor.org\/es\/cuarto\/\">Obtener un trimestre a partir de una fecha [Fiscal + Calendario] en Excel<\/a><\/li>\n<li> <a href=\"https:\/\/exceladvisor.org\/es\/mes-entre-dos-fechas\/\">N\u00famero de meses entre dos fechas en Excel<\/a> <\/li>\n<\/ul>\n<\/div>\n<\/div>\n<div class=\"gb-grid-column gb-grid-column-5b4a0cf9\">\n<div class=\"gb-container gb-container-5b4a0cf9\"><\/div>\n<\/div>\n<\/div>\n<\/div>\n","protected":false},"excerpt":{"rendered":"<p>En Excel, para obtener el primer d\u00eda del mes, puedes utilizar una f\u00f3rmula. Por ejemplo, si tiene el 16 de enero de 2022 y desea obtener el 1 de enero, puede restarle d\u00edas e ir al \u00faltimo d\u00eda o al mes anterior, luego agregar uno para obtener el primer d\u00eda. del mes actual. En el [&hellip;]<\/p>\n","protected":false},"author":1,"featured_media":0,"parent":0,"menu_order":0,"comment_status":"open","ping_status":"closed","template":"","meta":{"ub_ctt_via":"","footnotes":""},"class_list":["post-89","page","type-page","status-publish","hentry"],"featured_image_src":null,"yoast_head":"<!-- This site is optimized with the Yoast SEO plugin v25.4 - https:\/\/yoast.com\/wordpress\/plugins\/seo\/ -->\n<title>\u00bfc\u00f3mo obtener el primer d\u00eda del mes?<\/title>\n<meta name=\"robots\" content=\"index, follow, max-snippet:-1, max-image-preview:large, max-video-preview:-1\" \/>\n<link rel=\"canonical\" href=\"https:\/\/exceladvisor.org\/es\/primer-dia-del-mes-2\/\" \/>\n<meta property=\"og:locale\" content=\"es_ES\" \/>\n<meta property=\"og:type\" content=\"article\" \/>\n<meta property=\"og:title\" content=\"\u00bfc\u00f3mo obtener el primer d\u00eda del mes?\" \/>\n<meta property=\"og:description\" content=\"En Excel, para obtener el primer d\u00eda del mes, puedes utilizar una f\u00f3rmula. Por ejemplo, si tiene el 16 de enero de 2022 y desea obtener el 1 de enero, puede restarle d\u00edas e ir al \u00faltimo d\u00eda o al mes anterior, luego agregar uno para obtener el primer d\u00eda. del mes actual. En el [&hellip;]\" \/>\n<meta property=\"og:url\" content=\"https:\/\/exceladvisor.org\/es\/primer-dia-del-mes-2\/\" \/>\n<meta property=\"og:site_name\" content=\"Excel Advisor\" \/>\n<meta property=\"article:modified_time\" content=\"2023-12-25T10:26:21+00:00\" \/>\n<meta property=\"og:image\" content=\"https:\/\/exceladvisor.org\/wp-content\/uploads\/2023\/08\/1-valeur-de-date-dans-la-cellule.png\" \/>\n<meta name=\"twitter:card\" content=\"summary_large_image\" \/>\n<meta name=\"twitter:label1\" content=\"Tiempo de lectura\" \/>\n\t<meta name=\"twitter:data1\" content=\"2 minutos\" \/>\n<script type=\"application\/ld+json\" class=\"yoast-schema-graph\">{\"@context\":\"https:\/\/schema.org\",\"@graph\":[{\"@type\":\"WebPage\",\"@id\":\"https:\/\/exceladvisor.org\/es\/primer-dia-del-mes-2\/\",\"url\":\"https:\/\/exceladvisor.org\/es\/primer-dia-del-mes-2\/\",\"name\":\"\u00bfc\u00f3mo obtener el primer d\u00eda del mes?\",\"isPartOf\":{\"@id\":\"https:\/\/exceladvisor.org\/es\/#website\"},\"primaryImageOfPage\":{\"@id\":\"https:\/\/exceladvisor.org\/es\/primer-dia-del-mes-2\/#primaryimage\"},\"image\":{\"@id\":\"https:\/\/exceladvisor.org\/es\/primer-dia-del-mes-2\/#primaryimage\"},\"thumbnailUrl\":\"https:\/\/exceladvisor.org\/wp-content\/uploads\/2023\/08\/1-valeur-de-date-dans-la-cellule.png\",\"datePublished\":\"2023-11-17T05:02:27+00:00\",\"dateModified\":\"2023-12-25T10:26:21+00:00\",\"breadcrumb\":{\"@id\":\"https:\/\/exceladvisor.org\/es\/primer-dia-del-mes-2\/#breadcrumb\"},\"inLanguage\":\"es\",\"potentialAction\":[{\"@type\":\"ReadAction\",\"target\":[\"https:\/\/exceladvisor.org\/es\/primer-dia-del-mes-2\/\"]}]},{\"@type\":\"ImageObject\",\"inLanguage\":\"es\",\"@id\":\"https:\/\/exceladvisor.org\/es\/primer-dia-del-mes-2\/#primaryimage\",\"url\":\"https:\/\/exceladvisor.org\/wp-content\/uploads\/2023\/08\/1-valeur-de-date-dans-la-cellule.png\",\"contentUrl\":\"https:\/\/exceladvisor.org\/wp-content\/uploads\/2023\/08\/1-valeur-de-date-dans-la-cellule.png\"},{\"@type\":\"BreadcrumbList\",\"@id\":\"https:\/\/exceladvisor.org\/es\/primer-dia-del-mes-2\/#breadcrumb\",\"itemListElement\":[{\"@type\":\"ListItem\",\"position\":1,\"name\":\"Hogar\",\"item\":\"https:\/\/exceladvisor.org\/es\/\"},{\"@type\":\"ListItem\",\"position\":2,\"name\":\"\u00bfc\u00f3mo obtener el primer d\u00eda del mes?\"}]},{\"@type\":\"WebSite\",\"@id\":\"https:\/\/exceladvisor.org\/es\/#website\",\"url\":\"https:\/\/exceladvisor.org\/es\/\",\"name\":\"Excel Advisor\",\"description\":\"Su gu\u00eda para la dominaci\u00f3n de datos!\",\"publisher\":{\"@id\":\"https:\/\/exceladvisor.org\/es\/#organization\"},\"potentialAction\":[{\"@type\":\"SearchAction\",\"target\":{\"@type\":\"EntryPoint\",\"urlTemplate\":\"https:\/\/exceladvisor.org\/es\/?s={search_term_string}\"},\"query-input\":{\"@type\":\"PropertyValueSpecification\",\"valueRequired\":true,\"valueName\":\"search_term_string\"}}],\"inLanguage\":\"es\"},{\"@type\":\"Organization\",\"@id\":\"https:\/\/exceladvisor.org\/es\/#organization\",\"name\":\"Excel Advisor\",\"url\":\"https:\/\/exceladvisor.org\/es\/\",\"logo\":{\"@type\":\"ImageObject\",\"inLanguage\":\"es\",\"@id\":\"https:\/\/exceladvisor.org\/es\/#\/schema\/logo\/image\/\",\"url\":\"https:\/\/exceladvisor.org\/es\/wp-content\/uploads\/2023\/12\/exceladvisor.org_.png\",\"contentUrl\":\"https:\/\/exceladvisor.org\/es\/wp-content\/uploads\/2023\/12\/exceladvisor.org_.png\",\"width\":105,\"height\":36,\"caption\":\"Excel Advisor\"},\"image\":{\"@id\":\"https:\/\/exceladvisor.org\/es\/#\/schema\/logo\/image\/\"}}]}<\/script>\n<!-- \/ Yoast SEO plugin. -->","yoast_head_json":{"title":"\u00bfc\u00f3mo obtener el primer d\u00eda del mes?","robots":{"index":"index","follow":"follow","max-snippet":"max-snippet:-1","max-image-preview":"max-image-preview:large","max-video-preview":"max-video-preview:-1"},"canonical":"https:\/\/exceladvisor.org\/es\/primer-dia-del-mes-2\/","og_locale":"es_ES","og_type":"article","og_title":"\u00bfc\u00f3mo obtener el primer d\u00eda del mes?","og_description":"En Excel, para obtener el primer d\u00eda del mes, puedes utilizar una f\u00f3rmula. Por ejemplo, si tiene el 16 de enero de 2022 y desea obtener el 1 de enero, puede restarle d\u00edas e ir al \u00faltimo d\u00eda o al mes anterior, luego agregar uno para obtener el primer d\u00eda. del mes actual. En el [&hellip;]","og_url":"https:\/\/exceladvisor.org\/es\/primer-dia-del-mes-2\/","og_site_name":"Excel Advisor","article_modified_time":"2023-12-25T10:26:21+00:00","og_image":[{"url":"https:\/\/exceladvisor.org\/wp-content\/uploads\/2023\/08\/1-valeur-de-date-dans-la-cellule.png","type":"","width":"","height":""}],"twitter_card":"summary_large_image","twitter_misc":{"Tiempo de lectura":"2 minutos"},"schema":{"@context":"https:\/\/schema.org","@graph":[{"@type":"WebPage","@id":"https:\/\/exceladvisor.org\/es\/primer-dia-del-mes-2\/","url":"https:\/\/exceladvisor.org\/es\/primer-dia-del-mes-2\/","name":"\u00bfc\u00f3mo obtener el primer d\u00eda del mes?","isPartOf":{"@id":"https:\/\/exceladvisor.org\/es\/#website"},"primaryImageOfPage":{"@id":"https:\/\/exceladvisor.org\/es\/primer-dia-del-mes-2\/#primaryimage"},"image":{"@id":"https:\/\/exceladvisor.org\/es\/primer-dia-del-mes-2\/#primaryimage"},"thumbnailUrl":"https:\/\/exceladvisor.org\/wp-content\/uploads\/2023\/08\/1-valeur-de-date-dans-la-cellule.png","datePublished":"2023-11-17T05:02:27+00:00","dateModified":"2023-12-25T10:26:21+00:00","breadcrumb":{"@id":"https:\/\/exceladvisor.org\/es\/primer-dia-del-mes-2\/#breadcrumb"},"inLanguage":"es","potentialAction":[{"@type":"ReadAction","target":["https:\/\/exceladvisor.org\/es\/primer-dia-del-mes-2\/"]}]},{"@type":"ImageObject","inLanguage":"es","@id":"https:\/\/exceladvisor.org\/es\/primer-dia-del-mes-2\/#primaryimage","url":"https:\/\/exceladvisor.org\/wp-content\/uploads\/2023\/08\/1-valeur-de-date-dans-la-cellule.png","contentUrl":"https:\/\/exceladvisor.org\/wp-content\/uploads\/2023\/08\/1-valeur-de-date-dans-la-cellule.png"},{"@type":"BreadcrumbList","@id":"https:\/\/exceladvisor.org\/es\/primer-dia-del-mes-2\/#breadcrumb","itemListElement":[{"@type":"ListItem","position":1,"name":"Hogar","item":"https:\/\/exceladvisor.org\/es\/"},{"@type":"ListItem","position":2,"name":"\u00bfc\u00f3mo obtener el primer d\u00eda del mes?"}]},{"@type":"WebSite","@id":"https:\/\/exceladvisor.org\/es\/#website","url":"https:\/\/exceladvisor.org\/es\/","name":"Excel Advisor","description":"Su gu\u00eda para la dominaci\u00f3n de datos!","publisher":{"@id":"https:\/\/exceladvisor.org\/es\/#organization"},"potentialAction":[{"@type":"SearchAction","target":{"@type":"EntryPoint","urlTemplate":"https:\/\/exceladvisor.org\/es\/?s={search_term_string}"},"query-input":{"@type":"PropertyValueSpecification","valueRequired":true,"valueName":"search_term_string"}}],"inLanguage":"es"},{"@type":"Organization","@id":"https:\/\/exceladvisor.org\/es\/#organization","name":"Excel Advisor","url":"https:\/\/exceladvisor.org\/es\/","logo":{"@type":"ImageObject","inLanguage":"es","@id":"https:\/\/exceladvisor.org\/es\/#\/schema\/logo\/image\/","url":"https:\/\/exceladvisor.org\/es\/wp-content\/uploads\/2023\/12\/exceladvisor.org_.png","contentUrl":"https:\/\/exceladvisor.org\/es\/wp-content\/uploads\/2023\/12\/exceladvisor.org_.png","width":105,"height":36,"caption":"Excel Advisor"},"image":{"@id":"https:\/\/exceladvisor.org\/es\/#\/schema\/logo\/image\/"}}]}},"yoast_meta":{"yoast_wpseo_title":"","yoast_wpseo_metadesc":"","yoast_wpseo_canonical":""},"_links":{"self":[{"href":"https:\/\/exceladvisor.org\/es\/wp-json\/wp\/v2\/pages\/89","targetHints":{"allow":["GET"]}}],"collection":[{"href":"https:\/\/exceladvisor.org\/es\/wp-json\/wp\/v2\/pages"}],"about":[{"href":"https:\/\/exceladvisor.org\/es\/wp-json\/wp\/v2\/types\/page"}],"author":[{"embeddable":true,"href":"https:\/\/exceladvisor.org\/es\/wp-json\/wp\/v2\/users\/1"}],"replies":[{"embeddable":true,"href":"https:\/\/exceladvisor.org\/es\/wp-json\/wp\/v2\/comments?post=89"}],"version-history":[{"count":1,"href":"https:\/\/exceladvisor.org\/es\/wp-json\/wp\/v2\/pages\/89\/revisions"}],"predecessor-version":[{"id":1135,"href":"https:\/\/exceladvisor.org\/es\/wp-json\/wp\/v2\/pages\/89\/revisions\/1135"}],"wp:attachment":[{"href":"https:\/\/exceladvisor.org\/es\/wp-json\/wp\/v2\/media?parent=89"}],"curies":[{"name":"wp","href":"https:\/\/api.w.org\/{rel}","templated":true}]}}