{"id":91,"date":"2023-11-17T04:34:59","date_gmt":"2023-11-17T04:34:59","guid":{"rendered":"https:\/\/exceladvisor.org\/es\/agregar-solo-celdas-visibles\/"},"modified":"2023-12-25T10:22:50","modified_gmt":"2023-12-25T10:22:50","slug":"agregar-solo-celdas-visibles","status":"publish","type":"page","link":"https:\/\/exceladvisor.org\/es\/agregar-solo-celdas-visibles\/","title":{"rendered":"\u00bfc\u00f3mo agregar celdas filtradas en excel?"},"content":{"rendered":"<div class=\"excel-antes-del-contenido\" id=\"excel-2738595946\"><script type=\"text\/javascript\">\r\n\tatOptions = {\r\n\t\t'key' : 'c1158f160081d6540a8409e6925dab94',\r\n\t\t'format' : 'iframe',\r\n\t\t'height' : 250,\r\n\t\t'width' : 300,\r\n\t\t'params' : {}\r\n\t};\r\n<\/script>\r\n<script type=\"text\/javascript\" src=\"\/\/www.highperformanceformat.com\/c1158f160081d6540a8409e6925dab94\/invoke.js\"><\/script><\/div><p>Para sumar valores solo de celdas visibles en Excel (es decir, cuando ha aplicado un filtro), debe utilizar la funci\u00f3n SUBTOTAL. Con esta funci\u00f3n, puede hacer referencia a todo el rango, pero tan pronto como aplica un filtro, funciona din\u00e1micamente y muestra la suma solo para las celdas visibles.<\/p>\n<p> En el siguiente ejemplo tenemos una lista de valores en la columna y quiero crear una f\u00f3rmula que pueda mostrarme la suma cada vez que aplico un filtro a la columna. <\/p>\n<div class=\"wp-block-image\">\n<figure class=\"aligncenter size-full is-resized\"><img loading=\"lazy\" decoding=\"async\" class=\"wp-image-67630\" src=\"https:\/\/exceladvisor.org\/wp-content\/uploads\/2023\/08\/1-liste-de-valeurs-2.png\" sizes=\"auto, \" srcset=\"\" alt=\"lista de valores\" width=\"429\" height=\"404\"><\/figure>\n<\/div>\n<h2 class=\"wp-block-heading\"> Utilice SUBTOTAL para sumar solo las celdas de filtro<\/h2>\n<ol type=\"1\">\n<li> Primero, en la celda B1, ingrese la funci\u00f3n SUBTOTAL.<\/li>\n<li> Despu\u00e9s de eso, en el primer argumento ingresa 9 o 109.<\/li>\n<li> Luego, en el segundo argumento, especifique el rango en la columna A, donde tiene el n\u00famero.<\/li>\n<li> Al final, ingrese el par\u00e9ntesis de cierre y presione Entrar. <\/li>\n<\/ol>\n<div class=\"wp-block-image\">\n<figure class=\"aligncenter size-full is-resized\"><img loading=\"lazy\" decoding=\"async\" class=\"wp-image-67631\" src=\"https:\/\/exceladvisor.org\/wp-content\/uploads\/2023\/08\/2-sous-total-a-sommer.png\" sizes=\"auto, \" srcset=\"\" alt=\"subtotal a suma\" width=\"871\" height=\"261\"><\/figure>\n<\/div>\n<p> En la siguiente instant\u00e1nea, a\u00fan no he aplicado el filtro y muestra la suma de todos los valores que tengo en el rango. <\/p>\n<div class=\"wp-block-image\">\n<figure class=\"aligncenter size-full is-resized\"><img loading=\"lazy\" decoding=\"async\" class=\"wp-image-67632\" src=\"https:\/\/exceladvisor.org\/wp-content\/uploads\/2023\/08\/3-resultat-de-sous-total.png\" sizes=\"auto, \" srcset=\"\" alt=\"resultado-subtotal\" width=\"489\" height=\"277\"><\/figure>\n<\/div>\n<p> Ahora, para probar esta funci\u00f3n, puedes <a href=\"https:\/\/exceladvisor.org\/es\/filtro-1\/\" data-wpil=\"url\">agregar un filtro y aplicarlo<\/a> . Entonces voy a seleccionar 1, 2 y 3 del filtro. <\/p>\n<div class=\"wp-block-image\">\n<figure class=\"aligncenter size-full is-resized\"><img loading=\"lazy\" decoding=\"async\" class=\"wp-image-67633\" src=\"https:\/\/exceladvisor.org\/wp-content\/uploads\/2023\/08\/4-ajouter-un-filtre.png\" sizes=\"auto, \" srcset=\"\" alt=\"A\u00f1adir filtro\" width=\"519\" height=\"453\"><\/figure>\n<\/div>\n<p> Y en el momento en que presiono enter, muestra la suma solo de las celdas filtradas (visibles). <\/p>\n<div class=\"wp-block-image\">\n<figure class=\"aligncenter size-full is-resized\"><img loading=\"lazy\" decoding=\"async\" class=\"wp-image-67634\" src=\"https:\/\/exceladvisor.org\/wp-content\/uploads\/2023\/08\/5-somme-des-valeurs-filtrees.png\" sizes=\"auto, \" srcset=\"\" alt=\"suma de valores filtrados\" width=\"505\" height=\"252\"><\/figure>\n<\/div>\n<p> Ahora esta funci\u00f3n es din\u00e1mica y tan pronto como cambias el filtro, el valor del resultado cambia dependiendo de las celdas visibles. <\/p>\n<div class=\"wp-block-image\">\n<figure class=\"aligncenter size-full is-resized\"><img loading=\"lazy\" decoding=\"async\" class=\"wp-image-67635\" src=\"https:\/\/exceladvisor.org\/wp-content\/uploads\/2023\/08\/6-fonction-de-sous-total-dynamique.png\" sizes=\"auto, \" srcset=\"\" alt=\"funci\u00f3n subtotal din\u00e1mica\" width=\"522\" height=\"355\"><\/figure>\n<\/div>\n<pre class=\"wp-block-code\"> <code class=\"language-excel-formula\" lang=\"excel-formula\">=SUBTOTAL(9,A2:A1001)<\/code><\/pre>\n<div class=\"gb-container gb-container-52dfcee1 gb-container-sample-file\">\n<h2 class=\"gb-headline gb-headline-e289c143 gb-headline-text gb-headline-4f7959c2\"> Obtener el archivo Excel<\/h2>\n<p> <a class=\"gb-button gb-button-e88d6bee gb-button-text gb-button-button1\" href=\"https:\/\/exceladvisor.org\/wp-content\/uploads\/2023\/11\/additionner-les-cellules-visibles.xlsx\" rel=\"nofollow\">Descargar<\/a><\/div>\n<div class=\"gb-container gb-container-0df56012 gb-container-mt\"> <a class=\"gb-button gb-button-f9f432f4 gb-button-text gb-button-mt-button\" href=\"https:\/\/exceladvisor.org\/es\/formulas\/\">Lista de f\u00f3rmulas de Excel<\/a><\/p>\n<h2 class=\"gb-headline gb-headline-233444e8 gb-headline-text gb-headline-mt-heading\"> F\u00f3rmulas relacionadas <\/h2>\n<div class=\"gb-grid-wrapper gb-grid-wrapper-a16fa65c gb-grid-wrapper-mt-grid\">\n<div class=\"gb-grid-column gb-grid-column-50d07e0d\">\n<div class=\"gb-container gb-container-50d07e0d\">\n<ul>\n<li> <a href=\"https:\/\/exceladvisor.org\/es\/agregar-toda-la-columna\/\">Agregue una columna o fila completa en Excel<\/a><\/li>\n<li> <a href=\"https:\/\/exceladvisor.org\/es\/agregar-celdas-aleatorias\/\">Suma de celdas aleatorias en Excel<\/a><\/li>\n<li> <a href=\"https:\/\/exceladvisor.org\/es\/linea-total\/\">Agregar una fila total en Excel<\/a><\/li>\n<li> <a href=\"https:\/\/exceladvisor.org\/es\/suma-automatica-1\/\">Utilice r\u00e1pidamente Autosuma en Excel<\/a> <\/li>\n<\/ul>\n<\/div>\n<\/div>\n<div class=\"gb-grid-column gb-grid-column-5b4a0cf9\">\n<div class=\"gb-container gb-container-5b4a0cf9\"><\/div>\n<\/div>\n<\/div>\n<\/div>\n","protected":false},"excerpt":{"rendered":"<p>Para sumar valores solo de celdas visibles en Excel (es decir, cuando ha aplicado un filtro), debe utilizar la funci\u00f3n SUBTOTAL. Con esta funci\u00f3n, puede hacer referencia a todo el rango, pero tan pronto como aplica un filtro, funciona din\u00e1micamente y muestra la suma solo para las celdas visibles. En el siguiente ejemplo tenemos una [&hellip;]<\/p>\n","protected":false},"author":1,"featured_media":0,"parent":0,"menu_order":0,"comment_status":"open","ping_status":"closed","template":"","meta":{"ub_ctt_via":"","footnotes":""},"class_list":["post-91","page","type-page","status-publish","hentry"],"featured_image_src":null,"yoast_head":"<!-- This site is optimized with the Yoast SEO plugin v25.4 - https:\/\/yoast.com\/wordpress\/plugins\/seo\/ -->\n<title>\u00bfc\u00f3mo agregar celdas filtradas en excel?<\/title>\n<meta name=\"robots\" content=\"index, follow, max-snippet:-1, max-image-preview:large, max-video-preview:-1\" \/>\n<link rel=\"canonical\" href=\"https:\/\/exceladvisor.org\/es\/agregar-solo-celdas-visibles\/\" \/>\n<meta property=\"og:locale\" content=\"es_ES\" \/>\n<meta property=\"og:type\" content=\"article\" \/>\n<meta property=\"og:title\" content=\"\u00bfc\u00f3mo agregar celdas filtradas en excel?\" \/>\n<meta property=\"og:description\" content=\"Para sumar valores solo de celdas visibles en Excel (es decir, cuando ha aplicado un filtro), debe utilizar la funci\u00f3n SUBTOTAL. Con esta funci\u00f3n, puede hacer referencia a todo el rango, pero tan pronto como aplica un filtro, funciona din\u00e1micamente y muestra la suma solo para las celdas visibles. En el siguiente ejemplo tenemos una [&hellip;]\" \/>\n<meta property=\"og:url\" content=\"https:\/\/exceladvisor.org\/es\/agregar-solo-celdas-visibles\/\" \/>\n<meta property=\"og:site_name\" content=\"Excel Advisor\" \/>\n<meta property=\"article:modified_time\" content=\"2023-12-25T10:22:50+00:00\" \/>\n<meta property=\"og:image\" content=\"https:\/\/exceladvisor.org\/wp-content\/uploads\/2023\/08\/1-liste-de-valeurs-2.png\" \/>\n<meta name=\"twitter:card\" content=\"summary_large_image\" \/>\n<meta name=\"twitter:label1\" content=\"Tiempo de lectura\" \/>\n\t<meta name=\"twitter:data1\" content=\"1 minuto\" \/>\n<script type=\"application\/ld+json\" class=\"yoast-schema-graph\">{\"@context\":\"https:\/\/schema.org\",\"@graph\":[{\"@type\":\"WebPage\",\"@id\":\"https:\/\/exceladvisor.org\/es\/agregar-solo-celdas-visibles\/\",\"url\":\"https:\/\/exceladvisor.org\/es\/agregar-solo-celdas-visibles\/\",\"name\":\"\u00bfc\u00f3mo agregar celdas filtradas en excel?\",\"isPartOf\":{\"@id\":\"https:\/\/exceladvisor.org\/es\/#website\"},\"primaryImageOfPage\":{\"@id\":\"https:\/\/exceladvisor.org\/es\/agregar-solo-celdas-visibles\/#primaryimage\"},\"image\":{\"@id\":\"https:\/\/exceladvisor.org\/es\/agregar-solo-celdas-visibles\/#primaryimage\"},\"thumbnailUrl\":\"https:\/\/exceladvisor.org\/wp-content\/uploads\/2023\/08\/1-liste-de-valeurs-2.png\",\"datePublished\":\"2023-11-17T04:34:59+00:00\",\"dateModified\":\"2023-12-25T10:22:50+00:00\",\"breadcrumb\":{\"@id\":\"https:\/\/exceladvisor.org\/es\/agregar-solo-celdas-visibles\/#breadcrumb\"},\"inLanguage\":\"es\",\"potentialAction\":[{\"@type\":\"ReadAction\",\"target\":[\"https:\/\/exceladvisor.org\/es\/agregar-solo-celdas-visibles\/\"]}]},{\"@type\":\"ImageObject\",\"inLanguage\":\"es\",\"@id\":\"https:\/\/exceladvisor.org\/es\/agregar-solo-celdas-visibles\/#primaryimage\",\"url\":\"https:\/\/exceladvisor.org\/wp-content\/uploads\/2023\/08\/1-liste-de-valeurs-2.png\",\"contentUrl\":\"https:\/\/exceladvisor.org\/wp-content\/uploads\/2023\/08\/1-liste-de-valeurs-2.png\"},{\"@type\":\"BreadcrumbList\",\"@id\":\"https:\/\/exceladvisor.org\/es\/agregar-solo-celdas-visibles\/#breadcrumb\",\"itemListElement\":[{\"@type\":\"ListItem\",\"position\":1,\"name\":\"Hogar\",\"item\":\"https:\/\/exceladvisor.org\/es\/\"},{\"@type\":\"ListItem\",\"position\":2,\"name\":\"\u00bfc\u00f3mo agregar celdas filtradas en excel?\"}]},{\"@type\":\"WebSite\",\"@id\":\"https:\/\/exceladvisor.org\/es\/#website\",\"url\":\"https:\/\/exceladvisor.org\/es\/\",\"name\":\"Excel Advisor\",\"description\":\"Su gu\u00eda para la dominaci\u00f3n de datos!\",\"publisher\":{\"@id\":\"https:\/\/exceladvisor.org\/es\/#organization\"},\"potentialAction\":[{\"@type\":\"SearchAction\",\"target\":{\"@type\":\"EntryPoint\",\"urlTemplate\":\"https:\/\/exceladvisor.org\/es\/?s={search_term_string}\"},\"query-input\":{\"@type\":\"PropertyValueSpecification\",\"valueRequired\":true,\"valueName\":\"search_term_string\"}}],\"inLanguage\":\"es\"},{\"@type\":\"Organization\",\"@id\":\"https:\/\/exceladvisor.org\/es\/#organization\",\"name\":\"Excel Advisor\",\"url\":\"https:\/\/exceladvisor.org\/es\/\",\"logo\":{\"@type\":\"ImageObject\",\"inLanguage\":\"es\",\"@id\":\"https:\/\/exceladvisor.org\/es\/#\/schema\/logo\/image\/\",\"url\":\"https:\/\/exceladvisor.org\/es\/wp-content\/uploads\/2023\/12\/exceladvisor.org_.png\",\"contentUrl\":\"https:\/\/exceladvisor.org\/es\/wp-content\/uploads\/2023\/12\/exceladvisor.org_.png\",\"width\":105,\"height\":36,\"caption\":\"Excel Advisor\"},\"image\":{\"@id\":\"https:\/\/exceladvisor.org\/es\/#\/schema\/logo\/image\/\"}}]}<\/script>\n<!-- \/ Yoast SEO plugin. -->","yoast_head_json":{"title":"\u00bfc\u00f3mo agregar celdas filtradas en excel?","robots":{"index":"index","follow":"follow","max-snippet":"max-snippet:-1","max-image-preview":"max-image-preview:large","max-video-preview":"max-video-preview:-1"},"canonical":"https:\/\/exceladvisor.org\/es\/agregar-solo-celdas-visibles\/","og_locale":"es_ES","og_type":"article","og_title":"\u00bfc\u00f3mo agregar celdas filtradas en excel?","og_description":"Para sumar valores solo de celdas visibles en Excel (es decir, cuando ha aplicado un filtro), debe utilizar la funci\u00f3n SUBTOTAL. Con esta funci\u00f3n, puede hacer referencia a todo el rango, pero tan pronto como aplica un filtro, funciona din\u00e1micamente y muestra la suma solo para las celdas visibles. En el siguiente ejemplo tenemos una [&hellip;]","og_url":"https:\/\/exceladvisor.org\/es\/agregar-solo-celdas-visibles\/","og_site_name":"Excel Advisor","article_modified_time":"2023-12-25T10:22:50+00:00","og_image":[{"url":"https:\/\/exceladvisor.org\/wp-content\/uploads\/2023\/08\/1-liste-de-valeurs-2.png","type":"","width":"","height":""}],"twitter_card":"summary_large_image","twitter_misc":{"Tiempo de lectura":"1 minuto"},"schema":{"@context":"https:\/\/schema.org","@graph":[{"@type":"WebPage","@id":"https:\/\/exceladvisor.org\/es\/agregar-solo-celdas-visibles\/","url":"https:\/\/exceladvisor.org\/es\/agregar-solo-celdas-visibles\/","name":"\u00bfc\u00f3mo agregar celdas filtradas en excel?","isPartOf":{"@id":"https:\/\/exceladvisor.org\/es\/#website"},"primaryImageOfPage":{"@id":"https:\/\/exceladvisor.org\/es\/agregar-solo-celdas-visibles\/#primaryimage"},"image":{"@id":"https:\/\/exceladvisor.org\/es\/agregar-solo-celdas-visibles\/#primaryimage"},"thumbnailUrl":"https:\/\/exceladvisor.org\/wp-content\/uploads\/2023\/08\/1-liste-de-valeurs-2.png","datePublished":"2023-11-17T04:34:59+00:00","dateModified":"2023-12-25T10:22:50+00:00","breadcrumb":{"@id":"https:\/\/exceladvisor.org\/es\/agregar-solo-celdas-visibles\/#breadcrumb"},"inLanguage":"es","potentialAction":[{"@type":"ReadAction","target":["https:\/\/exceladvisor.org\/es\/agregar-solo-celdas-visibles\/"]}]},{"@type":"ImageObject","inLanguage":"es","@id":"https:\/\/exceladvisor.org\/es\/agregar-solo-celdas-visibles\/#primaryimage","url":"https:\/\/exceladvisor.org\/wp-content\/uploads\/2023\/08\/1-liste-de-valeurs-2.png","contentUrl":"https:\/\/exceladvisor.org\/wp-content\/uploads\/2023\/08\/1-liste-de-valeurs-2.png"},{"@type":"BreadcrumbList","@id":"https:\/\/exceladvisor.org\/es\/agregar-solo-celdas-visibles\/#breadcrumb","itemListElement":[{"@type":"ListItem","position":1,"name":"Hogar","item":"https:\/\/exceladvisor.org\/es\/"},{"@type":"ListItem","position":2,"name":"\u00bfc\u00f3mo agregar celdas filtradas en excel?"}]},{"@type":"WebSite","@id":"https:\/\/exceladvisor.org\/es\/#website","url":"https:\/\/exceladvisor.org\/es\/","name":"Excel Advisor","description":"Su gu\u00eda para la dominaci\u00f3n de datos!","publisher":{"@id":"https:\/\/exceladvisor.org\/es\/#organization"},"potentialAction":[{"@type":"SearchAction","target":{"@type":"EntryPoint","urlTemplate":"https:\/\/exceladvisor.org\/es\/?s={search_term_string}"},"query-input":{"@type":"PropertyValueSpecification","valueRequired":true,"valueName":"search_term_string"}}],"inLanguage":"es"},{"@type":"Organization","@id":"https:\/\/exceladvisor.org\/es\/#organization","name":"Excel Advisor","url":"https:\/\/exceladvisor.org\/es\/","logo":{"@type":"ImageObject","inLanguage":"es","@id":"https:\/\/exceladvisor.org\/es\/#\/schema\/logo\/image\/","url":"https:\/\/exceladvisor.org\/es\/wp-content\/uploads\/2023\/12\/exceladvisor.org_.png","contentUrl":"https:\/\/exceladvisor.org\/es\/wp-content\/uploads\/2023\/12\/exceladvisor.org_.png","width":105,"height":36,"caption":"Excel Advisor"},"image":{"@id":"https:\/\/exceladvisor.org\/es\/#\/schema\/logo\/image\/"}}]}},"yoast_meta":{"yoast_wpseo_title":"","yoast_wpseo_metadesc":"","yoast_wpseo_canonical":""},"_links":{"self":[{"href":"https:\/\/exceladvisor.org\/es\/wp-json\/wp\/v2\/pages\/91","targetHints":{"allow":["GET"]}}],"collection":[{"href":"https:\/\/exceladvisor.org\/es\/wp-json\/wp\/v2\/pages"}],"about":[{"href":"https:\/\/exceladvisor.org\/es\/wp-json\/wp\/v2\/types\/page"}],"author":[{"embeddable":true,"href":"https:\/\/exceladvisor.org\/es\/wp-json\/wp\/v2\/users\/1"}],"replies":[{"embeddable":true,"href":"https:\/\/exceladvisor.org\/es\/wp-json\/wp\/v2\/comments?post=91"}],"version-history":[{"count":1,"href":"https:\/\/exceladvisor.org\/es\/wp-json\/wp\/v2\/pages\/91\/revisions"}],"predecessor-version":[{"id":795,"href":"https:\/\/exceladvisor.org\/es\/wp-json\/wp\/v2\/pages\/91\/revisions\/795"}],"wp:attachment":[{"href":"https:\/\/exceladvisor.org\/es\/wp-json\/wp\/v2\/media?parent=91"}],"curies":[{"name":"wp","href":"https:\/\/api.w.org\/{rel}","templated":true}]}}