{"id":92,"date":"2023-11-17T04:23:08","date_gmt":"2023-11-17T04:23:08","guid":{"rendered":"https:\/\/exceladvisor.org\/es\/numero-cuadrado\/"},"modified":"2023-12-25T10:24:51","modified_gmt":"2023-12-25T10:24:51","slug":"numero-cuadrado","status":"publish","type":"page","link":"https:\/\/exceladvisor.org\/es\/numero-cuadrado\/","title":{"rendered":"\u00bfc\u00f3mo elevar al cuadrado un n\u00famero en excel?"},"content":{"rendered":"<div class=\"excel-antes-del-contenido\" id=\"excel-3447139990\"><script type=\"text\/javascript\">\r\n\tatOptions = {\r\n\t\t'key' : 'c1158f160081d6540a8409e6925dab94',\r\n\t\t'format' : 'iframe',\r\n\t\t'height' : 250,\r\n\t\t'width' : 300,\r\n\t\t'params' : {}\r\n\t};\r\n<\/script>\r\n<script type=\"text\/javascript\" src=\"\/\/www.highperformanceformat.com\/c1158f160081d6540a8409e6925dab94\/invoke.js\"><\/script><\/div><p>Si desea elevar al cuadrado un n\u00famero en Excel, hay dos formas sencillas de seguir los m\u00e9todos, y ambos m\u00e9todos funcionan igual. Debe especificar el n\u00famero para el que desea calcular el cuadrado y especificar 2 porque desea calcular el cuadrado.<\/p>\n<p> M\u00e1s adelante en este tutorial, usaremos un ejemplo para entenderlo.<\/p>\n<h2 class=\"wp-block-heading\"> Usa POTENCIA para calcular el cuadrado.<\/h2>\n<ol type=\"1\">\n<li> Ingrese la funci\u00f3n ENERG\u00cdA en la celda.<\/li>\n<li> Consulta la celda donde tienes el n\u00famero para el cual necesitas calcular el cuadrado.<\/li>\n<li> En el segundo argumento, ingresa 2 porque necesitas aumentar la potencia a 2.<\/li>\n<li> Cierre la funci\u00f3n y presione Enter. <\/li>\n<\/ol>\n<div class=\"wp-block-image\">\n<figure class=\"aligncenter size-full is-resized\"><img loading=\"lazy\" decoding=\"async\" class=\"wp-image-67624\" src=\"https:\/\/exceladvisor.org\/wp-content\/uploads\/2023\/08\/1-puissance-pour-calculer-le-carre.png\" sizes=\"auto, \" srcset=\"\" alt=\"potencia para calcular al cuadrado\" width=\"537\" height=\"430\"><\/figure>\n<\/div>\n<p> En el momento en que necesitas presionar Enter, la funci\u00f3n devuelve el cuadrado como puedes ver en el ejemplo anterior.<\/p>\n<h2 class=\"wp-block-heading\"> Usando el operador de energ\u00eda (^)<\/h2>\n<p> De la misma forma, tambi\u00e9n utilizas el operador de potencia (^) para obtener el cuadrado de un n\u00famero en Excel. Y en este m\u00e9todo no es necesario utilizar ninguna funci\u00f3n. Aqu\u00ed est\u00e1 el m\u00e9todo:<\/p>\n<ol type=\"1\">\n<li> Consulte la celda donde tiene un n\u00famero para el cual desea calcular el cuadrado.<\/li>\n<li> Ingrese ^ usando el teclado (puede encontrarlo en la tecla num\u00e9rica 6).<\/li>\n<li> Escriba 2, que le indica a Excel que aumente su potencia a 2.<\/li>\n<li> Presione Enter para obtener el resultado. <\/li>\n<\/ol>\n<div class=\"wp-block-image\">\n<figure class=\"aligncenter size-full is-resized\"><img loading=\"lazy\" decoding=\"async\" class=\"wp-image-67625\" src=\"https:\/\/exceladvisor.org\/wp-content\/uploads\/2023\/08\/2-operateur-de-puissance.png\" sizes=\"auto, \" srcset=\"\" alt=\"operador de energ\u00eda\" width=\"414\" height=\"329\"><\/figure>\n<\/div>\n<p> Como dije, ambas funciones funcionan igual y son bastante f\u00e1ciles de usar. Pero puedes elegir uno seg\u00fan tus necesidades. <\/p>\n<div class=\"gb-container gb-container-52dfcee1 gb-container-sample-file\">\n<h2 class=\"gb-headline gb-headline-e289c143 gb-headline-text gb-headline-4f7959c2\"> Obtener el archivo Excel<\/h2>\n<p> <a class=\"gb-button gb-button-e88d6bee gb-button-text gb-button-button1\" href=\"https:\/\/exceladvisor.org\/wp-content\/uploads\/2023\/08\/mettre-un-nombre-au-carre.xlsx\" rel=\"nofollow\">Descargar<\/a><\/div>\n<div class=\"gb-container gb-container-0df56012 gb-container-mt\"> <a class=\"gb-button gb-button-f9f432f4 gb-button-text gb-button-mt-button\" href=\"https:\/\/exceladvisor.org\/es\/formulas\/\">Lista de f\u00f3rmulas de Excel<\/a><\/p>\n<h2 class=\"gb-headline gb-headline-233444e8 gb-headline-text gb-headline-mt-heading\"> F\u00f3rmulas relacionadas <\/h2>\n<div class=\"gb-grid-wrapper gb-grid-wrapper-a16fa65c gb-grid-wrapper-mt-grid\">\n<div class=\"gb-grid-column gb-grid-column-50d07e0d\">\n<div class=\"gb-container gb-container-50d07e0d\">\n<ul>\n<li> Calcular la ra\u00edz c\u00fabica en Excel.<\/li>\n<li> <a href=\"https:\/\/exceladvisor.org\/es\/diferencia-porcentual\/\">Calcular la varianza porcentual (diferencia) en Excel<\/a><\/li>\n<li> <a href=\"https:\/\/exceladvisor.org\/es\/raiz-cuadrada\/\">Calcular ra\u00edz cuadrada en Excel + Insertar s\u00edmbolo<\/a><\/li>\n<li> <a href=\"https:\/\/exceladvisor.org\/es\/no-es-igual\/\">No es igual al operador en Excel<\/a> <\/li>\n<\/ul>\n<\/div>\n<\/div>\n<div class=\"gb-grid-column gb-grid-column-5b4a0cf9\">\n<div class=\"gb-container gb-container-5b4a0cf9\"><\/div>\n<\/div>\n<\/div>\n<\/div>\n","protected":false},"excerpt":{"rendered":"<p>Si desea elevar al cuadrado un n\u00famero en Excel, hay dos formas sencillas de seguir los m\u00e9todos, y ambos m\u00e9todos funcionan igual. Debe especificar el n\u00famero para el que desea calcular el cuadrado y especificar 2 porque desea calcular el cuadrado. M\u00e1s adelante en este tutorial, usaremos un ejemplo para entenderlo. Usa POTENCIA para calcular [&hellip;]<\/p>\n","protected":false},"author":1,"featured_media":0,"parent":0,"menu_order":0,"comment_status":"open","ping_status":"closed","template":"","meta":{"ub_ctt_via":"","footnotes":""},"class_list":["post-92","page","type-page","status-publish","hentry"],"featured_image_src":null,"yoast_head":"<!-- This site is optimized with the Yoast SEO plugin v25.4 - https:\/\/yoast.com\/wordpress\/plugins\/seo\/ -->\n<title>\u00bfc\u00f3mo elevar al cuadrado un n\u00famero en excel?<\/title>\n<meta name=\"robots\" content=\"index, follow, max-snippet:-1, max-image-preview:large, max-video-preview:-1\" \/>\n<link rel=\"canonical\" href=\"https:\/\/exceladvisor.org\/es\/numero-cuadrado\/\" \/>\n<meta property=\"og:locale\" content=\"es_ES\" \/>\n<meta property=\"og:type\" content=\"article\" \/>\n<meta property=\"og:title\" content=\"\u00bfc\u00f3mo elevar al cuadrado un n\u00famero en excel?\" \/>\n<meta property=\"og:description\" content=\"Si desea elevar al cuadrado un n\u00famero en Excel, hay dos formas sencillas de seguir los m\u00e9todos, y ambos m\u00e9todos funcionan igual. Debe especificar el n\u00famero para el que desea calcular el cuadrado y especificar 2 porque desea calcular el cuadrado. M\u00e1s adelante en este tutorial, usaremos un ejemplo para entenderlo. Usa POTENCIA para calcular [&hellip;]\" \/>\n<meta property=\"og:url\" content=\"https:\/\/exceladvisor.org\/es\/numero-cuadrado\/\" \/>\n<meta property=\"og:site_name\" content=\"Excel Advisor\" \/>\n<meta property=\"article:modified_time\" content=\"2023-12-25T10:24:51+00:00\" \/>\n<meta property=\"og:image\" content=\"https:\/\/exceladvisor.org\/wp-content\/uploads\/2023\/08\/1-puissance-pour-calculer-le-carre.png\" \/>\n<meta name=\"twitter:card\" content=\"summary_large_image\" \/>\n<meta name=\"twitter:label1\" content=\"Tiempo de lectura\" \/>\n\t<meta name=\"twitter:data1\" content=\"1 minuto\" \/>\n<script type=\"application\/ld+json\" class=\"yoast-schema-graph\">{\"@context\":\"https:\/\/schema.org\",\"@graph\":[{\"@type\":\"WebPage\",\"@id\":\"https:\/\/exceladvisor.org\/es\/numero-cuadrado\/\",\"url\":\"https:\/\/exceladvisor.org\/es\/numero-cuadrado\/\",\"name\":\"\u00bfc\u00f3mo elevar al cuadrado un n\u00famero en excel?\",\"isPartOf\":{\"@id\":\"https:\/\/exceladvisor.org\/es\/#website\"},\"primaryImageOfPage\":{\"@id\":\"https:\/\/exceladvisor.org\/es\/numero-cuadrado\/#primaryimage\"},\"image\":{\"@id\":\"https:\/\/exceladvisor.org\/es\/numero-cuadrado\/#primaryimage\"},\"thumbnailUrl\":\"https:\/\/exceladvisor.org\/wp-content\/uploads\/2023\/08\/1-puissance-pour-calculer-le-carre.png\",\"datePublished\":\"2023-11-17T04:23:08+00:00\",\"dateModified\":\"2023-12-25T10:24:51+00:00\",\"breadcrumb\":{\"@id\":\"https:\/\/exceladvisor.org\/es\/numero-cuadrado\/#breadcrumb\"},\"inLanguage\":\"es\",\"potentialAction\":[{\"@type\":\"ReadAction\",\"target\":[\"https:\/\/exceladvisor.org\/es\/numero-cuadrado\/\"]}]},{\"@type\":\"ImageObject\",\"inLanguage\":\"es\",\"@id\":\"https:\/\/exceladvisor.org\/es\/numero-cuadrado\/#primaryimage\",\"url\":\"https:\/\/exceladvisor.org\/wp-content\/uploads\/2023\/08\/1-puissance-pour-calculer-le-carre.png\",\"contentUrl\":\"https:\/\/exceladvisor.org\/wp-content\/uploads\/2023\/08\/1-puissance-pour-calculer-le-carre.png\"},{\"@type\":\"BreadcrumbList\",\"@id\":\"https:\/\/exceladvisor.org\/es\/numero-cuadrado\/#breadcrumb\",\"itemListElement\":[{\"@type\":\"ListItem\",\"position\":1,\"name\":\"Hogar\",\"item\":\"https:\/\/exceladvisor.org\/es\/\"},{\"@type\":\"ListItem\",\"position\":2,\"name\":\"\u00bfc\u00f3mo elevar al cuadrado un n\u00famero en excel?\"}]},{\"@type\":\"WebSite\",\"@id\":\"https:\/\/exceladvisor.org\/es\/#website\",\"url\":\"https:\/\/exceladvisor.org\/es\/\",\"name\":\"Excel Advisor\",\"description\":\"Su gu\u00eda para la dominaci\u00f3n de datos!\",\"publisher\":{\"@id\":\"https:\/\/exceladvisor.org\/es\/#organization\"},\"potentialAction\":[{\"@type\":\"SearchAction\",\"target\":{\"@type\":\"EntryPoint\",\"urlTemplate\":\"https:\/\/exceladvisor.org\/es\/?s={search_term_string}\"},\"query-input\":{\"@type\":\"PropertyValueSpecification\",\"valueRequired\":true,\"valueName\":\"search_term_string\"}}],\"inLanguage\":\"es\"},{\"@type\":\"Organization\",\"@id\":\"https:\/\/exceladvisor.org\/es\/#organization\",\"name\":\"Excel Advisor\",\"url\":\"https:\/\/exceladvisor.org\/es\/\",\"logo\":{\"@type\":\"ImageObject\",\"inLanguage\":\"es\",\"@id\":\"https:\/\/exceladvisor.org\/es\/#\/schema\/logo\/image\/\",\"url\":\"https:\/\/exceladvisor.org\/es\/wp-content\/uploads\/2023\/12\/exceladvisor.org_.png\",\"contentUrl\":\"https:\/\/exceladvisor.org\/es\/wp-content\/uploads\/2023\/12\/exceladvisor.org_.png\",\"width\":105,\"height\":36,\"caption\":\"Excel Advisor\"},\"image\":{\"@id\":\"https:\/\/exceladvisor.org\/es\/#\/schema\/logo\/image\/\"}}]}<\/script>\n<!-- \/ Yoast SEO plugin. -->","yoast_head_json":{"title":"\u00bfc\u00f3mo elevar al cuadrado un n\u00famero en excel?","robots":{"index":"index","follow":"follow","max-snippet":"max-snippet:-1","max-image-preview":"max-image-preview:large","max-video-preview":"max-video-preview:-1"},"canonical":"https:\/\/exceladvisor.org\/es\/numero-cuadrado\/","og_locale":"es_ES","og_type":"article","og_title":"\u00bfc\u00f3mo elevar al cuadrado un n\u00famero en excel?","og_description":"Si desea elevar al cuadrado un n\u00famero en Excel, hay dos formas sencillas de seguir los m\u00e9todos, y ambos m\u00e9todos funcionan igual. Debe especificar el n\u00famero para el que desea calcular el cuadrado y especificar 2 porque desea calcular el cuadrado. M\u00e1s adelante en este tutorial, usaremos un ejemplo para entenderlo. Usa POTENCIA para calcular [&hellip;]","og_url":"https:\/\/exceladvisor.org\/es\/numero-cuadrado\/","og_site_name":"Excel Advisor","article_modified_time":"2023-12-25T10:24:51+00:00","og_image":[{"url":"https:\/\/exceladvisor.org\/wp-content\/uploads\/2023\/08\/1-puissance-pour-calculer-le-carre.png","type":"","width":"","height":""}],"twitter_card":"summary_large_image","twitter_misc":{"Tiempo de lectura":"1 minuto"},"schema":{"@context":"https:\/\/schema.org","@graph":[{"@type":"WebPage","@id":"https:\/\/exceladvisor.org\/es\/numero-cuadrado\/","url":"https:\/\/exceladvisor.org\/es\/numero-cuadrado\/","name":"\u00bfc\u00f3mo elevar al cuadrado un n\u00famero en excel?","isPartOf":{"@id":"https:\/\/exceladvisor.org\/es\/#website"},"primaryImageOfPage":{"@id":"https:\/\/exceladvisor.org\/es\/numero-cuadrado\/#primaryimage"},"image":{"@id":"https:\/\/exceladvisor.org\/es\/numero-cuadrado\/#primaryimage"},"thumbnailUrl":"https:\/\/exceladvisor.org\/wp-content\/uploads\/2023\/08\/1-puissance-pour-calculer-le-carre.png","datePublished":"2023-11-17T04:23:08+00:00","dateModified":"2023-12-25T10:24:51+00:00","breadcrumb":{"@id":"https:\/\/exceladvisor.org\/es\/numero-cuadrado\/#breadcrumb"},"inLanguage":"es","potentialAction":[{"@type":"ReadAction","target":["https:\/\/exceladvisor.org\/es\/numero-cuadrado\/"]}]},{"@type":"ImageObject","inLanguage":"es","@id":"https:\/\/exceladvisor.org\/es\/numero-cuadrado\/#primaryimage","url":"https:\/\/exceladvisor.org\/wp-content\/uploads\/2023\/08\/1-puissance-pour-calculer-le-carre.png","contentUrl":"https:\/\/exceladvisor.org\/wp-content\/uploads\/2023\/08\/1-puissance-pour-calculer-le-carre.png"},{"@type":"BreadcrumbList","@id":"https:\/\/exceladvisor.org\/es\/numero-cuadrado\/#breadcrumb","itemListElement":[{"@type":"ListItem","position":1,"name":"Hogar","item":"https:\/\/exceladvisor.org\/es\/"},{"@type":"ListItem","position":2,"name":"\u00bfc\u00f3mo elevar al cuadrado un n\u00famero en excel?"}]},{"@type":"WebSite","@id":"https:\/\/exceladvisor.org\/es\/#website","url":"https:\/\/exceladvisor.org\/es\/","name":"Excel Advisor","description":"Su gu\u00eda para la dominaci\u00f3n de datos!","publisher":{"@id":"https:\/\/exceladvisor.org\/es\/#organization"},"potentialAction":[{"@type":"SearchAction","target":{"@type":"EntryPoint","urlTemplate":"https:\/\/exceladvisor.org\/es\/?s={search_term_string}"},"query-input":{"@type":"PropertyValueSpecification","valueRequired":true,"valueName":"search_term_string"}}],"inLanguage":"es"},{"@type":"Organization","@id":"https:\/\/exceladvisor.org\/es\/#organization","name":"Excel Advisor","url":"https:\/\/exceladvisor.org\/es\/","logo":{"@type":"ImageObject","inLanguage":"es","@id":"https:\/\/exceladvisor.org\/es\/#\/schema\/logo\/image\/","url":"https:\/\/exceladvisor.org\/es\/wp-content\/uploads\/2023\/12\/exceladvisor.org_.png","contentUrl":"https:\/\/exceladvisor.org\/es\/wp-content\/uploads\/2023\/12\/exceladvisor.org_.png","width":105,"height":36,"caption":"Excel Advisor"},"image":{"@id":"https:\/\/exceladvisor.org\/es\/#\/schema\/logo\/image\/"}}]}},"yoast_meta":{"yoast_wpseo_title":"","yoast_wpseo_metadesc":"","yoast_wpseo_canonical":""},"_links":{"self":[{"href":"https:\/\/exceladvisor.org\/es\/wp-json\/wp\/v2\/pages\/92","targetHints":{"allow":["GET"]}}],"collection":[{"href":"https:\/\/exceladvisor.org\/es\/wp-json\/wp\/v2\/pages"}],"about":[{"href":"https:\/\/exceladvisor.org\/es\/wp-json\/wp\/v2\/types\/page"}],"author":[{"embeddable":true,"href":"https:\/\/exceladvisor.org\/es\/wp-json\/wp\/v2\/users\/1"}],"replies":[{"embeddable":true,"href":"https:\/\/exceladvisor.org\/es\/wp-json\/wp\/v2\/comments?post=92"}],"version-history":[{"count":1,"href":"https:\/\/exceladvisor.org\/es\/wp-json\/wp\/v2\/pages\/92\/revisions"}],"predecessor-version":[{"id":966,"href":"https:\/\/exceladvisor.org\/es\/wp-json\/wp\/v2\/pages\/92\/revisions\/966"}],"wp:attachment":[{"href":"https:\/\/exceladvisor.org\/es\/wp-json\/wp\/v2\/media?parent=92"}],"curies":[{"name":"wp","href":"https:\/\/api.w.org\/{rel}","templated":true}]}}