{"id":93,"date":"2023-11-17T04:20:20","date_gmt":"2023-11-17T04:20:20","guid":{"rendered":"https:\/\/exceladvisor.org\/es\/archivador-abierto\/"},"modified":"2023-12-25T10:22:40","modified_gmt":"2023-12-25T10:22:40","slug":"archivador-abierto","status":"publish","type":"page","link":"https:\/\/exceladvisor.org\/es\/archivador-abierto\/","title":{"rendered":"\u00bfc\u00f3mo abrir un libro de trabajo en vba?"},"content":{"rendered":"<div class=\"excel-antes-del-contenido\" id=\"excel-2841097942\"><script type=\"text\/javascript\">\r\n\tatOptions = {\r\n\t\t'key' : 'c1158f160081d6540a8409e6925dab94',\r\n\t\t'format' : 'iframe',\r\n\t\t'height' : 250,\r\n\t\t'width' : 300,\r\n\t\t'params' : {}\r\n\t};\r\n<\/script>\r\n<script type=\"text\/javascript\" src=\"\/\/www.highperformanceformat.com\/c1158f160081d6540a8409e6925dab94\/invoke.js\"><\/script><\/div><p>Para abrir un libro de trabajo usando VBA, debe usar el m\u00e9todo \u00abWorkbook.Open\u00bb y especificar la ruta del archivo (aseg\u00farese de especificar la ruta completa del libro de trabajo con el nombre y el tipo de archivo de extensi\u00f3n). Este m\u00e9todo tiene un total de quince argumentos opcionales que puede utilizar para procesar diferentes tipos de archivos.<\/p>\n<p> En este tutorial, lo exploraremos en detalle y veremos un m\u00e9todo alternativo que puede utilizar.<\/p>\n<h2 class=\"wp-block-heading\"> Pasos para abrir un libro usando VBA<\/h2>\n<ol type=\"1\">\n<li> Para iniciar el c\u00f3digo, utilice el objeto \u00abLibros de trabajo\u00bb.<\/li>\n<li> Escriba un punto (.) despu\u00e9s de eso y seleccione el m\u00e9todo Abrir de la lista.<\/li>\n<li> Especifique la ruta del archivo en el primer argumento y aseg\u00farese de incluirla entre comillas dobles.<\/li>\n<li> Al final, ejecute el c\u00f3digo para abrir el libro de trabajo. <\/li>\n<\/ol>\n<div class=\"wp-block-image\">\n<figure class=\"aligncenter size-large is-resized\"><img loading=\"lazy\" decoding=\"async\" class=\"wp-image-53463\" src=\"https:\/\/exceladvisor.org\/wp-content\/uploads\/2023\/08\/ouvrir-un-classeur-avec-vba.png\" sizes=\"auto, \" srcset=\"\" alt=\"abrir un libro con vba\" width=\"586\" height=\"193\"><\/figure>\n<\/div>\n<pre class=\"wp-block-code\"> <code class=\"language-visual-basic\" lang=\"visual-basic\">Sub vba_open_workbook() Workbooks.Open \"C:UsersDellDesktopmyFile.xlsx\" End Sub<\/code><\/pre>\n<p class=\"content-box-grey\"> <em>Enlaces \u00fatiles: <a href=\"https:\/\/exceladvisor.org\/es\/ejecutar-una-macro-2\/\">Ejecutar una macro<\/a> \u2013 <a href=\"https:\/\/exceladvisor.org\/es\/grabar-una-macro\/\">Grabador de macros<\/a> \u2013 <a href=\"https:\/\/exceladvisor.org\/es\/editor-visual-basico\/\">Editor de Visual Basic<\/a> \u2013 <a href=\"https:\/\/exceladvisor.org\/es\/cuaderno-macro-personal\/\">Manual de macros personales<\/a><\/em><\/p>\n<h2 class=\"wp-block-heading\"> Libro de trabajo. Sintaxis abierta<\/h2>\n<p> Ahora es el momento de observar la sintaxis del m\u00e9todo que acaba de utilizar en el ejemplo anterior. Como mencion\u00e9, hay quince argumentos que puedes usar:<\/p>\n<pre class=\"wp-block-code\"> <code class=\"language-visual-basic\" lang=\"visual-basic\">expression.Open (FileName, UpdateLinks, _ ReadOnly, Format, Password, WriteResPassword, IgnoreReadOnlyRecommended, Origin, _ Delimiter, Editable, Notify, Converter, AddToMru, Local, CorruptLoad)<\/code><\/pre>\n<p> No utilizar\u00e1 todos estos argumentos. Pero algunos de ellos son bastante importantes y pueden resultarle \u00fatiles en el mundo real.<\/p>\n<h2 class=\"wp-block-heading\"> Abrir un libro protegido con contrase\u00f1a<\/h2>\n<p> Si desea abrir un libro protegido con contrase\u00f1a, en este caso puede especificar la contrase\u00f1a con el argumento contrase\u00f1a.<\/p>\n<p> Aqu\u00ed tengo un libro en el escritorio que tiene la contrase\u00f1a \u00abtest123\u00bb y ahora quiero abrirlo y desprotegerlo al mismo tiempo. Aqu\u00ed est\u00e1 el c\u00f3digo que necesito usar.<\/p>\n<pre class=\"wp-block-code\"> <code class=\"language-visual-basic\" lang=\"visual-basic\">Workbooks.Open \"C:UsersDellDesktopmyFile.xlsx\", , , Password:=\"test123\"<\/code><\/pre>\n<h2 class=\"wp-block-heading\"> Abrir un libro de solo lectura<\/h2>\n<p> Cuando abre un libro de solo lectura, no puede realizar cambios en el mismo libro, pero debe guardar una copia del mismo.<\/p>\n<pre class=\"wp-block-code\"> <code class=\"language-visual-basic\" lang=\"visual-basic\">Workbooks.Open \"C:UsersDellDesktopFolder1.xlsx\", , True<\/code><\/pre>\n<h2 class=\"wp-block-heading\"> Abrir todos los libros en una carpeta<\/h2>\n<pre class=\"wp-block-code\"> <code class=\"language-visual-basic\" lang=\"visual-basic\">Sub vba_open_multiple_workbooks_folder() Dim wb As Workbook Dim strFolder As String Dim strFile As String strFolder = \"C:UsersDellDesktopFolder\" strFile = Dir(strFolder &amp; \"*.xls*\") Do While strFile &lt;&gt; \"\" Set wb = Workbooks.Open(strFolder &amp; strFile) strFile = Dir Loop End Sub<\/code><\/pre>\n<p> Para usarlo seg\u00fan sus requisitos, aseg\u00farese de cambiar la ruta de la carpeta.<\/p>\n<h2 class=\"wp-block-heading\"> Cuadro de di\u00e1logo Abrir archivo de libro de trabajo<\/h2>\n<pre class=\"wp-block-code\"> <code class=\"language-visual-basic\" lang=\"visual-basic\">Sub vba_open_dialog() Dim strFile As String strFile = Application.GetOpenFilename() Workbooks.Open (strFile) End Sub<\/code><\/pre>\n<div class=\"gb-container gb-container-4db6181c gb-container-mt\"> <a class=\"gb-button gb-button-c5897111 gb-button-text gb-button-mt-button\" href=\"https:\/\/exceladvisor.org\/es\/vba\/\">\u00bfQu\u00e9 es VBA?<\/a><\/p>\n<h2 class=\"gb-headline gb-headline-665e5f6b gb-headline-text gb-headline-mt-heading\"> Tutoriales relacionados <\/h2>\n<div class=\"gb-grid-wrapper gb-grid-wrapper-a20baf7c gb-grid-wrapper-mt-grid\">\n<div class=\"gb-grid-column gb-grid-column-65ddf67e\">\n<div class=\"gb-container gb-container-65ddf67e\">\n<ul>\n<li> <a href=\"https:\/\/exceladvisor.org\/es\/copiar-archivo-excel\/\">Copie un archivo de Excel (libro de trabajo) usando VBA<\/a><\/li>\n<li> <a href=\"https:\/\/exceladvisor.org\/es\/activar-libro-de-trabajo\/\">VBA Activar libro de trabajo (archivo Excel)<\/a><\/li>\n<li> <a href=\"https:\/\/exceladvisor.org\/es\/cerrar-el-libro-de-trabajo\/\">VBA Cerrar libro de trabajo (archivo Excel)<\/a><\/li>\n<li> <a href=\"https:\/\/exceladvisor.org\/es\/combinar-libros-de-trabajo\/\">Combinar libros de trabajo de VBA (archivos Excel)<\/a><\/li>\n<li> <a href=\"https:\/\/exceladvisor.org\/es\/crear-un-libro-de-trabajo\/\">VBA Crear un nuevo libro de trabajo (archivo Excel)<\/a><\/li>\n<\/ul>\n<\/div>\n<\/div>\n<\/div>\n<\/div>\n","protected":false},"excerpt":{"rendered":"<p>Para abrir un libro de trabajo usando VBA, debe usar el m\u00e9todo \u00abWorkbook.Open\u00bb y especificar la ruta del archivo (aseg\u00farese de especificar la ruta completa del libro de trabajo con el nombre y el tipo de archivo de extensi\u00f3n). Este m\u00e9todo tiene un total de quince argumentos opcionales que puede utilizar para procesar diferentes tipos [&hellip;]<\/p>\n","protected":false},"author":1,"featured_media":0,"parent":0,"menu_order":0,"comment_status":"open","ping_status":"closed","template":"","meta":{"ub_ctt_via":"","footnotes":""},"class_list":["post-93","page","type-page","status-publish","hentry"],"featured_image_src":null,"yoast_head":"<!-- This site is optimized with the Yoast SEO plugin v25.4 - https:\/\/yoast.com\/wordpress\/plugins\/seo\/ -->\n<title>\u00bfc\u00f3mo abrir un libro de trabajo en vba?<\/title>\n<meta name=\"robots\" content=\"index, follow, max-snippet:-1, max-image-preview:large, max-video-preview:-1\" \/>\n<link rel=\"canonical\" href=\"https:\/\/exceladvisor.org\/es\/archivador-abierto\/\" \/>\n<meta property=\"og:locale\" content=\"es_ES\" \/>\n<meta property=\"og:type\" content=\"article\" \/>\n<meta property=\"og:title\" content=\"\u00bfc\u00f3mo abrir un libro de trabajo en vba?\" \/>\n<meta property=\"og:description\" content=\"Para abrir un libro de trabajo usando VBA, debe usar el m\u00e9todo \u00abWorkbook.Open\u00bb y especificar la ruta del archivo (aseg\u00farese de especificar la ruta completa del libro de trabajo con el nombre y el tipo de archivo de extensi\u00f3n). Este m\u00e9todo tiene un total de quince argumentos opcionales que puede utilizar para procesar diferentes tipos [&hellip;]\" \/>\n<meta property=\"og:url\" content=\"https:\/\/exceladvisor.org\/es\/archivador-abierto\/\" \/>\n<meta property=\"og:site_name\" content=\"Excel Advisor\" \/>\n<meta property=\"article:modified_time\" content=\"2023-12-25T10:22:40+00:00\" \/>\n<meta property=\"og:image\" content=\"https:\/\/exceladvisor.org\/wp-content\/uploads\/2023\/08\/ouvrir-un-classeur-avec-vba.png\" \/>\n<meta name=\"twitter:card\" content=\"summary_large_image\" \/>\n<meta name=\"twitter:label1\" content=\"Tiempo de lectura\" \/>\n\t<meta name=\"twitter:data1\" content=\"2 minutos\" \/>\n<script type=\"application\/ld+json\" class=\"yoast-schema-graph\">{\"@context\":\"https:\/\/schema.org\",\"@graph\":[{\"@type\":\"WebPage\",\"@id\":\"https:\/\/exceladvisor.org\/es\/archivador-abierto\/\",\"url\":\"https:\/\/exceladvisor.org\/es\/archivador-abierto\/\",\"name\":\"\u00bfc\u00f3mo abrir un libro de trabajo en vba?\",\"isPartOf\":{\"@id\":\"https:\/\/exceladvisor.org\/es\/#website\"},\"primaryImageOfPage\":{\"@id\":\"https:\/\/exceladvisor.org\/es\/archivador-abierto\/#primaryimage\"},\"image\":{\"@id\":\"https:\/\/exceladvisor.org\/es\/archivador-abierto\/#primaryimage\"},\"thumbnailUrl\":\"https:\/\/exceladvisor.org\/wp-content\/uploads\/2023\/08\/ouvrir-un-classeur-avec-vba.png\",\"datePublished\":\"2023-11-17T04:20:20+00:00\",\"dateModified\":\"2023-12-25T10:22:40+00:00\",\"breadcrumb\":{\"@id\":\"https:\/\/exceladvisor.org\/es\/archivador-abierto\/#breadcrumb\"},\"inLanguage\":\"es\",\"potentialAction\":[{\"@type\":\"ReadAction\",\"target\":[\"https:\/\/exceladvisor.org\/es\/archivador-abierto\/\"]}]},{\"@type\":\"ImageObject\",\"inLanguage\":\"es\",\"@id\":\"https:\/\/exceladvisor.org\/es\/archivador-abierto\/#primaryimage\",\"url\":\"https:\/\/exceladvisor.org\/wp-content\/uploads\/2023\/08\/ouvrir-un-classeur-avec-vba.png\",\"contentUrl\":\"https:\/\/exceladvisor.org\/wp-content\/uploads\/2023\/08\/ouvrir-un-classeur-avec-vba.png\"},{\"@type\":\"BreadcrumbList\",\"@id\":\"https:\/\/exceladvisor.org\/es\/archivador-abierto\/#breadcrumb\",\"itemListElement\":[{\"@type\":\"ListItem\",\"position\":1,\"name\":\"Hogar\",\"item\":\"https:\/\/exceladvisor.org\/es\/\"},{\"@type\":\"ListItem\",\"position\":2,\"name\":\"\u00bfc\u00f3mo abrir un libro de trabajo en vba?\"}]},{\"@type\":\"WebSite\",\"@id\":\"https:\/\/exceladvisor.org\/es\/#website\",\"url\":\"https:\/\/exceladvisor.org\/es\/\",\"name\":\"Excel Advisor\",\"description\":\"Su gu\u00eda para la dominaci\u00f3n de datos!\",\"publisher\":{\"@id\":\"https:\/\/exceladvisor.org\/es\/#organization\"},\"potentialAction\":[{\"@type\":\"SearchAction\",\"target\":{\"@type\":\"EntryPoint\",\"urlTemplate\":\"https:\/\/exceladvisor.org\/es\/?s={search_term_string}\"},\"query-input\":{\"@type\":\"PropertyValueSpecification\",\"valueRequired\":true,\"valueName\":\"search_term_string\"}}],\"inLanguage\":\"es\"},{\"@type\":\"Organization\",\"@id\":\"https:\/\/exceladvisor.org\/es\/#organization\",\"name\":\"Excel Advisor\",\"url\":\"https:\/\/exceladvisor.org\/es\/\",\"logo\":{\"@type\":\"ImageObject\",\"inLanguage\":\"es\",\"@id\":\"https:\/\/exceladvisor.org\/es\/#\/schema\/logo\/image\/\",\"url\":\"https:\/\/exceladvisor.org\/es\/wp-content\/uploads\/2023\/12\/exceladvisor.org_.png\",\"contentUrl\":\"https:\/\/exceladvisor.org\/es\/wp-content\/uploads\/2023\/12\/exceladvisor.org_.png\",\"width\":105,\"height\":36,\"caption\":\"Excel Advisor\"},\"image\":{\"@id\":\"https:\/\/exceladvisor.org\/es\/#\/schema\/logo\/image\/\"}}]}<\/script>\n<!-- \/ Yoast SEO plugin. -->","yoast_head_json":{"title":"\u00bfc\u00f3mo abrir un libro de trabajo en vba?","robots":{"index":"index","follow":"follow","max-snippet":"max-snippet:-1","max-image-preview":"max-image-preview:large","max-video-preview":"max-video-preview:-1"},"canonical":"https:\/\/exceladvisor.org\/es\/archivador-abierto\/","og_locale":"es_ES","og_type":"article","og_title":"\u00bfc\u00f3mo abrir un libro de trabajo en vba?","og_description":"Para abrir un libro de trabajo usando VBA, debe usar el m\u00e9todo \u00abWorkbook.Open\u00bb y especificar la ruta del archivo (aseg\u00farese de especificar la ruta completa del libro de trabajo con el nombre y el tipo de archivo de extensi\u00f3n). Este m\u00e9todo tiene un total de quince argumentos opcionales que puede utilizar para procesar diferentes tipos [&hellip;]","og_url":"https:\/\/exceladvisor.org\/es\/archivador-abierto\/","og_site_name":"Excel Advisor","article_modified_time":"2023-12-25T10:22:40+00:00","og_image":[{"url":"https:\/\/exceladvisor.org\/wp-content\/uploads\/2023\/08\/ouvrir-un-classeur-avec-vba.png","type":"","width":"","height":""}],"twitter_card":"summary_large_image","twitter_misc":{"Tiempo de lectura":"2 minutos"},"schema":{"@context":"https:\/\/schema.org","@graph":[{"@type":"WebPage","@id":"https:\/\/exceladvisor.org\/es\/archivador-abierto\/","url":"https:\/\/exceladvisor.org\/es\/archivador-abierto\/","name":"\u00bfc\u00f3mo abrir un libro de trabajo en vba?","isPartOf":{"@id":"https:\/\/exceladvisor.org\/es\/#website"},"primaryImageOfPage":{"@id":"https:\/\/exceladvisor.org\/es\/archivador-abierto\/#primaryimage"},"image":{"@id":"https:\/\/exceladvisor.org\/es\/archivador-abierto\/#primaryimage"},"thumbnailUrl":"https:\/\/exceladvisor.org\/wp-content\/uploads\/2023\/08\/ouvrir-un-classeur-avec-vba.png","datePublished":"2023-11-17T04:20:20+00:00","dateModified":"2023-12-25T10:22:40+00:00","breadcrumb":{"@id":"https:\/\/exceladvisor.org\/es\/archivador-abierto\/#breadcrumb"},"inLanguage":"es","potentialAction":[{"@type":"ReadAction","target":["https:\/\/exceladvisor.org\/es\/archivador-abierto\/"]}]},{"@type":"ImageObject","inLanguage":"es","@id":"https:\/\/exceladvisor.org\/es\/archivador-abierto\/#primaryimage","url":"https:\/\/exceladvisor.org\/wp-content\/uploads\/2023\/08\/ouvrir-un-classeur-avec-vba.png","contentUrl":"https:\/\/exceladvisor.org\/wp-content\/uploads\/2023\/08\/ouvrir-un-classeur-avec-vba.png"},{"@type":"BreadcrumbList","@id":"https:\/\/exceladvisor.org\/es\/archivador-abierto\/#breadcrumb","itemListElement":[{"@type":"ListItem","position":1,"name":"Hogar","item":"https:\/\/exceladvisor.org\/es\/"},{"@type":"ListItem","position":2,"name":"\u00bfc\u00f3mo abrir un libro de trabajo en vba?"}]},{"@type":"WebSite","@id":"https:\/\/exceladvisor.org\/es\/#website","url":"https:\/\/exceladvisor.org\/es\/","name":"Excel Advisor","description":"Su gu\u00eda para la dominaci\u00f3n de datos!","publisher":{"@id":"https:\/\/exceladvisor.org\/es\/#organization"},"potentialAction":[{"@type":"SearchAction","target":{"@type":"EntryPoint","urlTemplate":"https:\/\/exceladvisor.org\/es\/?s={search_term_string}"},"query-input":{"@type":"PropertyValueSpecification","valueRequired":true,"valueName":"search_term_string"}}],"inLanguage":"es"},{"@type":"Organization","@id":"https:\/\/exceladvisor.org\/es\/#organization","name":"Excel Advisor","url":"https:\/\/exceladvisor.org\/es\/","logo":{"@type":"ImageObject","inLanguage":"es","@id":"https:\/\/exceladvisor.org\/es\/#\/schema\/logo\/image\/","url":"https:\/\/exceladvisor.org\/es\/wp-content\/uploads\/2023\/12\/exceladvisor.org_.png","contentUrl":"https:\/\/exceladvisor.org\/es\/wp-content\/uploads\/2023\/12\/exceladvisor.org_.png","width":105,"height":36,"caption":"Excel Advisor"},"image":{"@id":"https:\/\/exceladvisor.org\/es\/#\/schema\/logo\/image\/"}}]}},"yoast_meta":{"yoast_wpseo_title":"","yoast_wpseo_metadesc":"","yoast_wpseo_canonical":""},"_links":{"self":[{"href":"https:\/\/exceladvisor.org\/es\/wp-json\/wp\/v2\/pages\/93","targetHints":{"allow":["GET"]}}],"collection":[{"href":"https:\/\/exceladvisor.org\/es\/wp-json\/wp\/v2\/pages"}],"about":[{"href":"https:\/\/exceladvisor.org\/es\/wp-json\/wp\/v2\/types\/page"}],"author":[{"embeddable":true,"href":"https:\/\/exceladvisor.org\/es\/wp-json\/wp\/v2\/users\/1"}],"replies":[{"embeddable":true,"href":"https:\/\/exceladvisor.org\/es\/wp-json\/wp\/v2\/comments?post=93"}],"version-history":[{"count":1,"href":"https:\/\/exceladvisor.org\/es\/wp-json\/wp\/v2\/pages\/93\/revisions"}],"predecessor-version":[{"id":782,"href":"https:\/\/exceladvisor.org\/es\/wp-json\/wp\/v2\/pages\/93\/revisions\/782"}],"wp:attachment":[{"href":"https:\/\/exceladvisor.org\/es\/wp-json\/wp\/v2\/media?parent=93"}],"curies":[{"name":"wp","href":"https:\/\/api.w.org\/{rel}","templated":true}]}}