{"id":95,"date":"2023-11-16T16:54:08","date_gmt":"2023-11-16T16:54:08","guid":{"rendered":"https:\/\/exceladvisor.org\/es\/numeros-negativos-rojos\/"},"modified":"2023-12-25T10:25:36","modified_gmt":"2023-12-25T10:25:36","slug":"numeros-negativos-rojos","status":"publish","type":"page","link":"https:\/\/exceladvisor.org\/es\/numeros-negativos-rojos\/","title":{"rendered":"\u00bfc\u00f3mo hacer que los n\u00fameros negativos sean rojos en excel?"},"content":{"rendered":"<div class=\"excel-antes-del-contenido\" id=\"excel-4113892428\"><script type=\"text\/javascript\">\r\n\tatOptions = {\r\n\t\t'key' : 'c1158f160081d6540a8409e6925dab94',\r\n\t\t'format' : 'iframe',\r\n\t\t'height' : 250,\r\n\t\t'width' : 300,\r\n\t\t'params' : {}\r\n\t};\r\n<\/script>\r\n<script type=\"text\/javascript\" src=\"\/\/www.highperformanceformat.com\/c1158f160081d6540a8409e6925dab94\/invoke.js\"><\/script><\/div><p>En Excel, al trabajar con grandes conjuntos de datos o con un largo conjunto de n\u00fameros, resulta dif\u00edcil para cualquiera encontrar los n\u00fameros negativos de forma f\u00e1cil y r\u00e1pida.<\/p>\n<p> Por eso, es importante resaltar los n\u00fameros negativos en rojo para que cualquiera pueda encontrarlos y leerlos f\u00e1cil y r\u00e1pidamente.<\/p>\n<p> Excel tiene la opci\u00f3n de resaltar n\u00fameros negativos en rojo o cualquier otro color que desee y es un proceso muy r\u00e1pido que toma menos de uno o dos minutos.<\/p>\n<p> Hemos mencionado algunos pasos r\u00e1pidos y sencillos para convertir los n\u00fameros negativos en rojos en Excel.<\/p>\n<h2 class=\"wp-block-heading\"> Hacer que los n\u00fameros negativos sean rojos usando formato condicional<\/h2>\n<ol>\n<li> Primero, seleccione las celdas o el rango con los n\u00fameros, vaya a la pesta\u00f1a \u00abInicio\u00bb y haga clic en el icono desplegable \u00abFormato condicional\u00bb.<\/li>\n<li> Despu\u00e9s de eso, haga clic en la opci\u00f3n \u00abResaltar reglas de celda\u00bb y luego seleccione la opci\u00f3n \u00abMenos que\u00bb de la lista. <br \/><img loading=\"lazy\" decoding=\"async\" title=\"1-n\u00fameros-rojos-negativos-usando-formato-condicional\" src=\"https:\/\/exceladvisor.org\/wp-content\/uploads\/2023\/08\/1-nombres-negatifs-rouges-en-utilisant-la-mise-en-forme-conditionnelle.png\" sizes=\"auto, \" srcset=\"\" alt=\"negative-numbers-red-using-conditional-formatting\" width=\"648\" height=\"362\"><\/li>\n<li> Una vez que seleccione la opci\u00f3n \u00abMenos que\u00bb, se abre la ventana \u00abMenos que\u00bb.<\/li>\n<li> Ahora ingrese 0 (cero) en el campo \u00abFormatear celdas menores que\u00bb y obtendr\u00e1 los n\u00fameros negativos resaltados en rojo.<\/li>\n<li> Al final, haga clic en Aceptar. <br \/><img loading=\"lazy\" decoding=\"async\" title=\"Formatear 2 menos que el valor\" src=\"https:\/\/exceladvisor.org\/wp-content\/uploads\/2023\/08\/2-format-inferieur-a-la-valeur.png\" sizes=\"auto, \" srcset=\"\" alt=\"less-than-value-formatting\" width=\"540\" height=\"317\"><\/li>\n<li> Para cambiar el color de formato, seleccione el icono desplegable derecho, seleccione el color que desee y haga clic en Aceptar. <br \/><img loading=\"lazy\" decoding=\"async\" title=\"3 colores para formato condicional\" src=\"https:\/\/exceladvisor.org\/wp-content\/uploads\/2023\/08\/3-couleurs-pour-la-mise-en-forme-conditionnelle.png\" sizes=\"auto, \" srcset=\"\" alt=\"color-for-conditional-formatting\" width=\"559\" height=\"338\"><\/li>\n<\/ol>\n<h2 class=\"wp-block-heading\"> Hacer que los n\u00fameros negativos sean rojos usando el formato num\u00e9rico<\/h2>\n<ol>\n<li> Primero, seleccione las celdas o el rango con los n\u00fameros y vaya a la pesta\u00f1a \u00abInicio\u00bb, luego haga clic en el iniciador del cuadro de di\u00e1logo del grupo \u00abN\u00famero\u00bb.<\/li>\n<li> Una vez que haces clic en el iniciador de di\u00e1logo, se abre la ventana \u00abFormato de celdas\u00bb.<\/li>\n<li> Ahora seleccione la pesta\u00f1a \u00abN\u00famero\u00bb y en \u00abCategor\u00eda\u00bb seleccione la opci\u00f3n \u00abN\u00famero\u00bb y luego seleccione la \u00faltima opci\u00f3n negativa roja.<\/li>\n<li> Al final, haga clic en Aceptar y obtendr\u00e1 los n\u00fameros negativos resaltados en rojo. <\/li>\n<\/ol>\n<div class=\"wp-block-image\">\n<figure class=\"aligncenter size-full is-resized\"><img loading=\"lazy\" decoding=\"async\" class=\"wp-image-65953\" src=\"https:\/\/exceladvisor.org\/wp-content\/uploads\/2023\/08\/4-nombres-negatifs-rouges-en-utilisant-le-format-numerique.png\" sizes=\"auto, \" srcset=\"\" alt=\"n\u00fameros-rojos-negativos-usando-formato-num\u00e9rico\" width=\"576\" height=\"459\"><\/figure>\n<\/div>\n<p> En caso de que desee los n\u00fameros con dos o m\u00e1s lugares decimales o sin valores decimales, haga clic en las flechas desplegables \u201cLugares decimales\u201d en la ventana \u201cFormato de celdas\u201d para aumentarlo a dos (2) o m\u00e1s valores o cero. (0). ) sin valor decimal. <\/p>\n<div class=\"wp-block-image\">\n<figure class=\"aligncenter size-full is-resized\"><img loading=\"lazy\" decoding=\"async\" class=\"wp-image-65954\" src=\"https:\/\/exceladvisor.org\/wp-content\/uploads\/2023\/08\/5-augmenter-diminuer-les-valeurs-decimales.png\" sizes=\"auto, \" srcset=\"\" alt=\"aumentar-disminuir-valores-decimales\" width=\"481\" height=\"263\"><\/figure>\n<\/div>\n<h2 class=\"wp-block-heading\"> Hacer que los n\u00fameros negativos sean rojos usando un formato personalizado<\/h2>\n<ol>\n<li> Primero, seleccione las celdas o el rango con los n\u00fameros y vaya a la pesta\u00f1a \u00abInicio\u00bb, luego haga clic en el iniciador del cuadro de di\u00e1logo del grupo \u00abN\u00famero\u00bb.<\/li>\n<li> Una vez que haces clic en el iniciador de di\u00e1logo, se abre la ventana \u00abFormato de celdas\u00bb.<\/li>\n<li> Despu\u00e9s de eso, seleccione la pesta\u00f1a \u00abN\u00famero\u00bb y seleccione la opci\u00f3n \u00abPersonalizado\u00bb en \u00abCategor\u00eda\u00bb.\n<ul>\n<li> Si necesita n\u00fameros con al menos dos decimales <strong>0,00 ;[Rojo]-0,00<\/strong><\/li>\n<li> En caso de que necesite n\u00fameros sin decimales <strong>0;[Rojo]-0<\/strong> Ahora ingrese o copie el c\u00f3digo a continuaci\u00f3n en la columna \u00abTipo\u00bb y haga clic en Aceptar. <\/li>\n<\/ul>\n<p><img loading=\"lazy\" decoding=\"async\" title=\"6-n\u00fameros-rojos-negativos-usando-formato-personalizado\" src=\"https:\/\/exceladvisor.org\/wp-content\/uploads\/2023\/08\/6-nombres-negatifs-rouges-utilisant-un-formatage-personnalise.png\" sizes=\"auto, \" srcset=\"\" alt=\"negative-numbers-red-using-custom-formatting\" width=\"608\" height=\"531\"><\/li>\n<li> En este punto obtendr\u00e1s los n\u00fameros negativos resaltados en rojo. <br \/><img loading=\"lazy\" decoding=\"async\" title=\"7-n\u00fameros-negativos-resaltados-rojo1\" src=\"https:\/\/exceladvisor.org\/wp-content\/uploads\/2023\/08\/7-nombres-negatifs-surlignes-en-rouge1.png\" sizes=\"auto, \" srcset=\"\" alt=\"negative-numbers-highlighted-redative-numbers-highlighted-negative-numbers-highlighted-redighted-red(1)\" width=\"219\" height=\"251\"><\/li>\n<\/ol>\n<p class=\"qt-tip\"> <strong>Nota:<\/strong> Siempre que cambia los n\u00fameros, como cambiar n\u00fameros positivos a negativos y n\u00fameros negativos a positivos despu\u00e9s de aplicar este formato de color, Excel calcula autom\u00e1ticamente estos cambios y aplica el color de fondo a las celdas modificadas de acuerdo con el formato condicional ya definido.<\/p>\n<div class=\"gb-container gb-container-4db6181c gb-container-mt\"> <a class=\"gb-button gb-button-c5897111 gb-button-text gb-button-mt-button\" href=\"https:\/\/exceladvisor.org\/es\/conceptos-basicos-de-excel\/\">Conceptos b\u00e1sicos de Microsoft Excel (componentes, piezas y notas de conocimiento)<\/a><\/p>\n<h2 class=\"gb-headline gb-headline-665e5f6b gb-headline-text gb-headline-mt-heading\"> Tutoriales relacionados <\/h2>\n<div class=\"gb-grid-wrapper gb-grid-wrapper-a20baf7c gb-grid-wrapper-mt-grid\">\n<div class=\"gb-grid-column gb-grid-column-65ddf67e\">\n<div class=\"gb-container gb-container-65ddf67e\">\n<ul>\n<li> <a href=\"https:\/\/exceladvisor.org\/es\/formato-del-numero-de-contabilidad\/\">Aplicar formato de n\u00famero contable en Excel<\/a><\/li>\n<li> <a href=\"https:\/\/exceladvisor.org\/es\/color-de-celda\/\">Aplicar color de fondo a una celda o a toda la hoja en Excel<\/a><\/li>\n<li> <a href=\"https:\/\/exceladvisor.org\/es\/la-cuadricula\/\">Imprima l\u00edneas de cuadr\u00edcula de Excel (elimine, acorte y cambie de color)<\/a><\/li>\n<li> <a href=\"https:\/\/exceladvisor.org\/es\/agregar-un-numero-de-pagina\/\">Agregar un n\u00famero de p\u00e1gina en Excel<\/a> <\/li>\n<\/ul>\n<\/div>\n<\/div>\n<div class=\"gb-grid-column gb-grid-column-50067b57\">\n<div class=\"gb-container gb-container-50067b57\"><\/div>\n<\/div>\n<\/div>\n<\/div>\n","protected":false},"excerpt":{"rendered":"<p>En Excel, al trabajar con grandes conjuntos de datos o con un largo conjunto de n\u00fameros, resulta dif\u00edcil para cualquiera encontrar los n\u00fameros negativos de forma f\u00e1cil y r\u00e1pida. Por eso, es importante resaltar los n\u00fameros negativos en rojo para que cualquiera pueda encontrarlos y leerlos f\u00e1cil y r\u00e1pidamente. Excel tiene la opci\u00f3n de resaltar [&hellip;]<\/p>\n","protected":false},"author":1,"featured_media":0,"parent":0,"menu_order":0,"comment_status":"open","ping_status":"closed","template":"","meta":{"ub_ctt_via":"","footnotes":""},"class_list":["post-95","page","type-page","status-publish","hentry"],"featured_image_src":null,"yoast_head":"<!-- This site is optimized with the Yoast SEO plugin v25.4 - https:\/\/yoast.com\/wordpress\/plugins\/seo\/ -->\n<title>\u00bfc\u00f3mo hacer que los n\u00fameros negativos sean rojos en excel?<\/title>\n<meta name=\"robots\" content=\"index, follow, max-snippet:-1, max-image-preview:large, max-video-preview:-1\" \/>\n<link rel=\"canonical\" href=\"https:\/\/exceladvisor.org\/es\/numeros-negativos-rojos\/\" \/>\n<meta property=\"og:locale\" content=\"es_ES\" \/>\n<meta property=\"og:type\" content=\"article\" \/>\n<meta property=\"og:title\" content=\"\u00bfc\u00f3mo hacer que los n\u00fameros negativos sean rojos en excel?\" \/>\n<meta property=\"og:description\" content=\"En Excel, al trabajar con grandes conjuntos de datos o con un largo conjunto de n\u00fameros, resulta dif\u00edcil para cualquiera encontrar los n\u00fameros negativos de forma f\u00e1cil y r\u00e1pida. Por eso, es importante resaltar los n\u00fameros negativos en rojo para que cualquiera pueda encontrarlos y leerlos f\u00e1cil y r\u00e1pidamente. Excel tiene la opci\u00f3n de resaltar [&hellip;]\" \/>\n<meta property=\"og:url\" content=\"https:\/\/exceladvisor.org\/es\/numeros-negativos-rojos\/\" \/>\n<meta property=\"og:site_name\" content=\"Excel Advisor\" \/>\n<meta property=\"article:modified_time\" content=\"2023-12-25T10:25:36+00:00\" \/>\n<meta property=\"og:image\" content=\"https:\/\/exceladvisor.org\/wp-content\/uploads\/2023\/08\/1-nombres-negatifs-rouges-en-utilisant-la-mise-en-forme-conditionnelle.png\" \/>\n<meta name=\"twitter:card\" content=\"summary_large_image\" \/>\n<meta name=\"twitter:label1\" content=\"Tiempo de lectura\" \/>\n\t<meta name=\"twitter:data1\" content=\"3 minutos\" \/>\n<script type=\"application\/ld+json\" class=\"yoast-schema-graph\">{\"@context\":\"https:\/\/schema.org\",\"@graph\":[{\"@type\":\"WebPage\",\"@id\":\"https:\/\/exceladvisor.org\/es\/numeros-negativos-rojos\/\",\"url\":\"https:\/\/exceladvisor.org\/es\/numeros-negativos-rojos\/\",\"name\":\"\u00bfc\u00f3mo hacer que los n\u00fameros negativos sean rojos en excel?\",\"isPartOf\":{\"@id\":\"https:\/\/exceladvisor.org\/es\/#website\"},\"primaryImageOfPage\":{\"@id\":\"https:\/\/exceladvisor.org\/es\/numeros-negativos-rojos\/#primaryimage\"},\"image\":{\"@id\":\"https:\/\/exceladvisor.org\/es\/numeros-negativos-rojos\/#primaryimage\"},\"thumbnailUrl\":\"https:\/\/exceladvisor.org\/wp-content\/uploads\/2023\/08\/1-nombres-negatifs-rouges-en-utilisant-la-mise-en-forme-conditionnelle.png\",\"datePublished\":\"2023-11-16T16:54:08+00:00\",\"dateModified\":\"2023-12-25T10:25:36+00:00\",\"breadcrumb\":{\"@id\":\"https:\/\/exceladvisor.org\/es\/numeros-negativos-rojos\/#breadcrumb\"},\"inLanguage\":\"es\",\"potentialAction\":[{\"@type\":\"ReadAction\",\"target\":[\"https:\/\/exceladvisor.org\/es\/numeros-negativos-rojos\/\"]}]},{\"@type\":\"ImageObject\",\"inLanguage\":\"es\",\"@id\":\"https:\/\/exceladvisor.org\/es\/numeros-negativos-rojos\/#primaryimage\",\"url\":\"https:\/\/exceladvisor.org\/wp-content\/uploads\/2023\/08\/1-nombres-negatifs-rouges-en-utilisant-la-mise-en-forme-conditionnelle.png\",\"contentUrl\":\"https:\/\/exceladvisor.org\/wp-content\/uploads\/2023\/08\/1-nombres-negatifs-rouges-en-utilisant-la-mise-en-forme-conditionnelle.png\"},{\"@type\":\"BreadcrumbList\",\"@id\":\"https:\/\/exceladvisor.org\/es\/numeros-negativos-rojos\/#breadcrumb\",\"itemListElement\":[{\"@type\":\"ListItem\",\"position\":1,\"name\":\"Hogar\",\"item\":\"https:\/\/exceladvisor.org\/es\/\"},{\"@type\":\"ListItem\",\"position\":2,\"name\":\"\u00bfc\u00f3mo hacer que los n\u00fameros negativos sean rojos en excel?\"}]},{\"@type\":\"WebSite\",\"@id\":\"https:\/\/exceladvisor.org\/es\/#website\",\"url\":\"https:\/\/exceladvisor.org\/es\/\",\"name\":\"Excel Advisor\",\"description\":\"Su gu\u00eda para la dominaci\u00f3n de datos!\",\"publisher\":{\"@id\":\"https:\/\/exceladvisor.org\/es\/#organization\"},\"potentialAction\":[{\"@type\":\"SearchAction\",\"target\":{\"@type\":\"EntryPoint\",\"urlTemplate\":\"https:\/\/exceladvisor.org\/es\/?s={search_term_string}\"},\"query-input\":{\"@type\":\"PropertyValueSpecification\",\"valueRequired\":true,\"valueName\":\"search_term_string\"}}],\"inLanguage\":\"es\"},{\"@type\":\"Organization\",\"@id\":\"https:\/\/exceladvisor.org\/es\/#organization\",\"name\":\"Excel Advisor\",\"url\":\"https:\/\/exceladvisor.org\/es\/\",\"logo\":{\"@type\":\"ImageObject\",\"inLanguage\":\"es\",\"@id\":\"https:\/\/exceladvisor.org\/es\/#\/schema\/logo\/image\/\",\"url\":\"https:\/\/exceladvisor.org\/es\/wp-content\/uploads\/2023\/12\/exceladvisor.org_.png\",\"contentUrl\":\"https:\/\/exceladvisor.org\/es\/wp-content\/uploads\/2023\/12\/exceladvisor.org_.png\",\"width\":105,\"height\":36,\"caption\":\"Excel Advisor\"},\"image\":{\"@id\":\"https:\/\/exceladvisor.org\/es\/#\/schema\/logo\/image\/\"}}]}<\/script>\n<!-- \/ Yoast SEO plugin. -->","yoast_head_json":{"title":"\u00bfc\u00f3mo hacer que los n\u00fameros negativos sean rojos en excel?","robots":{"index":"index","follow":"follow","max-snippet":"max-snippet:-1","max-image-preview":"max-image-preview:large","max-video-preview":"max-video-preview:-1"},"canonical":"https:\/\/exceladvisor.org\/es\/numeros-negativos-rojos\/","og_locale":"es_ES","og_type":"article","og_title":"\u00bfc\u00f3mo hacer que los n\u00fameros negativos sean rojos en excel?","og_description":"En Excel, al trabajar con grandes conjuntos de datos o con un largo conjunto de n\u00fameros, resulta dif\u00edcil para cualquiera encontrar los n\u00fameros negativos de forma f\u00e1cil y r\u00e1pida. Por eso, es importante resaltar los n\u00fameros negativos en rojo para que cualquiera pueda encontrarlos y leerlos f\u00e1cil y r\u00e1pidamente. Excel tiene la opci\u00f3n de resaltar [&hellip;]","og_url":"https:\/\/exceladvisor.org\/es\/numeros-negativos-rojos\/","og_site_name":"Excel Advisor","article_modified_time":"2023-12-25T10:25:36+00:00","og_image":[{"url":"https:\/\/exceladvisor.org\/wp-content\/uploads\/2023\/08\/1-nombres-negatifs-rouges-en-utilisant-la-mise-en-forme-conditionnelle.png","type":"","width":"","height":""}],"twitter_card":"summary_large_image","twitter_misc":{"Tiempo de lectura":"3 minutos"},"schema":{"@context":"https:\/\/schema.org","@graph":[{"@type":"WebPage","@id":"https:\/\/exceladvisor.org\/es\/numeros-negativos-rojos\/","url":"https:\/\/exceladvisor.org\/es\/numeros-negativos-rojos\/","name":"\u00bfc\u00f3mo hacer que los n\u00fameros negativos sean rojos en excel?","isPartOf":{"@id":"https:\/\/exceladvisor.org\/es\/#website"},"primaryImageOfPage":{"@id":"https:\/\/exceladvisor.org\/es\/numeros-negativos-rojos\/#primaryimage"},"image":{"@id":"https:\/\/exceladvisor.org\/es\/numeros-negativos-rojos\/#primaryimage"},"thumbnailUrl":"https:\/\/exceladvisor.org\/wp-content\/uploads\/2023\/08\/1-nombres-negatifs-rouges-en-utilisant-la-mise-en-forme-conditionnelle.png","datePublished":"2023-11-16T16:54:08+00:00","dateModified":"2023-12-25T10:25:36+00:00","breadcrumb":{"@id":"https:\/\/exceladvisor.org\/es\/numeros-negativos-rojos\/#breadcrumb"},"inLanguage":"es","potentialAction":[{"@type":"ReadAction","target":["https:\/\/exceladvisor.org\/es\/numeros-negativos-rojos\/"]}]},{"@type":"ImageObject","inLanguage":"es","@id":"https:\/\/exceladvisor.org\/es\/numeros-negativos-rojos\/#primaryimage","url":"https:\/\/exceladvisor.org\/wp-content\/uploads\/2023\/08\/1-nombres-negatifs-rouges-en-utilisant-la-mise-en-forme-conditionnelle.png","contentUrl":"https:\/\/exceladvisor.org\/wp-content\/uploads\/2023\/08\/1-nombres-negatifs-rouges-en-utilisant-la-mise-en-forme-conditionnelle.png"},{"@type":"BreadcrumbList","@id":"https:\/\/exceladvisor.org\/es\/numeros-negativos-rojos\/#breadcrumb","itemListElement":[{"@type":"ListItem","position":1,"name":"Hogar","item":"https:\/\/exceladvisor.org\/es\/"},{"@type":"ListItem","position":2,"name":"\u00bfc\u00f3mo hacer que los n\u00fameros negativos sean rojos en excel?"}]},{"@type":"WebSite","@id":"https:\/\/exceladvisor.org\/es\/#website","url":"https:\/\/exceladvisor.org\/es\/","name":"Excel Advisor","description":"Su gu\u00eda para la dominaci\u00f3n de datos!","publisher":{"@id":"https:\/\/exceladvisor.org\/es\/#organization"},"potentialAction":[{"@type":"SearchAction","target":{"@type":"EntryPoint","urlTemplate":"https:\/\/exceladvisor.org\/es\/?s={search_term_string}"},"query-input":{"@type":"PropertyValueSpecification","valueRequired":true,"valueName":"search_term_string"}}],"inLanguage":"es"},{"@type":"Organization","@id":"https:\/\/exceladvisor.org\/es\/#organization","name":"Excel Advisor","url":"https:\/\/exceladvisor.org\/es\/","logo":{"@type":"ImageObject","inLanguage":"es","@id":"https:\/\/exceladvisor.org\/es\/#\/schema\/logo\/image\/","url":"https:\/\/exceladvisor.org\/es\/wp-content\/uploads\/2023\/12\/exceladvisor.org_.png","contentUrl":"https:\/\/exceladvisor.org\/es\/wp-content\/uploads\/2023\/12\/exceladvisor.org_.png","width":105,"height":36,"caption":"Excel Advisor"},"image":{"@id":"https:\/\/exceladvisor.org\/es\/#\/schema\/logo\/image\/"}}]}},"yoast_meta":{"yoast_wpseo_title":"","yoast_wpseo_metadesc":"","yoast_wpseo_canonical":""},"_links":{"self":[{"href":"https:\/\/exceladvisor.org\/es\/wp-json\/wp\/v2\/pages\/95","targetHints":{"allow":["GET"]}}],"collection":[{"href":"https:\/\/exceladvisor.org\/es\/wp-json\/wp\/v2\/pages"}],"about":[{"href":"https:\/\/exceladvisor.org\/es\/wp-json\/wp\/v2\/types\/page"}],"author":[{"embeddable":true,"href":"https:\/\/exceladvisor.org\/es\/wp-json\/wp\/v2\/users\/1"}],"replies":[{"embeddable":true,"href":"https:\/\/exceladvisor.org\/es\/wp-json\/wp\/v2\/comments?post=95"}],"version-history":[{"count":1,"href":"https:\/\/exceladvisor.org\/es\/wp-json\/wp\/v2\/pages\/95\/revisions"}],"predecessor-version":[{"id":1084,"href":"https:\/\/exceladvisor.org\/es\/wp-json\/wp\/v2\/pages\/95\/revisions\/1084"}],"wp:attachment":[{"href":"https:\/\/exceladvisor.org\/es\/wp-json\/wp\/v2\/media?parent=95"}],"curies":[{"name":"wp","href":"https:\/\/api.w.org\/{rel}","templated":true}]}}