{"id":96,"date":"2023-11-16T15:11:28","date_gmt":"2023-11-16T15:11:28","guid":{"rendered":"https:\/\/exceladvisor.org\/es\/cambio-de-rango\/"},"modified":"2023-12-25T10:31:40","modified_gmt":"2023-12-25T10:31:40","slug":"cambio-de-rango","status":"publish","type":"page","link":"https:\/\/exceladvisor.org\/es\/cambio-de-rango\/","title":{"rendered":"\u00bfc\u00f3mo utilizar offset con el objeto de rango en vba?"},"content":{"rendered":"<div class=\"excel-antes-del-contenido\" id=\"excel-3273787409\"><script type=\"text\/javascript\">\r\n\tatOptions = {\r\n\t\t'key' : 'c1158f160081d6540a8409e6925dab94',\r\n\t\t'format' : 'iframe',\r\n\t\t'height' : 250,\r\n\t\t'width' : 300,\r\n\t\t'params' : {}\r\n\t};\r\n<\/script>\r\n<script type=\"text\/javascript\" src=\"\/\/www.highperformanceformat.com\/c1158f160081d6540a8409e6925dab94\/invoke.js\"><\/script><\/div><p>Al usar OFFSET con el objeto de rango, puede navegar de celda en celda en la hoja de trabajo y tambi\u00e9n puede seleccionar una celda o rango. Tambi\u00e9n te da acceso a las propiedades y m\u00e9todos que tienes con el objeto de rango a usar, pero debes especificar los argumentos en OFFSET para usarlo.<\/p>\n<h2 class=\"wp-block-heading\"> Usando OFFSET con el objeto Rango<\/h2>\n<ol type=\"1\">\n<li> Especifique el rango desde el que desea comenzar.<\/li>\n<li> Ingrese un punto (.) para obtener una lista de propiedades y m\u00e9todos.<\/li>\n<li> Seleccione la propiedad de desplazamiento y especifique los argumentos (fila y columna).<\/li>\n<li> Al final, seleccione la propiedad a usar con el desplazamiento. <\/li>\n<\/ol>\n<div class=\"wp-block-image\">\n<figure class=\"aligncenter size-large is-resized\"><img loading=\"lazy\" decoding=\"async\" class=\"wp-image-53833\" src=\"https:\/\/exceladvisor.org\/wp-content\/uploads\/2023\/08\/1-decalage-avec-lobjet-plage.png\" sizes=\"auto, \" srcset=\"\" alt=\"desplazamiento con objeto de rango\" width=\"616\" height=\"261\"><\/figure>\n<\/div>\n<h2 class=\"wp-block-heading\"> Seleccione un rango usando OFFSET<\/h2>\n<p> Tambi\u00e9n puede seleccionar un rango que sea el n\u00famero de filas y columnas alejadas de un rango. Tome la l\u00ednea de c\u00f3digo siguiente, que selecciona un rango de dos celdas que consta de cinco filas hacia abajo y 3 columnas a la derecha. <\/p>\n<pre class=\"wp-block-code\"> <code class=\"language-visual-basic\" lang=\"visual-basic\">Range(\"A1:A2\").Offset(3, 2).Select<\/code><\/pre>\n<div class=\"wp-block-image\">\n<figure class=\"aligncenter size-large is-resized\"><img loading=\"lazy\" decoding=\"async\" class=\"wp-image-53834\" src=\"https:\/\/exceladvisor.org\/wp-content\/uploads\/2023\/08\/2-selectionner-la-plage-a-laide-du-decalage.png\" sizes=\"auto, \" srcset=\"\" alt=\"seleccionar rango usando compensaci\u00f3n\" width=\"692\" height=\"335\"><\/figure>\n<\/div>\n<p> Aparte de esto, tambi\u00e9n puedes escribir c\u00f3digo para seleccionar el rango usando un tama\u00f1o personalizado. Considere un ejemplo del siguiente c\u00f3digo. <\/p>\n<pre class=\"wp-block-code\"> <code class=\"language-visual-basic\" lang=\"visual-basic\">Range(Range(\"A1\").Offset(1, 1), Range(\"A1\").Offset(5, 2)).Select<\/code><\/pre>\n<div class=\"wp-block-image\">\n<figure class=\"aligncenter size-large is-resized\"><img loading=\"lazy\" decoding=\"async\" class=\"wp-image-53835\" src=\"https:\/\/exceladvisor.org\/wp-content\/uploads\/2023\/08\/3-selectionnez-la-plage-en-utilisant-la-taille-personnalisee.png\" sizes=\"auto, \" srcset=\"\" alt=\"seleccionar rango usando tama\u00f1o personalizado\" width=\"708\" height=\"226\"><\/figure>\n<\/div>\n<p> Para comprender este c\u00f3digo, debes dividirlo en tres partes. <\/p>\n<div class=\"wp-block-image\">\n<figure class=\"aligncenter size-large is-resized\"><img loading=\"lazy\" decoding=\"async\" class=\"wp-image-53836\" src=\"https:\/\/exceladvisor.org\/wp-content\/uploads\/2023\/08\/4-divise-en-trois-parties.png\" sizes=\"auto, \" srcset=\"\" alt=\"dividido en tres partes\" width=\"684\" height=\"121\"><\/figure>\n<\/div>\n<p> En primer lugar, en este objeto de rango tiene la opci\u00f3n de especificar la primera y la \u00faltima celda del rango. <\/p>\n<div class=\"wp-block-image\">\n<figure class=\"aligncenter size-large is-resized\"><img loading=\"lazy\" decoding=\"async\" class=\"wp-image-53837\" src=\"https:\/\/exceladvisor.org\/wp-content\/uploads\/2023\/08\/5-option-pour-specifier-la-premiere-cellule.png\" sizes=\"auto, \" srcset=\"\" alt=\"opci\u00f3n para especificar la primera celda\" width=\"215\" height=\"71\"><\/figure>\n<\/div>\n<p> Ahora volvamos al ejemplo:<\/p>\n<ul>\n<li> En la Parte UNO, usaste el objeto de rango para referirte a la celda una fila hacia abajo y una columna a la derecha de la celda A1.<\/li>\n<li> En la Parte DOS, usaste el objeto de rango para referirte a la celda cinco filas hacia abajo y dos columnas a la derecha de la celda A1.<\/li>\n<li> En la parte THRID, usaste las celdas de la primera y segunda parte para hacer referencia y seleccionar un rango.<\/li>\n<\/ul>\n<h2 class=\"wp-block-heading\"> Usando OFFSET con ActiveCell<\/h2>\n<p> Tambi\u00e9n puede utilizar la celda activa en lugar de utilizar un rango predefinido. Esto significa que obtendr\u00e1 un desplazamiento din\u00e1mico para seleccionar una celda navegando desde la celda activa.<\/p>\n<pre class=\"wp-block-code\"> <code class=\"language-visual-basic\" lang=\"visual-basic\">ActiveCell.Offset(5, 2).Select<\/code><\/pre>\n<p> La l\u00ednea de c\u00f3digo anterior seleccionar\u00e1 la celda que est\u00e1 cinco filas hacia abajo y dos columnas a la derecha de la celda activa.<\/p>\n<h2 class=\"wp-block-heading\"> Usando OFFSET con ActiveCell para seleccionar un rango<\/h2>\n<p> Utilice el siguiente c\u00f3digo para seleccionar un rango en la celda activa.<\/p>\n<pre class=\"wp-block-code\"> <code class=\"language-visual-basic\" lang=\"visual-basic\">Range(ActiveCell.Offset(1, 1), ActiveCell.Offset(5, 2)).Select<\/code><\/pre>\n<p> Para comprender c\u00f3mo funciona este c\u00f3digo, aseg\u00farese de consultar esta explicaci\u00f3n.<\/p>\n<h2 class=\"wp-block-heading\"> Copiar un rango usando OFFSET<\/h2>\n<pre class=\"wp-block-code\"> <code class=\"language-visual-basic\" lang=\"visual-basic\">Range(Range(\"A1\").Offset(1, 1), Range(\"A1\").Offset(5, 2)).Copy Range(ActiveCell.Offset(1, 1), ActiveCell.Offset(5, 2)).Copy<\/code><\/pre>\n<h2 class=\"wp-block-heading\"> Usando la propiedad Celdas con OFFSET<\/h2>\n<p> Tambi\u00e9n puede utilizar la propiedad OFFSET con la propiedad CELLS. Considere el siguiente c\u00f3digo. <\/p>\n<pre class=\"wp-block-code\"> <code class=\"language-visual-basic\" lang=\"visual-basic\">Cells(1, 3).Offset(2, 3).Select<\/code><\/pre>\n<div class=\"wp-block-image\">\n<figure class=\"aligncenter size-large is-resized\"><img loading=\"lazy\" decoding=\"async\" class=\"wp-image-53838\" src=\"https:\/\/exceladvisor.org\/wp-content\/uploads\/2023\/08\/Propriete-6-cellules-avec-decalage.png\" sizes=\"auto, \" srcset=\"\" alt=\"propiedad de celda con desplazamiento\" width=\"656\" height=\"236\"><\/figure>\n<\/div>\n<p> El c\u00f3digo anterior primero hace referencia a la celda A1 (como usted especific\u00f3) con la primera fila y la primera columna usando la propiedad de celdas, luego usa la propiedad de desplazamiento para seleccionar la celda que est\u00e1 dos filas hacia abajo y tiene tres columnas.<\/p>\n<div class=\"gb-container gb-container-4db6181c gb-container-mt\"> <a class=\"gb-button gb-button-c5897111 gb-button-text gb-button-mt-button\" href=\"https:\/\/exceladvisor.org\/es\/vba\/\">\u00bfQu\u00e9 es VBA?<\/a><\/p>\n<h2 class=\"gb-headline gb-headline-665e5f6b gb-headline-text gb-headline-mt-heading\"> Tutoriales relacionados <\/h2>\n<div class=\"gb-grid-wrapper gb-grid-wrapper-a20baf7c gb-grid-wrapper-mt-grid\">\n<div class=\"gb-grid-column gb-grid-column-65ddf67e\">\n<div class=\"gb-container gb-container-65ddf67e\">\n<ul>\n<li> <a href=\"https:\/\/exceladvisor.org\/es\/numero-de-lineas\/\">Contar filas usando VBA en Excel<\/a><\/li>\n<li> <a href=\"https:\/\/exceladvisor.org\/es\/fuente-de-caracteres\/\">Fuente Excel VBA (color, tama\u00f1o, tipo y negrita)<\/a><\/li>\n<li> <a href=\"https:\/\/exceladvisor.org\/es\/ocultar-mostrar-fila-de-columna\/\">Excel VBA Ocultar y mostrar una columna o fila<\/a><\/li>\n<li> <a href=\"https:\/\/exceladvisor.org\/es\/rango-1\/\">Rango de Excel VBA: trabajar con rango y celdas<\/a><\/li>\n<li> <a href=\"https:\/\/exceladvisor.org\/es\/fronteras\/\">Aplicar bordes a una celda usando VBA en Excel<\/a> <\/li>\n<\/ul>\n<\/div>\n<\/div>\n<div class=\"gb-grid-column gb-grid-column-50067b57\">\n<div class=\"gb-container gb-container-50067b57\"><\/div>\n<\/div>\n<\/div>\n<\/div>\n","protected":false},"excerpt":{"rendered":"<p>Al usar OFFSET con el objeto de rango, puede navegar de celda en celda en la hoja de trabajo y tambi\u00e9n puede seleccionar una celda o rango. Tambi\u00e9n te da acceso a las propiedades y m\u00e9todos que tienes con el objeto de rango a usar, pero debes especificar los argumentos en OFFSET para usarlo. Usando [&hellip;]<\/p>\n","protected":false},"author":1,"featured_media":0,"parent":0,"menu_order":0,"comment_status":"open","ping_status":"closed","template":"","meta":{"ub_ctt_via":"","footnotes":""},"class_list":["post-96","page","type-page","status-publish","hentry"],"featured_image_src":null,"yoast_head":"<!-- This site is optimized with the Yoast SEO plugin v25.4 - https:\/\/yoast.com\/wordpress\/plugins\/seo\/ -->\n<title>\u00bfc\u00f3mo utilizar offset con el objeto de rango en vba?<\/title>\n<meta name=\"robots\" content=\"index, follow, max-snippet:-1, max-image-preview:large, max-video-preview:-1\" \/>\n<link rel=\"canonical\" href=\"https:\/\/exceladvisor.org\/es\/cambio-de-rango\/\" \/>\n<meta property=\"og:locale\" content=\"es_ES\" \/>\n<meta property=\"og:type\" content=\"article\" \/>\n<meta property=\"og:title\" content=\"\u00bfc\u00f3mo utilizar offset con el objeto de rango en vba?\" \/>\n<meta property=\"og:description\" content=\"Al usar OFFSET con el objeto de rango, puede navegar de celda en celda en la hoja de trabajo y tambi\u00e9n puede seleccionar una celda o rango. Tambi\u00e9n te da acceso a las propiedades y m\u00e9todos que tienes con el objeto de rango a usar, pero debes especificar los argumentos en OFFSET para usarlo. Usando [&hellip;]\" \/>\n<meta property=\"og:url\" content=\"https:\/\/exceladvisor.org\/es\/cambio-de-rango\/\" \/>\n<meta property=\"og:site_name\" content=\"Excel Advisor\" \/>\n<meta property=\"article:modified_time\" content=\"2023-12-25T10:31:40+00:00\" \/>\n<meta property=\"og:image\" content=\"https:\/\/exceladvisor.org\/wp-content\/uploads\/2023\/08\/1-decalage-avec-lobjet-plage.png\" \/>\n<meta name=\"twitter:card\" content=\"summary_large_image\" \/>\n<meta name=\"twitter:label1\" content=\"Tiempo de lectura\" \/>\n\t<meta name=\"twitter:data1\" content=\"3 minutos\" \/>\n<script type=\"application\/ld+json\" class=\"yoast-schema-graph\">{\"@context\":\"https:\/\/schema.org\",\"@graph\":[{\"@type\":\"WebPage\",\"@id\":\"https:\/\/exceladvisor.org\/es\/cambio-de-rango\/\",\"url\":\"https:\/\/exceladvisor.org\/es\/cambio-de-rango\/\",\"name\":\"\u00bfc\u00f3mo utilizar offset con el objeto de rango en vba?\",\"isPartOf\":{\"@id\":\"https:\/\/exceladvisor.org\/es\/#website\"},\"primaryImageOfPage\":{\"@id\":\"https:\/\/exceladvisor.org\/es\/cambio-de-rango\/#primaryimage\"},\"image\":{\"@id\":\"https:\/\/exceladvisor.org\/es\/cambio-de-rango\/#primaryimage\"},\"thumbnailUrl\":\"https:\/\/exceladvisor.org\/wp-content\/uploads\/2023\/08\/1-decalage-avec-lobjet-plage.png\",\"datePublished\":\"2023-11-16T15:11:28+00:00\",\"dateModified\":\"2023-12-25T10:31:40+00:00\",\"breadcrumb\":{\"@id\":\"https:\/\/exceladvisor.org\/es\/cambio-de-rango\/#breadcrumb\"},\"inLanguage\":\"es\",\"potentialAction\":[{\"@type\":\"ReadAction\",\"target\":[\"https:\/\/exceladvisor.org\/es\/cambio-de-rango\/\"]}]},{\"@type\":\"ImageObject\",\"inLanguage\":\"es\",\"@id\":\"https:\/\/exceladvisor.org\/es\/cambio-de-rango\/#primaryimage\",\"url\":\"https:\/\/exceladvisor.org\/wp-content\/uploads\/2023\/08\/1-decalage-avec-lobjet-plage.png\",\"contentUrl\":\"https:\/\/exceladvisor.org\/wp-content\/uploads\/2023\/08\/1-decalage-avec-lobjet-plage.png\"},{\"@type\":\"BreadcrumbList\",\"@id\":\"https:\/\/exceladvisor.org\/es\/cambio-de-rango\/#breadcrumb\",\"itemListElement\":[{\"@type\":\"ListItem\",\"position\":1,\"name\":\"Hogar\",\"item\":\"https:\/\/exceladvisor.org\/es\/\"},{\"@type\":\"ListItem\",\"position\":2,\"name\":\"\u00bfc\u00f3mo utilizar offset con el objeto de rango en vba?\"}]},{\"@type\":\"WebSite\",\"@id\":\"https:\/\/exceladvisor.org\/es\/#website\",\"url\":\"https:\/\/exceladvisor.org\/es\/\",\"name\":\"Excel Advisor\",\"description\":\"Su gu\u00eda para la dominaci\u00f3n de datos!\",\"publisher\":{\"@id\":\"https:\/\/exceladvisor.org\/es\/#organization\"},\"potentialAction\":[{\"@type\":\"SearchAction\",\"target\":{\"@type\":\"EntryPoint\",\"urlTemplate\":\"https:\/\/exceladvisor.org\/es\/?s={search_term_string}\"},\"query-input\":{\"@type\":\"PropertyValueSpecification\",\"valueRequired\":true,\"valueName\":\"search_term_string\"}}],\"inLanguage\":\"es\"},{\"@type\":\"Organization\",\"@id\":\"https:\/\/exceladvisor.org\/es\/#organization\",\"name\":\"Excel Advisor\",\"url\":\"https:\/\/exceladvisor.org\/es\/\",\"logo\":{\"@type\":\"ImageObject\",\"inLanguage\":\"es\",\"@id\":\"https:\/\/exceladvisor.org\/es\/#\/schema\/logo\/image\/\",\"url\":\"https:\/\/exceladvisor.org\/es\/wp-content\/uploads\/2023\/12\/exceladvisor.org_.png\",\"contentUrl\":\"https:\/\/exceladvisor.org\/es\/wp-content\/uploads\/2023\/12\/exceladvisor.org_.png\",\"width\":105,\"height\":36,\"caption\":\"Excel Advisor\"},\"image\":{\"@id\":\"https:\/\/exceladvisor.org\/es\/#\/schema\/logo\/image\/\"}}]}<\/script>\n<!-- \/ Yoast SEO plugin. -->","yoast_head_json":{"title":"\u00bfc\u00f3mo utilizar offset con el objeto de rango en vba?","robots":{"index":"index","follow":"follow","max-snippet":"max-snippet:-1","max-image-preview":"max-image-preview:large","max-video-preview":"max-video-preview:-1"},"canonical":"https:\/\/exceladvisor.org\/es\/cambio-de-rango\/","og_locale":"es_ES","og_type":"article","og_title":"\u00bfc\u00f3mo utilizar offset con el objeto de rango en vba?","og_description":"Al usar OFFSET con el objeto de rango, puede navegar de celda en celda en la hoja de trabajo y tambi\u00e9n puede seleccionar una celda o rango. Tambi\u00e9n te da acceso a las propiedades y m\u00e9todos que tienes con el objeto de rango a usar, pero debes especificar los argumentos en OFFSET para usarlo. Usando [&hellip;]","og_url":"https:\/\/exceladvisor.org\/es\/cambio-de-rango\/","og_site_name":"Excel Advisor","article_modified_time":"2023-12-25T10:31:40+00:00","og_image":[{"url":"https:\/\/exceladvisor.org\/wp-content\/uploads\/2023\/08\/1-decalage-avec-lobjet-plage.png","type":"","width":"","height":""}],"twitter_card":"summary_large_image","twitter_misc":{"Tiempo de lectura":"3 minutos"},"schema":{"@context":"https:\/\/schema.org","@graph":[{"@type":"WebPage","@id":"https:\/\/exceladvisor.org\/es\/cambio-de-rango\/","url":"https:\/\/exceladvisor.org\/es\/cambio-de-rango\/","name":"\u00bfc\u00f3mo utilizar offset con el objeto de rango en vba?","isPartOf":{"@id":"https:\/\/exceladvisor.org\/es\/#website"},"primaryImageOfPage":{"@id":"https:\/\/exceladvisor.org\/es\/cambio-de-rango\/#primaryimage"},"image":{"@id":"https:\/\/exceladvisor.org\/es\/cambio-de-rango\/#primaryimage"},"thumbnailUrl":"https:\/\/exceladvisor.org\/wp-content\/uploads\/2023\/08\/1-decalage-avec-lobjet-plage.png","datePublished":"2023-11-16T15:11:28+00:00","dateModified":"2023-12-25T10:31:40+00:00","breadcrumb":{"@id":"https:\/\/exceladvisor.org\/es\/cambio-de-rango\/#breadcrumb"},"inLanguage":"es","potentialAction":[{"@type":"ReadAction","target":["https:\/\/exceladvisor.org\/es\/cambio-de-rango\/"]}]},{"@type":"ImageObject","inLanguage":"es","@id":"https:\/\/exceladvisor.org\/es\/cambio-de-rango\/#primaryimage","url":"https:\/\/exceladvisor.org\/wp-content\/uploads\/2023\/08\/1-decalage-avec-lobjet-plage.png","contentUrl":"https:\/\/exceladvisor.org\/wp-content\/uploads\/2023\/08\/1-decalage-avec-lobjet-plage.png"},{"@type":"BreadcrumbList","@id":"https:\/\/exceladvisor.org\/es\/cambio-de-rango\/#breadcrumb","itemListElement":[{"@type":"ListItem","position":1,"name":"Hogar","item":"https:\/\/exceladvisor.org\/es\/"},{"@type":"ListItem","position":2,"name":"\u00bfc\u00f3mo utilizar offset con el objeto de rango en vba?"}]},{"@type":"WebSite","@id":"https:\/\/exceladvisor.org\/es\/#website","url":"https:\/\/exceladvisor.org\/es\/","name":"Excel Advisor","description":"Su gu\u00eda para la dominaci\u00f3n de datos!","publisher":{"@id":"https:\/\/exceladvisor.org\/es\/#organization"},"potentialAction":[{"@type":"SearchAction","target":{"@type":"EntryPoint","urlTemplate":"https:\/\/exceladvisor.org\/es\/?s={search_term_string}"},"query-input":{"@type":"PropertyValueSpecification","valueRequired":true,"valueName":"search_term_string"}}],"inLanguage":"es"},{"@type":"Organization","@id":"https:\/\/exceladvisor.org\/es\/#organization","name":"Excel Advisor","url":"https:\/\/exceladvisor.org\/es\/","logo":{"@type":"ImageObject","inLanguage":"es","@id":"https:\/\/exceladvisor.org\/es\/#\/schema\/logo\/image\/","url":"https:\/\/exceladvisor.org\/es\/wp-content\/uploads\/2023\/12\/exceladvisor.org_.png","contentUrl":"https:\/\/exceladvisor.org\/es\/wp-content\/uploads\/2023\/12\/exceladvisor.org_.png","width":105,"height":36,"caption":"Excel Advisor"},"image":{"@id":"https:\/\/exceladvisor.org\/es\/#\/schema\/logo\/image\/"}}]}},"yoast_meta":{"yoast_wpseo_title":"","yoast_wpseo_metadesc":"","yoast_wpseo_canonical":""},"_links":{"self":[{"href":"https:\/\/exceladvisor.org\/es\/wp-json\/wp\/v2\/pages\/96","targetHints":{"allow":["GET"]}}],"collection":[{"href":"https:\/\/exceladvisor.org\/es\/wp-json\/wp\/v2\/pages"}],"about":[{"href":"https:\/\/exceladvisor.org\/es\/wp-json\/wp\/v2\/types\/page"}],"author":[{"embeddable":true,"href":"https:\/\/exceladvisor.org\/es\/wp-json\/wp\/v2\/users\/1"}],"replies":[{"embeddable":true,"href":"https:\/\/exceladvisor.org\/es\/wp-json\/wp\/v2\/comments?post=96"}],"version-history":[{"count":1,"href":"https:\/\/exceladvisor.org\/es\/wp-json\/wp\/v2\/pages\/96\/revisions"}],"predecessor-version":[{"id":1374,"href":"https:\/\/exceladvisor.org\/es\/wp-json\/wp\/v2\/pages\/96\/revisions\/1374"}],"wp:attachment":[{"href":"https:\/\/exceladvisor.org\/es\/wp-json\/wp\/v2\/media?parent=96"}],"curies":[{"name":"wp","href":"https:\/\/api.w.org\/{rel}","templated":true}]}}