{"id":99,"date":"2023-11-16T13:22:32","date_gmt":"2023-11-16T13:22:32","guid":{"rendered":"https:\/\/exceladvisor.org\/es\/proteger-el-libro-de-trabajo\/"},"modified":"2023-12-25T10:26:45","modified_gmt":"2023-12-25T10:26:45","slug":"proteger-el-libro-de-trabajo","status":"publish","type":"page","link":"https:\/\/exceladvisor.org\/es\/proteger-el-libro-de-trabajo\/","title":{"rendered":"\u00bfc\u00f3mo proteger un libro con vba?"},"content":{"rendered":"<div class=\"excel-antes-del-contenido\" id=\"excel-3370489730\"><script type=\"text\/javascript\">\r\n\tatOptions = {\r\n\t\t'key' : 'c1158f160081d6540a8409e6925dab94',\r\n\t\t'format' : 'iframe',\r\n\t\t'height' : 250,\r\n\t\t'width' : 300,\r\n\t\t'params' : {}\r\n\t};\r\n<\/script>\r\n<script type=\"text\/javascript\" src=\"\/\/www.highperformanceformat.com\/c1158f160081d6540a8409e6925dab94\/invoke.js\"><\/script><\/div><p>Para proteger un libro de trabajo, debe utilizar el m\u00e9todo PROTECT de VBA. Con este m\u00e9todo, puede usar una contrase\u00f1a o incluso habilitar la protecci\u00f3n del libro sin contrase\u00f1a. Pero hay una cosa que debes tener en cuenta para la contrase\u00f1a que utilices, que distingue entre may\u00fasculas y min\u00fasculas.<\/p>\n<pre class=\"wp-block-code\"> <code class=\"language-visual-basic\" lang=\"visual-basic\">Workbook.Protect \"Password\"<\/code><\/pre>\n<ol type=\"1\">\n<li> Especifique el libro que desea proteger.<\/li>\n<li> Toque, apunte y seleccione el m\u00e9todo de protecci\u00f3n de la lista o puede tocar \u00abProteger\u00bb.<\/li>\n<li> Ingrese la contrase\u00f1a que desea establecer.<\/li>\n<li> Ejecute el c\u00f3digo para proteger el libro.<\/li>\n<\/ol>\n<p> En este tutorial, aprenderemos este m\u00e9todo de diferentes maneras y tambi\u00e9n aprenderemos c\u00f3mo desproteger un libro.<\/p>\n<p class=\"content-box-grey\"> <em>Enlaces \u00fatiles: <a href=\"https:\/\/exceladvisor.org\/es\/ejecutar-una-macro-2\/\">Ejecutar una macro<\/a> \u2013 <a href=\"https:\/\/exceladvisor.org\/es\/grabar-una-macro\/\">Grabador de macros<\/a> \u2013 <a href=\"https:\/\/exceladvisor.org\/es\/editor-visual-basico\/\">Editor de Visual Basic<\/a> \u2013 <a href=\"https:\/\/exceladvisor.org\/es\/cuaderno-macro-personal\/\">Manual de macros personales<\/a><\/em><\/p>\n<h2 class=\"wp-block-heading\"> Proteger un libro con una contrase\u00f1a<\/h2>\n<p> A continuaci\u00f3n se muestra el c\u00f3digo que necesita utilizar para proteger con contrase\u00f1a un libro de trabajo. En este c\u00f3digo, primero tiene el nombre del libro y el m\u00e9todo de protecci\u00f3n con contrase\u00f1a.<\/p>\n<pre class=\"wp-block-code\"> <code class=\"language-visual-basic\" lang=\"visual-basic\">Workbooks(\"Book1\").Protect \"test123\"<\/code><\/pre>\n<p> Y cuando ejecuto este c\u00f3digo, bloquea el libro \u00abLibro1\u00bb. <\/p>\n<div class=\"wp-block-image\">\n<figure class=\"aligncenter size-large is-resized\"><img loading=\"lazy\" decoding=\"async\" class=\"wp-image-53290\" src=\"https:\/\/exceladvisor.org\/wp-content\/uploads\/2023\/08\/1-il-verrouille-le-classeur-book1.png\" sizes=\"auto, \" srcset=\"\" alt=\"bloquea la carpeta libro1\" width=\"703\" height=\"282\"><\/figure>\n<\/div>\n<h3 class=\"wp-block-heading\"> Proteger un libro sin contrase\u00f1a<\/h3>\n<p> Y si desea proteger un libro sin contrase\u00f1a, debe ignorar el argumento \u00abContrase\u00f1a\u00bb, como en el siguiente c\u00f3digo.<\/p>\n<pre class=\"wp-block-code\"> <code class=\"language-visual-basic\" lang=\"visual-basic\">Workbooks(\"Book1\").Protect<\/code><\/pre>\n<p> Si intenta proteger un libro sin contrase\u00f1a que ya est\u00e1 protegido con contrase\u00f1a, Excel mostrar\u00e1 un cuadro de di\u00e1logo para ingresar esa contrase\u00f1a.<\/p>\n<h2 class=\"wp-block-heading\"> Desproteger un libro con una contrase\u00f1a<\/h2>\n<p> De la misma manera, puede usar el m\u00e9todo de desprotecci\u00f3n para desproteger el libro de trabajo y el c\u00f3digo se ver\u00eda as\u00ed a continuaci\u00f3n.<\/p>\n<pre class=\"wp-block-code\"> <code class=\"language-visual-basic\" lang=\"visual-basic\">Workbooks(\"Book1\").Unprotect \"test123\"<\/code><\/pre>\n<p> Hay una cosa de la que debe ocuparse si intenta desproteger un libro de trabajo que no est\u00e1<\/p>\n<h3 class=\"wp-block-heading\"> Desproteger un libro sin contrase\u00f1a<\/h3>\n<p> Y si un libro est\u00e1 protegido sin contrase\u00f1a, puede usar el mismo m\u00e9todo sin especificar el argumento de contrase\u00f1a.<\/p>\n<h2 class=\"wp-block-heading\"> Proteger todos los libros abiertos<\/h2>\n<p> En el c\u00f3digo siguiente, tenemos <a href=\"https:\/\/exceladvisor.org\/es\/para-el-bucle\/\">un bucle FOR CADA<\/a> para recorrer todos los libros abiertos y proteger cada libro uno por uno utilizando el mismo m\u00e9todo de protecci\u00f3n.<\/p>\n<pre class=\"wp-block-code\"> <code class=\"language-visual-basic\" lang=\"visual-basic\">'variable to use as a workbook Dim wb As Workbook 'loop through all the open workbooks For Each wb In Application.Workbooks 'condition to check workbook name If wb.Name &lt;&gt; \"PERSONAL.XLSB\" Then 'protect every workbook with a password wb.Protect \"test123\" End If Next wb End Sub<\/code><\/pre>\n<p> Como estoy usando el libro de macros personal, utilic\u00e9 una <a href=\"https:\/\/exceladvisor.org\/es\/si-2\/\">declaraci\u00f3n IF THEN ELSE<\/a> para ignorar si el nombre del libro es \u00bb <a href=\"https:\/\/exceladvisor.org\/es\/cuaderno-macro-personal\/\">personal.xlsb<\/a> \u00ab. Tambi\u00e9n aseg\u00farate de cuidarlo.<\/p>\n<h2 class=\"wp-block-heading\"> Proteger un libro cerrado<\/h2>\n<p> Tambi\u00e9n puede proteger y desproteger un libro cerrado guardado en una ubicaci\u00f3n. Mire el siguiente c\u00f3digo donde utilic\u00e9 la ubicaci\u00f3n de mi escritorio para usar el archivo \u00abtest.xlsx\u00bb.<\/p>\n<pre class=\"wp-block-code\"> <code class=\"language-visual-basic\" lang=\"visual-basic\">Sub vba_protect_workbook() 'declare varibale to use for the workbook Dim wb As Workbook 'open the workbook that you want to protect Set wb = Workbooks.Open(\"C:UsersDellDesktoptest.xlsx\") 'turn off the screen-updating to _ done everything in the backend Application.ScreenUpdating = False 'protect the workbook wb.Protect 'close the workbook after protecting wb.Close SaveChanges = True 'turn off the screen-updating Application.ScreenUpdating = True End Sub<\/code><\/pre>\n<p> El c\u00f3digo anterior utiliz\u00f3 el m\u00e9todo Workbook.Open para abrir el libro que desea proteger y luego deshabilite la actualizaci\u00f3n de pantalla para que funcione en el backend.<\/p>\n<h2 class=\"wp-block-heading\"> Proteger todos los libros cerrados en una carpeta<\/h2>\n<p> El siguiente c\u00f3digo recorre todos los libros que se encuentran en la carpeta que especific\u00f3 como ruta. Y luego abre cada carpeta, prot\u00e9gela y ci\u00e9rrala una por una.<\/p>\n<pre class=\"wp-block-code\"> <code class=\"language-visual-basic\" lang=\"visual-basic\">Sub vba_protect_all_the_workbooks() 'declare variables Dim wb As Workbook Dim myPath As String Dim myFile As String Dim myExtension As String Dim FldrPicker As FileDialog 'optimize macro Application.ScreenUpdating = False Application.EnableEvents = False Application.Calculation = xlCalculationManual 'specify the folder where workbooks are saved myPath = \"C:UsersDellDesktopfolder\" 'jump to reset setting if there's an error On Error GoTo ResetSettings 'target file fxtension (must include wildcard \"*\") myExtension = \"*.xls*\" 'target path myFile = Dir(myPath &amp; myExtension) 'Loop through each Excel file in folder Do While myFile &lt;&gt; \"\" 'Set variable equal to opened workbook Set wb = Workbooks.Open(Filename:=myPath &amp; myFile) 'protect workbook wb.Protect 'Save and Close Workbook wb.Close SaveChanges:=True 'Get next file name myFile = Dir Loop 'Message Box when task is completed MsgBox \"Done!\" 'reset setting that were change for optimization ResetSettings: Application.EnableEvents = True Application.Calculation = xlCalculationAutomatic Application.ScreenUpdating = True End Sub<\/code><\/pre>\n<div class=\"gb-container gb-container-4db6181c gb-container-mt\"> <a class=\"gb-button gb-button-c5897111 gb-button-text gb-button-mt-button\" href=\"https:\/\/exceladvisor.org\/es\/vba\/\">\u00bfQu\u00e9 es VBA?<\/a><\/p>\n<h2 class=\"gb-headline gb-headline-665e5f6b gb-headline-text gb-headline-mt-heading\"> Tutoriales relacionados <\/h2>\n<div class=\"gb-grid-wrapper gb-grid-wrapper-a20baf7c gb-grid-wrapper-mt-grid\">\n<div class=\"gb-grid-column gb-grid-column-65ddf67e\">\n<div class=\"gb-container gb-container-65ddf67e\">\n<ul>\n<li> <a href=\"https:\/\/exceladvisor.org\/es\/copiar-archivo-excel\/\">Copie un archivo de Excel (libro de trabajo) usando VBA<\/a><\/li>\n<li> <a href=\"https:\/\/exceladvisor.org\/es\/activar-libro-de-trabajo\/\">VBA Activar libro de trabajo (archivo Excel)<\/a><\/li>\n<li> <a href=\"https:\/\/exceladvisor.org\/es\/cerrar-el-libro-de-trabajo\/\">VBA Cerrar libro de trabajo (archivo Excel)<\/a><\/li>\n<li> <a href=\"https:\/\/exceladvisor.org\/es\/combinar-libros-de-trabajo\/\">Combinar libros de trabajo de VBA (archivos Excel)<\/a><\/li>\n<li> <a href=\"https:\/\/exceladvisor.org\/es\/crear-un-libro-de-trabajo\/\">VBA Crear un nuevo libro de trabajo (archivo Excel)<\/a><\/li>\n<\/ul>\n<\/div>\n<\/div>\n<\/div>\n<\/div>\n","protected":false},"excerpt":{"rendered":"<p>Para proteger un libro de trabajo, debe utilizar el m\u00e9todo PROTECT de VBA. Con este m\u00e9todo, puede usar una contrase\u00f1a o incluso habilitar la protecci\u00f3n del libro sin contrase\u00f1a. Pero hay una cosa que debes tener en cuenta para la contrase\u00f1a que utilices, que distingue entre may\u00fasculas y min\u00fasculas. Workbook.Protect \u00abPassword\u00bb Especifique el libro que [&hellip;]<\/p>\n","protected":false},"author":1,"featured_media":0,"parent":0,"menu_order":0,"comment_status":"open","ping_status":"closed","template":"","meta":{"ub_ctt_via":"","footnotes":""},"class_list":["post-99","page","type-page","status-publish","hentry"],"featured_image_src":null,"yoast_head":"<!-- This site is optimized with the Yoast SEO plugin v25.4 - https:\/\/yoast.com\/wordpress\/plugins\/seo\/ -->\n<title>\u00bfc\u00f3mo proteger un libro con vba?<\/title>\n<meta name=\"robots\" content=\"index, follow, max-snippet:-1, max-image-preview:large, max-video-preview:-1\" \/>\n<link rel=\"canonical\" href=\"https:\/\/exceladvisor.org\/es\/proteger-el-libro-de-trabajo\/\" \/>\n<meta property=\"og:locale\" content=\"es_ES\" \/>\n<meta property=\"og:type\" content=\"article\" \/>\n<meta property=\"og:title\" content=\"\u00bfc\u00f3mo proteger un libro con vba?\" \/>\n<meta property=\"og:description\" content=\"Para proteger un libro de trabajo, debe utilizar el m\u00e9todo PROTECT de VBA. Con este m\u00e9todo, puede usar una contrase\u00f1a o incluso habilitar la protecci\u00f3n del libro sin contrase\u00f1a. Pero hay una cosa que debes tener en cuenta para la contrase\u00f1a que utilices, que distingue entre may\u00fasculas y min\u00fasculas. Workbook.Protect &quot;Password&quot; Especifique el libro que [&hellip;]\" \/>\n<meta property=\"og:url\" content=\"https:\/\/exceladvisor.org\/es\/proteger-el-libro-de-trabajo\/\" \/>\n<meta property=\"og:site_name\" content=\"Excel Advisor\" \/>\n<meta property=\"article:modified_time\" content=\"2023-12-25T10:26:45+00:00\" \/>\n<meta property=\"og:image\" content=\"https:\/\/exceladvisor.org\/wp-content\/uploads\/2023\/08\/1-il-verrouille-le-classeur-book1.png\" \/>\n<meta name=\"twitter:card\" content=\"summary_large_image\" \/>\n<meta name=\"twitter:label1\" content=\"Tiempo de lectura\" \/>\n\t<meta name=\"twitter:data1\" content=\"4 minutos\" \/>\n<script type=\"application\/ld+json\" class=\"yoast-schema-graph\">{\"@context\":\"https:\/\/schema.org\",\"@graph\":[{\"@type\":\"WebPage\",\"@id\":\"https:\/\/exceladvisor.org\/es\/proteger-el-libro-de-trabajo\/\",\"url\":\"https:\/\/exceladvisor.org\/es\/proteger-el-libro-de-trabajo\/\",\"name\":\"\u00bfc\u00f3mo proteger un libro con vba?\",\"isPartOf\":{\"@id\":\"https:\/\/exceladvisor.org\/es\/#website\"},\"primaryImageOfPage\":{\"@id\":\"https:\/\/exceladvisor.org\/es\/proteger-el-libro-de-trabajo\/#primaryimage\"},\"image\":{\"@id\":\"https:\/\/exceladvisor.org\/es\/proteger-el-libro-de-trabajo\/#primaryimage\"},\"thumbnailUrl\":\"https:\/\/exceladvisor.org\/wp-content\/uploads\/2023\/08\/1-il-verrouille-le-classeur-book1.png\",\"datePublished\":\"2023-11-16T13:22:32+00:00\",\"dateModified\":\"2023-12-25T10:26:45+00:00\",\"breadcrumb\":{\"@id\":\"https:\/\/exceladvisor.org\/es\/proteger-el-libro-de-trabajo\/#breadcrumb\"},\"inLanguage\":\"es\",\"potentialAction\":[{\"@type\":\"ReadAction\",\"target\":[\"https:\/\/exceladvisor.org\/es\/proteger-el-libro-de-trabajo\/\"]}]},{\"@type\":\"ImageObject\",\"inLanguage\":\"es\",\"@id\":\"https:\/\/exceladvisor.org\/es\/proteger-el-libro-de-trabajo\/#primaryimage\",\"url\":\"https:\/\/exceladvisor.org\/wp-content\/uploads\/2023\/08\/1-il-verrouille-le-classeur-book1.png\",\"contentUrl\":\"https:\/\/exceladvisor.org\/wp-content\/uploads\/2023\/08\/1-il-verrouille-le-classeur-book1.png\"},{\"@type\":\"BreadcrumbList\",\"@id\":\"https:\/\/exceladvisor.org\/es\/proteger-el-libro-de-trabajo\/#breadcrumb\",\"itemListElement\":[{\"@type\":\"ListItem\",\"position\":1,\"name\":\"Hogar\",\"item\":\"https:\/\/exceladvisor.org\/es\/\"},{\"@type\":\"ListItem\",\"position\":2,\"name\":\"\u00bfc\u00f3mo proteger un libro con vba?\"}]},{\"@type\":\"WebSite\",\"@id\":\"https:\/\/exceladvisor.org\/es\/#website\",\"url\":\"https:\/\/exceladvisor.org\/es\/\",\"name\":\"Excel Advisor\",\"description\":\"Su gu\u00eda para la dominaci\u00f3n de datos!\",\"publisher\":{\"@id\":\"https:\/\/exceladvisor.org\/es\/#organization\"},\"potentialAction\":[{\"@type\":\"SearchAction\",\"target\":{\"@type\":\"EntryPoint\",\"urlTemplate\":\"https:\/\/exceladvisor.org\/es\/?s={search_term_string}\"},\"query-input\":{\"@type\":\"PropertyValueSpecification\",\"valueRequired\":true,\"valueName\":\"search_term_string\"}}],\"inLanguage\":\"es\"},{\"@type\":\"Organization\",\"@id\":\"https:\/\/exceladvisor.org\/es\/#organization\",\"name\":\"Excel Advisor\",\"url\":\"https:\/\/exceladvisor.org\/es\/\",\"logo\":{\"@type\":\"ImageObject\",\"inLanguage\":\"es\",\"@id\":\"https:\/\/exceladvisor.org\/es\/#\/schema\/logo\/image\/\",\"url\":\"https:\/\/exceladvisor.org\/es\/wp-content\/uploads\/2023\/12\/exceladvisor.org_.png\",\"contentUrl\":\"https:\/\/exceladvisor.org\/es\/wp-content\/uploads\/2023\/12\/exceladvisor.org_.png\",\"width\":105,\"height\":36,\"caption\":\"Excel Advisor\"},\"image\":{\"@id\":\"https:\/\/exceladvisor.org\/es\/#\/schema\/logo\/image\/\"}}]}<\/script>\n<!-- \/ Yoast SEO plugin. -->","yoast_head_json":{"title":"\u00bfc\u00f3mo proteger un libro con vba?","robots":{"index":"index","follow":"follow","max-snippet":"max-snippet:-1","max-image-preview":"max-image-preview:large","max-video-preview":"max-video-preview:-1"},"canonical":"https:\/\/exceladvisor.org\/es\/proteger-el-libro-de-trabajo\/","og_locale":"es_ES","og_type":"article","og_title":"\u00bfc\u00f3mo proteger un libro con vba?","og_description":"Para proteger un libro de trabajo, debe utilizar el m\u00e9todo PROTECT de VBA. Con este m\u00e9todo, puede usar una contrase\u00f1a o incluso habilitar la protecci\u00f3n del libro sin contrase\u00f1a. Pero hay una cosa que debes tener en cuenta para la contrase\u00f1a que utilices, que distingue entre may\u00fasculas y min\u00fasculas. Workbook.Protect \"Password\" Especifique el libro que [&hellip;]","og_url":"https:\/\/exceladvisor.org\/es\/proteger-el-libro-de-trabajo\/","og_site_name":"Excel Advisor","article_modified_time":"2023-12-25T10:26:45+00:00","og_image":[{"url":"https:\/\/exceladvisor.org\/wp-content\/uploads\/2023\/08\/1-il-verrouille-le-classeur-book1.png","type":"","width":"","height":""}],"twitter_card":"summary_large_image","twitter_misc":{"Tiempo de lectura":"4 minutos"},"schema":{"@context":"https:\/\/schema.org","@graph":[{"@type":"WebPage","@id":"https:\/\/exceladvisor.org\/es\/proteger-el-libro-de-trabajo\/","url":"https:\/\/exceladvisor.org\/es\/proteger-el-libro-de-trabajo\/","name":"\u00bfc\u00f3mo proteger un libro con vba?","isPartOf":{"@id":"https:\/\/exceladvisor.org\/es\/#website"},"primaryImageOfPage":{"@id":"https:\/\/exceladvisor.org\/es\/proteger-el-libro-de-trabajo\/#primaryimage"},"image":{"@id":"https:\/\/exceladvisor.org\/es\/proteger-el-libro-de-trabajo\/#primaryimage"},"thumbnailUrl":"https:\/\/exceladvisor.org\/wp-content\/uploads\/2023\/08\/1-il-verrouille-le-classeur-book1.png","datePublished":"2023-11-16T13:22:32+00:00","dateModified":"2023-12-25T10:26:45+00:00","breadcrumb":{"@id":"https:\/\/exceladvisor.org\/es\/proteger-el-libro-de-trabajo\/#breadcrumb"},"inLanguage":"es","potentialAction":[{"@type":"ReadAction","target":["https:\/\/exceladvisor.org\/es\/proteger-el-libro-de-trabajo\/"]}]},{"@type":"ImageObject","inLanguage":"es","@id":"https:\/\/exceladvisor.org\/es\/proteger-el-libro-de-trabajo\/#primaryimage","url":"https:\/\/exceladvisor.org\/wp-content\/uploads\/2023\/08\/1-il-verrouille-le-classeur-book1.png","contentUrl":"https:\/\/exceladvisor.org\/wp-content\/uploads\/2023\/08\/1-il-verrouille-le-classeur-book1.png"},{"@type":"BreadcrumbList","@id":"https:\/\/exceladvisor.org\/es\/proteger-el-libro-de-trabajo\/#breadcrumb","itemListElement":[{"@type":"ListItem","position":1,"name":"Hogar","item":"https:\/\/exceladvisor.org\/es\/"},{"@type":"ListItem","position":2,"name":"\u00bfc\u00f3mo proteger un libro con vba?"}]},{"@type":"WebSite","@id":"https:\/\/exceladvisor.org\/es\/#website","url":"https:\/\/exceladvisor.org\/es\/","name":"Excel Advisor","description":"Su gu\u00eda para la dominaci\u00f3n de datos!","publisher":{"@id":"https:\/\/exceladvisor.org\/es\/#organization"},"potentialAction":[{"@type":"SearchAction","target":{"@type":"EntryPoint","urlTemplate":"https:\/\/exceladvisor.org\/es\/?s={search_term_string}"},"query-input":{"@type":"PropertyValueSpecification","valueRequired":true,"valueName":"search_term_string"}}],"inLanguage":"es"},{"@type":"Organization","@id":"https:\/\/exceladvisor.org\/es\/#organization","name":"Excel Advisor","url":"https:\/\/exceladvisor.org\/es\/","logo":{"@type":"ImageObject","inLanguage":"es","@id":"https:\/\/exceladvisor.org\/es\/#\/schema\/logo\/image\/","url":"https:\/\/exceladvisor.org\/es\/wp-content\/uploads\/2023\/12\/exceladvisor.org_.png","contentUrl":"https:\/\/exceladvisor.org\/es\/wp-content\/uploads\/2023\/12\/exceladvisor.org_.png","width":105,"height":36,"caption":"Excel Advisor"},"image":{"@id":"https:\/\/exceladvisor.org\/es\/#\/schema\/logo\/image\/"}}]}},"yoast_meta":{"yoast_wpseo_title":"","yoast_wpseo_metadesc":"","yoast_wpseo_canonical":""},"_links":{"self":[{"href":"https:\/\/exceladvisor.org\/es\/wp-json\/wp\/v2\/pages\/99","targetHints":{"allow":["GET"]}}],"collection":[{"href":"https:\/\/exceladvisor.org\/es\/wp-json\/wp\/v2\/pages"}],"about":[{"href":"https:\/\/exceladvisor.org\/es\/wp-json\/wp\/v2\/types\/page"}],"author":[{"embeddable":true,"href":"https:\/\/exceladvisor.org\/es\/wp-json\/wp\/v2\/users\/1"}],"replies":[{"embeddable":true,"href":"https:\/\/exceladvisor.org\/es\/wp-json\/wp\/v2\/comments?post=99"}],"version-history":[{"count":1,"href":"https:\/\/exceladvisor.org\/es\/wp-json\/wp\/v2\/pages\/99\/revisions"}],"predecessor-version":[{"id":1159,"href":"https:\/\/exceladvisor.org\/es\/wp-json\/wp\/v2\/pages\/99\/revisions\/1159"}],"wp:attachment":[{"href":"https:\/\/exceladvisor.org\/es\/wp-json\/wp\/v2\/media?parent=99"}],"curies":[{"name":"wp","href":"https:\/\/api.w.org\/{rel}","templated":true}]}}