{"id":1482,"date":"2023-11-25T01:04:18","date_gmt":"2023-11-25T01:04:18","guid":{"rendered":"https:\/\/exceladvisor.org\/it\/un\/"},"modified":"2023-12-10T06:12:33","modified_gmt":"2023-12-10T06:12:33","slug":"un","status":"publish","type":"page","link":"https:\/\/exceladvisor.org\/it\/","title":{"rendered":""},"content":{"rendered":"<div class=\"excel-prima-del-contenuto\" id=\"excel-2369853102\"><script type=\"text\/javascript\">\r\n\tatOptions = {\r\n\t\t'key' : 'c1158f160081d6540a8409e6925dab94',\r\n\t\t'format' : 'iframe',\r\n\t\t'height' : 250,\r\n\t\t'width' : 300,\r\n\t\t'params' : {}\r\n\t};\r\n<\/script>\r\n<script type=\"text\/javascript\" src=\"\/\/www.highperformanceformat.com\/c1158f160081d6540a8409e6925dab94\/invoke.js\"><\/script><\/div> <h1>Benvenuti in Excel Advisor<\/h1>\n<p style=\"text-align: justify;\">Microsoft Excel \u00e8 incredibilmente utile nella vita quotidiana per varie attivit\u00e0. \u00c8 un foglio di calcolo versatile che consente alle persone di organizzare e gestire i dati in modo efficace.<\/p>\n<p style=\"text-align: justify;\">Dalla creazione di budget, al monitoraggio delle spese e alla gestione delle finanze personali, all&#8217;analisi dei dati aziendali, alla generazione di grafici e alla creazione di pianificazioni, Excel fornisce una potente piattaforma per l&#8217;organizzazione e l&#8217;analisi dei dati.<\/p>\n<p style=\"text-align: justify;\">Le sue formule, funzioni e opzioni di formattazione lo rendono uno strumento indispensabile per professionisti, studenti e chiunque desideri semplificare le proprie attivit\u00e0 relative ai dati, consentendo loro di prendere decisioni informate e migliorare la propria produttivit\u00e0 nella vita quotidiana.<\/p>\n<p style=\"text-align: justify;\">Scopri tutti gli elementi essenziali per padroneggiare Microsoft Excel nella tua vita professionale o personale.<\/p>\n\n<h3>COME USARE EXCEL<\/h3>\n<div class=\"wp-block-group more-tutorials is-layout-flow\">\n<div class=\"wp-block-group__inner-container\">\n<div class=\"wp-block-columns is-layout-flex wp-container-51\">\n<div class=\"wp-block-column is-layout-flow\">\n<ul>\n \t<li><a href=\"https:\/\/exceladvisor.org\/it\/timestamp\/\">Inserisci un timestamp in Excel<\/a><\/li>\n \t<li><a href=\"https:\/\/exceladvisor.org\/it\/segno-di-spunta-2\/\">Controlla il simbolo in Excel<\/a><\/li>\n \t<li><a href=\"https:\/\/exceladvisor.org\/it\/vantaggi-di-microsoft-excel\/\">Vantaggi di Microsoft Excel<\/a><\/li>\n \t<li><a href=\"https:\/\/exceladvisor.org\/it\/formato-del-numero-contabile\/\">Formato del numero contabile<\/a><\/li>\n \t<li><a href=\"https:\/\/exceladvisor.org\/it\/colore-delle-cellule\/\">Colore di sfondo di una cella<\/a><\/li>\n \t<li><a href=\"https:\/\/exceladvisor.org\/it\/scrivere-in-verticale\/\">Digita verticalmente in Excel<\/a><\/li>\n \t<li><a href=\"https:\/\/exceladvisor.org\/it\/scambiare-la-cella\/\">Scambia rapidamente due celle<\/a><\/li>\n \t<li><a href=\"https:\/\/exceladvisor.org\/it\/creare-lintestazione-della-prima-riga\/\">Crea un&#8217;intestazione della prima riga<\/a><\/li>\n<\/ul>\n<\/div>\n<div class=\"wp-block-column is-layout-flow\">\n<ul>\n \t<li><a href=\"https:\/\/exceladvisor.org\/it\/barra-delle-formule-excel\/\">Barra della formula in Excel<\/a><\/li>\n \t<li><a href=\"https:\/\/exceladvisor.org\/it\/barra-di-accesso-rapido\/\">Barra di accesso rapido in Excel<\/a><\/li>\n \t<li><a href=\"https:\/\/exceladvisor.org\/it\/aggiungi-filigrana\/\">Aggiungi una filigrana in Excel<\/a><\/li>\n \t<li><a href=\"https:\/\/exceladvisor.org\/it\/aggiungi-un-numero-di-pagina\/\">Aggiungi un numero di pagina in Excel<\/a><\/li>\n \t<li><a href=\"https:\/\/exceladvisor.org\/it\/paragrafo-in-una-cella\/\">Crea un paragrafo in una cella<\/a><\/li>\n \t<li><a href=\"https:\/\/exceladvisor.org\/it\/confine\/\">Aggiungi un bordo in Excel<\/a><\/li>\n \t<li><a href=\"https:\/\/exceladvisor.org\/it\/cambiare-il-colore-del-bordo\/\">Cambia il colore del bordo<\/a><\/li>\n \t<li><a href=\"https:\/\/exceladvisor.org\/it\/unire-le-celle-senza-perdere-dati\/\">Unisci le celle in Excel<\/a><\/li>\n<\/ul>\n<\/div>\n<\/div>\n<\/div>\n<\/div>\n<h3>TUTORIAL AVANZATI SU EXCEL<\/h3>\n<div class=\"wp-block-group more-tutorials is-layout-flow\">\n<div class=\"wp-block-group__inner-container\">\n<div class=\"wp-block-columns is-layout-flex wp-container-51\">\n<div class=\"wp-block-column is-layout-flow\">\n<ul>\n \t<li><a href=\"https:\/\/exceladvisor.org\/it\/aggiungere-un-codice-a-barre\/\">Aggiungi un codice a barre in Excel<\/a><\/li>\n \t<li><a href=\"https:\/\/exceladvisor.org\/it\/elenco-dinamico\/\">Elenco a discesa dinamico in Excel<\/a><\/li>\n \t<li><a href=\"https:\/\/exceladvisor.org\/it\/svuotare-la-cache\/\">Svuota la cache in Excel<\/a><\/li>\n \t<li><a href=\"https:\/\/exceladvisor.org\/it\/applicare-piu-filtri\/\">Applica pi\u00f9 filtri alle colonne<\/a><\/li>\n \t<li><a href=\"https:\/\/exceladvisor.org\/it\/filtra-per-colore\/\">Filtra per colore in Excel<\/a><\/li>\n \t<li><a href=\"https:\/\/exceladvisor.org\/it\/trova-le-celle-unite\/\">Trova celle unite<\/a><\/li>\n \t<li><a href=\"https:\/\/exceladvisor.org\/it\/rimuovere-i-trattini\/\">Rimuovere i trattini in Excel<\/a><\/li>\n \t<li><a href=\"https:\/\/exceladvisor.org\/it\/sola-lettura\/\">Rendi di sola lettura in Excel<\/a><\/li>\n<\/ul>\n<\/div>\n<div class=\"wp-block-column is-layout-flow\">\n<ul>\n \t<li><a href=\"https:\/\/exceladvisor.org\/it\/casella-di-controllo\/\">Inserisci una casella di controllo in Excel<\/a><\/li>\n \t<li><a href=\"https:\/\/exceladvisor.org\/it\/strumento-di-analisi-rapida\/\">Strumento di analisi rapida in Excel<\/a><\/li>\n \t<li><a href=\"https:\/\/exceladvisor.org\/it\/stampare-i-titoli\/\">Stampa titoli in Excel<\/a><\/li>\n \t<li><a href=\"https:\/\/exceladvisor.org\/it\/carta-millimetrata\/\">Stampa carta millimetrata in Excel<\/a><\/li>\n \t<li><a href=\"https:\/\/exceladvisor.org\/it\/rinominare-la-tabella\/\">Rinominare una tabella in Excel<\/a><\/li>\n \t<li><a href=\"https:\/\/exceladvisor.org\/it\/cellule-grigie\/\">Celle grigie in Excel<\/a><\/li>\n \t<li><a href=\"https:\/\/exceladvisor.org\/it\/bloccare-le-celle-1\/\">Blocca celle in Excel<\/a><\/li>\n \t<li><a href=\"https:\/\/exceladvisor.org\/it\/disabilitare-il-salvataggio-automatico\/\">Disattiva il salvataggio automatico<\/a><\/li>\n<\/ul>\n<\/div>\n<\/div>\n<\/div>\n<\/div>\n<h3>ELENCO FORMULE EXCEL<\/h3>\n<div class=\"wp-block-group more-tutorials is-layout-flow\">\n<div class=\"wp-block-group__inner-container\">\n<div class=\"wp-block-columns is-layout-flex wp-container-51\">\n<div class=\"wp-block-column is-layout-flow\">\n<ul>\n \t<li><a href=\"https:\/\/exceladvisor.org\/it\/conteggi-contese-o-logici\/\">Logica OR in CONTA.SE<\/a><\/li>\n \t<li><a href=\"https:\/\/exceladvisor.org\/it\/trimestre\/\">Trimestre da una data in Excel<\/a><\/li>\n \t<li><a href=\"https:\/\/exceladvisor.org\/it\/contare-tra-due-numeri\/\">Contare tra due numeri<\/a><\/li>\n \t<li><a href=\"https:\/\/exceladvisor.org\/it\/numero-di-celle-vuote\/\">Contare le celle vuote in Excel<\/a><\/li>\n \t<li><a href=\"https:\/\/exceladvisor.org\/it\/aggiungi-sottrai-una-percentuale-da-un-numero\/\">Variazione percentuale in Excel<\/a><\/li>\n \t<li><a href=\"https:\/\/exceladvisor.org\/it\/mese-compreso-tra-due-date\/\">Mese tra due date in Excel<\/a><\/li>\n \t<li><a href=\"https:\/\/exceladvisor.org\/it\/sommario-anno-2\/\">Somma dei valori in base all&#8217;anno<\/a><\/li>\n \t<li><a href=\"https:\/\/exceladvisor.org\/it\/contare-le-parole\/\">Contare le parole in Excel<\/a><\/li>\n<\/ul>\n<\/div>\n<div class=\"wp-block-column is-layout-flow\">\n<ul>\n \t<li><a href=\"https:\/\/exceladvisor.org\/it\/calcolare-la-differenza-oraria\/\">Differenza di tempo in Excel<\/a><\/li>\n \t<li><a href=\"https:\/\/exceladvisor.org\/it\/concatenare-uninterruzione-di-riga\/\">Concatenazione di Excel con interruzione di riga<\/a><\/li>\n \t<li><a href=\"https:\/\/exceladvisor.org\/it\/timestamp\/\">Inserisci un timestamp in Excel<\/a><\/li>\n \t<li><a href=\"https:\/\/exceladvisor.org\/it\/contare-caratteri-specifici\/\">Conta caratteri specifici<\/a><\/li>\n \t<li><a href=\"https:\/\/exceladvisor.org\/it\/confrontare-due-celle\/\">Confronta due celle in Excel<\/a><\/li>\n \t<li><a href=\"https:\/\/exceladvisor.org\/it\/iniziare-con-2\/\">SE il valore di una cella inizia con<\/a><\/li>\n \t<li><a href=\"https:\/\/exceladvisor.org\/it\/xcerca-tutte-le-corrispondenze-2\/\">Restituisce tutte le corrispondenze<\/a><\/li>\n \t<li><a href=\"https:\/\/exceladvisor.org\/it\/nome-del-mese-al-numero-2\/\">Converti il nome del mese in numero<\/a><\/li>\n<\/ul>\n<\/div>\n<\/div>\n<\/div>\n<\/div>\n<h3>OPERAZIONI MATEMATICHE<\/h3>\n<div class=\"wp-block-group more-tutorials is-layout-flow\">\n<div class=\"wp-block-group__inner-container\">\n<div class=\"wp-block-columns is-layout-flex wp-container-51\">\n<div class=\"wp-block-column is-layout-flow\">\n<ul>\n \t<li><a href=\"https:\/\/exceladvisor.org\/it\/ennesima-radice-2\/\">Calcola la radice ennesima<\/a><\/li>\n \t<li><a href=\"https:\/\/exceladvisor.org\/it\/percentuale-arrotondata-2\/\">Valori percentuali arrotondati<\/a><\/li>\n \t<li><a href=\"https:\/\/exceladvisor.org\/it\/la-media-esclude-gli-zeri-2\/\">Numero medio ma esclusi gli zeri<\/a><\/li>\n \t<li><a href=\"https:\/\/exceladvisor.org\/it\/media-ponderata\/\">Calcolare la media ponderata<\/a><\/li>\n \t<li><a href=\"https:\/\/exceladvisor.org\/it\/rapporto\/\">Calcola rapidamente il rapporto<\/a><\/li>\n \t<li><a href=\"https:\/\/exceladvisor.org\/it\/radice-quadrata\/\">Calcola la radice quadrata in Excel<\/a><\/li>\n \t<li><a href=\"https:\/\/exceladvisor.org\/it\/radice-quadrata-2\/\">Calcola la radice cubica in Excel<\/a><\/li>\n<\/ul>\n<\/div>\n<div class=\"wp-block-column is-layout-flow\">\n<ul>\n \t<li><a href=\"https:\/\/exceladvisor.org\/it\/coefficiente-di-variazione\/\">Calcolare il coefficiente di variazione<\/a><\/li>\n \t<li><a href=\"https:\/\/exceladvisor.org\/it\/media-delle-celle-non-vuote-2\/\">Celle medie non vuote<\/a><\/li>\n \t<li><a href=\"https:\/\/exceladvisor.org\/it\/tempo-medio-2\/\">Media dei valori temporali<\/a><\/li>\n \t<li><a href=\"https:\/\/exceladvisor.org\/it\/valore-piu-piccolo-2\/\">Trova il valore pi\u00f9 piccolo<\/a><\/li>\n \t<li><a href=\"https:\/\/exceladvisor.org\/it\/numeri-piu-frequenti\/\">Ottieni il numero pi\u00f9 frequente<\/a><\/li>\n \t<li><a href=\"https:\/\/exceladvisor.org\/it\/la-media-esclude-gli-zeri-2\/\">Numero medio ma esclusi gli zeri<\/a><\/li>\n \t<li><a href=\"https:\/\/exceladvisor.org\/it\/differenza-percentuale\/\">Calcola la varianza percentuale<\/a><\/li>\n<\/ul>\n<\/div>\n<\/div>\n<\/div>\n<\/div>\n<h3>VISUAL BASIC PER LE OPERAZIONI (VBA)<\/h3>\n<div class=\"wp-block-group more-tutorials is-layout-flow\">\n<div class=\"wp-block-group__inner-container\">\n<div class=\"wp-block-columns is-layout-flex wp-container-51\">\n<div class=\"wp-block-column is-layout-flow\">\n<ul>\n \t<li><a href=\"https:\/\/exceladvisor.org\/it\/variabili\/\">Variabili VBA<\/a><\/li>\n \t<li><a href=\"https:\/\/exceladvisor.org\/it\/eseguire-una-macro-2\/\">Esegui una macro tramite VBA<\/a><\/li>\n \t<li><a href=\"https:\/\/exceladvisor.org\/it\/casella-msg-vba\/\">Finestra di messaggio VBA (MsgBox)<\/a><\/li>\n \t<li><a href=\"https:\/\/exceladvisor.org\/it\/contare-le-foglie\/\">COUNT fogli utilizzando VBA<\/a><\/li>\n \t<li><a href=\"https:\/\/exceladvisor.org\/it\/cella-attiva-1\/\">Utilizza ActiveCell in VBA<\/a><\/li>\n \t<li><a href=\"https:\/\/exceladvisor.org\/it\/costanti\/\">VBA costante<\/a><\/li>\n \t<li><a href=\"https:\/\/exceladvisor.org\/it\/vai-a-1\/\">GoTo Dichiarazione VBA<\/a><\/li>\n<\/ul>\n<\/div>\n<div class=\"wp-block-column is-layout-flow\">\n<ul>\n \t<li><a href=\"https:\/\/exceladvisor.org\/it\/funzioni\/\">Principali funzioni VBA<\/a><\/li>\n \t<li><a href=\"https:\/\/exceladvisor.org\/it\/registrare-una-macro\/\">Registra una macro tramite VBA<\/a><\/li>\n \t<li><a href=\"https:\/\/exceladvisor.org\/it\/gestione-degli-errori\/\">Gestione degli errori VBA<\/a><\/li>\n \t<li><a href=\"https:\/\/exceladvisor.org\/it\/eliminare-un-foglio-1\/\">ELIMINA fogli utilizzando VBA<\/a><\/li>\n \t<li><a href=\"https:\/\/exceladvisor.org\/it\/gamma-utilizzata\/\">Propriet\u00e0 UsedRange in VBA<\/a><\/li>\n \t<li><a href=\"https:\/\/exceladvisor.org\/it\/debole\/\">Dichiarazione VBA debole<\/a><\/li>\n \t<li><a href=\"https:\/\/exceladvisor.org\/it\/loop\/\">Cicli VBA<\/a><\/li>\n<\/ul>\n<\/div>\n<\/div>\n<\/div>\n<\/div>\n<h3>IMPORTANTI MATERIALI EXCEL<\/h3>\n<div class=\"wp-block-group more-tutorials is-layout-flow\">\n<div class=\"wp-block-group__inner-container\">\n<div class=\"wp-block-columns is-layout-flex wp-container-51\">\n<div class=\"wp-block-column is-layout-flow\">\n<ul>\n \t<li><a href=\"https:\/\/exceladvisor.org\/it\/tasti-rapidi\/\">Scorciatoie da tastiera di Excel<\/a><\/li>\n \t<li><a href=\"https:\/\/exceladvisor.org\/it\/modello-di-gestione-dellinventario-moduli-utente-excel-vba\/\">Modello Excel per la gestione dell&#8217;inventario<\/a><\/li>\n \t<li><a href=\"https:\/\/exceladvisor.org\/it\/tabella-pivot\/\">Crea una tabella pivot<\/a><\/li>\n \t<li><a href=\"https:\/\/exceladvisor.org\/it\/grafici-excel\/\">Tipi di grafici in Excel<\/a><\/li>\n \t<li><a href=\"https:\/\/exceladvisor.org\/it\/eccellere-per-i-contabili\/\">Excel per commercialisti<\/a><\/li>\n \t<li><a href=\"https:\/\/exceladvisor.org\/it\/consiglio\/\">Ultimi suggerimenti e trucchi per Excel<\/a><\/li>\n<\/ul>\n<\/div>\n<div class=\"wp-block-column is-layout-flow\">\n<ul>\n \t<li><a href=\"https:\/\/exceladvisor.org\/it\/rapporto-delle-vendite\/\">Rapporto sulle vendite in Excel<\/a><\/li>\n \t<li><a href=\"https:\/\/exceladvisor.org\/it\/richiesta-di-potenza\/\">Esercitazione su POWER QUERY di Excel<\/a><\/li>\n \t<li><a href=\"https:\/\/exceladvisor.org\/it\/concatenare-un-intervallo-di-celle\/\">Concatena un intervallo di celle<\/a><\/li>\n \t<li><a href=\"https:\/\/exceladvisor.org\/it\/formattazione-condizionale\/\">Formattazione condizionale<\/a><\/li>\n \t<li><a href=\"https:\/\/exceladvisor.org\/it\/aggiungi-al-tuo-cv\/\">Competenza CV Excel<\/a><\/li>\n \t<li><a href=\"https:\/\/exceladvisor.org\/it\/funzioni-di-excel\/\">Varie utili funzioni Excel<\/a><\/li>\n<\/ul>\n<\/div>\n<\/div>\n<\/div>\n<\/div>","protected":false},"excerpt":{"rendered":"","protected":false},"author":1,"featured_media":0,"parent":0,"menu_order":0,"comment_status":"closed","ping_status":"closed","template":"","meta":{"ub_ctt_via":"","footnotes":""},"class_list":["post-1482","page","type-page","status-publish","hentry"],"featured_image_src":null,"yoast_head":"<!-- This site is optimized with the Yoast SEO plugin v25.4 - https:\/\/yoast.com\/wordpress\/plugins\/seo\/ -->\n<title>Excel Advisor: la tua guida al dominio dei dati<\/title>\n<meta name=\"description\" content=\"Excel Advisor aiuta migliaia di utenti a imparare Excel ogni mese utilizzando alcuni dei trucchi e suggerimenti pi\u00f9 utili,\" \/>\n<meta name=\"robots\" content=\"index, follow, max-snippet:-1, max-image-preview:large, max-video-preview:-1\" \/>\n<link rel=\"canonical\" href=\"https:\/\/exceladvisor.org\/it\/\" \/>\n<meta property=\"og:locale\" content=\"it_IT\" \/>\n<meta property=\"og:type\" content=\"article\" \/>\n<meta property=\"og:title\" content=\"Excel Advisor: la tua guida al dominio dei dati\" \/>\n<meta property=\"og:description\" content=\"Excel Advisor aiuta migliaia di utenti a imparare Excel ogni mese utilizzando alcuni dei trucchi e suggerimenti pi\u00f9 utili,\" \/>\n<meta property=\"og:url\" content=\"https:\/\/exceladvisor.org\/it\/\" \/>\n<meta property=\"og:site_name\" content=\"Excel Advisor\" \/>\n<meta property=\"article:modified_time\" content=\"2023-12-10T06:12:33+00:00\" \/>\n<meta name=\"twitter:card\" content=\"summary_large_image\" \/>\n<meta name=\"twitter:label1\" content=\"Tempo di lettura stimato\" \/>\n\t<meta name=\"twitter:data1\" content=\"3 minuti\" \/>\n<script type=\"application\/ld+json\" class=\"yoast-schema-graph\">{\"@context\":\"https:\/\/schema.org\",\"@graph\":[{\"@type\":\"WebPage\",\"@id\":\"https:\/\/exceladvisor.org\/it\/\",\"url\":\"https:\/\/exceladvisor.org\/it\/\",\"name\":\"Excel Advisor: la tua guida al dominio dei dati\",\"isPartOf\":{\"@id\":\"https:\/\/exceladvisor.org\/it\/#website\"},\"datePublished\":\"2023-11-25T01:04:18+00:00\",\"dateModified\":\"2023-12-10T06:12:33+00:00\",\"description\":\"Excel Advisor aiuta migliaia di utenti a imparare Excel ogni mese utilizzando alcuni dei trucchi e suggerimenti pi\u00f9 utili,\",\"inLanguage\":\"it-IT\",\"potentialAction\":[{\"@type\":\"ReadAction\",\"target\":[\"https:\/\/exceladvisor.org\/it\/\"]}]},{\"@type\":\"WebSite\",\"@id\":\"https:\/\/exceladvisor.org\/it\/#website\",\"url\":\"https:\/\/exceladvisor.org\/it\/\",\"name\":\"Excel Advisor\",\"description\":\"Tips, Tricks, and Time-Saving Hacks\",\"publisher\":{\"@id\":\"https:\/\/exceladvisor.org\/it\/#organization\"},\"potentialAction\":[{\"@type\":\"SearchAction\",\"target\":{\"@type\":\"EntryPoint\",\"urlTemplate\":\"https:\/\/exceladvisor.org\/it\/?s={search_term_string}\"},\"query-input\":{\"@type\":\"PropertyValueSpecification\",\"valueRequired\":true,\"valueName\":\"search_term_string\"}}],\"inLanguage\":\"it-IT\"},{\"@type\":\"Organization\",\"@id\":\"https:\/\/exceladvisor.org\/it\/#organization\",\"name\":\"Excel Advisor\",\"url\":\"https:\/\/exceladvisor.org\/it\/\",\"logo\":{\"@type\":\"ImageObject\",\"inLanguage\":\"it-IT\",\"@id\":\"https:\/\/exceladvisor.org\/it\/#\/schema\/logo\/image\/\",\"url\":\"https:\/\/exceladvisor.org\/it\/wp-content\/uploads\/2023\/12\/exceladvisor.org_.png\",\"contentUrl\":\"https:\/\/exceladvisor.org\/it\/wp-content\/uploads\/2023\/12\/exceladvisor.org_.png\",\"width\":105,\"height\":36,\"caption\":\"Excel Advisor\"},\"image\":{\"@id\":\"https:\/\/exceladvisor.org\/it\/#\/schema\/logo\/image\/\"}}]}<\/script>\n<!-- \/ Yoast SEO plugin. -->","yoast_head_json":{"title":"Excel Advisor: la tua guida al dominio dei dati","description":"Excel Advisor aiuta migliaia di utenti a imparare Excel ogni mese utilizzando alcuni dei trucchi e suggerimenti pi\u00f9 utili,","robots":{"index":"index","follow":"follow","max-snippet":"max-snippet:-1","max-image-preview":"max-image-preview:large","max-video-preview":"max-video-preview:-1"},"canonical":"https:\/\/exceladvisor.org\/it\/","og_locale":"it_IT","og_type":"article","og_title":"Excel Advisor: la tua guida al dominio dei dati","og_description":"Excel Advisor aiuta migliaia di utenti a imparare Excel ogni mese utilizzando alcuni dei trucchi e suggerimenti pi\u00f9 utili,","og_url":"https:\/\/exceladvisor.org\/it\/","og_site_name":"Excel Advisor","article_modified_time":"2023-12-10T06:12:33+00:00","twitter_card":"summary_large_image","twitter_misc":{"Tempo di lettura stimato":"3 minuti"},"schema":{"@context":"https:\/\/schema.org","@graph":[{"@type":"WebPage","@id":"https:\/\/exceladvisor.org\/it\/","url":"https:\/\/exceladvisor.org\/it\/","name":"Excel Advisor: la tua guida al dominio dei dati","isPartOf":{"@id":"https:\/\/exceladvisor.org\/it\/#website"},"datePublished":"2023-11-25T01:04:18+00:00","dateModified":"2023-12-10T06:12:33+00:00","description":"Excel Advisor aiuta migliaia di utenti a imparare Excel ogni mese utilizzando alcuni dei trucchi e suggerimenti pi\u00f9 utili,","inLanguage":"it-IT","potentialAction":[{"@type":"ReadAction","target":["https:\/\/exceladvisor.org\/it\/"]}]},{"@type":"WebSite","@id":"https:\/\/exceladvisor.org\/it\/#website","url":"https:\/\/exceladvisor.org\/it\/","name":"Excel Advisor","description":"Tips, Tricks, and Time-Saving Hacks","publisher":{"@id":"https:\/\/exceladvisor.org\/it\/#organization"},"potentialAction":[{"@type":"SearchAction","target":{"@type":"EntryPoint","urlTemplate":"https:\/\/exceladvisor.org\/it\/?s={search_term_string}"},"query-input":{"@type":"PropertyValueSpecification","valueRequired":true,"valueName":"search_term_string"}}],"inLanguage":"it-IT"},{"@type":"Organization","@id":"https:\/\/exceladvisor.org\/it\/#organization","name":"Excel Advisor","url":"https:\/\/exceladvisor.org\/it\/","logo":{"@type":"ImageObject","inLanguage":"it-IT","@id":"https:\/\/exceladvisor.org\/it\/#\/schema\/logo\/image\/","url":"https:\/\/exceladvisor.org\/it\/wp-content\/uploads\/2023\/12\/exceladvisor.org_.png","contentUrl":"https:\/\/exceladvisor.org\/it\/wp-content\/uploads\/2023\/12\/exceladvisor.org_.png","width":105,"height":36,"caption":"Excel Advisor"},"image":{"@id":"https:\/\/exceladvisor.org\/it\/#\/schema\/logo\/image\/"}}]}},"yoast_meta":{"yoast_wpseo_title":"","yoast_wpseo_metadesc":"","yoast_wpseo_canonical":""},"_links":{"self":[{"href":"https:\/\/exceladvisor.org\/it\/wp-json\/wp\/v2\/pages\/1482","targetHints":{"allow":["GET"]}}],"collection":[{"href":"https:\/\/exceladvisor.org\/it\/wp-json\/wp\/v2\/pages"}],"about":[{"href":"https:\/\/exceladvisor.org\/it\/wp-json\/wp\/v2\/types\/page"}],"author":[{"embeddable":true,"href":"https:\/\/exceladvisor.org\/it\/wp-json\/wp\/v2\/users\/1"}],"replies":[{"embeddable":true,"href":"https:\/\/exceladvisor.org\/it\/wp-json\/wp\/v2\/comments?post=1482"}],"version-history":[{"count":1,"href":"https:\/\/exceladvisor.org\/it\/wp-json\/wp\/v2\/pages\/1482\/revisions"}],"predecessor-version":[{"id":2222,"href":"https:\/\/exceladvisor.org\/it\/wp-json\/wp\/v2\/pages\/1482\/revisions\/2222"}],"wp:attachment":[{"href":"https:\/\/exceladvisor.org\/it\/wp-json\/wp\/v2\/media?parent=1482"}],"curies":[{"name":"wp","href":"https:\/\/api.w.org\/{rel}","templated":true}]}}