{"id":1485,"date":"2023-11-22T08:15:52","date_gmt":"2023-11-22T08:15:52","guid":{"rendered":"https:\/\/exceladvisor.org\/it\/grafici-excel\/"},"modified":"2023-12-10T06:28:40","modified_gmt":"2023-12-10T06:28:40","slug":"grafici-excel","status":"publish","type":"page","link":"https:\/\/exceladvisor.org\/it\/grafici-excel\/","title":{"rendered":"Tipi di grafici in excel"},"content":{"rendered":"<div class=\"excel-prima-del-contenuto\" id=\"excel-3764947374\"><script type=\"text\/javascript\">\r\n\tatOptions = {\r\n\t\t'key' : 'c1158f160081d6540a8409e6925dab94',\r\n\t\t'format' : 'iframe',\r\n\t\t'height' : 250,\r\n\t\t'width' : 300,\r\n\t\t'params' : {}\r\n\t};\r\n<\/script>\r\n<script type=\"text\/javascript\" src=\"\/\/www.highperformanceformat.com\/c1158f160081d6540a8409e6925dab94\/invoke.js\"><\/script><\/div> <p>Microsoft Excel offre una variet\u00e0 di tipi di grafici che \u00e8 possibile utilizzare per rappresentare visivamente i dati. Ecco alcuni dei tipi pi\u00f9 comuni di grafici disponibili in Excel:<\/p><h2> Tipo di grafici Excel <\/h2><p><img loading=\"lazy\" decoding=\"async\" class=\"alignnone size-full wp-image-13432\" src=\"https:\/\/exceladvisor.org\/wp-content\/uploads\/2023\/11\/Type-de-graphiques-Excel.jpg\" alt=\"Tipo di grafici Excel\" width=\"2050\" height=\"1177\" srcset=\"https:\/\/exceladvisor.org\/wp-content\/uploads\/2023\/11\/Type-de-graphiques-Excel.jpg 2050w, https:\/\/exceladvisor.org\/wp-content\/uploads\/2023\/11\/Type-de-graphiques-Excel-300x172.jpg 300w, https:\/\/exceladvisor.org\/wp-content\/uploads\/2023\/11\/Type-de-graphiques-Excel-1024x588.jpg 1024w, https:\/\/exceladvisor.org\/wp-content\/uploads\/2023\/11\/Type-de-graphiques-Excel-768x441.jpg 768w, https:\/\/exceladvisor.org\/wp-content\/uploads\/2023\/11\/Type-de-graphiques-Excel-1536x882.jpg 1536w, https:\/\/exceladvisor.org\/wp-content\/uploads\/2023\/11\/Type-de-graphiques-Excel-2048x1176.jpg 2048w\" sizes=\"auto, (max-width: 2050px) 100vw, 2050px\"><\/p><h3> Grafico a colonne:<\/h3><ul><li> Visualizza i dati in colonne verticali. Adatto per confrontare valori di diverse categorie.<\/li><\/ul><h3> Grafico a barre:<\/h3><ul><li> Simile a un istogramma ma visualizza i dati in barre orizzontali.<\/li><li> Utile per confrontare valori di diverse categorie.<\/li><\/ul><h3> Grafico in linea:<\/h3><ul><li> Rappresenta punti dati con linee, utili per mostrare le tendenze in un periodo di tempo.<\/li><li> Comunemente utilizzato per i dati delle serie temporali.<\/li><\/ul><h3> Diagramma circolare:<\/h3><ul><li> Visualizza i dati come sezioni di un grafico a torta.<\/li><li> Adatto per mostrare la proporzione delle parti rispetto al tutto.<\/li><\/ul><h3> Tavolo ciambella:<\/h3><ul><li> Simile a un grafico a torta ma con un buco al centro.<\/li><li> Utile per confrontare le proporzioni tra pi\u00f9 serie di dati.<\/li><\/ul><h3> Grafico ad area:<\/h3><ul><li> Simile a un grafico a linee ma riempie l&#8217;area sotto la linea.<\/li><li> Utile per visualizzare il totale parziale di una quantit\u00e0 nel tempo.<\/li><\/ul><h3> Una nuvola di punti:<\/h3><ul><li> Visualizza i singoli punti dati su un grafico bidimensionale.<\/li><li> Utile per mostrare le relazioni tra due variabili.<\/li><\/ul><h3> Grafico a bolle:<\/h3><ul><li> Simile a un grafico a dispersione ma include una terza dimensione, rappresentata dalla dimensione delle bolle.<\/li><li> Utile per visualizzare tre insiemi di dati.<\/li><\/ul><h3> Mappa radar:<\/h3><ul><li> Visualizza i punti dati su una griglia circolare.<\/li><li> Utile per confrontare pi\u00f9 set di dati in diverse categorie.<\/li><\/ul><h3> Grafico azionario:<\/h3><ul><li> Appositamente progettato per visualizzare i dati del mercato azionario, mostrando i prezzi alti, bassi, di apertura e di chiusura nel tempo.<\/li><\/ul><h3> Grafico dell&#8217;area:<\/h3><ul><li> Rappresenta i dati in un formato tridimensionale, utile per visualizzare le relazioni tra tre insiemi di dati.<\/li><\/ul><h3> Grafico combinato:<\/h3><ul><li> Ti consente di combinare diversi tipi di grafici sullo stesso grafico.<\/li><\/ul><h3> Istogramma:<\/h3><ul><li> Rappresenta la distribuzione dei dati in un set.<\/li><li> Utile per visualizzare la frequenza dei dati in intervalli predefiniti.<\/li><\/ul><h3> Diagramma di Gantt:<\/h3><ul><li> Visualizza una sequenza temporale del progetto, mostrando le attivit\u00e0 e le relative dipendenze nel tempo.<\/li><\/ul><h3> Grafico a cascata:<\/h3><ul><li> Illustra come un valore iniziale \u00e8 influenzato da una serie di valori intermedi positivi o negativi.<\/li><\/ul><p> Per creare un grafico in Excel, seleziona i tuoi dati, vai alla scheda \u201cInserisci\u201d e scegli il tipo di grafico pi\u00f9 adatto alle tue esigenze. Excel generer\u00e0 quindi un grafico basato sui tuoi dati.<\/p><h2> Guide illustrative per grafici Excel<\/h2><ul><li> <a style=\"outline: none;\" href=\"https:\/\/exceladvisor.org\/it\/grafica-della-cialda\/\">Crea un TABELLA WAFFLE in Excel<\/a><\/li><li> <a style=\"outline: none;\" href=\"https:\/\/exceladvisor.org\/it\/copiare-il-formato-del-grafico\/\">Copia il formato del grafico<\/a><\/li><li> <a style=\"outline: none;\" href=\"https:\/\/exceladvisor.org\/it\/grafico-a-imbuto\/\">Grafico a imbuto in Excel<\/a><\/li><li> <a style=\"outline: none;\" href=\"https:\/\/exceladvisor.org\/it\/diagramma-di-gantt\/\">Diagramma di Gantt in Excel<\/a><\/li><li> <a style=\"outline: none;\" href=\"https:\/\/exceladvisor.org\/it\/aggiungi-una-linea-orizzontale\/\">Linea orizzontale in un grafico in Excel<\/a><\/li><li> <a style=\"outline: none;\" href=\"https:\/\/exceladvisor.org\/it\/aggiungi-una-linea-verticale\/\">Linea verticale in un grafico in Excel<\/a><\/li><li> <a style=\"outline: none;\" href=\"https:\/\/exceladvisor.org\/it\/tabellone-dei-proiettili\/\">Grafico puntato in Excel<\/a><\/li><li> <a style=\"outline: none;\" href=\"https:\/\/exceladvisor.org\/it\/intervallo-grafico-dinamico\/\">Intervallo del grafico dinamico in Excel<\/a><\/li><li> <a style=\"outline: none;\" href=\"https:\/\/exceladvisor.org\/it\/titolo-del-grafico-dinamico\/\">Titolo del grafico dinamico in Excel<\/a><\/li><li> <a style=\"outline: none;\" href=\"https:\/\/exceladvisor.org\/it\/mappa-di-calore\/\">Mappa termica in Excel<\/a><\/li><li> <a style=\"outline: none;\" href=\"https:\/\/exceladvisor.org\/it\/grafico-delle-tappe-fondamentali\/\">Tabella dei passaggi in Excel<\/a><\/li><li> <a style=\"outline: none;\" href=\"https:\/\/exceladvisor.org\/it\/diagramma-piramidale\/\">Grafico a piramide della popolazione in Excel<\/a><\/li><li> <a style=\"outline: none;\" href=\"https:\/\/exceladvisor.org\/it\/tabella-dei-passaggi\/\">Tabella dei passaggi in Excel<\/a><\/li><\/ul><ul><li> <a style=\"outline: none;\" href=\"https:\/\/exceladvisor.org\/it\/grafico-del-tornado\/\">Grafico Tornado in Excel<\/a><\/li><li> <a style=\"outline: none;\" href=\"https:\/\/exceladvisor.org\/it\/grafica-interattiva\/\">Grafici interattivi in Excel<\/a><\/li><li> <a style=\"outline: none;\" href=\"https:\/\/exceladvisor.org\/it\/grafico-delle-persone\/\">Grafico delle persone in Excel<\/a><\/li><li> <a style=\"outline: none;\" href=\"https:\/\/exceladvisor.org\/it\/grafica-avanzata\/\">Grafici Excel avanzati<\/a><\/li><li> <a style=\"outline: none;\" href=\"https:\/\/exceladvisor.org\/it\/asse-secondario\/\" data-wpil=\"url\">Aggiungi un asse secondario a un grafico in Excel<\/a><\/li><li> <a style=\"outline: none;\" href=\"https:\/\/exceladvisor.org\/it\/istogramma\/\">Istogramma in Excel<\/a><\/li><li> <a style=\"outline: none;\" href=\"https:\/\/exceladvisor.org\/it\/pittogramma\/\">Pittogramma in Excel<\/a><\/li><li> <a style=\"outline: none;\" href=\"https:\/\/exceladvisor.org\/it\/tachimetro\/\" data-wpil=\"url\">Grafico del TACHIMETRO in Excel<\/a><\/li><li> <a style=\"outline: none;\" href=\"https:\/\/exceladvisor.org\/it\/tavolo-termometro\/\">Tabella del termometro in Excel<\/a><\/li><li> <a href=\"https:\/\/exceladvisor.org\/it\/tabella-pivot-2\/\">Tabella pivot in Excel<\/a><\/li><\/ul>","protected":false},"excerpt":{"rendered":"","protected":false},"author":1,"featured_media":0,"parent":0,"menu_order":0,"comment_status":"open","ping_status":"closed","template":"","meta":{"ub_ctt_via":"","footnotes":""},"class_list":["post-1485","page","type-page","status-publish","hentry"],"featured_image_src":null,"yoast_head":"<!-- This site is optimized with the Yoast SEO plugin v25.4 - https:\/\/yoast.com\/wordpress\/plugins\/seo\/ -->\n<title>\u25b7 Tipi di grafici in Excel (Guida completa 2023)<\/title>\n<meta name=\"description\" content=\"Microsoft Excel offre una variet\u00e0 di tipi di grafici che \u00e8 possibile utilizzare per rappresentare visivamente i dati.\" \/>\n<meta name=\"robots\" content=\"index, follow, max-snippet:-1, max-image-preview:large, max-video-preview:-1\" \/>\n<link rel=\"canonical\" href=\"https:\/\/exceladvisor.org\/it\/grafici-excel\/\" \/>\n<meta property=\"og:locale\" content=\"it_IT\" \/>\n<meta property=\"og:type\" content=\"article\" \/>\n<meta property=\"og:title\" content=\"\u25b7 Tipi di grafici in Excel (Guida completa 2023)\" \/>\n<meta property=\"og:description\" content=\"Microsoft Excel offre una variet\u00e0 di tipi di grafici che \u00e8 possibile utilizzare per rappresentare visivamente i dati.\" \/>\n<meta property=\"og:url\" content=\"https:\/\/exceladvisor.org\/it\/grafici-excel\/\" \/>\n<meta property=\"og:site_name\" content=\"Excel Advisor\" \/>\n<meta property=\"article:modified_time\" content=\"2023-12-10T06:28:40+00:00\" \/>\n<meta property=\"og:image\" content=\"https:\/\/exceladvisor.org\/wp-content\/uploads\/2023\/11\/Type-de-graphiques-Excel.jpg\" \/>\n<meta name=\"twitter:card\" content=\"summary_large_image\" \/>\n<meta name=\"twitter:label1\" content=\"Tempo di lettura stimato\" \/>\n\t<meta name=\"twitter:data1\" content=\"3 minuti\" \/>\n<script type=\"application\/ld+json\" class=\"yoast-schema-graph\">{\"@context\":\"https:\/\/schema.org\",\"@graph\":[{\"@type\":\"WebPage\",\"@id\":\"https:\/\/exceladvisor.org\/it\/grafici-excel\/\",\"url\":\"https:\/\/exceladvisor.org\/it\/grafici-excel\/\",\"name\":\"\u25b7 Tipi di grafici in Excel (Guida completa 2023)\",\"isPartOf\":{\"@id\":\"https:\/\/exceladvisor.org\/it\/#website\"},\"primaryImageOfPage\":{\"@id\":\"https:\/\/exceladvisor.org\/it\/grafici-excel\/#primaryimage\"},\"image\":{\"@id\":\"https:\/\/exceladvisor.org\/it\/grafici-excel\/#primaryimage\"},\"thumbnailUrl\":\"https:\/\/exceladvisor.org\/wp-content\/uploads\/2023\/11\/Type-de-graphiques-Excel.jpg\",\"datePublished\":\"2023-11-22T08:15:52+00:00\",\"dateModified\":\"2023-12-10T06:28:40+00:00\",\"description\":\"Microsoft Excel offre una variet\u00e0 di tipi di grafici che \u00e8 possibile utilizzare per rappresentare visivamente i dati.\",\"breadcrumb\":{\"@id\":\"https:\/\/exceladvisor.org\/it\/grafici-excel\/#breadcrumb\"},\"inLanguage\":\"it-IT\",\"potentialAction\":[{\"@type\":\"ReadAction\",\"target\":[\"https:\/\/exceladvisor.org\/it\/grafici-excel\/\"]}]},{\"@type\":\"ImageObject\",\"inLanguage\":\"it-IT\",\"@id\":\"https:\/\/exceladvisor.org\/it\/grafici-excel\/#primaryimage\",\"url\":\"https:\/\/exceladvisor.org\/wp-content\/uploads\/2023\/11\/Type-de-graphiques-Excel.jpg\",\"contentUrl\":\"https:\/\/exceladvisor.org\/wp-content\/uploads\/2023\/11\/Type-de-graphiques-Excel.jpg\"},{\"@type\":\"BreadcrumbList\",\"@id\":\"https:\/\/exceladvisor.org\/it\/grafici-excel\/#breadcrumb\",\"itemListElement\":[{\"@type\":\"ListItem\",\"position\":1,\"name\":\"Home\",\"item\":\"https:\/\/exceladvisor.org\/it\/\"},{\"@type\":\"ListItem\",\"position\":2,\"name\":\"Tipi di grafici in excel\"}]},{\"@type\":\"WebSite\",\"@id\":\"https:\/\/exceladvisor.org\/it\/#website\",\"url\":\"https:\/\/exceladvisor.org\/it\/\",\"name\":\"Excel Advisor\",\"description\":\"Tips, Tricks, and Time-Saving Hacks\",\"publisher\":{\"@id\":\"https:\/\/exceladvisor.org\/it\/#organization\"},\"potentialAction\":[{\"@type\":\"SearchAction\",\"target\":{\"@type\":\"EntryPoint\",\"urlTemplate\":\"https:\/\/exceladvisor.org\/it\/?s={search_term_string}\"},\"query-input\":{\"@type\":\"PropertyValueSpecification\",\"valueRequired\":true,\"valueName\":\"search_term_string\"}}],\"inLanguage\":\"it-IT\"},{\"@type\":\"Organization\",\"@id\":\"https:\/\/exceladvisor.org\/it\/#organization\",\"name\":\"Excel Advisor\",\"url\":\"https:\/\/exceladvisor.org\/it\/\",\"logo\":{\"@type\":\"ImageObject\",\"inLanguage\":\"it-IT\",\"@id\":\"https:\/\/exceladvisor.org\/it\/#\/schema\/logo\/image\/\",\"url\":\"https:\/\/exceladvisor.org\/it\/wp-content\/uploads\/2023\/12\/exceladvisor.org_.png\",\"contentUrl\":\"https:\/\/exceladvisor.org\/it\/wp-content\/uploads\/2023\/12\/exceladvisor.org_.png\",\"width\":105,\"height\":36,\"caption\":\"Excel Advisor\"},\"image\":{\"@id\":\"https:\/\/exceladvisor.org\/it\/#\/schema\/logo\/image\/\"}}]}<\/script>\n<!-- \/ Yoast SEO plugin. -->","yoast_head_json":{"title":"\u25b7 Tipi di grafici in Excel (Guida completa 2023)","description":"Microsoft Excel offre una variet\u00e0 di tipi di grafici che \u00e8 possibile utilizzare per rappresentare visivamente i dati.","robots":{"index":"index","follow":"follow","max-snippet":"max-snippet:-1","max-image-preview":"max-image-preview:large","max-video-preview":"max-video-preview:-1"},"canonical":"https:\/\/exceladvisor.org\/it\/grafici-excel\/","og_locale":"it_IT","og_type":"article","og_title":"\u25b7 Tipi di grafici in Excel (Guida completa 2023)","og_description":"Microsoft Excel offre una variet\u00e0 di tipi di grafici che \u00e8 possibile utilizzare per rappresentare visivamente i dati.","og_url":"https:\/\/exceladvisor.org\/it\/grafici-excel\/","og_site_name":"Excel Advisor","article_modified_time":"2023-12-10T06:28:40+00:00","og_image":[{"url":"https:\/\/exceladvisor.org\/wp-content\/uploads\/2023\/11\/Type-de-graphiques-Excel.jpg","type":"","width":"","height":""}],"twitter_card":"summary_large_image","twitter_misc":{"Tempo di lettura stimato":"3 minuti"},"schema":{"@context":"https:\/\/schema.org","@graph":[{"@type":"WebPage","@id":"https:\/\/exceladvisor.org\/it\/grafici-excel\/","url":"https:\/\/exceladvisor.org\/it\/grafici-excel\/","name":"\u25b7 Tipi di grafici in Excel (Guida completa 2023)","isPartOf":{"@id":"https:\/\/exceladvisor.org\/it\/#website"},"primaryImageOfPage":{"@id":"https:\/\/exceladvisor.org\/it\/grafici-excel\/#primaryimage"},"image":{"@id":"https:\/\/exceladvisor.org\/it\/grafici-excel\/#primaryimage"},"thumbnailUrl":"https:\/\/exceladvisor.org\/wp-content\/uploads\/2023\/11\/Type-de-graphiques-Excel.jpg","datePublished":"2023-11-22T08:15:52+00:00","dateModified":"2023-12-10T06:28:40+00:00","description":"Microsoft Excel offre una variet\u00e0 di tipi di grafici che \u00e8 possibile utilizzare per rappresentare visivamente i dati.","breadcrumb":{"@id":"https:\/\/exceladvisor.org\/it\/grafici-excel\/#breadcrumb"},"inLanguage":"it-IT","potentialAction":[{"@type":"ReadAction","target":["https:\/\/exceladvisor.org\/it\/grafici-excel\/"]}]},{"@type":"ImageObject","inLanguage":"it-IT","@id":"https:\/\/exceladvisor.org\/it\/grafici-excel\/#primaryimage","url":"https:\/\/exceladvisor.org\/wp-content\/uploads\/2023\/11\/Type-de-graphiques-Excel.jpg","contentUrl":"https:\/\/exceladvisor.org\/wp-content\/uploads\/2023\/11\/Type-de-graphiques-Excel.jpg"},{"@type":"BreadcrumbList","@id":"https:\/\/exceladvisor.org\/it\/grafici-excel\/#breadcrumb","itemListElement":[{"@type":"ListItem","position":1,"name":"Home","item":"https:\/\/exceladvisor.org\/it\/"},{"@type":"ListItem","position":2,"name":"Tipi di grafici in excel"}]},{"@type":"WebSite","@id":"https:\/\/exceladvisor.org\/it\/#website","url":"https:\/\/exceladvisor.org\/it\/","name":"Excel Advisor","description":"Tips, Tricks, and Time-Saving Hacks","publisher":{"@id":"https:\/\/exceladvisor.org\/it\/#organization"},"potentialAction":[{"@type":"SearchAction","target":{"@type":"EntryPoint","urlTemplate":"https:\/\/exceladvisor.org\/it\/?s={search_term_string}"},"query-input":{"@type":"PropertyValueSpecification","valueRequired":true,"valueName":"search_term_string"}}],"inLanguage":"it-IT"},{"@type":"Organization","@id":"https:\/\/exceladvisor.org\/it\/#organization","name":"Excel Advisor","url":"https:\/\/exceladvisor.org\/it\/","logo":{"@type":"ImageObject","inLanguage":"it-IT","@id":"https:\/\/exceladvisor.org\/it\/#\/schema\/logo\/image\/","url":"https:\/\/exceladvisor.org\/it\/wp-content\/uploads\/2023\/12\/exceladvisor.org_.png","contentUrl":"https:\/\/exceladvisor.org\/it\/wp-content\/uploads\/2023\/12\/exceladvisor.org_.png","width":105,"height":36,"caption":"Excel Advisor"},"image":{"@id":"https:\/\/exceladvisor.org\/it\/#\/schema\/logo\/image\/"}}]}},"yoast_meta":{"yoast_wpseo_title":"","yoast_wpseo_metadesc":"","yoast_wpseo_canonical":""},"_links":{"self":[{"href":"https:\/\/exceladvisor.org\/it\/wp-json\/wp\/v2\/pages\/1485","targetHints":{"allow":["GET"]}}],"collection":[{"href":"https:\/\/exceladvisor.org\/it\/wp-json\/wp\/v2\/pages"}],"about":[{"href":"https:\/\/exceladvisor.org\/it\/wp-json\/wp\/v2\/types\/page"}],"author":[{"embeddable":true,"href":"https:\/\/exceladvisor.org\/it\/wp-json\/wp\/v2\/users\/1"}],"replies":[{"embeddable":true,"href":"https:\/\/exceladvisor.org\/it\/wp-json\/wp\/v2\/comments?post=1485"}],"version-history":[{"count":1,"href":"https:\/\/exceladvisor.org\/it\/wp-json\/wp\/v2\/pages\/1485\/revisions"}],"predecessor-version":[{"id":2963,"href":"https:\/\/exceladvisor.org\/it\/wp-json\/wp\/v2\/pages\/1485\/revisions\/2963"}],"wp:attachment":[{"href":"https:\/\/exceladvisor.org\/it\/wp-json\/wp\/v2\/media?parent=1485"}],"curies":[{"name":"wp","href":"https:\/\/api.w.org\/{rel}","templated":true}]}}