{"id":1486,"date":"2023-11-22T03:33:36","date_gmt":"2023-11-22T03:33:36","guid":{"rendered":"https:\/\/exceladvisor.org\/it\/vantaggi-di-microsoft-excel\/"},"modified":"2023-12-10T06:27:55","modified_gmt":"2023-12-10T06:27:55","slug":"vantaggi-di-microsoft-excel","status":"publish","type":"page","link":"https:\/\/exceladvisor.org\/it\/vantaggi-di-microsoft-excel\/","title":{"rendered":"I 10 principali vantaggi di microsoft excel"},"content":{"rendered":"<div class=\"excel-prima-del-contenuto\" id=\"excel-3011428138\"><script type=\"text\/javascript\">\r\n\tatOptions = {\r\n\t\t'key' : 'c1158f160081d6540a8409e6925dab94',\r\n\t\t'format' : 'iframe',\r\n\t\t'height' : 250,\r\n\t\t'width' : 300,\r\n\t\t'params' : {}\r\n\t};\r\n<\/script>\r\n<script type=\"text\/javascript\" src=\"\/\/www.highperformanceformat.com\/c1158f160081d6540a8409e6925dab94\/invoke.js\"><\/script><\/div> <p>Essendo l&#8217;applicazione per fogli di calcolo pi\u00f9 importante del pianeta, Microsoft Excel offre molti vantaggi a chiunque sappia come usarlo.<\/p><p> E se sei una di quelle persone <a href=\"https:\/\/exceladvisor.org\/it\/nozioni-di-base-su-excel\/\">che vogliono impararlo<\/a> e si chiedono come possa aiutarti nel tuo lavoro, qui ho elencato i dieci principali vantaggi di Microsoft Excel.<\/p><h2 class=\"wp-block-heading\"> 10 vantaggi di Microsoft Excel<\/h2><ol><li> Il modo migliore per archiviare i dati<\/li><li> \u00c8 possibile eseguire calcoli<\/li><li> Tutti gli strumenti di analisi dei dati<\/li><li> Semplici visualizzazioni dei dati con grafici<\/li><li> \u00c8 possibile stampare facilmente i report<\/li><li> Tanti modelli gratuiti da utilizzare<\/li><li> Puoi codificare per l&#8217;automa<\/li><li> Trasforma e pulisci i dati<\/li><li> Archivia dati con milioni di righe<\/li><li> Puoi lavorare con Excel online + applicazione mobile<\/li><\/ol><h3 class=\"wp-block-heading\"> 1. Il modo migliore per archiviare i dati<\/h3><p> Anche se non utilizzi nessuna delle opzioni o degli strumenti offerti da Excel, \u00e8 il modo migliore per archiviare i dati. Perch\u00e9 lo dico perch\u00e9 Excel \u00e8 un tipo di applicazione utilizzata da milioni di persone. <\/p><div class=\"wp-block-image\"><figure class=\"aligncenter size-large is-resized\"><img loading=\"lazy\" decoding=\"async\" class=\"wp-image-48570\" src=\"https:\/\/exceladvisor.org\/wp-content\/uploads\/2023\/08\/1-meilleure-facon-de-stocker-des-donnees.png\" sizes=\"auto, \" srcset=\"\" alt=\"Il modo migliore per archiviare i dati\" width=\"579\" height=\"108\"><\/figure><\/div><p> Pertanto, quando archivi i dati in Excel e poi li condividi con altri, questi possono accedervi facilmente.<\/p><h3 class=\"wp-block-heading\"> 2. Puoi fare calcoli<\/h3><p> Ci\u00f2 che rende Excel il miglior foglio di calcolo al mondo \u00e8 la sua capacit\u00e0 di eseguire calcoli. In Excel hai un elenco completo di funzioni che puoi utilizzare per i calcoli. <\/p><div class=\"wp-block-image\"><figure class=\"aligncenter size-large is-resized\"><img loading=\"lazy\" decoding=\"async\" class=\"wp-image-48571\" src=\"https:\/\/exceladvisor.org\/wp-content\/uploads\/2023\/08\/2-effectuer-des-calculs.png\" sizes=\"auto, \" srcset=\"\" alt=\"eseguire calcoli\" width=\"569\" height=\"141\"><\/figure><\/div><p> Fondamentalmente, una funzione di Excel \u00e8 una formula predefinita che restituisce un risultato specifico in base ai valori specificati.<\/p><p> Ma a parte questo, puoi anche creare le tue formule combinando due o pi\u00f9 funzioni o semplicemente eseguendo calcoli utilizzando gli operatori.<\/p><ul><li> <a href=\"https:\/\/exceladvisor.org\/it\/formule\/\">Elenco di oltre 100 formule Excel<\/a><\/li><li> <a href=\"https:\/\/exceladvisor.org\/it\/funzioni-di-excel\/\">Elenco di oltre 100 funzioni di Excel<\/a><\/li><\/ul><p> <em><strong>Formule rapide:<\/strong> <a href=\"https:\/\/exceladvisor.org\/it\/calcolare-la-differenza-oraria\/\">Calcola differenza temporale<\/a> \u2013 <a href=\"https:\/\/exceladvisor.org\/it\/interesse-composto\/\">Interesse composto<\/a> \u2013 <a href=\"https:\/\/exceladvisor.org\/it\/contare-le-celle-con-il-testo\/\">Conta celle con testo<\/a> \u2013 <a href=\"https:\/\/exceladvisor.org\/it\/contare-valori-univoci-1\/\">Conta valori univoci<\/a> \u2013 <a href=\"https:\/\/exceladvisor.org\/it\/trimestre\/\">Formula quarto<\/a><\/em><\/p><h3 class=\"wp-block-heading\"> 3. Tutti gli strumenti di analisi dei dati<\/h3><p> Il motivo principale per avere dati \u00e8 analizzarli e imparare da essi. La buona notizia \u00e8 che Excel dispone di alcuni degli strumenti pi\u00f9 potenti per analizzare i dati.<\/p><p> Immagina di avere dati con migliaia di righe, puoi inserire una tabella pivot da questi dati e creare una tabella di riepilogo. <\/p><div class=\"wp-block-image\"><figure class=\"aligncenter size-large is-resized\"><img loading=\"lazy\" decoding=\"async\" class=\"wp-image-48572\" src=\"https:\/\/exceladvisor.org\/wp-content\/uploads\/2023\/08\/3-analyses-ata.png\" sizes=\"auto, \" srcset=\"\" alt=\"analisi dei dati\" width=\"497\" height=\"270\"><\/figure><\/div><p> <em>Alcune delle cose che puoi fare con le tabelle pivot per analizzare i dati: <a href=\"https:\/\/exceladvisor.org\/it\/date-di-gruppo\/\">Raggruppamento di date in una tabella pivot<\/a> \u2013 <a href=\"https:\/\/exceladvisor.org\/it\/applicare-la-formattazione-condizionale\/\">Formattazione condizionale in una tabella pivot<\/a> \u2013 <a href=\"https:\/\/exceladvisor.org\/it\/colonna-dei-ranghi\/\">Classificazione della colonna in una tabella pivot<\/a> \u2013 <a href=\"https:\/\/exceladvisor.org\/it\/filtro-della-sequenza-temporale\/\">Aggiunta di una sequenza temporale di date a una tabella pivot tabella pivot<\/a> \u2013 <a href=\"https:\/\/exceladvisor.org\/it\/totale-cumulativo\/\">Esecuzione della colonna totale in una tabella pivot Tabella<\/a><\/em><\/p><h3 class=\"wp-block-heading\"> 4. Facile creare visualizzazioni di dati con grafici<\/h3><p> In Excel hai tutte queste opzioni per creare grafici e presentare visivamente i tuoi dati. Tutti questi principali tipi di grafici che devi utilizzare per presentare i tuoi dati sono gi\u00e0 presenti e puoi inserirli con un solo clic.<\/p><p> Se vai alla scheda Inserisci, nel gruppo Grafici, puoi trovare tutti i grafici che puoi inserire. <\/p><div class=\"wp-block-image\"><figure class=\"aligncenter size-large is-resized\"><img loading=\"lazy\" decoding=\"async\" class=\"wp-image-48573\" src=\"https:\/\/exceladvisor.org\/wp-content\/uploads\/2023\/08\/4-graphiques-de-visualisation-de-donnees.png\" sizes=\"auto, \" srcset=\"\" alt=\"grafico di visualizzazione dei dati\" width=\"531\" height=\"114\"><\/figure><\/div><p> Oltre a questo, c&#8217;\u00e8 anche un pulsante chiamato Grafici consigliati che puoi utilizzare per consentire a Microsoft Excel di consigliare il miglior grafico possibile da utilizzare per i dati presenti nel tuo foglio di calcolo. <\/p><div class=\"wp-block-image\"><figure class=\"aligncenter size-large is-resized\"><img loading=\"lazy\" decoding=\"async\" class=\"wp-image-48574\" src=\"https:\/\/exceladvisor.org\/wp-content\/uploads\/2023\/08\/5-insert-graphique.png\" sizes=\"auto, \" srcset=\"\" alt=\"inserire-grafico\" width=\"551\" height=\"424\"><\/figure><\/div><p> E se ritieni di aver bisogno di qualcosa di diverso dai grafici predefiniti, hai la possibilit\u00e0 di creare grafici avanzati utilizzando metodi specifici.<\/p><p> Qui abbiamo un elenco dei <a href=\"https:\/\/exceladvisor.org\/it\/grafica-avanzata\/\" target=\"_blank\" rel=\"noreferrer noopener\">10 migliori grafici Excel avanzati<\/a> che puoi utilizzare in Excel. E puoi anche creare grafici nelle celle per rendere i tuoi dati facilmente comprensibili a tutti.<\/p><h3 class=\"wp-block-heading\"> 5. \u00c8 possibile stampare facilmente i report<\/h3><p> Anche se sei una persona a cui piace salvare alberi, potresti dover stampare rapporti da condividere con altri o mostrarli a qualcuno.<\/p><p> Bene, Excel ti consente di stampare con molta personalizzazione in cui puoi modificare il margine, il formato della carta, l&#8217;orientamento, ecc. <\/p><div class=\"wp-block-image\"><figure class=\"aligncenter size-large is-resized\"><img loading=\"lazy\" decoding=\"async\" class=\"wp-image-48575\" src=\"https:\/\/exceladvisor.org\/wp-content\/uploads\/2023\/08\/6-impression-facile.png\" sizes=\"auto, \" srcset=\"\" alt=\"stampa facile\" width=\"368\" height=\"134\"><\/figure><\/div><p> Sono disponibili numerose opzioni che \u00e8 possibile utilizzare per il layout prima di stampare un report.<\/p><h3 class=\"wp-block-heading\"> 6. Tanti modelli gratuiti da utilizzare<\/h3><p> Una delle cose pi\u00f9 popolari di Excel \u00e8 che puoi creare dashboard e modelli. <\/p><div class=\"wp-block-image\"><figure class=\"aligncenter size-large is-resized\"><img loading=\"lazy\" decoding=\"async\" class=\"wp-image-48576\" src=\"https:\/\/exceladvisor.org\/wp-content\/uploads\/2023\/08\/7-utiliser-des-modeles.png\" sizes=\"auto, \" srcset=\"\" alt=\"utilizzare modelli\" width=\"654\" height=\"302\"><\/figure><\/div><p> Ci sono un sacco di modelli gratuiti che puoi scaricare e utilizzare. Modelli Excel gratuiti per iniziare<\/p><ul><li> <a href=\"https:\/\/exceladvisor.org\/it\/modello-di-gestione-dellinventario-moduli-utente-excel-vba\/\">Modello di inventario Excel con formule<\/a><\/li><li> <a href=\"https:\/\/exceladvisor.org\/it\/rapporto-delle-vendite\/\">Modello di vendita<\/a><\/li><li> <a href=\"https:\/\/exceladvisor.org\/it\/diagramma-di-gantt\/\">Monitoraggio delle spese<\/a><\/li><\/ul><h3 class=\"wp-block-heading\"> 7. Puoi codificare l&#8217;automa<\/h3><p> Microsoft Office ha il proprio linguaggio di codifica chiamato VBA (Visual Basic per le applicazioni) e ti consente di scrivere codice per quasi tutte le attivit\u00e0 che svolgi manualmente in Excel. <\/p><div class=\"wp-block-image\"><figure class=\"aligncenter size-large is-resized\"><img loading=\"lazy\" decoding=\"async\" class=\"wp-image-48577\" src=\"https:\/\/exceladvisor.org\/wp-content\/uploads\/2023\/08\/8-codes-vba.png\" sizes=\"auto, \" srcset=\"\" alt=\"codice vba\" width=\"661\" height=\"357\"><\/figure><\/div><p> Puoi automatizzare tutti i tipi di attivit\u00e0, dalle pi\u00f9 semplici (testo in grassetto) alle pi\u00f9 complesse (inserire una tabella pivot) utilizzando il codice VBA.<\/p><p> <strong>Inizia a imparare VBA<\/strong><\/p><ul><li> <a href=\"https:\/\/exceladvisor.org\/it\/vba\/\">Esercitazione VBA di Excel (guida capitolo per capitolo)<\/a><\/li><li> <a href=\"https:\/\/exceladvisor.org\/it\/se-2\/\">VBA SE<\/a><\/li><li> <a href=\"https:\/\/exceladvisor.org\/it\/casella-msg-vba\/\">Finestra di messaggio VBA<\/a><\/li><li> <a href=\"https:\/\/exceladvisor.org\/it\/quaderno-macro-personale\/\">Cartella di lavoro sulle macro personali<\/a><\/li><li> <a href=\"https:\/\/exceladvisor.org\/it\/funzioni\/\">Funzioni VBA<\/a><\/li><\/ul><p> Una volta apprese le basi di VBA, puoi anche creare una <a href=\"https:\/\/exceladvisor.org\/it\/funzione-definita-dallutente-2\/\">funzione personalizzata<\/a> scrivendo del codice.<\/p><h3 class=\"wp-block-heading\"> 8. Trasforma e pulisci i dati<\/h3><p> Se sei una di quelle persone che lavorano molto con i dati o conosci qualcuno che lo fa, ci sono molte situazioni in cui devi gestire dati disordinati che devi ripulire prima di utilizzarli.<\/p><p> Il processo di pulizia e trasformazione dei dati richiede molto tempo e pu\u00f2 essere un processo noioso.<\/p><p> Per questo, Microsoft ha introdotto Power Query, un motore di trasformazione e pulizia dei dati. Puoi caricare dati da pi\u00f9 origini, trasformarli e quindi ricaricarli nel foglio di calcolo. <\/p><div class=\"wp-block-image\"><figure class=\"aligncenter size-large is-resized\"><img loading=\"lazy\" decoding=\"async\" class=\"wp-image-48578\" src=\"https:\/\/exceladvisor.org\/wp-content\/uploads\/2023\/08\/9-transformer-des-donnees-propres.png\" sizes=\"auto, \" srcset=\"\" alt=\"trasformazione dei dati pulita\" width=\"650\" height=\"352\"><\/figure><\/div><p> Cosa rende PowerQuery uno strumento cos\u00ec potente? Dai un&#8217;occhiata a questa <a href=\"https:\/\/exceladvisor.org\/it\/richiesta-di-potenza\/\">guida completa a POWER QUERY<\/a> per capire.<\/p><h3 class=\"wp-block-heading\"> 9. Archivia dati con milioni di righe<\/h3><p> Bene, non esiste un limite di dati, ma Excel ha un limite in termini di righe e colonne. Ecco perch\u00e9 Microsoft ha creato Power Pivot con cui puoi archiviare dati con milioni di righe e quindi eseguire calcoli in Power Pivot. <\/p><div class=\"wp-block-image\"><figure class=\"aligncenter size-large is-resized\"><img loading=\"lazy\" decoding=\"async\" class=\"wp-image-48579\" src=\"https:\/\/exceladvisor.org\/wp-content\/uploads\/2023\/08\/10-stocker-des-donnees-avec-des-millions-de-lignes.png\" sizes=\"auto, \" srcset=\"\" alt=\"archiviare dati con milioni di righe\" width=\"541\" height=\"357\"><\/figure><\/div><h3 class=\"wp-block-heading\"> 10. Puoi lavorare con Excel online + applicazione mobile<\/h3><p> Al giorno d&#8217;oggi, la maggior parte delle aziende si sta spostando sul cloud e Microsoft Excel ha una propria versione web. Ha molte funzionalit\u00e0, come funzioni, tabelle pivot e <a href=\"https:\/\/exceladvisor.org\/it\/tabella-pivot-2\/\" data-wpil=\"url\">grafici pivot,<\/a> proprio come l&#8217;app desktop. <\/p><div class=\"wp-block-image\"><figure class=\"aligncenter size-large is-resized\"><img loading=\"lazy\" decoding=\"async\" class=\"wp-image-48580\" src=\"https:\/\/exceladvisor.org\/wp-content\/uploads\/2023\/08\/11-application-mobile-en-ligne-Excel.png\" sizes=\"auto, \" srcset=\"\" alt=\"app-mobile-online-excel\" width=\"541\" height=\"310\"><\/figure><\/div><p> E di recente, Microsoft ha lanciato la sua app desktop all-in-one che puoi utilizzare anche per lavorare su fogli di calcolo e dispositivi mobili. <\/p><div class=\"wp-block-image\"><figure class=\"aligncenter size-large is-resized\"><img loading=\"lazy\" decoding=\"async\" class=\"wp-image-48581\" src=\"https:\/\/exceladvisor.org\/wp-content\/uploads\/2023\/08\/12-applications-bureautiques-tout-en-un.png\" sizes=\"auto, \" srcset=\"\" alt=\"applicazione desktop tutto in uno\" width=\"337\" height=\"257\"><\/figure><\/div><div class=\"gb-container gb-container-db066fb5\"><div class=\"gb-container gb-container-4db6181c gb-container-mt\"> <a class=\"gb-button gb-button-c5897111 gb-button-text gb-button-mt-button\" href=\"https:\/\/exceladvisor.org\/it\/blog\/\">Blog di Excel<\/a><\/div><\/div>","protected":false},"excerpt":{"rendered":"","protected":false},"author":1,"featured_media":0,"parent":0,"menu_order":0,"comment_status":"open","ping_status":"closed","template":"","meta":{"ub_ctt_via":"","footnotes":""},"class_list":["post-1486","page","type-page","status-publish","hentry"],"featured_image_src":null,"yoast_head":"<!-- This site is optimized with the Yoast SEO plugin v25.4 - https:\/\/yoast.com\/wordpress\/plugins\/seo\/ -->\n<title>I 10 principali vantaggi di Microsoft Excel nel 2023<\/title>\n<meta name=\"description\" content=\"Se sei una di quelle persone che vogliamo imparare e ci chiediamo come pu\u00f2 aiutarti nel tuo lavoro\" \/>\n<meta name=\"robots\" content=\"index, follow, max-snippet:-1, max-image-preview:large, max-video-preview:-1\" \/>\n<link rel=\"canonical\" href=\"https:\/\/exceladvisor.org\/it\/vantaggi-di-microsoft-excel\/\" \/>\n<meta property=\"og:locale\" content=\"it_IT\" \/>\n<meta property=\"og:type\" content=\"article\" \/>\n<meta property=\"og:title\" content=\"I 10 principali vantaggi di Microsoft Excel nel 2023\" \/>\n<meta property=\"og:description\" content=\"Se sei una di quelle persone che vogliamo imparare e ci chiediamo come pu\u00f2 aiutarti nel tuo lavoro\" \/>\n<meta property=\"og:url\" content=\"https:\/\/exceladvisor.org\/it\/vantaggi-di-microsoft-excel\/\" \/>\n<meta property=\"og:site_name\" content=\"Excel Advisor\" \/>\n<meta property=\"article:modified_time\" content=\"2023-12-10T06:27:55+00:00\" \/>\n<meta property=\"og:image\" content=\"https:\/\/exceladvisor.org\/wp-content\/uploads\/2023\/08\/1-meilleure-facon-de-stocker-des-donnees.png\" \/>\n<meta name=\"twitter:card\" content=\"summary_large_image\" \/>\n<meta name=\"twitter:label1\" content=\"Tempo di lettura stimato\" \/>\n\t<meta name=\"twitter:data1\" content=\"5 minuti\" \/>\n<script type=\"application\/ld+json\" class=\"yoast-schema-graph\">{\"@context\":\"https:\/\/schema.org\",\"@graph\":[{\"@type\":\"WebPage\",\"@id\":\"https:\/\/exceladvisor.org\/it\/vantaggi-di-microsoft-excel\/\",\"url\":\"https:\/\/exceladvisor.org\/it\/vantaggi-di-microsoft-excel\/\",\"name\":\"I 10 principali vantaggi di Microsoft Excel nel 2023\",\"isPartOf\":{\"@id\":\"https:\/\/exceladvisor.org\/it\/#website\"},\"primaryImageOfPage\":{\"@id\":\"https:\/\/exceladvisor.org\/it\/vantaggi-di-microsoft-excel\/#primaryimage\"},\"image\":{\"@id\":\"https:\/\/exceladvisor.org\/it\/vantaggi-di-microsoft-excel\/#primaryimage\"},\"thumbnailUrl\":\"https:\/\/exceladvisor.org\/wp-content\/uploads\/2023\/08\/1-meilleure-facon-de-stocker-des-donnees.png\",\"datePublished\":\"2023-11-22T03:33:36+00:00\",\"dateModified\":\"2023-12-10T06:27:55+00:00\",\"description\":\"Se sei una di quelle persone che vogliamo imparare e ci chiediamo come pu\u00f2 aiutarti nel tuo lavoro\",\"breadcrumb\":{\"@id\":\"https:\/\/exceladvisor.org\/it\/vantaggi-di-microsoft-excel\/#breadcrumb\"},\"inLanguage\":\"it-IT\",\"potentialAction\":[{\"@type\":\"ReadAction\",\"target\":[\"https:\/\/exceladvisor.org\/it\/vantaggi-di-microsoft-excel\/\"]}]},{\"@type\":\"ImageObject\",\"inLanguage\":\"it-IT\",\"@id\":\"https:\/\/exceladvisor.org\/it\/vantaggi-di-microsoft-excel\/#primaryimage\",\"url\":\"https:\/\/exceladvisor.org\/wp-content\/uploads\/2023\/08\/1-meilleure-facon-de-stocker-des-donnees.png\",\"contentUrl\":\"https:\/\/exceladvisor.org\/wp-content\/uploads\/2023\/08\/1-meilleure-facon-de-stocker-des-donnees.png\"},{\"@type\":\"BreadcrumbList\",\"@id\":\"https:\/\/exceladvisor.org\/it\/vantaggi-di-microsoft-excel\/#breadcrumb\",\"itemListElement\":[{\"@type\":\"ListItem\",\"position\":1,\"name\":\"Home\",\"item\":\"https:\/\/exceladvisor.org\/it\/\"},{\"@type\":\"ListItem\",\"position\":2,\"name\":\"I 10 principali vantaggi di microsoft excel\"}]},{\"@type\":\"WebSite\",\"@id\":\"https:\/\/exceladvisor.org\/it\/#website\",\"url\":\"https:\/\/exceladvisor.org\/it\/\",\"name\":\"Excel Advisor\",\"description\":\"Tips, Tricks, and Time-Saving Hacks\",\"publisher\":{\"@id\":\"https:\/\/exceladvisor.org\/it\/#organization\"},\"potentialAction\":[{\"@type\":\"SearchAction\",\"target\":{\"@type\":\"EntryPoint\",\"urlTemplate\":\"https:\/\/exceladvisor.org\/it\/?s={search_term_string}\"},\"query-input\":{\"@type\":\"PropertyValueSpecification\",\"valueRequired\":true,\"valueName\":\"search_term_string\"}}],\"inLanguage\":\"it-IT\"},{\"@type\":\"Organization\",\"@id\":\"https:\/\/exceladvisor.org\/it\/#organization\",\"name\":\"Excel Advisor\",\"url\":\"https:\/\/exceladvisor.org\/it\/\",\"logo\":{\"@type\":\"ImageObject\",\"inLanguage\":\"it-IT\",\"@id\":\"https:\/\/exceladvisor.org\/it\/#\/schema\/logo\/image\/\",\"url\":\"https:\/\/exceladvisor.org\/it\/wp-content\/uploads\/2023\/12\/exceladvisor.org_.png\",\"contentUrl\":\"https:\/\/exceladvisor.org\/it\/wp-content\/uploads\/2023\/12\/exceladvisor.org_.png\",\"width\":105,\"height\":36,\"caption\":\"Excel Advisor\"},\"image\":{\"@id\":\"https:\/\/exceladvisor.org\/it\/#\/schema\/logo\/image\/\"}}]}<\/script>\n<!-- \/ Yoast SEO plugin. -->","yoast_head_json":{"title":"I 10 principali vantaggi di Microsoft Excel nel 2023","description":"Se sei una di quelle persone che vogliamo imparare e ci chiediamo come pu\u00f2 aiutarti nel tuo lavoro","robots":{"index":"index","follow":"follow","max-snippet":"max-snippet:-1","max-image-preview":"max-image-preview:large","max-video-preview":"max-video-preview:-1"},"canonical":"https:\/\/exceladvisor.org\/it\/vantaggi-di-microsoft-excel\/","og_locale":"it_IT","og_type":"article","og_title":"I 10 principali vantaggi di Microsoft Excel nel 2023","og_description":"Se sei una di quelle persone che vogliamo imparare e ci chiediamo come pu\u00f2 aiutarti nel tuo lavoro","og_url":"https:\/\/exceladvisor.org\/it\/vantaggi-di-microsoft-excel\/","og_site_name":"Excel Advisor","article_modified_time":"2023-12-10T06:27:55+00:00","og_image":[{"url":"https:\/\/exceladvisor.org\/wp-content\/uploads\/2023\/08\/1-meilleure-facon-de-stocker-des-donnees.png","type":"","width":"","height":""}],"twitter_card":"summary_large_image","twitter_misc":{"Tempo di lettura stimato":"5 minuti"},"schema":{"@context":"https:\/\/schema.org","@graph":[{"@type":"WebPage","@id":"https:\/\/exceladvisor.org\/it\/vantaggi-di-microsoft-excel\/","url":"https:\/\/exceladvisor.org\/it\/vantaggi-di-microsoft-excel\/","name":"I 10 principali vantaggi di Microsoft Excel nel 2023","isPartOf":{"@id":"https:\/\/exceladvisor.org\/it\/#website"},"primaryImageOfPage":{"@id":"https:\/\/exceladvisor.org\/it\/vantaggi-di-microsoft-excel\/#primaryimage"},"image":{"@id":"https:\/\/exceladvisor.org\/it\/vantaggi-di-microsoft-excel\/#primaryimage"},"thumbnailUrl":"https:\/\/exceladvisor.org\/wp-content\/uploads\/2023\/08\/1-meilleure-facon-de-stocker-des-donnees.png","datePublished":"2023-11-22T03:33:36+00:00","dateModified":"2023-12-10T06:27:55+00:00","description":"Se sei una di quelle persone che vogliamo imparare e ci chiediamo come pu\u00f2 aiutarti nel tuo lavoro","breadcrumb":{"@id":"https:\/\/exceladvisor.org\/it\/vantaggi-di-microsoft-excel\/#breadcrumb"},"inLanguage":"it-IT","potentialAction":[{"@type":"ReadAction","target":["https:\/\/exceladvisor.org\/it\/vantaggi-di-microsoft-excel\/"]}]},{"@type":"ImageObject","inLanguage":"it-IT","@id":"https:\/\/exceladvisor.org\/it\/vantaggi-di-microsoft-excel\/#primaryimage","url":"https:\/\/exceladvisor.org\/wp-content\/uploads\/2023\/08\/1-meilleure-facon-de-stocker-des-donnees.png","contentUrl":"https:\/\/exceladvisor.org\/wp-content\/uploads\/2023\/08\/1-meilleure-facon-de-stocker-des-donnees.png"},{"@type":"BreadcrumbList","@id":"https:\/\/exceladvisor.org\/it\/vantaggi-di-microsoft-excel\/#breadcrumb","itemListElement":[{"@type":"ListItem","position":1,"name":"Home","item":"https:\/\/exceladvisor.org\/it\/"},{"@type":"ListItem","position":2,"name":"I 10 principali vantaggi di microsoft excel"}]},{"@type":"WebSite","@id":"https:\/\/exceladvisor.org\/it\/#website","url":"https:\/\/exceladvisor.org\/it\/","name":"Excel Advisor","description":"Tips, Tricks, and Time-Saving Hacks","publisher":{"@id":"https:\/\/exceladvisor.org\/it\/#organization"},"potentialAction":[{"@type":"SearchAction","target":{"@type":"EntryPoint","urlTemplate":"https:\/\/exceladvisor.org\/it\/?s={search_term_string}"},"query-input":{"@type":"PropertyValueSpecification","valueRequired":true,"valueName":"search_term_string"}}],"inLanguage":"it-IT"},{"@type":"Organization","@id":"https:\/\/exceladvisor.org\/it\/#organization","name":"Excel Advisor","url":"https:\/\/exceladvisor.org\/it\/","logo":{"@type":"ImageObject","inLanguage":"it-IT","@id":"https:\/\/exceladvisor.org\/it\/#\/schema\/logo\/image\/","url":"https:\/\/exceladvisor.org\/it\/wp-content\/uploads\/2023\/12\/exceladvisor.org_.png","contentUrl":"https:\/\/exceladvisor.org\/it\/wp-content\/uploads\/2023\/12\/exceladvisor.org_.png","width":105,"height":36,"caption":"Excel Advisor"},"image":{"@id":"https:\/\/exceladvisor.org\/it\/#\/schema\/logo\/image\/"}}]}},"yoast_meta":{"yoast_wpseo_title":"","yoast_wpseo_metadesc":"","yoast_wpseo_canonical":""},"_links":{"self":[{"href":"https:\/\/exceladvisor.org\/it\/wp-json\/wp\/v2\/pages\/1486","targetHints":{"allow":["GET"]}}],"collection":[{"href":"https:\/\/exceladvisor.org\/it\/wp-json\/wp\/v2\/pages"}],"about":[{"href":"https:\/\/exceladvisor.org\/it\/wp-json\/wp\/v2\/types\/page"}],"author":[{"embeddable":true,"href":"https:\/\/exceladvisor.org\/it\/wp-json\/wp\/v2\/users\/1"}],"replies":[{"embeddable":true,"href":"https:\/\/exceladvisor.org\/it\/wp-json\/wp\/v2\/comments?post=1486"}],"version-history":[{"count":1,"href":"https:\/\/exceladvisor.org\/it\/wp-json\/wp\/v2\/pages\/1486\/revisions"}],"predecessor-version":[{"id":2920,"href":"https:\/\/exceladvisor.org\/it\/wp-json\/wp\/v2\/pages\/1486\/revisions\/2920"}],"wp:attachment":[{"href":"https:\/\/exceladvisor.org\/it\/wp-json\/wp\/v2\/media?parent=1486"}],"curies":[{"name":"wp","href":"https:\/\/api.w.org\/{rel}","templated":true}]}}