{"id":1488,"date":"2023-11-22T02:20:42","date_gmt":"2023-11-22T02:20:42","guid":{"rendered":"https:\/\/exceladvisor.org\/it\/eccellere-in-anticipo\/"},"modified":"2023-12-10T06:27:34","modified_gmt":"2023-12-10T06:27:34","slug":"eccellere-in-anticipo","status":"publish","type":"page","link":"https:\/\/exceladvisor.org\/it\/eccellere-in-anticipo\/","title":{"rendered":"Esercitazioni avanzate su excel"},"content":{"rendered":"<div class=\"excel-prima-del-contenuto\" id=\"excel-753955218\"><script type=\"text\/javascript\">\r\n\tatOptions = {\r\n\t\t'key' : 'c1158f160081d6540a8409e6925dab94',\r\n\t\t'format' : 'iframe',\r\n\t\t'height' : 250,\r\n\t\t'width' : 300,\r\n\t\t'params' : {}\r\n\t};\r\n<\/script>\r\n<script type=\"text\/javascript\" src=\"\/\/www.highperformanceformat.com\/c1158f160081d6540a8409e6925dab94\/invoke.js\"><\/script><\/div> <p>Le esercitazioni avanzate di Excel coprono le funzionalit\u00e0 pi\u00f9 sofisticate di Microsoft Excel. Questi tutorial sono progettati per persone che hanno gi\u00e0 una conoscenza di base di Excel e desiderano approfondire le proprie competenze per attivit\u00e0 pi\u00f9 complesse e analisi dei dati.<\/p><p> Ecco alcuni argomenti comunemente trattati nelle esercitazioni avanzate di Excel:<\/p><h2> Utilizzo avanzato di Microsoft Excel<\/h2><p> <strong>Formule e funzioni avanzate:<\/strong><\/p><ul><li> Copertura approfondita di funzioni complesse come INDICE\/CONFRONTA, SOMMA.SE, CONTA.SE e formule matriciali.<\/li><li> Utilizza funzioni logiche come SEERRORE, SE E OR per processi decisionali avanzati.<\/li><\/ul><p> <strong>Analisi dei dati e tabelle pivot:<\/strong><\/p><ul><li> Tecniche avanzate per lavorare con tabelle pivot e grafici pivot.<\/li><li> Analizza i dati utilizzando funzionalit\u00e0 come filtri dei dati, sequenze temporali e campi calcolati.<\/li><\/ul><p> <strong>Power Query e Power Pivot:<\/strong><\/p><ul><li> Introduzione a Power Query per pulire, trasformare e caricare dati.<\/li><li> Utilizzo di Power Pivot per la modellazione e l&#8217;analisi avanzata dei dati.<\/li><\/ul><p> <strong>Convalida dei dati e strumenti avanzati di dati:<\/strong><\/p><ul><li> Creazione di elenchi a discesa dinamici ed elenchi a discesa dipendenti.<\/li><li> Tecniche avanzate di convalida dei dati e regole di convalida personalizzate.<\/li><\/ul><p> <strong>Mappatura avanzata:<\/strong><\/p><ul><li> Creazione di grafici complessi come grafici combinati, grafici a cascata e grafici radar.<\/li><li> Personalizzazione degli elementi del grafico e delle opzioni di formattazione.<\/li><\/ul><p> <strong><a href=\"https:\/\/exceladvisor.org\/it\/vba\/\">Macro e VBA<\/a> (Visual Basic for Applications):<\/strong><\/p><ul><li> Introduzione all&#8217;automazione tramite macro.<\/li><li> Scrittura e modifica del codice VBA per personalizzare la funzionalit\u00e0 di Excel.<\/li><\/ul><p> <strong>Funzioni dati avanzate:<\/strong><\/p><ul><li> Utilizza funzioni come CERCA, CERCA.ORIZZ, CERCA.VERT per il recupero avanzato dei dati.<\/li><li> Utilizza funzioni di database come DSUM, DAVERAGE, DCOUNT.<\/li><\/ul><p> <strong>Gestione degli scenari e analisi delle simulazioni:<\/strong><\/p><ul><li> Esegui analisi avanzate degli scenari e crea riepiloghi degli scenari.<\/li><li> Utilizzo di Goal Seek e Solver per problemi di ottimizzazione.<\/li><\/ul><p> <strong>Tabelle dinamiche:<\/strong><\/p><ul><li> Esplora nuove funzioni di array dinamico come ORDINA, FILTRO, UNICO e SEQUENZA.<\/li><li> Sfrutta gli intervalli di fuoriuscita per una manipolazione efficiente dei dati.<\/li><\/ul><p> <strong>Funzioni finanziarie e statistiche:<\/strong><\/p><ul><li> Applicazione di funzioni finanziarie per calcoli relativi a prestiti, investimenti e rendite.<\/li><li> Utilizzare funzioni statistiche per l&#8217;analisi dei dati e il test delle ipotesi.<\/li><\/ul><p> <strong>Collaborazione e condivisione:<\/strong><\/p><ul><li> Funzionalit\u00e0 avanzate di condivisione e collaborazione, tra cui la condivisione di cartelle di lavoro, l&#8217;unione di modifiche e la revisione dei commenti.<\/li><\/ul><p> <strong>Progettazione e visualizzazione della dashboard:<\/strong><\/p><ul><li> Progetta dashboard interattive utilizzando tecniche di visualizzazione avanzate.<\/li><li> Integrazione di controlli del modulo ed elementi interattivi.<\/li><\/ul><h2> Fogli di calcolo<\/h2><ul><li> <a style=\"outline: none;\" href=\"https:\/\/exceladvisor.org\/it\/consolidare\/\" data-wpil=\"url\">Consolida i dati di pi\u00f9 fogli di lavoro in un unico foglio di lavoro in Excel<\/a><\/li><li> <a style=\"outline: none;\" href=\"https:\/\/exceladvisor.org\/it\/modulo-di-inserimento-dati-3\/\">Creare un modulo di immissione dati in Excel<\/a><\/li><\/ul><h2> Formato<\/h2><ul><li> <a style=\"outline: none;\" href=\"https:\/\/exceladvisor.org\/it\/formule-1\/\" data-wpil=\"url\">Formule in formattazione condizionale<\/a><\/li><li> <a style=\"outline: none;\" href=\"https:\/\/exceladvisor.org\/it\/formato-automatico\/\">Opzione FORMATO AUTOMATICO in Excel<\/a><\/li><li> <a style=\"outline: none;\" href=\"https:\/\/exceladvisor.org\/it\/evidenziare-le-linee-alternate\/\">Evidenzia le righe alternative in Excel con il campione di colore<\/a><\/li><li> <a style=\"outline: none;\" href=\"https:\/\/exceladvisor.org\/it\/giochi-di-icone\/\" data-wpil=\"url\">Utilizza set di icone in Excel (formattazione condizionale)<\/a><\/li><li> <a style=\"outline: none;\" href=\"https:\/\/exceladvisor.org\/it\/i-migliori-caratteri\/\">I 5 migliori caratteri per Microsoft Excel<\/a><\/li><li> <a style=\"outline: none;\" href=\"https:\/\/exceladvisor.org\/it\/nascondere-gli-zeri\/\">Come nascondere i valori zero in Excel<\/a><\/li><\/ul><h2> Convalida dei dati<\/h2><ul><li> <a style=\"outline: none;\" href=\"https:\/\/exceladvisor.org\/it\/intervallo-di-date-di-convalida-dei-dati\/\">Convalida dei dati con intervallo di date<\/a><\/li><li> <a style=\"outline: none;\" href=\"https:\/\/exceladvisor.org\/it\/elenco-a-discesa-dipendente\/\">Elenco a discesa dipendente in Excel<\/a><\/li><li> <a style=\"outline: none;\" href=\"https:\/\/exceladvisor.org\/it\/elenco-dinamico\/\">Elenco a discesa dinamico in Excel<\/a><\/li><li> <a style=\"outline: none;\" href=\"https:\/\/exceladvisor.org\/it\/si-no-elenco-a-discesa\/\">Crea un elenco a discesa S\u00ec &#8211; No in Excel<\/a><\/li><li> <a style=\"outline: none;\" href=\"https:\/\/exceladvisor.org\/it\/rimuovere-lelenco-a-discesa\/\">Rimuovi l&#8217;elenco a discesa (convalida dei dati) in Excel<\/a><\/li><\/ul><h2> Per stampare<\/h2><ul><li> <a style=\"outline: none;\" href=\"https:\/\/exceladvisor.org\/it\/stampare-i-titoli\/\">Applica titoli di stampa in Excel (imposta la riga 1 per stampare su ogni pagina)<\/a><\/li><li> <a style=\"outline: none;\" href=\"https:\/\/exceladvisor.org\/it\/carta-millimetrata\/\">Stampare un foglio di carta millimetrata in Excel (modello di griglia quadrata)<\/a><\/li><li><a style=\"outline: none;\" href=\"https:\/\/exceladvisor.org\/it\/modificare-lorientamento-della-pagina\/\">Cambia l&#8217;orientamento della pagina in Excel<\/a><\/li><li> <a style=\"outline: none;\" href=\"https:\/\/exceladvisor.org\/it\/margine-della-pagina\/\">Margine della pagina in Excel (modifica e imposta)<\/a><\/li><\/ul><h2> Scelta<\/h2><ul><li> <a style=\"outline: none;\" href=\"https:\/\/exceladvisor.org\/it\/strumento-fotocamera\/\">Strumento Fotocamera di Excel<\/a><\/li><li> <a style=\"outline: none;\" href=\"https:\/\/exceladvisor.org\/it\/ricerca-dellobiettivo\/\">Trova obiettivo in Excel<\/a><\/li><li> <a href=\"https:\/\/exceladvisor.org\/it\/finestra-di-guardia\/\">Finestra di controllo in Excel<\/a><\/li><li> <a href=\"https:\/\/exceladvisor.org\/it\/affettatrice-excel\/\">Affettatrice di Excel (guida completa)<\/a><\/li><li> <a href=\"https:\/\/exceladvisor.org\/it\/excel-per-impostazione-predefinita-su-mac\/\">Rendi Excel predefinito su Mac<\/a><\/li><li> <a style=\"outline: none;\" href=\"https:\/\/exceladvisor.org\/it\/modalita-provvisoria-excel\/\">Apri Excel in modalit\u00e0 provvisoria<\/a><\/li><li> <a style=\"outline: none;\" href=\"https:\/\/exceladvisor.org\/it\/svuotare-la-cache\/\">Svuota la cache in Excel<\/a><\/li><li> <a style=\"outline: none;\" href=\"https:\/\/exceladvisor.org\/it\/arte-intelligente\/\">Arte intelligente in Excel<\/a><\/li><li> <a style=\"outline: none;\" href=\"https:\/\/exceladvisor.org\/it\/elenchi-personalizzati\/\">Crea un elenco personalizzato in Excel<\/a><\/li><li> <a style=\"outline: none;\" href=\"https:\/\/exceladvisor.org\/it\/pdf-in-excel\/\">Inserisci un PDF in Excel<\/a><\/li><li> <a style=\"outline: none;\" href=\"https:\/\/exceladvisor.org\/it\/correzione-automatica\/\">Utilizza la correzione automatica in Excel<\/a><\/li><li> <a style=\"outline: none;\" href=\"https:\/\/exceladvisor.org\/it\/inserire-unimmagine\/\">Inserisci un&#8217;immagine in una cella in Excel<\/a><\/li><li> <a style=\"outline: none;\" href=\"https:\/\/exceladvisor.org\/it\/incorporare-il-file\/\">Incorpora un file in Excel<\/a><\/li><li> Converti PDF in Excel<\/li><\/ul><h2> Spiaggia e celle<\/h2><ul><li> <a style=\"outline: none;\" href=\"https:\/\/exceladvisor.org\/it\/strumento-di-analisi-rapida\/\">Strumento di analisi rapida in Excel<\/a><\/li><li> <a style=\"outline: none;\" href=\"https:\/\/exceladvisor.org\/it\/applicare-piu-filtri\/\">Applica pi\u00f9 filtri alle colonne<\/a><\/li><li> <a href=\"https:\/\/exceladvisor.org\/it\/evidenziare-i-valori-superiori-inferiori\/\">Evidenzia i valori N superiori e inferiori in Excel<\/a><\/li><li> <a style=\"outline: none;\" href=\"https:\/\/exceladvisor.org\/it\/casella-di-controllo\/\">Inserisci una casella di controllo in Excel<\/a><\/li><li> <a href=\"https:\/\/exceladvisor.org\/it\/unire-le-celle-senza-perdere-dati\/\">Unisci celle senza perdere dati in Excel<\/a><\/li><li> <a href=\"https:\/\/exceladvisor.org\/it\/incolla-la-moltiplicazione-speciale\/\">Moltiplica in Excel utilizzando Incolla speciale<\/a><\/li><li> <a href=\"https:\/\/exceladvisor.org\/it\/aggiungere-un-codice-a-barre\/\" data-wpil=\"url\">Aggiungi un codice a barre in Excel (installa carattere)<\/a><\/li><li> <a href=\"https:\/\/exceladvisor.org\/it\/carattere-predefinito\/\">Carattere predefinito (cambia stile, dimensione e colore)<\/a><\/li><li> <a href=\"https:\/\/exceladvisor.org\/it\/filtra-per-colore\/\">Filtra per colore in Excel<\/a><\/li><li> <a href=\"https:\/\/exceladvisor.org\/it\/rinominare-la-tabella\/\">Rinominare una tabella in Excel<\/a><\/li><li> <a href=\"https:\/\/exceladvisor.org\/it\/numeri-di-colonna\/\">Numeri di colonna in Excel<\/a><\/li><li> <a href=\"https:\/\/exceladvisor.org\/it\/cellule-grigie\/\">Celle grigie in Excel<\/a><\/li><li> <a style=\"outline: none;\" href=\"https:\/\/exceladvisor.org\/it\/rendere-le-cellule-piu-grandi\/\">Ingrandire le celle in Excel<\/a><\/li><li> <a href=\"https:\/\/exceladvisor.org\/it\/rimuovere-i-trattini\/\">Rimuovere i trattini in Excel<\/a><\/li><li> <a style=\"outline: none;\" href=\"https:\/\/exceladvisor.org\/it\/trova-le-celle-unite\/\">Trova celle unite in Excel<\/a><\/li><li> <a style=\"outline: none;\" href=\"https:\/\/exceladvisor.org\/it\/bloccare-le-celle-1\/\">Blocca celle in Excel<\/a><\/li><li> <a style=\"outline: none;\" href=\"https:\/\/exceladvisor.org\/it\/trova-lintervallo-di-nomi\/\">Trova un intervallo di nomi in Excel<\/a><\/li><\/ul><h2> I Quaderni<\/h2><ul><li> <a style=\"outline: none;\" href=\"https:\/\/exceladvisor.org\/it\/riparare-il-file-excel-corrotto\/\">Ripara file Excel danneggiato<\/a><\/li><li> <a style=\"outline: none;\" href=\"https:\/\/exceladvisor.org\/it\/recuperare-file-non-salvati\/\">Recupera i file Excel non salvati quando Excel si arresta in modo anomalo<\/a><\/li><li> <a style=\"outline: none;\" href=\"https:\/\/exceladvisor.org\/it\/xlsx-in-csv\/\">Salva file Excel (cartella di lavoro) in formato CSV (XLSX TO CSV)<\/a><\/li><li> <a style=\"outline: none;\" href=\"https:\/\/exceladvisor.org\/it\/aprire-il-file-di-testo\/\">Come aprire un file di testo in Excel (.TXT)<\/a><\/li><\/ul><h2> Formattazione condizionale<\/h2><ul><li> <a style=\"outline: none;\" href=\"https:\/\/exceladvisor.org\/it\/formattazione-condizionale\/\">Una guida completa alla formattazione condizionale in Excel<\/a><\/li><li> <a style=\"outline: none;\" href=\"https:\/\/exceladvisor.org\/it\/celle-vuote\/\">Applica la formattazione condizionale su celle vuote in Excel<\/a><\/li><li> <a style=\"outline: none;\" href=\"https:\/\/exceladvisor.org\/it\/confrontare-le-colonne\/\">Confronta due colonne utilizzando la formattazione condizionale in Excel<\/a><\/li><li> <a style=\"outline: none;\" href=\"https:\/\/exceladvisor.org\/it\/unaltra-cella\/\">Applica la formattazione condizionale in base a un&#8217;altra cella in Excel<\/a><\/li><li> <a style=\"outline: none;\" href=\"https:\/\/exceladvisor.org\/it\/unaltra-colonna\/\">Applica la formattazione condizionale in base a un&#8217;altra colonna in Excel<\/a><\/li><li> <a style=\"outline: none;\" href=\"https:\/\/exceladvisor.org\/it\/copia\/\">Copia la formattazione condizionale da un intervallo a un altro in Excel<\/a><\/li><li> <a href=\"https:\/\/exceladvisor.org\/it\/colonna-intera\/\">Applica la formattazione condizionale a un&#8217;intera colonna in Excel<\/a><\/li><li> <a href=\"https:\/\/exceladvisor.org\/it\/evidenziare-le-linee\/\">Evidenzia le righe utilizzando la formattazione condizionale in Excel<\/a><\/li><li> <a style=\"outline: none;\" href=\"https:\/\/exceladvisor.org\/it\/molteplici-condizioni\/\">Applicare pi\u00f9 condizioni nella formattazione condizionale in Excel<\/a><\/li><li> <a style=\"outline: none;\" href=\"https:\/\/exceladvisor.org\/it\/non-funziona\/\">Perch\u00e9 la formattazione condizionale non funziona in Excel<\/a><\/li><li> <a style=\"outline: none;\" href=\"https:\/\/exceladvisor.org\/it\/la-cella-contiene-testo\/\">Evidenzia se una cella contiene testo specifico con formattazione condizionale in Excel<\/a><\/li><li> <a style=\"outline: none;\" href=\"https:\/\/exceladvisor.org\/it\/in-base-alla-data-2\/\">Applicare la formattazione condizionale in base a una data<\/a><\/li><li> <a style=\"outline: none;\" href=\"https:\/\/exceladvisor.org\/it\/scale-di-colori\/\">Applicazione di scale di colori utilizzando la formattazione condizionale<\/a><\/li><li> <a style=\"outline: none;\" href=\"https:\/\/exceladvisor.org\/it\/barre-dati\/\">Barre dati in Excel utilizzando la formattazione condizionale<\/a><\/li><li> <a style=\"outline: none;\" href=\"https:\/\/exceladvisor.org\/it\/fermati-se-e-vero-2\/\">Interrompi SE Vero nella formattazione condizionale<\/a><\/li><li> <a style=\"outline: none;\" href=\"https:\/\/exceladvisor.org\/it\/trovare-duplicati-2\/\">Trova ed evidenzia i duplicati utilizzando la formattazione condizionale<\/a><\/li><li> <a href=\"https:\/\/exceladvisor.org\/it\/ritirare\/\">Rimuovere la formattazione condizionale in Excel<\/a><\/li><\/ul><h2> Sorte<\/h2><ul><li> <a style=\"outline: none;\" href=\"https:\/\/exceladvisor.org\/it\/ordinare-orizzontalmente\/\">Ordina orizzontalmente in Excel<\/a><\/li><\/ul>","protected":false},"excerpt":{"rendered":"","protected":false},"author":1,"featured_media":0,"parent":0,"menu_order":0,"comment_status":"open","ping_status":"closed","template":"","meta":{"ub_ctt_via":"","footnotes":""},"class_list":["post-1488","page","type-page","status-publish","hentry"],"featured_image_src":null,"yoast_head":"<!-- This site is optimized with the Yoast SEO plugin v25.4 - https:\/\/yoast.com\/wordpress\/plugins\/seo\/ -->\n<title>Excel Advanced: funzioni, formule, suggerimenti ed esercitazioni 2023<\/title>\n<meta name=\"description\" content=\"Le esercitazioni avanzate di Excel coprono le funzionalit\u00e0 pi\u00f9 sofisticate di Microsoft Excel. Questi tutorial sono progettati per\" \/>\n<meta name=\"robots\" content=\"index, follow, max-snippet:-1, max-image-preview:large, max-video-preview:-1\" \/>\n<link rel=\"canonical\" href=\"https:\/\/exceladvisor.org\/it\/eccellere-in-anticipo\/\" \/>\n<meta property=\"og:locale\" content=\"it_IT\" \/>\n<meta property=\"og:type\" content=\"article\" \/>\n<meta property=\"og:title\" content=\"Excel Advanced: funzioni, formule, suggerimenti ed esercitazioni 2023\" \/>\n<meta property=\"og:description\" content=\"Le esercitazioni avanzate di Excel coprono le funzionalit\u00e0 pi\u00f9 sofisticate di Microsoft Excel. Questi tutorial sono progettati per\" \/>\n<meta property=\"og:url\" content=\"https:\/\/exceladvisor.org\/it\/eccellere-in-anticipo\/\" \/>\n<meta property=\"og:site_name\" content=\"Excel Advisor\" \/>\n<meta property=\"article:modified_time\" content=\"2023-12-10T06:27:34+00:00\" \/>\n<meta name=\"twitter:card\" content=\"summary_large_image\" \/>\n<meta name=\"twitter:label1\" content=\"Tempo di lettura stimato\" \/>\n\t<meta name=\"twitter:data1\" content=\"5 minuti\" \/>\n<script type=\"application\/ld+json\" class=\"yoast-schema-graph\">{\"@context\":\"https:\/\/schema.org\",\"@graph\":[{\"@type\":\"WebPage\",\"@id\":\"https:\/\/exceladvisor.org\/it\/eccellere-in-anticipo\/\",\"url\":\"https:\/\/exceladvisor.org\/it\/eccellere-in-anticipo\/\",\"name\":\"Excel Advanced: funzioni, formule, suggerimenti ed esercitazioni 2023\",\"isPartOf\":{\"@id\":\"https:\/\/exceladvisor.org\/it\/#website\"},\"datePublished\":\"2023-11-22T02:20:42+00:00\",\"dateModified\":\"2023-12-10T06:27:34+00:00\",\"description\":\"Le esercitazioni avanzate di Excel coprono le funzionalit\u00e0 pi\u00f9 sofisticate di Microsoft Excel. Questi tutorial sono progettati per\",\"breadcrumb\":{\"@id\":\"https:\/\/exceladvisor.org\/it\/eccellere-in-anticipo\/#breadcrumb\"},\"inLanguage\":\"it-IT\",\"potentialAction\":[{\"@type\":\"ReadAction\",\"target\":[\"https:\/\/exceladvisor.org\/it\/eccellere-in-anticipo\/\"]}]},{\"@type\":\"BreadcrumbList\",\"@id\":\"https:\/\/exceladvisor.org\/it\/eccellere-in-anticipo\/#breadcrumb\",\"itemListElement\":[{\"@type\":\"ListItem\",\"position\":1,\"name\":\"Home\",\"item\":\"https:\/\/exceladvisor.org\/it\/\"},{\"@type\":\"ListItem\",\"position\":2,\"name\":\"Esercitazioni avanzate su excel\"}]},{\"@type\":\"WebSite\",\"@id\":\"https:\/\/exceladvisor.org\/it\/#website\",\"url\":\"https:\/\/exceladvisor.org\/it\/\",\"name\":\"Excel Advisor\",\"description\":\"Tips, Tricks, and Time-Saving Hacks\",\"publisher\":{\"@id\":\"https:\/\/exceladvisor.org\/it\/#organization\"},\"potentialAction\":[{\"@type\":\"SearchAction\",\"target\":{\"@type\":\"EntryPoint\",\"urlTemplate\":\"https:\/\/exceladvisor.org\/it\/?s={search_term_string}\"},\"query-input\":{\"@type\":\"PropertyValueSpecification\",\"valueRequired\":true,\"valueName\":\"search_term_string\"}}],\"inLanguage\":\"it-IT\"},{\"@type\":\"Organization\",\"@id\":\"https:\/\/exceladvisor.org\/it\/#organization\",\"name\":\"Excel Advisor\",\"url\":\"https:\/\/exceladvisor.org\/it\/\",\"logo\":{\"@type\":\"ImageObject\",\"inLanguage\":\"it-IT\",\"@id\":\"https:\/\/exceladvisor.org\/it\/#\/schema\/logo\/image\/\",\"url\":\"https:\/\/exceladvisor.org\/it\/wp-content\/uploads\/2023\/12\/exceladvisor.org_.png\",\"contentUrl\":\"https:\/\/exceladvisor.org\/it\/wp-content\/uploads\/2023\/12\/exceladvisor.org_.png\",\"width\":105,\"height\":36,\"caption\":\"Excel Advisor\"},\"image\":{\"@id\":\"https:\/\/exceladvisor.org\/it\/#\/schema\/logo\/image\/\"}}]}<\/script>\n<!-- \/ Yoast SEO plugin. -->","yoast_head_json":{"title":"Excel Advanced: funzioni, formule, suggerimenti ed esercitazioni 2023","description":"Le esercitazioni avanzate di Excel coprono le funzionalit\u00e0 pi\u00f9 sofisticate di Microsoft Excel. Questi tutorial sono progettati per","robots":{"index":"index","follow":"follow","max-snippet":"max-snippet:-1","max-image-preview":"max-image-preview:large","max-video-preview":"max-video-preview:-1"},"canonical":"https:\/\/exceladvisor.org\/it\/eccellere-in-anticipo\/","og_locale":"it_IT","og_type":"article","og_title":"Excel Advanced: funzioni, formule, suggerimenti ed esercitazioni 2023","og_description":"Le esercitazioni avanzate di Excel coprono le funzionalit\u00e0 pi\u00f9 sofisticate di Microsoft Excel. Questi tutorial sono progettati per","og_url":"https:\/\/exceladvisor.org\/it\/eccellere-in-anticipo\/","og_site_name":"Excel Advisor","article_modified_time":"2023-12-10T06:27:34+00:00","twitter_card":"summary_large_image","twitter_misc":{"Tempo di lettura stimato":"5 minuti"},"schema":{"@context":"https:\/\/schema.org","@graph":[{"@type":"WebPage","@id":"https:\/\/exceladvisor.org\/it\/eccellere-in-anticipo\/","url":"https:\/\/exceladvisor.org\/it\/eccellere-in-anticipo\/","name":"Excel Advanced: funzioni, formule, suggerimenti ed esercitazioni 2023","isPartOf":{"@id":"https:\/\/exceladvisor.org\/it\/#website"},"datePublished":"2023-11-22T02:20:42+00:00","dateModified":"2023-12-10T06:27:34+00:00","description":"Le esercitazioni avanzate di Excel coprono le funzionalit\u00e0 pi\u00f9 sofisticate di Microsoft Excel. Questi tutorial sono progettati per","breadcrumb":{"@id":"https:\/\/exceladvisor.org\/it\/eccellere-in-anticipo\/#breadcrumb"},"inLanguage":"it-IT","potentialAction":[{"@type":"ReadAction","target":["https:\/\/exceladvisor.org\/it\/eccellere-in-anticipo\/"]}]},{"@type":"BreadcrumbList","@id":"https:\/\/exceladvisor.org\/it\/eccellere-in-anticipo\/#breadcrumb","itemListElement":[{"@type":"ListItem","position":1,"name":"Home","item":"https:\/\/exceladvisor.org\/it\/"},{"@type":"ListItem","position":2,"name":"Esercitazioni avanzate su excel"}]},{"@type":"WebSite","@id":"https:\/\/exceladvisor.org\/it\/#website","url":"https:\/\/exceladvisor.org\/it\/","name":"Excel Advisor","description":"Tips, Tricks, and Time-Saving Hacks","publisher":{"@id":"https:\/\/exceladvisor.org\/it\/#organization"},"potentialAction":[{"@type":"SearchAction","target":{"@type":"EntryPoint","urlTemplate":"https:\/\/exceladvisor.org\/it\/?s={search_term_string}"},"query-input":{"@type":"PropertyValueSpecification","valueRequired":true,"valueName":"search_term_string"}}],"inLanguage":"it-IT"},{"@type":"Organization","@id":"https:\/\/exceladvisor.org\/it\/#organization","name":"Excel Advisor","url":"https:\/\/exceladvisor.org\/it\/","logo":{"@type":"ImageObject","inLanguage":"it-IT","@id":"https:\/\/exceladvisor.org\/it\/#\/schema\/logo\/image\/","url":"https:\/\/exceladvisor.org\/it\/wp-content\/uploads\/2023\/12\/exceladvisor.org_.png","contentUrl":"https:\/\/exceladvisor.org\/it\/wp-content\/uploads\/2023\/12\/exceladvisor.org_.png","width":105,"height":36,"caption":"Excel Advisor"},"image":{"@id":"https:\/\/exceladvisor.org\/it\/#\/schema\/logo\/image\/"}}]}},"yoast_meta":{"yoast_wpseo_title":"","yoast_wpseo_metadesc":"","yoast_wpseo_canonical":""},"_links":{"self":[{"href":"https:\/\/exceladvisor.org\/it\/wp-json\/wp\/v2\/pages\/1488","targetHints":{"allow":["GET"]}}],"collection":[{"href":"https:\/\/exceladvisor.org\/it\/wp-json\/wp\/v2\/pages"}],"about":[{"href":"https:\/\/exceladvisor.org\/it\/wp-json\/wp\/v2\/types\/page"}],"author":[{"embeddable":true,"href":"https:\/\/exceladvisor.org\/it\/wp-json\/wp\/v2\/users\/1"}],"replies":[{"embeddable":true,"href":"https:\/\/exceladvisor.org\/it\/wp-json\/wp\/v2\/comments?post=1488"}],"version-history":[{"count":1,"href":"https:\/\/exceladvisor.org\/it\/wp-json\/wp\/v2\/pages\/1488\/revisions"}],"predecessor-version":[{"id":2899,"href":"https:\/\/exceladvisor.org\/it\/wp-json\/wp\/v2\/pages\/1488\/revisions\/2899"}],"wp:attachment":[{"href":"https:\/\/exceladvisor.org\/it\/wp-json\/wp\/v2\/media?parent=1488"}],"curies":[{"name":"wp","href":"https:\/\/api.w.org\/{rel}","templated":true}]}}