{"id":1489,"date":"2023-11-22T02:18:52","date_gmt":"2023-11-22T02:18:52","guid":{"rendered":"https:\/\/exceladvisor.org\/it\/modello-di-gestione-dellinventario-moduli-utente-excel-vba\/"},"modified":"2023-12-10T06:28:09","modified_gmt":"2023-12-10T06:28:09","slug":"modello-di-gestione-dellinventario-moduli-utente-excel-vba","status":"publish","type":"page","link":"https:\/\/exceladvisor.org\/it\/modello-di-gestione-dellinventario-moduli-utente-excel-vba\/","title":{"rendered":"Modello excel per la gestione dell&#39;inventario"},"content":{"rendered":"<div class=\"excel-prima-del-contenuto\" id=\"excel-1899575053\"><script type=\"text\/javascript\">\r\n\tatOptions = {\r\n\t\t'key' : 'c1158f160081d6540a8409e6925dab94',\r\n\t\t'format' : 'iframe',\r\n\t\t'height' : 250,\r\n\t\t'width' : 300,\r\n\t\t'params' : {}\r\n\t};\r\n<\/script>\r\n<script type=\"text\/javascript\" src=\"\/\/www.highperformanceformat.com\/c1158f160081d6540a8409e6925dab94\/invoke.js\"><\/script><\/div> <div id=\"ub_table-of-contents-98e96f40-85ee-4a0c-9256-7dcb769dedfa\" class=\"ub_table-of-contents\" data-showtext=\"show\" data-hidetext=\"hide\" data-scrolltype=\"auto\" data-initiallyhideonmobile=\"false\" data-initiallyshow=\"true\"><div class=\"ub_table-of-contents-extra-container\"><div class=\"ub_table-of-contents-container ub_table-of-contents-2-column \"><p> A volte \u00e8 molto difficile tenere traccia delle scorte o dell&#8217;inventario in un normale foglio di calcolo. E hai bisogno di un modello che possa aiutarti a monitorare il tuo inventario in modo efficace.<\/p><\/div><\/div><\/div><p> Quindi, se stai cercando un modello di gestione dell&#8217;inventario Excel che possa aiutarti a tenere traccia facilmente del tuo inventario, sei nel posto giusto. Per me \u00e8 un onore dirti che ho qui un modello fantastico in cui puoi facilmente monitorare il tuo inventario.<\/p><p> Questo \u00e8 un modello automatizzato che ti aiuter\u00e0 a risparmiare molto tempo. Dato che tutte le formule e le schede tecniche sono gi\u00e0 organizzate in questo modo, non devi fare nulla. \u00c8 semplice, veloce e facile da usare e sono sicuro che lo adorerai.<\/p><h2 id=\"0-dashboard\" class=\"wp-block-heading\"> Pannello di controllo<\/h2><p> Qui tutte le informazioni importanti sono in un unico foglio. E non devi preoccuparti di aggiornarlo ancora e ancora. <\/p><figure class=\"wp-block-image\"><img decoding=\"async\" src=\"https:\/\/exceladvisor.org\/wp-content\/uploads\/2023\/08\/modele-de-gestion-des-stocks-excel-pret-a-lemploi-a-telecharger-gratuitement-avec-tableau-de-bord-pour-des-informations-1.png\" sizes=\"\" srcset=\"\" alt=\"modello di gestione dell'inventario Excel pronto all'uso scaricabile gratuitamente con dashboard per approfondimenti\"><\/figure><p> Queste informazioni verranno aggiornate in tempo reale man mano che aggiungi nuovi dati. Questa dashboard ti aiuter\u00e0 a tenere traccia delle seguenti informazioni importanti.<\/p><h3 id=\"1-current-stock\" class=\"wp-block-heading\"> Scorta attuale<\/h3><p> Questa cifra corrisponde alle unit\u00e0 di stock attuali alla data. Verr\u00e0 aggiornato con ogni inserimento da te effettuato per le scorte in stock e esaurite. Il calcolo verr\u00e0 effettuato detraendo le scorte in esaurimento dalle scorte in entrata. <\/p><div class=\"wp-block-image\"><figure class=\"aligncenter\"><img decoding=\"async\" src=\"https:\/\/exceladvisor.org\/wp-content\/uploads\/2023\/08\/consultez-le-stock-actuel-a-partir-du-tableau-de-bord-dans-ce-modele-de-gestion-des-stocks-Excel-1.png\" sizes=\"\" srcset=\"\" alt=\"visualizza lo stock corrente dalla dashboard in questo modello Excel di gestione dell'inventario\"><\/figure><\/div><h3 id=\"2-stock-value\" class=\"wp-block-heading\"> Valore di mercato azionario<\/h3><p> Il valore dell&#8217;inventario \u00e8 il valore totale dell&#8217;inventario corrente dopo aver detratto l&#8217;inventario esaurito. Viene calcolato utilizzando il prezzo unitario di ciascun prodotto. <\/p><div class=\"wp-block-image\"><figure class=\"aligncenter\"><img decoding=\"async\" src=\"https:\/\/exceladvisor.org\/wp-content\/uploads\/2023\/08\/valeur-des-stocks-dans-le-modele-de-gestion-des-stocks-Excel-1-e1484286493428-1.png\" sizes=\"\" srcset=\"\" alt=\"valore dell'inventario nel modello di gestione dell'inventario Excel\"><\/figure><\/div><h3 id=\"3-stock-in\" class=\"wp-block-heading\"> In magazzino<\/h3><p> Stock In indica le unit\u00e0 inserite nei dati di stock in per il mese corrente. Se utilizzi la versione pro, puoi anche utilizzare l&#8217;elenco a discesa per verificare la quantit\u00e0 di scorte dei mesi precedenti. <\/p><div class=\"wp-block-image\"><figure class=\"aligncenter\"><img decoding=\"async\" src=\"https:\/\/exceladvisor.org\/wp-content\/uploads\/2023\/08\/stocker-dans-le-modele-de-gestion-des-stocks-excel-1.png\" sizes=\"\" srcset=\"\" alt=\"negozio nel modello di gestione dell'inventario excel\"><\/figure><\/div><h3 id=\"4-stock-in-return-pro\" class=\"wp-block-heading\"> Restituisci azioni [Pro]<\/h3><p> Questa sezione ti mostrer\u00e0 le unit\u00e0 in stock che hai restituito ai fornitori. Nella versione pro, puoi monitorarli per fornitore. <\/p><div class=\"wp-block-image\"><figure class=\"aligncenter\"><img decoding=\"async\" src=\"https:\/\/exceladvisor.org\/wp-content\/uploads\/2023\/08\/suivre-le-stock-dans-un-modele-de-gestion-des-stocks-Excel-pret-a-lemploi-1.png\" sizes=\"\" srcset=\"\" alt=\"tenere traccia delle scorte in un modello di gestione dell'inventario Excel pronto all'uso\"><\/figure><\/div><h3 id=\"5-stock-out\" class=\"wp-block-heading\"> Esaurito<\/h3><p> Esaurito indica le unit\u00e0 inserite nei dati esauriti del mese corrente. Utilizzando il menu a tendina puoi controllare anche gli altri mesi. <\/p><div class=\"wp-block-image\"><figure class=\"aligncenter\"><img decoding=\"async\" src=\"https:\/\/exceladvisor.org\/wp-content\/uploads\/2023\/08\/rupture-de-stock-dans-le-modele-de-gestion-des-stocks-excel-1.png\" sizes=\"\" srcset=\"\" alt=\"carenza di scorte nel modello di gestione dell'inventario Excel\"><\/figure><\/div><h3 id=\"6-stock-out-return-pro\" class=\"wp-block-heading\"> Reso esaurito [Pro]<\/h3><p> Questa sezione ti mostrer\u00e0 le unit\u00e0 esaurite che i tuoi clienti ti hanno restituito. Nella versione pro, puoi monitorarli in base al client. <\/p><div class=\"wp-block-image\"><figure class=\"aligncenter\"><img decoding=\"async\" src=\"https:\/\/exceladvisor.org\/wp-content\/uploads\/2023\/08\/suivre-les-ruptures-de-stock-dans-le-modele-de-gestion-des-stocks-Excel-pret-a-lemploi-e1484308043169.png\" sizes=\"\" srcset=\"\" alt=\"tenere traccia delle scorte esaurite in un modello di gestione dell'inventario Excel pronto all'uso\"><\/figure><\/div><h3 id=\"7-category-wise-stock\" class=\"wp-block-heading\"> Categoria Saggio Stock<\/h3><p> Il valore delle scorte corrente \u00e8 per ciascuna categoria di prodotto. Puoi specificare la categoria per ogni prodotto nella scheda prodotto. <\/p><div class=\"wp-block-image\"><figure class=\"aligncenter\"><img decoding=\"async\" src=\"https:\/\/exceladvisor.org\/wp-content\/uploads\/2023\/08\/stock-actuel-par-categorie-dans-le-modele-de-gestion-des-stocks-excel-1.png\" sizes=\"\" srcset=\"\" alt=\"stock corrente per categoria nel modello di gestione dell'inventario Excel\"><\/figure><\/div><h3 id=\"8-product-wise-stock-and-reorder-level\" class=\"wp-block-heading\"> Prodotto in stock e livello di riordino<\/h3><p> Questa parte della dashboard ti mostrer\u00e0 lo stock attuale e il valore del prodotto. Ti dir\u00e0 anche il livello di rifornimento di un prodotto. Inoltre, riceverai un messaggio di avviso se il livello delle scorte \u00e8 inferiore al livello di riordino. C&#8217;\u00e8 un elenco a discesa per selezionare diversi prodotti. <\/p><div class=\"wp-block-image\"><figure class=\"aligncenter\"><img decoding=\"async\" src=\"https:\/\/exceladvisor.org\/wp-content\/uploads\/2023\/08\/etat-de-reapprovisionnement-au-niveau-du-produit-dans-le-modele-de-gestion-des-stocks-excel.png\" sizes=\"\" srcset=\"\" alt=\"stato di rifornimento a livello di prodotto nel modello di gestione dell'inventario Excel\"><\/figure><\/div><h2 id=\"9-user-forms\" class=\"wp-block-heading\"> Moduli utente<\/h2><p> \u00c8 possibile utilizzare questi moduli utente per inserire i dati. Ho gestito i moduli utente in questo modo in cui \u00e8 necessario inserire dati minimi. Ecco le cose che puoi acquisire con questi moduli utente.<\/p><h3 id=\"10-new-product\" class=\"wp-block-heading\"> Nuovo prodotto<\/h3><p> Utilizzando questo modulo utente \u00e8 possibile creare un nuovo prodotto. La parte migliore \u00e8 che utilizziamo i dati del prodotto principale per popolare altri moduli utente con dati minimi. <\/p><div class=\"wp-block-image\"><figure class=\"aligncenter is-resized\"><img decoding=\"async\" src=\"https:\/\/exceladvisor.org\/wp-content\/uploads\/2023\/08\/entrer-un-nouveau-produit-dans-le-formulaire-utilisateur-dans-le-modele-de-gestion-des-stocks-Excel-1.png\" sizes=\"\" srcset=\"\" alt=\"\" width=\"-36\" height=\"-18\"><\/figure><\/div><h3 id=\"11-stock-in\" class=\"wp-block-heading\"> In magazzino<\/h3><p> Ogni volta che c&#8217;\u00e8 un nuovo titolo, puoi inserirlo utilizzando questo modulo utente. In questo modulo utente, tutto ci\u00f2 che devi fare \u00e8 inserire il nome del prodotto (utilizzando un elenco a discesa), il nome del fornitore e la quantit\u00e0. Otterr\u00e0 il resto dei dati dalla scheda prodotto. <\/p><div class=\"wp-block-image\"><figure class=\"aligncenter is-resized\"><img decoding=\"async\" src=\"https:\/\/exceladvisor.org\/wp-content\/uploads\/2023\/08\/entrer-le-stock-dans-le-modele-de-gestion-des-stocks-Excel.png\" sizes=\"\" srcset=\"\" alt=\"inserisci le scorte nel modello di gestione dell'inventario di Excel\" width=\"-15\" height=\"-9\"><\/figure><\/div><h3 id=\"12-stock-out\" class=\"wp-block-heading\"> Esaurito<\/h3><p> Utilizza questo modulo utente per inserire i dati esauriti. Tutto quello che devi inserire \u00e8 il nome del prodotto, il nome del cliente e la quantit\u00e0. Il resto dei dati verranno acquisiti dalla scheda prodotto. <\/p><div class=\"wp-block-image\"><figure class=\"aligncenter\"><img decoding=\"async\" src=\"https:\/\/exceladvisor.org\/wp-content\/uploads\/2023\/08\/saisir-la-rupture-de-stock-dans-le-modele-de-gestion-des-stocks-Excel.png\" sizes=\"\" srcset=\"\" alt=\"inserire esaurito nel modello di gestione dell'inventario di Excel\"><\/figure><\/div><h2 id=\"14-data-sheets\" class=\"wp-block-heading\"> Schede tecniche<\/h2><p> \u00c8 possibile accedere alle schede tecniche in cui verranno acquisiti tutti i dati dai moduli utente. Ogni voce nei moduli utente ha un numero di serie che puoi utilizzare per fare riferimento ad essa.<\/p><h3 id=\"15-product-master\" class=\"wp-block-heading\"> Maestro del prodotto<\/h3><p> Product Master \u00e8 il foglio pi\u00f9 importante di questo modello. Tutti i tuoi prodotti saranno elencati qui con i dettagli. <\/p><div class=\"wp-block-image\"><figure class=\"aligncenter\"><img decoding=\"async\" src=\"https:\/\/exceladvisor.org\/wp-content\/uploads\/2023\/08\/stock-dans-la-feuille-dans-le-modele-de-gestion-des-stocks-excel-1.png\" sizes=\"\" srcset=\"\" alt=\"stock in foglio nel modello di gestione dell'inventario Excel\"><\/figure><\/div><h3 id=\"16-stock-in-sheet\" class=\"wp-block-heading\"> Foglio di magazzino<\/h3><p> Il foglio delle scorte contiene tutti i dati delle scorte. Ogni voce viene acquisita con un numero di serie univoco ed \u00e8 possibile utilizzare questo numero di serie per fare riferimento a una voce specifica. E, se stai utilizzando la versione pro, anche il rendimento azionario verr\u00e0 catturato qui in questo foglio.<\/p><h3 id=\"17-stock-out-sheet\" class=\"wp-block-heading\"> Foglio esaurito<\/h3><p> Allo stesso modo il foglio esaurito conterr\u00e0 tutti i dati di esaurito. Puoi inserire i tuoi dati in questa scheda utilizzando il modulo utente esaurito. Anche le voci su questo modulo vengono acquisite con un numero di serie univoco. E, se stai utilizzando la versione pro, anche il reso esaurito verr\u00e0 catturato qui in questo foglio.<\/p><h2 id=\"20-reports\" class=\"wp-block-heading\"> Rapporti<\/h2><p> In questo modello tutte le informazioni principali sono sul cruscotto. Ma puoi anche estrarre i seguenti report.<\/p><h3 id=\"21-stock-report\" class=\"wp-block-heading\"> Rapporto di inventario<\/h3><p> Questo report sullo stock verr\u00e0 generato dalla scheda prodotto. Ti fornir\u00e0 un riepilogo completo dello stock attuale. <\/p><div class=\"wp-block-image\"><figure class=\"aligncenter\"><img decoding=\"async\" src=\"https:\/\/exceladvisor.org\/wp-content\/uploads\/2023\/08\/rapport-de-stock-dans-le-modele-de-gestion-des-stocks-excel-1.png\" sizes=\"\" srcset=\"\" alt=\"rapporto sulle scorte nel modello di gestione dell'inventario Excel\"><\/figure><\/div><h2 id=\"25-instructions\" class=\"wp-block-heading\"> Istruzioni<\/h2><p> Questo modello \u00e8 intuitivo e facile da usare ed ecco alcune istruzioni da seguire che ti aiuteranno a utilizzare questo modello in modo efficace<\/p><h3 id=\"26-menu-button\" class=\"wp-block-heading\"> Pulsante del menu<\/h3><p> Questo modello dispone di una barra dei menu dinamica che contiene tutti i pulsanti di opzione. Puoi richiamarlo in qualsiasi momento utilizzando questo pulsante del menu. <\/p><div class=\"wp-block-image\"><figure class=\"aligncenter\"><img decoding=\"async\" src=\"https:\/\/exceladvisor.org\/wp-content\/uploads\/2023\/08\/bouton-de-menu-dans-le-modele-de-gestion-des-stocks-excel-1.png\" sizes=\"\" srcset=\"\" alt=\"pulsante del menu nel modello Excel di gestione dell'inventario\"><\/figure><\/div><p> Da questa barra dei menu \u00e8 possibile accedere a qualsiasi scheda tecnica e modulo utente e generare report. Utilizza il pulsante Indietro nella parte superiore della barra dei menu per accedere alla dashboard <\/p><div class=\"wp-block-image\"><figure class=\"aligncenter\"><img decoding=\"async\" src=\"https:\/\/exceladvisor.org\/wp-content\/uploads\/2023\/08\/bouton-de-fermeture-de-menu-pour-le-modele-de-gestion-des-stocks-excel-1.png\" sizes=\"\" srcset=\"\" alt=\"Pulsante di chiusura del menu per il modello Excel di gestione dell'inventario\"><\/figure><\/div><h3 id=\"27-entering-data\" class=\"wp-block-heading\"> Inserimento dati<\/h3><p> Come ho detto prima, hai moduli utente per acquisire i tuoi dati. Inoltre, i dati di ciascun modulo utente verranno inseriti in una scheda dati separata. Nel modulo utente, dopo aver inserito i tuoi dati, clicca sul pulsante Invio per salvare la voce. <\/p><div class=\"wp-block-image\"><figure class=\"aligncenter\"><img decoding=\"async\" src=\"https:\/\/exceladvisor.org\/wp-content\/uploads\/2023\/08\/entrer-le-bouton-dans-le-modele-de-gestion-des-stocks-excel-dans-excel-1.png\" sizes=\"\" srcset=\"\" alt=\"pulsante Invio nel modello di gestione dell'inventario Excel in Excel\"><\/figure><\/div><h2 id=\"28-dont\" class=\"wp-block-heading\"> Non farlo<\/h2><ul><li> <strong><mark class=\"has-inline-color\" style=\"background-color: #ff5757; color: #ffffff;\">Cambia il nome di qualsiasi foglio di lavoro.<\/mark><\/strong><\/li><li> <strong><mark class=\"has-inline-color has-base-3-color\" style=\"background-color: #ff5757;\">Elimina qualsiasi foglio di calcolo.<\/mark><\/strong><\/li><li> <strong><mark class=\"has-inline-color has-base-3-color\" style=\"background-color: #ff5757;\">Aggiungi o rimuovi una cella, riga o colonna nel modulo utente.<\/mark><\/strong><\/li><\/ul><h2 id=\"29-things-you-can-try\" class=\"wp-block-heading\"> Cose che puoi provare<\/h2><ul><li> Puoi creare la tua tabella pivot partendo dalle schede tecniche (disponibili nella versione pro).<\/li><li> Puoi fare una stampa della tua dashboard.<\/li><li> Prima di utilizzare questo modello, assicurati di abilitare le macro.<\/li><\/ul><h2 id=\"30-download-your-template\" class=\"wp-block-heading\"> Scarica il tuo modello<\/h2><ul><li> &gt; <a href=\"https:\/\/exceladvisor.org\/wp-content\/uploads\/2023\/11\/modele-de-gestion-des-inventaires-Excel.zip\">Scarica qui<\/a><\/li><\/ul>","protected":false},"excerpt":{"rendered":"","protected":false},"author":1,"featured_media":0,"parent":0,"menu_order":0,"comment_status":"open","ping_status":"closed","template":"","meta":{"ub_ctt_via":"","footnotes":""},"class_list":["post-1489","page","type-page","status-publish","hentry"],"featured_image_src":null,"yoast_head":"<!-- This site is optimized with the Yoast SEO plugin v25.4 - https:\/\/yoast.com\/wordpress\/plugins\/seo\/ -->\n<title>\u25b7 Modello Excel per la gestione dell&#039;inventario (100% gratuito)<\/title>\n<meta name=\"description\" content=\"Se stai cercando un modello Excel per la gestione dell&#039;inventario che possa aiutarti a tenere traccia facilmente del tuo inventario, sei nel posto giusto.\" \/>\n<meta name=\"robots\" content=\"index, follow, max-snippet:-1, max-image-preview:large, max-video-preview:-1\" \/>\n<link rel=\"canonical\" href=\"https:\/\/exceladvisor.org\/it\/modello-di-gestione-dellinventario-moduli-utente-excel-vba\/\" \/>\n<meta property=\"og:locale\" content=\"it_IT\" \/>\n<meta property=\"og:type\" content=\"article\" \/>\n<meta property=\"og:title\" content=\"\u25b7 Modello Excel per la gestione dell&#039;inventario (100% gratuito)\" \/>\n<meta property=\"og:description\" content=\"Se stai cercando un modello Excel per la gestione dell&#039;inventario che possa aiutarti a tenere traccia facilmente del tuo inventario, sei nel posto giusto.\" \/>\n<meta property=\"og:url\" content=\"https:\/\/exceladvisor.org\/it\/modello-di-gestione-dellinventario-moduli-utente-excel-vba\/\" \/>\n<meta property=\"og:site_name\" content=\"Excel Advisor\" \/>\n<meta property=\"article:modified_time\" content=\"2023-12-10T06:28:09+00:00\" \/>\n<meta property=\"og:image\" content=\"https:\/\/exceladvisor.org\/wp-content\/uploads\/2023\/08\/modele-de-gestion-des-stocks-excel-pret-a-lemploi-a-telecharger-gratuitement-avec-tableau-de-bord-pour-des-informations-1.png\" \/>\n<meta name=\"twitter:card\" content=\"summary_large_image\" \/>\n<meta name=\"twitter:label1\" content=\"Tempo di lettura stimato\" \/>\n\t<meta name=\"twitter:data1\" content=\"5 minuti\" \/>\n<script type=\"application\/ld+json\" class=\"yoast-schema-graph\">{\"@context\":\"https:\/\/schema.org\",\"@graph\":[{\"@type\":\"WebPage\",\"@id\":\"https:\/\/exceladvisor.org\/it\/modello-di-gestione-dellinventario-moduli-utente-excel-vba\/\",\"url\":\"https:\/\/exceladvisor.org\/it\/modello-di-gestione-dellinventario-moduli-utente-excel-vba\/\",\"name\":\"\u25b7 Modello Excel per la gestione dell&#39;inventario (100% gratuito)\",\"isPartOf\":{\"@id\":\"https:\/\/exceladvisor.org\/it\/#website\"},\"primaryImageOfPage\":{\"@id\":\"https:\/\/exceladvisor.org\/it\/modello-di-gestione-dellinventario-moduli-utente-excel-vba\/#primaryimage\"},\"image\":{\"@id\":\"https:\/\/exceladvisor.org\/it\/modello-di-gestione-dellinventario-moduli-utente-excel-vba\/#primaryimage\"},\"thumbnailUrl\":\"https:\/\/exceladvisor.org\/wp-content\/uploads\/2023\/08\/modele-de-gestion-des-stocks-excel-pret-a-lemploi-a-telecharger-gratuitement-avec-tableau-de-bord-pour-des-informations-1.png\",\"datePublished\":\"2023-11-22T02:18:52+00:00\",\"dateModified\":\"2023-12-10T06:28:09+00:00\",\"description\":\"Se stai cercando un modello Excel per la gestione dell&#39;inventario che possa aiutarti a tenere traccia facilmente del tuo inventario, sei nel posto giusto.\",\"breadcrumb\":{\"@id\":\"https:\/\/exceladvisor.org\/it\/modello-di-gestione-dellinventario-moduli-utente-excel-vba\/#breadcrumb\"},\"inLanguage\":\"it-IT\",\"potentialAction\":[{\"@type\":\"ReadAction\",\"target\":[\"https:\/\/exceladvisor.org\/it\/modello-di-gestione-dellinventario-moduli-utente-excel-vba\/\"]}]},{\"@type\":\"ImageObject\",\"inLanguage\":\"it-IT\",\"@id\":\"https:\/\/exceladvisor.org\/it\/modello-di-gestione-dellinventario-moduli-utente-excel-vba\/#primaryimage\",\"url\":\"https:\/\/exceladvisor.org\/wp-content\/uploads\/2023\/08\/modele-de-gestion-des-stocks-excel-pret-a-lemploi-a-telecharger-gratuitement-avec-tableau-de-bord-pour-des-informations-1.png\",\"contentUrl\":\"https:\/\/exceladvisor.org\/wp-content\/uploads\/2023\/08\/modele-de-gestion-des-stocks-excel-pret-a-lemploi-a-telecharger-gratuitement-avec-tableau-de-bord-pour-des-informations-1.png\"},{\"@type\":\"BreadcrumbList\",\"@id\":\"https:\/\/exceladvisor.org\/it\/modello-di-gestione-dellinventario-moduli-utente-excel-vba\/#breadcrumb\",\"itemListElement\":[{\"@type\":\"ListItem\",\"position\":1,\"name\":\"Home\",\"item\":\"https:\/\/exceladvisor.org\/it\/\"},{\"@type\":\"ListItem\",\"position\":2,\"name\":\"Modello excel per la gestione dell&#39;inventario\"}]},{\"@type\":\"WebSite\",\"@id\":\"https:\/\/exceladvisor.org\/it\/#website\",\"url\":\"https:\/\/exceladvisor.org\/it\/\",\"name\":\"Excel Advisor\",\"description\":\"Tips, Tricks, and Time-Saving Hacks\",\"publisher\":{\"@id\":\"https:\/\/exceladvisor.org\/it\/#organization\"},\"potentialAction\":[{\"@type\":\"SearchAction\",\"target\":{\"@type\":\"EntryPoint\",\"urlTemplate\":\"https:\/\/exceladvisor.org\/it\/?s={search_term_string}\"},\"query-input\":{\"@type\":\"PropertyValueSpecification\",\"valueRequired\":true,\"valueName\":\"search_term_string\"}}],\"inLanguage\":\"it-IT\"},{\"@type\":\"Organization\",\"@id\":\"https:\/\/exceladvisor.org\/it\/#organization\",\"name\":\"Excel Advisor\",\"url\":\"https:\/\/exceladvisor.org\/it\/\",\"logo\":{\"@type\":\"ImageObject\",\"inLanguage\":\"it-IT\",\"@id\":\"https:\/\/exceladvisor.org\/it\/#\/schema\/logo\/image\/\",\"url\":\"https:\/\/exceladvisor.org\/it\/wp-content\/uploads\/2023\/12\/exceladvisor.org_.png\",\"contentUrl\":\"https:\/\/exceladvisor.org\/it\/wp-content\/uploads\/2023\/12\/exceladvisor.org_.png\",\"width\":105,\"height\":36,\"caption\":\"Excel Advisor\"},\"image\":{\"@id\":\"https:\/\/exceladvisor.org\/it\/#\/schema\/logo\/image\/\"}}]}<\/script>\n<!-- \/ Yoast SEO plugin. -->","yoast_head_json":{"title":"\u25b7 Modello Excel per la gestione dell&#39;inventario (100% gratuito)","description":"Se stai cercando un modello Excel per la gestione dell&#39;inventario che possa aiutarti a tenere traccia facilmente del tuo inventario, sei nel posto giusto.","robots":{"index":"index","follow":"follow","max-snippet":"max-snippet:-1","max-image-preview":"max-image-preview:large","max-video-preview":"max-video-preview:-1"},"canonical":"https:\/\/exceladvisor.org\/it\/modello-di-gestione-dellinventario-moduli-utente-excel-vba\/","og_locale":"it_IT","og_type":"article","og_title":"\u25b7 Modello Excel per la gestione dell&#39;inventario (100% gratuito)","og_description":"Se stai cercando un modello Excel per la gestione dell&#39;inventario che possa aiutarti a tenere traccia facilmente del tuo inventario, sei nel posto giusto.","og_url":"https:\/\/exceladvisor.org\/it\/modello-di-gestione-dellinventario-moduli-utente-excel-vba\/","og_site_name":"Excel Advisor","article_modified_time":"2023-12-10T06:28:09+00:00","og_image":[{"url":"https:\/\/exceladvisor.org\/wp-content\/uploads\/2023\/08\/modele-de-gestion-des-stocks-excel-pret-a-lemploi-a-telecharger-gratuitement-avec-tableau-de-bord-pour-des-informations-1.png","type":"","width":"","height":""}],"twitter_card":"summary_large_image","twitter_misc":{"Tempo di lettura stimato":"5 minuti"},"schema":{"@context":"https:\/\/schema.org","@graph":[{"@type":"WebPage","@id":"https:\/\/exceladvisor.org\/it\/modello-di-gestione-dellinventario-moduli-utente-excel-vba\/","url":"https:\/\/exceladvisor.org\/it\/modello-di-gestione-dellinventario-moduli-utente-excel-vba\/","name":"\u25b7 Modello Excel per la gestione dell&#39;inventario (100% gratuito)","isPartOf":{"@id":"https:\/\/exceladvisor.org\/it\/#website"},"primaryImageOfPage":{"@id":"https:\/\/exceladvisor.org\/it\/modello-di-gestione-dellinventario-moduli-utente-excel-vba\/#primaryimage"},"image":{"@id":"https:\/\/exceladvisor.org\/it\/modello-di-gestione-dellinventario-moduli-utente-excel-vba\/#primaryimage"},"thumbnailUrl":"https:\/\/exceladvisor.org\/wp-content\/uploads\/2023\/08\/modele-de-gestion-des-stocks-excel-pret-a-lemploi-a-telecharger-gratuitement-avec-tableau-de-bord-pour-des-informations-1.png","datePublished":"2023-11-22T02:18:52+00:00","dateModified":"2023-12-10T06:28:09+00:00","description":"Se stai cercando un modello Excel per la gestione dell&#39;inventario che possa aiutarti a tenere traccia facilmente del tuo inventario, sei nel posto giusto.","breadcrumb":{"@id":"https:\/\/exceladvisor.org\/it\/modello-di-gestione-dellinventario-moduli-utente-excel-vba\/#breadcrumb"},"inLanguage":"it-IT","potentialAction":[{"@type":"ReadAction","target":["https:\/\/exceladvisor.org\/it\/modello-di-gestione-dellinventario-moduli-utente-excel-vba\/"]}]},{"@type":"ImageObject","inLanguage":"it-IT","@id":"https:\/\/exceladvisor.org\/it\/modello-di-gestione-dellinventario-moduli-utente-excel-vba\/#primaryimage","url":"https:\/\/exceladvisor.org\/wp-content\/uploads\/2023\/08\/modele-de-gestion-des-stocks-excel-pret-a-lemploi-a-telecharger-gratuitement-avec-tableau-de-bord-pour-des-informations-1.png","contentUrl":"https:\/\/exceladvisor.org\/wp-content\/uploads\/2023\/08\/modele-de-gestion-des-stocks-excel-pret-a-lemploi-a-telecharger-gratuitement-avec-tableau-de-bord-pour-des-informations-1.png"},{"@type":"BreadcrumbList","@id":"https:\/\/exceladvisor.org\/it\/modello-di-gestione-dellinventario-moduli-utente-excel-vba\/#breadcrumb","itemListElement":[{"@type":"ListItem","position":1,"name":"Home","item":"https:\/\/exceladvisor.org\/it\/"},{"@type":"ListItem","position":2,"name":"Modello excel per la gestione dell&#39;inventario"}]},{"@type":"WebSite","@id":"https:\/\/exceladvisor.org\/it\/#website","url":"https:\/\/exceladvisor.org\/it\/","name":"Excel Advisor","description":"Tips, Tricks, and Time-Saving Hacks","publisher":{"@id":"https:\/\/exceladvisor.org\/it\/#organization"},"potentialAction":[{"@type":"SearchAction","target":{"@type":"EntryPoint","urlTemplate":"https:\/\/exceladvisor.org\/it\/?s={search_term_string}"},"query-input":{"@type":"PropertyValueSpecification","valueRequired":true,"valueName":"search_term_string"}}],"inLanguage":"it-IT"},{"@type":"Organization","@id":"https:\/\/exceladvisor.org\/it\/#organization","name":"Excel Advisor","url":"https:\/\/exceladvisor.org\/it\/","logo":{"@type":"ImageObject","inLanguage":"it-IT","@id":"https:\/\/exceladvisor.org\/it\/#\/schema\/logo\/image\/","url":"https:\/\/exceladvisor.org\/it\/wp-content\/uploads\/2023\/12\/exceladvisor.org_.png","contentUrl":"https:\/\/exceladvisor.org\/it\/wp-content\/uploads\/2023\/12\/exceladvisor.org_.png","width":105,"height":36,"caption":"Excel Advisor"},"image":{"@id":"https:\/\/exceladvisor.org\/it\/#\/schema\/logo\/image\/"}}]}},"yoast_meta":{"yoast_wpseo_title":"","yoast_wpseo_metadesc":"","yoast_wpseo_canonical":""},"_links":{"self":[{"href":"https:\/\/exceladvisor.org\/it\/wp-json\/wp\/v2\/pages\/1489","targetHints":{"allow":["GET"]}}],"collection":[{"href":"https:\/\/exceladvisor.org\/it\/wp-json\/wp\/v2\/pages"}],"about":[{"href":"https:\/\/exceladvisor.org\/it\/wp-json\/wp\/v2\/types\/page"}],"author":[{"embeddable":true,"href":"https:\/\/exceladvisor.org\/it\/wp-json\/wp\/v2\/users\/1"}],"replies":[{"embeddable":true,"href":"https:\/\/exceladvisor.org\/it\/wp-json\/wp\/v2\/comments?post=1489"}],"version-history":[{"count":1,"href":"https:\/\/exceladvisor.org\/it\/wp-json\/wp\/v2\/pages\/1489\/revisions"}],"predecessor-version":[{"id":2933,"href":"https:\/\/exceladvisor.org\/it\/wp-json\/wp\/v2\/pages\/1489\/revisions\/2933"}],"wp:attachment":[{"href":"https:\/\/exceladvisor.org\/it\/wp-json\/wp\/v2\/media?parent=1489"}],"curies":[{"name":"wp","href":"https:\/\/api.w.org\/{rel}","templated":true}]}}