{"id":1493,"date":"2023-11-21T00:24:01","date_gmt":"2023-11-21T00:24:01","guid":{"rendered":"https:\/\/exceladvisor.org\/it\/foglio-di-lavoro\/"},"modified":"2023-12-10T06:27:18","modified_gmt":"2023-12-10T06:27:18","slug":"foglio-di-lavoro","status":"publish","type":"page","link":"https:\/\/exceladvisor.org\/it\/foglio-di-lavoro\/","title":{"rendered":"Cos&#39;\u00e8 un foglio di calcolo excel?"},"content":{"rendered":"<div class=\"excel-prima-del-contenuto\" id=\"excel-1926083695\"><script type=\"text\/javascript\">\r\n\tatOptions = {\r\n\t\t'key' : 'c1158f160081d6540a8409e6925dab94',\r\n\t\t'format' : 'iframe',\r\n\t\t'height' : 250,\r\n\t\t'width' : 300,\r\n\t\t'params' : {}\r\n\t};\r\n<\/script>\r\n<script type=\"text\/javascript\" src=\"\/\/www.highperformanceformat.com\/c1158f160081d6540a8409e6925dab94\/invoke.js\"><\/script><\/div> <p>In Excel, un foglio di lavoro \u00e8 una raccolta di milioni di celle in cui \u00e8 possibile archiviare dati. Pensa a un singolo foglio di calcolo come a una pagina di un taccuino con centinaia di pagine. Allo stesso modo, puoi avere pi\u00f9 fogli di lavoro in una cartella di lavoro (file Excel). <\/p><div class=\"wp-block-image\"><figure class=\"aligncenter size-full is-resized\"><img loading=\"lazy\" decoding=\"async\" class=\"wp-image-92273\" src=\"https:\/\/exceladvisor.org\/wp-content\/uploads\/2023\/08\/1-feuille-excel-et-feuille-de-calcul.png\" sizes=\"auto, \" srcset=\"\" alt=\"Foglio Excel e foglio di calcolo\" width=\"547\" height=\"370\"><\/figure><\/div><h2 id=\"h-max-number-of-worksheets\" class=\"wp-block-heading\"> Numero massimo di fogli di lavoro<\/h2><p> \u00c8 possibile inserire pi\u00f9 fogli in una cartella di lavoro a meno che non si abbia poca memoria. Ho testato aggiungendo pi\u00f9 di 4000 fogli in un&#8217;unica cartella di lavoro. <\/p><div class=\"wp-block-image\"><figure class=\"aligncenter size-full is-resized\"><img loading=\"lazy\" decoding=\"async\" class=\"wp-image-92275\" src=\"https:\/\/exceladvisor.org\/wp-content\/uploads\/2023\/08\/2-nombre-maximum-de-feuilles-de-travail.png\" sizes=\"auto, \" srcset=\"\" alt=\"numero massimo di fogli di lavoro\" width=\"338\" height=\"101\"><\/figure><\/div><p> Devi solo sapere che puoi aggiungere solo 255 fogli di lavoro alla volta. Pertanto, quando aggiungi pi\u00f9 fogli di lavoro o utilizzi il codice VBA, puoi aggiungere solo 255 fogli di lavoro alla volta.<\/p><h2 id=\"h-is-there-any-difference-between-a-sheet-and-a-worksheet\" class=\"wp-block-heading\"> C&#8217;\u00e8 differenza tra un foglio e un foglio di calcolo?<\/h2><p> S\u00ec, c&#8217;\u00e8 una leggera differenza. Un foglio di calcolo \u00e8 un tipo di foglio. In Excel, quando fai clic con il pulsante destro del mouse sulla scheda del foglio e quindi fai clic su Inserisci, verr\u00e0 visualizzata una finestra di dialogo che ti consentir\u00e0 di selezionare il foglio che desideri aggiungere. <\/p><div class=\"wp-block-image\"><figure class=\"aligncenter size-full is-resized\"><img loading=\"lazy\" decoding=\"async\" class=\"wp-image-92276\" src=\"https:\/\/exceladvisor.org\/wp-content\/uploads\/2023\/08\/3-feuille-vs-feuille-de-calcul.png\" sizes=\"auto, \" srcset=\"\" alt=\"foglio vs foglio di calcolo\" width=\"502\" height=\"384\"><\/figure><\/div><p> \u00c8 possibile inserire quattro fogli diversi.<\/p><ol type=\"1\"><li> Foglio di lavoro<\/li><li> Grafico<\/li><li> Macro di Microsoft Excel 4.0<\/li><li> Finestra di dialogo MS Excel 5.0<\/li><\/ol><h2> Fatti scioccanti sui fogli di calcolo Excel<\/h2><p> <strong>Cosa c&#8217;\u00e8 di cos\u00ec speciale nei fogli di calcolo?<\/strong><\/p><p> Un foglio di calcolo \u00e8 un libro mastro digitale che memorizza i dati in celle visualizzate in righe e colonne, in quello che viene chiamato formato tabellare. Fondamentalmente, un foglio di calcolo \u00e8 un documento bidimensionale progettato per archiviare e calcolare dati. \u00c8 uno strumento potente per attivit\u00e0 come elaborare numeri, archiviare elenchi e monitorare il budget.<\/p><p> <strong>Quante funzioni ci sono per il foglio di calcolo?<\/strong><\/p><p> Sono disponibili oltre 450 funzioni integrate. Ad esempio, sai cos&#8217;\u00e8 il numero arabo MMMCMXCIX? Sei davvero fantastico se lo fai! Tuttavia, non perdere la moralit\u00e0 se non riesci a dare una risposta chiara: Excel offre una soluzione semplice ed elegante.<\/p><p> Questa funzione si chiama ARABO e, come avrai intuito, converte i numeri romani in numeri arabi.<\/p><p> <strong>Non puoi denominare il tuo foglio di lavoro &#8220;Cronologia&#8221;<\/strong><\/p><p> In ogni cartella di lavoro, Excel crea un foglio di lavoro di supporto denominato &#8220;Cronologia&#8221; per tenere traccia delle modifiche tra le cartelle di lavoro condivise.<\/p><p> Tuttavia, che tu condivida o meno la cartella di lavoro, non \u00e8 possibile creare un foglio di lavoro denominato &#8220;Cronologia&#8221; perch\u00e9 \u00e8 un nome riservato. Se provi a farlo, verr\u00e0 visualizzato il seguente avviso di errore. <\/p><p><img loading=\"lazy\" decoding=\"async\" class=\"alignnone size-full wp-image-13272\" src=\"https:\/\/exceladvisor.org\/wp-content\/uploads\/2023\/11\/history.png\" alt=\"storia\" width=\"217\" height=\"115\"><\/p><p> <strong>Quanti collegamenti ipertestuali pu\u00f2 contenere un foglio di calcolo?<\/strong><\/p><p> Perch\u00e9 avresti bisogno di cos\u00ec tanti collegamenti ipertestuali? Qualunque sia l&#8217;obiettivo dannoso che persegui, ricorda che il loro numero \u00e8 limitato a 65.530. L&#8217;unica cosa che puoi fare \u00e8 accettarlo.<\/p><p> <strong>Quanti elementi non contigui puoi selezionare in un foglio?<\/strong><\/p><p> Sfida Excel selezionando 2.147.483.648 celle non contigue contemporaneamente e guarda cosa succede. Se selezioni una cella al secondo, ti ci vorranno circa 68 anni di lavoro noioso. Non importa se raggiungi il tuo obiettivo ambizioso o se ti arrendi a met\u00e0 strada, ora sei consapevole delle tue infinite possibilit\u00e0.<\/p><p> <strong>Quante righe e colonne ci sono in un foglio di calcolo?<\/strong><\/p><p> Ogni foglio di lavoro \u00e8 composto da 1.048.576 righe per 16.384 colonne, che si traducono in 17.179.869.184 celle.<\/p><p> <strong>Il foglio di calcolo Excel pu\u00f2 essere utilizzato per creare bellissime opere d&#8217;arte<\/strong><\/p><p> Mentre i ruoli finanziari tendono a concentrarsi meno sul lato creativo e pi\u00f9 sul lato semplice del business e dei numeri, Excel pu\u00f2 letteralmente creare arte. Un giapponese, <a href=\"https:\/\/www.boredpanda.com\/80-year-old-excel-paintings-tatsuo-horiuchi\/\">Tatsuo Horiuchi<\/a> , ha trascorso anni creando paesaggi incredibilmente belli utilizzando un unico strumento, Excel. <\/p><p><img loading=\"lazy\" decoding=\"async\" class=\"alignnone size-full wp-image-13273\" src=\"https:\/\/exceladvisor.org\/wp-content\/uploads\/2023\/11\/excel-art.jpg\" alt=\"excel-art\" width=\"700\" height=\"364\" srcset=\"https:\/\/exceladvisor.org\/wp-content\/uploads\/2023\/11\/excel-art.jpg 700w, https:\/\/exceladvisor.org\/wp-content\/uploads\/2023\/11\/excel-art-300x156.jpg 300w\" sizes=\"auto, (max-width: 700px) 100vw, 700px\"><\/p><p> <strong>Excel supporta 16 milioni di colori<\/strong><\/p><p> A partire da Excel 2007 la vostra creativit\u00e0 non \u00e8 pi\u00f9 limitata ai 56 colori standard come avveniva prima. Ora sei libero di utilizzare appieno lo spettro dei colori a 24 bit ed esprimerti utilizzando 16 milioni di colori! Naturalmente, non diventerai la prima persona a utilizzare Excel invece del software di arte grafica, ma puoi semplicemente provarlo e probabilmente creare il tuo capolavoro digitale.<\/p><p> Di seguito sono riportati alcuni tutorial che ti aiuteranno a saperne di pi\u00f9: <\/p><div class=\"gb-grid-wrapper gb-grid-wrapper-7600a9f5\"><div class=\"gb-grid-column gb-grid-column-108ef88c\"><div class=\"gb-container gb-container-108ef88c\"><ul><li> <a href=\"https:\/\/exceladvisor.org\/it\/aggiungere\/\">Aggiungi una foglia<\/a><\/li><li> <a href=\"https:\/\/exceladvisor.org\/it\/schermo\/\">Visualizza un foglio Excel<\/a><\/li><li> <a href=\"https:\/\/exceladvisor.org\/it\/serratura\/\">Blocca un foglio<\/a><\/li><li> <a href=\"https:\/\/exceladvisor.org\/it\/aprire\/\">Sblocca un foglio<\/a><\/li><li> <a href=\"https:\/\/exceladvisor.org\/it\/copia-1\/\">Copia o sposta un foglio<\/a> <\/li><\/ul><\/div><\/div><div class=\"gb-grid-column gb-grid-column-3909e948\"><div class=\"gb-container gb-container-3909e948\"><\/div><\/div><\/div>","protected":false},"excerpt":{"rendered":"","protected":false},"author":1,"featured_media":0,"parent":0,"menu_order":0,"comment_status":"open","ping_status":"closed","template":"","meta":{"ub_ctt_via":"","footnotes":""},"class_list":["post-1493","page","type-page","status-publish","hentry"],"featured_image_src":null,"yoast_head":"<!-- This site is optimized with the Yoast SEO plugin v25.4 - https:\/\/yoast.com\/wordpress\/plugins\/seo\/ -->\n<title>Oltre 10 fatti nascosti sui fogli di calcolo Excel 2023<\/title>\n<meta name=\"description\" content=\"In Excel, un foglio di lavoro \u00e8 una raccolta di milioni di celle in cui \u00e8 possibile archiviare dati. Prendere in considerazione\" \/>\n<meta name=\"robots\" content=\"index, follow, max-snippet:-1, max-image-preview:large, max-video-preview:-1\" \/>\n<link rel=\"canonical\" href=\"https:\/\/exceladvisor.org\/it\/foglio-di-lavoro\/\" \/>\n<meta property=\"og:locale\" content=\"it_IT\" \/>\n<meta property=\"og:type\" content=\"article\" \/>\n<meta property=\"og:title\" content=\"Oltre 10 fatti nascosti sui fogli di calcolo Excel 2023\" \/>\n<meta property=\"og:description\" content=\"In Excel, un foglio di lavoro \u00e8 una raccolta di milioni di celle in cui \u00e8 possibile archiviare dati. Prendere in considerazione\" \/>\n<meta property=\"og:url\" content=\"https:\/\/exceladvisor.org\/it\/foglio-di-lavoro\/\" \/>\n<meta property=\"og:site_name\" content=\"Excel Advisor\" \/>\n<meta property=\"article:modified_time\" content=\"2023-12-10T06:27:18+00:00\" \/>\n<meta property=\"og:image\" content=\"https:\/\/exceladvisor.org\/wp-content\/uploads\/2023\/08\/1-feuille-excel-et-feuille-de-calcul.png\" \/>\n<meta name=\"twitter:card\" content=\"summary_large_image\" \/>\n<meta name=\"twitter:label1\" content=\"Tempo di lettura stimato\" \/>\n\t<meta name=\"twitter:data1\" content=\"3 minuti\" \/>\n<script type=\"application\/ld+json\" class=\"yoast-schema-graph\">{\"@context\":\"https:\/\/schema.org\",\"@graph\":[{\"@type\":\"WebPage\",\"@id\":\"https:\/\/exceladvisor.org\/it\/foglio-di-lavoro\/\",\"url\":\"https:\/\/exceladvisor.org\/it\/foglio-di-lavoro\/\",\"name\":\"Oltre 10 fatti nascosti sui fogli di calcolo Excel 2023\",\"isPartOf\":{\"@id\":\"https:\/\/exceladvisor.org\/it\/#website\"},\"primaryImageOfPage\":{\"@id\":\"https:\/\/exceladvisor.org\/it\/foglio-di-lavoro\/#primaryimage\"},\"image\":{\"@id\":\"https:\/\/exceladvisor.org\/it\/foglio-di-lavoro\/#primaryimage\"},\"thumbnailUrl\":\"https:\/\/exceladvisor.org\/wp-content\/uploads\/2023\/08\/1-feuille-excel-et-feuille-de-calcul.png\",\"datePublished\":\"2023-11-21T00:24:01+00:00\",\"dateModified\":\"2023-12-10T06:27:18+00:00\",\"description\":\"In Excel, un foglio di lavoro \u00e8 una raccolta di milioni di celle in cui \u00e8 possibile archiviare dati. Prendere in considerazione\",\"breadcrumb\":{\"@id\":\"https:\/\/exceladvisor.org\/it\/foglio-di-lavoro\/#breadcrumb\"},\"inLanguage\":\"it-IT\",\"potentialAction\":[{\"@type\":\"ReadAction\",\"target\":[\"https:\/\/exceladvisor.org\/it\/foglio-di-lavoro\/\"]}]},{\"@type\":\"ImageObject\",\"inLanguage\":\"it-IT\",\"@id\":\"https:\/\/exceladvisor.org\/it\/foglio-di-lavoro\/#primaryimage\",\"url\":\"https:\/\/exceladvisor.org\/wp-content\/uploads\/2023\/08\/1-feuille-excel-et-feuille-de-calcul.png\",\"contentUrl\":\"https:\/\/exceladvisor.org\/wp-content\/uploads\/2023\/08\/1-feuille-excel-et-feuille-de-calcul.png\"},{\"@type\":\"BreadcrumbList\",\"@id\":\"https:\/\/exceladvisor.org\/it\/foglio-di-lavoro\/#breadcrumb\",\"itemListElement\":[{\"@type\":\"ListItem\",\"position\":1,\"name\":\"Home\",\"item\":\"https:\/\/exceladvisor.org\/it\/\"},{\"@type\":\"ListItem\",\"position\":2,\"name\":\"Cos&#39;\u00e8 un foglio di calcolo excel?\"}]},{\"@type\":\"WebSite\",\"@id\":\"https:\/\/exceladvisor.org\/it\/#website\",\"url\":\"https:\/\/exceladvisor.org\/it\/\",\"name\":\"Excel Advisor\",\"description\":\"Tips, Tricks, and Time-Saving Hacks\",\"publisher\":{\"@id\":\"https:\/\/exceladvisor.org\/it\/#organization\"},\"potentialAction\":[{\"@type\":\"SearchAction\",\"target\":{\"@type\":\"EntryPoint\",\"urlTemplate\":\"https:\/\/exceladvisor.org\/it\/?s={search_term_string}\"},\"query-input\":{\"@type\":\"PropertyValueSpecification\",\"valueRequired\":true,\"valueName\":\"search_term_string\"}}],\"inLanguage\":\"it-IT\"},{\"@type\":\"Organization\",\"@id\":\"https:\/\/exceladvisor.org\/it\/#organization\",\"name\":\"Excel Advisor\",\"url\":\"https:\/\/exceladvisor.org\/it\/\",\"logo\":{\"@type\":\"ImageObject\",\"inLanguage\":\"it-IT\",\"@id\":\"https:\/\/exceladvisor.org\/it\/#\/schema\/logo\/image\/\",\"url\":\"https:\/\/exceladvisor.org\/it\/wp-content\/uploads\/2023\/12\/exceladvisor.org_.png\",\"contentUrl\":\"https:\/\/exceladvisor.org\/it\/wp-content\/uploads\/2023\/12\/exceladvisor.org_.png\",\"width\":105,\"height\":36,\"caption\":\"Excel Advisor\"},\"image\":{\"@id\":\"https:\/\/exceladvisor.org\/it\/#\/schema\/logo\/image\/\"}}]}<\/script>\n<!-- \/ Yoast SEO plugin. -->","yoast_head_json":{"title":"Oltre 10 fatti nascosti sui fogli di calcolo Excel 2023","description":"In Excel, un foglio di lavoro \u00e8 una raccolta di milioni di celle in cui \u00e8 possibile archiviare dati. Prendere in considerazione","robots":{"index":"index","follow":"follow","max-snippet":"max-snippet:-1","max-image-preview":"max-image-preview:large","max-video-preview":"max-video-preview:-1"},"canonical":"https:\/\/exceladvisor.org\/it\/foglio-di-lavoro\/","og_locale":"it_IT","og_type":"article","og_title":"Oltre 10 fatti nascosti sui fogli di calcolo Excel 2023","og_description":"In Excel, un foglio di lavoro \u00e8 una raccolta di milioni di celle in cui \u00e8 possibile archiviare dati. Prendere in considerazione","og_url":"https:\/\/exceladvisor.org\/it\/foglio-di-lavoro\/","og_site_name":"Excel Advisor","article_modified_time":"2023-12-10T06:27:18+00:00","og_image":[{"url":"https:\/\/exceladvisor.org\/wp-content\/uploads\/2023\/08\/1-feuille-excel-et-feuille-de-calcul.png","type":"","width":"","height":""}],"twitter_card":"summary_large_image","twitter_misc":{"Tempo di lettura stimato":"3 minuti"},"schema":{"@context":"https:\/\/schema.org","@graph":[{"@type":"WebPage","@id":"https:\/\/exceladvisor.org\/it\/foglio-di-lavoro\/","url":"https:\/\/exceladvisor.org\/it\/foglio-di-lavoro\/","name":"Oltre 10 fatti nascosti sui fogli di calcolo Excel 2023","isPartOf":{"@id":"https:\/\/exceladvisor.org\/it\/#website"},"primaryImageOfPage":{"@id":"https:\/\/exceladvisor.org\/it\/foglio-di-lavoro\/#primaryimage"},"image":{"@id":"https:\/\/exceladvisor.org\/it\/foglio-di-lavoro\/#primaryimage"},"thumbnailUrl":"https:\/\/exceladvisor.org\/wp-content\/uploads\/2023\/08\/1-feuille-excel-et-feuille-de-calcul.png","datePublished":"2023-11-21T00:24:01+00:00","dateModified":"2023-12-10T06:27:18+00:00","description":"In Excel, un foglio di lavoro \u00e8 una raccolta di milioni di celle in cui \u00e8 possibile archiviare dati. Prendere in considerazione","breadcrumb":{"@id":"https:\/\/exceladvisor.org\/it\/foglio-di-lavoro\/#breadcrumb"},"inLanguage":"it-IT","potentialAction":[{"@type":"ReadAction","target":["https:\/\/exceladvisor.org\/it\/foglio-di-lavoro\/"]}]},{"@type":"ImageObject","inLanguage":"it-IT","@id":"https:\/\/exceladvisor.org\/it\/foglio-di-lavoro\/#primaryimage","url":"https:\/\/exceladvisor.org\/wp-content\/uploads\/2023\/08\/1-feuille-excel-et-feuille-de-calcul.png","contentUrl":"https:\/\/exceladvisor.org\/wp-content\/uploads\/2023\/08\/1-feuille-excel-et-feuille-de-calcul.png"},{"@type":"BreadcrumbList","@id":"https:\/\/exceladvisor.org\/it\/foglio-di-lavoro\/#breadcrumb","itemListElement":[{"@type":"ListItem","position":1,"name":"Home","item":"https:\/\/exceladvisor.org\/it\/"},{"@type":"ListItem","position":2,"name":"Cos&#39;\u00e8 un foglio di calcolo excel?"}]},{"@type":"WebSite","@id":"https:\/\/exceladvisor.org\/it\/#website","url":"https:\/\/exceladvisor.org\/it\/","name":"Excel Advisor","description":"Tips, Tricks, and Time-Saving Hacks","publisher":{"@id":"https:\/\/exceladvisor.org\/it\/#organization"},"potentialAction":[{"@type":"SearchAction","target":{"@type":"EntryPoint","urlTemplate":"https:\/\/exceladvisor.org\/it\/?s={search_term_string}"},"query-input":{"@type":"PropertyValueSpecification","valueRequired":true,"valueName":"search_term_string"}}],"inLanguage":"it-IT"},{"@type":"Organization","@id":"https:\/\/exceladvisor.org\/it\/#organization","name":"Excel Advisor","url":"https:\/\/exceladvisor.org\/it\/","logo":{"@type":"ImageObject","inLanguage":"it-IT","@id":"https:\/\/exceladvisor.org\/it\/#\/schema\/logo\/image\/","url":"https:\/\/exceladvisor.org\/it\/wp-content\/uploads\/2023\/12\/exceladvisor.org_.png","contentUrl":"https:\/\/exceladvisor.org\/it\/wp-content\/uploads\/2023\/12\/exceladvisor.org_.png","width":105,"height":36,"caption":"Excel Advisor"},"image":{"@id":"https:\/\/exceladvisor.org\/it\/#\/schema\/logo\/image\/"}}]}},"yoast_meta":{"yoast_wpseo_title":"","yoast_wpseo_metadesc":"","yoast_wpseo_canonical":""},"_links":{"self":[{"href":"https:\/\/exceladvisor.org\/it\/wp-json\/wp\/v2\/pages\/1493","targetHints":{"allow":["GET"]}}],"collection":[{"href":"https:\/\/exceladvisor.org\/it\/wp-json\/wp\/v2\/pages"}],"about":[{"href":"https:\/\/exceladvisor.org\/it\/wp-json\/wp\/v2\/types\/page"}],"author":[{"embeddable":true,"href":"https:\/\/exceladvisor.org\/it\/wp-json\/wp\/v2\/users\/1"}],"replies":[{"embeddable":true,"href":"https:\/\/exceladvisor.org\/it\/wp-json\/wp\/v2\/comments?post=1493"}],"version-history":[{"count":1,"href":"https:\/\/exceladvisor.org\/it\/wp-json\/wp\/v2\/pages\/1493\/revisions"}],"predecessor-version":[{"id":2883,"href":"https:\/\/exceladvisor.org\/it\/wp-json\/wp\/v2\/pages\/1493\/revisions\/2883"}],"wp:attachment":[{"href":"https:\/\/exceladvisor.org\/it\/wp-json\/wp\/v2\/media?parent=1493"}],"curies":[{"name":"wp","href":"https:\/\/api.w.org\/{rel}","templated":true}]}}