{"id":1494,"date":"2023-11-20T20:49:18","date_gmt":"2023-11-20T20:49:18","guid":{"rendered":"https:\/\/exceladvisor.org\/it\/aggiungi-filigrana\/"},"modified":"2023-12-10T06:20:12","modified_gmt":"2023-12-10T06:20:12","slug":"aggiungi-filigrana","status":"publish","type":"page","link":"https:\/\/exceladvisor.org\/it\/aggiungi-filigrana\/","title":{"rendered":"Come aggiungere una filigrana in excel?"},"content":{"rendered":"<div class=\"excel-prima-del-contenuto\" id=\"excel-4202633072\"><script type=\"text\/javascript\">\r\n\tatOptions = {\r\n\t\t'key' : 'c1158f160081d6540a8409e6925dab94',\r\n\t\t'format' : 'iframe',\r\n\t\t'height' : 250,\r\n\t\t'width' : 300,\r\n\t\t'params' : {}\r\n\t};\r\n<\/script>\r\n<script type=\"text\/javascript\" src=\"\/\/www.highperformanceformat.com\/c1158f160081d6540a8409e6925dab94\/invoke.js\"><\/script><\/div> <p>Una filigrana \u00e8 un&#8217;immagine o un testo trasparente sullo sfondo del documento.<\/p><p> Pu\u00f2 essere utilizzato per proteggere il documento dall&#8217;uso non autorizzato aggiungendo l&#8217;immagine o il testo sullo sfondo che indica che si ha il diritto di utilizzare o distribuire in anticipo o etichettare il documento come \u201cConfidenziale\u201d, \u201cBozza\u201d, \u201cEsempio\u201d, \u201cVersioni\u201d, ecc.<\/p><p> Gli utenti possono anche utilizzare la filigrana per marchiare l&#8217;azienda aggiungendo l&#8217;immagine del logo. Excel non dispone di una funzionalit\u00e0 di filigrana incorporata, ma gli utenti possono aggiungere, formattare e sostituire la filigrana come immagine e testo in un foglio di lavoro in diversi modi.<\/p><p> Di seguito abbiamo catturato alcuni passaggi semplici e rapidi per aggiungere, formattare, sostituire e rimuovere la filigrana in Excel.<\/p><h2 class=\"wp-block-heading\"> Aggiungi filigrana come immagine in Excel utilizzando intestazione e pi\u00e8 di pagina<\/h2><p> Per inserire la filigrana come immagine o immagine, gli utenti possono aggiungerla utilizzando l&#8217;opzione &#8220;Intestazione e pi\u00e8 di pagina&#8221;.<\/p><ol><li> Innanzitutto, vai alla scheda \u201cInserisci\u201d, quindi fai clic sull\u2019icona \u201cTesto\u201d sulla barra multifunzione e seleziona l\u2019opzione \u201cIntestazione e pi\u00e8 di pagina\u201d. <br><img loading=\"lazy\" decoding=\"async\" title=\"1 linguetta di inserimento\" src=\"https:\/\/exceladvisor.org\/wp-content\/uploads\/2023\/08\/1-inserer-longlet-2.png\" sizes=\"auto, \" srcset=\"\" alt=\"insert-tab\" width=\"933\" height=\"227\"><\/li><li> Successivamente, fai clic sull&#8217;icona &#8220;Immagine&#8221; nel gruppo &#8220;Elementi di intestazione e pi\u00e8 di pagina&#8221; sulla barra multifunzione. <br><img loading=\"lazy\" decoding=\"async\" title=\"2 elementi di intestazione e pi\u00e8 di pagina\" src=\"https:\/\/exceladvisor.org\/wp-content\/uploads\/2023\/08\/2-element-den-tete-de-pied-de-page.png\" sizes=\"auto, \" srcset=\"\" alt=\"header-&amp;-footer-element\" width=\"749\" height=\"322\"><\/li><li> Ora seleziona l&#8217;immagine o l&#8217;immagine a cui desideri applicare la filigrana nella finestra di dialogo &#8220;Inserisci immagini&#8221; e fai clic sul pulsante &#8220;Inserisci&#8221;. <br><img loading=\"lazy\" decoding=\"async\" title=\"3-inserisci-foto\" src=\"https:\/\/exceladvisor.org\/wp-content\/uploads\/2023\/08\/3-photos-dinsertion.png\" sizes=\"auto, \" srcset=\"\" alt=\"insert-pictures\" width=\"611\" height=\"415\"><\/li><li> A questo punto, la tua immagine \u00e8 stata aggiunta come filigrana, ma non si rifletter\u00e0 immediatamente sul foglio di calcolo e si rifletter\u00e0 come &amp;[Immagine] nell&#8217;area dell&#8217;intestazione centrale. <br><img loading=\"lazy\" decoding=\"async\" title=\"Codice a 4 filigrane\" src=\"https:\/\/exceladvisor.org\/wp-content\/uploads\/2023\/08\/4-code-filigrane.png\" sizes=\"auto, \" srcset=\"\" alt=\"watermark-code\" width=\"756\" height=\"310\"><\/li><li> Per spostare la filigrana al centro della pagina, posiziona il cursore appena prima del codice &amp;[Immagine] e premi Invio pi\u00f9 volte per spostare la filigrana. <br><img loading=\"lazy\" decoding=\"async\" title=\"Filigrana a 5 movimenti\" src=\"https:\/\/exceladvisor.org\/wp-content\/uploads\/2023\/08\/Filigrane-a-5-mouvements.png\" sizes=\"auto, \" srcset=\"\" alt=\"move-watermark\" width=\"540\" height=\"422\"><\/li><li> Alla fine, fai clic in un punto qualsiasi della cella all&#8217;esterno dell&#8217;intestazione e l&#8217;immagine aggiunta come filigrana dovrebbe essere visibile. <br><img loading=\"lazy\" decoding=\"async\" title=\"6 filigrane come immagine\" src=\"https:\/\/exceladvisor.org\/wp-content\/uploads\/2023\/08\/6-filigrane-comme-image.png\" sizes=\"auto, \" srcset=\"\" alt=\"watermark-as-image\" width=\"481\" height=\"331\"><br><br><\/li><\/ol><h2 class=\"wp-block-heading\"> Formatta l&#8217;immagine della filigrana in Excel<\/h2><ol><li> Innanzitutto, apri la visualizzazione Intestazione e pi\u00e8 di pagina per formattare l&#8217;immagine della filigrana. <br><img loading=\"lazy\" decoding=\"async\" title=\"7 sezioni di intestazione e pi\u00e8 di pagina\" src=\"https:\/\/exceladvisor.org\/wp-content\/uploads\/2023\/08\/7-section-den-tete-de-pied-de-page.png\" sizes=\"auto, \" srcset=\"\" alt=\"header-footer-section\" width=\"740\" height=\"315\"><\/li><li> Per formattare la dimensione e il colore dell&#8217;immagine della filigrana, fare clic sull&#8217;icona &#8220;Formatta immagine&#8221; sotto il gruppo &#8220;Elementi di intestazione e pi\u00e8 di pagina&#8221; sulla barra multifunzione.<\/li><li> Dopo aver fatto clic su &#8220;Formatta immagine&#8221;, si aprir\u00e0 una finestra &#8220;Formatta immagine&#8221; e nella scheda &#8220;Dimensione&#8221; \u00e8 possibile regolare la dimensione dell&#8217;immagine della filigrana. <br><img loading=\"lazy\" decoding=\"async\" title=\"8 dimensioni dell'immagine in formato\" src=\"https:\/\/exceladvisor.org\/wp-content\/uploads\/2023\/08\/Taille-dimage-au-format-8.png\" sizes=\"auto, \" srcset=\"\" alt=\"format-picture-size\" width=\"392\" height=\"484\"><\/li><li> Nella stessa finestra \u201cFormatta immagine\u201d, puoi selezionare la scheda \u201cImmagine\u201d e regolare la luminosit\u00e0, il contrasto e il colore dell&#8217;immagine della filigrana. <br><img loading=\"lazy\" decoding=\"async\" title=\"Formato immagine a 9 colori\" src=\"https:\/\/exceladvisor.org\/wp-content\/uploads\/2023\/08\/Couleur-dimage-au-format-9.png\" sizes=\"auto, \" srcset=\"\" alt=\"9-format-picture-color\" width=\"386\" height=\"475\"><\/li><\/ol><h2 class=\"wp-block-heading\"> Ruota l&#8217;immagine della filigrana in Excel<\/h2><p> Excel non dispone di un&#8217;opzione di rotazione per ruotare l&#8217;immagine della filigrana.<\/p><p> Se gli utenti desiderano ruotare l&#8217;immagine della filigrana, devono prima salvare l&#8217;immagine come immagine ruotata e per questo abbiamo passaggi su come ruotare e salvare l&#8217;immagine. immagine prima di aggiungerla a &#8220;Intestazione e pi\u00e8 di pagina&#8221; come filigrana.<\/p><ol><li> Per prima cosa vai alla scheda \u201cInserisci\u201d, quindi fai clic sull\u2019icona \u201cIllustrazioni\u201d, quindi fai clic su \u201cImmagini\u201d e seleziona l\u2019opzione da cui desideri aggiungere l\u2019immagine. <br><img loading=\"lazy\" decoding=\"async\" title=\"icona 10 illustrazioni\" src=\"https:\/\/exceladvisor.org\/wp-content\/uploads\/2023\/08\/icone-10-illustrations.png\" sizes=\"auto, \" srcset=\"\" alt=\"illustrations-icon\" width=\"481\" height=\"300\"><\/li><li> Successivamente, seleziona l&#8217;immagine e fai clic su &#8220;Inserisci&#8221;.<\/li><li> Ora tieni premuta la freccia di rotazione e ruota l&#8217;immagine come desiderato. <br><img loading=\"lazy\" decoding=\"async\" title=\"11-ruota-immagine\" src=\"https:\/\/exceladvisor.org\/wp-content\/uploads\/2023\/08\/11-faire-pivoter-limage.png\" sizes=\"auto, \" srcset=\"\" alt=\"rotate-image\" width=\"558\" height=\"326\"><\/li><li> Dopo aver ruotato l&#8217;immagine, fai clic con il pulsante destro del mouse, seleziona &#8220;Salva come immagine&#8221; dal menu contestuale e salvala.<\/li><li> Dopo aver salvato l&#8217;immagine, fai clic sul bordo dell&#8217;immagine ed eliminala. <br><img loading=\"lazy\" decoding=\"async\" title=\"12-salva-come-immagine\" src=\"https:\/\/exceladvisor.org\/wp-content\/uploads\/2023\/08\/12-enregistrer-en-tant-quimage.png\" sizes=\"auto, \" srcset=\"\" alt=\"save-as-picture\" width=\"573\" height=\"444\"><\/li><li> Ora apri &#8220;Intestazione e pi\u00e8 di pagina&#8221; e aggiungi l&#8217;immagine salvata sopra come filigrana e otterrai l&#8217;immagine della filigrana ruotata. <br><img loading=\"lazy\" decoding=\"async\" title=\"13 immagini di filigrana rotante\" src=\"https:\/\/exceladvisor.org\/wp-content\/uploads\/2023\/08\/13-image-filigrane-pivotee.png\" sizes=\"auto, \" srcset=\"\" alt=\"rotated-watermark-image\" width=\"540\" height=\"371\"><\/li><\/ol><h2 class=\"wp-block-heading\"> Aggiungi testo come immagine filigrana utilizzando Word Art<\/h2><p> A volte gli utenti desiderano visualizzare testo come &#8220;Confidenziale&#8221;, &#8220;Bozza&#8221;, &#8220;Esempio&#8221;, &#8220;Nome dominio azienda&#8221;, ecc. come immagine filigrana.<\/p><p> Per questo, gli utenti possono inserire il testo utilizzando l&#8217;opzione &#8220;WordArt&#8221; e utilizzare questo testo come immagine filigrana.<\/p><ol><li> Innanzitutto, vai alla scheda &#8220;Inserisci&#8221; e fai clic sull&#8217;icona &#8220;Testo&#8221; sulla barra multifunzione.<\/li><li> Successivamente, seleziona l&#8217;opzione &#8220;WordArt&#8221; e seleziona lo stile &#8220;WordArt&#8221; che desideri utilizzare per scrivere il testo della filigrana. <br><img loading=\"lazy\" decoding=\"async\" title=\"14 parole\" src=\"https:\/\/exceladvisor.org\/wp-content\/uploads\/2023\/08\/14-mots.png\" sizes=\"auto, \" srcset=\"\" alt=\"wordart\" width=\"632\" height=\"343\"><\/li><li> Una volta selezionato lo stile &#8220;WordArt&#8221;, otterrai un campo di testo per aggiungere il testo e che conterr\u00e0 un testo di esempio come &#8220;Il tuo testo qui&#8221; nello stile che hai scelto.<\/li><li> Ora fai clic nel campo di testo, elimina il testo di esempio &#8220;Il tuo testo qui&#8221; e inserisci il testo che desideri come filigrana. <br><img loading=\"lazy\" decoding=\"async\" title=\"Casella di testo da 15 parole\" src=\"https:\/\/exceladvisor.org\/wp-content\/uploads\/2023\/08\/zone-de-texte-de-15-mots.png\" sizes=\"auto, \" srcset=\"\" alt=\"wordart-text-box\" width=\"696\" height=\"368\"><\/li><li> Successivamente, tieni premuto il bordo della casella di testo e sposta la casella di testo dove preferisci.<\/li><li> Ora tieni premuta la freccia di rotazione e ruota il campo di testo come desiderato.<\/li><li> Se desideri formattare la casella di testo, inclusi il carattere e lo stile dello sfondo, puoi farlo dalla scheda &#8220;Formatta forma&#8221;.<\/li><li> Una volta che hai finito con questa casella di testo, fai clic con il pulsante destro del mouse su qualsiasi cerchio del bordo della casella di testo e seleziona &#8220;Salva come immagine&#8221;.<\/li><li> A questo punto, il tuo testo \u00e8 ora salvato come immagine e puoi utilizzare questa immagine di testo come immagine della filigrana.<\/li><\/ol><h2 class=\"wp-block-heading\"> Aggiungi filigrana come testo modificabile in Excel utilizzando intestazione e pi\u00e8 di pagina<\/h2><ol><li> Innanzitutto, apri la visualizzazione &#8220;Intestazione e pi\u00e8 di pagina&#8221; e inserisci il testo che desideri utilizzare come filigrana. (Ad esempio, abbiamo inserito &#8220;Excelchamaps.com&#8221; come testo).<\/li><li> Successivamente, posiziona il cursore appena prima del testo (Excelchmaps.com) e premi Invio pi\u00f9 volte per spostare la filigrana al centro della pagina.<\/li><li> Ora per formattare il testo, seleziona tutto il testo e vai alla scheda &#8220;Home&#8221;.<\/li><li> Nel gruppo &#8220;Carattere&#8221; sulla barra multifunzione, puoi selezionare il tipo di carattere, la dimensione e il colore che desideri per il testo della filigrana.<\/li><li> A questo punto, la filigrana \u00e8 stata aggiunta e per vederla, fai clic in un punto qualsiasi della cella all&#8217;esterno dell&#8217;intestazione e il testo aggiunto come filigrana dovrebbe essere visibile.<\/li><\/ol><h2 class=\"wp-block-heading\"> Rimuovi o sostituisci la filigrana esistente<\/h2><ol><li> Innanzitutto, vai alla scheda \u201cInserisci\u201d, quindi fai clic sull\u2019icona \u201cTesto\u201d e seleziona la sezione \u201cIntestazione e pi\u00e8 di pagina\u201d. <br><img loading=\"lazy\" decoding=\"async\" title=\"22-icona-testo-Copia\" src=\"https:\/\/exceladvisor.org\/wp-content\/uploads\/2023\/08\/22-copie-dicone-de-texte.png\" sizes=\"auto, \" srcset=\"\" alt=\"text-icon-Copy\" width=\"858\" height=\"209\"><\/li><li> Successivamente, seleziona il codice &amp;[Immagine] e tocca Elimina per rimuovere la filigrana. <br><img loading=\"lazy\" decoding=\"async\" title=\"Codice immagine da 23 intestazioni\" src=\"https:\/\/exceladvisor.org\/wp-content\/uploads\/2023\/08\/23-code-dimage-den-tete.png\" sizes=\"auto, \" srcset=\"\" alt=\"header-picture-code\" width=\"517\" height=\"374\"><\/li><li> Dopo aver rimosso il codice della filigrana, fai clic in un punto qualsiasi della cella all&#8217;esterno dell&#8217;intestazione e la filigrana verr\u00e0 rimossa.<\/li><li> Ora, per sostituire o aggiungere la nuova immagine della filigrana, segui nuovamente i passaggi \u201cAggiungi un&#8217;immagine della filigrana in Excel utilizzando \u201cIntestazione e pi\u00e8 di pagina\u201d.<\/li><\/ol><div class=\"gb-container gb-container-4db6181c gb-container-mt\"> <a class=\"gb-button gb-button-c5897111 gb-button-text gb-button-mt-button\" href=\"https:\/\/exceladvisor.org\/it\/nozioni-di-base-su-excel\/\">Nozioni di base su Microsoft Excel (componenti, parti e note informative)<\/a><h2 class=\"gb-headline gb-headline-665e5f6b gb-headline-text gb-headline-mt-heading\"> Tutorial correlati <\/h2><div class=\"gb-grid-wrapper gb-grid-wrapper-a20baf7c gb-grid-wrapper-mt-grid\"><div class=\"gb-grid-column gb-grid-column-65ddf67e\"><div class=\"gb-container gb-container-65ddf67e\"><ul><li> <a href=\"https:\/\/exceladvisor.org\/it\/aggiungi-rimuovi-collegamenti-ipertestuali\/\">Aggiungi e rimuovi collegamenti ipertestuali in Excel<\/a><\/li><li> <a href=\"https:\/\/exceladvisor.org\/it\/rimuovere-le-colonne-delle-righe-nascoste\/\">Elimina le righe nascoste in Excel<\/a><\/li><li> <a href=\"https:\/\/exceladvisor.org\/it\/deselezionare-le-celle\/\">Deseleziona le celle in Excel<\/a><\/li><li> <a href=\"https:\/\/exceladvisor.org\/it\/aggiungi-una-colonna\/\">Aggiungi una colonna in Excel<\/a> <\/li><\/ul><\/div><\/div><div class=\"gb-grid-column gb-grid-column-50067b57\"><div class=\"gb-container gb-container-50067b57\"><ul><li> <a href=\"https:\/\/exceladvisor.org\/it\/eliminare-le-righe\/\">Elimina una riga o pi\u00f9 righe in Excel<\/a><\/li><li> <a href=\"https:\/\/exceladvisor.org\/it\/copia-colonna\/\">Copia e incolla una colonna in Excel<\/a><\/li><li> <a href=\"https:\/\/exceladvisor.org\/it\/sposta-la-colonna-della-riga\/\">Sposta una riga e una colonna in Excel<\/a><\/li><li> <a href=\"https:\/\/exceladvisor.org\/it\/larghezza-della-colonna\/\">Come modificare la larghezza delle colonne in Excel<\/a><\/li><\/ul><\/div><\/div><\/div><\/div>","protected":false},"excerpt":{"rendered":"","protected":false},"author":1,"featured_media":0,"parent":0,"menu_order":0,"comment_status":"open","ping_status":"closed","template":"","meta":{"ub_ctt_via":"","footnotes":""},"class_list":["post-1494","page","type-page","status-publish","hentry"],"featured_image_src":null,"yoast_head":"<!-- This site is optimized with the Yoast SEO plugin v25.4 - https:\/\/yoast.com\/wordpress\/plugins\/seo\/ -->\n<title>\u25b7 Come inserire\/filigranare in Excel? (Tutorial 2023)<\/title>\n<meta name=\"description\" content=\"In questo tutorial impareremo come aggiungere una filigrana a un foglio di calcolo in Excel. (Utilizzando tutte le opzioni disponibili).\" \/>\n<meta name=\"robots\" content=\"index, follow, max-snippet:-1, max-image-preview:large, max-video-preview:-1\" \/>\n<link rel=\"canonical\" href=\"https:\/\/exceladvisor.org\/it\/aggiungi-filigrana\/\" \/>\n<meta property=\"og:locale\" content=\"it_IT\" \/>\n<meta property=\"og:type\" content=\"article\" \/>\n<meta property=\"og:title\" content=\"\u25b7 Come inserire\/filigranare in Excel? (Tutorial 2023)\" \/>\n<meta property=\"og:description\" content=\"In questo tutorial impareremo come aggiungere una filigrana a un foglio di calcolo in Excel. (Utilizzando tutte le opzioni disponibili).\" \/>\n<meta property=\"og:url\" content=\"https:\/\/exceladvisor.org\/it\/aggiungi-filigrana\/\" \/>\n<meta property=\"og:site_name\" content=\"Excel Advisor\" \/>\n<meta property=\"article:modified_time\" content=\"2023-12-10T06:20:12+00:00\" \/>\n<meta property=\"og:image\" content=\"https:\/\/exceladvisor.org\/wp-content\/uploads\/2023\/08\/1-inserer-longlet-2.png\" \/>\n<meta name=\"twitter:card\" content=\"summary_large_image\" \/>\n<meta name=\"twitter:label1\" content=\"Tempo di lettura stimato\" \/>\n\t<meta name=\"twitter:data1\" content=\"5 minuti\" \/>\n<script type=\"application\/ld+json\" class=\"yoast-schema-graph\">{\"@context\":\"https:\/\/schema.org\",\"@graph\":[{\"@type\":\"WebPage\",\"@id\":\"https:\/\/exceladvisor.org\/it\/aggiungi-filigrana\/\",\"url\":\"https:\/\/exceladvisor.org\/it\/aggiungi-filigrana\/\",\"name\":\"\u25b7 Come inserire\/filigranare in Excel? (Tutorial 2023)\",\"isPartOf\":{\"@id\":\"https:\/\/exceladvisor.org\/it\/#website\"},\"primaryImageOfPage\":{\"@id\":\"https:\/\/exceladvisor.org\/it\/aggiungi-filigrana\/#primaryimage\"},\"image\":{\"@id\":\"https:\/\/exceladvisor.org\/it\/aggiungi-filigrana\/#primaryimage\"},\"thumbnailUrl\":\"https:\/\/exceladvisor.org\/wp-content\/uploads\/2023\/08\/1-inserer-longlet-2.png\",\"datePublished\":\"2023-11-20T20:49:18+00:00\",\"dateModified\":\"2023-12-10T06:20:12+00:00\",\"description\":\"In questo tutorial impareremo come aggiungere una filigrana a un foglio di calcolo in Excel. (Utilizzando tutte le opzioni disponibili).\",\"breadcrumb\":{\"@id\":\"https:\/\/exceladvisor.org\/it\/aggiungi-filigrana\/#breadcrumb\"},\"inLanguage\":\"it-IT\",\"potentialAction\":[{\"@type\":\"ReadAction\",\"target\":[\"https:\/\/exceladvisor.org\/it\/aggiungi-filigrana\/\"]}]},{\"@type\":\"ImageObject\",\"inLanguage\":\"it-IT\",\"@id\":\"https:\/\/exceladvisor.org\/it\/aggiungi-filigrana\/#primaryimage\",\"url\":\"https:\/\/exceladvisor.org\/wp-content\/uploads\/2023\/08\/1-inserer-longlet-2.png\",\"contentUrl\":\"https:\/\/exceladvisor.org\/wp-content\/uploads\/2023\/08\/1-inserer-longlet-2.png\"},{\"@type\":\"BreadcrumbList\",\"@id\":\"https:\/\/exceladvisor.org\/it\/aggiungi-filigrana\/#breadcrumb\",\"itemListElement\":[{\"@type\":\"ListItem\",\"position\":1,\"name\":\"Home\",\"item\":\"https:\/\/exceladvisor.org\/it\/\"},{\"@type\":\"ListItem\",\"position\":2,\"name\":\"Come aggiungere una filigrana in excel?\"}]},{\"@type\":\"WebSite\",\"@id\":\"https:\/\/exceladvisor.org\/it\/#website\",\"url\":\"https:\/\/exceladvisor.org\/it\/\",\"name\":\"Excel Advisor\",\"description\":\"Tips, Tricks, and Time-Saving Hacks\",\"publisher\":{\"@id\":\"https:\/\/exceladvisor.org\/it\/#organization\"},\"potentialAction\":[{\"@type\":\"SearchAction\",\"target\":{\"@type\":\"EntryPoint\",\"urlTemplate\":\"https:\/\/exceladvisor.org\/it\/?s={search_term_string}\"},\"query-input\":{\"@type\":\"PropertyValueSpecification\",\"valueRequired\":true,\"valueName\":\"search_term_string\"}}],\"inLanguage\":\"it-IT\"},{\"@type\":\"Organization\",\"@id\":\"https:\/\/exceladvisor.org\/it\/#organization\",\"name\":\"Excel Advisor\",\"url\":\"https:\/\/exceladvisor.org\/it\/\",\"logo\":{\"@type\":\"ImageObject\",\"inLanguage\":\"it-IT\",\"@id\":\"https:\/\/exceladvisor.org\/it\/#\/schema\/logo\/image\/\",\"url\":\"https:\/\/exceladvisor.org\/it\/wp-content\/uploads\/2023\/12\/exceladvisor.org_.png\",\"contentUrl\":\"https:\/\/exceladvisor.org\/it\/wp-content\/uploads\/2023\/12\/exceladvisor.org_.png\",\"width\":105,\"height\":36,\"caption\":\"Excel Advisor\"},\"image\":{\"@id\":\"https:\/\/exceladvisor.org\/it\/#\/schema\/logo\/image\/\"}}]}<\/script>\n<!-- \/ Yoast SEO plugin. -->","yoast_head_json":{"title":"\u25b7 Come inserire\/filigranare in Excel? (Tutorial 2023)","description":"In questo tutorial impareremo come aggiungere una filigrana a un foglio di calcolo in Excel. (Utilizzando tutte le opzioni disponibili).","robots":{"index":"index","follow":"follow","max-snippet":"max-snippet:-1","max-image-preview":"max-image-preview:large","max-video-preview":"max-video-preview:-1"},"canonical":"https:\/\/exceladvisor.org\/it\/aggiungi-filigrana\/","og_locale":"it_IT","og_type":"article","og_title":"\u25b7 Come inserire\/filigranare in Excel? (Tutorial 2023)","og_description":"In questo tutorial impareremo come aggiungere una filigrana a un foglio di calcolo in Excel. (Utilizzando tutte le opzioni disponibili).","og_url":"https:\/\/exceladvisor.org\/it\/aggiungi-filigrana\/","og_site_name":"Excel Advisor","article_modified_time":"2023-12-10T06:20:12+00:00","og_image":[{"url":"https:\/\/exceladvisor.org\/wp-content\/uploads\/2023\/08\/1-inserer-longlet-2.png","type":"","width":"","height":""}],"twitter_card":"summary_large_image","twitter_misc":{"Tempo di lettura stimato":"5 minuti"},"schema":{"@context":"https:\/\/schema.org","@graph":[{"@type":"WebPage","@id":"https:\/\/exceladvisor.org\/it\/aggiungi-filigrana\/","url":"https:\/\/exceladvisor.org\/it\/aggiungi-filigrana\/","name":"\u25b7 Come inserire\/filigranare in Excel? (Tutorial 2023)","isPartOf":{"@id":"https:\/\/exceladvisor.org\/it\/#website"},"primaryImageOfPage":{"@id":"https:\/\/exceladvisor.org\/it\/aggiungi-filigrana\/#primaryimage"},"image":{"@id":"https:\/\/exceladvisor.org\/it\/aggiungi-filigrana\/#primaryimage"},"thumbnailUrl":"https:\/\/exceladvisor.org\/wp-content\/uploads\/2023\/08\/1-inserer-longlet-2.png","datePublished":"2023-11-20T20:49:18+00:00","dateModified":"2023-12-10T06:20:12+00:00","description":"In questo tutorial impareremo come aggiungere una filigrana a un foglio di calcolo in Excel. (Utilizzando tutte le opzioni disponibili).","breadcrumb":{"@id":"https:\/\/exceladvisor.org\/it\/aggiungi-filigrana\/#breadcrumb"},"inLanguage":"it-IT","potentialAction":[{"@type":"ReadAction","target":["https:\/\/exceladvisor.org\/it\/aggiungi-filigrana\/"]}]},{"@type":"ImageObject","inLanguage":"it-IT","@id":"https:\/\/exceladvisor.org\/it\/aggiungi-filigrana\/#primaryimage","url":"https:\/\/exceladvisor.org\/wp-content\/uploads\/2023\/08\/1-inserer-longlet-2.png","contentUrl":"https:\/\/exceladvisor.org\/wp-content\/uploads\/2023\/08\/1-inserer-longlet-2.png"},{"@type":"BreadcrumbList","@id":"https:\/\/exceladvisor.org\/it\/aggiungi-filigrana\/#breadcrumb","itemListElement":[{"@type":"ListItem","position":1,"name":"Home","item":"https:\/\/exceladvisor.org\/it\/"},{"@type":"ListItem","position":2,"name":"Come aggiungere una filigrana in excel?"}]},{"@type":"WebSite","@id":"https:\/\/exceladvisor.org\/it\/#website","url":"https:\/\/exceladvisor.org\/it\/","name":"Excel Advisor","description":"Tips, Tricks, and Time-Saving Hacks","publisher":{"@id":"https:\/\/exceladvisor.org\/it\/#organization"},"potentialAction":[{"@type":"SearchAction","target":{"@type":"EntryPoint","urlTemplate":"https:\/\/exceladvisor.org\/it\/?s={search_term_string}"},"query-input":{"@type":"PropertyValueSpecification","valueRequired":true,"valueName":"search_term_string"}}],"inLanguage":"it-IT"},{"@type":"Organization","@id":"https:\/\/exceladvisor.org\/it\/#organization","name":"Excel Advisor","url":"https:\/\/exceladvisor.org\/it\/","logo":{"@type":"ImageObject","inLanguage":"it-IT","@id":"https:\/\/exceladvisor.org\/it\/#\/schema\/logo\/image\/","url":"https:\/\/exceladvisor.org\/it\/wp-content\/uploads\/2023\/12\/exceladvisor.org_.png","contentUrl":"https:\/\/exceladvisor.org\/it\/wp-content\/uploads\/2023\/12\/exceladvisor.org_.png","width":105,"height":36,"caption":"Excel Advisor"},"image":{"@id":"https:\/\/exceladvisor.org\/it\/#\/schema\/logo\/image\/"}}]}},"yoast_meta":{"yoast_wpseo_title":"","yoast_wpseo_metadesc":"","yoast_wpseo_canonical":""},"_links":{"self":[{"href":"https:\/\/exceladvisor.org\/it\/wp-json\/wp\/v2\/pages\/1494","targetHints":{"allow":["GET"]}}],"collection":[{"href":"https:\/\/exceladvisor.org\/it\/wp-json\/wp\/v2\/pages"}],"about":[{"href":"https:\/\/exceladvisor.org\/it\/wp-json\/wp\/v2\/types\/page"}],"author":[{"embeddable":true,"href":"https:\/\/exceladvisor.org\/it\/wp-json\/wp\/v2\/users\/1"}],"replies":[{"embeddable":true,"href":"https:\/\/exceladvisor.org\/it\/wp-json\/wp\/v2\/comments?post=1494"}],"version-history":[{"count":1,"href":"https:\/\/exceladvisor.org\/it\/wp-json\/wp\/v2\/pages\/1494\/revisions"}],"predecessor-version":[{"id":2289,"href":"https:\/\/exceladvisor.org\/it\/wp-json\/wp\/v2\/pages\/1494\/revisions\/2289"}],"wp:attachment":[{"href":"https:\/\/exceladvisor.org\/it\/wp-json\/wp\/v2\/media?parent=1494"}],"curies":[{"name":"wp","href":"https:\/\/api.w.org\/{rel}","templated":true}]}}