{"id":1499,"date":"2023-11-20T03:23:44","date_gmt":"2023-11-20T03:23:44","guid":{"rendered":"https:\/\/exceladvisor.org\/it\/appuntamento-con-julienne-2\/"},"modified":"2023-12-10T06:22:31","modified_gmt":"2023-12-10T06:22:31","slug":"appuntamento-con-julienne-2","status":"publish","type":"page","link":"https:\/\/exceladvisor.org\/it\/appuntamento-con-julienne-2\/","title":{"rendered":"Come convertire una data in una data giuliana?"},"content":{"rendered":"<div class=\"excel-prima-del-contenuto\" id=\"excel-3338881625\"><script type=\"text\/javascript\">\r\n\tatOptions = {\r\n\t\t'key' : 'c1158f160081d6540a8409e6925dab94',\r\n\t\t'format' : 'iframe',\r\n\t\t'height' : 250,\r\n\t\t'width' : 300,\r\n\t\t'params' : {}\r\n\t};\r\n<\/script>\r\n<script type=\"text\/javascript\" src=\"\/\/www.highperformanceformat.com\/c1158f160081d6540a8409e6925dab94\/invoke.js\"><\/script><\/div> <p>Se desideri convertire una data normale in una data giuliana in Excel, devi ottenere il numero dell&#8217;anno e del giorno dalla data. E poi combina i due dove l&#8217;anno viene per primo e il numero del giorno viene per secondo. Di seguito \u00e8 riportato il formato di una data giuliana. <\/p><div class=\"wp-block-image\"><figure class=\"aligncenter size-full is-resized\"><img loading=\"lazy\" decoding=\"async\" class=\"wp-image-83047\" src=\"https:\/\/exceladvisor.org\/wp-content\/uploads\/2023\/08\/1-format-de-date-julien.png\" sizes=\"auto, \" srcset=\"\" alt=\"formato-data-julien\" width=\"501\" height=\"174\"><\/figure><\/div><p> Oltre a questo, puoi anche utilizzare il formato seguente. Esistono diversi formati per la data di Julian che puoi utilizzare. <\/p><div class=\"wp-block-image\"><figure class=\"aligncenter size-full is-resized\"><img loading=\"lazy\" decoding=\"async\" class=\"wp-image-83048\" src=\"https:\/\/exceladvisor.org\/wp-content\/uploads\/2023\/08\/2-format-supplementaire-de-date-julienne.png\" sizes=\"auto, \" srcset=\"\" alt=\"formato-addizionale-della-data-giuliana\" width=\"498\" height=\"172\"><\/figure><\/div><h2 class=\"wp-block-heading\"> Formula Excel per la data giuliana<\/h2><p> Ecco i passaggi per scrivere questa formula:<\/p><ol type=\"1\"><li> Innanzitutto, inserisci la funzione TESTO in una cella per ottenere l&#8217;anno dalla data TESTO(A1,&#8221;AAAA&#8221;).<\/li><li> Successivamente, inserisci una e commerciale (&amp;) per inserire la seconda formula per ottenere il giorno dell&#8217;anno.<\/li><li> Ora qui devi usare di nuovo TEXT con DATE e YEAR.<\/li><li> Pertanto, inserisci questa formula TEXT(A1-DATE(YEAR(A1),1,0), \u00bb000\u2033) dopo questa e commerciale per <a href=\"https:\/\/exceladvisor.org\/it\/ottenere-il-numero-del-giorno-dellanno\/\">ottenere il giorno dell&#8217;anno<\/a> . <\/li><\/ol><div class=\"wp-block-image\"><figure class=\"aligncenter size-full is-resized\"><img loading=\"lazy\" decoding=\"async\" class=\"wp-image-83049\" src=\"https:\/\/exceladvisor.org\/wp-content\/uploads\/2023\/08\/3-formule-pour-la-date-julienne.png\" sizes=\"auto, \" srcset=\"\" alt=\"formula-per-julian-date\" width=\"628\" height=\"140\"><\/figure><\/div><p> Nel momento in cui premi il tasto Invio per ottenerlo, viene restituito un numero, una data giuliana. E in questa data, le prime quattro cifre sono l&#8217;anno, e le tre cifre successive sono il numero del giorno dell&#8217;anno. <\/p><div class=\"wp-block-image\"><figure class=\"aligncenter size-full is-resized\"><img loading=\"lazy\" decoding=\"async\" class=\"wp-image-83050\" src=\"https:\/\/exceladvisor.org\/wp-content\/uploads\/2023\/08\/4-nombre-comme-date-julienne.png\" sizes=\"auto, \" srcset=\"\" alt=\"numero-come-data-julienne\" width=\"590\" height=\"162\"><\/figure><\/div><pre class=\"wp-block-code\"> <code class=\"language-excel-formula\" lang=\"excel-formula\">=TEXT(A1,\"YYYY\")&amp;TEXT(A1-DATE(YEAR(A1),1,0),\"000\")<\/code><\/pre><p> Per comprendere questa formula \u00e8 necessario dividerla in due parti: <\/p><div class=\"wp-block-image\"><figure class=\"aligncenter size-full is-resized\"><img loading=\"lazy\" decoding=\"async\" class=\"wp-image-83051\" src=\"https:\/\/exceladvisor.org\/wp-content\/uploads\/2023\/08\/5-formule-divisee-en-deux-parties.png\" sizes=\"auto, \" srcset=\"\" alt=\"formula divisa in due parti\" width=\"622\" height=\"94\"><\/figure><\/div><p> Nella prima parte, hai utilizzato la funzione TESTO per ottenere l&#8217;anno dalla data nel formato \u201cAAAA\u201d. <\/p><div class=\"wp-block-image\"><figure class=\"aligncenter size-full is-resized\"><img loading=\"lazy\" decoding=\"async\" class=\"wp-image-83052\" src=\"https:\/\/exceladvisor.org\/wp-content\/uploads\/2023\/08\/6-fonction-de-texte-pour-obtenir-lannee.png\" sizes=\"auto, \" srcset=\"\" alt=\"funzione-testo-per-ottenere-anno\" width=\"679\" height=\"141\"><\/figure><\/div><p> E nella seconda parte combiniamo tre funzioni, TESTO, DATA e ANNO. ANNO restituisce l&#8217;anno dalla data originale; con questo DATE crea il <sup>1\u00b0<\/sup> giorno dell&#8217;anno. <\/p><div class=\"wp-block-image\"><figure class=\"aligncenter size-full is-resized\"><img loading=\"lazy\" decoding=\"async\" class=\"wp-image-83053\" src=\"https:\/\/exceladvisor.org\/wp-content\/uploads\/2023\/08\/7-deuxieme-partie-a-des-fonctions-de-date-et-dannee-de-texte.png\" sizes=\"auto, \" srcset=\"\" alt=\"la seconda parte ha funzioni di testo, data e anno\" width=\"686\" height=\"73\"><\/figure><\/div><p> Successivamente, TEXT utilizza questa data e la sottrae dalla data originale. E alla fine, utilizzando il formato &#8220;000&#8221;, lo converte in un numero di tre cifre, il numero del giorno dell&#8217;anno. <\/p><div class=\"wp-block-image\"><figure class=\"aligncenter size-full is-resized\"><img loading=\"lazy\" decoding=\"async\" class=\"wp-image-83055\" src=\"https:\/\/exceladvisor.org\/wp-content\/uploads\/2023\/08\/8-texte-utilise-cette-date.png\" sizes=\"auto, \" srcset=\"\" alt=\"testo-usa-questa-data\" width=\"699\" height=\"161\"><\/figure><\/div><p> E nel complesso, questa formula fornisce il numero dell&#8217;anno e del giorno in una singola cella come data giuliana.<\/p><h2 class=\"wp-block-heading\"> Data giuliana in altri formati<\/h2><p> Come ho detto all&#8217;inizio, esistono diversi formati della data giuliana. E puoi usarne uno qualsiasi. Ad esempio, con la formula seguente puoi creare una data giuliana in cui hai l&#8217;anno come numero a due cifre e poi il giorno come numero a tre cifre. <\/p><div class=\"wp-block-image\"><figure class=\"aligncenter size-full is-resized\"><img loading=\"lazy\" decoding=\"async\" class=\"wp-image-83056\" src=\"https:\/\/exceladvisor.org\/wp-content\/uploads\/2023\/08\/Date-du-9-julien-dans-dautres-formats.png\" sizes=\"auto, \" srcset=\"\" alt=\"Julienne-date-in-altri-formati\" width=\"683\" height=\"176\"><\/figure><\/div><pre class=\"wp-block-code\"> <code class=\"language-excel-formula\" lang=\"excel-formula\">=TEXT(A1,\"YY\")&amp;TEXT(A1-DATE(YEAR(A1),1,0),\"000\")<\/code><\/pre><h2 class=\"wp-block-heading\"> Conversione dalla data giuliana<\/h2><p> Se hai gi\u00e0 una data giuliana e desideri riconvertirla in una data normale, puoi utilizzare la formula seguente: <\/p><div class=\"wp-block-image\"><figure class=\"aligncenter size-full is-resized\"><img loading=\"lazy\" decoding=\"async\" class=\"wp-image-83057\" src=\"https:\/\/exceladvisor.org\/wp-content\/uploads\/2023\/08\/10-reconvertir-a-la-date-normale.png\" sizes=\"auto, \" srcset=\"\" alt=\"riconvertire alla data normale\" width=\"473\" height=\"274\"><\/figure><\/div><pre class=\"wp-block-code\"> <code class=\"language-excel-formula\" lang=\"excel-formula\">=DATE(LEFT(A2,4),1,RIGHT(A2,3))<\/code><\/pre><p> Per comprendere questa formula \u00e8 necessario comprendere la funzione DATA perch\u00e9 la funzione principale \u00e8 la funzione DATA. <\/p><div class=\"wp-block-image\"><figure class=\"aligncenter size-full is-resized\"><img loading=\"lazy\" decoding=\"async\" class=\"wp-image-83058\" src=\"https:\/\/exceladvisor.org\/wp-content\/uploads\/2023\/08\/11-formule-pour-revenir-a-la-date-normale.png\" sizes=\"auto, \" srcset=\"\" alt=\"formula da convertire in data normale\" width=\"570\" height=\"86\"><\/figure><\/div><p> LEFT restituisce l&#8217;anno dalla data estraendo quattro cifre da sinistra. Ad esempio, nel secondo argomento (mese), hai 1, che significa il primo mese (Gen).<\/p><p> Ora nel terzo argomento abbiamo RIGHT, che restituisce il numero del giorno dell&#8217;anno. Il numero di giorni qui \u00e8 324, pi\u00f9 del numero totale di giorni che normalmente ha un mese (30\/31). E la funzione DATA \u00e8 abbastanza intelligente da regolare questi giorni in mesi e fornire una data corretta. <\/p><div class=\"wp-block-image\"><figure class=\"aligncenter size-full is-resized\"><img loading=\"lazy\" decoding=\"async\" class=\"wp-image-83059\" src=\"https:\/\/exceladvisor.org\/wp-content\/uploads\/2023\/08\/Date-du-12-julien-convertie-en-date-normale.png\" sizes=\"auto, \" srcset=\"\" alt=\"data-julienne-convertita-in-data-normale\" width=\"544\" height=\"276\"><\/figure><\/div><div class=\"gb-container gb-container-0df56012 gb-container-mt\"> <a class=\"gb-button gb-button-f9f432f4 gb-button-text gb-button-mt-button\" href=\"https:\/\/exceladvisor.org\/it\/formule\/\">Elenco delle formule di Excel<\/a><h2 class=\"gb-headline gb-headline-233444e8 gb-headline-text gb-headline-mt-heading\"> Formule correlate <\/h2><div class=\"gb-grid-wrapper gb-grid-wrapper-a16fa65c gb-grid-wrapper-mt-grid\"><div class=\"gb-grid-column gb-grid-column-50d07e0d\"><div class=\"gb-container gb-container-50d07e0d\"><ul><li> <a href=\"https:\/\/exceladvisor.org\/it\/aggiungere-la-data-della-settimana\/\">Aggiungi-sottrai settimana da una data in Excel<\/a><\/li><li> <a href=\"https:\/\/exceladvisor.org\/it\/ottieni-il-nome-del-giorno\/\">Ottieni il nome del giorno da una data in Excel<\/a><\/li><li> <a href=\"https:\/\/exceladvisor.org\/it\/giorni-del-mese\/\">Ottieni il numero totale di giorni di mesi in Excel<\/a> <\/li><\/ul><\/div><\/div><div class=\"gb-grid-column gb-grid-column-5b4a0cf9\"><div class=\"gb-container gb-container-5b4a0cf9\"><ul><li> <a href=\"https:\/\/exceladvisor.org\/it\/giorni-del-conto-alla-rovescia\/\">Giorni di conto alla rovescia<\/a><\/li><li> <a href=\"https:\/\/exceladvisor.org\/it\/giorni-tra-due-date\/\">Contare i giorni tra due date<\/a><\/li><li> <a href=\"https:\/\/exceladvisor.org\/it\/domenica-precedente-2\/\">Ottieni la domenica precedente<\/a><\/li><\/ul><\/div><\/div><\/div><\/div>","protected":false},"excerpt":{"rendered":"","protected":false},"author":1,"featured_media":0,"parent":0,"menu_order":0,"comment_status":"open","ping_status":"closed","template":"","meta":{"ub_ctt_via":"","footnotes":""},"class_list":["post-1499","page","type-page","status-publish","hentry"],"featured_image_src":null,"yoast_head":"<!-- This site is optimized with the Yoast SEO plugin v25.4 - https:\/\/yoast.com\/wordpress\/plugins\/seo\/ -->\n<title>Come convertire una data in una data giuliana? (Tutorial 2023)<\/title>\n<meta name=\"description\" content=\"Questo tutorial ti insegner\u00e0 come scrivere una formula Excel per convertire una data normale in una data giuliana. Controlliamo questo...\" \/>\n<meta name=\"robots\" content=\"index, follow, max-snippet:-1, max-image-preview:large, max-video-preview:-1\" \/>\n<link rel=\"canonical\" href=\"https:\/\/exceladvisor.org\/it\/appuntamento-con-julienne-2\/\" \/>\n<meta property=\"og:locale\" content=\"it_IT\" \/>\n<meta property=\"og:type\" content=\"article\" \/>\n<meta property=\"og:title\" content=\"Come convertire una data in una data giuliana? (Tutorial 2023)\" \/>\n<meta property=\"og:description\" content=\"Questo tutorial ti insegner\u00e0 come scrivere una formula Excel per convertire una data normale in una data giuliana. Controlliamo questo...\" \/>\n<meta property=\"og:url\" content=\"https:\/\/exceladvisor.org\/it\/appuntamento-con-julienne-2\/\" \/>\n<meta property=\"og:site_name\" content=\"Excel Advisor\" \/>\n<meta property=\"article:modified_time\" content=\"2023-12-10T06:22:31+00:00\" \/>\n<meta property=\"og:image\" content=\"https:\/\/exceladvisor.org\/wp-content\/uploads\/2023\/08\/1-format-de-date-julien.png\" \/>\n<meta name=\"twitter:card\" content=\"summary_large_image\" \/>\n<meta name=\"twitter:label1\" content=\"Tempo di lettura stimato\" \/>\n\t<meta name=\"twitter:data1\" content=\"3 minuti\" \/>\n<script type=\"application\/ld+json\" class=\"yoast-schema-graph\">{\"@context\":\"https:\/\/schema.org\",\"@graph\":[{\"@type\":\"WebPage\",\"@id\":\"https:\/\/exceladvisor.org\/it\/appuntamento-con-julienne-2\/\",\"url\":\"https:\/\/exceladvisor.org\/it\/appuntamento-con-julienne-2\/\",\"name\":\"Come convertire una data in una data giuliana? (Tutorial 2023)\",\"isPartOf\":{\"@id\":\"https:\/\/exceladvisor.org\/it\/#website\"},\"primaryImageOfPage\":{\"@id\":\"https:\/\/exceladvisor.org\/it\/appuntamento-con-julienne-2\/#primaryimage\"},\"image\":{\"@id\":\"https:\/\/exceladvisor.org\/it\/appuntamento-con-julienne-2\/#primaryimage\"},\"thumbnailUrl\":\"https:\/\/exceladvisor.org\/wp-content\/uploads\/2023\/08\/1-format-de-date-julien.png\",\"datePublished\":\"2023-11-20T03:23:44+00:00\",\"dateModified\":\"2023-12-10T06:22:31+00:00\",\"description\":\"Questo tutorial ti insegner\u00e0 come scrivere una formula Excel per convertire una data normale in una data giuliana. Controlliamo questo...\",\"breadcrumb\":{\"@id\":\"https:\/\/exceladvisor.org\/it\/appuntamento-con-julienne-2\/#breadcrumb\"},\"inLanguage\":\"it-IT\",\"potentialAction\":[{\"@type\":\"ReadAction\",\"target\":[\"https:\/\/exceladvisor.org\/it\/appuntamento-con-julienne-2\/\"]}]},{\"@type\":\"ImageObject\",\"inLanguage\":\"it-IT\",\"@id\":\"https:\/\/exceladvisor.org\/it\/appuntamento-con-julienne-2\/#primaryimage\",\"url\":\"https:\/\/exceladvisor.org\/wp-content\/uploads\/2023\/08\/1-format-de-date-julien.png\",\"contentUrl\":\"https:\/\/exceladvisor.org\/wp-content\/uploads\/2023\/08\/1-format-de-date-julien.png\"},{\"@type\":\"BreadcrumbList\",\"@id\":\"https:\/\/exceladvisor.org\/it\/appuntamento-con-julienne-2\/#breadcrumb\",\"itemListElement\":[{\"@type\":\"ListItem\",\"position\":1,\"name\":\"Home\",\"item\":\"https:\/\/exceladvisor.org\/it\/\"},{\"@type\":\"ListItem\",\"position\":2,\"name\":\"Come convertire una data in una data giuliana?\"}]},{\"@type\":\"WebSite\",\"@id\":\"https:\/\/exceladvisor.org\/it\/#website\",\"url\":\"https:\/\/exceladvisor.org\/it\/\",\"name\":\"Excel Advisor\",\"description\":\"Tips, Tricks, and Time-Saving Hacks\",\"publisher\":{\"@id\":\"https:\/\/exceladvisor.org\/it\/#organization\"},\"potentialAction\":[{\"@type\":\"SearchAction\",\"target\":{\"@type\":\"EntryPoint\",\"urlTemplate\":\"https:\/\/exceladvisor.org\/it\/?s={search_term_string}\"},\"query-input\":{\"@type\":\"PropertyValueSpecification\",\"valueRequired\":true,\"valueName\":\"search_term_string\"}}],\"inLanguage\":\"it-IT\"},{\"@type\":\"Organization\",\"@id\":\"https:\/\/exceladvisor.org\/it\/#organization\",\"name\":\"Excel Advisor\",\"url\":\"https:\/\/exceladvisor.org\/it\/\",\"logo\":{\"@type\":\"ImageObject\",\"inLanguage\":\"it-IT\",\"@id\":\"https:\/\/exceladvisor.org\/it\/#\/schema\/logo\/image\/\",\"url\":\"https:\/\/exceladvisor.org\/it\/wp-content\/uploads\/2023\/12\/exceladvisor.org_.png\",\"contentUrl\":\"https:\/\/exceladvisor.org\/it\/wp-content\/uploads\/2023\/12\/exceladvisor.org_.png\",\"width\":105,\"height\":36,\"caption\":\"Excel Advisor\"},\"image\":{\"@id\":\"https:\/\/exceladvisor.org\/it\/#\/schema\/logo\/image\/\"}}]}<\/script>\n<!-- \/ Yoast SEO plugin. -->","yoast_head_json":{"title":"Come convertire una data in una data giuliana? (Tutorial 2023)","description":"Questo tutorial ti insegner\u00e0 come scrivere una formula Excel per convertire una data normale in una data giuliana. Controlliamo questo...","robots":{"index":"index","follow":"follow","max-snippet":"max-snippet:-1","max-image-preview":"max-image-preview:large","max-video-preview":"max-video-preview:-1"},"canonical":"https:\/\/exceladvisor.org\/it\/appuntamento-con-julienne-2\/","og_locale":"it_IT","og_type":"article","og_title":"Come convertire una data in una data giuliana? (Tutorial 2023)","og_description":"Questo tutorial ti insegner\u00e0 come scrivere una formula Excel per convertire una data normale in una data giuliana. Controlliamo questo...","og_url":"https:\/\/exceladvisor.org\/it\/appuntamento-con-julienne-2\/","og_site_name":"Excel Advisor","article_modified_time":"2023-12-10T06:22:31+00:00","og_image":[{"url":"https:\/\/exceladvisor.org\/wp-content\/uploads\/2023\/08\/1-format-de-date-julien.png","type":"","width":"","height":""}],"twitter_card":"summary_large_image","twitter_misc":{"Tempo di lettura stimato":"3 minuti"},"schema":{"@context":"https:\/\/schema.org","@graph":[{"@type":"WebPage","@id":"https:\/\/exceladvisor.org\/it\/appuntamento-con-julienne-2\/","url":"https:\/\/exceladvisor.org\/it\/appuntamento-con-julienne-2\/","name":"Come convertire una data in una data giuliana? (Tutorial 2023)","isPartOf":{"@id":"https:\/\/exceladvisor.org\/it\/#website"},"primaryImageOfPage":{"@id":"https:\/\/exceladvisor.org\/it\/appuntamento-con-julienne-2\/#primaryimage"},"image":{"@id":"https:\/\/exceladvisor.org\/it\/appuntamento-con-julienne-2\/#primaryimage"},"thumbnailUrl":"https:\/\/exceladvisor.org\/wp-content\/uploads\/2023\/08\/1-format-de-date-julien.png","datePublished":"2023-11-20T03:23:44+00:00","dateModified":"2023-12-10T06:22:31+00:00","description":"Questo tutorial ti insegner\u00e0 come scrivere una formula Excel per convertire una data normale in una data giuliana. Controlliamo questo...","breadcrumb":{"@id":"https:\/\/exceladvisor.org\/it\/appuntamento-con-julienne-2\/#breadcrumb"},"inLanguage":"it-IT","potentialAction":[{"@type":"ReadAction","target":["https:\/\/exceladvisor.org\/it\/appuntamento-con-julienne-2\/"]}]},{"@type":"ImageObject","inLanguage":"it-IT","@id":"https:\/\/exceladvisor.org\/it\/appuntamento-con-julienne-2\/#primaryimage","url":"https:\/\/exceladvisor.org\/wp-content\/uploads\/2023\/08\/1-format-de-date-julien.png","contentUrl":"https:\/\/exceladvisor.org\/wp-content\/uploads\/2023\/08\/1-format-de-date-julien.png"},{"@type":"BreadcrumbList","@id":"https:\/\/exceladvisor.org\/it\/appuntamento-con-julienne-2\/#breadcrumb","itemListElement":[{"@type":"ListItem","position":1,"name":"Home","item":"https:\/\/exceladvisor.org\/it\/"},{"@type":"ListItem","position":2,"name":"Come convertire una data in una data giuliana?"}]},{"@type":"WebSite","@id":"https:\/\/exceladvisor.org\/it\/#website","url":"https:\/\/exceladvisor.org\/it\/","name":"Excel Advisor","description":"Tips, Tricks, and Time-Saving Hacks","publisher":{"@id":"https:\/\/exceladvisor.org\/it\/#organization"},"potentialAction":[{"@type":"SearchAction","target":{"@type":"EntryPoint","urlTemplate":"https:\/\/exceladvisor.org\/it\/?s={search_term_string}"},"query-input":{"@type":"PropertyValueSpecification","valueRequired":true,"valueName":"search_term_string"}}],"inLanguage":"it-IT"},{"@type":"Organization","@id":"https:\/\/exceladvisor.org\/it\/#organization","name":"Excel Advisor","url":"https:\/\/exceladvisor.org\/it\/","logo":{"@type":"ImageObject","inLanguage":"it-IT","@id":"https:\/\/exceladvisor.org\/it\/#\/schema\/logo\/image\/","url":"https:\/\/exceladvisor.org\/it\/wp-content\/uploads\/2023\/12\/exceladvisor.org_.png","contentUrl":"https:\/\/exceladvisor.org\/it\/wp-content\/uploads\/2023\/12\/exceladvisor.org_.png","width":105,"height":36,"caption":"Excel Advisor"},"image":{"@id":"https:\/\/exceladvisor.org\/it\/#\/schema\/logo\/image\/"}}]}},"yoast_meta":{"yoast_wpseo_title":"","yoast_wpseo_metadesc":"","yoast_wpseo_canonical":""},"_links":{"self":[{"href":"https:\/\/exceladvisor.org\/it\/wp-json\/wp\/v2\/pages\/1499","targetHints":{"allow":["GET"]}}],"collection":[{"href":"https:\/\/exceladvisor.org\/it\/wp-json\/wp\/v2\/pages"}],"about":[{"href":"https:\/\/exceladvisor.org\/it\/wp-json\/wp\/v2\/types\/page"}],"author":[{"embeddable":true,"href":"https:\/\/exceladvisor.org\/it\/wp-json\/wp\/v2\/users\/1"}],"replies":[{"embeddable":true,"href":"https:\/\/exceladvisor.org\/it\/wp-json\/wp\/v2\/comments?post=1499"}],"version-history":[{"count":1,"href":"https:\/\/exceladvisor.org\/it\/wp-json\/wp\/v2\/pages\/1499\/revisions"}],"predecessor-version":[{"id":2424,"href":"https:\/\/exceladvisor.org\/it\/wp-json\/wp\/v2\/pages\/1499\/revisions\/2424"}],"wp:attachment":[{"href":"https:\/\/exceladvisor.org\/it\/wp-json\/wp\/v2\/media?parent=1499"}],"curies":[{"name":"wp","href":"https:\/\/api.w.org\/{rel}","templated":true}]}}