{"id":1500,"date":"2023-11-20T02:40:37","date_gmt":"2023-11-20T02:40:37","guid":{"rendered":"https:\/\/exceladvisor.org\/it\/timestamp\/"},"modified":"2023-12-10T06:23:57","modified_gmt":"2023-12-10T06:23:57","slug":"timestamp","status":"publish","type":"page","link":"https:\/\/exceladvisor.org\/it\/timestamp\/","title":{"rendered":"Come inserire un timestamp in excel?"},"content":{"rendered":"<div class=\"excel-prima-del-contenuto\" id=\"excel-4074481713\"><script type=\"text\/javascript\">\r\n\tatOptions = {\r\n\t\t'key' : 'c1158f160081d6540a8409e6925dab94',\r\n\t\t'format' : 'iframe',\r\n\t\t'height' : 250,\r\n\t\t'width' : 300,\r\n\t\t'params' : {}\r\n\t};\r\n<\/script>\r\n<script type=\"text\/javascript\" src=\"\/\/www.highperformanceformat.com\/c1158f160081d6540a8409e6925dab94\/invoke.js\"><\/script><\/div> <p>Qualche anno fa, quando lavoravo per un&#8217;azienda tecnologica <span style=\"font-size: 1em;\">, ero una di quelle persone che rappresentavano un punto di aiuto per Excel per tutti.<\/span> Ed \u00e8 questo il vero motivo per cui mi affascina saperne di pi\u00f9. Un giorno la signora che lavorava come coordinatrice dell&#8217;accoglienza venne da me e mi chiese:<\/p><blockquote class=\"wp-block-quote\"><p> Puneet, sto gestendo un elenco di attivit\u00e0 e desidero aggiungere la data e l&#8217;ora nella cella corrispondente alla fine di ciascuna attivit\u00e0. Qual \u00e8 il modo migliore?<\/p><\/blockquote><p> E subito ho capito che stava parlando di un timestamp. Sono sicuro che lo usi anche quando lavori in Excel. In genere contiene la data e l&#8217;ora correnti e lo utilizziamo per acquisire l&#8217;ora di completamento di un&#8217;attivit\u00e0. <strong>Ora il problema \u00e8:<\/strong> qual \u00e8 il modo migliore per inserire un timestamp in Excel?<\/p><p> In questo articolo imparerai come creare un timestamp in Excel utilizzando 5 metodi diversi e proveremo a capire qual \u00e8 il migliore di tutti. Quindi iniziamo.<\/p><h2 class=\"wp-block-heading\"> 1. Utilizzo di una scorciatoia da tastiera per inserire un timestamp<\/h2><p> Esistono due diverse scorciatoie per inserire una data e un&#8217;ora. E qui dobbiamo usarli entrambi in seguito. Ecco i passaggi: <\/p><div class=\"wp-block-image\"><figure class=\"aligncenter\"><img decoding=\"async\" src=\"https:\/\/exceladvisor.org\/wp-content\/uploads\/2023\/08\/inserer-un-horodatage-dans-excel-a-laide-dune-touche-de-raccourci-1.gif\" sizes=\"\" srcset=\"\" alt=\"inserisci il timestamp in Excel utilizzando il tasto di scelta rapida\"><\/figure><\/div><ol><li> Innanzitutto, seleziona la cella in cui devi inserire un timestamp.<\/li><li> Successivamente, utilizza <strong><span style=\"color: #000000;\">Control +<\/span><\/strong> <a href=\"https:\/\/exceladvisor.org\/it\/tasti-rapidi\/\">tasto di scelta rapida<\/a> : (tieni premuto Control, quindi premi i due punti). Una volta premuto, inserisce la data corrente (a seconda del sistema) nella cella.<\/li><li> In questo momento, il tuo <a href=\"https:\/\/exceladvisor.org\/it\/modifica-cella\/\">cellulare \u00e8 in modalit\u00e0 modifica<\/a> .<\/li><li> Ora premi <strong><span style=\"color: #000000;\">Control + Shift +:<\/span><\/strong> (Premi e tieni premuti Ctrl e Shift, quindi premi i due punti).<\/li><li> La tua cella \u00e8 ancora in modalit\u00e0 di modifica, ora premi il tasto Invio per terminare la digitazione.<\/li><\/ol><p> Insomma, bisogna premere due shortcut in sequenza per inserirlo. E, se vuoi aggiungere solo una data e un&#8217;ora, ignora semplicemente il tasto di scelta rapida. <\/p><figure class=\"wp-block-table\"><table class=\"has-fixed-layout mtr-table mtr-thead-th\"><thead><tr><th class=\"mtr-th-tag\" data-mtr-content=\"PROs\"><div class=\"mtr-cell-content\"> Benefici<\/div><\/th><th class=\"mtr-th-tag\" data-mtr-content=\"Cons\"><div class=\"mtr-cell-content\"> Gli svantaggi <\/div><\/th><\/tr><\/thead><tbody><tr><td class=\"mtr-td-tag\" data-mtr-content=\"PROs\"><div class=\"mtr-cell-content\"> Se vuoi risparmiare tempo e avere meno celle, questo metodo \u00e8 perfetto.<\/div><\/td><td class=\"mtr-td-tag\" data-mtr-content=\"Cons\"><div class=\"mtr-cell-content\"> Questo non \u00e8 un metodo dinamico, hai un timestamp statico. E se vuoi aggiornare il timestamp, devi reinserirlo.<\/div><\/td><\/tr><tr><td class=\"mtr-td-tag\" data-mtr-content=\"PROs\"><div class=\"mtr-cell-content\"> Quando inserisci sia la <a href=\"https:\/\/exceladvisor.org\/it\/combinare-data-e-ora\/\">data che l&#8217;ora<\/a> , Excel seleziona automaticamente il <a href=\"https:\/\/exceladvisor.org\/it\/formati-di-data-personalizzati\/\">formato corretto<\/a> per visualizzarlo.<\/div><\/td><td class=\"mtr-td-tag\" data-mtr-content=\"Cons\"><div class=\"mtr-cell-content\"> \u00c8 necessario premere due diversi tasti di scelta rapida per accedervi.<\/div><\/td><\/tr><\/tbody><\/table><\/figure><h2 class=\"wp-block-heading\"> 2. Inserire un timestamp con la funzione ADESSO<\/h2><p> Un metodo semplice e dinamico. Se desideri utilizzare una formula per inserire un timestamp, il modo ideale \u00e8 utilizzare la funzione ADESSO. Quando inserisci questa funzione in una cella, restituisce la data e l&#8217;ora correnti in base alle impostazioni del sistema. <\/p><div class=\"wp-block-image\"><figure class=\"aligncenter\"><img decoding=\"async\" src=\"https:\/\/exceladvisor.org\/wp-content\/uploads\/2023\/08\/inserer-un-horodatage-dans-Excel-en-utilisant-maintenant-la-fonction-1.gif\" sizes=\"\" srcset=\"\" alt=\"\"><\/figure><\/div><p> Il formato predefinito per la data e l&#8217;ora restituite da NOW \u00e8 mm\/gg\/aaaa hh:mm. Ma per qualche motivo, se desideri un formato personalizzato, puoi modificarne il formato utilizzando l&#8217;opzione Formato personalizzato. Selezionare la cella \u279c Premere il tasto di scelta rapida Ctrl + 1 \u279c Selezionare &#8220;Personalizzato&#8221; \u279c Digitare &#8220;mm\/gg\/aaaa hh:mm&#8221; nella casella di input \u279c Fare clic su OK. <\/p><div class=\"wp-block-image\"><figure class=\"aligncenter\"><img decoding=\"async\" src=\"https:\/\/exceladvisor.org\/wp-content\/uploads\/2023\/08\/inserer-un-horodatage-au-format-de-changement-excel-1.png\" sizes=\"\" srcset=\"\" alt=\"inserire un timestamp nel formato di modifica di Excel\"><\/figure><\/div><p> E se vuoi inserire solo la data, puoi usare OGGI invece di ORA, restituisce solo la data corrente a seconda delle impostazioni di sistema. <\/p><div class=\"wp-block-image\"><figure class=\"aligncenter\"><img decoding=\"async\" src=\"https:\/\/exceladvisor.org\/wp-content\/uploads\/2023\/08\/inserer-un-horodatage-dans-excel-avec-aujourdhui-1.png\" sizes=\"\" srcset=\"\" alt=\"\"><\/figure><\/div><h3 class=\"wp-block-heading\"> Benefici<\/h3><ol><li> \u00c8 un metodo dinamico.<\/li><li> Puoi utilizzare entrambe le funzioni con una funzione SE per creare una condizione per inserire un timestamp se un&#8217;altra cella ha un valore.<\/li><\/ol><h3 class=\"wp-block-heading\"> Gli svantaggi<\/h3><ol><li> Anche se si tratta di un metodo dinamico, poich\u00e9 entrambe le funzioni sono volatili, verranno aggiornate ogni volta che apporti modifiche al foglio di calcolo.<\/li><li> E se desideri solo valori anzich\u00e9 formule, devi convertirli manualmente in valori.<\/li><\/ol><h2 class=\"wp-block-heading\"> 3. Utilizzo di un riferimento circolare per creare un timestamp<\/h2><p> Se vuoi entrare in un metodo avanzato e non vuoi utilizzare i metodi n. 1 e n. 2, puoi utilizzare un riferimento circolare per inserire un timestamp.<\/p><p> Ma prima di apprendere questo metodo, capiamo cos&#8217;\u00e8 un riferimento circolare. Supponiamo che tu abbia un valore 5 nella cella A1 e un valore 10 nella cella B1. Ora se inserisci una formula =A1+B1+C1 nella cella C1, verr\u00e0 restituito un messaggio di errore di riferimento circolare. <\/p><div class=\"wp-block-image\"><figure class=\"aligncenter\"><img decoding=\"async\" src=\"https:\/\/exceladvisor.org\/wp-content\/uploads\/2023\/08\/inserer-un-horodatage-dans-Excel-avec-une-reference-circulaire-1.png\" sizes=\"\" srcset=\"\" alt=\"\"><\/figure><\/div><p> Questo perch\u00e9 stai utilizzando la cella C1 come riferimento nella cella C1. Quando si verifica un errore di riferimento circolare, nella cella si verifica un ciclo infinito. Il riferimento della cella A3 dipende dal valore della cella A3 e il valore di A3 dipende dal riferimento alla cella A3. <\/p><div class=\"wp-block-image\"><figure class=\"aligncenter\"><img decoding=\"async\" src=\"https:\/\/exceladvisor.org\/wp-content\/uploads\/2023\/08\/inserer-un-horodatage-dans-Excel-avec-une-reference-circulaire-1.png\" sizes=\"\" srcset=\"\" alt=\"inserire un timestamp in Excel con un ciclo di riferimento circolare\"><\/figure><\/div><p> Ma quando viene inserito un riferimento circolare, Excel non lo calcola e il ciclo infinito non inizia mai.<\/p><p> <em><strong>Ecco l&#8217;accordo:<\/strong><\/em><\/p><p> \u00c8 possibile abilitare l&#8217;opzione di calcolo iterativo per forzare Excel a eseguire il calcolo almeno una volta e utilizzare la funzione ora nel calcolo. In questo modo, Excel aggiorner\u00e0 la formula della cella solo una volta anzich\u00e9 ogni volta. Passaggi per abilitare l&#8217;opzione di calcolo iterativo:<\/p><ol><li> Andare su File \u279c Opzioni.<\/li><li> In Opzioni di Excel seleziona Formule.<\/li><li> Nelle opzioni Calcolate, seleziona l&#8217;opzione Abilita calcolo iterativo.<\/li><li> Fare clic su OK. <\/li><\/ol><div class=\"wp-block-image\"><figure class=\"aligncenter\"><img decoding=\"async\" src=\"https:\/\/exceladvisor.org\/wp-content\/uploads\/2023\/08\/inserer-un-horodatage-dans-Excel-avec-une-reference-circulaire-activer-literation-1.png\" sizes=\"\" srcset=\"\" alt=\"inserisci il timestamp in Excel con riferimento circolare abilita l'iterazione\"><\/figure><\/div><p> Successivamente, nella cella B2, inserisci la formula seguente nella <a href=\"https:\/\/exceladvisor.org\/it\/barra-delle-formule-excel\/\">barra della formula<\/a> . <\/p><pre class=\"wp-block-code\"> <code class=\"language-excel-formula\" lang=\"excel-formula\">=IF(A2&lt;&gt;\"\",IF(B2&lt;&gt;\"\",B2,NOW()),\"\")<\/code><\/pre><div class=\"wp-block-image\"><figure class=\"aligncenter\"><img decoding=\"async\" src=\"https:\/\/exceladvisor.org\/wp-content\/uploads\/2023\/08\/inserer-un-horodatage-dans-Excel-avec-une-reference-circulaire-entrer-la-formule-1.png\" sizes=\"\" srcset=\"\" alt=\"inserisci il timestamp in Excel con riferimento circolare inserisci la formula\"><\/figure><\/div><p> Ora quando inserisci un valore nella cella A2, la formula nella cella B2 restituir\u00e0 un timestamp. <\/p><div class=\"wp-block-image\"><figure class=\"aligncenter\"><img decoding=\"async\" src=\"https:\/\/exceladvisor.org\/wp-content\/uploads\/2023\/08\/inserer-un-horodatage-dans-Excel-avec-une-reference-circulaire-entrer-une-valeur-1.png\" sizes=\"\" srcset=\"\" alt=\"inserire il timestamp in Excel con riferimento circolare e inserire il valore\"><\/figure><\/div><h2 class=\"wp-block-heading\"> 4. VBA per aggiungere un timestamp<\/h2><p> Se sei un fanatico di VBA, sono sicuro che troverai utile questo codice VBA. Con questo, non \u00e8 necessario inserire una formula o utilizzare un tasto di scelta rapida. Seleziona semplicemente la cella in cui devi inserire un timestamp ed esegui la macro.<\/p><pre class=\"wp-block-code\"> <code class=\"language-visual-basic line-numbers\" lang=\"visual-basic\">Sub timeStamp() Dim ts As Date With Selection .Value = Now .NumberFormat = \"m\/d\/yyyy h:mm:ss AM\/PM\" End With End Sub<\/code><\/pre><h3 class=\"wp-block-heading\"> Come utilizzare questo codice<\/h3><p> Per utilizzare questo codice, puoi aggiungerlo a QAT ( <a href=\"https:\/\/exceladvisor.org\/it\/barra-di-accesso-rapido\/\" data-wpel-link=\"internal\">barra di accesso rapido)<\/a> ed eseguirlo ogni volta che devi aggiungere un timestamp. <\/p><div class=\"wp-block-image\"><figure class=\"aligncenter\"><img decoding=\"async\" src=\"https:\/\/exceladvisor.org\/wp-content\/uploads\/2023\/08\/inserer-un-horodatage-dans-Excel-a-laide-du-bouton-macro-1.gif\" sizes=\"\" srcset=\"\" alt=\"\"><\/figure><\/div><p> Ecco i passaggi:<\/p><ul><li> Aggiungi questo codice nel modulo aprendo l&#8217;editor VBA. <br><img loading=\"lazy\" decoding=\"async\" title=\"inserire il timestamp nel modulo excel-vba-code-in-module\" src=\"https:\/\/exceladvisor.org\/wp-content\/uploads\/2023\/08\/inserer-un-horodatage-dans-le-code-excel-vba-dans-le-module-1.png\" sizes=\"auto, \" srcset=\"\" alt=\"\" width=\"685\" height=\"305\"><\/li><li> Successivamente, vai su File -&gt; Opzioni -&gt; Barra di accesso rapido.<\/li><li> Scegli &#8220;Macro&#8221; dall&#8217;elenco a discesa &#8220;Scegli comando da&#8221;.<\/li><li> Successivamente, aggiungi la macro timeStamp a QAT. <br><img loading=\"lazy\" decoding=\"async\" title=\"inserire timestamp-in-excel-vba-code-add-qat\" src=\"https:\/\/exceladvisor.org\/wp-content\/uploads\/2023\/08\/inserer-un-horodatage-dans-le-code-excel-vba-ajouter-qat-1.png\" sizes=\"auto, \" srcset=\"\" alt=\"\" width=\"805\" height=\"444\"><\/li><li> Ora seleziona questa macro, fai clic sul pulsante Modifica. <br><img loading=\"lazy\" decoding=\"async\" title=\"inserire-timestamp-in-excel-vba-code-add-qat-icon\" src=\"https:\/\/exceladvisor.org\/wp-content\/uploads\/2023\/08\/inserer-un-horodatage-dans-le-code-excel-vba-ajouter-qat-1.png\" sizes=\"auto, \" srcset=\"\" alt=\"\" width=\"561\" height=\"358\"><\/li><li> Selezionare un&#8217;icona e fare clic su OK.<\/li><\/ul><p> Ora hai un&#8217;icona su QAT e ogni volta che hai bisogno di un timestamp puoi selezionare la cella e fare clic su questo pulsante per inserirla.<\/p><h3 class=\"wp-block-heading\"> 4.1 Utilizzo dell&#8217;UDF per la marcatura temporale<\/h3><p> S\u00ec, puoi anche <a href=\"https:\/\/exceladvisor.org\/it\/funzione-definita-dallutente-2\/\">creare una funzione Excel personalizzata<\/a> per inserire un timestamp in Excel. Di seguito troverai il codice per questa UDF.<\/p><pre class=\"wp-block-code\"> <code class=\"language-visual-basic line-numbers\" lang=\"visual-basic\">Function Timestamp(Reference As Range) If Reference.Value &lt;&gt; \"\" Then Timestamp = Format(Now, \"dd-mm-yyyy hh:mm:ss\") Else Timestamp = \"\" End If End Function<\/code><\/pre><p> Utilizzando questa funzione definita dall&#8217;utente, puoi ottenere un timestamp in una cella se un&#8217;altra contiene un valore. Si prega di seguire i passaggi seguenti:<\/p><ul><li> Vai alla scheda Sviluppatore e apri l&#8217;editor VBA.<\/li><li> Nell&#8217;editor VBA, inserisci un nuovo modulo e incollavi questo codice.<\/li><li> Ora chiudi l&#8217;editor VBA e torna al foglio di calcolo.<\/li><li> Nella cella B2, inserisci la formula seguente. <br><img decoding=\"async\" title=\"inserire il timestamp nella funzione VBA di Excel\" src=\"https:\/\/exceladvisor.org\/wp-content\/uploads\/2023\/08\/inserer-un-horodatage-dans-la-fonction-excel-vba-1.png\" sizes=\"\" srcset=\"\" alt=\"insert a timestamp in excel vba function\"><\/li><li> Ora, quando inserisci un valore nella cella A1, la cella B1 riceve un timestamp.<\/li><\/ul><h2 class=\"wp-block-heading\"> Conclusione<\/h2><p> L&#8217;aggiunta di un timestamp \u00e8 qualcosa che facciamo spesso quando lavoriamo in Excel. E hai 5 metodi diversi per inserirlo. Se me lo chiedi, mi piace usare il pulsante VBA su QAT per questo. Il modo migliore \u00e8 aggiungere questo codice in un <a style=\"outline: none;\" href=\"https:\/\/exceladvisor.org\/it\/quaderno-macro-personale\/\" data-wpel-link=\"internal\">file personal.xlsb<\/a> in modo da poterlo utilizzare in tutte le cartelle di lavoro. Questa \u00e8 tutta la storia dei timestamp e sono sicuro che l&#8217;hai trovata utile, ma ora dimmi una cosa.<\/p><p> Conosci un altro metodo per questo?<\/p><p> Per favore condividi con me nella sezione commenti, mi piacerebbe sentire la tua opinione e per favore non dimenticare di condividere questo suggerimento con i tuoi amici.<\/p><div class=\"gb-container gb-container-4db6181c gb-container-mt\"> <a class=\"gb-button gb-button-c5897111 gb-button-text gb-button-mt-button\" href=\"https:\/\/exceladvisor.org\/it\/nozioni-di-base-su-excel\/\">Nozioni di base su Microsoft Excel (componenti, parti e note informative)<\/a><h2 class=\"gb-headline gb-headline-665e5f6b gb-headline-text gb-headline-mt-heading\"> Tutorial correlati <\/h2><div class=\"gb-grid-wrapper gb-grid-wrapper-a20baf7c gb-grid-wrapper-mt-grid\"><div class=\"gb-grid-column gb-grid-column-65ddf67e\"><div class=\"gb-container gb-container-65ddf67e\"><ul><li> <a href=\"https:\/\/exceladvisor.org\/it\/cambiare-il-numero-negativo-in-positivo\/\">Converti un numero negativo in positivo in Excel<\/a><\/li><li> <a href=\"https:\/\/exceladvisor.org\/it\/pulci\/\">Inserisci punti elenco in Excel<\/a><\/li><li> <a href=\"https:\/\/exceladvisor.org\/it\/inserire-una-freccia\/\">Inserisci una freccia in una cella in Excel<\/a><\/li><li> Aggiungi automaticamente i numeri di serie in Excel<\/li><li> <a href=\"https:\/\/exceladvisor.org\/it\/delta\/\">Inserisci il simbolo Delta in Excel in una cella<\/a> <\/li><\/ul><\/div><\/div><div class=\"gb-grid-column gb-grid-column-50067b57\"><div class=\"gb-container gb-container-50067b57\"><\/div><\/div><\/div><\/div>","protected":false},"excerpt":{"rendered":"","protected":false},"author":1,"featured_media":0,"parent":0,"menu_order":0,"comment_status":"open","ping_status":"closed","template":"","meta":{"ub_ctt_via":"","footnotes":""},"class_list":["post-1500","page","type-page","status-publish","hentry"],"featured_image_src":null,"yoast_head":"<!-- This site is optimized with the Yoast SEO plugin v25.4 - https:\/\/yoast.com\/wordpress\/plugins\/seo\/ -->\n<title>Come inserire un timestamp in Excel? (Tutorial 2023)<\/title>\n<meta name=\"description\" content=\"Generalmente la corrente contiene data e ora e abbiamo metodi diversi, ma qual \u00e8 il modo migliore per inserire a\" \/>\n<meta name=\"robots\" content=\"index, follow, max-snippet:-1, max-image-preview:large, max-video-preview:-1\" \/>\n<link rel=\"canonical\" href=\"https:\/\/exceladvisor.org\/it\/timestamp\/\" \/>\n<meta property=\"og:locale\" content=\"it_IT\" \/>\n<meta property=\"og:type\" content=\"article\" \/>\n<meta property=\"og:title\" content=\"Come inserire un timestamp in Excel? (Tutorial 2023)\" \/>\n<meta property=\"og:description\" content=\"Generalmente la corrente contiene data e ora e abbiamo metodi diversi, ma qual \u00e8 il modo migliore per inserire a\" \/>\n<meta property=\"og:url\" content=\"https:\/\/exceladvisor.org\/it\/timestamp\/\" \/>\n<meta property=\"og:site_name\" content=\"Excel Advisor\" \/>\n<meta property=\"article:modified_time\" content=\"2023-12-10T06:23:57+00:00\" \/>\n<meta property=\"og:image\" content=\"https:\/\/exceladvisor.org\/wp-content\/uploads\/2023\/08\/inserer-un-horodatage-dans-excel-a-laide-dune-touche-de-raccourci-1.gif\" \/>\n<meta name=\"twitter:card\" content=\"summary_large_image\" \/>\n<meta name=\"twitter:label1\" content=\"Tempo di lettura stimato\" \/>\n\t<meta name=\"twitter:data1\" content=\"6 minuti\" \/>\n<script type=\"application\/ld+json\" class=\"yoast-schema-graph\">{\"@context\":\"https:\/\/schema.org\",\"@graph\":[{\"@type\":\"WebPage\",\"@id\":\"https:\/\/exceladvisor.org\/it\/timestamp\/\",\"url\":\"https:\/\/exceladvisor.org\/it\/timestamp\/\",\"name\":\"Come inserire un timestamp in Excel? (Tutorial 2023)\",\"isPartOf\":{\"@id\":\"https:\/\/exceladvisor.org\/it\/#website\"},\"primaryImageOfPage\":{\"@id\":\"https:\/\/exceladvisor.org\/it\/timestamp\/#primaryimage\"},\"image\":{\"@id\":\"https:\/\/exceladvisor.org\/it\/timestamp\/#primaryimage\"},\"thumbnailUrl\":\"https:\/\/exceladvisor.org\/wp-content\/uploads\/2023\/08\/inserer-un-horodatage-dans-excel-a-laide-dune-touche-de-raccourci-1.gif\",\"datePublished\":\"2023-11-20T02:40:37+00:00\",\"dateModified\":\"2023-12-10T06:23:57+00:00\",\"description\":\"Generalmente la corrente contiene data e ora e abbiamo metodi diversi, ma qual \u00e8 il modo migliore per inserire a\",\"breadcrumb\":{\"@id\":\"https:\/\/exceladvisor.org\/it\/timestamp\/#breadcrumb\"},\"inLanguage\":\"it-IT\",\"potentialAction\":[{\"@type\":\"ReadAction\",\"target\":[\"https:\/\/exceladvisor.org\/it\/timestamp\/\"]}]},{\"@type\":\"ImageObject\",\"inLanguage\":\"it-IT\",\"@id\":\"https:\/\/exceladvisor.org\/it\/timestamp\/#primaryimage\",\"url\":\"https:\/\/exceladvisor.org\/wp-content\/uploads\/2023\/08\/inserer-un-horodatage-dans-excel-a-laide-dune-touche-de-raccourci-1.gif\",\"contentUrl\":\"https:\/\/exceladvisor.org\/wp-content\/uploads\/2023\/08\/inserer-un-horodatage-dans-excel-a-laide-dune-touche-de-raccourci-1.gif\"},{\"@type\":\"BreadcrumbList\",\"@id\":\"https:\/\/exceladvisor.org\/it\/timestamp\/#breadcrumb\",\"itemListElement\":[{\"@type\":\"ListItem\",\"position\":1,\"name\":\"Home\",\"item\":\"https:\/\/exceladvisor.org\/it\/\"},{\"@type\":\"ListItem\",\"position\":2,\"name\":\"Come inserire un timestamp in excel?\"}]},{\"@type\":\"WebSite\",\"@id\":\"https:\/\/exceladvisor.org\/it\/#website\",\"url\":\"https:\/\/exceladvisor.org\/it\/\",\"name\":\"Excel Advisor\",\"description\":\"Tips, Tricks, and Time-Saving Hacks\",\"publisher\":{\"@id\":\"https:\/\/exceladvisor.org\/it\/#organization\"},\"potentialAction\":[{\"@type\":\"SearchAction\",\"target\":{\"@type\":\"EntryPoint\",\"urlTemplate\":\"https:\/\/exceladvisor.org\/it\/?s={search_term_string}\"},\"query-input\":{\"@type\":\"PropertyValueSpecification\",\"valueRequired\":true,\"valueName\":\"search_term_string\"}}],\"inLanguage\":\"it-IT\"},{\"@type\":\"Organization\",\"@id\":\"https:\/\/exceladvisor.org\/it\/#organization\",\"name\":\"Excel Advisor\",\"url\":\"https:\/\/exceladvisor.org\/it\/\",\"logo\":{\"@type\":\"ImageObject\",\"inLanguage\":\"it-IT\",\"@id\":\"https:\/\/exceladvisor.org\/it\/#\/schema\/logo\/image\/\",\"url\":\"https:\/\/exceladvisor.org\/it\/wp-content\/uploads\/2023\/12\/exceladvisor.org_.png\",\"contentUrl\":\"https:\/\/exceladvisor.org\/it\/wp-content\/uploads\/2023\/12\/exceladvisor.org_.png\",\"width\":105,\"height\":36,\"caption\":\"Excel Advisor\"},\"image\":{\"@id\":\"https:\/\/exceladvisor.org\/it\/#\/schema\/logo\/image\/\"}}]}<\/script>\n<!-- \/ Yoast SEO plugin. -->","yoast_head_json":{"title":"Come inserire un timestamp in Excel? (Tutorial 2023)","description":"Generalmente la corrente contiene data e ora e abbiamo metodi diversi, ma qual \u00e8 il modo migliore per inserire a","robots":{"index":"index","follow":"follow","max-snippet":"max-snippet:-1","max-image-preview":"max-image-preview:large","max-video-preview":"max-video-preview:-1"},"canonical":"https:\/\/exceladvisor.org\/it\/timestamp\/","og_locale":"it_IT","og_type":"article","og_title":"Come inserire un timestamp in Excel? (Tutorial 2023)","og_description":"Generalmente la corrente contiene data e ora e abbiamo metodi diversi, ma qual \u00e8 il modo migliore per inserire a","og_url":"https:\/\/exceladvisor.org\/it\/timestamp\/","og_site_name":"Excel Advisor","article_modified_time":"2023-12-10T06:23:57+00:00","og_image":[{"url":"https:\/\/exceladvisor.org\/wp-content\/uploads\/2023\/08\/inserer-un-horodatage-dans-excel-a-laide-dune-touche-de-raccourci-1.gif","type":"","width":"","height":""}],"twitter_card":"summary_large_image","twitter_misc":{"Tempo di lettura stimato":"6 minuti"},"schema":{"@context":"https:\/\/schema.org","@graph":[{"@type":"WebPage","@id":"https:\/\/exceladvisor.org\/it\/timestamp\/","url":"https:\/\/exceladvisor.org\/it\/timestamp\/","name":"Come inserire un timestamp in Excel? (Tutorial 2023)","isPartOf":{"@id":"https:\/\/exceladvisor.org\/it\/#website"},"primaryImageOfPage":{"@id":"https:\/\/exceladvisor.org\/it\/timestamp\/#primaryimage"},"image":{"@id":"https:\/\/exceladvisor.org\/it\/timestamp\/#primaryimage"},"thumbnailUrl":"https:\/\/exceladvisor.org\/wp-content\/uploads\/2023\/08\/inserer-un-horodatage-dans-excel-a-laide-dune-touche-de-raccourci-1.gif","datePublished":"2023-11-20T02:40:37+00:00","dateModified":"2023-12-10T06:23:57+00:00","description":"Generalmente la corrente contiene data e ora e abbiamo metodi diversi, ma qual \u00e8 il modo migliore per inserire a","breadcrumb":{"@id":"https:\/\/exceladvisor.org\/it\/timestamp\/#breadcrumb"},"inLanguage":"it-IT","potentialAction":[{"@type":"ReadAction","target":["https:\/\/exceladvisor.org\/it\/timestamp\/"]}]},{"@type":"ImageObject","inLanguage":"it-IT","@id":"https:\/\/exceladvisor.org\/it\/timestamp\/#primaryimage","url":"https:\/\/exceladvisor.org\/wp-content\/uploads\/2023\/08\/inserer-un-horodatage-dans-excel-a-laide-dune-touche-de-raccourci-1.gif","contentUrl":"https:\/\/exceladvisor.org\/wp-content\/uploads\/2023\/08\/inserer-un-horodatage-dans-excel-a-laide-dune-touche-de-raccourci-1.gif"},{"@type":"BreadcrumbList","@id":"https:\/\/exceladvisor.org\/it\/timestamp\/#breadcrumb","itemListElement":[{"@type":"ListItem","position":1,"name":"Home","item":"https:\/\/exceladvisor.org\/it\/"},{"@type":"ListItem","position":2,"name":"Come inserire un timestamp in excel?"}]},{"@type":"WebSite","@id":"https:\/\/exceladvisor.org\/it\/#website","url":"https:\/\/exceladvisor.org\/it\/","name":"Excel Advisor","description":"Tips, Tricks, and Time-Saving Hacks","publisher":{"@id":"https:\/\/exceladvisor.org\/it\/#organization"},"potentialAction":[{"@type":"SearchAction","target":{"@type":"EntryPoint","urlTemplate":"https:\/\/exceladvisor.org\/it\/?s={search_term_string}"},"query-input":{"@type":"PropertyValueSpecification","valueRequired":true,"valueName":"search_term_string"}}],"inLanguage":"it-IT"},{"@type":"Organization","@id":"https:\/\/exceladvisor.org\/it\/#organization","name":"Excel Advisor","url":"https:\/\/exceladvisor.org\/it\/","logo":{"@type":"ImageObject","inLanguage":"it-IT","@id":"https:\/\/exceladvisor.org\/it\/#\/schema\/logo\/image\/","url":"https:\/\/exceladvisor.org\/it\/wp-content\/uploads\/2023\/12\/exceladvisor.org_.png","contentUrl":"https:\/\/exceladvisor.org\/it\/wp-content\/uploads\/2023\/12\/exceladvisor.org_.png","width":105,"height":36,"caption":"Excel Advisor"},"image":{"@id":"https:\/\/exceladvisor.org\/it\/#\/schema\/logo\/image\/"}}]}},"yoast_meta":{"yoast_wpseo_title":"","yoast_wpseo_metadesc":"","yoast_wpseo_canonical":""},"_links":{"self":[{"href":"https:\/\/exceladvisor.org\/it\/wp-json\/wp\/v2\/pages\/1500","targetHints":{"allow":["GET"]}}],"collection":[{"href":"https:\/\/exceladvisor.org\/it\/wp-json\/wp\/v2\/pages"}],"about":[{"href":"https:\/\/exceladvisor.org\/it\/wp-json\/wp\/v2\/types\/page"}],"author":[{"embeddable":true,"href":"https:\/\/exceladvisor.org\/it\/wp-json\/wp\/v2\/users\/1"}],"replies":[{"embeddable":true,"href":"https:\/\/exceladvisor.org\/it\/wp-json\/wp\/v2\/comments?post=1500"}],"version-history":[{"count":1,"href":"https:\/\/exceladvisor.org\/it\/wp-json\/wp\/v2\/pages\/1500\/revisions"}],"predecessor-version":[{"id":2553,"href":"https:\/\/exceladvisor.org\/it\/wp-json\/wp\/v2\/pages\/1500\/revisions\/2553"}],"wp:attachment":[{"href":"https:\/\/exceladvisor.org\/it\/wp-json\/wp\/v2\/media?parent=1500"}],"curies":[{"name":"wp","href":"https:\/\/api.w.org\/{rel}","templated":true}]}}