{"id":1501,"date":"2023-11-20T02:08:12","date_gmt":"2023-11-20T02:08:12","guid":{"rendered":"https:\/\/exceladvisor.org\/it\/grado\/"},"modified":"2023-12-10T06:23:00","modified_gmt":"2023-12-10T06:23:00","slug":"grado","status":"publish","type":"page","link":"https:\/\/exceladvisor.org\/it\/grado\/","title":{"rendered":"Come digitare il simbolo grado in excel?"},"content":{"rendered":"<div class=\"excel-prima-del-contenuto\" id=\"excel-4087375674\"><script type=\"text\/javascript\">\r\n\tatOptions = {\r\n\t\t'key' : 'c1158f160081d6540a8409e6925dab94',\r\n\t\t'format' : 'iframe',\r\n\t\t'height' : 250,\r\n\t\t'width' : 300,\r\n\t\t'params' : {}\r\n\t};\r\n<\/script>\r\n<script type=\"text\/javascript\" src=\"\/\/www.highperformanceformat.com\/c1158f160081d6540a8409e6925dab94\/invoke.js\"><\/script><\/div> <p>Devi imparare come inserire e utilizzare un simbolo di laurea in una cella. Giusto.<\/p><p> Lascia che ti dica perch\u00e9 dico questo. Ieri stavo lavorando sui dati di temperatura. Per questo, una delle cose importanti era utilizzare il simbolo dei gradi nei dati per visualizzare i numeri in gradi Celsius e Fahrenheit.<\/p><p> Se usi un portatile come me, scoprirai che non esiste un tasto per digitare il simbolo di una laurea.<\/p><p class=\"qt-tip\"> <strong>Importante:<\/strong> quando inserisci un simbolo di grado in una cella, devi assicurarti che segua sempre il numero senza spazi intermedi.<\/p><h2 class=\"wp-block-heading\"> I 5 modi principali per aggiungere rapidamente un simbolo di laurea in Excel<\/h2><p> Lavorando su questi dati, ho scoperto che in Excel puoi inserire\/digitare un simbolo di laurea in cinque modi diversi. E un&#8217;altra buona notizia \u00e8 che questi metodi sono gli <strong><span style=\"color: #000000;\">stessi sia nella versione Windows che in quella MAC<\/span><\/strong> di Excel. Quindi iniziamo.<\/p><h2 class=\"wp-block-heading\"> 1. Aggiungi un simbolo di grado utilizzando una scorciatoia da tastiera<\/h2><p> Un tasto <a href=\"https:\/\/exceladvisor.org\/it\/tasti-rapidi\/\">di scelta rapida da tastiera<\/a> \u00e8 un modo semplice e veloce per aggiungere questo simbolo a una cella. Puoi usare <kbd>Alt<\/kbd> + <kbd>0<\/kbd> <kbd>1<\/kbd> <kbd>7<\/kbd> <kbd>6<\/kbd> per inserirlo. <\/p><div class=\"wp-block-image\"><figure class=\"aligncenter\"><img decoding=\"async\" src=\"https:\/\/exceladvisor.org\/wp-content\/uploads\/2023\/08\/touche-de-raccourci-pour-inserer-un-symbole-de-degre-dans-excel.png\" sizes=\"\" srcset=\"\" alt=\"tasto di scelta rapida per inserire il simbolo della laurea in Excel\"><\/figure><\/div><ol><li> Innanzitutto, seleziona la cella in cui devi inserirla.<\/li><li> Premi F2 per modificare la cella.<\/li><li> E alla fine tieni premuto il tasto ALT e premi 0 1 7 6 dal tastierino numerico.<\/li><\/ol><p> Una volta inserito, puoi anche copiarlo e incollarlo istantaneamente in altre celle oppure puoi premere questo tasto di scelta rapida per ciascuna cella una per una.<\/p><h2 class=\"wp-block-heading\"> 2. Utilizzare la funzione CHAR per aggiungere un simbolo di grado<\/h2><p> Se hai familiarit\u00e0 con la funzione CHAR, sicuramente saprai che con essa puoi inserire caratteri speciali.<\/p><p> Usando questa funzione, puoi anche aggiungere un simbolo di grado con un numero per visualizzarlo in gradi Celsius o Fahrenheit.<\/p><p> Tutto quello che devi fare: inserisci la funzione CHAR in una cella e specifica 176 nell&#8217;argomento e premi Invio. Una volta fatto ci\u00f2, restituir\u00e0 un simbolo di laurea. <\/p><div class=\"wp-block-image\"><figure class=\"aligncenter\"><img decoding=\"async\" src=\"https:\/\/exceladvisor.org\/wp-content\/uploads\/2023\/08\/inserer-un-symbole-de-degre-dans-Excel-en-utilisant-la-fonction-char.png\" sizes=\"\" srcset=\"\" alt=\"\"><\/figure><\/div><p> E se vuoi aggiungerlo con un numero, devi solo inserire una formula come quella che abbiamo qui sotto.<\/p><pre class=\"wp-block-code\"> <code class=\"language-excel-formula\" lang=\"excel-formula\">=29&amp;CHAR(176)<\/code><\/pre><p> E premi Invio. L&#8217;altro modo \u00e8 combinare questa formula con IF e ISNUMBER in modo che se nella cella sar\u00e0 presente un numero, quel numero verr\u00e0 combinato con un grado.<\/p><h2 class=\"wp-block-heading\"> 3. Inserire il simbolo dei gradi dalla finestra di dialogo Simbolo<\/h2><p> Se vuoi aggiungere un simbolo di grado solo una volta, puoi anche inserirlo dalla finestra di dialogo dei simboli. Segui questi semplici passaggi:<\/p><ol><li> Seleziona la cella in cui desideri inserirlo, quindi vai su Inserisci \u279c Simboli \u279c Simbolo. <br><img decoding=\"async\" title=\"inserire un simbolo di grado in Excel utilizzando la finestra di dialogo del simbolo\" src=\"https:\/\/exceladvisor.org\/wp-content\/uploads\/2023\/08\/inserer-un-symbole-de-degre-dans-Excel-a-laide-de-la-boite-de-dialogue-du-symbole.png\" sizes=\"\" srcset=\"\" alt=\"insert a degree symbol in excel using from symbol dialog box\"><\/li><li> Nella finestra di dialogo, seleziona &#8220;Supplemento latino-1&#8221; in Sottoinsieme e seleziona il simbolo del grado tra tutti i simboli. <br><img decoding=\"async\" title=\"inserire un simbolo di grado in Excel utilizzando la finestra di dialogo Inserisci e chiudi simbolo\" src=\"https:\/\/exceladvisor.org\/wp-content\/uploads\/2023\/08\/inserer-un-symbole-de-degre-dans-Excel-a-laide-de-la-boite-de-dialogue-du-symbole-inserer-et-fermer.png\" sizes=\"\" srcset=\"\" alt=\"\"><\/li><li> Alla fine, fai clic su Inserisci e quindi chiudi.<\/li><\/ol><p> Puoi anche copiare e incollare in altre celle o persino inserire una formula.<\/p><h2 class=\"wp-block-heading\"> 4. Utilizzo di Excel AUTO Correct per aggiungere un simbolo di grado a una cella<\/h2><p> In Excel esiste un&#8217;opzione chiamata Correzione automatica che puoi utilizzare per aggiungere un simbolo di grado a una cella utilizzando un&#8217;abbreviazione. Funziona pi\u00f9 o meno cos\u00ec. <\/p><div class=\"wp-block-image\"><figure class=\"aligncenter\"><img decoding=\"async\" src=\"https:\/\/exceladvisor.org\/wp-content\/uploads\/2023\/08\/inserer-un-symbole-de-degre-dans-Excel-en-utilisant-loption-de-correction-automatique.gif\" sizes=\"\" srcset=\"\" alt=\"inserisci il simbolo del grado in Excel utilizzando l'opzione di correzione automatica\"><\/figure><\/div><p> Inserisci DYGR in una cella ed Excel lo converte (correzione automatica) in un simbolo di grado effettivo.<\/p><p> Ma prima devi creare questa correzione automatica ed ecco i passaggi:<\/p><ol><li> Andare su File \u279c Opzioni di Excel.<\/li><li> Nella finestra di dialogo Opzioni, selezionare Proofing \u279c Opzioni di correzione automatica.<\/li><li> Nella finestra di dialogo Correzione automatica, immettere DYGR nella casella di input sostitutiva e un simbolo di grado (utilizzare un tasto di scelta rapida per inserirlo) nella barra di input.<\/li><li> Fare clic su Aggiungi quindi su OK. <\/li><\/ol><div class=\"wp-block-image\"><figure class=\"aligncenter\"><img decoding=\"async\" src=\"https:\/\/exceladvisor.org\/wp-content\/uploads\/2023\/08\/inserer-un-symbole-de-degre-dans-Excel-en-utilisant-la-correction-automatique.png\" sizes=\"\" srcset=\"\" alt=\"inserire un simbolo di grado in Excel utilizzando la correzione automatica\"><\/figure><\/div><p> Ora se digiti il testo DYGR, verr\u00e0 automaticamente convertito in un simbolo di grado.<\/p><p class=\"qt-tip\"> <strong>Importante<\/strong> : questa correzione automatica distingue tra maiuscole e minuscole e si applica a tutte le applicazioni di Office come Word, Powerpoint ecc.<\/p><h2 class=\"wp-block-heading\"> 5. Codice VBA per inserire rapidamente un simbolo delta in una cella<\/h2><p> I codici VBA fanno risparmiare tempo. Sono sicuro che lo sai. E il codice che condivider\u00f2 con te dopo \u00e8 uno di quei codici.<\/p><p> Supponiamo che tu abbia un elenco di numeri in una colonna e desideri aggiungere un simbolo di grado a ciascuno di essi. Ora qui il modo migliore \u00e8 eseguire questa macro in una volta sola.<\/p><ol><li> Innanzitutto, aggiungi il codice seguente nel tuo editor VB.<\/li><li> Successivamente, seleziona tutte le celle in cui desideri inserire questi simboli.<\/li><li> Ed esegui semplicemente questo codice dalla scheda sviluppatore.<\/li><\/ol><pre class=\"wp-block-code\"> <code class=\"language-visual-basic\" lang=\"visual-basic\">Sub degreeSymbol() Dim rng As Range For Each rng In Selection rng.Select If ActiveCell &lt;&gt; \"\" Then If IsNumeric(ActiveCell.Value) Then ActiveCell.Value = ActiveCell.Value &amp; \"\u00b0\" End If End If Next End Sub<\/code><\/pre><p> Questo codice controlla ogni cella dell&#8217;intervallo e inserisce un simbolo di grado alla fine di ciascuna cella.<\/p><h2 class=\"wp-block-heading\"> Conclusione<\/h2><p> Un simbolo di grado \u00e8 un simbolo specifico che dobbiamo utilizzare con un tipo specifico di dati (temperatura). \u00c8 meglio avere 5 metodi diversi per inserirlo in modo da poterne scegliere uno in base alle proprie comodit\u00e0.<\/p><p> Spero che tu abbia trovato utili questi metodi e ora dimmi una cosa.<\/p><p> <em>Hai un altro metodo per inserire questo simbolo?<\/em><\/p><p> Per favore condividi con me nella sezione commenti, mi piacerebbe sentire la tua opinione. E non dimenticare di condividere questo suggerimento con i tuoi amici.<\/p><div class=\"gb-container gb-container-4db6181c gb-container-mt\"> <a class=\"gb-button gb-button-c5897111 gb-button-text gb-button-mt-button\" href=\"https:\/\/exceladvisor.org\/it\/nozioni-di-base-su-excel\/\">Nozioni di base su Microsoft Excel (componenti, parti e note informative)<\/a><h2 class=\"gb-headline gb-headline-665e5f6b gb-headline-text gb-headline-mt-heading\"> Tutorial correlati <\/h2><div class=\"gb-grid-wrapper gb-grid-wrapper-a20baf7c gb-grid-wrapper-mt-grid\"><div class=\"gb-grid-column gb-grid-column-65ddf67e\"><div class=\"gb-container gb-container-65ddf67e\"><ul><li> <a href=\"https:\/\/exceladvisor.org\/it\/cambiare-il-numero-negativo-in-positivo\/\">Converti un numero negativo in positivo in Excel<\/a><\/li><li> <a href=\"https:\/\/exceladvisor.org\/it\/timestamp\/\">Inserisci un timestamp in Excel<\/a><\/li><li> <a href=\"https:\/\/exceladvisor.org\/it\/pulci\/\">Inserisci punti elenco in Excel<\/a><\/li><li> <a href=\"https:\/\/exceladvisor.org\/it\/delta\/\">Inserisci il simbolo Delta in Excel in una cella<\/a><\/li><li> <a href=\"https:\/\/exceladvisor.org\/it\/formula-per-valutare\/\">Converti la formula in valore in Excel<\/a> <\/li><\/ul><\/div><\/div><div class=\"gb-grid-column gb-grid-column-50067b57\"><div class=\"gb-container gb-container-50067b57\"><\/div><\/div><\/div><\/div>","protected":false},"excerpt":{"rendered":"","protected":false},"author":1,"featured_media":0,"parent":0,"menu_order":0,"comment_status":"open","ping_status":"closed","template":"","meta":{"ub_ctt_via":"","footnotes":""},"class_list":["post-1501","page","type-page","status-publish","hentry"],"featured_image_src":null,"yoast_head":"<!-- This site is optimized with the Yoast SEO plugin v25.4 - https:\/\/yoast.com\/wordpress\/plugins\/seo\/ -->\n<title>Come digitare il simbolo GRADO in Excel? (Tutorial 2023)<\/title>\n<meta name=\"description\" content=\"Lavorando su questi dati, abbiamo scoperto che in Excel \u00e8 possibile inserirli\/inserirli in cinque modi diversi...\" \/>\n<meta name=\"robots\" content=\"index, follow, max-snippet:-1, max-image-preview:large, max-video-preview:-1\" \/>\n<link rel=\"canonical\" href=\"https:\/\/exceladvisor.org\/it\/grado\/\" \/>\n<meta property=\"og:locale\" content=\"it_IT\" \/>\n<meta property=\"og:type\" content=\"article\" \/>\n<meta property=\"og:title\" content=\"Come digitare il simbolo GRADO in Excel? (Tutorial 2023)\" \/>\n<meta property=\"og:description\" content=\"Lavorando su questi dati, abbiamo scoperto che in Excel \u00e8 possibile inserirli\/inserirli in cinque modi diversi...\" \/>\n<meta property=\"og:url\" content=\"https:\/\/exceladvisor.org\/it\/grado\/\" \/>\n<meta property=\"og:site_name\" content=\"Excel Advisor\" \/>\n<meta property=\"article:modified_time\" content=\"2023-12-10T06:23:00+00:00\" \/>\n<meta property=\"og:image\" content=\"https:\/\/exceladvisor.org\/wp-content\/uploads\/2023\/08\/touche-de-raccourci-pour-inserer-un-symbole-de-degre-dans-excel.png\" \/>\n<meta name=\"twitter:card\" content=\"summary_large_image\" \/>\n<meta name=\"twitter:label1\" content=\"Tempo di lettura stimato\" \/>\n\t<meta name=\"twitter:data1\" content=\"4 minuti\" \/>\n<script type=\"application\/ld+json\" class=\"yoast-schema-graph\">{\"@context\":\"https:\/\/schema.org\",\"@graph\":[{\"@type\":\"WebPage\",\"@id\":\"https:\/\/exceladvisor.org\/it\/grado\/\",\"url\":\"https:\/\/exceladvisor.org\/it\/grado\/\",\"name\":\"Come digitare il simbolo GRADO in Excel? (Tutorial 2023)\",\"isPartOf\":{\"@id\":\"https:\/\/exceladvisor.org\/it\/#website\"},\"primaryImageOfPage\":{\"@id\":\"https:\/\/exceladvisor.org\/it\/grado\/#primaryimage\"},\"image\":{\"@id\":\"https:\/\/exceladvisor.org\/it\/grado\/#primaryimage\"},\"thumbnailUrl\":\"https:\/\/exceladvisor.org\/wp-content\/uploads\/2023\/08\/touche-de-raccourci-pour-inserer-un-symbole-de-degre-dans-excel.png\",\"datePublished\":\"2023-11-20T02:08:12+00:00\",\"dateModified\":\"2023-12-10T06:23:00+00:00\",\"description\":\"Lavorando su questi dati, abbiamo scoperto che in Excel \u00e8 possibile inserirli\/inserirli in cinque modi diversi...\",\"breadcrumb\":{\"@id\":\"https:\/\/exceladvisor.org\/it\/grado\/#breadcrumb\"},\"inLanguage\":\"it-IT\",\"potentialAction\":[{\"@type\":\"ReadAction\",\"target\":[\"https:\/\/exceladvisor.org\/it\/grado\/\"]}]},{\"@type\":\"ImageObject\",\"inLanguage\":\"it-IT\",\"@id\":\"https:\/\/exceladvisor.org\/it\/grado\/#primaryimage\",\"url\":\"https:\/\/exceladvisor.org\/wp-content\/uploads\/2023\/08\/touche-de-raccourci-pour-inserer-un-symbole-de-degre-dans-excel.png\",\"contentUrl\":\"https:\/\/exceladvisor.org\/wp-content\/uploads\/2023\/08\/touche-de-raccourci-pour-inserer-un-symbole-de-degre-dans-excel.png\"},{\"@type\":\"BreadcrumbList\",\"@id\":\"https:\/\/exceladvisor.org\/it\/grado\/#breadcrumb\",\"itemListElement\":[{\"@type\":\"ListItem\",\"position\":1,\"name\":\"Home\",\"item\":\"https:\/\/exceladvisor.org\/it\/\"},{\"@type\":\"ListItem\",\"position\":2,\"name\":\"Come digitare il simbolo grado in excel?\"}]},{\"@type\":\"WebSite\",\"@id\":\"https:\/\/exceladvisor.org\/it\/#website\",\"url\":\"https:\/\/exceladvisor.org\/it\/\",\"name\":\"Excel Advisor\",\"description\":\"Tips, Tricks, and Time-Saving Hacks\",\"publisher\":{\"@id\":\"https:\/\/exceladvisor.org\/it\/#organization\"},\"potentialAction\":[{\"@type\":\"SearchAction\",\"target\":{\"@type\":\"EntryPoint\",\"urlTemplate\":\"https:\/\/exceladvisor.org\/it\/?s={search_term_string}\"},\"query-input\":{\"@type\":\"PropertyValueSpecification\",\"valueRequired\":true,\"valueName\":\"search_term_string\"}}],\"inLanguage\":\"it-IT\"},{\"@type\":\"Organization\",\"@id\":\"https:\/\/exceladvisor.org\/it\/#organization\",\"name\":\"Excel Advisor\",\"url\":\"https:\/\/exceladvisor.org\/it\/\",\"logo\":{\"@type\":\"ImageObject\",\"inLanguage\":\"it-IT\",\"@id\":\"https:\/\/exceladvisor.org\/it\/#\/schema\/logo\/image\/\",\"url\":\"https:\/\/exceladvisor.org\/it\/wp-content\/uploads\/2023\/12\/exceladvisor.org_.png\",\"contentUrl\":\"https:\/\/exceladvisor.org\/it\/wp-content\/uploads\/2023\/12\/exceladvisor.org_.png\",\"width\":105,\"height\":36,\"caption\":\"Excel Advisor\"},\"image\":{\"@id\":\"https:\/\/exceladvisor.org\/it\/#\/schema\/logo\/image\/\"}}]}<\/script>\n<!-- \/ Yoast SEO plugin. -->","yoast_head_json":{"title":"Come digitare il simbolo GRADO in Excel? (Tutorial 2023)","description":"Lavorando su questi dati, abbiamo scoperto che in Excel \u00e8 possibile inserirli\/inserirli in cinque modi diversi...","robots":{"index":"index","follow":"follow","max-snippet":"max-snippet:-1","max-image-preview":"max-image-preview:large","max-video-preview":"max-video-preview:-1"},"canonical":"https:\/\/exceladvisor.org\/it\/grado\/","og_locale":"it_IT","og_type":"article","og_title":"Come digitare il simbolo GRADO in Excel? (Tutorial 2023)","og_description":"Lavorando su questi dati, abbiamo scoperto che in Excel \u00e8 possibile inserirli\/inserirli in cinque modi diversi...","og_url":"https:\/\/exceladvisor.org\/it\/grado\/","og_site_name":"Excel Advisor","article_modified_time":"2023-12-10T06:23:00+00:00","og_image":[{"url":"https:\/\/exceladvisor.org\/wp-content\/uploads\/2023\/08\/touche-de-raccourci-pour-inserer-un-symbole-de-degre-dans-excel.png","type":"","width":"","height":""}],"twitter_card":"summary_large_image","twitter_misc":{"Tempo di lettura stimato":"4 minuti"},"schema":{"@context":"https:\/\/schema.org","@graph":[{"@type":"WebPage","@id":"https:\/\/exceladvisor.org\/it\/grado\/","url":"https:\/\/exceladvisor.org\/it\/grado\/","name":"Come digitare il simbolo GRADO in Excel? (Tutorial 2023)","isPartOf":{"@id":"https:\/\/exceladvisor.org\/it\/#website"},"primaryImageOfPage":{"@id":"https:\/\/exceladvisor.org\/it\/grado\/#primaryimage"},"image":{"@id":"https:\/\/exceladvisor.org\/it\/grado\/#primaryimage"},"thumbnailUrl":"https:\/\/exceladvisor.org\/wp-content\/uploads\/2023\/08\/touche-de-raccourci-pour-inserer-un-symbole-de-degre-dans-excel.png","datePublished":"2023-11-20T02:08:12+00:00","dateModified":"2023-12-10T06:23:00+00:00","description":"Lavorando su questi dati, abbiamo scoperto che in Excel \u00e8 possibile inserirli\/inserirli in cinque modi diversi...","breadcrumb":{"@id":"https:\/\/exceladvisor.org\/it\/grado\/#breadcrumb"},"inLanguage":"it-IT","potentialAction":[{"@type":"ReadAction","target":["https:\/\/exceladvisor.org\/it\/grado\/"]}]},{"@type":"ImageObject","inLanguage":"it-IT","@id":"https:\/\/exceladvisor.org\/it\/grado\/#primaryimage","url":"https:\/\/exceladvisor.org\/wp-content\/uploads\/2023\/08\/touche-de-raccourci-pour-inserer-un-symbole-de-degre-dans-excel.png","contentUrl":"https:\/\/exceladvisor.org\/wp-content\/uploads\/2023\/08\/touche-de-raccourci-pour-inserer-un-symbole-de-degre-dans-excel.png"},{"@type":"BreadcrumbList","@id":"https:\/\/exceladvisor.org\/it\/grado\/#breadcrumb","itemListElement":[{"@type":"ListItem","position":1,"name":"Home","item":"https:\/\/exceladvisor.org\/it\/"},{"@type":"ListItem","position":2,"name":"Come digitare il simbolo grado in excel?"}]},{"@type":"WebSite","@id":"https:\/\/exceladvisor.org\/it\/#website","url":"https:\/\/exceladvisor.org\/it\/","name":"Excel Advisor","description":"Tips, Tricks, and Time-Saving Hacks","publisher":{"@id":"https:\/\/exceladvisor.org\/it\/#organization"},"potentialAction":[{"@type":"SearchAction","target":{"@type":"EntryPoint","urlTemplate":"https:\/\/exceladvisor.org\/it\/?s={search_term_string}"},"query-input":{"@type":"PropertyValueSpecification","valueRequired":true,"valueName":"search_term_string"}}],"inLanguage":"it-IT"},{"@type":"Organization","@id":"https:\/\/exceladvisor.org\/it\/#organization","name":"Excel Advisor","url":"https:\/\/exceladvisor.org\/it\/","logo":{"@type":"ImageObject","inLanguage":"it-IT","@id":"https:\/\/exceladvisor.org\/it\/#\/schema\/logo\/image\/","url":"https:\/\/exceladvisor.org\/it\/wp-content\/uploads\/2023\/12\/exceladvisor.org_.png","contentUrl":"https:\/\/exceladvisor.org\/it\/wp-content\/uploads\/2023\/12\/exceladvisor.org_.png","width":105,"height":36,"caption":"Excel Advisor"},"image":{"@id":"https:\/\/exceladvisor.org\/it\/#\/schema\/logo\/image\/"}}]}},"yoast_meta":{"yoast_wpseo_title":"","yoast_wpseo_metadesc":"","yoast_wpseo_canonical":""},"_links":{"self":[{"href":"https:\/\/exceladvisor.org\/it\/wp-json\/wp\/v2\/pages\/1501","targetHints":{"allow":["GET"]}}],"collection":[{"href":"https:\/\/exceladvisor.org\/it\/wp-json\/wp\/v2\/pages"}],"about":[{"href":"https:\/\/exceladvisor.org\/it\/wp-json\/wp\/v2\/types\/page"}],"author":[{"embeddable":true,"href":"https:\/\/exceladvisor.org\/it\/wp-json\/wp\/v2\/users\/1"}],"replies":[{"embeddable":true,"href":"https:\/\/exceladvisor.org\/it\/wp-json\/wp\/v2\/comments?post=1501"}],"version-history":[{"count":1,"href":"https:\/\/exceladvisor.org\/it\/wp-json\/wp\/v2\/pages\/1501\/revisions"}],"predecessor-version":[{"id":2467,"href":"https:\/\/exceladvisor.org\/it\/wp-json\/wp\/v2\/pages\/1501\/revisions\/2467"}],"wp:attachment":[{"href":"https:\/\/exceladvisor.org\/it\/wp-json\/wp\/v2\/media?parent=1501"}],"curies":[{"name":"wp","href":"https:\/\/api.w.org\/{rel}","templated":true}]}}