{"id":1507,"date":"2023-11-19T17:43:07","date_gmt":"2023-11-19T17:43:07","guid":{"rendered":"https:\/\/exceladvisor.org\/it\/sumif-sumif-o-logica\/"},"modified":"2023-12-10T06:26:47","modified_gmt":"2023-12-10T06:26:47","slug":"sumif-sumif-o-logica","status":"publish","type":"page","link":"https:\/\/exceladvisor.org\/it\/sumif-sumif-o-logica\/","title":{"rendered":"Come utilizzare somma.se\/sumi.fs con la logica or?"},"content":{"rendered":"<div class=\"excel-prima-del-contenuto\" id=\"excel-1480192806\"><script type=\"text\/javascript\">\r\n\tatOptions = {\r\n\t\t'key' : 'c1158f160081d6540a8409e6925dab94',\r\n\t\t'format' : 'iframe',\r\n\t\t'height' : 250,\r\n\t\t'width' : 300,\r\n\t\t'params' : {}\r\n\t};\r\n<\/script>\r\n<script type=\"text\/javascript\" src=\"\/\/www.highperformanceformat.com\/c1158f160081d6540a8409e6925dab94\/invoke.js\"><\/script><\/div> <p>A volte \u00e8 necessario apportare piccole modifiche alle formule per renderle efficaci.<\/p><p> Proprio cos\u00ec, SUMIF OR. \u00c8 una formula avanzata che ti aiuta ad aumentare la flessibilit\u00e0 di SUMIF. S\u00ec, puoi anche fare SUMIFS. Ma prima di usarlo, lascia che ti dica una cosa su SUMIF.<\/p><p> In SOMMA.SE puoi utilizzare un solo criterio e in SOMMA.SE puoi utilizzare pi\u00f9 criteri per ottenere una somma.<\/p><p> Solo una cosa del genere. Diciamo che in SUMIFS, se specifichi due criteri diversi, verranno sommate solo le celle che soddisfano entrambi i criteri.<\/p><p> Poich\u00e9 funziona con la logica AND, affinch\u00e9 una cella venga inclusa \u00e8 necessario soddisfare tutti i criteri. Quando combini la logica OR con SOMMA.SE\/SUMI.FS, puoi aggiungere valori utilizzando due criteri diversi contemporaneamente.<\/p><p> Senza ulteriori indugi, impariamo questa formula straordinaria.<\/p><h2 class=\"wp-block-heading\"> Abbiamo davvero bisogno della logica OR? Un esempio?<\/h2><p> Lascia che ti mostri un esempio in cui dobbiamo aggiungere la logica OR in SUMIFS o SUMIF.<\/p><p> Dai un&#8217;occhiata alla tabella dati qui sotto dove hai un elenco di prodotti con la loro quantit\u00e0 e lo stato attuale della spedizione. <\/p><div class=\"wp-block-image\"><figure class=\"aligncenter\"><img decoding=\"async\" src=\"https:\/\/exceladvisor.org\/wp-content\/uploads\/2023\/08\/table-de-donnees-a-utiliser-ou-logique-a-utiliser-dans-sumifs-sumif-1.png\" sizes=\"\" srcset=\"\" alt=\"tabella dati da utilizzare o logica da utilizzare in sumifs sumif\"><\/figure><\/div><p> In questi dati hai due tipologie di prodotti (difettosi e danneggiati) che devi restituire al nostro fornitore.<\/p><p> Ma prima devi calcolare la quantit\u00e0 totale di entrambi i tipi di prodotti. Se scegli il metodo normale, devi applicare SOMMA.SE due volte per ottenere questo totale.<\/p><p> Ma se utilizzi una condizione OR in SOMMA.SE, puoi ottenere il totale di entrambi i prodotti con un&#8217;unica formula.<\/p><h2 class=\"wp-block-heading\"> OK, applichiamo OR con SUMIFS<\/h2><p> Prima di iniziare, <a href=\"https:\/\/exceladvisor.org\/wp-content\/uploads\/2023\/08\/somme-si-ou.zip\" rel=\"nofollow\"><span style=\"color: #0000ee;\">scarica questo file di esempio da qui<\/span><\/a> <span style=\"color: #0000ee;\">&nbsp;<\/span> continua.<\/p><p> In qualsiasi altra cella del foglio di calcolo in cui desideri calcolare il totale, inserisci la formula seguente e premi Invio. <\/p><pre class=\"wp-block-code\"> <code class=\"language-excel-formula\" lang=\"excel-formula\">=SUM(SUMIFS(C2:C21,B2:B21,{\"Damage\",\"Faulty\"}))<\/code><\/pre><div class=\"wp-block-image\"><figure class=\"aligncenter\"><img decoding=\"async\" src=\"https:\/\/exceladvisor.org\/wp-content\/uploads\/2023\/08\/appliquer-la-formule-pour-obtenir-ou-la-logique-dans-les-sumifs-1.png\" sizes=\"\" srcset=\"\" alt=\"applicare la formula per ottenere o la logica nei sumif\"><\/figure><\/div><p> Nella formula sopra hai utilizzato SOMMA.SE ma se vuoi utilizzare SOMMA.SE puoi inserire la formula seguente nella cella.<\/p><pre class=\"wp-block-code\"> <code class=\"language-excel-formula\" lang=\"excel-formula\">=SUM(SUMIF(B2:B21,{\"Damage\",\"Faulty\"},C2:C21))<\/code><\/pre><p> Utilizzando le due formule precedenti otterrai 540 come risultato. Per ricontrollare, controlla semplicemente il totale manualmente. <\/p><div class=\"wp-block-image\"><figure class=\"aligncenter\"><img decoding=\"async\" src=\"https:\/\/exceladvisor.org\/wp-content\/uploads\/2023\/08\/verifier-le-total-des-dommages-et-defectueux-en-utilisant-sumif-ou.png\" sizes=\"\" srcset=\"\" alt=\"controllare il danno totale e il difettoso utilizzando sumif o\"><\/figure><\/div><h3 class=\"wp-block-heading\"> Come funziona questa formula?<\/h3><p> Come ho detto, la funzione SOMMA.FS utilizza la logica AND per aggiungere i valori. Ma la formula che hai usato sopra include la logica OR.<\/p><p> Per comprendere questa formula \u00e8 necessario dividerla in tre parti diverse. <\/p><div class=\"wp-block-image\"><figure class=\"aligncenter\"><img decoding=\"async\" src=\"https:\/\/exceladvisor.org\/wp-content\/uploads\/2023\/08\/trois-parties-de-formule-a-utiliser-ou-logique-dans-les-sumifs-sumif-1.png\" sizes=\"\" srcset=\"\" alt=\"tre parti della formula da utilizzare o logica in sumifs sumif\"><\/figure><\/div><ol><li> La <strong>prima<\/strong> cosa \u00e8 capire che hai utilizzato due criteri diversi in questa formula utilizzando il concetto di array. Scopri di pi\u00f9 sul <a href=\"https:\/\/support.office.com\/en-us\/article\/Guidelines-and-examples-of-array-formulas-7D94A64E-3FF3-4686-9372-ECFD5CAA57C7?ui=en-US&amp;rs=en-US&amp;ad=US&amp;fromAR=1\" target=\"_blank\" rel=\"noreferrer noopener nofollow\">tabellone da qui<\/a> .<\/li><li> La <strong>seconda<\/strong> cosa \u00e8 che quando si specificano due valori diversi utilizzando un array, SUMIFS deve cercare i due valori separatamente.<\/li><li> La <strong>terza<\/strong> cosa \u00e8 che anche dopo aver utilizzato una formula matriciale, SUMIFS non \u00e8 in grado di restituire la somma dei due valori in una singola cella. Ecco perch\u00e9 \u00e8 necessario unirlo alla funzione SOMMA.<\/li><\/ol><p> Con il concetto di cui sopra, puoi ottenere il totale per entrambi i tipi di prodotto in un&#8217;unica cella.<\/p><p> Funzioner\u00e0 allo stesso modo con SOMMA.SE e SOMMA.FS.<\/p><p> Inoltre, puoi anche estendere la formula specificando il nome del prodotto nel secondo criterio in SUMIFS per ottenere il totale per un singolo prodotto. <\/p><div class=\"gb-container gb-container-52dfcee1 gb-container-sample-file\"><h2 class=\"gb-headline gb-headline-e289c143 gb-headline-text gb-headline-4f7959c2\"> Ottieni il file Excel<\/h2> <a class=\"gb-button gb-button-e88d6bee gb-button-text gb-button-button1\" href=\"https:\/\/exceladvisor.org\/wp-content\/uploads\/2023\/08\/somme-si-ou.zip\" rel=\"nofollow\">Scaricamento<\/a><\/div><h2 class=\"wp-block-heading\"> Utilizzo dell&#8217;intervallo di criteri dinamici<\/h2><p> Nella sezione commenti, qualcuno mi ha chiesto di utilizzare un riferimento di cella per aggiungere pi\u00f9 criteri invece di inserirli direttamente nella formula.<\/p><p> Bene, questa \u00e8 una domanda super valida e puoi farlo utilizzando un intervallo denominato dinamico anzich\u00e9 valori hardcore.<\/p><p> E per fare questo, devi solo apportare due piccole modifiche alla tua formula.<\/p><ol><li> Il primo \u00e8 che invece di usare le parentesi graffe, dovresti usare un intervallo denominato (il modo migliore \u00e8 usare un array) del tuo valore.<\/li><li> Successivamente devi inserire questa formula utilizzando Ctrl+Maiusc+Invio come formula di matrice corretta.<\/li><\/ol><p> Quindi ora la tua formula sar\u00e0: <\/p><div class=\"wp-block-image\"><figure class=\"aligncenter\"><img decoding=\"async\" src=\"https:\/\/exceladvisor.org\/wp-content\/uploads\/2023\/08\/en-utilisant-la-plage-nommee-dans-sumif-ou.png\" sizes=\"\" srcset=\"\" alt=\"utilizzando l'intervallo denominato in sumif o\"><\/figure><\/div><h2 class=\"wp-block-heading\"> Criteri multipli con colonne diverse<\/h2><p> Lascia che ti porti al livello successivo di questa formula. Basta guardare la tabella dei dati qui sotto. <\/p><div class=\"wp-block-image\"><figure class=\"aligncenter\"><img decoding=\"async\" src=\"https:\/\/exceladvisor.org\/wp-content\/uploads\/2023\/08\/sumifs-sumif-ou-avec-plusieurs-colonnes-de-donnees.png\" sizes=\"\" srcset=\"\" alt=\"sumifs sumif o con pi\u00f9 colonne di dati\"><\/figure><\/div><p> In questa tabella sono presenti due colonne diverse con due diversi tipi di stato. Ora da questa tabella dati \u00e8 necessario sommare la quantit\u00e0 in cui il prodotto \u00e8 danneggiato, lo stato del reso \u00e8 &#8220;No&#8221;.<\/p><p> Ci\u00f2 significa solo prodotti danneggiati e difettosi che non sono ancora stati restituiti. E la formula per questo sar\u00e0. <\/p><pre class=\"wp-block-code\"> <code class=\"language-excel-formula\" lang=\"excel-formula\">=SUM(SUMIFS(D2:D21,B2:B21,{\"Damage\",\"Faulty\"},C2:C21,\"No\"))<\/code><\/pre><div class=\"wp-block-image\"><figure class=\"aligncenter size-full\"><img loading=\"lazy\" decoding=\"async\" class=\"wp-image-14789\" src=\"https:\/\/exceladvisor.org\/wp-content\/uploads\/2023\/08\/sumifs-sumif-ou-avec-plusieurs-formules-de-criteres-de-colonne-differents.png\" sizes=\"auto, \" srcset=\"\" alt=\"sumifs sumif o con diverse formule di criteri di colonna\" width=\"558\" height=\"178\"><\/figure><\/div><div class=\"gb-container gb-container-9631f970 gb-container-sample-file\"><h2 class=\"gb-headline gb-headline-c605ba20 gb-headline-text gb-headline-4f7959c2\"> Ottieni il file Excel<\/h2> <a class=\"gb-button gb-button-fdc4a95a gb-button-text gb-button-button1\" href=\"https:\/\/exceladvisor.org\/wp-content\/uploads\/2023\/08\/somme-si-ou.zip\" rel=\"nofollow\">Scaricamento<\/a><\/div><h2 id=\"tab-con-7\" class=\"wp-block-heading\"> Conclusione<\/h2><p> La parte migliore dell&#8217;utilizzo della tecnica OR \u00e8 che puoi aggiungervi tantissimi criteri. Se desideri utilizzare solo la logica OR, puoi utilizzare SOMMA.SE. E se desideri creare una condizione OR e una condizione AND in un&#8217;unica formula, puoi utilizzare SUMIFS.<\/p><p> Sai, questo \u00e8 uno dei miei consigli sulla formula preferiti e spero che tu lo abbia trovato utile.<\/p><p> Ora dimmi una cosa. Hai mai usato questo tipo di formula prima? Condividi i tuoi pensieri con me nella sezione commenti, mi piacerebbe sentire la tua opinione e non dimenticare di condividere questo suggerimento con i tuoi amici.<\/p><div class=\"gb-container gb-container-0df56012 gb-container-mt\"> <a class=\"gb-button gb-button-f9f432f4 gb-button-text gb-button-mt-button\" href=\"https:\/\/exceladvisor.org\/it\/formule\/\">Elenco delle formule di Excel<\/a><h2 class=\"gb-headline gb-headline-233444e8 gb-headline-text gb-headline-mt-heading\"> Formule correlate <\/h2><div class=\"gb-grid-wrapper gb-grid-wrapper-a16fa65c gb-grid-wrapper-mt-grid\"><div class=\"gb-grid-column gb-grid-column-50d07e0d\"><div class=\"gb-container gb-container-50d07e0d\"><ul><li> <a href=\"https:\/\/exceladvisor.org\/it\/somma-se-maggiore-di\/\">Somma maggiore dei valori utilizzando SOMMA.SE<\/a><\/li><li> <a href=\"https:\/\/exceladvisor.org\/it\/sutive-non-uguali\/\">Somma di valori non uguali (SUMIFS) in Excel<\/a><\/li><li> <a href=\"https:\/\/exceladvisor.org\/it\/sumif-con-caratteri-jolly\/\">SOMMA.SE con caratteri jolly in Excel<\/a><\/li><li> <a href=\"https:\/\/exceladvisor.org\/it\/somma-di-valori-tra-due-date\/\">Intervallo di date SUMIFS (somma dei valori tra due array di date)<\/a><\/li><\/ul><\/div><\/div><\/div><\/div>","protected":false},"excerpt":{"rendered":"","protected":false},"author":1,"featured_media":0,"parent":0,"menu_order":0,"comment_status":"open","ping_status":"closed","template":"","meta":{"ub_ctt_via":"","footnotes":""},"class_list":["post-1507","page","type-page","status-publish","hentry"],"featured_image_src":null,"yoast_head":"<!-- This site is optimized with the Yoast SEO plugin v25.4 - https:\/\/yoast.com\/wordpress\/plugins\/seo\/ -->\n<title>Come utilizzare SOMMA.SE\/SUMI.FS con la logica OR?<\/title>\n<meta name=\"description\" content=\"In questo articolo imparerai un semplice trucco per aumentare la potenza di SOMMA.SE e SOMMA.SE utilizzando la logica OR. Puoi\" \/>\n<meta name=\"robots\" content=\"index, follow, max-snippet:-1, max-image-preview:large, max-video-preview:-1\" \/>\n<link rel=\"canonical\" href=\"https:\/\/exceladvisor.org\/it\/sumif-sumif-o-logica\/\" \/>\n<meta property=\"og:locale\" content=\"it_IT\" \/>\n<meta property=\"og:type\" content=\"article\" \/>\n<meta property=\"og:title\" content=\"Come utilizzare SOMMA.SE\/SUMI.FS con la logica OR?\" \/>\n<meta property=\"og:description\" content=\"In questo articolo imparerai un semplice trucco per aumentare la potenza di SOMMA.SE e SOMMA.SE utilizzando la logica OR. Puoi\" \/>\n<meta property=\"og:url\" content=\"https:\/\/exceladvisor.org\/it\/sumif-sumif-o-logica\/\" \/>\n<meta property=\"og:site_name\" content=\"Excel Advisor\" \/>\n<meta property=\"article:modified_time\" content=\"2023-12-10T06:26:47+00:00\" \/>\n<meta property=\"og:image\" content=\"https:\/\/exceladvisor.org\/wp-content\/uploads\/2023\/08\/table-de-donnees-a-utiliser-ou-logique-a-utiliser-dans-sumifs-sumif-1.png\" \/>\n<meta name=\"twitter:card\" content=\"summary_large_image\" \/>\n<meta name=\"twitter:label1\" content=\"Tempo di lettura stimato\" \/>\n\t<meta name=\"twitter:data1\" content=\"4 minuti\" \/>\n<script type=\"application\/ld+json\" class=\"yoast-schema-graph\">{\"@context\":\"https:\/\/schema.org\",\"@graph\":[{\"@type\":\"WebPage\",\"@id\":\"https:\/\/exceladvisor.org\/it\/sumif-sumif-o-logica\/\",\"url\":\"https:\/\/exceladvisor.org\/it\/sumif-sumif-o-logica\/\",\"name\":\"Come utilizzare SOMMA.SE\/SUMI.FS con la logica OR?\",\"isPartOf\":{\"@id\":\"https:\/\/exceladvisor.org\/it\/#website\"},\"primaryImageOfPage\":{\"@id\":\"https:\/\/exceladvisor.org\/it\/sumif-sumif-o-logica\/#primaryimage\"},\"image\":{\"@id\":\"https:\/\/exceladvisor.org\/it\/sumif-sumif-o-logica\/#primaryimage\"},\"thumbnailUrl\":\"https:\/\/exceladvisor.org\/wp-content\/uploads\/2023\/08\/table-de-donnees-a-utiliser-ou-logique-a-utiliser-dans-sumifs-sumif-1.png\",\"datePublished\":\"2023-11-19T17:43:07+00:00\",\"dateModified\":\"2023-12-10T06:26:47+00:00\",\"description\":\"In questo articolo imparerai un semplice trucco per aumentare la potenza di SOMMA.SE e SOMMA.SE utilizzando la logica OR. Puoi\",\"breadcrumb\":{\"@id\":\"https:\/\/exceladvisor.org\/it\/sumif-sumif-o-logica\/#breadcrumb\"},\"inLanguage\":\"it-IT\",\"potentialAction\":[{\"@type\":\"ReadAction\",\"target\":[\"https:\/\/exceladvisor.org\/it\/sumif-sumif-o-logica\/\"]}]},{\"@type\":\"ImageObject\",\"inLanguage\":\"it-IT\",\"@id\":\"https:\/\/exceladvisor.org\/it\/sumif-sumif-o-logica\/#primaryimage\",\"url\":\"https:\/\/exceladvisor.org\/wp-content\/uploads\/2023\/08\/table-de-donnees-a-utiliser-ou-logique-a-utiliser-dans-sumifs-sumif-1.png\",\"contentUrl\":\"https:\/\/exceladvisor.org\/wp-content\/uploads\/2023\/08\/table-de-donnees-a-utiliser-ou-logique-a-utiliser-dans-sumifs-sumif-1.png\"},{\"@type\":\"BreadcrumbList\",\"@id\":\"https:\/\/exceladvisor.org\/it\/sumif-sumif-o-logica\/#breadcrumb\",\"itemListElement\":[{\"@type\":\"ListItem\",\"position\":1,\"name\":\"Home\",\"item\":\"https:\/\/exceladvisor.org\/it\/\"},{\"@type\":\"ListItem\",\"position\":2,\"name\":\"Come utilizzare somma.se\/sumi.fs con la logica or?\"}]},{\"@type\":\"WebSite\",\"@id\":\"https:\/\/exceladvisor.org\/it\/#website\",\"url\":\"https:\/\/exceladvisor.org\/it\/\",\"name\":\"Excel Advisor\",\"description\":\"Tips, Tricks, and Time-Saving Hacks\",\"publisher\":{\"@id\":\"https:\/\/exceladvisor.org\/it\/#organization\"},\"potentialAction\":[{\"@type\":\"SearchAction\",\"target\":{\"@type\":\"EntryPoint\",\"urlTemplate\":\"https:\/\/exceladvisor.org\/it\/?s={search_term_string}\"},\"query-input\":{\"@type\":\"PropertyValueSpecification\",\"valueRequired\":true,\"valueName\":\"search_term_string\"}}],\"inLanguage\":\"it-IT\"},{\"@type\":\"Organization\",\"@id\":\"https:\/\/exceladvisor.org\/it\/#organization\",\"name\":\"Excel Advisor\",\"url\":\"https:\/\/exceladvisor.org\/it\/\",\"logo\":{\"@type\":\"ImageObject\",\"inLanguage\":\"it-IT\",\"@id\":\"https:\/\/exceladvisor.org\/it\/#\/schema\/logo\/image\/\",\"url\":\"https:\/\/exceladvisor.org\/it\/wp-content\/uploads\/2023\/12\/exceladvisor.org_.png\",\"contentUrl\":\"https:\/\/exceladvisor.org\/it\/wp-content\/uploads\/2023\/12\/exceladvisor.org_.png\",\"width\":105,\"height\":36,\"caption\":\"Excel Advisor\"},\"image\":{\"@id\":\"https:\/\/exceladvisor.org\/it\/#\/schema\/logo\/image\/\"}}]}<\/script>\n<!-- \/ Yoast SEO plugin. -->","yoast_head_json":{"title":"Come utilizzare SOMMA.SE\/SUMI.FS con la logica OR?","description":"In questo articolo imparerai un semplice trucco per aumentare la potenza di SOMMA.SE e SOMMA.SE utilizzando la logica OR. Puoi","robots":{"index":"index","follow":"follow","max-snippet":"max-snippet:-1","max-image-preview":"max-image-preview:large","max-video-preview":"max-video-preview:-1"},"canonical":"https:\/\/exceladvisor.org\/it\/sumif-sumif-o-logica\/","og_locale":"it_IT","og_type":"article","og_title":"Come utilizzare SOMMA.SE\/SUMI.FS con la logica OR?","og_description":"In questo articolo imparerai un semplice trucco per aumentare la potenza di SOMMA.SE e SOMMA.SE utilizzando la logica OR. Puoi","og_url":"https:\/\/exceladvisor.org\/it\/sumif-sumif-o-logica\/","og_site_name":"Excel Advisor","article_modified_time":"2023-12-10T06:26:47+00:00","og_image":[{"url":"https:\/\/exceladvisor.org\/wp-content\/uploads\/2023\/08\/table-de-donnees-a-utiliser-ou-logique-a-utiliser-dans-sumifs-sumif-1.png","type":"","width":"","height":""}],"twitter_card":"summary_large_image","twitter_misc":{"Tempo di lettura stimato":"4 minuti"},"schema":{"@context":"https:\/\/schema.org","@graph":[{"@type":"WebPage","@id":"https:\/\/exceladvisor.org\/it\/sumif-sumif-o-logica\/","url":"https:\/\/exceladvisor.org\/it\/sumif-sumif-o-logica\/","name":"Come utilizzare SOMMA.SE\/SUMI.FS con la logica OR?","isPartOf":{"@id":"https:\/\/exceladvisor.org\/it\/#website"},"primaryImageOfPage":{"@id":"https:\/\/exceladvisor.org\/it\/sumif-sumif-o-logica\/#primaryimage"},"image":{"@id":"https:\/\/exceladvisor.org\/it\/sumif-sumif-o-logica\/#primaryimage"},"thumbnailUrl":"https:\/\/exceladvisor.org\/wp-content\/uploads\/2023\/08\/table-de-donnees-a-utiliser-ou-logique-a-utiliser-dans-sumifs-sumif-1.png","datePublished":"2023-11-19T17:43:07+00:00","dateModified":"2023-12-10T06:26:47+00:00","description":"In questo articolo imparerai un semplice trucco per aumentare la potenza di SOMMA.SE e SOMMA.SE utilizzando la logica OR. Puoi","breadcrumb":{"@id":"https:\/\/exceladvisor.org\/it\/sumif-sumif-o-logica\/#breadcrumb"},"inLanguage":"it-IT","potentialAction":[{"@type":"ReadAction","target":["https:\/\/exceladvisor.org\/it\/sumif-sumif-o-logica\/"]}]},{"@type":"ImageObject","inLanguage":"it-IT","@id":"https:\/\/exceladvisor.org\/it\/sumif-sumif-o-logica\/#primaryimage","url":"https:\/\/exceladvisor.org\/wp-content\/uploads\/2023\/08\/table-de-donnees-a-utiliser-ou-logique-a-utiliser-dans-sumifs-sumif-1.png","contentUrl":"https:\/\/exceladvisor.org\/wp-content\/uploads\/2023\/08\/table-de-donnees-a-utiliser-ou-logique-a-utiliser-dans-sumifs-sumif-1.png"},{"@type":"BreadcrumbList","@id":"https:\/\/exceladvisor.org\/it\/sumif-sumif-o-logica\/#breadcrumb","itemListElement":[{"@type":"ListItem","position":1,"name":"Home","item":"https:\/\/exceladvisor.org\/it\/"},{"@type":"ListItem","position":2,"name":"Come utilizzare somma.se\/sumi.fs con la logica or?"}]},{"@type":"WebSite","@id":"https:\/\/exceladvisor.org\/it\/#website","url":"https:\/\/exceladvisor.org\/it\/","name":"Excel Advisor","description":"Tips, Tricks, and Time-Saving Hacks","publisher":{"@id":"https:\/\/exceladvisor.org\/it\/#organization"},"potentialAction":[{"@type":"SearchAction","target":{"@type":"EntryPoint","urlTemplate":"https:\/\/exceladvisor.org\/it\/?s={search_term_string}"},"query-input":{"@type":"PropertyValueSpecification","valueRequired":true,"valueName":"search_term_string"}}],"inLanguage":"it-IT"},{"@type":"Organization","@id":"https:\/\/exceladvisor.org\/it\/#organization","name":"Excel Advisor","url":"https:\/\/exceladvisor.org\/it\/","logo":{"@type":"ImageObject","inLanguage":"it-IT","@id":"https:\/\/exceladvisor.org\/it\/#\/schema\/logo\/image\/","url":"https:\/\/exceladvisor.org\/it\/wp-content\/uploads\/2023\/12\/exceladvisor.org_.png","contentUrl":"https:\/\/exceladvisor.org\/it\/wp-content\/uploads\/2023\/12\/exceladvisor.org_.png","width":105,"height":36,"caption":"Excel Advisor"},"image":{"@id":"https:\/\/exceladvisor.org\/it\/#\/schema\/logo\/image\/"}}]}},"yoast_meta":{"yoast_wpseo_title":"","yoast_wpseo_metadesc":"","yoast_wpseo_canonical":""},"_links":{"self":[{"href":"https:\/\/exceladvisor.org\/it\/wp-json\/wp\/v2\/pages\/1507","targetHints":{"allow":["GET"]}}],"collection":[{"href":"https:\/\/exceladvisor.org\/it\/wp-json\/wp\/v2\/pages"}],"about":[{"href":"https:\/\/exceladvisor.org\/it\/wp-json\/wp\/v2\/types\/page"}],"author":[{"embeddable":true,"href":"https:\/\/exceladvisor.org\/it\/wp-json\/wp\/v2\/users\/1"}],"replies":[{"embeddable":true,"href":"https:\/\/exceladvisor.org\/it\/wp-json\/wp\/v2\/comments?post=1507"}],"version-history":[{"count":1,"href":"https:\/\/exceladvisor.org\/it\/wp-json\/wp\/v2\/pages\/1507\/revisions"}],"predecessor-version":[{"id":2837,"href":"https:\/\/exceladvisor.org\/it\/wp-json\/wp\/v2\/pages\/1507\/revisions\/2837"}],"wp:attachment":[{"href":"https:\/\/exceladvisor.org\/it\/wp-json\/wp\/v2\/media?parent=1507"}],"curies":[{"name":"wp","href":"https:\/\/api.w.org\/{rel}","templated":true}]}}