{"id":1508,"date":"2023-11-19T15:15:07","date_gmt":"2023-11-19T15:15:07","guid":{"rendered":"https:\/\/exceladvisor.org\/it\/sumif-con-caratteri-jolly\/"},"modified":"2023-12-10T06:26:50","modified_gmt":"2023-12-10T06:26:50","slug":"sumif-con-caratteri-jolly","status":"publish","type":"page","link":"https:\/\/exceladvisor.org\/it\/sumif-con-caratteri-jolly\/","title":{"rendered":"Come utilizzare sumif con i caratteri jolly?"},"content":{"rendered":"<div class=\"excel-prima-del-contenuto\" id=\"excel-1751255569\"><script type=\"text\/javascript\">\r\n\tatOptions = {\r\n\t\t'key' : 'c1158f160081d6540a8409e6925dab94',\r\n\t\t'format' : 'iframe',\r\n\t\t'height' : 250,\r\n\t\t'width' : 300,\r\n\t\t'params' : {}\r\n\t};\r\n<\/script>\r\n<script type=\"text\/javascript\" src=\"\/\/www.highperformanceformat.com\/c1158f160081d6540a8409e6925dab94\/invoke.js\"><\/script><\/div> <p>SOMMA.SE \u00e8 una delle <a style=\"outline: none; display: inline-block;\" href=\"https:\/\/exceladvisor.org\/it\/funzioni-di-excel\/\">mie funzioni Excel preferite<\/a> e sono sicuro che sia anche la tua. Ma una cosa che mi preoccupa sempre \u00e8 che possiamo aggiungere i valori solo quando i criteri corrispondono perfettamente ai valori.<\/p><p> Diciamo che il tuo nome \u00e8 John Martin.<\/p><p> In questo caso, se vogliamo aggiungere valori utilizzando il tuo nome, dovremmo avere il tuo nome completo. E se abbiamo solo il tuo nome, non possiamo usarlo.<\/p><p> S\u00ec, \u00e8 un problema. Ma ho una soluzione anche per questo. Ricordi <a href=\"https:\/\/exceladvisor.org\/it\/caratteri-jolly-2\/\" data-wpil=\"url\">i caratteri jolly di Excel<\/a> ? Si hai ragione.<\/p><p> Se utilizziamo <strong><span style=\"color: #ea493f;\">i caratteri jolly con SOMMA.SE<\/span><\/strong> , possiamo sommare i valori utilizzando criteri parziali. La buona notizia \u00e8 che possiamo utilizzare tutti e tre i caratteri (asterisco [*], punto interrogativo [?], tilde [~]) con SOMMA.SE\/SUMIFS.<\/p><p> Oggi in questo articolo vorrei condividere con voi un modo semplice per utilizzare SOMMA.SE con caratteri jolly spiegando l&#8217;utilizzo di tutti e tre i caratteri con esempi.<\/p><p> Se vuoi saperne di pi\u00f9 sui caratteri jolly, imparerai da <a style=\"outline: none;\" href=\"https:\/\/exceladvisor.org\/it\/caratteri-jolly-2\/\" data-wpil=\"url\">questa guida<\/a> e assicurati di scaricare questo file di dati da qui per seguirlo.<\/p><p> E ora cominciamo&#8230;<\/p><h2 id=\"tab-con-5\" class=\"wp-block-heading\"> 1. Asterisco [*] con SOMMA.SE<\/h2><p> L&#8217;asterisco \u00e8 il carattere jolly pi\u00f9 popolare. Ed \u00e8 uno che pu\u00f2 essere utilizzato perfettamente con SUMIF.<\/p><h3 class=\"wp-block-heading\"> Asterisco: una breve introduzione<\/h3><p> \u00c8 possibile utilizzare un <a href=\"https:\/\/exceladvisor.org\/it\/caratteri-jolly-2\/\" data-wpil=\"url\">asterisco<\/a> per presentare uno o pi\u00f9 caratteri mancanti alla fine o all&#8217;inizio dei criteri.<\/p><p> Come ho detto, se abbiamo John come criterio e dobbiamo sommare i valori per il nome John Martin, possiamo combinare il testo &#8220;John&#8221; con un asterisco per presentare il resto del testo. con un asterisco per presentare il resto del testo.<\/p><h3 class=\"wp-block-heading\"> Esempio: SOMMA.SE + asterisco<\/h3><p> Qui ho un esempio migliore per farti capire come funziona l&#8217;asterisco con SOMMA.SE.<\/p><p> Di seguito \u00e8 riportata la tabella in cui abbiamo una colonna in cui sono allegati il nome del prodotto e il numero di fattura oppure puoi dire che si tratta di un numero di fattura per prodotto. <\/p><div class=\"wp-block-image\"><figure class=\"aligncenter\"><img decoding=\"async\" src=\"https:\/\/exceladvisor.org\/wp-content\/uploads\/2023\/08\/donnees-pour-obtenir-les-totaux-de-la-facture-en-utilisant-sumif-avec-des-caracteres-generiques.png\" sizes=\"\" srcset=\"\" alt=\"dati per ottenere i totali delle fatture utilizzando sumif con caratteri jolly\"><\/figure><\/div><p> Ora da questa tabella dobbiamo creare un totale per prodotto. Ma se vedi, ogni nome di prodotto \u00e8 unico, perch\u00e9 insieme ad esso abbiamo un numero di fattura.<\/p><p> Da qui, anche se <a href=\"https:\/\/exceladvisor.org\/it\/tabella-pivot-1\/\" data-wpil=\"url\">creiamo una tabella pivot,<\/a> non possiamo ottenere un totale per prodotto. Quindi \u00e8 il momento di utilizzare un asterisco e la formula sarebbe: <\/p><pre class=\"wp-block-code\"> <code class=\"language-excel-formula\" lang=\"excel-formula\">=SUMIF(invoice_column,product_name&amp;\"*\",amount_column)<\/code><\/pre><div class=\"wp-block-image\"><figure class=\"aligncenter\"><img decoding=\"async\" src=\"https:\/\/exceladvisor.org\/wp-content\/uploads\/2023\/08\/formule-utilisant-le-caractere-generique-asterisque-avec-sumif-pour-obtenir-le-total-de-la-facture.png\" sizes=\"\" srcset=\"\" alt=\"formula che utilizza il carattere jolly asterisco con somma. per ottenere il totale della fattura\"><\/figure><\/div><p> Nella formula sopra, abbiamo combinato il nome del prodotto con i valori di somma dei caratteri jolly asterisco per ciascun prodotto.<\/p><p> Pertanto, quando SOMMA.SE corrisponde ai criteri della colonna della fattura, prende i caratteri prima dell&#8217;asterisco e sostituisce il resto dei caratteri.<\/p><p> In termini semplici, ignora tutti i caratteri dopo il nome del prodotto di una cella e restituisce la somma della colonna dell&#8217;importo.<\/p><p> In questo modo possiamo ottenere il totale per prodotto anche quando non abbiamo un nome di prodotto adatto nella colonna.<\/p><h2 id=\"tab-con-1\" class=\"wp-block-heading\"> 2. Punto interrogativo [?] con SOMMA.SE<\/h2><p> Un <a href=\"https:\/\/exceladvisor.org\/it\/caratteri-jolly-2\/\" data-wpil=\"url\">punto interrogativo \u00e8<\/a> il carattere importante successivo all&#8217;asterisco. SOMMA.SE\/SUMIFS pu\u00f2 aiutarti a creare criteri di testo parziali.<\/p><h3 class=\"wp-block-heading\"> Punto interrogativo: una breve introduzione<\/h3><p> \u00c8 possibile utilizzare un punto interrogativo per presentare un singolo carattere sconosciuto in una stringa di testo.<\/p><p> Il mio nome \u00e8 \u201cPUNEET\u201d. Ma cosa succede se qualcuno lo scrive come PUNNET e PUNIIT? Non sono in grado di SOMMARE un valore relativo a questi due o ad altri.<\/p><p> Se utilizzo PUN??T (due punti interrogativi), mi aiuta a SOMMARE i valori di entrambi i criteri.<\/p><h3 class=\"wp-block-heading\"> Esempio: SOMMA.SE + punto interrogativo<\/h3><p> Normalmente l&#8217;uso del punto interrogativo non \u00e8 cos\u00ec comune rispetto all&#8217;asterisco, ma anche in questo caso \u00e8 importante imparare e pu\u00f2 essere utilizzato in alcune situazioni specifiche.<\/p><p> Dai un&#8217;occhiata ai dati qui sotto (di nuovo, sto usando il mio nome). Se guardi attentamente, vedrai che il mio nome \u00e8 presente pi\u00f9 volte nell&#8217;elenco.<\/p><p> Ma il punto da notare \u00e8 che invece di avere uno spazio tra il nome e il cognome, hai caratteri diversi.<\/p><p> E se vuoi riassumere l\u00ec tutti i bonus, non puoi fare riferimento semplicemente al mio nome.<\/p><p> Anche se il nome \u00e8 presente in pi\u00f9 celle ma ognuna \u00e8 unica, per risolvere questo problema e sommare tutti i bonus puoi utilizzare la formula seguente.<\/p><pre class=\"wp-block-code\"> <code class=\"language-excel-formula\" lang=\"excel-formula\">=SUMIF(name_column,\"Puneet?Gogia\",amount_column)<\/code><\/pre><p> Ora qui hai usato un punto interrogativo tra nome e cognome. Il fatto \u00e8 che quando usi un punto interrogativo, sostituisce solo quel carattere con uno dei caratteri disponibili.<\/p><p> Quando SOMMA.SE utilizza i criteri specificati, corrisponde solo al nome e al cognome e ignora i caratteri nei valori corrispondenti per la stessa posizione in cui hai utilizzato un punto interrogativo.<\/p><p> Quindi il punto cruciale \u00e8 questo: un punto interrogativo rappresenta un singolo carattere in una stringa di testo.<\/p><h2 id=\"tab-con-3\" class=\"wp-block-heading\"> 3. Tilde [~] con SUMIFS<\/h2><p> Non so se avrai mai bisogno di usare una <a href=\"https:\/\/exceladvisor.org\/it\/caratteri-jolly-2\/\" data-wpil=\"url\">tilde come carattere jolly<\/a> . Ma se il tuo lavoro prevede la gestione dei dati pi\u00f9 sporchi, un giorno una tilde potrebbe tornare utile.<\/p><h3 class=\"wp-block-heading\"> Tilde: una breve introduzione<\/h3><p> In poche parole, una tilde annulla l&#8217;effetto dei caratteri jolly (asterisco e punto interrogativo).<\/p><p> Ad esempio, se provi ad aggiungere valori utilizzando un testo in cui hai un asterisco o un punto interrogativo come carattere reale, SOMMA.SE li tratter\u00e0 come un carattere jolly anzich\u00e9 come un carattere reale.<\/p><h3 class=\"wp-block-heading\"> Esempio: SOMMA.SE + Tilde<\/h3><p> Qui utilizziamo gli stessi dati dell&#8217;esempio sopra e in questi dati hai di nuovo il mio nome. Ma questo nome del tempo ha gi\u00e0 con s\u00e9 un carattere generico.<\/p><p> Da questi dati devi sommare i valori bonus con il nome in cui hai un punto interrogativo. Dai un&#8217;occhiata all&#8217;esempio qui sotto in cui abbiamo semplicemente utilizzato i criteri per sommare i valori dei bonus.<\/p><p> Scopo: se guardi il risultato della formula, mostra la somma di tutti i valori bonus (per nome e nome completo).<\/p><p> SOMMA.SE considera questo punto interrogativo nei criteri come un carattere jolly e restituisce la somma dei valori bonus dove il testo nei criteri \u00e8 &#8220;Puneet&#8221;. Come ho detto, dobbiamo usare una tilde con un asterisco per ottenere la somma dei valori. Quindi la formula sarebbe:<\/p><pre class=\"wp-block-code\"> <code class=\"language-excel-formula\" lang=\"excel-formula\">=SUMIF(name_column,\"Puneet*~\",amount_column)<\/code><\/pre><p> Pertanto, quando usi una tilde accanto all&#8217;asterisco, SOMMA.SE la considera un carattere reale anzich\u00e9 un carattere jolly.<\/p><p> Problema risolto. Hai ottenuto la somma corretta dei valori.<\/p><h2 id=\"tab-con-4\" class=\"wp-block-heading\"> Conclusione<\/h2><p> Quello che mi piace dell&#8217;utilizzo dei caratteri jolly con SUMIF\/SUMIFS \u00e8 che fa risparmiare tempo e puoi aggiungere valori senza apportare modifiche iniziali ai valori originali.<\/p><p> Ricorda:<\/p><ol><li> Se disponi di dati di cui non sei sicuro della stringa di testo completa, puoi utilizzare un asterisco.<\/li><li> Inoltre, se si desidera sostituire un numero specifico di caratteri, \u00e8 possibile utilizzare un punto interrogativo.<\/li><li> Ma, come ho detto, il tuo lavoro include la gestione della maggior parte dei dati sporchi, quindi una tilde potrebbe tornare utile.<\/li><\/ol><p> Spero che questo suggerimento ti aiuti a migliorare con le formule. Puoi imparare alcune delle formule Excel pi\u00f9 sorprendenti da qui.<\/p><p> Ora dimmi una cosa.<\/p><p> Hai mai usato SOMMA.SE con i caratteri jolly prima?<\/p><p> Condividi i tuoi pensieri con me nella sezione commenti, mi piacerebbe sentire la tua opinione. E non dimenticare di condividere questo suggerimento con i tuoi amici.<\/p><div class=\"gb-container gb-container-0df56012 gb-container-mt\"> <a class=\"gb-button gb-button-f9f432f4 gb-button-text gb-button-mt-button\" href=\"https:\/\/exceladvisor.org\/it\/formule\/\">Elenco delle formule di Excel<\/a><h2 class=\"gb-headline gb-headline-233444e8 gb-headline-text gb-headline-mt-heading\"> Formule correlate <\/h2><div class=\"gb-grid-wrapper gb-grid-wrapper-a16fa65c gb-grid-wrapper-mt-grid\"><div class=\"gb-grid-column gb-grid-column-50d07e0d\"><div class=\"gb-container gb-container-50d07e0d\"><ul><li> <a href=\"https:\/\/exceladvisor.org\/it\/somma-se-maggiore-di\/\">Somma maggiore dei valori utilizzando SOMMA.SE<\/a><\/li><li> <a href=\"https:\/\/exceladvisor.org\/it\/sutive-non-uguali\/\">Somma di valori non uguali (SUMIFS) in Excel<\/a><\/li><li> <a href=\"https:\/\/exceladvisor.org\/it\/sumif-sumif-o-logica\/\">SOMMA.SE\/SOMMA.FS con logica OR in Excel<\/a><\/li><li> <a href=\"https:\/\/exceladvisor.org\/it\/somma-di-valori-tra-due-date\/\">Intervallo di date SUMIFS (somma dei valori tra due array di date)<\/a><\/li><li> <a href=\"https:\/\/exceladvisor.org\/it\/sumif-vlookup\/\">Combina CERCA.VERT con SOMMA.SE<\/a> <\/li><\/ul><\/div><\/div><div class=\"gb-grid-column gb-grid-column-5b4a0cf9\"><div class=\"gb-container gb-container-5b4a0cf9\"><\/div><\/div><\/div><\/div>","protected":false},"excerpt":{"rendered":"","protected":false},"author":1,"featured_media":0,"parent":0,"menu_order":0,"comment_status":"open","ping_status":"closed","template":"","meta":{"ub_ctt_via":"","footnotes":""},"class_list":["post-1508","page","type-page","status-publish","hentry"],"featured_image_src":null,"yoast_head":"<!-- This site is optimized with the Yoast SEO plugin v25.4 - https:\/\/yoast.com\/wordpress\/plugins\/seo\/ -->\n<title>Come utilizzare SOMMA.SE con caratteri jolly in Excel [Ultimate Formula Hack]<\/title>\n<meta name=\"description\" content=\"Ricordi i caratteri jolly di Excel? Se utilizziamo i caratteri jolly con SOMMA.SE possiamo sommare i valori utilizzando criteri parziali e la buona notizia \u00e8...\" \/>\n<meta name=\"robots\" content=\"index, follow, max-snippet:-1, max-image-preview:large, max-video-preview:-1\" \/>\n<link rel=\"canonical\" href=\"https:\/\/exceladvisor.org\/it\/sumif-con-caratteri-jolly\/\" \/>\n<meta property=\"og:locale\" content=\"it_IT\" \/>\n<meta property=\"og:type\" content=\"article\" \/>\n<meta property=\"og:title\" content=\"Come utilizzare SOMMA.SE con caratteri jolly in Excel [Ultimate Formula Hack]\" \/>\n<meta property=\"og:description\" content=\"Ricordi i caratteri jolly di Excel? Se utilizziamo i caratteri jolly con SOMMA.SE possiamo sommare i valori utilizzando criteri parziali e la buona notizia \u00e8...\" \/>\n<meta property=\"og:url\" content=\"https:\/\/exceladvisor.org\/it\/sumif-con-caratteri-jolly\/\" \/>\n<meta property=\"og:site_name\" content=\"Excel Advisor\" \/>\n<meta property=\"article:modified_time\" content=\"2023-12-10T06:26:50+00:00\" \/>\n<meta property=\"og:image\" content=\"https:\/\/exceladvisor.org\/wp-content\/uploads\/2023\/08\/donnees-pour-obtenir-les-totaux-de-la-facture-en-utilisant-sumif-avec-des-caracteres-generiques.png\" \/>\n<meta name=\"twitter:card\" content=\"summary_large_image\" \/>\n<meta name=\"twitter:label1\" content=\"Tempo di lettura stimato\" \/>\n\t<meta name=\"twitter:data1\" content=\"6 minuti\" \/>\n<script type=\"application\/ld+json\" class=\"yoast-schema-graph\">{\"@context\":\"https:\/\/schema.org\",\"@graph\":[{\"@type\":\"WebPage\",\"@id\":\"https:\/\/exceladvisor.org\/it\/sumif-con-caratteri-jolly\/\",\"url\":\"https:\/\/exceladvisor.org\/it\/sumif-con-caratteri-jolly\/\",\"name\":\"Come utilizzare SOMMA.SE con caratteri jolly in Excel [Ultimate Formula Hack]\",\"isPartOf\":{\"@id\":\"https:\/\/exceladvisor.org\/it\/#website\"},\"primaryImageOfPage\":{\"@id\":\"https:\/\/exceladvisor.org\/it\/sumif-con-caratteri-jolly\/#primaryimage\"},\"image\":{\"@id\":\"https:\/\/exceladvisor.org\/it\/sumif-con-caratteri-jolly\/#primaryimage\"},\"thumbnailUrl\":\"https:\/\/exceladvisor.org\/wp-content\/uploads\/2023\/08\/donnees-pour-obtenir-les-totaux-de-la-facture-en-utilisant-sumif-avec-des-caracteres-generiques.png\",\"datePublished\":\"2023-11-19T15:15:07+00:00\",\"dateModified\":\"2023-12-10T06:26:50+00:00\",\"description\":\"Ricordi i caratteri jolly di Excel? Se utilizziamo i caratteri jolly con SOMMA.SE possiamo sommare i valori utilizzando criteri parziali e la buona notizia \u00e8...\",\"breadcrumb\":{\"@id\":\"https:\/\/exceladvisor.org\/it\/sumif-con-caratteri-jolly\/#breadcrumb\"},\"inLanguage\":\"it-IT\",\"potentialAction\":[{\"@type\":\"ReadAction\",\"target\":[\"https:\/\/exceladvisor.org\/it\/sumif-con-caratteri-jolly\/\"]}]},{\"@type\":\"ImageObject\",\"inLanguage\":\"it-IT\",\"@id\":\"https:\/\/exceladvisor.org\/it\/sumif-con-caratteri-jolly\/#primaryimage\",\"url\":\"https:\/\/exceladvisor.org\/wp-content\/uploads\/2023\/08\/donnees-pour-obtenir-les-totaux-de-la-facture-en-utilisant-sumif-avec-des-caracteres-generiques.png\",\"contentUrl\":\"https:\/\/exceladvisor.org\/wp-content\/uploads\/2023\/08\/donnees-pour-obtenir-les-totaux-de-la-facture-en-utilisant-sumif-avec-des-caracteres-generiques.png\"},{\"@type\":\"BreadcrumbList\",\"@id\":\"https:\/\/exceladvisor.org\/it\/sumif-con-caratteri-jolly\/#breadcrumb\",\"itemListElement\":[{\"@type\":\"ListItem\",\"position\":1,\"name\":\"Home\",\"item\":\"https:\/\/exceladvisor.org\/it\/\"},{\"@type\":\"ListItem\",\"position\":2,\"name\":\"Come utilizzare sumif con i caratteri jolly?\"}]},{\"@type\":\"WebSite\",\"@id\":\"https:\/\/exceladvisor.org\/it\/#website\",\"url\":\"https:\/\/exceladvisor.org\/it\/\",\"name\":\"Excel Advisor\",\"description\":\"Tips, Tricks, and Time-Saving Hacks\",\"publisher\":{\"@id\":\"https:\/\/exceladvisor.org\/it\/#organization\"},\"potentialAction\":[{\"@type\":\"SearchAction\",\"target\":{\"@type\":\"EntryPoint\",\"urlTemplate\":\"https:\/\/exceladvisor.org\/it\/?s={search_term_string}\"},\"query-input\":{\"@type\":\"PropertyValueSpecification\",\"valueRequired\":true,\"valueName\":\"search_term_string\"}}],\"inLanguage\":\"it-IT\"},{\"@type\":\"Organization\",\"@id\":\"https:\/\/exceladvisor.org\/it\/#organization\",\"name\":\"Excel Advisor\",\"url\":\"https:\/\/exceladvisor.org\/it\/\",\"logo\":{\"@type\":\"ImageObject\",\"inLanguage\":\"it-IT\",\"@id\":\"https:\/\/exceladvisor.org\/it\/#\/schema\/logo\/image\/\",\"url\":\"https:\/\/exceladvisor.org\/it\/wp-content\/uploads\/2023\/12\/exceladvisor.org_.png\",\"contentUrl\":\"https:\/\/exceladvisor.org\/it\/wp-content\/uploads\/2023\/12\/exceladvisor.org_.png\",\"width\":105,\"height\":36,\"caption\":\"Excel Advisor\"},\"image\":{\"@id\":\"https:\/\/exceladvisor.org\/it\/#\/schema\/logo\/image\/\"}}]}<\/script>\n<!-- \/ Yoast SEO plugin. -->","yoast_head_json":{"title":"Come utilizzare SOMMA.SE con caratteri jolly in Excel [Ultimate Formula Hack]","description":"Ricordi i caratteri jolly di Excel? Se utilizziamo i caratteri jolly con SOMMA.SE possiamo sommare i valori utilizzando criteri parziali e la buona notizia \u00e8...","robots":{"index":"index","follow":"follow","max-snippet":"max-snippet:-1","max-image-preview":"max-image-preview:large","max-video-preview":"max-video-preview:-1"},"canonical":"https:\/\/exceladvisor.org\/it\/sumif-con-caratteri-jolly\/","og_locale":"it_IT","og_type":"article","og_title":"Come utilizzare SOMMA.SE con caratteri jolly in Excel [Ultimate Formula Hack]","og_description":"Ricordi i caratteri jolly di Excel? Se utilizziamo i caratteri jolly con SOMMA.SE possiamo sommare i valori utilizzando criteri parziali e la buona notizia \u00e8...","og_url":"https:\/\/exceladvisor.org\/it\/sumif-con-caratteri-jolly\/","og_site_name":"Excel Advisor","article_modified_time":"2023-12-10T06:26:50+00:00","og_image":[{"url":"https:\/\/exceladvisor.org\/wp-content\/uploads\/2023\/08\/donnees-pour-obtenir-les-totaux-de-la-facture-en-utilisant-sumif-avec-des-caracteres-generiques.png","type":"","width":"","height":""}],"twitter_card":"summary_large_image","twitter_misc":{"Tempo di lettura stimato":"6 minuti"},"schema":{"@context":"https:\/\/schema.org","@graph":[{"@type":"WebPage","@id":"https:\/\/exceladvisor.org\/it\/sumif-con-caratteri-jolly\/","url":"https:\/\/exceladvisor.org\/it\/sumif-con-caratteri-jolly\/","name":"Come utilizzare SOMMA.SE con caratteri jolly in Excel [Ultimate Formula Hack]","isPartOf":{"@id":"https:\/\/exceladvisor.org\/it\/#website"},"primaryImageOfPage":{"@id":"https:\/\/exceladvisor.org\/it\/sumif-con-caratteri-jolly\/#primaryimage"},"image":{"@id":"https:\/\/exceladvisor.org\/it\/sumif-con-caratteri-jolly\/#primaryimage"},"thumbnailUrl":"https:\/\/exceladvisor.org\/wp-content\/uploads\/2023\/08\/donnees-pour-obtenir-les-totaux-de-la-facture-en-utilisant-sumif-avec-des-caracteres-generiques.png","datePublished":"2023-11-19T15:15:07+00:00","dateModified":"2023-12-10T06:26:50+00:00","description":"Ricordi i caratteri jolly di Excel? Se utilizziamo i caratteri jolly con SOMMA.SE possiamo sommare i valori utilizzando criteri parziali e la buona notizia \u00e8...","breadcrumb":{"@id":"https:\/\/exceladvisor.org\/it\/sumif-con-caratteri-jolly\/#breadcrumb"},"inLanguage":"it-IT","potentialAction":[{"@type":"ReadAction","target":["https:\/\/exceladvisor.org\/it\/sumif-con-caratteri-jolly\/"]}]},{"@type":"ImageObject","inLanguage":"it-IT","@id":"https:\/\/exceladvisor.org\/it\/sumif-con-caratteri-jolly\/#primaryimage","url":"https:\/\/exceladvisor.org\/wp-content\/uploads\/2023\/08\/donnees-pour-obtenir-les-totaux-de-la-facture-en-utilisant-sumif-avec-des-caracteres-generiques.png","contentUrl":"https:\/\/exceladvisor.org\/wp-content\/uploads\/2023\/08\/donnees-pour-obtenir-les-totaux-de-la-facture-en-utilisant-sumif-avec-des-caracteres-generiques.png"},{"@type":"BreadcrumbList","@id":"https:\/\/exceladvisor.org\/it\/sumif-con-caratteri-jolly\/#breadcrumb","itemListElement":[{"@type":"ListItem","position":1,"name":"Home","item":"https:\/\/exceladvisor.org\/it\/"},{"@type":"ListItem","position":2,"name":"Come utilizzare sumif con i caratteri jolly?"}]},{"@type":"WebSite","@id":"https:\/\/exceladvisor.org\/it\/#website","url":"https:\/\/exceladvisor.org\/it\/","name":"Excel Advisor","description":"Tips, Tricks, and Time-Saving Hacks","publisher":{"@id":"https:\/\/exceladvisor.org\/it\/#organization"},"potentialAction":[{"@type":"SearchAction","target":{"@type":"EntryPoint","urlTemplate":"https:\/\/exceladvisor.org\/it\/?s={search_term_string}"},"query-input":{"@type":"PropertyValueSpecification","valueRequired":true,"valueName":"search_term_string"}}],"inLanguage":"it-IT"},{"@type":"Organization","@id":"https:\/\/exceladvisor.org\/it\/#organization","name":"Excel Advisor","url":"https:\/\/exceladvisor.org\/it\/","logo":{"@type":"ImageObject","inLanguage":"it-IT","@id":"https:\/\/exceladvisor.org\/it\/#\/schema\/logo\/image\/","url":"https:\/\/exceladvisor.org\/it\/wp-content\/uploads\/2023\/12\/exceladvisor.org_.png","contentUrl":"https:\/\/exceladvisor.org\/it\/wp-content\/uploads\/2023\/12\/exceladvisor.org_.png","width":105,"height":36,"caption":"Excel Advisor"},"image":{"@id":"https:\/\/exceladvisor.org\/it\/#\/schema\/logo\/image\/"}}]}},"yoast_meta":{"yoast_wpseo_title":"","yoast_wpseo_metadesc":"","yoast_wpseo_canonical":""},"_links":{"self":[{"href":"https:\/\/exceladvisor.org\/it\/wp-json\/wp\/v2\/pages\/1508","targetHints":{"allow":["GET"]}}],"collection":[{"href":"https:\/\/exceladvisor.org\/it\/wp-json\/wp\/v2\/pages"}],"about":[{"href":"https:\/\/exceladvisor.org\/it\/wp-json\/wp\/v2\/types\/page"}],"author":[{"embeddable":true,"href":"https:\/\/exceladvisor.org\/it\/wp-json\/wp\/v2\/users\/1"}],"replies":[{"embeddable":true,"href":"https:\/\/exceladvisor.org\/it\/wp-json\/wp\/v2\/comments?post=1508"}],"version-history":[{"count":1,"href":"https:\/\/exceladvisor.org\/it\/wp-json\/wp\/v2\/pages\/1508\/revisions"}],"predecessor-version":[{"id":2843,"href":"https:\/\/exceladvisor.org\/it\/wp-json\/wp\/v2\/pages\/1508\/revisions\/2843"}],"wp:attachment":[{"href":"https:\/\/exceladvisor.org\/it\/wp-json\/wp\/v2\/media?parent=1508"}],"curies":[{"name":"wp","href":"https:\/\/api.w.org\/{rel}","templated":true}]}}