{"id":1509,"date":"2023-11-19T01:28:13","date_gmt":"2023-11-19T01:28:13","guid":{"rendered":"https:\/\/exceladvisor.org\/it\/delta\/"},"modified":"2023-12-10T06:23:48","modified_gmt":"2023-12-10T06:23:48","slug":"delta","status":"publish","type":"page","link":"https:\/\/exceladvisor.org\/it\/delta\/","title":{"rendered":"Come inserire il simbolo delta \u03b4 in excel?"},"content":{"rendered":"<div class=\"excel-prima-del-contenuto\" id=\"excel-2855314659\"><script type=\"text\/javascript\">\r\n\tatOptions = {\r\n\t\t'key' : 'c1158f160081d6540a8409e6925dab94',\r\n\t\t'format' : 'iframe',\r\n\t\t'height' : 250,\r\n\t\t'width' : 300,\r\n\t\t'params' : {}\r\n\t};\r\n<\/script>\r\n<script type=\"text\/javascript\" src=\"\/\/www.highperformanceformat.com\/c1158f160081d6540a8409e6925dab94\/invoke.js\"><\/script><\/div> <p>Sapere come inserire un simbolo delta in Excel pu\u00f2 esserti molto utile. Lasciami spiegare perch\u00e9, quando lavori con i report, puoi utilizzarli per presentare tipi specifici di valori. Accettato?<\/p><p> Bene, in termini semplici, un simbolo Delta (\u0394) pu\u00f2 essere utilizzato per rappresentare la differenza tra due valori in un periodo di tempo.<\/p><p> Pertanto, quando lavori in Excel, se stai calcolando le differenze tra valori, \u00e8 meglio usare il simbolo Delta invece di usare qualcos&#8217;altro <span style=\"font-size: 1em;\">come una parola specifica o qualcosa del genere.<\/span> Ora il fatto \u00e8 che, se guardi la barra multifunzione di Excel, non esiste un modo diretto per inserirla in una cella.<\/p><p> Bene, ho capito che ci sono un totale di 7 modi possibili che possiamo utilizzare. Quindi, oggi in questo articolo, vorrei condividere con te questi semplici modi per inserire il simbolo delta nella cella in Excel. Questo \u00e8 uno di quei <a style=\"outline: none;\" href=\"https:\/\/exceladvisor.org\/it\/consiglio\/\" data-wpil=\"url\">suggerimenti e trucchi di Excel<\/a> che possono aiutare a migliorare <a href=\"https:\/\/exceladvisor.org\/it\/eccellere-nelle-competenze\/\">le competenze di base di Excel<\/a> .<\/p><h2 id=\"tab-con-5\" class=\"wp-block-heading\"> 1. Cambia il carattere in simbolo per ottenere Delta<\/h2><p> Ho scoperto che questo \u00e8 il modo pi\u00f9 rapido per aggiungere un simbolo delta ed \u00e8 abbastanza semplice. Tutto quello che devi fare \u00e8:<\/p><ol><li> Innanzitutto, <strong>inserisci &#8220;D&#8221; nella cella<\/strong> (lettera maiuscola) in cui desideri inserire il simbolo. <br><img decoding=\"async\" title=\"enter-delta-dymbol-in-excel-utilizzando-stile-carattere\" src=\"https:\/\/exceladvisor.org\/wp-content\/uploads\/2023\/08\/entrez-delta-dymbol-dans-excel-en-utilisant-le-style-de-police-1.png\" sizes=\"\" srcset=\"\" alt=\"enter delta symbol in excel using font style\"><\/li><li> Successivamente, <strong>modifica lo stile del carattere in &#8220;Simbolo&#8221;<\/strong> dal nome del carattere nella scheda Home. <br><img decoding=\"async\" title=\"inserisci-delta-dymbol-in-excel-cambiando-stile-carattere\" src=\"https:\/\/exceladvisor.org\/wp-content\/uploads\/2023\/08\/entrez-delta-dymbol-dans-excel-en-changeant-le-style-de-police-1.png\" sizes=\"\" srcset=\"\" alt=\"enter delta symbol in excel by changing font style\"><\/li><\/ol><p> Ci\u00f2 convertir\u00e0 immediatamente questo simbolo &#8220;D&#8221; in un delta. Ma una cosa di cui devi assicurarti \u00e8 che questo cambier\u00e0 lo stile del carattere per l&#8217;intero testo in una cella.<\/p><h2 id=\"tab-con-6\" class=\"wp-block-heading\"> 2. Basta inserire il simbolo Delta dall&#8217;opzione Simboli<\/h2><p> \u00c8 un modo semplice per inserire qualsiasi simbolo che desideri aggiungere in una cella. Tutto quello che devi fare \u00e8 aprire la finestra di dialogo dei simboli, cercare il simbolo e inserirlo. Ecco come farlo passo dopo passo.<\/p><ul><li> Innanzitutto, seleziona la cella in cui desideri aggiungere il simbolo.<\/li><li> Successivamente, vai alla scheda Inserisci \u279c Simboli \u279c Simbolo. <br><img decoding=\"async\" title=\"vai a inserire-tab-per-inserire-simbolo-delta-in-excel\" src=\"https:\/\/exceladvisor.org\/wp-content\/uploads\/2023\/08\/allez-dans-longlet-inserer-pour-inserer-le-symbole-delta-dans-Excel-1.png\" sizes=\"\" srcset=\"\" alt=\"go to insert tab to insert delta symbol in excel\"><\/li><li> Ora, nella finestra di inserimento dei simboli, seleziona &#8220;Greco e copto&#8221; e ti indirizzer\u00e0 ai simboli greci. <br><img decoding=\"async\" title=\"seleziona-simboli-greci-da-inserire-delta-excel\" src=\"https:\/\/exceladvisor.org\/wp-content\/uploads\/2023\/08\/selectionnez-les-symboles-grecs-pour-inserer-delta-excel-1.png\" sizes=\"\" srcset=\"\" alt=\"select greek symbols to insert delta excel\"><\/li><li> Da l\u00ec, fai clic sul simbolo Delta e fai clic su Inserisci. <br><img decoding=\"async\" title=\"fare clic su Inserisci per aggiungere delta-excel\" src=\"https:\/\/exceladvisor.org\/wp-content\/uploads\/2023\/08\/cliquez-sur-inserer-pour-ajouter-delta-excel-1.png\" sizes=\"\" srcset=\"\" alt=\"click on insert to add delta excel\"><\/li><\/ul><p> Dopo aver fatto clic su Inserisci, alla cella selezionata verr\u00e0 aggiunto un simbolo che potrai copiare e aggiungere ad altre celle.<\/p><ol><li> <strong><span style=\"color: #000000;\">Vantaggi:<\/span><\/strong> Il vantaggio di questo metodo \u00e8 che \u00e8 semplice e facile da inserire.<\/li><li> <strong><span style=\"color: #000000;\">Svantaggi:<\/span><\/strong> non \u00e8 dinamico e devi farlo pi\u00f9 e pi\u00f9 volte o <a href=\"https:\/\/exceladvisor.org\/it\/copia-incolla\/\">copiare e incollare<\/a> il simbolo in altre celle.<\/li><\/ol><h2 id=\"tab-con-8\" class=\"wp-block-heading\"> 3. Utilizzare la funzione CHAR per ottenere il simbolo Delta in una cella utilizzando una formula<\/h2><p> La funzione CHAR pu\u00f2 essere utilizzata per inserire un carattere specifico fornendo il codice nella funzione. E questo pu\u00f2 essere usato anche per il simbolo Delta, ed ecco come farlo.<\/p><ul><li> In una cella, dove \u00e8 necessario inserire il simbolo, inserisci la formula <kbd><code>=CHAR(112)\/=CHAR(114)<\/code><\/kbd> nella <a href=\"https:\/\/exceladvisor.org\/it\/barra-delle-formule-excel\/\">barra della formula di Excel<\/a> .<\/li><li> Successivamente, devi modificare lo stile del carattere di questa cella in &#8220;Wingdings 3&#8221;. <\/li><\/ul><div class=\"wp-block-image\"><figure class=\"aligncenter\"><img decoding=\"async\" src=\"https:\/\/exceladvisor.org\/wp-content\/uploads\/2023\/08\/inserer-une-fonction-de-graphique-dans-une-cellule-pour-ajouter-un-symbole-delta-dans-Excel-1.png\" sizes=\"\" srcset=\"\" alt=\"inserisci una funzione grafica in una cella per aggiungere un simbolo delta in Excel\"><\/figure><\/div><p> Le due formule sopra aggiungono due diversi simboli delta, la prima inserisce un simbolo bianco (contornato) e la seconda ne aggiunge uno nero (riempito).<\/p><ol><li> <strong><span style=\"color: #000000;\">Vantaggi:<\/span><\/strong> poich\u00e9 CHAR \u00e8 una funzione e questa formula ti d\u00e0 la possibilit\u00e0 di scegliere tra due diversi tipi di simboli.<\/li><li> <strong><span style=\"color: #000000;\">Svantaggi:<\/span><\/strong> se vuoi aggiungere il simbolo concatenandolo con un&#8217;altra formula, non funziona perch\u00e9 hai cambiato lo stile del carattere.<\/li><\/ol><h2 id=\"tab-con-10\" class=\"wp-block-heading\"> 4. Utilizzare l&#8217;opzione di correzione automatica per aggiungere automaticamente un simbolo delta<\/h2><p> Questo \u00e8 un altro modo utile per aggiungere un simbolo delta. In Excel esiste un&#8217;opzione chiamata Correzione automatica che puoi utilizzare per inserire un simbolo durante la digitazione di testo semplice.<\/p><p> Tutto quello che devi fare \u00e8 specificare del testo che usi per inserire una cella, quindi ogni volta che usi quel testo, Excel lo converte in un simbolo.<\/p><p> Ecco i passaggi per farlo.<\/p><ol><li> <strong><span data-rich-text-format-boundary=\"true\">Prima<\/span><\/strong> di tutto, copia questo simbolo delta da qui oppure puoi farlo anche inserendo il simbolo dalle opzioni del simbolo.<\/li><li> <strong>Successivamente<\/strong> , vai alla scheda File \u279c Opzioni \u279c Prova \u279c Correzione automatica \u279c Opzioni. <br><img decoding=\"async\" title=\"apri l'opzione di correzione automatica per inserire il simbolo delta\" src=\"https:\/\/exceladvisor.org\/wp-content\/uploads\/2023\/08\/ouvrir-loption-de-correction-automatique-pour-inserer-un-symbole-delta-1.png\" sizes=\"\" srcset=\"\" alt=\"open auto correct option to insert a delta symbol\"><\/li><li> <strong><span data-rich-text-format-boundary=\"true\">Ora,<\/span><\/strong> nella finestra di dialogo Correzione automatica, nella casella di input &#8220;Sostituisci con&#8221;, inserisci &#8220;(dlt)&#8221; e nella casella di input &#8220;Con&#8221;, incolla il simbolo delta che hai copiato. <br><img decoding=\"async\" title=\"aggiungi testo nell'opzione di correzione automatica per il simbolo delta in Excel\" src=\"https:\/\/exceladvisor.org\/wp-content\/uploads\/2023\/08\/ajouter-du-texte-dans-loption-de-correction-automatique-pour-le-symbole-delta-dans-Excel-1.png\" sizes=\"\" srcset=\"\" alt=\"add text in auto correct option for delta symbol in excel\"><\/li><li> Alla <strong>fine<\/strong> , fare clic su OK.<\/li><\/ol><p> Ora, ogni volta che digiti &#8220;(dlt)&#8221; in una cella, Excel converte quel testo in un simbolo delta. Puoi anche usare un testo diverso da quello che abbiamo usato qui.<\/p><ol><li> <strong>Vantaggi:<\/strong> \u00c8 molto semplice inserire un simbolo inserendo del testo. Basta inserire il testo ed Excel lo converte in un simbolo per te.<\/li><li> Svantaggi: ancora una volta, questo non \u00e8 un metodo dinamico e se \u00e8 necessario aggiungere nuovamente il simbolo, \u00e8 necessario reinserire il testo.<\/li><\/ol><h2 id=\"tab-con-1\" class=\"wp-block-heading\"> 5. Applica la formattazione personalizzata per aggiungere un simbolo delta con un numero o una percentuale [I miei preferiti]<\/h2><p> Questo \u00e8 il metodo pi\u00f9 impressionante e il mio preferito. Supponiamo di voler aggiungere un simbolo delta con numeri in una cella, questo \u00e8 il metodo migliore.<\/p><p> Quando utilizziamo la formattazione personalizzata, in questo caso dobbiamo solo specificare il formato ed Excel lo applicher\u00e0 alla cella senza modificare i valori della cella. Segui questi semplici passaggi per farlo:<\/p><ul><li> <strong data-rich-text-format-boundary=\"true\">Innanzitutto<\/strong> , seleziona la cella in cui desideri applicare la formattazione personalizzata con un simbolo delta.<\/li><li> <strong>Ora<\/strong> fai clic con il pulsante destro del mouse e apri l&#8217;opzione di formato e vai alla categoria Personalizzata. <br><img decoding=\"async\" title=\"formattazione-open-personalizzata-per-formato-simbolo-delta-in-excel\" src=\"https:\/\/exceladvisor.org\/wp-content\/uploads\/2023\/08\/ouvrir-la-mise-en-forme-personnalisee-pour-le-format-de-symbole-delta-dans-Excel-1.png\" sizes=\"\" srcset=\"\" alt=\"open custom formatting for delta symbol format in excel\"><\/li><li> Da l\u00ec, nella barra di immissione del formato, inserisci il formato sottostante e fai clic su OK. \u2206generale <br><img decoding=\"async\" style=\"display: block; margin-left: auto; margin-right: auto;\" title=\"aggiungi-formato-personalizzato-nella-barra-di-input-con-simbolo-delta-excel\" src=\"https:\/\/exceladvisor.org\/wp-content\/uploads\/2023\/08\/ajouter-un-format-personnalise-dans-la-barre-de-saisie-avec-le-symbole-delta-excel-1.png\" sizes=\"\" srcset=\"\" alt=\"add custom format in input bar with delta symbol excel\"><\/li><li> Una volta applicato questo formato personalizzato, verr\u00e0 visualizzato un segno delta con tutto il numero nella cella. <br><img decoding=\"async\" title=\"un formato delta personalizzato in Excel\" src=\"https:\/\/exceladvisor.org\/wp-content\/uploads\/2023\/08\/un-format-delta-personnalise-dans-excel-1.png\" sizes=\"\" srcset=\"\" alt=\"a custom delta format in excel\"><\/li><\/ul><p> In questo metodo l&#8217;idea \u00e8 semplice, qualunque sia il formato, basta combinare quel formato con un segno delta nella categoria di formattazione personalizzata e otterrai il simbolo. Guarda il formato percentuale qui sotto con un segno delta.<\/p><p> <span style=\"font-family: Courier New,Courier,monospace;\"><code>0% \u0394<\/code><\/span><\/p> <div class=\"wp-block-image\"><figure class=\"aligncenter\"><img decoding=\"async\" src=\"https:\/\/exceladvisor.org\/wp-content\/uploads\/2023\/08\/un-format-delta-personnalise-avec-pourcentage-excel-1.png\" sizes=\"\" srcset=\"\" alt=\"un formato delta personalizzato con percentuale Excel\"><\/figure><\/div><div class=\"wp-block-group is-layout-constrained\"><div class=\"wp-block-group__inner-container\"><ul id=\"ub_styled_list-c16cb3d8-e3ba-45ee-88af-6ed83b921004\" class=\"ub_styled_list\"><li class=\"ub_styled_list_item\"> Questo \u00e8 il metodo migliore tra tutti i metodi che abbiamo qui perch\u00e9 non influisce sui valori della cella. <\/li><\/ul><ul id=\"ub_styled_list-909cca6e-7933-47b4-87fa-fffd83da3ffb\" class=\"ub_styled_list\"><li class=\"ub_styled_list_item\"> Se vuoi aggiungere davvero un simbolo delta a una cella, questo metodo non fa per te<\/li><\/ul><\/div><\/div><h2 id=\"tab-con-2\" class=\"wp-block-heading\"> 6. Codice VBA per inserire il simbolo Delta in pi\u00f9 celle<\/h2><p> I codici macro consentono un enorme risparmio di tempo e se un codice pu\u00f2 inserire un simbolo delta in una cella per te, non c&#8217;\u00e8 niente di simile. E sotto abbiamo questo codice:<\/p><pre class=\"wp-block-code\" title=\"VBA Code to Insert Delta Symbol\"> <code class=\"language-visual-basic line-numbers\" lang=\"visual-basic\">Sub code_delta() Dim rng As Range For Each rng In Selection rng.Value = rng.Value &amp; ChrW(916) Next rng End Sub<\/code><\/pre><p> Per utilizzare questo codice, devi prima inserirlo <a href=\"https:\/\/exceladvisor.org\/it\/editor-visivo-di-base\/\">nell&#8217;editor vb<\/a> (aprilo dalla <a href=\"https:\/\/exceladvisor.org\/it\/aggiungi-una-scheda-sviluppatore\/\">scheda sviluppatore<\/a> ). <\/p><div class=\"wp-block-image\"><figure class=\"aligncenter\"><img decoding=\"async\" src=\"https:\/\/exceladvisor.org\/wp-content\/uploads\/2023\/08\/code-macro-pour-inserer-le-symbole-delta-dans-toutes-les-cellules-Excel-1.png\" sizes=\"\" srcset=\"\" alt=\"codice macro per inserire il simbolo delta in tutte le celle di Excel\"><\/figure><\/div><p> Quindi, seleziona la cella ed <a href=\"https:\/\/exceladvisor.org\/it\/eseguire-una-macro-2\/\">esegui il codice<\/a> . Se una cella ha un valore, aggiunge il simbolo dopo quel valore. Se hai pi\u00f9 di una cella, <a href=\"https:\/\/exceladvisor.org\/it\/scorrere-lintervallo\/\">esaminer\u00e0 tutte le celle<\/a> una per una e inserir\u00e0 il simbolo. <\/p><div class=\"wp-block-group is-layout-constrained\"><div class=\"wp-block-group__inner-container\"><ul id=\"ub_styled_list-6cb95128-6a8d-43ce-9ccf-5fdad0a58b07\" class=\"ub_styled_list\"><li class=\"ub_styled_list_item\"> Il codice VBA pu\u00f2 farti risparmiare tempo e puoi usarlo con un solo clic. <\/li><\/ul><ul id=\"ub_styled_list-217fc85c-7e88-462c-a819-85026da377be\" class=\"ub_styled_list\"><li class=\"ub_styled_list_item\"> Quando aggiunge un simbolo a una cella e quella cella contiene un numero o una percentuale che diventa una stringa di testo e non pu\u00f2 pi\u00f9 essere utilizzata nei calcoli.<\/li><\/ul><\/div><\/div><h2 id=\"tab-con-3\" class=\"wp-block-heading\"> 7. Copia e incolla il simbolo Delta nella cella<\/h2><p> Questo \u00e8 un metodo insolito ma funziona se devi inserire un simbolo delta in una cella per una volta. L&#8217;idea \u00e8 semplicemente di copiare il simbolo da qualche parte oppure puoi anche copiarlo qui \u0394 e poi incollarlo nella cella.<\/p><div class=\"gb-container gb-container-4db6181c gb-container-mt\"> <a class=\"gb-button gb-button-c5897111 gb-button-text gb-button-mt-button\" href=\"https:\/\/exceladvisor.org\/it\/nozioni-di-base-su-excel\/\">Nozioni di base su Microsoft Excel (componenti, parti e note informative)<\/a><h2 class=\"gb-headline gb-headline-665e5f6b gb-headline-text gb-headline-mt-heading\"> Tutorial correlati <\/h2><div class=\"gb-grid-wrapper gb-grid-wrapper-a20baf7c gb-grid-wrapper-mt-grid\"><div class=\"gb-grid-column gb-grid-column-65ddf67e\"><div class=\"gb-container gb-container-65ddf67e\"><ul><li> <a href=\"https:\/\/exceladvisor.org\/it\/cambiare-il-numero-negativo-in-positivo\/\">Converti un numero negativo in positivo in Excel<\/a><\/li><li> <a href=\"https:\/\/exceladvisor.org\/it\/timestamp\/\">Inserisci un timestamp in Excel<\/a><\/li><li> <a href=\"https:\/\/exceladvisor.org\/it\/pulci\/\">Inserisci punti elenco in Excel<\/a> <\/li><\/ul><\/div><\/div><div class=\"gb-grid-column gb-grid-column-50067b57\"><div class=\"gb-container gb-container-50067b57\"><ul><li> <a href=\"https:\/\/exceladvisor.org\/it\/grado\/\">Inserisci (digita) il simbolo del grado in Excel<\/a><\/li><li> <a href=\"https:\/\/exceladvisor.org\/it\/formula-per-valutare\/\">Converti la formula in valore in Excel<\/a><\/li><li> <a href=\"https:\/\/exceladvisor.org\/it\/segno-di-spunta-2\/\" data-wpil=\"url\">Inserisci un simbolo di segno di spunta in Excel<\/a><\/li><\/ul><\/div><\/div><\/div><\/div>","protected":false},"excerpt":{"rendered":"","protected":false},"author":1,"featured_media":0,"parent":0,"menu_order":0,"comment_status":"open","ping_status":"closed","template":"","meta":{"ub_ctt_via":"","footnotes":""},"class_list":["post-1509","page","type-page","status-publish","hentry"],"featured_image_src":null,"yoast_head":"<!-- This site is optimized with the Yoast SEO plugin v25.4 - https:\/\/yoast.com\/wordpress\/plugins\/seo\/ -->\n<title>Come inserire il simbolo Delta \u0394 in Excel? (Tutorial 2023)<\/title>\n<meta name=\"description\" content=\"Prendiamo un esempio di un simbolo Delta (\u0394) che possiamo utilizzare per presentare la differenza tra due valori nel tempo...\" \/>\n<meta name=\"robots\" content=\"index, follow, max-snippet:-1, max-image-preview:large, max-video-preview:-1\" \/>\n<link rel=\"canonical\" href=\"https:\/\/exceladvisor.org\/it\/delta\/\" \/>\n<meta property=\"og:locale\" content=\"it_IT\" \/>\n<meta property=\"og:type\" content=\"article\" \/>\n<meta property=\"og:title\" content=\"Come inserire il simbolo Delta \u0394 in Excel? (Tutorial 2023)\" \/>\n<meta property=\"og:description\" content=\"Prendiamo un esempio di un simbolo Delta (\u0394) che possiamo utilizzare per presentare la differenza tra due valori nel tempo...\" \/>\n<meta property=\"og:url\" content=\"https:\/\/exceladvisor.org\/it\/delta\/\" \/>\n<meta property=\"og:site_name\" content=\"Excel Advisor\" \/>\n<meta property=\"article:modified_time\" content=\"2023-12-10T06:23:48+00:00\" \/>\n<meta property=\"og:image\" content=\"https:\/\/exceladvisor.org\/wp-content\/uploads\/2023\/08\/entrez-delta-dymbol-dans-excel-en-utilisant-le-style-de-police-1.png\" \/>\n<meta name=\"twitter:card\" content=\"summary_large_image\" \/>\n<meta name=\"twitter:label1\" content=\"Tempo di lettura stimato\" \/>\n\t<meta name=\"twitter:data1\" content=\"6 minuti\" \/>\n<script type=\"application\/ld+json\" class=\"yoast-schema-graph\">{\"@context\":\"https:\/\/schema.org\",\"@graph\":[{\"@type\":\"WebPage\",\"@id\":\"https:\/\/exceladvisor.org\/it\/delta\/\",\"url\":\"https:\/\/exceladvisor.org\/it\/delta\/\",\"name\":\"Come inserire il simbolo Delta \u0394 in Excel? (Tutorial 2023)\",\"isPartOf\":{\"@id\":\"https:\/\/exceladvisor.org\/it\/#website\"},\"primaryImageOfPage\":{\"@id\":\"https:\/\/exceladvisor.org\/it\/delta\/#primaryimage\"},\"image\":{\"@id\":\"https:\/\/exceladvisor.org\/it\/delta\/#primaryimage\"},\"thumbnailUrl\":\"https:\/\/exceladvisor.org\/wp-content\/uploads\/2023\/08\/entrez-delta-dymbol-dans-excel-en-utilisant-le-style-de-police-1.png\",\"datePublished\":\"2023-11-19T01:28:13+00:00\",\"dateModified\":\"2023-12-10T06:23:48+00:00\",\"description\":\"Prendiamo un esempio di un simbolo Delta (\u0394) che possiamo utilizzare per presentare la differenza tra due valori nel tempo...\",\"breadcrumb\":{\"@id\":\"https:\/\/exceladvisor.org\/it\/delta\/#breadcrumb\"},\"inLanguage\":\"it-IT\",\"potentialAction\":[{\"@type\":\"ReadAction\",\"target\":[\"https:\/\/exceladvisor.org\/it\/delta\/\"]}]},{\"@type\":\"ImageObject\",\"inLanguage\":\"it-IT\",\"@id\":\"https:\/\/exceladvisor.org\/it\/delta\/#primaryimage\",\"url\":\"https:\/\/exceladvisor.org\/wp-content\/uploads\/2023\/08\/entrez-delta-dymbol-dans-excel-en-utilisant-le-style-de-police-1.png\",\"contentUrl\":\"https:\/\/exceladvisor.org\/wp-content\/uploads\/2023\/08\/entrez-delta-dymbol-dans-excel-en-utilisant-le-style-de-police-1.png\"},{\"@type\":\"BreadcrumbList\",\"@id\":\"https:\/\/exceladvisor.org\/it\/delta\/#breadcrumb\",\"itemListElement\":[{\"@type\":\"ListItem\",\"position\":1,\"name\":\"Home\",\"item\":\"https:\/\/exceladvisor.org\/it\/\"},{\"@type\":\"ListItem\",\"position\":2,\"name\":\"Come inserire il simbolo delta \u03b4 in excel?\"}]},{\"@type\":\"WebSite\",\"@id\":\"https:\/\/exceladvisor.org\/it\/#website\",\"url\":\"https:\/\/exceladvisor.org\/it\/\",\"name\":\"Excel Advisor\",\"description\":\"Tips, Tricks, and Time-Saving Hacks\",\"publisher\":{\"@id\":\"https:\/\/exceladvisor.org\/it\/#organization\"},\"potentialAction\":[{\"@type\":\"SearchAction\",\"target\":{\"@type\":\"EntryPoint\",\"urlTemplate\":\"https:\/\/exceladvisor.org\/it\/?s={search_term_string}\"},\"query-input\":{\"@type\":\"PropertyValueSpecification\",\"valueRequired\":true,\"valueName\":\"search_term_string\"}}],\"inLanguage\":\"it-IT\"},{\"@type\":\"Organization\",\"@id\":\"https:\/\/exceladvisor.org\/it\/#organization\",\"name\":\"Excel Advisor\",\"url\":\"https:\/\/exceladvisor.org\/it\/\",\"logo\":{\"@type\":\"ImageObject\",\"inLanguage\":\"it-IT\",\"@id\":\"https:\/\/exceladvisor.org\/it\/#\/schema\/logo\/image\/\",\"url\":\"https:\/\/exceladvisor.org\/it\/wp-content\/uploads\/2023\/12\/exceladvisor.org_.png\",\"contentUrl\":\"https:\/\/exceladvisor.org\/it\/wp-content\/uploads\/2023\/12\/exceladvisor.org_.png\",\"width\":105,\"height\":36,\"caption\":\"Excel Advisor\"},\"image\":{\"@id\":\"https:\/\/exceladvisor.org\/it\/#\/schema\/logo\/image\/\"}}]}<\/script>\n<!-- \/ Yoast SEO plugin. -->","yoast_head_json":{"title":"Come inserire il simbolo Delta \u0394 in Excel? (Tutorial 2023)","description":"Prendiamo un esempio di un simbolo Delta (\u0394) che possiamo utilizzare per presentare la differenza tra due valori nel tempo...","robots":{"index":"index","follow":"follow","max-snippet":"max-snippet:-1","max-image-preview":"max-image-preview:large","max-video-preview":"max-video-preview:-1"},"canonical":"https:\/\/exceladvisor.org\/it\/delta\/","og_locale":"it_IT","og_type":"article","og_title":"Come inserire il simbolo Delta \u0394 in Excel? (Tutorial 2023)","og_description":"Prendiamo un esempio di un simbolo Delta (\u0394) che possiamo utilizzare per presentare la differenza tra due valori nel tempo...","og_url":"https:\/\/exceladvisor.org\/it\/delta\/","og_site_name":"Excel Advisor","article_modified_time":"2023-12-10T06:23:48+00:00","og_image":[{"url":"https:\/\/exceladvisor.org\/wp-content\/uploads\/2023\/08\/entrez-delta-dymbol-dans-excel-en-utilisant-le-style-de-police-1.png","type":"","width":"","height":""}],"twitter_card":"summary_large_image","twitter_misc":{"Tempo di lettura stimato":"6 minuti"},"schema":{"@context":"https:\/\/schema.org","@graph":[{"@type":"WebPage","@id":"https:\/\/exceladvisor.org\/it\/delta\/","url":"https:\/\/exceladvisor.org\/it\/delta\/","name":"Come inserire il simbolo Delta \u0394 in Excel? (Tutorial 2023)","isPartOf":{"@id":"https:\/\/exceladvisor.org\/it\/#website"},"primaryImageOfPage":{"@id":"https:\/\/exceladvisor.org\/it\/delta\/#primaryimage"},"image":{"@id":"https:\/\/exceladvisor.org\/it\/delta\/#primaryimage"},"thumbnailUrl":"https:\/\/exceladvisor.org\/wp-content\/uploads\/2023\/08\/entrez-delta-dymbol-dans-excel-en-utilisant-le-style-de-police-1.png","datePublished":"2023-11-19T01:28:13+00:00","dateModified":"2023-12-10T06:23:48+00:00","description":"Prendiamo un esempio di un simbolo Delta (\u0394) che possiamo utilizzare per presentare la differenza tra due valori nel tempo...","breadcrumb":{"@id":"https:\/\/exceladvisor.org\/it\/delta\/#breadcrumb"},"inLanguage":"it-IT","potentialAction":[{"@type":"ReadAction","target":["https:\/\/exceladvisor.org\/it\/delta\/"]}]},{"@type":"ImageObject","inLanguage":"it-IT","@id":"https:\/\/exceladvisor.org\/it\/delta\/#primaryimage","url":"https:\/\/exceladvisor.org\/wp-content\/uploads\/2023\/08\/entrez-delta-dymbol-dans-excel-en-utilisant-le-style-de-police-1.png","contentUrl":"https:\/\/exceladvisor.org\/wp-content\/uploads\/2023\/08\/entrez-delta-dymbol-dans-excel-en-utilisant-le-style-de-police-1.png"},{"@type":"BreadcrumbList","@id":"https:\/\/exceladvisor.org\/it\/delta\/#breadcrumb","itemListElement":[{"@type":"ListItem","position":1,"name":"Home","item":"https:\/\/exceladvisor.org\/it\/"},{"@type":"ListItem","position":2,"name":"Come inserire il simbolo delta \u03b4 in excel?"}]},{"@type":"WebSite","@id":"https:\/\/exceladvisor.org\/it\/#website","url":"https:\/\/exceladvisor.org\/it\/","name":"Excel Advisor","description":"Tips, Tricks, and Time-Saving Hacks","publisher":{"@id":"https:\/\/exceladvisor.org\/it\/#organization"},"potentialAction":[{"@type":"SearchAction","target":{"@type":"EntryPoint","urlTemplate":"https:\/\/exceladvisor.org\/it\/?s={search_term_string}"},"query-input":{"@type":"PropertyValueSpecification","valueRequired":true,"valueName":"search_term_string"}}],"inLanguage":"it-IT"},{"@type":"Organization","@id":"https:\/\/exceladvisor.org\/it\/#organization","name":"Excel Advisor","url":"https:\/\/exceladvisor.org\/it\/","logo":{"@type":"ImageObject","inLanguage":"it-IT","@id":"https:\/\/exceladvisor.org\/it\/#\/schema\/logo\/image\/","url":"https:\/\/exceladvisor.org\/it\/wp-content\/uploads\/2023\/12\/exceladvisor.org_.png","contentUrl":"https:\/\/exceladvisor.org\/it\/wp-content\/uploads\/2023\/12\/exceladvisor.org_.png","width":105,"height":36,"caption":"Excel Advisor"},"image":{"@id":"https:\/\/exceladvisor.org\/it\/#\/schema\/logo\/image\/"}}]}},"yoast_meta":{"yoast_wpseo_title":"","yoast_wpseo_metadesc":"","yoast_wpseo_canonical":""},"_links":{"self":[{"href":"https:\/\/exceladvisor.org\/it\/wp-json\/wp\/v2\/pages\/1509","targetHints":{"allow":["GET"]}}],"collection":[{"href":"https:\/\/exceladvisor.org\/it\/wp-json\/wp\/v2\/pages"}],"about":[{"href":"https:\/\/exceladvisor.org\/it\/wp-json\/wp\/v2\/types\/page"}],"author":[{"embeddable":true,"href":"https:\/\/exceladvisor.org\/it\/wp-json\/wp\/v2\/users\/1"}],"replies":[{"embeddable":true,"href":"https:\/\/exceladvisor.org\/it\/wp-json\/wp\/v2\/comments?post=1509"}],"version-history":[{"count":1,"href":"https:\/\/exceladvisor.org\/it\/wp-json\/wp\/v2\/pages\/1509\/revisions"}],"predecessor-version":[{"id":2544,"href":"https:\/\/exceladvisor.org\/it\/wp-json\/wp\/v2\/pages\/1509\/revisions\/2544"}],"wp:attachment":[{"href":"https:\/\/exceladvisor.org\/it\/wp-json\/wp\/v2\/media?parent=1509"}],"curies":[{"name":"wp","href":"https:\/\/api.w.org\/{rel}","templated":true}]}}