{"id":1516,"date":"2023-11-18T05:46:34","date_gmt":"2023-11-18T05:46:34","guid":{"rendered":"https:\/\/exceladvisor.org\/it\/evidenziazione-tra-due-date\/"},"modified":"2023-12-10T06:23:28","modified_gmt":"2023-12-10T06:23:28","slug":"evidenziazione-tra-due-date","status":"publish","type":"page","link":"https:\/\/exceladvisor.org\/it\/evidenziazione-tra-due-date\/","title":{"rendered":"Come faccio a evidenziare le date tra due date?"},"content":{"rendered":"<div class=\"excel-prima-del-contenuto\" id=\"excel-4118282310\"><script type=\"text\/javascript\">\r\n\tatOptions = {\r\n\t\t'key' : 'c1158f160081d6540a8409e6925dab94',\r\n\t\t'format' : 'iframe',\r\n\t\t'height' : 250,\r\n\t\t'width' : 300,\r\n\t\t'params' : {}\r\n\t};\r\n<\/script>\r\n<script type=\"text\/javascript\" src=\"\/\/www.highperformanceformat.com\/c1158f160081d6540a8409e6925dab94\/invoke.js\"><\/script><\/div> <p>Hai delle date nella colonna e desideri evidenziare tutte le date all&#8217;interno dei due intervalli di date.<\/p><p> Supponiamo che tu abbia una data di inizio 17 gennaio 2025 e una data di fine 19 marzo 2025 e dalla colonna delle date desideri evidenziare tutte le celle in cui la data rientra tra queste due date.<\/p><p> Il modo pi\u00f9 semplice per farlo \u00e8 utilizzare la formattazione condizionale. \u00c8 possibile utilizzare una formula basata sulle funzioni AND e DATA. Crea semplicemente una nuova regola di formattazione condizionale con questa formula. Seguiamo questi passaggi.<\/p><h2 class=\"wp-block-heading\"> Passaggi per utilizzare CF per evidenziare le date tra due date<\/h2><ul><li> Innanzitutto, seleziona l&#8217;intervallo o la colonna (A2: A20) in cui sono presenti le date.<\/li><li> Ora vai alla scheda Home \u21e2 Stili \u21e2 Formattazione condizionale \u21e2 Nuova regola. <\/li><\/ul><div class=\"wp-block-image\"><figure class=\"aligncenter\"><img decoding=\"async\" src=\"https:\/\/exceladvisor.org\/wp-content\/uploads\/2023\/08\/cliquez-sur-la-regle-de-formule-pour-mettre-en-surbrillance-les-dates-entre-deux-dates.png\" sizes=\"\" srcset=\"\" alt=\"fare clic sulla regola della formula per evidenziare le date tra due date\"><\/figure><\/div><ul><li> Da l\u00ec, nella finestra Nuova regola, seleziona &#8220;Utilizza una formula per determinare quale cella formattare&#8221;.<\/li><li> Successivamente, nella barra di immissione della formula, inserisci la formula seguente.<\/li><li> Infine, seleziona un colore dall&#8217;opzione di formattazione da applicare alle celle. <\/li><\/ul><div class=\"wp-block-image\"><figure class=\"aligncenter\"><img decoding=\"async\" src=\"https:\/\/exceladvisor.org\/wp-content\/uploads\/2023\/08\/ajouter-une-formule-pour-mettre-en-evidence-les-dates-entre-deux-dates.png\" sizes=\"\" srcset=\"\" alt=\"aggiungi una formula per evidenziare le date tra due date.png\"><\/figure><\/div><ul><li> Alla fine, fare clic su OK.<\/li><\/ul><p> Dopo aver fatto clic su OK, tutte le celle con date comprese nell&#8217;intervallo menzionato verranno formattate con il colore specificato. <\/p><div class=\"wp-block-image\"><figure class=\"aligncenter\"><img decoding=\"async\" src=\"https:\/\/exceladvisor.org\/wp-content\/uploads\/2023\/08\/surligner-les-dates-entre-deux-dates-dans-une-colonne.png\" sizes=\"\" srcset=\"\" alt=\"evidenziare le date tra due date in una colonna\"><\/figure><\/div><h2 class=\"wp-block-heading\"> Come funziona questa formula CF?<\/h2><p> La funzione AND pu\u00f2 accettare pi\u00f9 condizioni e restituisce VERO se tutte le condizioni sono VERE, altrimenti FALSO.<\/p><p> Pertanto, quando <a href=\"https:\/\/exceladvisor.org\/it\/formule-1\/\" data-wpil=\"url\">utilizzi questa formula<\/a> nella formattazione condizionale, controlla la data nella cella e restituisce VERO se tale data rientra nell&#8217;intervallo di date. Con questo TRUE, la formattazione condizionale applica un colore a tutte le celle con date.<\/p><div class=\"gb-container gb-container-0df56012 gb-container-mt\"> <a class=\"gb-button gb-button-f9f432f4 gb-button-text gb-button-mt-button\" href=\"https:\/\/exceladvisor.org\/it\/formule\/\">Elenco delle formule di Excel<\/a><h2 class=\"gb-headline gb-headline-233444e8 gb-headline-text gb-headline-mt-heading\"> Formule correlate <\/h2><div class=\"gb-grid-wrapper gb-grid-wrapper-a16fa65c gb-grid-wrapper-mt-grid\"><div class=\"gb-grid-column gb-grid-column-50d07e0d\"><div class=\"gb-container gb-container-50d07e0d\"><ul><li> <a href=\"https:\/\/exceladvisor.org\/it\/confrontare-due-date\/\">Confronta due date in Excel<\/a><\/li><li> <a href=\"https:\/\/exceladvisor.org\/it\/convertire-la-data-in-numero\/\">Converti la data in numero in Excel<\/a><\/li><li> <a href=\"https:\/\/exceladvisor.org\/it\/testo-fino-ad-oggi\/\">Converti il testo aggiornato in Excel<\/a> <\/li><\/ul><\/div><\/div><div class=\"gb-grid-column gb-grid-column-5b4a0cf9\"><div class=\"gb-container gb-container-5b4a0cf9\"><ul><li> <a href=\"https:\/\/exceladvisor.org\/it\/concatenare-due-date\/\">Concatena rapidamente due date in Excel<\/a><\/li><li> <a href=\"https:\/\/exceladvisor.org\/it\/generatore-di-date-casuali\/\">Generatore di date casuali (formula Excel) in Excel<\/a><\/li><li> <a href=\"https:\/\/exceladvisor.org\/it\/combinare-data-e-ora\/\">Combina data e ora in Excel<\/a><\/li><\/ul><\/div><\/div><\/div><\/div>","protected":false},"excerpt":{"rendered":"","protected":false},"author":1,"featured_media":0,"parent":0,"menu_order":0,"comment_status":"open","ping_status":"closed","template":"","meta":{"ub_ctt_via":"","footnotes":""},"class_list":["post-1516","page","type-page","status-publish","hentry"],"featured_image_src":null,"yoast_head":"<!-- This site is optimized with the Yoast SEO plugin v25.4 - https:\/\/yoast.com\/wordpress\/plugins\/seo\/ -->\n<title>Come faccio a evidenziare le date tra due date?<\/title>\n<meta name=\"description\" content=\"Se hai una data di inizio pari al 17 gennaio 2025 e una data di fine pari al 19 marzo 2025 e da una colonna desideri inserire\" \/>\n<meta name=\"robots\" content=\"index, follow, max-snippet:-1, max-image-preview:large, max-video-preview:-1\" \/>\n<link rel=\"canonical\" href=\"https:\/\/exceladvisor.org\/it\/evidenziazione-tra-due-date\/\" \/>\n<meta property=\"og:locale\" content=\"it_IT\" \/>\n<meta property=\"og:type\" content=\"article\" \/>\n<meta property=\"og:title\" content=\"Come faccio a evidenziare le date tra due date?\" \/>\n<meta property=\"og:description\" content=\"Se hai una data di inizio pari al 17 gennaio 2025 e una data di fine pari al 19 marzo 2025 e da una colonna desideri inserire\" \/>\n<meta property=\"og:url\" content=\"https:\/\/exceladvisor.org\/it\/evidenziazione-tra-due-date\/\" \/>\n<meta property=\"og:site_name\" content=\"Excel Advisor\" \/>\n<meta property=\"article:modified_time\" content=\"2023-12-10T06:23:28+00:00\" \/>\n<meta property=\"og:image\" content=\"https:\/\/exceladvisor.org\/wp-content\/uploads\/2023\/08\/cliquez-sur-la-regle-de-formule-pour-mettre-en-surbrillance-les-dates-entre-deux-dates.png\" \/>\n<meta name=\"twitter:card\" content=\"summary_large_image\" \/>\n<meta name=\"twitter:label1\" content=\"Tempo di lettura stimato\" \/>\n\t<meta name=\"twitter:data1\" content=\"1 minuto\" \/>\n<script type=\"application\/ld+json\" class=\"yoast-schema-graph\">{\"@context\":\"https:\/\/schema.org\",\"@graph\":[{\"@type\":\"WebPage\",\"@id\":\"https:\/\/exceladvisor.org\/it\/evidenziazione-tra-due-date\/\",\"url\":\"https:\/\/exceladvisor.org\/it\/evidenziazione-tra-due-date\/\",\"name\":\"Come faccio a evidenziare le date tra due date?\",\"isPartOf\":{\"@id\":\"https:\/\/exceladvisor.org\/it\/#website\"},\"primaryImageOfPage\":{\"@id\":\"https:\/\/exceladvisor.org\/it\/evidenziazione-tra-due-date\/#primaryimage\"},\"image\":{\"@id\":\"https:\/\/exceladvisor.org\/it\/evidenziazione-tra-due-date\/#primaryimage\"},\"thumbnailUrl\":\"https:\/\/exceladvisor.org\/wp-content\/uploads\/2023\/08\/cliquez-sur-la-regle-de-formule-pour-mettre-en-surbrillance-les-dates-entre-deux-dates.png\",\"datePublished\":\"2023-11-18T05:46:34+00:00\",\"dateModified\":\"2023-12-10T06:23:28+00:00\",\"description\":\"Se hai una data di inizio pari al 17 gennaio 2025 e una data di fine pari al 19 marzo 2025 e da una colonna desideri inserire\",\"breadcrumb\":{\"@id\":\"https:\/\/exceladvisor.org\/it\/evidenziazione-tra-due-date\/#breadcrumb\"},\"inLanguage\":\"it-IT\",\"potentialAction\":[{\"@type\":\"ReadAction\",\"target\":[\"https:\/\/exceladvisor.org\/it\/evidenziazione-tra-due-date\/\"]}]},{\"@type\":\"ImageObject\",\"inLanguage\":\"it-IT\",\"@id\":\"https:\/\/exceladvisor.org\/it\/evidenziazione-tra-due-date\/#primaryimage\",\"url\":\"https:\/\/exceladvisor.org\/wp-content\/uploads\/2023\/08\/cliquez-sur-la-regle-de-formule-pour-mettre-en-surbrillance-les-dates-entre-deux-dates.png\",\"contentUrl\":\"https:\/\/exceladvisor.org\/wp-content\/uploads\/2023\/08\/cliquez-sur-la-regle-de-formule-pour-mettre-en-surbrillance-les-dates-entre-deux-dates.png\"},{\"@type\":\"BreadcrumbList\",\"@id\":\"https:\/\/exceladvisor.org\/it\/evidenziazione-tra-due-date\/#breadcrumb\",\"itemListElement\":[{\"@type\":\"ListItem\",\"position\":1,\"name\":\"Home\",\"item\":\"https:\/\/exceladvisor.org\/it\/\"},{\"@type\":\"ListItem\",\"position\":2,\"name\":\"Come faccio a evidenziare le date tra due date?\"}]},{\"@type\":\"WebSite\",\"@id\":\"https:\/\/exceladvisor.org\/it\/#website\",\"url\":\"https:\/\/exceladvisor.org\/it\/\",\"name\":\"Excel Advisor\",\"description\":\"Tips, Tricks, and Time-Saving Hacks\",\"publisher\":{\"@id\":\"https:\/\/exceladvisor.org\/it\/#organization\"},\"potentialAction\":[{\"@type\":\"SearchAction\",\"target\":{\"@type\":\"EntryPoint\",\"urlTemplate\":\"https:\/\/exceladvisor.org\/it\/?s={search_term_string}\"},\"query-input\":{\"@type\":\"PropertyValueSpecification\",\"valueRequired\":true,\"valueName\":\"search_term_string\"}}],\"inLanguage\":\"it-IT\"},{\"@type\":\"Organization\",\"@id\":\"https:\/\/exceladvisor.org\/it\/#organization\",\"name\":\"Excel Advisor\",\"url\":\"https:\/\/exceladvisor.org\/it\/\",\"logo\":{\"@type\":\"ImageObject\",\"inLanguage\":\"it-IT\",\"@id\":\"https:\/\/exceladvisor.org\/it\/#\/schema\/logo\/image\/\",\"url\":\"https:\/\/exceladvisor.org\/it\/wp-content\/uploads\/2023\/12\/exceladvisor.org_.png\",\"contentUrl\":\"https:\/\/exceladvisor.org\/it\/wp-content\/uploads\/2023\/12\/exceladvisor.org_.png\",\"width\":105,\"height\":36,\"caption\":\"Excel Advisor\"},\"image\":{\"@id\":\"https:\/\/exceladvisor.org\/it\/#\/schema\/logo\/image\/\"}}]}<\/script>\n<!-- \/ Yoast SEO plugin. -->","yoast_head_json":{"title":"Come faccio a evidenziare le date tra due date?","description":"Se hai una data di inizio pari al 17 gennaio 2025 e una data di fine pari al 19 marzo 2025 e da una colonna desideri inserire","robots":{"index":"index","follow":"follow","max-snippet":"max-snippet:-1","max-image-preview":"max-image-preview:large","max-video-preview":"max-video-preview:-1"},"canonical":"https:\/\/exceladvisor.org\/it\/evidenziazione-tra-due-date\/","og_locale":"it_IT","og_type":"article","og_title":"Come faccio a evidenziare le date tra due date?","og_description":"Se hai una data di inizio pari al 17 gennaio 2025 e una data di fine pari al 19 marzo 2025 e da una colonna desideri inserire","og_url":"https:\/\/exceladvisor.org\/it\/evidenziazione-tra-due-date\/","og_site_name":"Excel Advisor","article_modified_time":"2023-12-10T06:23:28+00:00","og_image":[{"url":"https:\/\/exceladvisor.org\/wp-content\/uploads\/2023\/08\/cliquez-sur-la-regle-de-formule-pour-mettre-en-surbrillance-les-dates-entre-deux-dates.png","type":"","width":"","height":""}],"twitter_card":"summary_large_image","twitter_misc":{"Tempo di lettura stimato":"1 minuto"},"schema":{"@context":"https:\/\/schema.org","@graph":[{"@type":"WebPage","@id":"https:\/\/exceladvisor.org\/it\/evidenziazione-tra-due-date\/","url":"https:\/\/exceladvisor.org\/it\/evidenziazione-tra-due-date\/","name":"Come faccio a evidenziare le date tra due date?","isPartOf":{"@id":"https:\/\/exceladvisor.org\/it\/#website"},"primaryImageOfPage":{"@id":"https:\/\/exceladvisor.org\/it\/evidenziazione-tra-due-date\/#primaryimage"},"image":{"@id":"https:\/\/exceladvisor.org\/it\/evidenziazione-tra-due-date\/#primaryimage"},"thumbnailUrl":"https:\/\/exceladvisor.org\/wp-content\/uploads\/2023\/08\/cliquez-sur-la-regle-de-formule-pour-mettre-en-surbrillance-les-dates-entre-deux-dates.png","datePublished":"2023-11-18T05:46:34+00:00","dateModified":"2023-12-10T06:23:28+00:00","description":"Se hai una data di inizio pari al 17 gennaio 2025 e una data di fine pari al 19 marzo 2025 e da una colonna desideri inserire","breadcrumb":{"@id":"https:\/\/exceladvisor.org\/it\/evidenziazione-tra-due-date\/#breadcrumb"},"inLanguage":"it-IT","potentialAction":[{"@type":"ReadAction","target":["https:\/\/exceladvisor.org\/it\/evidenziazione-tra-due-date\/"]}]},{"@type":"ImageObject","inLanguage":"it-IT","@id":"https:\/\/exceladvisor.org\/it\/evidenziazione-tra-due-date\/#primaryimage","url":"https:\/\/exceladvisor.org\/wp-content\/uploads\/2023\/08\/cliquez-sur-la-regle-de-formule-pour-mettre-en-surbrillance-les-dates-entre-deux-dates.png","contentUrl":"https:\/\/exceladvisor.org\/wp-content\/uploads\/2023\/08\/cliquez-sur-la-regle-de-formule-pour-mettre-en-surbrillance-les-dates-entre-deux-dates.png"},{"@type":"BreadcrumbList","@id":"https:\/\/exceladvisor.org\/it\/evidenziazione-tra-due-date\/#breadcrumb","itemListElement":[{"@type":"ListItem","position":1,"name":"Home","item":"https:\/\/exceladvisor.org\/it\/"},{"@type":"ListItem","position":2,"name":"Come faccio a evidenziare le date tra due date?"}]},{"@type":"WebSite","@id":"https:\/\/exceladvisor.org\/it\/#website","url":"https:\/\/exceladvisor.org\/it\/","name":"Excel Advisor","description":"Tips, Tricks, and Time-Saving Hacks","publisher":{"@id":"https:\/\/exceladvisor.org\/it\/#organization"},"potentialAction":[{"@type":"SearchAction","target":{"@type":"EntryPoint","urlTemplate":"https:\/\/exceladvisor.org\/it\/?s={search_term_string}"},"query-input":{"@type":"PropertyValueSpecification","valueRequired":true,"valueName":"search_term_string"}}],"inLanguage":"it-IT"},{"@type":"Organization","@id":"https:\/\/exceladvisor.org\/it\/#organization","name":"Excel Advisor","url":"https:\/\/exceladvisor.org\/it\/","logo":{"@type":"ImageObject","inLanguage":"it-IT","@id":"https:\/\/exceladvisor.org\/it\/#\/schema\/logo\/image\/","url":"https:\/\/exceladvisor.org\/it\/wp-content\/uploads\/2023\/12\/exceladvisor.org_.png","contentUrl":"https:\/\/exceladvisor.org\/it\/wp-content\/uploads\/2023\/12\/exceladvisor.org_.png","width":105,"height":36,"caption":"Excel Advisor"},"image":{"@id":"https:\/\/exceladvisor.org\/it\/#\/schema\/logo\/image\/"}}]}},"yoast_meta":{"yoast_wpseo_title":"","yoast_wpseo_metadesc":"","yoast_wpseo_canonical":""},"_links":{"self":[{"href":"https:\/\/exceladvisor.org\/it\/wp-json\/wp\/v2\/pages\/1516","targetHints":{"allow":["GET"]}}],"collection":[{"href":"https:\/\/exceladvisor.org\/it\/wp-json\/wp\/v2\/pages"}],"about":[{"href":"https:\/\/exceladvisor.org\/it\/wp-json\/wp\/v2\/types\/page"}],"author":[{"embeddable":true,"href":"https:\/\/exceladvisor.org\/it\/wp-json\/wp\/v2\/users\/1"}],"replies":[{"embeddable":true,"href":"https:\/\/exceladvisor.org\/it\/wp-json\/wp\/v2\/comments?post=1516"}],"version-history":[{"count":1,"href":"https:\/\/exceladvisor.org\/it\/wp-json\/wp\/v2\/pages\/1516\/revisions"}],"predecessor-version":[{"id":2524,"href":"https:\/\/exceladvisor.org\/it\/wp-json\/wp\/v2\/pages\/1516\/revisions\/2524"}],"wp:attachment":[{"href":"https:\/\/exceladvisor.org\/it\/wp-json\/wp\/v2\/media?parent=1516"}],"curies":[{"name":"wp","href":"https:\/\/api.w.org\/{rel}","templated":true}]}}