{"id":1517,"date":"2023-11-18T05:28:14","date_gmt":"2023-11-18T05:28:14","guid":{"rendered":"https:\/\/exceladvisor.org\/it\/dipinti\/"},"modified":"2023-12-10T06:28:38","modified_gmt":"2023-12-10T06:28:38","slug":"dipinti","status":"publish","type":"page","link":"https:\/\/exceladvisor.org\/it\/dipinti\/","title":{"rendered":"Tabella vba: guida da base a avanzata"},"content":{"rendered":"<div class=\"excel-prima-del-contenuto\" id=\"excel-2900254176\"><script type=\"text\/javascript\">\r\n\tatOptions = {\r\n\t\t'key' : 'c1158f160081d6540a8409e6925dab94',\r\n\t\t'format' : 'iframe',\r\n\t\t'height' : 250,\r\n\t\t'width' : 300,\r\n\t\t'params' : {}\r\n\t};\r\n<\/script>\r\n<script type=\"text\/javascript\" src=\"\/\/www.highperformanceformat.com\/c1158f160081d6540a8409e6925dab94\/invoke.js\"><\/script><\/div> <p class=\"wp-block-heading\"><strong>Punti chiave<\/strong><\/p><ul><li> Pensa a una tabella all&#8217;interno di una tabella VBA come un mini database per archiviare e organizzare i dati (esempio: nome dello studente, materia e punteggi).<\/li><li> Prima di usarlo, devi dichiarare un array; con il suo tipo di dati e il numero di valori che desideri memorizzare al suo interno.<\/li><\/ul><p> Se vuoi lavorare con big data utilizzando VBA, devi comprendere le tabelle e come utilizzarle nei codici VBA. In questa guida esploreremo tutti gli aspetti della tabella e vedremo anche alcuni esempi da utilizzare. loro.<\/p><h2 class=\"wp-block-heading\"> Cos&#8217;\u00e8 una tabella in VBA?<\/h2><p> In VBA, un array \u00e8 una variabile che pu\u00f2 <strong>memorizzare pi\u00f9 valori<\/strong> . Puoi accedere a tutti i valori in questo array contemporaneamente oppure puoi anche accedere a un singolo valore specificando il suo numero di indice che \u00e8 la posizione di quel valore nell&#8217;array. Immagina di avere un appuntamento con il nome, la materia e i voti dello studente.<\/p><p> Puoi memorizzare tutte queste informazioni in una tabella, non solo per uno studente ma per centinaia. Ecco un semplice esempio per spiegare una tabella. <\/p><div class=\"wp-block-image\"><figure class=\"aligncenter size-large is-resized\"><img loading=\"lazy\" decoding=\"async\" class=\"wp-image-52233\" src=\"https:\/\/exceladvisor.org\/wp-content\/uploads\/2023\/08\/1-exemple-pour-expliquer-un-tableau.png\" sizes=\"auto, \" srcset=\"\" alt=\"esempio-per-spiegare-una-tabella\" width=\"511\" height=\"303\"><\/figure><\/div><p> Nell&#8217;esempio sopra, hai un array di dieci elementi (dimensione dell&#8217;array) e ciascun elemento ha una posizione specifica (Indice).<\/p><p> Quindi, se vuoi utilizzare un elemento che si trova in ottava posizione, devi fare riferimento a quell&#8217;elemento utilizzando il suo numero di indice.<\/p><p> L&#8217;array utilizzato nell&#8217;esempio precedente \u00e8 un array unidimensionale. Ma pi\u00f9 avanti in questa guida impareremo anche gli array multidimensionali.<\/p><h2 class=\"wp-block-heading\"> Come dichiarare un array in VBA<\/h2><p> Come ho detto sopra, un array \u00e8 il tipo di variabile, quindi \u00e8 necessario dichiararlo utilizzando le parole chiave (Dim, Private, Public e Static). A differenza di una variabile normale, quando dichiari un array, devi utilizzare una coppia di parentesi dopo il nome dell&#8217;array.<\/p><p> Diciamo che vuoi dichiarare un array che abbiamo usato nell&#8217;esempio sopra.<\/p><p> <strong>Passaggi per dichiarare un array.<\/strong><\/p><ul><li> Innanzitutto, utilizza la parola chiave &#8220;Dim&#8221;, inserisci il nome della tabella e digita le parentesi. <br><img loading=\"lazy\" decoding=\"async\" title=\"2-usa-la-parola-chiave-dim\" src=\"https:\/\/exceladvisor.org\/wp-content\/uploads\/2023\/08\/2-utiliser-le-mot-cle-dim.png\" sizes=\"auto, \" srcset=\"\" alt=\"use-the-keyword-dim\" width=\"375\" height=\"215\"><\/li><li> Successivamente, \u00e8 necessario specificare il tipo di dati per l&#8217;array. Se non \u00e8 stato specificato un tipo di dati, VBA assegner\u00e0 il tipo di dati appropriato. <br><img loading=\"lazy\" decoding=\"async\" title=\"3-specificare-il-tipo-di-dati-di-un-array\" src=\"https:\/\/exceladvisor.org\/wp-content\/uploads\/2023\/08\/3-specifier-le-type-de-donnees-dun-tableau.png\" sizes=\"auto, \" srcset=\"\" alt=\"specify-data-type-of-an-array\" width=\"377\" height=\"197\"><\/li><li> Successivamente, devi definire il numero di elementi che desideri memorizzare nell&#8217;array. <br><img loading=\"lazy\" decoding=\"async\" title=\"4 set di articoli\" src=\"https:\/\/exceladvisor.org\/wp-content\/uploads\/2023\/08\/4-definir-le-nombre-darticles.png\" sizes=\"auto, \" srcset=\"\" alt=\"define-the-number-of-items\" width=\"381\" height=\"176\"><\/li><li> In definitiva, per assegnare un valore a un elemento in un array, \u00e8 necessario utilizzare il numero di indice dell&#8217;elemento per identificarlo e quindi assegnargli un valore. <br><img loading=\"lazy\" decoding=\"async\" title=\"5-assegnare-un-valore-a-un-articolo\" src=\"https:\/\/exceladvisor.org\/wp-content\/uploads\/2023\/08\/5-attribuer-une-valeur-a-un-element.png\" sizes=\"auto, \" srcset=\"\" alt=\"assign-a-vale-to-an-item\" width=\"336\" height=\"391\"><\/li><\/ul><p> <strong>Codice completo<\/strong><\/p><pre class=\"wp-block-code\"> <code class=\"language-visual-basic\" lang=\"visual-basic\">Sub vba_array_example() Dim StudentsNames(10) As String StudentsNames(0) = \"Waylon\" StudentsNames(1) = \"Morton\" StudentsNames(2) = \"Rudolph\" StudentsNames(3) = \"Georgene\" StudentsNames(4) = \"Billi\" StudentsNames(5) = \"Enid\" StudentsNames(6) = \"Genevieve\" StudentsNames(7) = \"Judi\" StudentsNames(8) = \"Madaline\" StudentsNames(9) = \"Elton\" End Sub<\/code><\/pre><h3 class=\"wp-block-heading\"> Note veloci<\/h3><ul><li> Nel codice sopra, hai prima l&#8217;istruzione Dim che definisce l&#8217;array unidimensionale che pu\u00f2 memorizzare fino a 10 elementi e ha un tipo di dati stringa.<\/li><li> Successivamente, hai 10 righe di codice che definiscono gli elementi di un array da 0 a 9.<\/li><\/ul><h3 class=\"wp-block-heading\"> Tabella con tipo di dati variabile<\/h3><p> Quando si dichiara un array se non si specifica il tipo di dati, VBA utilizzer\u00e0 automaticamente il tipo di dati variabile, determinando un leggero aumento dell&#8217;utilizzo della memoria e questo aumento dell&#8217;utilizzo della memoria potrebbe rallentare le prestazioni del codice.<\/p><p> Pertanto \u00e8 meglio definire un tipo di dati specifico quando si dichiara un array, a meno che non sia necessario utilizzare il tipo di dati Variant.<\/p><h2 class=\"wp-block-heading\"> Restituzione di informazioni da un array<\/h2><p> Come accennato in precedenza, per ottenere informazioni da un array \u00e8 possibile utilizzare il numero di indice dell&#8217;elemento per specificarne la posizione. Ad esempio, se volessi restituire l&#8217;ottavo elemento dell&#8217;area creata nell&#8217;esempio precedente, il codice sarebbe: <\/p><div class=\"wp-block-image\"><figure class=\"aligncenter size-large is-resized\"><img loading=\"lazy\" decoding=\"async\" class=\"wp-image-52238\" src=\"https:\/\/exceladvisor.org\/wp-content\/uploads\/2023\/08\/6-retour-dinformations-a-partir-dun-tableau.png\" sizes=\"auto, \" srcset=\"\" alt=\"feedback da una tabella\" width=\"479\" height=\"451\"><\/figure><\/div><p> Nel codice sopra, hai inserito il valore nella cella A1 utilizzando l&#8217;elemento dell&#8217;array 8.<\/p><h2 class=\"wp-block-heading\"> Utilizzare l&#8217;opzione base 1<\/h2><p> Sono sicuro che in questo momento hai questa domanda in mente: perch\u00e9 abbiamo iniziato il nostro elenco di articoli da zero anzich\u00e9 da uno?<\/p><p> Beh, non \u00e8 un errore.<\/p><p> Quando furono costruiti i linguaggi di programmazione <a href=\"http:\/\/www.cs.utexas.edu\/users\/EWD\/transcriptions\/EWD08xx\/EWD831.html\" target=\"_blank\" rel=\"noreferrer noopener\">, alcune disattenzioni trasformarono questa struttura<\/a> in un elenco di elementi in un array. Nella maggior parte dei linguaggi di programmazione \u00e8 possibile trovare la stessa struttura degli elementi dell&#8217;elenco.<\/p><p> Tuttavia, a differenza della maggior parte degli altri linguaggi informatici, in VBA puoi normalizzare il funzionamento dell&#8217;indice, ovvero puoi farlo iniziare con 1. L&#8217;unica cosa che devi fare \u00e8 aggiungere un&#8217;istruzione basata sulle opzioni all&#8217;inizio del modulo prima di dichiarare un array.array.<\/p><p> Ora questa tabella sar\u00e0 simile alla seguente: <\/p><div class=\"wp-block-image\"><figure class=\"aligncenter size-large is-resized\"><img loading=\"lazy\" decoding=\"async\" class=\"wp-image-52239\" src=\"https:\/\/exceladvisor.org\/wp-content\/uploads\/2023\/08\/7-utiliser-la-base-doptions-1.png\" sizes=\"auto, \" srcset=\"\" alt=\"utilizzare-opzione-base-1\" width=\"344\" height=\"424\"><\/figure><\/div><h2 class=\"wp-block-heading\"> Cerca in una tabella<\/h2><p> Quando memorizzi valori in un array, potrebbero esserci momenti in cui \u00e8 necessario eseguire una ricerca nell&#8217;array.<\/p><p> In questo caso, \u00e8 necessario conoscere i metodi che \u00e8 possibile utilizzare. Ora guarda il codice seguente che pu\u00f2 aiutarti a capire come cercare un valore in un array. <\/p><pre class=\"wp-block-code\"> <code class=\"language-visual-basic\" lang=\"visual-basic\">Sub vba_array_search() 'this section declares an array and variables _ that you need to search within the array. Dim myArray(10) As Integer Dim i As Integer Dim varUserNumber As Variant Dim strMsg As String 'This part of the code adds 10 random numbers to _ the array and shows the result in the _ immediate window as well. For i = 1 To 10 myArray(i) = Int(Rnd * 10) Debug.Print myArray(i) Next i 'it is an input box that asks you the number that you want to find. Loopback: varUserNumber = InputBox _ (\"Enter a number between 1 and 10 to search for:\", _ \"Linear Search Demonstrator\") 'it's an IF statement that checks for the value that you _ have entered in the input box. If varUserNumber = \"\" Then End If Not IsNumeric(varUserNumber) Then GoTo Loopback If varUserNumber &lt; 1 Or varUserNumber &gt; 10 Then GoTo Loopback 'message to show if the value doesn't found. strMsg = \"Your value, \" &amp; varUserNumber &amp; _ \", was not found in the array.\" 'loop through the array and match each value with the _ the value you have entered in the input box. For i = 1 To UBound(myArray) If myArray(i) = varUserNumber Then strMsg = \"Your value, \" &amp; varUserNumber &amp; _ \", was found at position \" &amp; i &amp; \" in the array.\" Exit For End If Next i 'message box in the end MsgBox strMsg, vbOKOnly + vbInformation, \"Linear Search Result\" End Sub<\/code> <\/pre><div class=\"wp-block-image\"><figure class=\"aligncenter size-large is-resized\"><img loading=\"lazy\" decoding=\"async\" class=\"wp-image-52240\" src=\"https:\/\/exceladvisor.org\/wp-content\/uploads\/2023\/08\/8-recherche-dans-un-tableau.png\" sizes=\"auto, \" srcset=\"\" alt=\"cercare in una tabella\" width=\"529\" height=\"1087\"><\/figure><\/div><ol><li> Nella prima parte del codice hai delle variabili che dovrai utilizzare pi\u00f9 avanti nel codice.<\/li><li> Successivamente, la parte successiva consiste nel generare numeri casuali utilizzando RND per ottenere 10 valori per l&#8217;array.<\/li><li> Successivamente, una casella di input per inserire il valore che desideri cercare nella tabella.<\/li><li> In questa parte hai un codice per la stringa da utilizzare nella finestra di messaggio se il valore inserito non viene trovato.<\/li><li> Questa parte del codice utilizza un ciclo per scorrere ogni elemento dell&#8217;array e verificare se il valore immesso \u00e8 nell&#8217;array o meno.<\/li><li> L&#8217;ultima parte del codice visualizza un messaggio che indica se un valore \u00e8 stato trovato o meno.<\/li><\/ol><div class=\"gb-container gb-container-4db6181c gb-container-mt\"> <a class=\"gb-button gb-button-c5897111 gb-button-text gb-button-mt-button\" href=\"https:\/\/exceladvisor.org\/it\/vba\/\">Cos&#8217;\u00e8 VBA<\/a><h2 class=\"gb-headline gb-headline-665e5f6b gb-headline-text gb-headline-mt-heading\"> Ulteriori informazioni sulle tabelle VBA <\/h2><div class=\"gb-grid-wrapper gb-grid-wrapper-a20baf7c gb-grid-wrapper-mt-grid\"><div class=\"gb-grid-column gb-grid-column-65ddf67e\"><div class=\"gb-container gb-container-65ddf67e\"><ul><li> <a href=\"https:\/\/exceladvisor.org\/it\/dimensione-della-matrice\/\">Lunghezza dell&#8217;array VBA (dimensione)<\/a><\/li><li> <a href=\"https:\/\/exceladvisor.org\/it\/tavolo-con-catene\/\">Array VBA con stringhe<\/a><\/li><li> <a href=\"https:\/\/exceladvisor.org\/it\/cancella-la-lavagna\/\">Cancella matrice VBA<\/a><\/li><li> <a href=\"https:\/\/exceladvisor.org\/it\/tabella-dinamica\/\">Tabella dinamica VBA<\/a> <\/li><\/ul><\/div><\/div><div class=\"gb-grid-column gb-grid-column-50067b57\"><div class=\"gb-container gb-container-50067b57\"><\/div><\/div><\/div><\/div>","protected":false},"excerpt":{"rendered":"","protected":false},"author":1,"featured_media":0,"parent":0,"menu_order":0,"comment_status":"open","ping_status":"closed","template":"","meta":{"ub_ctt_via":"","footnotes":""},"class_list":["post-1517","page","type-page","status-publish","hentry"],"featured_image_src":null,"yoast_head":"<!-- This site is optimized with the Yoast SEO plugin v25.4 - https:\/\/yoast.com\/wordpress\/plugins\/seo\/ -->\n<title>Una guida per principianti alle tabelle in VBA - Excel Advisor<\/title>\n<meta name=\"description\" content=\"Se vuoi lavorare con big data utilizzando VBA, devi comprendere le tabelle e come utilizzarle\" \/>\n<meta name=\"robots\" content=\"index, follow, max-snippet:-1, max-image-preview:large, max-video-preview:-1\" \/>\n<link rel=\"canonical\" href=\"https:\/\/exceladvisor.org\/it\/dipinti\/\" \/>\n<meta property=\"og:locale\" content=\"it_IT\" \/>\n<meta property=\"og:type\" content=\"article\" \/>\n<meta property=\"og:title\" content=\"Una guida per principianti alle tabelle in VBA - Excel Advisor\" \/>\n<meta property=\"og:description\" content=\"Se vuoi lavorare con big data utilizzando VBA, devi comprendere le tabelle e come utilizzarle\" \/>\n<meta property=\"og:url\" content=\"https:\/\/exceladvisor.org\/it\/dipinti\/\" \/>\n<meta property=\"og:site_name\" content=\"Excel Advisor\" \/>\n<meta property=\"article:modified_time\" content=\"2023-12-10T06:28:38+00:00\" \/>\n<meta property=\"og:image\" content=\"https:\/\/exceladvisor.org\/wp-content\/uploads\/2023\/08\/1-exemple-pour-expliquer-un-tableau.png\" \/>\n<meta name=\"twitter:card\" content=\"summary_large_image\" \/>\n<meta name=\"twitter:label1\" content=\"Tempo di lettura stimato\" \/>\n\t<meta name=\"twitter:data1\" content=\"5 minuti\" \/>\n<script type=\"application\/ld+json\" class=\"yoast-schema-graph\">{\"@context\":\"https:\/\/schema.org\",\"@graph\":[{\"@type\":\"WebPage\",\"@id\":\"https:\/\/exceladvisor.org\/it\/dipinti\/\",\"url\":\"https:\/\/exceladvisor.org\/it\/dipinti\/\",\"name\":\"Una guida per principianti alle tabelle in VBA - Excel Advisor\",\"isPartOf\":{\"@id\":\"https:\/\/exceladvisor.org\/it\/#website\"},\"primaryImageOfPage\":{\"@id\":\"https:\/\/exceladvisor.org\/it\/dipinti\/#primaryimage\"},\"image\":{\"@id\":\"https:\/\/exceladvisor.org\/it\/dipinti\/#primaryimage\"},\"thumbnailUrl\":\"https:\/\/exceladvisor.org\/wp-content\/uploads\/2023\/08\/1-exemple-pour-expliquer-un-tableau.png\",\"datePublished\":\"2023-11-18T05:28:14+00:00\",\"dateModified\":\"2023-12-10T06:28:38+00:00\",\"description\":\"Se vuoi lavorare con big data utilizzando VBA, devi comprendere le tabelle e come utilizzarle\",\"breadcrumb\":{\"@id\":\"https:\/\/exceladvisor.org\/it\/dipinti\/#breadcrumb\"},\"inLanguage\":\"it-IT\",\"potentialAction\":[{\"@type\":\"ReadAction\",\"target\":[\"https:\/\/exceladvisor.org\/it\/dipinti\/\"]}]},{\"@type\":\"ImageObject\",\"inLanguage\":\"it-IT\",\"@id\":\"https:\/\/exceladvisor.org\/it\/dipinti\/#primaryimage\",\"url\":\"https:\/\/exceladvisor.org\/wp-content\/uploads\/2023\/08\/1-exemple-pour-expliquer-un-tableau.png\",\"contentUrl\":\"https:\/\/exceladvisor.org\/wp-content\/uploads\/2023\/08\/1-exemple-pour-expliquer-un-tableau.png\"},{\"@type\":\"BreadcrumbList\",\"@id\":\"https:\/\/exceladvisor.org\/it\/dipinti\/#breadcrumb\",\"itemListElement\":[{\"@type\":\"ListItem\",\"position\":1,\"name\":\"Home\",\"item\":\"https:\/\/exceladvisor.org\/it\/\"},{\"@type\":\"ListItem\",\"position\":2,\"name\":\"Tabella vba: guida da base a avanzata\"}]},{\"@type\":\"WebSite\",\"@id\":\"https:\/\/exceladvisor.org\/it\/#website\",\"url\":\"https:\/\/exceladvisor.org\/it\/\",\"name\":\"Excel Advisor\",\"description\":\"Tips, Tricks, and Time-Saving Hacks\",\"publisher\":{\"@id\":\"https:\/\/exceladvisor.org\/it\/#organization\"},\"potentialAction\":[{\"@type\":\"SearchAction\",\"target\":{\"@type\":\"EntryPoint\",\"urlTemplate\":\"https:\/\/exceladvisor.org\/it\/?s={search_term_string}\"},\"query-input\":{\"@type\":\"PropertyValueSpecification\",\"valueRequired\":true,\"valueName\":\"search_term_string\"}}],\"inLanguage\":\"it-IT\"},{\"@type\":\"Organization\",\"@id\":\"https:\/\/exceladvisor.org\/it\/#organization\",\"name\":\"Excel Advisor\",\"url\":\"https:\/\/exceladvisor.org\/it\/\",\"logo\":{\"@type\":\"ImageObject\",\"inLanguage\":\"it-IT\",\"@id\":\"https:\/\/exceladvisor.org\/it\/#\/schema\/logo\/image\/\",\"url\":\"https:\/\/exceladvisor.org\/it\/wp-content\/uploads\/2023\/12\/exceladvisor.org_.png\",\"contentUrl\":\"https:\/\/exceladvisor.org\/it\/wp-content\/uploads\/2023\/12\/exceladvisor.org_.png\",\"width\":105,\"height\":36,\"caption\":\"Excel Advisor\"},\"image\":{\"@id\":\"https:\/\/exceladvisor.org\/it\/#\/schema\/logo\/image\/\"}}]}<\/script>\n<!-- \/ Yoast SEO plugin. -->","yoast_head_json":{"title":"Una guida per principianti alle tabelle in VBA - Excel Advisor","description":"Se vuoi lavorare con big data utilizzando VBA, devi comprendere le tabelle e come utilizzarle","robots":{"index":"index","follow":"follow","max-snippet":"max-snippet:-1","max-image-preview":"max-image-preview:large","max-video-preview":"max-video-preview:-1"},"canonical":"https:\/\/exceladvisor.org\/it\/dipinti\/","og_locale":"it_IT","og_type":"article","og_title":"Una guida per principianti alle tabelle in VBA - Excel Advisor","og_description":"Se vuoi lavorare con big data utilizzando VBA, devi comprendere le tabelle e come utilizzarle","og_url":"https:\/\/exceladvisor.org\/it\/dipinti\/","og_site_name":"Excel Advisor","article_modified_time":"2023-12-10T06:28:38+00:00","og_image":[{"url":"https:\/\/exceladvisor.org\/wp-content\/uploads\/2023\/08\/1-exemple-pour-expliquer-un-tableau.png","type":"","width":"","height":""}],"twitter_card":"summary_large_image","twitter_misc":{"Tempo di lettura stimato":"5 minuti"},"schema":{"@context":"https:\/\/schema.org","@graph":[{"@type":"WebPage","@id":"https:\/\/exceladvisor.org\/it\/dipinti\/","url":"https:\/\/exceladvisor.org\/it\/dipinti\/","name":"Una guida per principianti alle tabelle in VBA - Excel Advisor","isPartOf":{"@id":"https:\/\/exceladvisor.org\/it\/#website"},"primaryImageOfPage":{"@id":"https:\/\/exceladvisor.org\/it\/dipinti\/#primaryimage"},"image":{"@id":"https:\/\/exceladvisor.org\/it\/dipinti\/#primaryimage"},"thumbnailUrl":"https:\/\/exceladvisor.org\/wp-content\/uploads\/2023\/08\/1-exemple-pour-expliquer-un-tableau.png","datePublished":"2023-11-18T05:28:14+00:00","dateModified":"2023-12-10T06:28:38+00:00","description":"Se vuoi lavorare con big data utilizzando VBA, devi comprendere le tabelle e come utilizzarle","breadcrumb":{"@id":"https:\/\/exceladvisor.org\/it\/dipinti\/#breadcrumb"},"inLanguage":"it-IT","potentialAction":[{"@type":"ReadAction","target":["https:\/\/exceladvisor.org\/it\/dipinti\/"]}]},{"@type":"ImageObject","inLanguage":"it-IT","@id":"https:\/\/exceladvisor.org\/it\/dipinti\/#primaryimage","url":"https:\/\/exceladvisor.org\/wp-content\/uploads\/2023\/08\/1-exemple-pour-expliquer-un-tableau.png","contentUrl":"https:\/\/exceladvisor.org\/wp-content\/uploads\/2023\/08\/1-exemple-pour-expliquer-un-tableau.png"},{"@type":"BreadcrumbList","@id":"https:\/\/exceladvisor.org\/it\/dipinti\/#breadcrumb","itemListElement":[{"@type":"ListItem","position":1,"name":"Home","item":"https:\/\/exceladvisor.org\/it\/"},{"@type":"ListItem","position":2,"name":"Tabella vba: guida da base a avanzata"}]},{"@type":"WebSite","@id":"https:\/\/exceladvisor.org\/it\/#website","url":"https:\/\/exceladvisor.org\/it\/","name":"Excel Advisor","description":"Tips, Tricks, and Time-Saving Hacks","publisher":{"@id":"https:\/\/exceladvisor.org\/it\/#organization"},"potentialAction":[{"@type":"SearchAction","target":{"@type":"EntryPoint","urlTemplate":"https:\/\/exceladvisor.org\/it\/?s={search_term_string}"},"query-input":{"@type":"PropertyValueSpecification","valueRequired":true,"valueName":"search_term_string"}}],"inLanguage":"it-IT"},{"@type":"Organization","@id":"https:\/\/exceladvisor.org\/it\/#organization","name":"Excel Advisor","url":"https:\/\/exceladvisor.org\/it\/","logo":{"@type":"ImageObject","inLanguage":"it-IT","@id":"https:\/\/exceladvisor.org\/it\/#\/schema\/logo\/image\/","url":"https:\/\/exceladvisor.org\/it\/wp-content\/uploads\/2023\/12\/exceladvisor.org_.png","contentUrl":"https:\/\/exceladvisor.org\/it\/wp-content\/uploads\/2023\/12\/exceladvisor.org_.png","width":105,"height":36,"caption":"Excel Advisor"},"image":{"@id":"https:\/\/exceladvisor.org\/it\/#\/schema\/logo\/image\/"}}]}},"yoast_meta":{"yoast_wpseo_title":"","yoast_wpseo_metadesc":"","yoast_wpseo_canonical":""},"_links":{"self":[{"href":"https:\/\/exceladvisor.org\/it\/wp-json\/wp\/v2\/pages\/1517","targetHints":{"allow":["GET"]}}],"collection":[{"href":"https:\/\/exceladvisor.org\/it\/wp-json\/wp\/v2\/pages"}],"about":[{"href":"https:\/\/exceladvisor.org\/it\/wp-json\/wp\/v2\/types\/page"}],"author":[{"embeddable":true,"href":"https:\/\/exceladvisor.org\/it\/wp-json\/wp\/v2\/users\/1"}],"replies":[{"embeddable":true,"href":"https:\/\/exceladvisor.org\/it\/wp-json\/wp\/v2\/comments?post=1517"}],"version-history":[{"count":1,"href":"https:\/\/exceladvisor.org\/it\/wp-json\/wp\/v2\/pages\/1517\/revisions"}],"predecessor-version":[{"id":2961,"href":"https:\/\/exceladvisor.org\/it\/wp-json\/wp\/v2\/pages\/1517\/revisions\/2961"}],"wp:attachment":[{"href":"https:\/\/exceladvisor.org\/it\/wp-json\/wp\/v2\/media?parent=1517"}],"curies":[{"name":"wp","href":"https:\/\/api.w.org\/{rel}","templated":true}]}}