{"id":1528,"date":"2023-11-17T19:39:47","date_gmt":"2023-11-17T19:39:47","guid":{"rendered":"https:\/\/exceladvisor.org\/it\/diametro\/"},"modified":"2023-12-10T06:23:54","modified_gmt":"2023-12-10T06:23:54","slug":"diametro","status":"publish","type":"page","link":"https:\/\/exceladvisor.org\/it\/diametro\/","title":{"rendered":"Come inserire un simbolo di diametro in excel?"},"content":{"rendered":"<div class=\"excel-prima-del-contenuto\" id=\"excel-2883754775\"><script type=\"text\/javascript\">\r\n\tatOptions = {\r\n\t\t'key' : 'c1158f160081d6540a8409e6925dab94',\r\n\t\t'format' : 'iframe',\r\n\t\t'height' : 250,\r\n\t\t'width' : 300,\r\n\t\t'params' : {}\r\n\t};\r\n<\/script>\r\n<script type=\"text\/javascript\" src=\"\/\/www.highperformanceformat.com\/c1158f160081d6540a8409e6925dab94\/invoke.js\"><\/script><\/div> <p>Il simbolo del diametro <strong>[\u00d8]<\/strong> \u00e8 noto anche come &#8220;O tratteggiata&#8221; o &#8220;O barrata&#8221; perch\u00e9 \u00e8 sormontato da una barra.<\/p><p> La tastiera non dispone di questo tasto simbolo per inserirlo direttamente, ma in Excel esistono molti modi per aggiungere questo simbolo nella cella.<\/p><p> E in questo tutorial mostreremo come inserire lo stesso nelle celle.<\/p><h2 id=\"h-insert-diameter-symbol-from-symbol-dialog-box\" class=\"wp-block-heading\"> Inserire il simbolo del diametro dalla finestra di dialogo Simbolo<\/h2><ol><li> Seleziona innanzitutto la cella in cui desideri inserire il simbolo &#8220;Diametro&#8221;, quindi vai alla scheda &#8220;Inserisci&#8221;.<\/li><li> Successivamente, fai clic sull&#8217;icona &#8220;Simbolo&#8221; sotto il gruppo &#8220;Simboli&#8221; nella barra multifunzione per aprire la finestra di dialogo dei simboli. <br><img loading=\"lazy\" decoding=\"async\" title=\"Simbolo del diametro dell'inserto 1\" src=\"https:\/\/exceladvisor.org\/wp-content\/uploads\/2023\/08\/1-symbole-de-diametre-de-plaquette.png\" sizes=\"auto, \" srcset=\"\" alt=\"insert-diameter-symbol\" width=\"712\" height=\"207\"><\/li><li> Nella finestra di dialogo dei simboli, seleziona il campo &#8220;Font&#8221; come &#8220;Calibri&#8221;, quindi scegli &#8220;ASCII (decimale)&#8221; nel campo &#8220;da&#8221;.<\/li><li> Ora scorri verso il basso dalla barra di scorrimento destra e seleziona il simbolo \u201cDiametro\u201d, quindi fai clic sul pulsante \u201cInserisci\u201d per inserirlo. <br><img loading=\"lazy\" decoding=\"async\" title=\"Finestra di dialogo a 2 simboli\" src=\"https:\/\/exceladvisor.org\/wp-content\/uploads\/2023\/08\/Boite-de-dialogue-a-2-symboles.png\" sizes=\"auto, \" srcset=\"\" alt=\"symbol-dilaog-box\" width=\"440\" height=\"340\"><\/li><li> Una volta inserito, fare clic sul pulsante \u201cChiudi\u201d per chiudere la finestra di dialogo. <br><img loading=\"lazy\" decoding=\"async\" title=\"Finestra di dialogo con 3 simboli di chiusura\" src=\"https:\/\/exceladvisor.org\/wp-content\/uploads\/2023\/08\/3-fermer-la-boite-de-dialogue-du-symbole-1.png\" sizes=\"auto, \" srcset=\"\" alt=\"close-symbol-dialog-box\" width=\"443\" height=\"337\"><\/li><\/ol><p class=\"qt-tip\"> <strong>Nota:<\/strong> \u00e8 necessario fare clic pi\u00f9 volte sul pulsante &#8220;Inserisci&#8221; se si desidera inserire il simbolo &#8220;Diametro&#8221; pi\u00f9 volte in una cella. <\/p><div class=\"wp-block-image\"><figure class=\"aligncenter size-full is-resized\"><img loading=\"lazy\" decoding=\"async\" class=\"wp-image-84764\" src=\"https:\/\/exceladvisor.org\/wp-content\/uploads\/2023\/08\/4-symboles-de-diametres-multiples-dans-une-cellule.png\" sizes=\"auto, \" srcset=\"\" alt=\"simboli dal diametro multiplo in una cella\" width=\"291\" height=\"100\"><\/figure><\/div><h2 id=\"h-insert-diameter-symbol-using-autocorrect-in-excel\" class=\"wp-block-heading\"> Inserisci un simbolo di diametro utilizzando la correzione automatica in Excel<\/h2><p> Se usi frequentemente il simbolo &#8220;Diametro&#8221;, questo metodo &#8221; <a href=\"https:\/\/exceladvisor.org\/it\/correzione-automatica\/\">Correzione automatica<\/a> &#8221; potrebbe essere super veloce.<\/p><ol><li> Innanzitutto, vai alla scheda &#8220;File&#8221; sulla barra multifunzione, quindi fai clic su &#8220;Opzioni&#8221; e si aprir\u00e0 la finestra di dialogo &#8220;Opzioni Excel&#8221;.<\/li><li> Successivamente, fai clic su &#8220;Prove&#8221; nel pannello di sinistra, quindi su &#8220;Opzioni di correzione automatica&#8221;. <br><img loading=\"lazy\" decoding=\"async\" title=\"Opzione 5-correzione automatica\" src=\"https:\/\/exceladvisor.org\/wp-content\/uploads\/2023\/08\/5-options-de-correction-automatique.png\" sizes=\"auto, \" srcset=\"\" alt=\"autocorrect-option\" width=\"542\" height=\"411\"><\/li><li> Ora per sostituire qualsiasi parola con il simbolo \u201cDiametro\u201d, inserisci quella parola nella barra di inserimento \u201cSostituisci\u201d e nel simbolo \u201cDiametro\u201d utilizzando i tasti \u201cAlt +227\u201d nella barra di inserimento \u201cSostituisci\u201d Con&#8221;.<\/li><li> Una volta terminato, fare clic su OK per salvarlo. <br><img loading=\"lazy\" decoding=\"async\" title=\"Finestra di dialogo con 6 correzioni automatiche\" src=\"https:\/\/exceladvisor.org\/wp-content\/uploads\/2023\/08\/6-boite-de-dialogue-de-correction-automatique.png\" sizes=\"auto, \" srcset=\"\" alt=\"autocorrect-dialog-box\" width=\"349\" height=\"436\"><\/li><\/ol><p> Poich\u00e9 abbiamo utilizzato la parola \u201cDia\u201d per sostituirla con il simbolo \u201cDiametro\u201d, d&#8217;ora in poi, non appena inserirete la parola \u201cDia\u201d nella cella, questa verr\u00e0 convertita nel simbolo \u201cDiametro\u201d.<\/p><h2 id=\"h-insert-diameter-symbol-using-char-function\" class=\"wp-block-heading\"> Inserire il simbolo del diametro utilizzando la funzione CHAR<\/h2><p> Devi andare nella cella in cui vuoi inserirlo e digitare la formula &#8220;CHAR&#8221; con il codice &#8220;0216&#8221; o &#8220;216&#8221;. <\/p><div class=\"wp-block-image\"><figure class=\"aligncenter size-full is-resized\"><img loading=\"lazy\" decoding=\"async\" class=\"wp-image-84767\" src=\"https:\/\/exceladvisor.org\/wp-content\/uploads\/2023\/08\/7-caracteres-pour-inserer-le-symbole-de-diametre.png\" sizes=\"auto, \" srcset=\"\" alt=\"simbolo-char-to-insert-diameter\" width=\"391\" height=\"143\"><\/figure><\/div><h2 id=\"h-insert-diameter-symbol-using-alt-key\" class=\"wp-block-heading\"> Inserisci il simbolo del diametro utilizzando il tasto Alt<\/h2><p> Il metodo scritto di seguito utilizzando il tasto &#8220;ALT&#8221; per inserire questo simbolo funziona solo se la tastiera ha un tastierino numerico.<\/p><ol type=\"1\"><li> Per prima cosa, vai alla cella.<\/li><li> Successivamente, tieni premuto il tasto \u201cAlt\u201d e quindi premi il numero \u201c0216\u201d solo dal tastierino numerico.<\/li><li> Ora rilascia il tasto &#8220;Alt&#8221; e il simbolo verr\u00e0 aggiunto nella cella.<\/li><\/ol><h2 id=\"h-note\" class=\"wp-block-heading\"> Nota<\/h2><ul><li> Per gli utenti Mac, \u00e8 sufficiente premere i tasti di scelta rapida &#8220;Opzione + Maiusc + 0&#8221; per inserire il simbolo &#8220;Diametro&#8221; nel foglio di lavoro.<\/li><li> Per inserire o copiare il simbolo in pi\u00f9 celle, utilizza semplicemente l&#8217;opzione copia e incolla o fai clic sulla &#8220;maniglia di riempimento&#8221; e trascina e rilascia la cella.<\/li><\/ul><div class=\"gb-container gb-container-4db6181c gb-container-mt\"> <a class=\"gb-button gb-button-c5897111 gb-button-text gb-button-mt-button\" href=\"https:\/\/exceladvisor.org\/it\/nozioni-di-base-su-excel\/\">Nozioni di base su Microsoft Excel (componenti, parti e note informative)<\/a><h2 class=\"gb-headline gb-headline-665e5f6b gb-headline-text gb-headline-mt-heading\"> Tutorial correlati <\/h2><div class=\"gb-grid-wrapper gb-grid-wrapper-a20baf7c gb-grid-wrapper-mt-grid\"><div class=\"gb-grid-column gb-grid-column-65ddf67e\"><div class=\"gb-container gb-container-65ddf67e\"><ul><li> <a href=\"https:\/\/exceladvisor.org\/it\/aggiungi-un-numero-di-pagina\/\">Aggiungi un numero di pagina in Excel<\/a><\/li><li> <a href=\"https:\/\/exceladvisor.org\/it\/applicare-lo-stile-virgola\/\">Applica lo stile virgola in Excel<\/a><\/li><li> <a href=\"https:\/\/exceladvisor.org\/it\/asta\/\">Applicare il barrato in Excel<\/a><\/li><li> <a href=\"https:\/\/exceladvisor.org\/it\/evidenziare-le-celle-vuote\/\">Evidenzia le celle vuote in Excel<\/a><\/li><li> <a href=\"https:\/\/exceladvisor.org\/it\/numeri-negativi-rossi\/\">Rendi rossi i numeri negativi in Excel<\/a> <\/li><\/ul><\/div><\/div><div class=\"gb-grid-column gb-grid-column-50067b57\"><div class=\"gb-container gb-container-50067b57\"><\/div><\/div><\/div><\/div>","protected":false},"excerpt":{"rendered":"","protected":false},"author":1,"featured_media":0,"parent":0,"menu_order":0,"comment_status":"open","ping_status":"closed","template":"","meta":{"ub_ctt_via":"","footnotes":""},"class_list":["post-1528","page","type-page","status-publish","hentry"],"featured_image_src":null,"yoast_head":"<!-- This site is optimized with the Yoast SEO plugin v25.4 - https:\/\/yoast.com\/wordpress\/plugins\/seo\/ -->\n<title>\u25b7 Come inserire un simbolo di diametro in Excel?<\/title>\n<meta name=\"description\" content=\"La tastiera non ha questo tasto simbolo per inserirlo direttamente ma in Excel ci sono molti modi per aggiungere questo simbolo\" \/>\n<meta name=\"robots\" content=\"index, follow, max-snippet:-1, max-image-preview:large, max-video-preview:-1\" \/>\n<link rel=\"canonical\" href=\"https:\/\/exceladvisor.org\/it\/diametro\/\" \/>\n<meta property=\"og:locale\" content=\"it_IT\" \/>\n<meta property=\"og:type\" content=\"article\" \/>\n<meta property=\"og:title\" content=\"\u25b7 Come inserire un simbolo di diametro in Excel?\" \/>\n<meta property=\"og:description\" content=\"La tastiera non ha questo tasto simbolo per inserirlo direttamente ma in Excel ci sono molti modi per aggiungere questo simbolo\" \/>\n<meta property=\"og:url\" content=\"https:\/\/exceladvisor.org\/it\/diametro\/\" \/>\n<meta property=\"og:site_name\" content=\"Excel Advisor\" \/>\n<meta property=\"article:modified_time\" content=\"2023-12-10T06:23:54+00:00\" \/>\n<meta property=\"og:image\" content=\"https:\/\/exceladvisor.org\/wp-content\/uploads\/2023\/08\/1-symbole-de-diametre-de-plaquette.png\" \/>\n<meta name=\"twitter:card\" content=\"summary_large_image\" \/>\n<meta name=\"twitter:label1\" content=\"Tempo di lettura stimato\" \/>\n\t<meta name=\"twitter:data1\" content=\"2 minuti\" \/>\n<script type=\"application\/ld+json\" class=\"yoast-schema-graph\">{\"@context\":\"https:\/\/schema.org\",\"@graph\":[{\"@type\":\"WebPage\",\"@id\":\"https:\/\/exceladvisor.org\/it\/diametro\/\",\"url\":\"https:\/\/exceladvisor.org\/it\/diametro\/\",\"name\":\"\u25b7 Come inserire un simbolo di diametro in Excel?\",\"isPartOf\":{\"@id\":\"https:\/\/exceladvisor.org\/it\/#website\"},\"primaryImageOfPage\":{\"@id\":\"https:\/\/exceladvisor.org\/it\/diametro\/#primaryimage\"},\"image\":{\"@id\":\"https:\/\/exceladvisor.org\/it\/diametro\/#primaryimage\"},\"thumbnailUrl\":\"https:\/\/exceladvisor.org\/wp-content\/uploads\/2023\/08\/1-symbole-de-diametre-de-plaquette.png\",\"datePublished\":\"2023-11-17T19:39:47+00:00\",\"dateModified\":\"2023-12-10T06:23:54+00:00\",\"description\":\"La tastiera non ha questo tasto simbolo per inserirlo direttamente ma in Excel ci sono molti modi per aggiungere questo simbolo\",\"breadcrumb\":{\"@id\":\"https:\/\/exceladvisor.org\/it\/diametro\/#breadcrumb\"},\"inLanguage\":\"it-IT\",\"potentialAction\":[{\"@type\":\"ReadAction\",\"target\":[\"https:\/\/exceladvisor.org\/it\/diametro\/\"]}]},{\"@type\":\"ImageObject\",\"inLanguage\":\"it-IT\",\"@id\":\"https:\/\/exceladvisor.org\/it\/diametro\/#primaryimage\",\"url\":\"https:\/\/exceladvisor.org\/wp-content\/uploads\/2023\/08\/1-symbole-de-diametre-de-plaquette.png\",\"contentUrl\":\"https:\/\/exceladvisor.org\/wp-content\/uploads\/2023\/08\/1-symbole-de-diametre-de-plaquette.png\"},{\"@type\":\"BreadcrumbList\",\"@id\":\"https:\/\/exceladvisor.org\/it\/diametro\/#breadcrumb\",\"itemListElement\":[{\"@type\":\"ListItem\",\"position\":1,\"name\":\"Home\",\"item\":\"https:\/\/exceladvisor.org\/it\/\"},{\"@type\":\"ListItem\",\"position\":2,\"name\":\"Come inserire un simbolo di diametro in excel?\"}]},{\"@type\":\"WebSite\",\"@id\":\"https:\/\/exceladvisor.org\/it\/#website\",\"url\":\"https:\/\/exceladvisor.org\/it\/\",\"name\":\"Excel Advisor\",\"description\":\"Tips, Tricks, and Time-Saving Hacks\",\"publisher\":{\"@id\":\"https:\/\/exceladvisor.org\/it\/#organization\"},\"potentialAction\":[{\"@type\":\"SearchAction\",\"target\":{\"@type\":\"EntryPoint\",\"urlTemplate\":\"https:\/\/exceladvisor.org\/it\/?s={search_term_string}\"},\"query-input\":{\"@type\":\"PropertyValueSpecification\",\"valueRequired\":true,\"valueName\":\"search_term_string\"}}],\"inLanguage\":\"it-IT\"},{\"@type\":\"Organization\",\"@id\":\"https:\/\/exceladvisor.org\/it\/#organization\",\"name\":\"Excel Advisor\",\"url\":\"https:\/\/exceladvisor.org\/it\/\",\"logo\":{\"@type\":\"ImageObject\",\"inLanguage\":\"it-IT\",\"@id\":\"https:\/\/exceladvisor.org\/it\/#\/schema\/logo\/image\/\",\"url\":\"https:\/\/exceladvisor.org\/it\/wp-content\/uploads\/2023\/12\/exceladvisor.org_.png\",\"contentUrl\":\"https:\/\/exceladvisor.org\/it\/wp-content\/uploads\/2023\/12\/exceladvisor.org_.png\",\"width\":105,\"height\":36,\"caption\":\"Excel Advisor\"},\"image\":{\"@id\":\"https:\/\/exceladvisor.org\/it\/#\/schema\/logo\/image\/\"}}]}<\/script>\n<!-- \/ Yoast SEO plugin. -->","yoast_head_json":{"title":"\u25b7 Come inserire un simbolo di diametro in Excel?","description":"La tastiera non ha questo tasto simbolo per inserirlo direttamente ma in Excel ci sono molti modi per aggiungere questo simbolo","robots":{"index":"index","follow":"follow","max-snippet":"max-snippet:-1","max-image-preview":"max-image-preview:large","max-video-preview":"max-video-preview:-1"},"canonical":"https:\/\/exceladvisor.org\/it\/diametro\/","og_locale":"it_IT","og_type":"article","og_title":"\u25b7 Come inserire un simbolo di diametro in Excel?","og_description":"La tastiera non ha questo tasto simbolo per inserirlo direttamente ma in Excel ci sono molti modi per aggiungere questo simbolo","og_url":"https:\/\/exceladvisor.org\/it\/diametro\/","og_site_name":"Excel Advisor","article_modified_time":"2023-12-10T06:23:54+00:00","og_image":[{"url":"https:\/\/exceladvisor.org\/wp-content\/uploads\/2023\/08\/1-symbole-de-diametre-de-plaquette.png","type":"","width":"","height":""}],"twitter_card":"summary_large_image","twitter_misc":{"Tempo di lettura stimato":"2 minuti"},"schema":{"@context":"https:\/\/schema.org","@graph":[{"@type":"WebPage","@id":"https:\/\/exceladvisor.org\/it\/diametro\/","url":"https:\/\/exceladvisor.org\/it\/diametro\/","name":"\u25b7 Come inserire un simbolo di diametro in Excel?","isPartOf":{"@id":"https:\/\/exceladvisor.org\/it\/#website"},"primaryImageOfPage":{"@id":"https:\/\/exceladvisor.org\/it\/diametro\/#primaryimage"},"image":{"@id":"https:\/\/exceladvisor.org\/it\/diametro\/#primaryimage"},"thumbnailUrl":"https:\/\/exceladvisor.org\/wp-content\/uploads\/2023\/08\/1-symbole-de-diametre-de-plaquette.png","datePublished":"2023-11-17T19:39:47+00:00","dateModified":"2023-12-10T06:23:54+00:00","description":"La tastiera non ha questo tasto simbolo per inserirlo direttamente ma in Excel ci sono molti modi per aggiungere questo simbolo","breadcrumb":{"@id":"https:\/\/exceladvisor.org\/it\/diametro\/#breadcrumb"},"inLanguage":"it-IT","potentialAction":[{"@type":"ReadAction","target":["https:\/\/exceladvisor.org\/it\/diametro\/"]}]},{"@type":"ImageObject","inLanguage":"it-IT","@id":"https:\/\/exceladvisor.org\/it\/diametro\/#primaryimage","url":"https:\/\/exceladvisor.org\/wp-content\/uploads\/2023\/08\/1-symbole-de-diametre-de-plaquette.png","contentUrl":"https:\/\/exceladvisor.org\/wp-content\/uploads\/2023\/08\/1-symbole-de-diametre-de-plaquette.png"},{"@type":"BreadcrumbList","@id":"https:\/\/exceladvisor.org\/it\/diametro\/#breadcrumb","itemListElement":[{"@type":"ListItem","position":1,"name":"Home","item":"https:\/\/exceladvisor.org\/it\/"},{"@type":"ListItem","position":2,"name":"Come inserire un simbolo di diametro in excel?"}]},{"@type":"WebSite","@id":"https:\/\/exceladvisor.org\/it\/#website","url":"https:\/\/exceladvisor.org\/it\/","name":"Excel Advisor","description":"Tips, Tricks, and Time-Saving Hacks","publisher":{"@id":"https:\/\/exceladvisor.org\/it\/#organization"},"potentialAction":[{"@type":"SearchAction","target":{"@type":"EntryPoint","urlTemplate":"https:\/\/exceladvisor.org\/it\/?s={search_term_string}"},"query-input":{"@type":"PropertyValueSpecification","valueRequired":true,"valueName":"search_term_string"}}],"inLanguage":"it-IT"},{"@type":"Organization","@id":"https:\/\/exceladvisor.org\/it\/#organization","name":"Excel Advisor","url":"https:\/\/exceladvisor.org\/it\/","logo":{"@type":"ImageObject","inLanguage":"it-IT","@id":"https:\/\/exceladvisor.org\/it\/#\/schema\/logo\/image\/","url":"https:\/\/exceladvisor.org\/it\/wp-content\/uploads\/2023\/12\/exceladvisor.org_.png","contentUrl":"https:\/\/exceladvisor.org\/it\/wp-content\/uploads\/2023\/12\/exceladvisor.org_.png","width":105,"height":36,"caption":"Excel Advisor"},"image":{"@id":"https:\/\/exceladvisor.org\/it\/#\/schema\/logo\/image\/"}}]}},"yoast_meta":{"yoast_wpseo_title":"","yoast_wpseo_metadesc":"","yoast_wpseo_canonical":""},"_links":{"self":[{"href":"https:\/\/exceladvisor.org\/it\/wp-json\/wp\/v2\/pages\/1528","targetHints":{"allow":["GET"]}}],"collection":[{"href":"https:\/\/exceladvisor.org\/it\/wp-json\/wp\/v2\/pages"}],"about":[{"href":"https:\/\/exceladvisor.org\/it\/wp-json\/wp\/v2\/types\/page"}],"author":[{"embeddable":true,"href":"https:\/\/exceladvisor.org\/it\/wp-json\/wp\/v2\/users\/1"}],"replies":[{"embeddable":true,"href":"https:\/\/exceladvisor.org\/it\/wp-json\/wp\/v2\/comments?post=1528"}],"version-history":[{"count":1,"href":"https:\/\/exceladvisor.org\/it\/wp-json\/wp\/v2\/pages\/1528\/revisions"}],"predecessor-version":[{"id":2550,"href":"https:\/\/exceladvisor.org\/it\/wp-json\/wp\/v2\/pages\/1528\/revisions\/2550"}],"wp:attachment":[{"href":"https:\/\/exceladvisor.org\/it\/wp-json\/wp\/v2\/media?parent=1528"}],"curies":[{"name":"wp","href":"https:\/\/api.w.org\/{rel}","templated":true}]}}