{"id":1532,"date":"2023-11-17T16:04:13","date_gmt":"2023-11-17T16:04:13","guid":{"rendered":"https:\/\/exceladvisor.org\/it\/nascondi-la-formula\/"},"modified":"2023-12-10T06:24:23","modified_gmt":"2023-12-10T06:24:23","slug":"nascondi-la-formula","status":"publish","type":"page","link":"https:\/\/exceladvisor.org\/it\/nascondi-la-formula\/","title":{"rendered":"Come nascondere una formula in excel?"},"content":{"rendered":"<div class=\"excel-prima-del-contenuto\" id=\"excel-2166668180\"><script type=\"text\/javascript\">\r\n\tatOptions = {\r\n\t\t'key' : 'c1158f160081d6540a8409e6925dab94',\r\n\t\t'format' : 'iframe',\r\n\t\t'height' : 250,\r\n\t\t'width' : 300,\r\n\t\t'params' : {}\r\n\t};\r\n<\/script>\r\n<script type=\"text\/javascript\" src=\"\/\/www.highperformanceformat.com\/c1158f160081d6540a8409e6925dab94\/invoke.js\"><\/script><\/div> <figure class=\"wp-block-embed is-type-video is-provider-youtube wp-block-embed-youtube wp-embed-aspect-16-9 wp-has-aspect-ratio\"><div class=\"wp-block-embed__wrapper\"><\/div><\/figure><p> A volte invii file Excel ad altri e loro cambiano le formule. Oppure a volte semplicemente non vuoi mostrare agli altri la formula.<\/p><p> Nascondere una formula \u00e8 un modo semplice per farlo in modo che gli altri non possano vedere quale formula hai utilizzato e come viene calcolata.<\/p><p> Ora la domanda \u00e8 come nascondere la formula in una cella in Excel.<\/p><p> Ma prima di farlo, chiariamo su questo punto che esistono due modi per visualizzare una formula da una cella, il primo modificando una cella e il secondo dalla barra della formula.<\/p><p> C&#8217;\u00e8 un modo che puoi usare per prevenire entrambe le cose? S\u00ec, \u00e8 l\u00ec. In Excel esiste un modo semplice per farlo e oggi vorrei condividere con te questo semplice trucco.<\/p><h2 id=\"tab-con-1\" class=\"wp-block-heading\"> Passaggio 1: rimozione del foglio di lavoro di protezione<\/h2><p> A questo punto, quando fai clic su una cella, l&#8217;intera formula viene visualizzata nella barra della formula. <\/p><div class=\"wp-block-image\"><figure class=\"aligncenter\"><img decoding=\"async\" src=\"https:\/\/exceladvisor.org\/wp-content\/uploads\/2023\/08\/masquer-la-formule-dans-Excel-saffiche-dans-la-barre-de-formule.png\" sizes=\"\" srcset=\"\" alt=\"\"><\/figure><\/div><ul><li> Prima di tutto, devi assicurarti che il tuo foglio di calcolo non sia protetto.<\/li><li> Per fare ci\u00f2, vai alla scheda di revisione e proteggi il gruppo.<\/li><li> Se trovi il pulsante &#8220;Rimuovi protezione foglio di calcolo&#8221;, significa che il tuo foglio di calcolo \u00e8 protetto e devi rimuoverlo. <\/li><\/ul><div class=\"wp-block-image\"><figure class=\"aligncenter\"><img decoding=\"async\" src=\"https:\/\/exceladvisor.org\/wp-content\/uploads\/2023\/08\/deproteger-une-feuille-de-calcul-masquer-la-formule-dans-excel-1.png\" sizes=\"\" srcset=\"\" alt=\"\"><\/figure><\/div><ul><li> Fare clic su questo pulsante per rimuoverlo dalla protezione.<\/li><\/ul><p> Se hai il pulsante &#8220;Proteggi foglio&#8221;, significa che il tuo foglio di lavoro non \u00e8 protetto. In questo caso, salta i passaggi precedenti e inizia da qui.<\/p><h2 id=\"tab-con-2\" class=\"wp-block-heading\"> Passaggio 2: attiva l&#8217;opzione Nascondi formula<\/h2><ul><li> Ora seleziona la cella o l&#8217;intervallo di celle oppure seleziona tutte le celle non contigue in cui desideri nascondere le formule.<\/li><li> Successivamente, fai clic con il pulsante destro del mouse e seleziona l&#8217;opzione formato cella. <\/li><\/ul><div class=\"wp-block-image\"><figure class=\"aligncenter\"><img decoding=\"async\" src=\"https:\/\/exceladvisor.org\/wp-content\/uploads\/2023\/08\/clic-droit-et-formater-la-formule-de-masquage-de-cellule-dans-excel-1.png\" sizes=\"\" srcset=\"\" alt=\"\"><\/figure><\/div><ul><li> Dall&#8217;opzione Formato celle, vai alla scheda Protezione.<\/li><li> Nella scheda Protezione hai due caselle da selezionare, la prima \u00e8 bloccata e la seconda \u00e8 nascosta.<\/li><li> Contrassegnali entrambi e fai clic su OK. <\/li><\/ul><div class=\"wp-block-image\"><figure class=\"aligncenter\"><img decoding=\"async\" src=\"https:\/\/exceladvisor.org\/wp-content\/uploads\/2023\/08\/coche-verrouillee-masquee-pour-masquer-la-formule-dans-Excel-1.png\" sizes=\"\" srcset=\"\" alt=\"\"><\/figure><\/div><p> Queste opzioni che hai selezionato risolvono entrambi i problemi di cui abbiamo discusso sopra.<\/p><p> L&#8217;opzione bloccata limita la modifica di una cella e l&#8217;opzione nascosta nasconde una formula dalla barra della formula. Ora l&#8217;ultimo passaggio \u00e8 proteggere il foglio di lavoro.<\/p><h2 id=\"tab-con-3\" class=\"wp-block-heading\"> Passaggio 3: proteggi il foglio di calcolo<\/h2><ul><li> Fare clic con il pulsante destro del mouse sulla scheda del foglio di lavoro, quindi fare clic su &#8220;Proteggi foglio&#8221;.<\/li><li> Qui \u00e8 necessario inserire una password. Per inserire una password (due volte). <\/li><\/ul><div class=\"wp-block-image\"><figure class=\"aligncenter\"><img decoding=\"async\" src=\"https:\/\/exceladvisor.org\/wp-content\/uploads\/2023\/08\/proteger-une-feuille-de-calcul-masquer-la-formule-dans-excel-1.png\" sizes=\"\" srcset=\"\" alt=\"\"><\/figure><\/div><ul><li> E alla fine fai clic su OK.<\/li><\/ul><p> Ora tutte le celle selezionate hanno una formula nascosta nella barra della formula. <\/p><div class=\"wp-block-image\"><figure class=\"aligncenter\"><img decoding=\"async\" src=\"https:\/\/exceladvisor.org\/wp-content\/uploads\/2023\/08\/une-fois-que-vous-avez-cache-une-formule-dans-excel-1.png\" sizes=\"\" srcset=\"\" alt=\"\"><\/figure><\/div><p> Se invii questo file a qualcuno, non sar\u00e0 in grado di vedere la formula o modificarla a meno che questo foglio di lavoro non sia protetto.<\/p><h2 class=\"wp-block-heading\"> Come trovare le formule nascoste?<\/h2><p> Dopo aver protetto un file utilizzando i passaggi precedenti, anche tu non potrai vedere la formula finch\u00e9 non proteggi il foglio di lavoro. Ma se vuoi trovarli solo da un foglio di calcolo protetto in cui si trovano, puoi utilizzare l&#8217;opzione &#8220;Vai a Speciale&#8221;.<\/p><ul><li> Vai alla scheda Home -&gt; Modifica -&gt; Trova e seleziona -&gt; Vai a Speciale.<\/li><li> Selezionare l&#8217;opzione &#8220;Formule&#8221; e le quattro opzioni secondarie (Numeri, Testo, Logica, Errori) e fare clic su OK.<\/li><li> Dopo aver fatto clic su OK, Excel selezioner\u00e0 tutte le celle del foglio di lavoro in cui sono presenti le formule.<\/li><\/ul><p class=\"content-box-green\"> <strong>Nascondere una formula senza proteggere un foglio di lavoro:<\/strong> sono sicuro che hai in mente questa idea, come posso nascondere una formula senza proteggere un foglio di lavoro? Temo che non ci sia altro metodo per questo. Devi andare da questa parte. L&#8217;unica cosa possibile che conosco \u00e8 creare un codice macro che venga eseguito quando la cartella di lavoro si apre e nasconda la <a href=\"https:\/\/exceladvisor.org\/it\/barra-delle-formule-excel\/\">barra della formula<\/a> . Ma, ancora una volta, questa non \u00e8 una soluzione permanente.<\/p><h2 class=\"wp-block-heading\"> Conclusione<\/h2><p> Questa opzione non solo ti aiuta a nascondere le formule, ma anche se hai calcoli cruciali che desideri nascondere agli altri.<\/p><p> Fino a quando qualcuno non ha la password, le formule sono nascoste e sicure. Spero che questo suggerimento ti aiuti a gestire i tuoi fogli di calcolo.<\/p><p> Hai mai provato a nascondere una formula prima? Per favore condividi i tuoi pensieri con me nella sezione commenti, mi piacerebbe sentire la tua opinione. E assicurati di condividere questo suggerimento con i tuoi amici.<\/p><div class=\"gb-container gb-container-0df56012 gb-container-mt\"> <a class=\"gb-button gb-button-f9f432f4 gb-button-text gb-button-mt-button\" href=\"https:\/\/exceladvisor.org\/it\/formule\/\">Elenco delle formule di Excel<\/a><h2 class=\"gb-headline gb-headline-233444e8 gb-headline-text gb-headline-mt-heading\"> Formule correlate <\/h2><div class=\"gb-grid-wrapper gb-grid-wrapper-a16fa65c gb-grid-wrapper-mt-grid\"><div class=\"gb-grid-column gb-grid-column-50d07e0d\"><div class=\"gb-container gb-container-50d07e0d\"><ul><li> <a href=\"https:\/\/exceladvisor.org\/it\/riferimento-3d\/\">Riferimento 3D in Excel<\/a><\/li><li> <a href=\"https:\/\/exceladvisor.org\/it\/caratteri-jolly-2\/\">Caratteri jolly in Excel<\/a><\/li><li> <a href=\"https:\/\/exceladvisor.org\/it\/r1c1\/\">Stile di riferimento R1C1 in Excel<\/a> <\/li><\/ul><\/div><\/div><div class=\"gb-grid-column gb-grid-column-5b4a0cf9\"><div class=\"gb-container gb-container-5b4a0cf9\"><\/div><\/div><\/div><\/div>","protected":false},"excerpt":{"rendered":"","protected":false},"author":1,"featured_media":0,"parent":0,"menu_order":0,"comment_status":"open","ping_status":"closed","template":"","meta":{"ub_ctt_via":"","footnotes":""},"class_list":["post-1532","page","type-page","status-publish","hentry"],"featured_image_src":null,"yoast_head":"<!-- This site is optimized with the Yoast SEO plugin v25.4 - https:\/\/yoast.com\/wordpress\/plugins\/seo\/ -->\n<title>Come nascondere una formula in Excel? (Tutorial 2023)<\/title>\n<meta name=\"description\" content=\"Nascondere una formula \u00e8 un modo semplice per farlo in modo che gli altri non possano vedere quale formula hai utilizzato o quale \u00e8\" \/>\n<meta name=\"robots\" content=\"index, follow, max-snippet:-1, max-image-preview:large, max-video-preview:-1\" \/>\n<link rel=\"canonical\" href=\"https:\/\/exceladvisor.org\/it\/nascondi-la-formula\/\" \/>\n<meta property=\"og:locale\" content=\"it_IT\" \/>\n<meta property=\"og:type\" content=\"article\" \/>\n<meta property=\"og:title\" content=\"Come nascondere una formula in Excel? (Tutorial 2023)\" \/>\n<meta property=\"og:description\" content=\"Nascondere una formula \u00e8 un modo semplice per farlo in modo che gli altri non possano vedere quale formula hai utilizzato o quale \u00e8\" \/>\n<meta property=\"og:url\" content=\"https:\/\/exceladvisor.org\/it\/nascondi-la-formula\/\" \/>\n<meta property=\"og:site_name\" content=\"Excel Advisor\" \/>\n<meta property=\"article:modified_time\" content=\"2023-12-10T06:24:23+00:00\" \/>\n<meta property=\"og:image\" content=\"https:\/\/exceladvisor.org\/wp-content\/uploads\/2023\/08\/masquer-la-formule-dans-Excel-saffiche-dans-la-barre-de-formule.png\" \/>\n<meta name=\"twitter:card\" content=\"summary_large_image\" \/>\n<meta name=\"twitter:label1\" content=\"Tempo di lettura stimato\" \/>\n\t<meta name=\"twitter:data1\" content=\"4 minuti\" \/>\n<script type=\"application\/ld+json\" class=\"yoast-schema-graph\">{\"@context\":\"https:\/\/schema.org\",\"@graph\":[{\"@type\":\"WebPage\",\"@id\":\"https:\/\/exceladvisor.org\/it\/nascondi-la-formula\/\",\"url\":\"https:\/\/exceladvisor.org\/it\/nascondi-la-formula\/\",\"name\":\"Come nascondere una formula in Excel? (Tutorial 2023)\",\"isPartOf\":{\"@id\":\"https:\/\/exceladvisor.org\/it\/#website\"},\"primaryImageOfPage\":{\"@id\":\"https:\/\/exceladvisor.org\/it\/nascondi-la-formula\/#primaryimage\"},\"image\":{\"@id\":\"https:\/\/exceladvisor.org\/it\/nascondi-la-formula\/#primaryimage\"},\"thumbnailUrl\":\"https:\/\/exceladvisor.org\/wp-content\/uploads\/2023\/08\/masquer-la-formule-dans-Excel-saffiche-dans-la-barre-de-formule.png\",\"datePublished\":\"2023-11-17T16:04:13+00:00\",\"dateModified\":\"2023-12-10T06:24:23+00:00\",\"description\":\"Nascondere una formula \u00e8 un modo semplice per farlo in modo che gli altri non possano vedere quale formula hai utilizzato o quale \u00e8\",\"breadcrumb\":{\"@id\":\"https:\/\/exceladvisor.org\/it\/nascondi-la-formula\/#breadcrumb\"},\"inLanguage\":\"it-IT\",\"potentialAction\":[{\"@type\":\"ReadAction\",\"target\":[\"https:\/\/exceladvisor.org\/it\/nascondi-la-formula\/\"]}]},{\"@type\":\"ImageObject\",\"inLanguage\":\"it-IT\",\"@id\":\"https:\/\/exceladvisor.org\/it\/nascondi-la-formula\/#primaryimage\",\"url\":\"https:\/\/exceladvisor.org\/wp-content\/uploads\/2023\/08\/masquer-la-formule-dans-Excel-saffiche-dans-la-barre-de-formule.png\",\"contentUrl\":\"https:\/\/exceladvisor.org\/wp-content\/uploads\/2023\/08\/masquer-la-formule-dans-Excel-saffiche-dans-la-barre-de-formule.png\"},{\"@type\":\"BreadcrumbList\",\"@id\":\"https:\/\/exceladvisor.org\/it\/nascondi-la-formula\/#breadcrumb\",\"itemListElement\":[{\"@type\":\"ListItem\",\"position\":1,\"name\":\"Home\",\"item\":\"https:\/\/exceladvisor.org\/it\/\"},{\"@type\":\"ListItem\",\"position\":2,\"name\":\"Come nascondere una formula in excel?\"}]},{\"@type\":\"WebSite\",\"@id\":\"https:\/\/exceladvisor.org\/it\/#website\",\"url\":\"https:\/\/exceladvisor.org\/it\/\",\"name\":\"Excel Advisor\",\"description\":\"Tips, Tricks, and Time-Saving Hacks\",\"publisher\":{\"@id\":\"https:\/\/exceladvisor.org\/it\/#organization\"},\"potentialAction\":[{\"@type\":\"SearchAction\",\"target\":{\"@type\":\"EntryPoint\",\"urlTemplate\":\"https:\/\/exceladvisor.org\/it\/?s={search_term_string}\"},\"query-input\":{\"@type\":\"PropertyValueSpecification\",\"valueRequired\":true,\"valueName\":\"search_term_string\"}}],\"inLanguage\":\"it-IT\"},{\"@type\":\"Organization\",\"@id\":\"https:\/\/exceladvisor.org\/it\/#organization\",\"name\":\"Excel Advisor\",\"url\":\"https:\/\/exceladvisor.org\/it\/\",\"logo\":{\"@type\":\"ImageObject\",\"inLanguage\":\"it-IT\",\"@id\":\"https:\/\/exceladvisor.org\/it\/#\/schema\/logo\/image\/\",\"url\":\"https:\/\/exceladvisor.org\/it\/wp-content\/uploads\/2023\/12\/exceladvisor.org_.png\",\"contentUrl\":\"https:\/\/exceladvisor.org\/it\/wp-content\/uploads\/2023\/12\/exceladvisor.org_.png\",\"width\":105,\"height\":36,\"caption\":\"Excel Advisor\"},\"image\":{\"@id\":\"https:\/\/exceladvisor.org\/it\/#\/schema\/logo\/image\/\"}}]}<\/script>\n<!-- \/ Yoast SEO plugin. -->","yoast_head_json":{"title":"Come nascondere una formula in Excel? (Tutorial 2023)","description":"Nascondere una formula \u00e8 un modo semplice per farlo in modo che gli altri non possano vedere quale formula hai utilizzato o quale \u00e8","robots":{"index":"index","follow":"follow","max-snippet":"max-snippet:-1","max-image-preview":"max-image-preview:large","max-video-preview":"max-video-preview:-1"},"canonical":"https:\/\/exceladvisor.org\/it\/nascondi-la-formula\/","og_locale":"it_IT","og_type":"article","og_title":"Come nascondere una formula in Excel? (Tutorial 2023)","og_description":"Nascondere una formula \u00e8 un modo semplice per farlo in modo che gli altri non possano vedere quale formula hai utilizzato o quale \u00e8","og_url":"https:\/\/exceladvisor.org\/it\/nascondi-la-formula\/","og_site_name":"Excel Advisor","article_modified_time":"2023-12-10T06:24:23+00:00","og_image":[{"url":"https:\/\/exceladvisor.org\/wp-content\/uploads\/2023\/08\/masquer-la-formule-dans-Excel-saffiche-dans-la-barre-de-formule.png","type":"","width":"","height":""}],"twitter_card":"summary_large_image","twitter_misc":{"Tempo di lettura stimato":"4 minuti"},"schema":{"@context":"https:\/\/schema.org","@graph":[{"@type":"WebPage","@id":"https:\/\/exceladvisor.org\/it\/nascondi-la-formula\/","url":"https:\/\/exceladvisor.org\/it\/nascondi-la-formula\/","name":"Come nascondere una formula in Excel? (Tutorial 2023)","isPartOf":{"@id":"https:\/\/exceladvisor.org\/it\/#website"},"primaryImageOfPage":{"@id":"https:\/\/exceladvisor.org\/it\/nascondi-la-formula\/#primaryimage"},"image":{"@id":"https:\/\/exceladvisor.org\/it\/nascondi-la-formula\/#primaryimage"},"thumbnailUrl":"https:\/\/exceladvisor.org\/wp-content\/uploads\/2023\/08\/masquer-la-formule-dans-Excel-saffiche-dans-la-barre-de-formule.png","datePublished":"2023-11-17T16:04:13+00:00","dateModified":"2023-12-10T06:24:23+00:00","description":"Nascondere una formula \u00e8 un modo semplice per farlo in modo che gli altri non possano vedere quale formula hai utilizzato o quale \u00e8","breadcrumb":{"@id":"https:\/\/exceladvisor.org\/it\/nascondi-la-formula\/#breadcrumb"},"inLanguage":"it-IT","potentialAction":[{"@type":"ReadAction","target":["https:\/\/exceladvisor.org\/it\/nascondi-la-formula\/"]}]},{"@type":"ImageObject","inLanguage":"it-IT","@id":"https:\/\/exceladvisor.org\/it\/nascondi-la-formula\/#primaryimage","url":"https:\/\/exceladvisor.org\/wp-content\/uploads\/2023\/08\/masquer-la-formule-dans-Excel-saffiche-dans-la-barre-de-formule.png","contentUrl":"https:\/\/exceladvisor.org\/wp-content\/uploads\/2023\/08\/masquer-la-formule-dans-Excel-saffiche-dans-la-barre-de-formule.png"},{"@type":"BreadcrumbList","@id":"https:\/\/exceladvisor.org\/it\/nascondi-la-formula\/#breadcrumb","itemListElement":[{"@type":"ListItem","position":1,"name":"Home","item":"https:\/\/exceladvisor.org\/it\/"},{"@type":"ListItem","position":2,"name":"Come nascondere una formula in excel?"}]},{"@type":"WebSite","@id":"https:\/\/exceladvisor.org\/it\/#website","url":"https:\/\/exceladvisor.org\/it\/","name":"Excel Advisor","description":"Tips, Tricks, and Time-Saving Hacks","publisher":{"@id":"https:\/\/exceladvisor.org\/it\/#organization"},"potentialAction":[{"@type":"SearchAction","target":{"@type":"EntryPoint","urlTemplate":"https:\/\/exceladvisor.org\/it\/?s={search_term_string}"},"query-input":{"@type":"PropertyValueSpecification","valueRequired":true,"valueName":"search_term_string"}}],"inLanguage":"it-IT"},{"@type":"Organization","@id":"https:\/\/exceladvisor.org\/it\/#organization","name":"Excel Advisor","url":"https:\/\/exceladvisor.org\/it\/","logo":{"@type":"ImageObject","inLanguage":"it-IT","@id":"https:\/\/exceladvisor.org\/it\/#\/schema\/logo\/image\/","url":"https:\/\/exceladvisor.org\/it\/wp-content\/uploads\/2023\/12\/exceladvisor.org_.png","contentUrl":"https:\/\/exceladvisor.org\/it\/wp-content\/uploads\/2023\/12\/exceladvisor.org_.png","width":105,"height":36,"caption":"Excel Advisor"},"image":{"@id":"https:\/\/exceladvisor.org\/it\/#\/schema\/logo\/image\/"}}]}},"yoast_meta":{"yoast_wpseo_title":"","yoast_wpseo_metadesc":"","yoast_wpseo_canonical":""},"_links":{"self":[{"href":"https:\/\/exceladvisor.org\/it\/wp-json\/wp\/v2\/pages\/1532","targetHints":{"allow":["GET"]}}],"collection":[{"href":"https:\/\/exceladvisor.org\/it\/wp-json\/wp\/v2\/pages"}],"about":[{"href":"https:\/\/exceladvisor.org\/it\/wp-json\/wp\/v2\/types\/page"}],"author":[{"embeddable":true,"href":"https:\/\/exceladvisor.org\/it\/wp-json\/wp\/v2\/users\/1"}],"replies":[{"embeddable":true,"href":"https:\/\/exceladvisor.org\/it\/wp-json\/wp\/v2\/comments?post=1532"}],"version-history":[{"count":1,"href":"https:\/\/exceladvisor.org\/it\/wp-json\/wp\/v2\/pages\/1532\/revisions"}],"predecessor-version":[{"id":2579,"href":"https:\/\/exceladvisor.org\/it\/wp-json\/wp\/v2\/pages\/1532\/revisions\/2579"}],"wp:attachment":[{"href":"https:\/\/exceladvisor.org\/it\/wp-json\/wp\/v2\/media?parent=1532"}],"curies":[{"name":"wp","href":"https:\/\/api.w.org\/{rel}","templated":true}]}}