{"id":1535,"date":"2023-11-17T14:13:09","date_gmt":"2023-11-17T14:13:09","guid":{"rendered":"https:\/\/exceladvisor.org\/it\/seleziona-tutto\/"},"modified":"2023-12-10T06:25:42","modified_gmt":"2023-12-10T06:25:42","slug":"seleziona-tutto","status":"publish","type":"page","link":"https:\/\/exceladvisor.org\/it\/seleziona-tutto\/","title":{"rendered":"Come selezionare tutte le celle utilizzando il codice vba?"},"content":{"rendered":"<div class=\"excel-prima-del-contenuto\" id=\"excel-1503969194\"><script type=\"text\/javascript\">\r\n\tatOptions = {\r\n\t\t'key' : 'c1158f160081d6540a8409e6925dab94',\r\n\t\t'format' : 'iframe',\r\n\t\t'height' : 250,\r\n\t\t'width' : 300,\r\n\t\t'params' : {}\r\n\t};\r\n<\/script>\r\n<script type=\"text\/javascript\" src=\"\/\/www.highperformanceformat.com\/c1158f160081d6540a8409e6925dab94\/invoke.js\"><\/script><\/div> <p>In VBA esiste una propriet\u00e0 chiamata CELLS che puoi utilizzare per selezionare tutte le celle presenti in un foglio di lavoro.<\/p><pre class=\"wp-block-code\"> <code class=\"language-visual-basic\" lang=\"visual-basic\">Cells.Select<\/code><\/pre><h2 class=\"wp-block-heading\"> VBA per selezionare tutte le celle<\/h2><ol><li> Innanzitutto, digita la propriet\u00e0 CELLS per fare riferimento a tutte le celle nel foglio di lavoro. <br><img loading=\"lazy\" decoding=\"async\" title=\"1-digitare-la-propriet\u00e0-delle-celle\" src=\"https:\/\/exceladvisor.org\/wp-content\/uploads\/2023\/08\/1-tapez-la-propriete-des-cellules.png\" sizes=\"auto, \" srcset=\"\" alt=\"type-the-cells-property\" width=\"360\" height=\"215\"><\/li><li> Successivamente, inserisci un punto (.).<\/li><li> A questo punto avrai un elenco di metodi e propriet\u00e0. <br><img loading=\"lazy\" decoding=\"async\" title=\"2-inserisci-un-punto\" src=\"https:\/\/exceladvisor.org\/wp-content\/uploads\/2023\/08\/2-entrez-un-point.png\" sizes=\"auto, \" srcset=\"\" alt=\"enter-a-dot\" width=\"391\" height=\"285\"><\/li><li> Da questo elenco, seleziona &#8220;Seleziona&#8221; o digita &#8220;Seleziona&#8221;. <br><img loading=\"lazy\" decoding=\"async\" title=\"3-in-list-select-select-o-type-select\" src=\"https:\/\/exceladvisor.org\/wp-content\/uploads\/2023\/08\/3-dans-la-liste-selectionnez-selectionnez-ou-tapez-selectionnez.png\" sizes=\"auto, \" srcset=\"\" alt=\"from-list-select-select-or-type-select\" width=\"356\" height=\"221\"><\/li><\/ol><p> Dopo aver selezionato l&#8217;intero foglio di lavoro, puoi modificare il carattere, cancellare i contenuti o fare altre cose.<\/p><h2 class=\"wp-block-heading\"> Commenti<\/h2><ul><li> La propriet\u00e0 CELLS funziona allo stesso modo in cui utilizzi la <a href=\"https:\/\/exceladvisor.org\/it\/tasti-rapidi\/\">scorciatoia da tastiera Control+A<\/a> per selezionare tutte le celle.<\/li><li> Quando esegui questo codice VBA, seleziona tutte le celle anche se il foglio \u00e8 protetto e alcune celle sono bloccate.<\/li><li> Selezioner\u00e0 anche le celle nascoste.<\/li><\/ul><h2 class=\"wp-block-heading\"> Il foglio deve essere attivato<\/h2><p> Ora devi capire una cosa qui quando selezioni tutte le celle di un foglio quel <a href=\"https:\/\/exceladvisor.org\/it\/attivare-il-foglio\/\">foglio dovrebbe essere abilitato<\/a> . In breve, non \u00e8 possibile selezionare celle da un foglio non attivato.<\/p><p> Diciamo che vuoi selezionare tutte le celle in &#8220;Foglio1&#8221;. Se utilizzi il tipo di codice seguente riceverai un errore. Devi prima attivare &#8220;Foglio1&#8221;, quindi utilizzare la propriet\u00e0 &#8220;Celle&#8221; per selezionare tutte le celle.<\/p><pre class=\"wp-block-code\"> <code class=\"language-visual-basic\" lang=\"visual-basic\">Worksheets(\"Sheet1\").Activate Cells.Select<\/code><\/pre><p> Ora quando lo esegui, attiver\u00e0 prima il &#8220;Foglio1&#8221; e poi selezioner\u00e0 tutte le celle. Questa cosa ti d\u00e0 una piccola limitazione che non puoi selezionare l&#8217;intero foglio se quel foglio non \u00e8 abilitato.<\/p><p> Ecco un&#8217;altra cosa che puoi fare: puoi <a href=\"https:\/\/exceladvisor.org\/it\/aggiungi-un-nuovo-foglio-1\/\">aggiungere un nuovo foglio<\/a> , quindi selezionare tutte le celle.<\/p><pre class=\"wp-block-code\"> <code class=\"language-visual-basic\" lang=\"visual-basic\">Sheets.Add.Name = \"mySheet\" Cells.Select<\/code><\/pre><div class=\"gb-container gb-container-4db6181c gb-container-mt\"> <a class=\"gb-button gb-button-c5897111 gb-button-text gb-button-mt-button\" href=\"https:\/\/exceladvisor.org\/it\/vba\/\">Cos&#8217;\u00e8 VBA<\/a><h2 class=\"gb-headline gb-headline-665e5f6b gb-headline-text gb-headline-mt-heading\"> Tutorial correlati <\/h2><div class=\"gb-grid-wrapper gb-grid-wrapper-a20baf7c gb-grid-wrapper-mt-grid\"><div class=\"gb-grid-column gb-grid-column-65ddf67e\"><div class=\"gb-container gb-container-65ddf67e\"><ul><li> <a href=\"https:\/\/exceladvisor.org\/it\/inserisci-una-riga-1\/\">Inserisci una riga utilizzando VBA in Excel<\/a><\/li><li> <a href=\"https:\/\/exceladvisor.org\/it\/unire\/\">Unisci celle in Excel utilizzando il codice VBA<\/a><\/li><li> Seleziona un intervallo\/cella utilizzando VBA in Excel<\/li><li> <a href=\"https:\/\/exceladvisor.org\/it\/cella-attiva-1\/\">ActiveCell in VBA in Excel<\/a><\/li><li> <a href=\"https:\/\/exceladvisor.org\/it\/cellule-speciali\/\">Metodo celle speciali in VBA in Excel<\/a> <\/li><\/ul><\/div><\/div><div class=\"gb-grid-column gb-grid-column-50067b57\"><div class=\"gb-container gb-container-50067b57\"><\/div><\/div><\/div><\/div>","protected":false},"excerpt":{"rendered":"","protected":false},"author":1,"featured_media":0,"parent":0,"menu_order":0,"comment_status":"open","ping_status":"closed","template":"","meta":{"ub_ctt_via":"","footnotes":""},"class_list":["post-1535","page","type-page","status-publish","hentry"],"featured_image_src":null,"yoast_head":"<!-- This site is optimized with the Yoast SEO plugin v25.4 - https:\/\/yoast.com\/wordpress\/plugins\/seo\/ -->\n<title>Come selezionare tutte le celle utilizzando il codice VBA?<\/title>\n<meta name=\"description\" content=\"In VBA esiste una propriet\u00e0 chiamata CELLS che puoi utilizzare per selezionare tutte le celle presenti\" \/>\n<meta name=\"robots\" content=\"index, follow, max-snippet:-1, max-image-preview:large, max-video-preview:-1\" \/>\n<link rel=\"canonical\" href=\"https:\/\/exceladvisor.org\/it\/seleziona-tutto\/\" \/>\n<meta property=\"og:locale\" content=\"it_IT\" \/>\n<meta property=\"og:type\" content=\"article\" \/>\n<meta property=\"og:title\" content=\"Come selezionare tutte le celle utilizzando il codice VBA?\" \/>\n<meta property=\"og:description\" content=\"In VBA esiste una propriet\u00e0 chiamata CELLS che puoi utilizzare per selezionare tutte le celle presenti\" \/>\n<meta property=\"og:url\" content=\"https:\/\/exceladvisor.org\/it\/seleziona-tutto\/\" \/>\n<meta property=\"og:site_name\" content=\"Excel Advisor\" \/>\n<meta property=\"article:modified_time\" content=\"2023-12-10T06:25:42+00:00\" \/>\n<meta property=\"og:image\" content=\"https:\/\/exceladvisor.org\/wp-content\/uploads\/2023\/08\/1-tapez-la-propriete-des-cellules.png\" \/>\n<meta name=\"twitter:card\" content=\"summary_large_image\" \/>\n<meta name=\"twitter:label1\" content=\"Tempo di lettura stimato\" \/>\n\t<meta name=\"twitter:data1\" content=\"1 minuto\" \/>\n<script type=\"application\/ld+json\" class=\"yoast-schema-graph\">{\"@context\":\"https:\/\/schema.org\",\"@graph\":[{\"@type\":\"WebPage\",\"@id\":\"https:\/\/exceladvisor.org\/it\/seleziona-tutto\/\",\"url\":\"https:\/\/exceladvisor.org\/it\/seleziona-tutto\/\",\"name\":\"Come selezionare tutte le celle utilizzando il codice VBA?\",\"isPartOf\":{\"@id\":\"https:\/\/exceladvisor.org\/it\/#website\"},\"primaryImageOfPage\":{\"@id\":\"https:\/\/exceladvisor.org\/it\/seleziona-tutto\/#primaryimage\"},\"image\":{\"@id\":\"https:\/\/exceladvisor.org\/it\/seleziona-tutto\/#primaryimage\"},\"thumbnailUrl\":\"https:\/\/exceladvisor.org\/wp-content\/uploads\/2023\/08\/1-tapez-la-propriete-des-cellules.png\",\"datePublished\":\"2023-11-17T14:13:09+00:00\",\"dateModified\":\"2023-12-10T06:25:42+00:00\",\"description\":\"In VBA esiste una propriet\u00e0 chiamata CELLS che puoi utilizzare per selezionare tutte le celle presenti\",\"breadcrumb\":{\"@id\":\"https:\/\/exceladvisor.org\/it\/seleziona-tutto\/#breadcrumb\"},\"inLanguage\":\"it-IT\",\"potentialAction\":[{\"@type\":\"ReadAction\",\"target\":[\"https:\/\/exceladvisor.org\/it\/seleziona-tutto\/\"]}]},{\"@type\":\"ImageObject\",\"inLanguage\":\"it-IT\",\"@id\":\"https:\/\/exceladvisor.org\/it\/seleziona-tutto\/#primaryimage\",\"url\":\"https:\/\/exceladvisor.org\/wp-content\/uploads\/2023\/08\/1-tapez-la-propriete-des-cellules.png\",\"contentUrl\":\"https:\/\/exceladvisor.org\/wp-content\/uploads\/2023\/08\/1-tapez-la-propriete-des-cellules.png\"},{\"@type\":\"BreadcrumbList\",\"@id\":\"https:\/\/exceladvisor.org\/it\/seleziona-tutto\/#breadcrumb\",\"itemListElement\":[{\"@type\":\"ListItem\",\"position\":1,\"name\":\"Home\",\"item\":\"https:\/\/exceladvisor.org\/it\/\"},{\"@type\":\"ListItem\",\"position\":2,\"name\":\"Come selezionare tutte le celle utilizzando il codice vba?\"}]},{\"@type\":\"WebSite\",\"@id\":\"https:\/\/exceladvisor.org\/it\/#website\",\"url\":\"https:\/\/exceladvisor.org\/it\/\",\"name\":\"Excel Advisor\",\"description\":\"Tips, Tricks, and Time-Saving Hacks\",\"publisher\":{\"@id\":\"https:\/\/exceladvisor.org\/it\/#organization\"},\"potentialAction\":[{\"@type\":\"SearchAction\",\"target\":{\"@type\":\"EntryPoint\",\"urlTemplate\":\"https:\/\/exceladvisor.org\/it\/?s={search_term_string}\"},\"query-input\":{\"@type\":\"PropertyValueSpecification\",\"valueRequired\":true,\"valueName\":\"search_term_string\"}}],\"inLanguage\":\"it-IT\"},{\"@type\":\"Organization\",\"@id\":\"https:\/\/exceladvisor.org\/it\/#organization\",\"name\":\"Excel Advisor\",\"url\":\"https:\/\/exceladvisor.org\/it\/\",\"logo\":{\"@type\":\"ImageObject\",\"inLanguage\":\"it-IT\",\"@id\":\"https:\/\/exceladvisor.org\/it\/#\/schema\/logo\/image\/\",\"url\":\"https:\/\/exceladvisor.org\/it\/wp-content\/uploads\/2023\/12\/exceladvisor.org_.png\",\"contentUrl\":\"https:\/\/exceladvisor.org\/it\/wp-content\/uploads\/2023\/12\/exceladvisor.org_.png\",\"width\":105,\"height\":36,\"caption\":\"Excel Advisor\"},\"image\":{\"@id\":\"https:\/\/exceladvisor.org\/it\/#\/schema\/logo\/image\/\"}}]}<\/script>\n<!-- \/ Yoast SEO plugin. -->","yoast_head_json":{"title":"Come selezionare tutte le celle utilizzando il codice VBA?","description":"In VBA esiste una propriet\u00e0 chiamata CELLS che puoi utilizzare per selezionare tutte le celle presenti","robots":{"index":"index","follow":"follow","max-snippet":"max-snippet:-1","max-image-preview":"max-image-preview:large","max-video-preview":"max-video-preview:-1"},"canonical":"https:\/\/exceladvisor.org\/it\/seleziona-tutto\/","og_locale":"it_IT","og_type":"article","og_title":"Come selezionare tutte le celle utilizzando il codice VBA?","og_description":"In VBA esiste una propriet\u00e0 chiamata CELLS che puoi utilizzare per selezionare tutte le celle presenti","og_url":"https:\/\/exceladvisor.org\/it\/seleziona-tutto\/","og_site_name":"Excel Advisor","article_modified_time":"2023-12-10T06:25:42+00:00","og_image":[{"url":"https:\/\/exceladvisor.org\/wp-content\/uploads\/2023\/08\/1-tapez-la-propriete-des-cellules.png","type":"","width":"","height":""}],"twitter_card":"summary_large_image","twitter_misc":{"Tempo di lettura stimato":"1 minuto"},"schema":{"@context":"https:\/\/schema.org","@graph":[{"@type":"WebPage","@id":"https:\/\/exceladvisor.org\/it\/seleziona-tutto\/","url":"https:\/\/exceladvisor.org\/it\/seleziona-tutto\/","name":"Come selezionare tutte le celle utilizzando il codice VBA?","isPartOf":{"@id":"https:\/\/exceladvisor.org\/it\/#website"},"primaryImageOfPage":{"@id":"https:\/\/exceladvisor.org\/it\/seleziona-tutto\/#primaryimage"},"image":{"@id":"https:\/\/exceladvisor.org\/it\/seleziona-tutto\/#primaryimage"},"thumbnailUrl":"https:\/\/exceladvisor.org\/wp-content\/uploads\/2023\/08\/1-tapez-la-propriete-des-cellules.png","datePublished":"2023-11-17T14:13:09+00:00","dateModified":"2023-12-10T06:25:42+00:00","description":"In VBA esiste una propriet\u00e0 chiamata CELLS che puoi utilizzare per selezionare tutte le celle presenti","breadcrumb":{"@id":"https:\/\/exceladvisor.org\/it\/seleziona-tutto\/#breadcrumb"},"inLanguage":"it-IT","potentialAction":[{"@type":"ReadAction","target":["https:\/\/exceladvisor.org\/it\/seleziona-tutto\/"]}]},{"@type":"ImageObject","inLanguage":"it-IT","@id":"https:\/\/exceladvisor.org\/it\/seleziona-tutto\/#primaryimage","url":"https:\/\/exceladvisor.org\/wp-content\/uploads\/2023\/08\/1-tapez-la-propriete-des-cellules.png","contentUrl":"https:\/\/exceladvisor.org\/wp-content\/uploads\/2023\/08\/1-tapez-la-propriete-des-cellules.png"},{"@type":"BreadcrumbList","@id":"https:\/\/exceladvisor.org\/it\/seleziona-tutto\/#breadcrumb","itemListElement":[{"@type":"ListItem","position":1,"name":"Home","item":"https:\/\/exceladvisor.org\/it\/"},{"@type":"ListItem","position":2,"name":"Come selezionare tutte le celle utilizzando il codice vba?"}]},{"@type":"WebSite","@id":"https:\/\/exceladvisor.org\/it\/#website","url":"https:\/\/exceladvisor.org\/it\/","name":"Excel Advisor","description":"Tips, Tricks, and Time-Saving Hacks","publisher":{"@id":"https:\/\/exceladvisor.org\/it\/#organization"},"potentialAction":[{"@type":"SearchAction","target":{"@type":"EntryPoint","urlTemplate":"https:\/\/exceladvisor.org\/it\/?s={search_term_string}"},"query-input":{"@type":"PropertyValueSpecification","valueRequired":true,"valueName":"search_term_string"}}],"inLanguage":"it-IT"},{"@type":"Organization","@id":"https:\/\/exceladvisor.org\/it\/#organization","name":"Excel Advisor","url":"https:\/\/exceladvisor.org\/it\/","logo":{"@type":"ImageObject","inLanguage":"it-IT","@id":"https:\/\/exceladvisor.org\/it\/#\/schema\/logo\/image\/","url":"https:\/\/exceladvisor.org\/it\/wp-content\/uploads\/2023\/12\/exceladvisor.org_.png","contentUrl":"https:\/\/exceladvisor.org\/it\/wp-content\/uploads\/2023\/12\/exceladvisor.org_.png","width":105,"height":36,"caption":"Excel Advisor"},"image":{"@id":"https:\/\/exceladvisor.org\/it\/#\/schema\/logo\/image\/"}}]}},"yoast_meta":{"yoast_wpseo_title":"","yoast_wpseo_metadesc":"","yoast_wpseo_canonical":""},"_links":{"self":[{"href":"https:\/\/exceladvisor.org\/it\/wp-json\/wp\/v2\/pages\/1535","targetHints":{"allow":["GET"]}}],"collection":[{"href":"https:\/\/exceladvisor.org\/it\/wp-json\/wp\/v2\/pages"}],"about":[{"href":"https:\/\/exceladvisor.org\/it\/wp-json\/wp\/v2\/types\/page"}],"author":[{"embeddable":true,"href":"https:\/\/exceladvisor.org\/it\/wp-json\/wp\/v2\/users\/1"}],"replies":[{"embeddable":true,"href":"https:\/\/exceladvisor.org\/it\/wp-json\/wp\/v2\/comments?post=1535"}],"version-history":[{"count":1,"href":"https:\/\/exceladvisor.org\/it\/wp-json\/wp\/v2\/pages\/1535\/revisions"}],"predecessor-version":[{"id":2704,"href":"https:\/\/exceladvisor.org\/it\/wp-json\/wp\/v2\/pages\/1535\/revisions\/2704"}],"wp:attachment":[{"href":"https:\/\/exceladvisor.org\/it\/wp-json\/wp\/v2\/media?parent=1535"}],"curies":[{"name":"wp","href":"https:\/\/api.w.org\/{rel}","templated":true}]}}