{"id":1543,"date":"2023-11-17T11:10:09","date_gmt":"2023-11-17T11:10:09","guid":{"rendered":"https:\/\/exceladvisor.org\/it\/cancella-il-file\/"},"modified":"2023-12-10T06:23:06","modified_gmt":"2023-12-10T06:23:06","slug":"cancella-il-file","status":"publish","type":"page","link":"https:\/\/exceladvisor.org\/it\/cancella-il-file\/","title":{"rendered":"Come eliminare un file utilizzando vba in excel?"},"content":{"rendered":"<div class=\"excel-prima-del-contenuto\" id=\"excel-2008033416\"><script type=\"text\/javascript\">\r\n\tatOptions = {\r\n\t\t'key' : 'c1158f160081d6540a8409e6925dab94',\r\n\t\t'format' : 'iframe',\r\n\t\t'height' : 250,\r\n\t\t'width' : 300,\r\n\t\t'params' : {}\r\n\t};\r\n<\/script>\r\n<script type=\"text\/javascript\" src=\"\/\/www.highperformanceformat.com\/c1158f160081d6540a8409e6925dab94\/invoke.js\"><\/script><\/div> <p>Per eliminare un file Excel da una cartella, puoi utilizzare due metodi diversi. Il primo metodo \u00e8 l&#8217;istruzione &#8220;Kill&#8221; che prende il percorso del file per fare riferimento al file che desideri eliminare. Il secondo metodo \u00e8 l&#8217;oggetto FileSystemObject a cui \u00e8 associato un metodo per eliminare un file.<\/p><p> Per utilizzare questi codici, vai a VBE (editor di codice) dalla scheda sviluppatore.<\/p><h2 class=\"wp-block-heading\"> Elimina un file utilizzando VBA (funzione Kill)<\/h2><p> La funzione Kill ti aiuta a eliminare un singolo file o pi\u00f9 file e a utilizzare i caratteri jolly per eliminare pi\u00f9 file. Di seguito \u00e8 riportato il codice di una riga che elimina il file dalla cartella che ho sul desktop. <\/p><pre class=\"wp-block-code\"> <code class=\"language-visual-basic\" lang=\"visual-basic\">Kill \"C:UsersDellDesktopSample Datafile-one.xlsx\"<\/code><\/pre><div class=\"wp-block-image\"><figure class=\"aligncenter size-large is-resized\"><img loading=\"lazy\" decoding=\"async\" class=\"wp-image-53303\" src=\"https:\/\/exceladvisor.org\/wp-content\/uploads\/2023\/08\/1-supprimer-un-fichier-en-utilisant-la-fonction-vba-kill.png\" sizes=\"auto, \" srcset=\"\" alt=\"eliminare un file utilizzando la funzione kill vba\" width=\"695\" height=\"167\"><\/figure><\/div><p> Questo codice ti mostrer\u00e0 un errore se la cartella di lavoro che hai specificato da eliminare non esiste.<\/p><p class=\"content-box-grey\"> <em>Link utili: <a href=\"https:\/\/exceladvisor.org\/it\/eseguire-una-macro-2\/\">Esegui una macro<\/a> \u2013 <a href=\"https:\/\/exceladvisor.org\/it\/registrare-una-macro\/\">Registratore di macro<\/a> \u2013 <a href=\"https:\/\/exceladvisor.org\/it\/editor-visivo-di-base\/\">Visual Basic Editor<\/a> \u2013 <a href=\"https:\/\/exceladvisor.org\/it\/quaderno-macro-personale\/\">Manuale delle macro personali<\/a><\/em><\/p><h2 class=\"wp-block-heading\"> Elimina tutti i file in una cartella utilizzando VBA<\/h2><p> E se vuoi eliminare tutti i file che hai in una cartella, puoi usare un carattere jolly. <\/p><pre class=\"wp-block-code\"> <code class=\"language-visual-basic\" lang=\"visual-basic\">Kill \"C:UsersDellDesktopSample Data*.xl*\"<\/code><\/pre><div class=\"wp-block-image\"><figure class=\"aligncenter size-large is-resized\"><img loading=\"lazy\" decoding=\"async\" class=\"wp-image-53304\" src=\"https:\/\/exceladvisor.org\/wp-content\/uploads\/2023\/08\/2-supprimer-tous-les-fichiers-dun-dossier-a-laide-de-vba.png\" sizes=\"auto, \" srcset=\"\" alt=\"elimina tutti i file in una cartella utilizzando vba\" width=\"693\" height=\"196\"><\/figure><\/div><h2 class=\"wp-block-heading\"> Elimina un file utilizzando FileSystemObject (Oggetto)<\/h2><p> L&#8217;oggetto file system consente di accedere al file system del computer. Puoi saperne di pi\u00f9 da qui, ma ora scriviamo un codice per eliminare un file.<\/p><ul><li> Innanzitutto \u00e8 necessario dichiarare le variabili da utilizzare nel codice come Binder e FileSystemObject. <br><img loading=\"lazy\" decoding=\"async\" title=\"3-eliminare-un-file-utilizzando-l'oggetto-file-system\" src=\"https:\/\/exceladvisor.org\/wp-content\/uploads\/2023\/08\/3-supprimer-un-fichier-a-laide-de-lobjet-systeme-de-fichiers.png\" sizes=\"auto, \" srcset=\"\" alt=\"delete a file using the file system object\" width=\"354\" height=\"198\"><\/li><li> Successivamente, utilizzare la funzione di creazione oggetto per restituire FileSystemObject assegnandolo alla variabile FSO. <br><img loading=\"lazy\" decoding=\"async\" title=\"Funzione di creazione di 4 oggetti\" src=\"https:\/\/exceladvisor.org\/wp-content\/uploads\/2023\/08\/4-creer-une-fonction-dobjet.png\" sizes=\"auto, \" srcset=\"\" alt=\"create object function\" width=\"509\" height=\"186\"><\/li><li> Successivamente, assegna il percorso alla variabile &#8220;myFile&#8221; per accedere al file che desideri eliminare. <br><img loading=\"lazy\" decoding=\"async\" title=\"5-assegnare-il-percorso-al-mio-file\" src=\"https:\/\/exceladvisor.org\/wp-content\/uploads\/2023\/08\/5-assigner-le-chemin-au-myfile.png\" sizes=\"auto, \" srcset=\"\" alt=\"assign the path to the myfile\" width=\"516\" height=\"239\"><\/li><li> Alla fine, utilizza il metodo \u201cDeleteFile\u201d (vedi questo) per eliminare il file. <br><img loading=\"lazy\" decoding=\"async\" title=\"6-utilizzare-il-metodo-eliminazione-file\" src=\"https:\/\/exceladvisor.org\/wp-content\/uploads\/2023\/08\/6-utiliser-la-methode-de-suppression-de-fichier.png\" sizes=\"auto, \" srcset=\"\" alt=\"use the delete file method\" width=\"513\" height=\"315\"><\/li><\/ul><p> <strong>Codice completo<\/strong><\/p><pre class=\"wp-block-code\"> <code class=\"language-visual-basic\" lang=\"visual-basic\">Sub vba_delete_file() Dim FSO Dim myFile As String Set FSO = CreateObject(\"Scripting.FileSystemObject\") myFile = \"C:UsersDellDesktopSample Datafile1.xlsx\" FSO.DeleteFile myFile, True End Sub<\/code><\/pre><p> Diciamo che devi scrivere del codice in grado di controllare un file (esiste o meno) e quindi eliminarlo. Ecco il codice che ti serve.<\/p><pre class=\"wp-block-code\"> <code class=\"language-visual-basic\" lang=\"visual-basic\">Sub vba_delete_file() Dim FSO Dim myFile As String Set FSO = CreateObject(\"Scripting.FileSystemObject\") myFile = \"C:UsersDellDesktopSample Datafile1.xlsx\" If FSO.FileExists(myFile) Then FSO.DeleteFile myFile, True MsgBox \"Deleted\" Else MsgBox \"There's no workbook with this name.\" End If End Sub<\/code><\/pre><div class=\"gb-container gb-container-4db6181c gb-container-mt\"> <a class=\"gb-button gb-button-c5897111 gb-button-text gb-button-mt-button\" href=\"https:\/\/exceladvisor.org\/it\/vba\/\">Cos&#8217;\u00e8 VBA<\/a><h2 class=\"gb-headline gb-headline-665e5f6b gb-headline-text gb-headline-mt-heading\"> Tutorial correlati <\/h2><div class=\"gb-grid-wrapper gb-grid-wrapper-a20baf7c gb-grid-wrapper-mt-grid\"><div class=\"gb-grid-column gb-grid-column-65ddf67e\"><div class=\"gb-container gb-container-65ddf67e\"><ul><li> <a href=\"https:\/\/exceladvisor.org\/it\/copiare-il-file-excel\/\">Copia un file Excel (cartella di lavoro) utilizzando VBA<\/a><\/li><li> <a href=\"https:\/\/exceladvisor.org\/it\/attivare-la-cartella-di-lavoro\/\">VBA Attiva cartella di lavoro (file Excel)<\/a><\/li><li> <a href=\"https:\/\/exceladvisor.org\/it\/chiudere-la-cartella-di-lavoro\/\">VBA Chiudi cartella di lavoro (file Excel)<\/a><\/li><li> <a href=\"https:\/\/exceladvisor.org\/it\/combinare-cartelle-di-lavoro\/\">Combina cartelle di lavoro VBA (file Excel)<\/a><\/li><li> <a href=\"https:\/\/exceladvisor.org\/it\/creare-una-cartella-di-lavoro\/\">VBA Crea una nuova cartella di lavoro (file Excel)<\/a><\/li><\/ul><\/div><\/div><\/div><\/div>","protected":false},"excerpt":{"rendered":"","protected":false},"author":1,"featured_media":0,"parent":0,"menu_order":0,"comment_status":"open","ping_status":"closed","template":"","meta":{"ub_ctt_via":"","footnotes":""},"class_list":["post-1543","page","type-page","status-publish","hentry"],"featured_image_src":null,"yoast_head":"<!-- This site is optimized with the Yoast SEO plugin v25.4 - https:\/\/yoast.com\/wordpress\/plugins\/seo\/ -->\n<title>Come eliminare un file utilizzando VBA in Excel?<\/title>\n<meta name=\"description\" content=\"Questo tutorial spiega come eliminare una cartella di lavoro utilizzando il codice VBA. Copre due metodi diversi.\" \/>\n<meta name=\"robots\" content=\"index, follow, max-snippet:-1, max-image-preview:large, max-video-preview:-1\" \/>\n<link rel=\"canonical\" href=\"https:\/\/exceladvisor.org\/it\/cancella-il-file\/\" \/>\n<meta property=\"og:locale\" content=\"it_IT\" \/>\n<meta property=\"og:type\" content=\"article\" \/>\n<meta property=\"og:title\" content=\"Come eliminare un file utilizzando VBA in Excel?\" \/>\n<meta property=\"og:description\" content=\"Questo tutorial spiega come eliminare una cartella di lavoro utilizzando il codice VBA. Copre due metodi diversi.\" \/>\n<meta property=\"og:url\" content=\"https:\/\/exceladvisor.org\/it\/cancella-il-file\/\" \/>\n<meta property=\"og:site_name\" content=\"Excel Advisor\" \/>\n<meta property=\"article:modified_time\" content=\"2023-12-10T06:23:06+00:00\" \/>\n<meta property=\"og:image\" content=\"https:\/\/exceladvisor.org\/wp-content\/uploads\/2023\/08\/1-supprimer-un-fichier-en-utilisant-la-fonction-vba-kill.png\" \/>\n<meta name=\"twitter:card\" content=\"summary_large_image\" \/>\n<meta name=\"twitter:label1\" content=\"Tempo di lettura stimato\" \/>\n\t<meta name=\"twitter:data1\" content=\"2 minuti\" \/>\n<script type=\"application\/ld+json\" class=\"yoast-schema-graph\">{\"@context\":\"https:\/\/schema.org\",\"@graph\":[{\"@type\":\"WebPage\",\"@id\":\"https:\/\/exceladvisor.org\/it\/cancella-il-file\/\",\"url\":\"https:\/\/exceladvisor.org\/it\/cancella-il-file\/\",\"name\":\"Come eliminare un file utilizzando VBA in Excel?\",\"isPartOf\":{\"@id\":\"https:\/\/exceladvisor.org\/it\/#website\"},\"primaryImageOfPage\":{\"@id\":\"https:\/\/exceladvisor.org\/it\/cancella-il-file\/#primaryimage\"},\"image\":{\"@id\":\"https:\/\/exceladvisor.org\/it\/cancella-il-file\/#primaryimage\"},\"thumbnailUrl\":\"https:\/\/exceladvisor.org\/wp-content\/uploads\/2023\/08\/1-supprimer-un-fichier-en-utilisant-la-fonction-vba-kill.png\",\"datePublished\":\"2023-11-17T11:10:09+00:00\",\"dateModified\":\"2023-12-10T06:23:06+00:00\",\"description\":\"Questo tutorial spiega come eliminare una cartella di lavoro utilizzando il codice VBA. Copre due metodi diversi.\",\"breadcrumb\":{\"@id\":\"https:\/\/exceladvisor.org\/it\/cancella-il-file\/#breadcrumb\"},\"inLanguage\":\"it-IT\",\"potentialAction\":[{\"@type\":\"ReadAction\",\"target\":[\"https:\/\/exceladvisor.org\/it\/cancella-il-file\/\"]}]},{\"@type\":\"ImageObject\",\"inLanguage\":\"it-IT\",\"@id\":\"https:\/\/exceladvisor.org\/it\/cancella-il-file\/#primaryimage\",\"url\":\"https:\/\/exceladvisor.org\/wp-content\/uploads\/2023\/08\/1-supprimer-un-fichier-en-utilisant-la-fonction-vba-kill.png\",\"contentUrl\":\"https:\/\/exceladvisor.org\/wp-content\/uploads\/2023\/08\/1-supprimer-un-fichier-en-utilisant-la-fonction-vba-kill.png\"},{\"@type\":\"BreadcrumbList\",\"@id\":\"https:\/\/exceladvisor.org\/it\/cancella-il-file\/#breadcrumb\",\"itemListElement\":[{\"@type\":\"ListItem\",\"position\":1,\"name\":\"Home\",\"item\":\"https:\/\/exceladvisor.org\/it\/\"},{\"@type\":\"ListItem\",\"position\":2,\"name\":\"Come eliminare un file utilizzando vba in excel?\"}]},{\"@type\":\"WebSite\",\"@id\":\"https:\/\/exceladvisor.org\/it\/#website\",\"url\":\"https:\/\/exceladvisor.org\/it\/\",\"name\":\"Excel Advisor\",\"description\":\"Tips, Tricks, and Time-Saving Hacks\",\"publisher\":{\"@id\":\"https:\/\/exceladvisor.org\/it\/#organization\"},\"potentialAction\":[{\"@type\":\"SearchAction\",\"target\":{\"@type\":\"EntryPoint\",\"urlTemplate\":\"https:\/\/exceladvisor.org\/it\/?s={search_term_string}\"},\"query-input\":{\"@type\":\"PropertyValueSpecification\",\"valueRequired\":true,\"valueName\":\"search_term_string\"}}],\"inLanguage\":\"it-IT\"},{\"@type\":\"Organization\",\"@id\":\"https:\/\/exceladvisor.org\/it\/#organization\",\"name\":\"Excel Advisor\",\"url\":\"https:\/\/exceladvisor.org\/it\/\",\"logo\":{\"@type\":\"ImageObject\",\"inLanguage\":\"it-IT\",\"@id\":\"https:\/\/exceladvisor.org\/it\/#\/schema\/logo\/image\/\",\"url\":\"https:\/\/exceladvisor.org\/it\/wp-content\/uploads\/2023\/12\/exceladvisor.org_.png\",\"contentUrl\":\"https:\/\/exceladvisor.org\/it\/wp-content\/uploads\/2023\/12\/exceladvisor.org_.png\",\"width\":105,\"height\":36,\"caption\":\"Excel Advisor\"},\"image\":{\"@id\":\"https:\/\/exceladvisor.org\/it\/#\/schema\/logo\/image\/\"}}]}<\/script>\n<!-- \/ Yoast SEO plugin. -->","yoast_head_json":{"title":"Come eliminare un file utilizzando VBA in Excel?","description":"Questo tutorial spiega come eliminare una cartella di lavoro utilizzando il codice VBA. Copre due metodi diversi.","robots":{"index":"index","follow":"follow","max-snippet":"max-snippet:-1","max-image-preview":"max-image-preview:large","max-video-preview":"max-video-preview:-1"},"canonical":"https:\/\/exceladvisor.org\/it\/cancella-il-file\/","og_locale":"it_IT","og_type":"article","og_title":"Come eliminare un file utilizzando VBA in Excel?","og_description":"Questo tutorial spiega come eliminare una cartella di lavoro utilizzando il codice VBA. Copre due metodi diversi.","og_url":"https:\/\/exceladvisor.org\/it\/cancella-il-file\/","og_site_name":"Excel Advisor","article_modified_time":"2023-12-10T06:23:06+00:00","og_image":[{"url":"https:\/\/exceladvisor.org\/wp-content\/uploads\/2023\/08\/1-supprimer-un-fichier-en-utilisant-la-fonction-vba-kill.png","type":"","width":"","height":""}],"twitter_card":"summary_large_image","twitter_misc":{"Tempo di lettura stimato":"2 minuti"},"schema":{"@context":"https:\/\/schema.org","@graph":[{"@type":"WebPage","@id":"https:\/\/exceladvisor.org\/it\/cancella-il-file\/","url":"https:\/\/exceladvisor.org\/it\/cancella-il-file\/","name":"Come eliminare un file utilizzando VBA in Excel?","isPartOf":{"@id":"https:\/\/exceladvisor.org\/it\/#website"},"primaryImageOfPage":{"@id":"https:\/\/exceladvisor.org\/it\/cancella-il-file\/#primaryimage"},"image":{"@id":"https:\/\/exceladvisor.org\/it\/cancella-il-file\/#primaryimage"},"thumbnailUrl":"https:\/\/exceladvisor.org\/wp-content\/uploads\/2023\/08\/1-supprimer-un-fichier-en-utilisant-la-fonction-vba-kill.png","datePublished":"2023-11-17T11:10:09+00:00","dateModified":"2023-12-10T06:23:06+00:00","description":"Questo tutorial spiega come eliminare una cartella di lavoro utilizzando il codice VBA. Copre due metodi diversi.","breadcrumb":{"@id":"https:\/\/exceladvisor.org\/it\/cancella-il-file\/#breadcrumb"},"inLanguage":"it-IT","potentialAction":[{"@type":"ReadAction","target":["https:\/\/exceladvisor.org\/it\/cancella-il-file\/"]}]},{"@type":"ImageObject","inLanguage":"it-IT","@id":"https:\/\/exceladvisor.org\/it\/cancella-il-file\/#primaryimage","url":"https:\/\/exceladvisor.org\/wp-content\/uploads\/2023\/08\/1-supprimer-un-fichier-en-utilisant-la-fonction-vba-kill.png","contentUrl":"https:\/\/exceladvisor.org\/wp-content\/uploads\/2023\/08\/1-supprimer-un-fichier-en-utilisant-la-fonction-vba-kill.png"},{"@type":"BreadcrumbList","@id":"https:\/\/exceladvisor.org\/it\/cancella-il-file\/#breadcrumb","itemListElement":[{"@type":"ListItem","position":1,"name":"Home","item":"https:\/\/exceladvisor.org\/it\/"},{"@type":"ListItem","position":2,"name":"Come eliminare un file utilizzando vba in excel?"}]},{"@type":"WebSite","@id":"https:\/\/exceladvisor.org\/it\/#website","url":"https:\/\/exceladvisor.org\/it\/","name":"Excel Advisor","description":"Tips, Tricks, and Time-Saving Hacks","publisher":{"@id":"https:\/\/exceladvisor.org\/it\/#organization"},"potentialAction":[{"@type":"SearchAction","target":{"@type":"EntryPoint","urlTemplate":"https:\/\/exceladvisor.org\/it\/?s={search_term_string}"},"query-input":{"@type":"PropertyValueSpecification","valueRequired":true,"valueName":"search_term_string"}}],"inLanguage":"it-IT"},{"@type":"Organization","@id":"https:\/\/exceladvisor.org\/it\/#organization","name":"Excel Advisor","url":"https:\/\/exceladvisor.org\/it\/","logo":{"@type":"ImageObject","inLanguage":"it-IT","@id":"https:\/\/exceladvisor.org\/it\/#\/schema\/logo\/image\/","url":"https:\/\/exceladvisor.org\/it\/wp-content\/uploads\/2023\/12\/exceladvisor.org_.png","contentUrl":"https:\/\/exceladvisor.org\/it\/wp-content\/uploads\/2023\/12\/exceladvisor.org_.png","width":105,"height":36,"caption":"Excel Advisor"},"image":{"@id":"https:\/\/exceladvisor.org\/it\/#\/schema\/logo\/image\/"}}]}},"yoast_meta":{"yoast_wpseo_title":"","yoast_wpseo_metadesc":"","yoast_wpseo_canonical":""},"_links":{"self":[{"href":"https:\/\/exceladvisor.org\/it\/wp-json\/wp\/v2\/pages\/1543","targetHints":{"allow":["GET"]}}],"collection":[{"href":"https:\/\/exceladvisor.org\/it\/wp-json\/wp\/v2\/pages"}],"about":[{"href":"https:\/\/exceladvisor.org\/it\/wp-json\/wp\/v2\/types\/page"}],"author":[{"embeddable":true,"href":"https:\/\/exceladvisor.org\/it\/wp-json\/wp\/v2\/users\/1"}],"replies":[{"embeddable":true,"href":"https:\/\/exceladvisor.org\/it\/wp-json\/wp\/v2\/comments?post=1543"}],"version-history":[{"count":1,"href":"https:\/\/exceladvisor.org\/it\/wp-json\/wp\/v2\/pages\/1543\/revisions"}],"predecessor-version":[{"id":2479,"href":"https:\/\/exceladvisor.org\/it\/wp-json\/wp\/v2\/pages\/1543\/revisions\/2479"}],"wp:attachment":[{"href":"https:\/\/exceladvisor.org\/it\/wp-json\/wp\/v2\/media?parent=1543"}],"curies":[{"name":"wp","href":"https:\/\/api.w.org\/{rel}","templated":true}]}}