{"id":1544,"date":"2023-11-17T10:49:24","date_gmt":"2023-11-17T10:49:24","guid":{"rendered":"https:\/\/exceladvisor.org\/it\/combinare-cartelle-di-lavoro\/"},"modified":"2023-12-10T06:21:50","modified_gmt":"2023-12-10T06:21:50","slug":"combinare-cartelle-di-lavoro","status":"publish","type":"page","link":"https:\/\/exceladvisor.org\/it\/combinare-cartelle-di-lavoro\/","title":{"rendered":"Come combinare pi\u00f9 cartelle di lavoro excel utilizzando vba?"},"content":{"rendered":"<div class=\"excel-prima-del-contenuto\" id=\"excel-679531555\"><script type=\"text\/javascript\">\r\n\tatOptions = {\r\n\t\t'key' : 'c1158f160081d6540a8409e6925dab94',\r\n\t\t'format' : 'iframe',\r\n\t\t'height' : 250,\r\n\t\t'width' : 300,\r\n\t\t'params' : {}\r\n\t};\r\n<\/script>\r\n<script type=\"text\/javascript\" src=\"\/\/www.highperformanceformat.com\/c1158f160081d6540a8409e6925dab94\/invoke.js\"><\/script><\/div> <p>Per combinare pi\u00f9 cartelle di lavoro di Excel, \u00e8 necessario utilizzare del codice che consenta di scegliere quali file si desidera combinare oppure \u00e8 possibile fare riferimento a un percorso particolare e combinare tutti i file di Excel nella cartella di lavoro corrente.<\/p><h2 class=\"wp-block-heading\"> VBA combina pi\u00f9 cartelle di lavoro<\/h2><p> Puoi utilizzare il seguente codice che utilizza la posizione che ho menzionato nella variabile path (una cartella sul desktop del mio sistema).<\/p><pre class=\"wp-block-code\"> <code class=\"language-visual-basic\" lang=\"visual-basic\">Dim Path As String Dim Filename As String Dim Sheet As Worksheet Path = \"C:UsersDellDesktopsample-data\" Filename = Dir(Path &amp; \"*.xlsx\") Do While Filename &lt;&gt; \"\" Workbooks.Open Filename:=Path &amp; Filename, ReadOnly:=True For Each Sheet In ActiveWorkbook.Sheets Sheet.Copy After:=ThisWorkbook.Sheets(1) Next Sheet Workbooks(Filename).Close Filename = Dir() Loop<\/code><\/pre><h2 class=\"wp-block-heading\"> Passaggi per combinare file Excel utilizzando VBA<\/h2><ol><li> Apri Visual Basic Editor (assicurati di abilitare la scheda Sviluppatore se la hai gi\u00e0 sulla barra multifunzione). <br><img loading=\"lazy\" decoding=\"async\" title=\"1-editor-visual-basic-aperto\" src=\"https:\/\/exceladvisor.org\/wp-content\/uploads\/2023\/08\/1-ouvrir-lediteur-de-base-visuel.png\" sizes=\"auto, \" srcset=\"\" alt=\"open the visual basic editor\" width=\"591\" height=\"138\"><\/li><li> Successivamente, individua la cartella di lavoro corrente dalla finestra del progetto (control + r) e inserisci un nuovo modulo al suo interno. <br><img loading=\"lazy\" decoding=\"async\" title=\"2-individuare-la-cartella-di-lavoro-corrente\" src=\"https:\/\/exceladvisor.org\/wp-content\/uploads\/2023\/08\/2-localiser-le-classeur-en-cours.png\" sizes=\"auto, \" srcset=\"\" alt=\"locate the current workbook\" width=\"454\" height=\"379\"><\/li><li> Avrai una finestra del codice nel modulo (fai doppio clic su di essa) in cui dovrai incollare il codice che hai (cos\u00ec com&#8217;\u00e8). <br><img loading=\"lazy\" decoding=\"async\" title=\"Finestra a 3 codici nel modulo\" src=\"https:\/\/exceladvisor.org\/wp-content\/uploads\/2023\/08\/3-fenetre-de-code-dans-le-module.png\" sizes=\"auto, \" srcset=\"\" alt=\"code window in the module\" width=\"634\" height=\"227\"><\/li><li> Da qui, devi modificare il valore della variabile percorso con il percorso della cartella in cui si trovano tutti i file Excel che desideri combinare. <br><img loading=\"lazy\" decoding=\"async\" title=\"4-modifica-valore-della-variabile-percorso\" src=\"https:\/\/exceladvisor.org\/wp-content\/uploads\/2023\/08\/4-modifier-la-valeur-de-la-variable-de-chemin.png\" sizes=\"auto, \" srcset=\"\" alt=\"change the value for the path variable\" width=\"479\" height=\"369\"><\/li><li> Alla fine, esegui il codice e otterrai tutti i fogli di lavoro nella cartella di lavoro nel file corrente.<\/li><\/ol><p class=\"content-box-grey\"> <em>Link utili: <a href=\"https:\/\/exceladvisor.org\/it\/eseguire-una-macro-2\/\">Esegui una macro<\/a> \u2013 <a href=\"https:\/\/exceladvisor.org\/it\/registrare-una-macro\/\">Registratore di macro<\/a> \u2013 <a href=\"https:\/\/exceladvisor.org\/it\/editor-visivo-di-base\/\">Visual Basic Editor<\/a> \u2013 <a href=\"https:\/\/exceladvisor.org\/it\/quaderno-macro-personale\/\">Manuale delle macro personali<\/a><\/em><\/p><p> Questo codice apre ogni file uno per uno e copia ogni foglio di lavoro uno per uno e lo incolla nel file corrente con lo stesso nome. Ecco lo stesso codice ma con lo schermo che si aggiorna su false all&#8217;inizio per eseguire tutto nel backend.<\/p><pre class=\"wp-block-code\"> <code class=\"language-visual-basic\" lang=\"visual-basic\">Dim Path As String Dim Filename As String Dim Sheet As Worksheet Application.ScreenUpdating = False Path = \"C:UsersDellDesktopsample-data\" Filename = Dir(Path &amp; \"*.xlsx\") Do While Filename &lt;&gt; \"\" Workbooks.Open Filename:=Path &amp; Filename, ReadOnly:=True For Each Sheet In ActiveWorkbook.Sheets Sheet.Copy After:=ThisWorkbook.Sheets(1) Next Sheet Workbooks(Filename).Close Filename = Dir() Loop Application.ScreenUpdating = True End Sub<\/code><\/pre><p class=\"qt-tip\"> <strong>Nota:<\/strong> se vuoi imparare come combinare i dati di pi\u00f9 cartelle di lavoro in un&#8217;unica tabella, assicurati di consultare questa guida.<\/p><div class=\"gb-container gb-container-4db6181c gb-container-mt\"> <a class=\"gb-button gb-button-c5897111 gb-button-text gb-button-mt-button\" href=\"https:\/\/exceladvisor.org\/it\/vba\/\">Cos&#8217;\u00e8 VBA<\/a><h2 class=\"gb-headline gb-headline-665e5f6b gb-headline-text gb-headline-mt-heading\"> Tutorial correlati <\/h2><div class=\"gb-grid-wrapper gb-grid-wrapper-a20baf7c gb-grid-wrapper-mt-grid\"><div class=\"gb-grid-column gb-grid-column-65ddf67e\"><div class=\"gb-container gb-container-65ddf67e\"><ul><li> <a href=\"https:\/\/exceladvisor.org\/it\/copiare-il-file-excel\/\">Copia un file Excel (cartella di lavoro) utilizzando VBA<\/a><\/li><li> <a href=\"https:\/\/exceladvisor.org\/it\/attivare-la-cartella-di-lavoro\/\">VBA Attiva cartella di lavoro (file Excel)<\/a><\/li><li> <a href=\"https:\/\/exceladvisor.org\/it\/chiudere-la-cartella-di-lavoro\/\">VBA Chiudi cartella di lavoro (file Excel)<\/a><\/li><li> <a href=\"https:\/\/exceladvisor.org\/it\/creare-una-cartella-di-lavoro\/\">VBA Crea una nuova cartella di lavoro (file Excel)<\/a><\/li><li> <a href=\"https:\/\/exceladvisor.org\/it\/cancella-il-file\/\">VBA Elimina cartella di lavoro (file Excel)<\/a><\/li><\/ul><\/div><\/div><\/div><\/div>","protected":false},"excerpt":{"rendered":"","protected":false},"author":1,"featured_media":0,"parent":0,"menu_order":0,"comment_status":"open","ping_status":"closed","template":"","meta":{"ub_ctt_via":"","footnotes":""},"class_list":["post-1544","page","type-page","status-publish","hentry"],"featured_image_src":null,"yoast_head":"<!-- This site is optimized with the Yoast SEO plugin v25.4 - https:\/\/yoast.com\/wordpress\/plugins\/seo\/ -->\n<title>\u25b7 Come combinare pi\u00f9 cartelle di lavoro Excel tramite VBA?<\/title>\n<meta name=\"description\" content=\"Questo tutorial spiega come utilizzare VBA per combinare pi\u00f9 file Excel in uno solo.\" \/>\n<meta name=\"robots\" content=\"index, follow, max-snippet:-1, max-image-preview:large, max-video-preview:-1\" \/>\n<link rel=\"canonical\" href=\"https:\/\/exceladvisor.org\/it\/combinare-cartelle-di-lavoro\/\" \/>\n<meta property=\"og:locale\" content=\"it_IT\" \/>\n<meta property=\"og:type\" content=\"article\" \/>\n<meta property=\"og:title\" content=\"\u25b7 Come combinare pi\u00f9 cartelle di lavoro Excel tramite VBA?\" \/>\n<meta property=\"og:description\" content=\"Questo tutorial spiega come utilizzare VBA per combinare pi\u00f9 file Excel in uno solo.\" \/>\n<meta property=\"og:url\" content=\"https:\/\/exceladvisor.org\/it\/combinare-cartelle-di-lavoro\/\" \/>\n<meta property=\"og:site_name\" content=\"Excel Advisor\" \/>\n<meta property=\"article:modified_time\" content=\"2023-12-10T06:21:50+00:00\" \/>\n<meta property=\"og:image\" content=\"https:\/\/exceladvisor.org\/wp-content\/uploads\/2023\/08\/1-ouvrir-lediteur-de-base-visuel.png\" \/>\n<meta name=\"twitter:card\" content=\"summary_large_image\" \/>\n<meta name=\"twitter:label1\" content=\"Tempo di lettura stimato\" \/>\n\t<meta name=\"twitter:data1\" content=\"2 minuti\" \/>\n<script type=\"application\/ld+json\" class=\"yoast-schema-graph\">{\"@context\":\"https:\/\/schema.org\",\"@graph\":[{\"@type\":\"WebPage\",\"@id\":\"https:\/\/exceladvisor.org\/it\/combinare-cartelle-di-lavoro\/\",\"url\":\"https:\/\/exceladvisor.org\/it\/combinare-cartelle-di-lavoro\/\",\"name\":\"\u25b7 Come combinare pi\u00f9 cartelle di lavoro Excel tramite VBA?\",\"isPartOf\":{\"@id\":\"https:\/\/exceladvisor.org\/it\/#website\"},\"primaryImageOfPage\":{\"@id\":\"https:\/\/exceladvisor.org\/it\/combinare-cartelle-di-lavoro\/#primaryimage\"},\"image\":{\"@id\":\"https:\/\/exceladvisor.org\/it\/combinare-cartelle-di-lavoro\/#primaryimage\"},\"thumbnailUrl\":\"https:\/\/exceladvisor.org\/wp-content\/uploads\/2023\/08\/1-ouvrir-lediteur-de-base-visuel.png\",\"datePublished\":\"2023-11-17T10:49:24+00:00\",\"dateModified\":\"2023-12-10T06:21:50+00:00\",\"description\":\"Questo tutorial spiega come utilizzare VBA per combinare pi\u00f9 file Excel in uno solo.\",\"breadcrumb\":{\"@id\":\"https:\/\/exceladvisor.org\/it\/combinare-cartelle-di-lavoro\/#breadcrumb\"},\"inLanguage\":\"it-IT\",\"potentialAction\":[{\"@type\":\"ReadAction\",\"target\":[\"https:\/\/exceladvisor.org\/it\/combinare-cartelle-di-lavoro\/\"]}]},{\"@type\":\"ImageObject\",\"inLanguage\":\"it-IT\",\"@id\":\"https:\/\/exceladvisor.org\/it\/combinare-cartelle-di-lavoro\/#primaryimage\",\"url\":\"https:\/\/exceladvisor.org\/wp-content\/uploads\/2023\/08\/1-ouvrir-lediteur-de-base-visuel.png\",\"contentUrl\":\"https:\/\/exceladvisor.org\/wp-content\/uploads\/2023\/08\/1-ouvrir-lediteur-de-base-visuel.png\"},{\"@type\":\"BreadcrumbList\",\"@id\":\"https:\/\/exceladvisor.org\/it\/combinare-cartelle-di-lavoro\/#breadcrumb\",\"itemListElement\":[{\"@type\":\"ListItem\",\"position\":1,\"name\":\"Home\",\"item\":\"https:\/\/exceladvisor.org\/it\/\"},{\"@type\":\"ListItem\",\"position\":2,\"name\":\"Come combinare pi\u00f9 cartelle di lavoro excel utilizzando vba?\"}]},{\"@type\":\"WebSite\",\"@id\":\"https:\/\/exceladvisor.org\/it\/#website\",\"url\":\"https:\/\/exceladvisor.org\/it\/\",\"name\":\"Excel Advisor\",\"description\":\"Tips, Tricks, and Time-Saving Hacks\",\"publisher\":{\"@id\":\"https:\/\/exceladvisor.org\/it\/#organization\"},\"potentialAction\":[{\"@type\":\"SearchAction\",\"target\":{\"@type\":\"EntryPoint\",\"urlTemplate\":\"https:\/\/exceladvisor.org\/it\/?s={search_term_string}\"},\"query-input\":{\"@type\":\"PropertyValueSpecification\",\"valueRequired\":true,\"valueName\":\"search_term_string\"}}],\"inLanguage\":\"it-IT\"},{\"@type\":\"Organization\",\"@id\":\"https:\/\/exceladvisor.org\/it\/#organization\",\"name\":\"Excel Advisor\",\"url\":\"https:\/\/exceladvisor.org\/it\/\",\"logo\":{\"@type\":\"ImageObject\",\"inLanguage\":\"it-IT\",\"@id\":\"https:\/\/exceladvisor.org\/it\/#\/schema\/logo\/image\/\",\"url\":\"https:\/\/exceladvisor.org\/it\/wp-content\/uploads\/2023\/12\/exceladvisor.org_.png\",\"contentUrl\":\"https:\/\/exceladvisor.org\/it\/wp-content\/uploads\/2023\/12\/exceladvisor.org_.png\",\"width\":105,\"height\":36,\"caption\":\"Excel Advisor\"},\"image\":{\"@id\":\"https:\/\/exceladvisor.org\/it\/#\/schema\/logo\/image\/\"}}]}<\/script>\n<!-- \/ Yoast SEO plugin. -->","yoast_head_json":{"title":"\u25b7 Come combinare pi\u00f9 cartelle di lavoro Excel tramite VBA?","description":"Questo tutorial spiega come utilizzare VBA per combinare pi\u00f9 file Excel in uno solo.","robots":{"index":"index","follow":"follow","max-snippet":"max-snippet:-1","max-image-preview":"max-image-preview:large","max-video-preview":"max-video-preview:-1"},"canonical":"https:\/\/exceladvisor.org\/it\/combinare-cartelle-di-lavoro\/","og_locale":"it_IT","og_type":"article","og_title":"\u25b7 Come combinare pi\u00f9 cartelle di lavoro Excel tramite VBA?","og_description":"Questo tutorial spiega come utilizzare VBA per combinare pi\u00f9 file Excel in uno solo.","og_url":"https:\/\/exceladvisor.org\/it\/combinare-cartelle-di-lavoro\/","og_site_name":"Excel Advisor","article_modified_time":"2023-12-10T06:21:50+00:00","og_image":[{"url":"https:\/\/exceladvisor.org\/wp-content\/uploads\/2023\/08\/1-ouvrir-lediteur-de-base-visuel.png","type":"","width":"","height":""}],"twitter_card":"summary_large_image","twitter_misc":{"Tempo di lettura stimato":"2 minuti"},"schema":{"@context":"https:\/\/schema.org","@graph":[{"@type":"WebPage","@id":"https:\/\/exceladvisor.org\/it\/combinare-cartelle-di-lavoro\/","url":"https:\/\/exceladvisor.org\/it\/combinare-cartelle-di-lavoro\/","name":"\u25b7 Come combinare pi\u00f9 cartelle di lavoro Excel tramite VBA?","isPartOf":{"@id":"https:\/\/exceladvisor.org\/it\/#website"},"primaryImageOfPage":{"@id":"https:\/\/exceladvisor.org\/it\/combinare-cartelle-di-lavoro\/#primaryimage"},"image":{"@id":"https:\/\/exceladvisor.org\/it\/combinare-cartelle-di-lavoro\/#primaryimage"},"thumbnailUrl":"https:\/\/exceladvisor.org\/wp-content\/uploads\/2023\/08\/1-ouvrir-lediteur-de-base-visuel.png","datePublished":"2023-11-17T10:49:24+00:00","dateModified":"2023-12-10T06:21:50+00:00","description":"Questo tutorial spiega come utilizzare VBA per combinare pi\u00f9 file Excel in uno solo.","breadcrumb":{"@id":"https:\/\/exceladvisor.org\/it\/combinare-cartelle-di-lavoro\/#breadcrumb"},"inLanguage":"it-IT","potentialAction":[{"@type":"ReadAction","target":["https:\/\/exceladvisor.org\/it\/combinare-cartelle-di-lavoro\/"]}]},{"@type":"ImageObject","inLanguage":"it-IT","@id":"https:\/\/exceladvisor.org\/it\/combinare-cartelle-di-lavoro\/#primaryimage","url":"https:\/\/exceladvisor.org\/wp-content\/uploads\/2023\/08\/1-ouvrir-lediteur-de-base-visuel.png","contentUrl":"https:\/\/exceladvisor.org\/wp-content\/uploads\/2023\/08\/1-ouvrir-lediteur-de-base-visuel.png"},{"@type":"BreadcrumbList","@id":"https:\/\/exceladvisor.org\/it\/combinare-cartelle-di-lavoro\/#breadcrumb","itemListElement":[{"@type":"ListItem","position":1,"name":"Home","item":"https:\/\/exceladvisor.org\/it\/"},{"@type":"ListItem","position":2,"name":"Come combinare pi\u00f9 cartelle di lavoro excel utilizzando vba?"}]},{"@type":"WebSite","@id":"https:\/\/exceladvisor.org\/it\/#website","url":"https:\/\/exceladvisor.org\/it\/","name":"Excel Advisor","description":"Tips, Tricks, and Time-Saving Hacks","publisher":{"@id":"https:\/\/exceladvisor.org\/it\/#organization"},"potentialAction":[{"@type":"SearchAction","target":{"@type":"EntryPoint","urlTemplate":"https:\/\/exceladvisor.org\/it\/?s={search_term_string}"},"query-input":{"@type":"PropertyValueSpecification","valueRequired":true,"valueName":"search_term_string"}}],"inLanguage":"it-IT"},{"@type":"Organization","@id":"https:\/\/exceladvisor.org\/it\/#organization","name":"Excel Advisor","url":"https:\/\/exceladvisor.org\/it\/","logo":{"@type":"ImageObject","inLanguage":"it-IT","@id":"https:\/\/exceladvisor.org\/it\/#\/schema\/logo\/image\/","url":"https:\/\/exceladvisor.org\/it\/wp-content\/uploads\/2023\/12\/exceladvisor.org_.png","contentUrl":"https:\/\/exceladvisor.org\/it\/wp-content\/uploads\/2023\/12\/exceladvisor.org_.png","width":105,"height":36,"caption":"Excel Advisor"},"image":{"@id":"https:\/\/exceladvisor.org\/it\/#\/schema\/logo\/image\/"}}]}},"yoast_meta":{"yoast_wpseo_title":"","yoast_wpseo_metadesc":"","yoast_wpseo_canonical":""},"_links":{"self":[{"href":"https:\/\/exceladvisor.org\/it\/wp-json\/wp\/v2\/pages\/1544","targetHints":{"allow":["GET"]}}],"collection":[{"href":"https:\/\/exceladvisor.org\/it\/wp-json\/wp\/v2\/pages"}],"about":[{"href":"https:\/\/exceladvisor.org\/it\/wp-json\/wp\/v2\/types\/page"}],"author":[{"embeddable":true,"href":"https:\/\/exceladvisor.org\/it\/wp-json\/wp\/v2\/users\/1"}],"replies":[{"embeddable":true,"href":"https:\/\/exceladvisor.org\/it\/wp-json\/wp\/v2\/comments?post=1544"}],"version-history":[{"count":1,"href":"https:\/\/exceladvisor.org\/it\/wp-json\/wp\/v2\/pages\/1544\/revisions"}],"predecessor-version":[{"id":2383,"href":"https:\/\/exceladvisor.org\/it\/wp-json\/wp\/v2\/pages\/1544\/revisions\/2383"}],"wp:attachment":[{"href":"https:\/\/exceladvisor.org\/it\/wp-json\/wp\/v2\/media?parent=1544"}],"curies":[{"name":"wp","href":"https:\/\/api.w.org\/{rel}","templated":true}]}}