{"id":1545,"date":"2023-11-17T10:14:05","date_gmt":"2023-11-17T10:14:05","guid":{"rendered":"https:\/\/exceladvisor.org\/it\/cella-attiva-1\/"},"modified":"2023-12-10T06:26:15","modified_gmt":"2023-12-10T06:26:15","slug":"cella-attiva-1","status":"publish","type":"page","link":"https:\/\/exceladvisor.org\/it\/cella-attiva-1\/","title":{"rendered":"Come utilizzare activecell in vba in excel?"},"content":{"rendered":"<div class=\"excel-prima-del-contenuto\" id=\"excel-1663740807\"><script type=\"text\/javascript\">\r\n\tatOptions = {\r\n\t\t'key' : 'c1158f160081d6540a8409e6925dab94',\r\n\t\t'format' : 'iframe',\r\n\t\t'height' : 250,\r\n\t\t'width' : 300,\r\n\t\t'params' : {}\r\n\t};\r\n<\/script>\r\n<script type=\"text\/javascript\" src=\"\/\/www.highperformanceformat.com\/c1158f160081d6540a8409e6925dab94\/invoke.js\"><\/script><\/div> <p>In VBA, la cella attiva \u00e8 una propriet\u00e0 che rappresenta la cella attiva in quel momento. Quando selezioni una cella o accedi a una cella e questa casella verde copre quella cella, puoi utilizzare la propriet\u00e0 ACTIVECELL per fare riferimento a quella cella nel codice VBA. Ci sono propriet\u00e0 e metodi che lo accompagnano. <\/p><div class=\"wp-block-image\"><figure class=\"aligncenter size-large is-resized\"><img loading=\"lazy\" decoding=\"async\" class=\"wp-image-53412\" src=\"https:\/\/exceladvisor.org\/wp-content\/uploads\/2023\/08\/1-utiliser-la-propriete-activecell.png\" sizes=\"auto, \" srcset=\"\" alt=\"utilizzare la propriet\u00e0 activecell\" width=\"416\" height=\"268\"><\/figure><\/div><h2 class=\"wp-block-heading\"> Utilizza la propriet\u00e0 della cella attiva<\/h2><ol type=\"1\"><li> Digitare la parola chiave &#8220;ActiveCell&#8221;.<\/li><li> Digitare un punto (.) per ottenere le propriet\u00e0 e i metodi dall&#8217;elenco.<\/li><li> Seleziona la propriet\u00e0 o il metodo che desideri utilizzare.<\/li><li> Esegui il codice per eseguire l&#8217;attivit\u00e0 sulla cella attiva. <\/li><\/ol><div class=\"wp-block-image\"><figure class=\"aligncenter size-large is-resized\"><img loading=\"lazy\" decoding=\"async\" class=\"wp-image-53413\" src=\"https:\/\/exceladvisor.org\/wp-content\/uploads\/2023\/08\/2-executez-le-code-de-propriete-activecell.png\" sizes=\"auto, \" srcset=\"\" alt=\"eseguire il codice della propriet\u00e0 activecell\" width=\"440\" height=\"307\"><\/figure><\/div><h2 class=\"wp-block-heading\"> Punti importanti<\/h2><ul><li> Quando si utilizza la propriet\u00e0 della cella attiva, VBA fa riferimento alla cella attiva sul <a href=\"https:\/\/exceladvisor.org\/it\/attivare-il-foglio\/\">foglio attivo<\/a> <a href=\"https:\/\/exceladvisor.org\/it\/attivare-la-cartella-di-lavoro\/\">della cartella di lavoro attiva<\/a> , indipendentemente dal numero di cartelle di lavoro aperte al momento.<\/li><li> ActiveCell \u00e8 in definitiva una cella con tutte le propriet\u00e0 e i metodi di una cella normale.<\/li><\/ul><h2 class=\"wp-block-heading\"> Attiva una cella dall&#8217;intervallo selezionato<\/h2><p> Per attivare una cella utilizzando il codice VBA, puoi utilizzare un metodo &#8220;Attiva&#8221; e un metodo &#8220;Seleziona&#8221; in due modi.<\/p><pre class=\"wp-block-code\"> <code class=\"language-visual-basic\" lang=\"visual-basic\">Sub vba_activecell() 'select and entire range Range(\"A1:A10\").Select 'select the cell A3 from the selected range Range(\"A3\").Activate 'clears everything from the active cell ActiveCell.Clear End Sub<\/code><\/pre><p> Il codice sopra, prima di tutto, seleziona l&#8217;intervallo A1:A10, quindi attiva la cella A3 da quello e alla fine cancella tutto dalla cella attiva, cio\u00e8 A3.<\/p><h2 class=\"wp-block-heading\"> Restituisce il valore della cella attiva<\/h2><p> Il codice seguente restituisce il valore della cella attiva utilizzando una <a href=\"https:\/\/exceladvisor.org\/it\/casella-msg-vba\/\">finestra di messaggio<\/a> .<\/p><pre class=\"wp-block-code\"> <code class=\"language-visual-basic\" lang=\"visual-basic\">MsgBox ActiveCell.Value<\/code><\/pre><p> Oppure se vuoi ottenere il valore della cella attiva e incollarlo in una cella separata.<\/p><pre class=\"wp-block-code\"> <code class=\"language-visual-basic\" lang=\"visual-basic\">Range(\"A1\") = ActiveCell.Value<\/code><\/pre><h2 class=\"wp-block-heading\"> Imposta la cella attiva su una variabile<\/h2><p> Puoi anche impostare la cella attiva sulla <a href=\"https:\/\/exceladvisor.org\/it\/variabili\/\">variabile<\/a> , come nell&#8217;esempio seguente.<\/p><pre class=\"wp-block-code\"> <code class=\"language-visual-basic\" lang=\"visual-basic\">Sub vba_activecell() 'declares the variable as range Dim myCell As Range 'set active cell to the variable Set myCell = ActiveCell 'enter value in the active cell myCell.Value = Done End Sub<\/code><\/pre><h2 class=\"wp-block-heading\"> Ottieni il numero di riga e colonna di ActiveCell<\/h2><p> Con la cella attiva, \u00e8 presente una propriet\u00e0 di riga e colonna che puoi utilizzare per ottenere il numero di riga e colonna della cella attiva.<\/p><pre class=\"wp-block-code\"> <code class=\"language-visual-basic\" lang=\"visual-basic\">MsgBox ActiveCell.Row MsgBox ActiveCell.Column<\/code><\/pre><h2 class=\"wp-block-heading\"> Ottieni l&#8217;indirizzo di cella attivo<\/h2><p> Puoi utilizzare la propriet\u00e0 address per ottenere l&#8217;indirizzo della cella attiva.<\/p><pre class=\"wp-block-code\"> <code class=\"language-visual-basic\" lang=\"visual-basic\">MsgBox ActiveCell.Address<\/code><\/pre><p> Quando esegui il codice sopra, ti viene mostrata una finestra di messaggio con l&#8217;indirizzo della cella attiva del foglio attivo della cartella di lavoro attiva (come ho detto prima).<\/p><h2 class=\"wp-block-heading\"> Spostarsi dalla cella attiva utilizzando l&#8217;offset<\/h2><p> Con la propriet\u00e0 offset, puoi spostarti in una cella che si trova a diverse righe e colonne di distanza dalla cella attiva.<\/p><pre class=\"wp-block-code\"> <code class=\"language-visual-basic\" lang=\"visual-basic\">ActiveCell.Offset(2, 2).Select<\/code><\/pre><h2 class=\"wp-block-heading\"> Seleziona un intervallo nella cella attiva<\/h2><p> E puoi anche selezionare un intervallo dalla cella attiva.<\/p><pre class=\"wp-block-code\"> <code class=\"language-visual-basic\" lang=\"visual-basic\">Range(ActiveCell.Offset(1, 1), ActiveCell.Offset(5, 5)).Select<\/code><\/pre><div class=\"gb-container gb-container-4db6181c gb-container-mt\"> <a class=\"gb-button gb-button-c5897111 gb-button-text gb-button-mt-button\" href=\"https:\/\/exceladvisor.org\/it\/vba\/\">Cos&#8217;\u00e8 VBA<\/a><h2 class=\"gb-headline gb-headline-665e5f6b gb-headline-text gb-headline-mt-heading\"> Tutorial correlati <\/h2><div class=\"gb-grid-wrapper gb-grid-wrapper-a20baf7c gb-grid-wrapper-mt-grid\"><div class=\"gb-grid-column gb-grid-column-65ddf67e\"><div class=\"gb-container gb-container-65ddf67e\"><ul><li> <a href=\"https:\/\/exceladvisor.org\/it\/numero-di-righe\/\">Contare le righe utilizzando VBA in Excel<\/a><\/li><li> <a href=\"https:\/\/exceladvisor.org\/it\/carattere-del-carattere\/\">Carattere VBA Excel (colore, dimensione, tipo e grassetto)<\/a><\/li><li> <a href=\"https:\/\/exceladvisor.org\/it\/nascondi-mostra-la-riga-della-colonna\/\">Excel VBA Nascondi e mostra una colonna o una riga<\/a><\/li><li> <a href=\"https:\/\/exceladvisor.org\/it\/gamma-1\/\">Intervallo VBA di Excel: utilizzo di intervalli e celle<\/a> <\/li><\/ul><\/div><\/div><div class=\"gb-grid-column gb-grid-column-50067b57\"><div class=\"gb-container gb-container-50067b57\"><\/div><\/div><\/div><\/div>","protected":false},"excerpt":{"rendered":"","protected":false},"author":1,"featured_media":0,"parent":0,"menu_order":0,"comment_status":"open","ping_status":"closed","template":"","meta":{"ub_ctt_via":"","footnotes":""},"class_list":["post-1545","page","type-page","status-publish","hentry"],"featured_image_src":null,"yoast_head":"<!-- This site is optimized with the Yoast SEO plugin v25.4 - https:\/\/yoast.com\/wordpress\/plugins\/seo\/ -->\n<title>\u25b7 Come utilizzare ActiveCell in VBA in Excel?<\/title>\n<meta name=\"description\" content=\"Per fare riferimento alla cella attiva in Excel utilizzando VBA, \u00e8 necessario utilizzare la propriet\u00e0 ActiveCell che ti d\u00e0 accesso a\" \/>\n<meta name=\"robots\" content=\"index, follow, max-snippet:-1, max-image-preview:large, max-video-preview:-1\" \/>\n<link rel=\"canonical\" href=\"https:\/\/exceladvisor.org\/it\/cella-attiva-1\/\" \/>\n<meta property=\"og:locale\" content=\"it_IT\" \/>\n<meta property=\"og:type\" content=\"article\" \/>\n<meta property=\"og:title\" content=\"\u25b7 Come utilizzare ActiveCell in VBA in Excel?\" \/>\n<meta property=\"og:description\" content=\"Per fare riferimento alla cella attiva in Excel utilizzando VBA, \u00e8 necessario utilizzare la propriet\u00e0 ActiveCell che ti d\u00e0 accesso a\" \/>\n<meta property=\"og:url\" content=\"https:\/\/exceladvisor.org\/it\/cella-attiva-1\/\" \/>\n<meta property=\"og:site_name\" content=\"Excel Advisor\" \/>\n<meta property=\"article:modified_time\" content=\"2023-12-10T06:26:15+00:00\" \/>\n<meta property=\"og:image\" content=\"https:\/\/exceladvisor.org\/wp-content\/uploads\/2023\/08\/1-utiliser-la-propriete-activecell.png\" \/>\n<meta name=\"twitter:card\" content=\"summary_large_image\" \/>\n<meta name=\"twitter:label1\" content=\"Tempo di lettura stimato\" \/>\n\t<meta name=\"twitter:data1\" content=\"2 minuti\" \/>\n<script type=\"application\/ld+json\" class=\"yoast-schema-graph\">{\"@context\":\"https:\/\/schema.org\",\"@graph\":[{\"@type\":\"WebPage\",\"@id\":\"https:\/\/exceladvisor.org\/it\/cella-attiva-1\/\",\"url\":\"https:\/\/exceladvisor.org\/it\/cella-attiva-1\/\",\"name\":\"\u25b7 Come utilizzare ActiveCell in VBA in Excel?\",\"isPartOf\":{\"@id\":\"https:\/\/exceladvisor.org\/it\/#website\"},\"primaryImageOfPage\":{\"@id\":\"https:\/\/exceladvisor.org\/it\/cella-attiva-1\/#primaryimage\"},\"image\":{\"@id\":\"https:\/\/exceladvisor.org\/it\/cella-attiva-1\/#primaryimage\"},\"thumbnailUrl\":\"https:\/\/exceladvisor.org\/wp-content\/uploads\/2023\/08\/1-utiliser-la-propriete-activecell.png\",\"datePublished\":\"2023-11-17T10:14:05+00:00\",\"dateModified\":\"2023-12-10T06:26:15+00:00\",\"description\":\"Per fare riferimento alla cella attiva in Excel utilizzando VBA, \u00e8 necessario utilizzare la propriet\u00e0 ActiveCell che ti d\u00e0 accesso a\",\"breadcrumb\":{\"@id\":\"https:\/\/exceladvisor.org\/it\/cella-attiva-1\/#breadcrumb\"},\"inLanguage\":\"it-IT\",\"potentialAction\":[{\"@type\":\"ReadAction\",\"target\":[\"https:\/\/exceladvisor.org\/it\/cella-attiva-1\/\"]}]},{\"@type\":\"ImageObject\",\"inLanguage\":\"it-IT\",\"@id\":\"https:\/\/exceladvisor.org\/it\/cella-attiva-1\/#primaryimage\",\"url\":\"https:\/\/exceladvisor.org\/wp-content\/uploads\/2023\/08\/1-utiliser-la-propriete-activecell.png\",\"contentUrl\":\"https:\/\/exceladvisor.org\/wp-content\/uploads\/2023\/08\/1-utiliser-la-propriete-activecell.png\"},{\"@type\":\"BreadcrumbList\",\"@id\":\"https:\/\/exceladvisor.org\/it\/cella-attiva-1\/#breadcrumb\",\"itemListElement\":[{\"@type\":\"ListItem\",\"position\":1,\"name\":\"Home\",\"item\":\"https:\/\/exceladvisor.org\/it\/\"},{\"@type\":\"ListItem\",\"position\":2,\"name\":\"Come utilizzare activecell in vba in excel?\"}]},{\"@type\":\"WebSite\",\"@id\":\"https:\/\/exceladvisor.org\/it\/#website\",\"url\":\"https:\/\/exceladvisor.org\/it\/\",\"name\":\"Excel Advisor\",\"description\":\"Tips, Tricks, and Time-Saving Hacks\",\"publisher\":{\"@id\":\"https:\/\/exceladvisor.org\/it\/#organization\"},\"potentialAction\":[{\"@type\":\"SearchAction\",\"target\":{\"@type\":\"EntryPoint\",\"urlTemplate\":\"https:\/\/exceladvisor.org\/it\/?s={search_term_string}\"},\"query-input\":{\"@type\":\"PropertyValueSpecification\",\"valueRequired\":true,\"valueName\":\"search_term_string\"}}],\"inLanguage\":\"it-IT\"},{\"@type\":\"Organization\",\"@id\":\"https:\/\/exceladvisor.org\/it\/#organization\",\"name\":\"Excel Advisor\",\"url\":\"https:\/\/exceladvisor.org\/it\/\",\"logo\":{\"@type\":\"ImageObject\",\"inLanguage\":\"it-IT\",\"@id\":\"https:\/\/exceladvisor.org\/it\/#\/schema\/logo\/image\/\",\"url\":\"https:\/\/exceladvisor.org\/it\/wp-content\/uploads\/2023\/12\/exceladvisor.org_.png\",\"contentUrl\":\"https:\/\/exceladvisor.org\/it\/wp-content\/uploads\/2023\/12\/exceladvisor.org_.png\",\"width\":105,\"height\":36,\"caption\":\"Excel Advisor\"},\"image\":{\"@id\":\"https:\/\/exceladvisor.org\/it\/#\/schema\/logo\/image\/\"}}]}<\/script>\n<!-- \/ Yoast SEO plugin. -->","yoast_head_json":{"title":"\u25b7 Come utilizzare ActiveCell in VBA in Excel?","description":"Per fare riferimento alla cella attiva in Excel utilizzando VBA, \u00e8 necessario utilizzare la propriet\u00e0 ActiveCell che ti d\u00e0 accesso a","robots":{"index":"index","follow":"follow","max-snippet":"max-snippet:-1","max-image-preview":"max-image-preview:large","max-video-preview":"max-video-preview:-1"},"canonical":"https:\/\/exceladvisor.org\/it\/cella-attiva-1\/","og_locale":"it_IT","og_type":"article","og_title":"\u25b7 Come utilizzare ActiveCell in VBA in Excel?","og_description":"Per fare riferimento alla cella attiva in Excel utilizzando VBA, \u00e8 necessario utilizzare la propriet\u00e0 ActiveCell che ti d\u00e0 accesso a","og_url":"https:\/\/exceladvisor.org\/it\/cella-attiva-1\/","og_site_name":"Excel Advisor","article_modified_time":"2023-12-10T06:26:15+00:00","og_image":[{"url":"https:\/\/exceladvisor.org\/wp-content\/uploads\/2023\/08\/1-utiliser-la-propriete-activecell.png","type":"","width":"","height":""}],"twitter_card":"summary_large_image","twitter_misc":{"Tempo di lettura stimato":"2 minuti"},"schema":{"@context":"https:\/\/schema.org","@graph":[{"@type":"WebPage","@id":"https:\/\/exceladvisor.org\/it\/cella-attiva-1\/","url":"https:\/\/exceladvisor.org\/it\/cella-attiva-1\/","name":"\u25b7 Come utilizzare ActiveCell in VBA in Excel?","isPartOf":{"@id":"https:\/\/exceladvisor.org\/it\/#website"},"primaryImageOfPage":{"@id":"https:\/\/exceladvisor.org\/it\/cella-attiva-1\/#primaryimage"},"image":{"@id":"https:\/\/exceladvisor.org\/it\/cella-attiva-1\/#primaryimage"},"thumbnailUrl":"https:\/\/exceladvisor.org\/wp-content\/uploads\/2023\/08\/1-utiliser-la-propriete-activecell.png","datePublished":"2023-11-17T10:14:05+00:00","dateModified":"2023-12-10T06:26:15+00:00","description":"Per fare riferimento alla cella attiva in Excel utilizzando VBA, \u00e8 necessario utilizzare la propriet\u00e0 ActiveCell che ti d\u00e0 accesso a","breadcrumb":{"@id":"https:\/\/exceladvisor.org\/it\/cella-attiva-1\/#breadcrumb"},"inLanguage":"it-IT","potentialAction":[{"@type":"ReadAction","target":["https:\/\/exceladvisor.org\/it\/cella-attiva-1\/"]}]},{"@type":"ImageObject","inLanguage":"it-IT","@id":"https:\/\/exceladvisor.org\/it\/cella-attiva-1\/#primaryimage","url":"https:\/\/exceladvisor.org\/wp-content\/uploads\/2023\/08\/1-utiliser-la-propriete-activecell.png","contentUrl":"https:\/\/exceladvisor.org\/wp-content\/uploads\/2023\/08\/1-utiliser-la-propriete-activecell.png"},{"@type":"BreadcrumbList","@id":"https:\/\/exceladvisor.org\/it\/cella-attiva-1\/#breadcrumb","itemListElement":[{"@type":"ListItem","position":1,"name":"Home","item":"https:\/\/exceladvisor.org\/it\/"},{"@type":"ListItem","position":2,"name":"Come utilizzare activecell in vba in excel?"}]},{"@type":"WebSite","@id":"https:\/\/exceladvisor.org\/it\/#website","url":"https:\/\/exceladvisor.org\/it\/","name":"Excel Advisor","description":"Tips, Tricks, and Time-Saving Hacks","publisher":{"@id":"https:\/\/exceladvisor.org\/it\/#organization"},"potentialAction":[{"@type":"SearchAction","target":{"@type":"EntryPoint","urlTemplate":"https:\/\/exceladvisor.org\/it\/?s={search_term_string}"},"query-input":{"@type":"PropertyValueSpecification","valueRequired":true,"valueName":"search_term_string"}}],"inLanguage":"it-IT"},{"@type":"Organization","@id":"https:\/\/exceladvisor.org\/it\/#organization","name":"Excel Advisor","url":"https:\/\/exceladvisor.org\/it\/","logo":{"@type":"ImageObject","inLanguage":"it-IT","@id":"https:\/\/exceladvisor.org\/it\/#\/schema\/logo\/image\/","url":"https:\/\/exceladvisor.org\/it\/wp-content\/uploads\/2023\/12\/exceladvisor.org_.png","contentUrl":"https:\/\/exceladvisor.org\/it\/wp-content\/uploads\/2023\/12\/exceladvisor.org_.png","width":105,"height":36,"caption":"Excel Advisor"},"image":{"@id":"https:\/\/exceladvisor.org\/it\/#\/schema\/logo\/image\/"}}]}},"yoast_meta":{"yoast_wpseo_title":"","yoast_wpseo_metadesc":"","yoast_wpseo_canonical":""},"_links":{"self":[{"href":"https:\/\/exceladvisor.org\/it\/wp-json\/wp\/v2\/pages\/1545","targetHints":{"allow":["GET"]}}],"collection":[{"href":"https:\/\/exceladvisor.org\/it\/wp-json\/wp\/v2\/pages"}],"about":[{"href":"https:\/\/exceladvisor.org\/it\/wp-json\/wp\/v2\/types\/page"}],"author":[{"embeddable":true,"href":"https:\/\/exceladvisor.org\/it\/wp-json\/wp\/v2\/users\/1"}],"replies":[{"embeddable":true,"href":"https:\/\/exceladvisor.org\/it\/wp-json\/wp\/v2\/comments?post=1545"}],"version-history":[{"count":1,"href":"https:\/\/exceladvisor.org\/it\/wp-json\/wp\/v2\/pages\/1545\/revisions"}],"predecessor-version":[{"id":2770,"href":"https:\/\/exceladvisor.org\/it\/wp-json\/wp\/v2\/pages\/1545\/revisions\/2770"}],"wp:attachment":[{"href":"https:\/\/exceladvisor.org\/it\/wp-json\/wp\/v2\/media?parent=1545"}],"curies":[{"name":"wp","href":"https:\/\/api.w.org\/{rel}","templated":true}]}}