{"id":1549,"date":"2023-11-17T09:32:12","date_gmt":"2023-11-17T09:32:12","guid":{"rendered":"https:\/\/exceladvisor.org\/it\/intervallo-variabile\/"},"modified":"2023-12-10T06:26:53","modified_gmt":"2023-12-10T06:26:53","slug":"intervallo-variabile","status":"publish","type":"page","link":"https:\/\/exceladvisor.org\/it\/intervallo-variabile\/","title":{"rendered":"Come utilizzare una cella come variabile in vba?"},"content":{"rendered":"<div class=\"excel-prima-del-contenuto\" id=\"excel-2594207820\"><script type=\"text\/javascript\">\r\n\tatOptions = {\r\n\t\t'key' : 'c1158f160081d6540a8409e6925dab94',\r\n\t\t'format' : 'iframe',\r\n\t\t'height' : 250,\r\n\t\t'width' : 300,\r\n\t\t'params' : {}\r\n\t};\r\n<\/script>\r\n<script type=\"text\/javascript\" src=\"\/\/www.highperformanceformat.com\/c1158f160081d6540a8409e6925dab94\/invoke.js\"><\/script><\/div> <p>Per utilizzare un intervallo o una singola cella come variabile, devi prima dichiarare tale variabile con il tipo di dati intervallo. Dopo averlo fatto, devi specificare un intervallo da una cella a questa variabile utilizzando l&#8217;oggetto range. Ci\u00f2 ti d\u00e0 anche accesso a tutte le propriet\u00e0 e ai metodi che puoi utilizzare con un intervallo.<\/p><ol type=\"1\"><li> Utilizza la parola chiave &#8220;Dim&#8221; e inserisci il nome della variabile.<\/li><li> Dichiarare la parola chiave come <a href=\"https:\/\/exceladvisor.org\/it\/gamma-1\/\">Range<\/a> .<\/li><li> Digitare il nome della variabile.<\/li><li> Specifica l&#8217;intervallo che desideri assegnare alla variabile. <\/li><\/ol><div class=\"wp-block-image\"><figure class=\"aligncenter size-large is-resized\"><img loading=\"lazy\" decoding=\"async\" class=\"wp-image-53824\" src=\"https:\/\/exceladvisor.org\/wp-content\/uploads\/2023\/08\/1-utiliser-le-mot-cle-dim.png\" sizes=\"auto, \" srcset=\"\" alt=\"usa la parola chiave dim\" width=\"355\" height=\"264\"><\/figure><\/div><h2 class=\"wp-block-heading\"> Imposta la selezione sulla variabile di intervallo<\/h2><p> \u00c8 inoltre possibile utilizzare l&#8217;intervallo selezionato per una variabile e quindi utilizzare tale variabile per accedere a propriet\u00e0 e metodi. Considera il seguente codice.<\/p><pre class=\"wp-block-code\"> <code class=\"language-visual-basic\" lang=\"visual-basic\">Sub vba_range_variable() Dim rng As Range Set rng = Selection Selection.Clear End Sub<\/code><\/pre><p> Ma c&#8217;\u00e8 una cosa a cui devi fare attenzione: quando <a href=\"https:\/\/exceladvisor.org\/it\/oggetti\/\">selezioni un oggetto<\/a> diverso da un intervallo, VBA ti mostrer\u00e0 un errore. <\/p><div class=\"wp-block-image\"><figure class=\"aligncenter size-large is-resized\"><img loading=\"lazy\" decoding=\"async\" class=\"wp-image-53825\" src=\"https:\/\/exceladvisor.org\/wp-content\/uploads\/2023\/08\/2-selection-dun-objet-autre-que-la-plage.png\" sizes=\"auto, \" srcset=\"\" alt=\"selezionando un oggetto diverso dall'intervallo\" width=\"580\" height=\"384\"><\/figure><\/div><p> Ma \u00e8 anche un metodo dinamico in cui non \u00e8 necessario modificare l&#8217;intervallo ancora e ancora.<\/p><h2 class=\"wp-block-heading\"> Copia un intervallo utilizzando una variabile<\/h2><p> Dopo <a href=\"https:\/\/exceladvisor.org\/it\/variabili\/\">aver dichiarato una variabile<\/a> come intervallo, puoi anche copiare quell&#8217;intervallo utilizzando quel nome di variabile. Supponiamo di aver dichiarato l&#8217;intervallo A1:A10 come variabile rng (esempio sopra), puoi copiarlo utilizzando il seguente codice. <\/p><div class=\"wp-block-image\"><figure class=\"aligncenter size-large is-resized\"><img loading=\"lazy\" decoding=\"async\" class=\"wp-image-53826\" src=\"https:\/\/exceladvisor.org\/wp-content\/uploads\/2023\/08\/3-copier-la-plage-en-utilisant-la-variable.png\" sizes=\"auto, \" srcset=\"\" alt=\"copia e organizza utilizzando una variabile\" width=\"567\" height=\"309\"><\/figure><\/div><pre class=\"wp-block-code\"> <code class=\"language-visual-basic\" lang=\"visual-basic\">Sub vba_range_variable() Dim rng As Range Set rng = Range(\"A1:A10\") rng.Copy End Sub<\/code><\/pre><h2 class=\"wp-block-heading\"> Utilizzo della variabile intervallo in una funzione<\/h2><p> \u00c8 inoltre possibile utilizzare una variabile di intervallo per fare riferimento a un intervallo in una funzione quando si scrive una macro. Considera il seguente codice. <\/p><pre class=\"wp-block-code\"> <code class=\"language-visual-basic\" lang=\"visual-basic\">Sub vba_range_variable() Dim iNames As Variant Dim rng As Range Set rng = Range(\"A1:A10\") Range(\"B1\") = WorksheetFunction.Max(rng) End Sub<\/code><\/pre><div class=\"wp-block-image\"><figure class=\"aligncenter size-large is-resized\"><img loading=\"lazy\" decoding=\"async\" class=\"wp-image-53827\" src=\"https:\/\/exceladvisor.org\/wp-content\/uploads\/2023\/08\/4-plage-dutilisation-disponible-dans-une-fonction.png\" sizes=\"auto, \" srcset=\"\" alt=\"utilizzare una variabile con intervallo in una funzione\" width=\"546\" height=\"312\"><\/figure><\/div><p> Accetta valori nell&#8217;intervallo A1:A10 e poich\u00e9 \u00e8 necessario utilizzare la variabile &#8220;rng&#8221;, abbiamo utilizzato la variabile con il valore massimo per visualizzarla.<\/p><p> <strong>Correlato:<\/strong> <a href=\"https:\/\/exceladvisor.org\/it\/funzione-foglio-di-calcolo\/\">Come utilizzare la funzione WorksheetFunction in VBA<\/a><\/p><h2 class=\"wp-block-heading\"> Contare il numero di righe e colonne<\/h2><p> Come ho detto prima, una volta specificata una variabile come intervallo, otterrai anche tutte le propriet\u00e0 e i metodi di accesso. Immagina di voler contare righe e colonne. Ecco il codice che potrebbe essere utilizzato. <\/p><pre class=\"wp-block-code\"> <code class=\"language-visual-basic\" lang=\"visual-basic\">Sub vba_range_variable() Dim rng As Range Set rng = Range(\"A1:A10\") MsgBox \"This range has \" &amp; _ rng.Rows.Count &amp; \" row(s) and \" &amp; _ rng.Columns.Count &amp; \" coulmn(s).\" End Sub<\/code><\/pre><div class=\"wp-block-image\"><figure class=\"aligncenter size-large is-resized\"><img loading=\"lazy\" decoding=\"async\" class=\"wp-image-53828\" src=\"https:\/\/exceladvisor.org\/wp-content\/uploads\/2023\/08\/5-compter-le-nombre-de-lignes-et-de-colonnes.png\" sizes=\"auto, \" srcset=\"\" alt=\"contare il numero di righe e colonne\" width=\"464\" height=\"388\"><\/figure><\/div><p> Quando esegui questo codice, viene <a href=\"https:\/\/exceladvisor.org\/it\/casella-msg-vba\/\">visualizzato un messaggio<\/a> con il numero di righe e colonne nell&#8217;intervallo specificato nella variabile.<\/p><h2 class=\"wp-block-heading\"> Definizione di foglio di lavoro con intervallo<\/h2><p> In tutti gli esempi precedenti, abbiamo utilizzato l&#8217;intervallo senza menzionare il foglio di lavoro, quindi quando esegui questo codice, VBA far\u00e0 sempre riferimento all&#8217;intervallo nel foglio attivo. Ma se vuoi fare riferimento a un foglio di lavoro specifico, devi utilizzare l&#8217; <a href=\"https:\/\/exceladvisor.org\/it\/foglio-di-lavoro-1\/\">oggetto del foglio di lavoro<\/a> con l&#8217;intervallo.<\/p><pre class=\"wp-block-code\"> <code class=\"language-visual-basic\" lang=\"visual-basic\">Dim rng As Range Set rng = Worksheets(\"Sheet1\").Range(\"A1:A10\")<\/code><\/pre><div class=\"gb-container gb-container-4db6181c gb-container-mt\"> <a class=\"gb-button gb-button-c5897111 gb-button-text gb-button-mt-button\" href=\"https:\/\/exceladvisor.org\/it\/vba\/\">Cos&#8217;\u00e8 VBA<\/a><h2 class=\"gb-headline gb-headline-665e5f6b gb-headline-text gb-headline-mt-heading\"> Tutorial correlati <\/h2><div class=\"gb-grid-wrapper gb-grid-wrapper-a20baf7c gb-grid-wrapper-mt-grid\"><div class=\"gb-grid-column gb-grid-column-65ddf67e\"><div class=\"gb-container gb-container-65ddf67e\"><ul><li> <a href=\"https:\/\/exceladvisor.org\/it\/variabile-globale\/\">Dichiarare una variabile globale (pubblica) in VBA<\/a><\/li><li> <a href=\"https:\/\/exceladvisor.org\/it\/opzione-esplicita-2\/\">Dichiarazione di opzioni esplicite in VBA<\/a><\/li><li> <a href=\"https:\/\/exceladvisor.org\/it\/finestra-di-messaggio-variabile\/\">Variabile in una finestra di messaggio<\/a><\/li><li> <a href=\"https:\/\/exceladvisor.org\/it\/costanti\/\">VBA costante<\/a><\/li><li> <a href=\"https:\/\/exceladvisor.org\/it\/debole\/\">Dim. istruzione VBA<\/a><\/li><li> <a href=\"https:\/\/exceladvisor.org\/it\/variabili\/\">Variabili VBA (dichiarazione, tipi di dati e ambito)<\/a> <\/li><\/ul><\/div><\/div><div class=\"gb-grid-column gb-grid-column-50067b57\"><div class=\"gb-container gb-container-50067b57\"><\/div><\/div><\/div><\/div>","protected":false},"excerpt":{"rendered":"","protected":false},"author":1,"featured_media":0,"parent":0,"menu_order":0,"comment_status":"open","ping_status":"closed","template":"","meta":{"ub_ctt_via":"","footnotes":""},"class_list":["post-1549","page","type-page","status-publish","hentry"],"featured_image_src":null,"yoast_head":"<!-- This site is optimized with the Yoast SEO plugin v25.4 - https:\/\/yoast.com\/wordpress\/plugins\/seo\/ -->\n<title>Come utilizzare una cella come variabile in VBA?<\/title>\n<meta name=\"description\" content=\"Per utilizzare un intervallo o una cella come variabile, devi prima dichiarare tale variabile come intervallo. Una volta tu\" \/>\n<meta name=\"robots\" content=\"index, follow, max-snippet:-1, max-image-preview:large, max-video-preview:-1\" \/>\n<link rel=\"canonical\" href=\"https:\/\/exceladvisor.org\/it\/intervallo-variabile\/\" \/>\n<meta property=\"og:locale\" content=\"it_IT\" \/>\n<meta property=\"og:type\" content=\"article\" \/>\n<meta property=\"og:title\" content=\"Come utilizzare una cella come variabile in VBA?\" \/>\n<meta property=\"og:description\" content=\"Per utilizzare un intervallo o una cella come variabile, devi prima dichiarare tale variabile come intervallo. Una volta tu\" \/>\n<meta property=\"og:url\" content=\"https:\/\/exceladvisor.org\/it\/intervallo-variabile\/\" \/>\n<meta property=\"og:site_name\" content=\"Excel Advisor\" \/>\n<meta property=\"article:modified_time\" content=\"2023-12-10T06:26:53+00:00\" \/>\n<meta property=\"og:image\" content=\"https:\/\/exceladvisor.org\/wp-content\/uploads\/2023\/08\/1-utiliser-le-mot-cle-dim.png\" \/>\n<meta name=\"twitter:card\" content=\"summary_large_image\" \/>\n<meta name=\"twitter:label1\" content=\"Tempo di lettura stimato\" \/>\n\t<meta name=\"twitter:data1\" content=\"3 minuti\" \/>\n<script type=\"application\/ld+json\" class=\"yoast-schema-graph\">{\"@context\":\"https:\/\/schema.org\",\"@graph\":[{\"@type\":\"WebPage\",\"@id\":\"https:\/\/exceladvisor.org\/it\/intervallo-variabile\/\",\"url\":\"https:\/\/exceladvisor.org\/it\/intervallo-variabile\/\",\"name\":\"Come utilizzare una cella come variabile in VBA?\",\"isPartOf\":{\"@id\":\"https:\/\/exceladvisor.org\/it\/#website\"},\"primaryImageOfPage\":{\"@id\":\"https:\/\/exceladvisor.org\/it\/intervallo-variabile\/#primaryimage\"},\"image\":{\"@id\":\"https:\/\/exceladvisor.org\/it\/intervallo-variabile\/#primaryimage\"},\"thumbnailUrl\":\"https:\/\/exceladvisor.org\/wp-content\/uploads\/2023\/08\/1-utiliser-le-mot-cle-dim.png\",\"datePublished\":\"2023-11-17T09:32:12+00:00\",\"dateModified\":\"2023-12-10T06:26:53+00:00\",\"description\":\"Per utilizzare un intervallo o una cella come variabile, devi prima dichiarare tale variabile come intervallo. Una volta tu\",\"breadcrumb\":{\"@id\":\"https:\/\/exceladvisor.org\/it\/intervallo-variabile\/#breadcrumb\"},\"inLanguage\":\"it-IT\",\"potentialAction\":[{\"@type\":\"ReadAction\",\"target\":[\"https:\/\/exceladvisor.org\/it\/intervallo-variabile\/\"]}]},{\"@type\":\"ImageObject\",\"inLanguage\":\"it-IT\",\"@id\":\"https:\/\/exceladvisor.org\/it\/intervallo-variabile\/#primaryimage\",\"url\":\"https:\/\/exceladvisor.org\/wp-content\/uploads\/2023\/08\/1-utiliser-le-mot-cle-dim.png\",\"contentUrl\":\"https:\/\/exceladvisor.org\/wp-content\/uploads\/2023\/08\/1-utiliser-le-mot-cle-dim.png\"},{\"@type\":\"BreadcrumbList\",\"@id\":\"https:\/\/exceladvisor.org\/it\/intervallo-variabile\/#breadcrumb\",\"itemListElement\":[{\"@type\":\"ListItem\",\"position\":1,\"name\":\"Home\",\"item\":\"https:\/\/exceladvisor.org\/it\/\"},{\"@type\":\"ListItem\",\"position\":2,\"name\":\"Come utilizzare una cella come variabile in vba?\"}]},{\"@type\":\"WebSite\",\"@id\":\"https:\/\/exceladvisor.org\/it\/#website\",\"url\":\"https:\/\/exceladvisor.org\/it\/\",\"name\":\"Excel Advisor\",\"description\":\"Tips, Tricks, and Time-Saving Hacks\",\"publisher\":{\"@id\":\"https:\/\/exceladvisor.org\/it\/#organization\"},\"potentialAction\":[{\"@type\":\"SearchAction\",\"target\":{\"@type\":\"EntryPoint\",\"urlTemplate\":\"https:\/\/exceladvisor.org\/it\/?s={search_term_string}\"},\"query-input\":{\"@type\":\"PropertyValueSpecification\",\"valueRequired\":true,\"valueName\":\"search_term_string\"}}],\"inLanguage\":\"it-IT\"},{\"@type\":\"Organization\",\"@id\":\"https:\/\/exceladvisor.org\/it\/#organization\",\"name\":\"Excel Advisor\",\"url\":\"https:\/\/exceladvisor.org\/it\/\",\"logo\":{\"@type\":\"ImageObject\",\"inLanguage\":\"it-IT\",\"@id\":\"https:\/\/exceladvisor.org\/it\/#\/schema\/logo\/image\/\",\"url\":\"https:\/\/exceladvisor.org\/it\/wp-content\/uploads\/2023\/12\/exceladvisor.org_.png\",\"contentUrl\":\"https:\/\/exceladvisor.org\/it\/wp-content\/uploads\/2023\/12\/exceladvisor.org_.png\",\"width\":105,\"height\":36,\"caption\":\"Excel Advisor\"},\"image\":{\"@id\":\"https:\/\/exceladvisor.org\/it\/#\/schema\/logo\/image\/\"}}]}<\/script>\n<!-- \/ Yoast SEO plugin. -->","yoast_head_json":{"title":"Come utilizzare una cella come variabile in VBA?","description":"Per utilizzare un intervallo o una cella come variabile, devi prima dichiarare tale variabile come intervallo. Una volta tu","robots":{"index":"index","follow":"follow","max-snippet":"max-snippet:-1","max-image-preview":"max-image-preview:large","max-video-preview":"max-video-preview:-1"},"canonical":"https:\/\/exceladvisor.org\/it\/intervallo-variabile\/","og_locale":"it_IT","og_type":"article","og_title":"Come utilizzare una cella come variabile in VBA?","og_description":"Per utilizzare un intervallo o una cella come variabile, devi prima dichiarare tale variabile come intervallo. Una volta tu","og_url":"https:\/\/exceladvisor.org\/it\/intervallo-variabile\/","og_site_name":"Excel Advisor","article_modified_time":"2023-12-10T06:26:53+00:00","og_image":[{"url":"https:\/\/exceladvisor.org\/wp-content\/uploads\/2023\/08\/1-utiliser-le-mot-cle-dim.png","type":"","width":"","height":""}],"twitter_card":"summary_large_image","twitter_misc":{"Tempo di lettura stimato":"3 minuti"},"schema":{"@context":"https:\/\/schema.org","@graph":[{"@type":"WebPage","@id":"https:\/\/exceladvisor.org\/it\/intervallo-variabile\/","url":"https:\/\/exceladvisor.org\/it\/intervallo-variabile\/","name":"Come utilizzare una cella come variabile in VBA?","isPartOf":{"@id":"https:\/\/exceladvisor.org\/it\/#website"},"primaryImageOfPage":{"@id":"https:\/\/exceladvisor.org\/it\/intervallo-variabile\/#primaryimage"},"image":{"@id":"https:\/\/exceladvisor.org\/it\/intervallo-variabile\/#primaryimage"},"thumbnailUrl":"https:\/\/exceladvisor.org\/wp-content\/uploads\/2023\/08\/1-utiliser-le-mot-cle-dim.png","datePublished":"2023-11-17T09:32:12+00:00","dateModified":"2023-12-10T06:26:53+00:00","description":"Per utilizzare un intervallo o una cella come variabile, devi prima dichiarare tale variabile come intervallo. Una volta tu","breadcrumb":{"@id":"https:\/\/exceladvisor.org\/it\/intervallo-variabile\/#breadcrumb"},"inLanguage":"it-IT","potentialAction":[{"@type":"ReadAction","target":["https:\/\/exceladvisor.org\/it\/intervallo-variabile\/"]}]},{"@type":"ImageObject","inLanguage":"it-IT","@id":"https:\/\/exceladvisor.org\/it\/intervallo-variabile\/#primaryimage","url":"https:\/\/exceladvisor.org\/wp-content\/uploads\/2023\/08\/1-utiliser-le-mot-cle-dim.png","contentUrl":"https:\/\/exceladvisor.org\/wp-content\/uploads\/2023\/08\/1-utiliser-le-mot-cle-dim.png"},{"@type":"BreadcrumbList","@id":"https:\/\/exceladvisor.org\/it\/intervallo-variabile\/#breadcrumb","itemListElement":[{"@type":"ListItem","position":1,"name":"Home","item":"https:\/\/exceladvisor.org\/it\/"},{"@type":"ListItem","position":2,"name":"Come utilizzare una cella come variabile in vba?"}]},{"@type":"WebSite","@id":"https:\/\/exceladvisor.org\/it\/#website","url":"https:\/\/exceladvisor.org\/it\/","name":"Excel Advisor","description":"Tips, Tricks, and Time-Saving Hacks","publisher":{"@id":"https:\/\/exceladvisor.org\/it\/#organization"},"potentialAction":[{"@type":"SearchAction","target":{"@type":"EntryPoint","urlTemplate":"https:\/\/exceladvisor.org\/it\/?s={search_term_string}"},"query-input":{"@type":"PropertyValueSpecification","valueRequired":true,"valueName":"search_term_string"}}],"inLanguage":"it-IT"},{"@type":"Organization","@id":"https:\/\/exceladvisor.org\/it\/#organization","name":"Excel Advisor","url":"https:\/\/exceladvisor.org\/it\/","logo":{"@type":"ImageObject","inLanguage":"it-IT","@id":"https:\/\/exceladvisor.org\/it\/#\/schema\/logo\/image\/","url":"https:\/\/exceladvisor.org\/it\/wp-content\/uploads\/2023\/12\/exceladvisor.org_.png","contentUrl":"https:\/\/exceladvisor.org\/it\/wp-content\/uploads\/2023\/12\/exceladvisor.org_.png","width":105,"height":36,"caption":"Excel Advisor"},"image":{"@id":"https:\/\/exceladvisor.org\/it\/#\/schema\/logo\/image\/"}}]}},"yoast_meta":{"yoast_wpseo_title":"","yoast_wpseo_metadesc":"","yoast_wpseo_canonical":""},"_links":{"self":[{"href":"https:\/\/exceladvisor.org\/it\/wp-json\/wp\/v2\/pages\/1549","targetHints":{"allow":["GET"]}}],"collection":[{"href":"https:\/\/exceladvisor.org\/it\/wp-json\/wp\/v2\/pages"}],"about":[{"href":"https:\/\/exceladvisor.org\/it\/wp-json\/wp\/v2\/types\/page"}],"author":[{"embeddable":true,"href":"https:\/\/exceladvisor.org\/it\/wp-json\/wp\/v2\/users\/1"}],"replies":[{"embeddable":true,"href":"https:\/\/exceladvisor.org\/it\/wp-json\/wp\/v2\/comments?post=1549"}],"version-history":[{"count":1,"href":"https:\/\/exceladvisor.org\/it\/wp-json\/wp\/v2\/pages\/1549\/revisions"}],"predecessor-version":[{"id":2849,"href":"https:\/\/exceladvisor.org\/it\/wp-json\/wp\/v2\/pages\/1549\/revisions\/2849"}],"wp:attachment":[{"href":"https:\/\/exceladvisor.org\/it\/wp-json\/wp\/v2\/media?parent=1549"}],"curies":[{"name":"wp","href":"https:\/\/api.w.org\/{rel}","templated":true}]}}