{"id":1558,"date":"2023-11-17T06:37:57","date_gmt":"2023-11-17T06:37:57","guid":{"rendered":"https:\/\/exceladvisor.org\/it\/somma-se-maggiore-di\/"},"modified":"2023-12-10T06:20:23","modified_gmt":"2023-12-10T06:20:23","slug":"somma-se-maggiore-di","status":"publish","type":"page","link":"https:\/\/exceladvisor.org\/it\/somma-se-maggiore-di\/","title":{"rendered":"Come aggiungere valori maggiori rispetto a sumif?"},"content":{"rendered":"<div class=\"excel-prima-del-contenuto\" id=\"excel-606202821\"><script type=\"text\/javascript\">\r\n\tatOptions = {\r\n\t\t'key' : 'c1158f160081d6540a8409e6925dab94',\r\n\t\t'format' : 'iframe',\r\n\t\t'height' : 250,\r\n\t\t'width' : 300,\r\n\t\t'params' : {}\r\n\t};\r\n<\/script>\r\n<script type=\"text\/javascript\" src=\"\/\/www.highperformanceformat.com\/c1158f160081d6540a8409e6925dab94\/invoke.js\"><\/script><\/div> <p>In Excel, puoi utilizzare SOMMA.SE per aggiungere valori maggiori di un valore specifico (da te specificato). Nei tutorial, esamineremo diversi esempi per capire.<\/p><h2 class=\"wp-block-heading\"> SOMMA.SE maggiore di<\/h2><p> Nell&#8217;esempio seguente, abbiamo un elenco di valori da cui dobbiamo sommare i valori maggiori di 25. Vediamo come scrivere una formula per questo. <\/p><div class=\"wp-block-image\"><figure class=\"aligncenter size-full is-resized\"><img loading=\"lazy\" decoding=\"async\" class=\"wp-image-66827\" src=\"https:\/\/exceladvisor.org\/wp-content\/uploads\/2023\/08\/1-somme-si-superieur-a.png\" sizes=\"auto, \" srcset=\"\" alt=\"sumif-maggiore-di\" width=\"156\" height=\"281\"><\/figure><\/div><p> Segui questi passi:<\/p><ol type=\"1\"><li> Innanzitutto, inserisci &#8220;=SOMMA.SE(&#8221; nella cella C1 per eseguire la funzione.<\/li><li> Successivamente, fare riferimento all&#8217;intervallo da cui si desidera verificare la condizione.<\/li><li> Ora inserisci i criteri con il segno maggiore e uguale.<\/li><li> Selezionare quindi nuovamente l&#8217;intervallo A2:A13 per ottenere i valori da aggiungere. <\/li><\/ol><div class=\"wp-block-image\"><figure class=\"aligncenter size-full is-resized\"><img loading=\"lazy\" decoding=\"async\" class=\"wp-image-66828\" src=\"https:\/\/exceladvisor.org\/wp-content\/uploads\/2023\/08\/Formule-2-sumif-avec-plage.png\" sizes=\"auto, \" srcset=\"\" alt=\"formula-sumif-con-intervallo\" width=\"446\" height=\"333\"><\/figure><\/div><pre class=\"wp-block-code\"> <code class=\"language-excel-formula\" lang=\"excel-formula\">= <a href=\"https:\/\/exceladvisor.org\/somme-4\/\">SUMIF<\/a> (A2:A13,\"&gt;=25\",A2:A13)<\/code><\/pre><p> Puoi inserire la formula sopra nella cella C1 per ottenere la somma dei valori maggiori di 25.<\/p><p class=\"qt-tip\"> <strong>Nota:<\/strong> poich\u00e9 l&#8217;intervallo della somma e l&#8217;intervallo dei criteri sono gli stessi, \u00e8 possibile saltare la specifica dell&#8217;intervallo della somma. E ti restituir\u00e0 sempre la somma di tutti i valori maggiori e uguali a 25. <\/p><div class=\"wp-block-image\"><figure class=\"aligncenter size-full is-resized\"><img loading=\"lazy\" decoding=\"async\" class=\"wp-image-66829\" src=\"https:\/\/exceladvisor.org\/wp-content\/uploads\/2023\/08\/Formule-3-sumif-avec-des-criteres-specifies.png\" sizes=\"auto, \" srcset=\"\" alt=\"formula-somma-con-criteri-specificati\" width=\"368\" height=\"327\"><\/figure><\/div><p> \u00c8 inoltre possibile utilizzare un riferimento di cella per specificare i criteri nella funzione. <\/p><div class=\"wp-block-image\"><figure class=\"aligncenter size-full is-resized\"><img loading=\"lazy\" decoding=\"async\" class=\"wp-image-66830\" src=\"https:\/\/exceladvisor.org\/wp-content\/uploads\/2023\/08\/Reference-de-4-cellules-pour-specifier-les-criteres.png\" sizes=\"auto, \" srcset=\"\" alt=\"riferimento-cella-per-specificare-criteri\" width=\"430\" height=\"327\"><\/figure><\/div><p> Nell&#8217;esempio sopra abbiamo utilizzato gli stessi criteri, ma abbiamo fatto riferimento a una cella che contiene un numero e vogliamo creare criteri pi\u00f9 ampi con quel numero.<\/p><p> Quindi nella cella abbiamo questo numero e nel criterio_argomento abbiamo combinato questo numero con l&#8217;operatore maggiore e uguale.<\/p><p> Sai che la parte migliore dell&#8217;utilizzo di questo metodo \u00e8 che puoi modificare il numero della cella e non \u00e8 necessario modificare la formula effettiva.<\/p><p> C&#8217;\u00e8 un&#8217;altra cosa che puoi modificare nella formula, ovvero puoi utilizzare un riferimento assoluto nel riferimento all&#8217;intervallo di criteri.<\/p><p> Per fare ci\u00f2, aggiungi semplicemente i simboli del dollaro prima del riferimento alla cella, come abbiamo fatto nell&#8217;esempio seguente. <\/p><div class=\"wp-block-image\"><figure class=\"aligncenter size-full is-resized\"><img loading=\"lazy\" decoding=\"async\" class=\"wp-image-66831\" src=\"https:\/\/exceladvisor.org\/wp-content\/uploads\/2023\/08\/Formule-5-sumif-avec-reference-absolue.png\" sizes=\"auto, \" srcset=\"\" alt=\"formula-somma-con-riferimento-assoluto\" width=\"403\" height=\"326\"><\/figure><\/div><div class=\"gb-container gb-container-52dfcee1 gb-container-sample-file\"><h2 class=\"gb-headline gb-headline-e289c143 gb-headline-text gb-headline-4f7959c2\"> Ottieni il file Excel<\/h2><p> <a class=\"gb-button gb-button-e88d6bee gb-button-text gb-button-button1\" href=\"https:\/\/exceladvisor.org\/wp-content\/uploads\/2023\/08\/somme-si-superieure-a-2.xlsx\" rel=\"nofollow\">Scaricamento<\/a><\/p><\/div><div class=\"gb-container gb-container-0df56012 gb-container-mt\"> <a class=\"gb-button gb-button-f9f432f4 gb-button-text gb-button-mt-button\" href=\"https:\/\/exceladvisor.org\/it\/formule\/\">Elenco delle formule di Excel<\/a><h2 class=\"gb-headline gb-headline-233444e8 gb-headline-text gb-headline-mt-heading\"> Formule correlate <\/h2><div class=\"gb-grid-wrapper gb-grid-wrapper-a16fa65c gb-grid-wrapper-mt-grid\"><div class=\"gb-grid-column gb-grid-column-50d07e0d\"><div class=\"gb-container gb-container-50d07e0d\"><ul><li> <a href=\"https:\/\/exceladvisor.org\/it\/sutive-non-uguali\/\">Somma di valori non uguali (SUMIFS) in Excel<\/a><\/li><li> <a href=\"https:\/\/exceladvisor.org\/it\/sumif-sumif-o-logica\/\">SOMMA.SE\/SOMMA.FS con logica OR in Excel<\/a><\/li><li> <a href=\"https:\/\/exceladvisor.org\/it\/sumif-con-caratteri-jolly\/\">SOMMA.SE con caratteri jolly in Excel<\/a><\/li><li> <a href=\"https:\/\/exceladvisor.org\/it\/somma-di-valori-tra-due-date\/\">Intervallo di date SUMIFS (somma dei valori tra due array di date)<\/a><\/li><li> <a href=\"https:\/\/exceladvisor.org\/it\/sumif-vlookup\/\">Combina CERCA.VERT con SOMMA.SE<\/a> <\/li><\/ul><\/div><\/div><div class=\"gb-grid-column gb-grid-column-5b4a0cf9\"><div class=\"gb-container gb-container-5b4a0cf9\"><\/div><\/div><\/div><\/div>","protected":false},"excerpt":{"rendered":"","protected":false},"author":1,"featured_media":0,"parent":0,"menu_order":0,"comment_status":"open","ping_status":"closed","template":"","meta":{"ub_ctt_via":"","footnotes":""},"class_list":["post-1558","page","type-page","status-publish","hentry"],"featured_image_src":null,"yoast_head":"<!-- This site is optimized with the Yoast SEO plugin v25.4 - https:\/\/yoast.com\/wordpress\/plugins\/seo\/ -->\n<title>\u25b7 Come aggiungere valori maggiori rispetto a SUMIF?<\/title>\n<meta name=\"description\" content=\"In questo tutorial imparerai diversi modi per aggiungere valori maggiori utilizzando la funzione sumif in Excel.\" \/>\n<meta name=\"robots\" content=\"index, follow, max-snippet:-1, max-image-preview:large, max-video-preview:-1\" \/>\n<link rel=\"canonical\" href=\"https:\/\/exceladvisor.org\/it\/somma-se-maggiore-di\/\" \/>\n<meta property=\"og:locale\" content=\"it_IT\" \/>\n<meta property=\"og:type\" content=\"article\" \/>\n<meta property=\"og:title\" content=\"\u25b7 Come aggiungere valori maggiori rispetto a SUMIF?\" \/>\n<meta property=\"og:description\" content=\"In questo tutorial imparerai diversi modi per aggiungere valori maggiori utilizzando la funzione sumif in Excel.\" \/>\n<meta property=\"og:url\" content=\"https:\/\/exceladvisor.org\/it\/somma-se-maggiore-di\/\" \/>\n<meta property=\"og:site_name\" content=\"Excel Advisor\" \/>\n<meta property=\"article:modified_time\" content=\"2023-12-10T06:20:23+00:00\" \/>\n<meta property=\"og:image\" content=\"https:\/\/exceladvisor.org\/wp-content\/uploads\/2023\/08\/1-somme-si-superieur-a.png\" \/>\n<meta name=\"twitter:card\" content=\"summary_large_image\" \/>\n<meta name=\"twitter:label1\" content=\"Tempo di lettura stimato\" \/>\n\t<meta name=\"twitter:data1\" content=\"2 minuti\" \/>\n<script type=\"application\/ld+json\" class=\"yoast-schema-graph\">{\"@context\":\"https:\/\/schema.org\",\"@graph\":[{\"@type\":\"WebPage\",\"@id\":\"https:\/\/exceladvisor.org\/it\/somma-se-maggiore-di\/\",\"url\":\"https:\/\/exceladvisor.org\/it\/somma-se-maggiore-di\/\",\"name\":\"\u25b7 Come aggiungere valori maggiori rispetto a SUMIF?\",\"isPartOf\":{\"@id\":\"https:\/\/exceladvisor.org\/it\/#website\"},\"primaryImageOfPage\":{\"@id\":\"https:\/\/exceladvisor.org\/it\/somma-se-maggiore-di\/#primaryimage\"},\"image\":{\"@id\":\"https:\/\/exceladvisor.org\/it\/somma-se-maggiore-di\/#primaryimage\"},\"thumbnailUrl\":\"https:\/\/exceladvisor.org\/wp-content\/uploads\/2023\/08\/1-somme-si-superieur-a.png\",\"datePublished\":\"2023-11-17T06:37:57+00:00\",\"dateModified\":\"2023-12-10T06:20:23+00:00\",\"description\":\"In questo tutorial imparerai diversi modi per aggiungere valori maggiori utilizzando la funzione sumif in Excel.\",\"breadcrumb\":{\"@id\":\"https:\/\/exceladvisor.org\/it\/somma-se-maggiore-di\/#breadcrumb\"},\"inLanguage\":\"it-IT\",\"potentialAction\":[{\"@type\":\"ReadAction\",\"target\":[\"https:\/\/exceladvisor.org\/it\/somma-se-maggiore-di\/\"]}]},{\"@type\":\"ImageObject\",\"inLanguage\":\"it-IT\",\"@id\":\"https:\/\/exceladvisor.org\/it\/somma-se-maggiore-di\/#primaryimage\",\"url\":\"https:\/\/exceladvisor.org\/wp-content\/uploads\/2023\/08\/1-somme-si-superieur-a.png\",\"contentUrl\":\"https:\/\/exceladvisor.org\/wp-content\/uploads\/2023\/08\/1-somme-si-superieur-a.png\"},{\"@type\":\"BreadcrumbList\",\"@id\":\"https:\/\/exceladvisor.org\/it\/somma-se-maggiore-di\/#breadcrumb\",\"itemListElement\":[{\"@type\":\"ListItem\",\"position\":1,\"name\":\"Home\",\"item\":\"https:\/\/exceladvisor.org\/it\/\"},{\"@type\":\"ListItem\",\"position\":2,\"name\":\"Come aggiungere valori maggiori rispetto a sumif?\"}]},{\"@type\":\"WebSite\",\"@id\":\"https:\/\/exceladvisor.org\/it\/#website\",\"url\":\"https:\/\/exceladvisor.org\/it\/\",\"name\":\"Excel Advisor\",\"description\":\"Tips, Tricks, and Time-Saving Hacks\",\"publisher\":{\"@id\":\"https:\/\/exceladvisor.org\/it\/#organization\"},\"potentialAction\":[{\"@type\":\"SearchAction\",\"target\":{\"@type\":\"EntryPoint\",\"urlTemplate\":\"https:\/\/exceladvisor.org\/it\/?s={search_term_string}\"},\"query-input\":{\"@type\":\"PropertyValueSpecification\",\"valueRequired\":true,\"valueName\":\"search_term_string\"}}],\"inLanguage\":\"it-IT\"},{\"@type\":\"Organization\",\"@id\":\"https:\/\/exceladvisor.org\/it\/#organization\",\"name\":\"Excel Advisor\",\"url\":\"https:\/\/exceladvisor.org\/it\/\",\"logo\":{\"@type\":\"ImageObject\",\"inLanguage\":\"it-IT\",\"@id\":\"https:\/\/exceladvisor.org\/it\/#\/schema\/logo\/image\/\",\"url\":\"https:\/\/exceladvisor.org\/it\/wp-content\/uploads\/2023\/12\/exceladvisor.org_.png\",\"contentUrl\":\"https:\/\/exceladvisor.org\/it\/wp-content\/uploads\/2023\/12\/exceladvisor.org_.png\",\"width\":105,\"height\":36,\"caption\":\"Excel Advisor\"},\"image\":{\"@id\":\"https:\/\/exceladvisor.org\/it\/#\/schema\/logo\/image\/\"}}]}<\/script>\n<!-- \/ Yoast SEO plugin. -->","yoast_head_json":{"title":"\u25b7 Come aggiungere valori maggiori rispetto a SUMIF?","description":"In questo tutorial imparerai diversi modi per aggiungere valori maggiori utilizzando la funzione sumif in Excel.","robots":{"index":"index","follow":"follow","max-snippet":"max-snippet:-1","max-image-preview":"max-image-preview:large","max-video-preview":"max-video-preview:-1"},"canonical":"https:\/\/exceladvisor.org\/it\/somma-se-maggiore-di\/","og_locale":"it_IT","og_type":"article","og_title":"\u25b7 Come aggiungere valori maggiori rispetto a SUMIF?","og_description":"In questo tutorial imparerai diversi modi per aggiungere valori maggiori utilizzando la funzione sumif in Excel.","og_url":"https:\/\/exceladvisor.org\/it\/somma-se-maggiore-di\/","og_site_name":"Excel Advisor","article_modified_time":"2023-12-10T06:20:23+00:00","og_image":[{"url":"https:\/\/exceladvisor.org\/wp-content\/uploads\/2023\/08\/1-somme-si-superieur-a.png","type":"","width":"","height":""}],"twitter_card":"summary_large_image","twitter_misc":{"Tempo di lettura stimato":"2 minuti"},"schema":{"@context":"https:\/\/schema.org","@graph":[{"@type":"WebPage","@id":"https:\/\/exceladvisor.org\/it\/somma-se-maggiore-di\/","url":"https:\/\/exceladvisor.org\/it\/somma-se-maggiore-di\/","name":"\u25b7 Come aggiungere valori maggiori rispetto a SUMIF?","isPartOf":{"@id":"https:\/\/exceladvisor.org\/it\/#website"},"primaryImageOfPage":{"@id":"https:\/\/exceladvisor.org\/it\/somma-se-maggiore-di\/#primaryimage"},"image":{"@id":"https:\/\/exceladvisor.org\/it\/somma-se-maggiore-di\/#primaryimage"},"thumbnailUrl":"https:\/\/exceladvisor.org\/wp-content\/uploads\/2023\/08\/1-somme-si-superieur-a.png","datePublished":"2023-11-17T06:37:57+00:00","dateModified":"2023-12-10T06:20:23+00:00","description":"In questo tutorial imparerai diversi modi per aggiungere valori maggiori utilizzando la funzione sumif in Excel.","breadcrumb":{"@id":"https:\/\/exceladvisor.org\/it\/somma-se-maggiore-di\/#breadcrumb"},"inLanguage":"it-IT","potentialAction":[{"@type":"ReadAction","target":["https:\/\/exceladvisor.org\/it\/somma-se-maggiore-di\/"]}]},{"@type":"ImageObject","inLanguage":"it-IT","@id":"https:\/\/exceladvisor.org\/it\/somma-se-maggiore-di\/#primaryimage","url":"https:\/\/exceladvisor.org\/wp-content\/uploads\/2023\/08\/1-somme-si-superieur-a.png","contentUrl":"https:\/\/exceladvisor.org\/wp-content\/uploads\/2023\/08\/1-somme-si-superieur-a.png"},{"@type":"BreadcrumbList","@id":"https:\/\/exceladvisor.org\/it\/somma-se-maggiore-di\/#breadcrumb","itemListElement":[{"@type":"ListItem","position":1,"name":"Home","item":"https:\/\/exceladvisor.org\/it\/"},{"@type":"ListItem","position":2,"name":"Come aggiungere valori maggiori rispetto a sumif?"}]},{"@type":"WebSite","@id":"https:\/\/exceladvisor.org\/it\/#website","url":"https:\/\/exceladvisor.org\/it\/","name":"Excel Advisor","description":"Tips, Tricks, and Time-Saving Hacks","publisher":{"@id":"https:\/\/exceladvisor.org\/it\/#organization"},"potentialAction":[{"@type":"SearchAction","target":{"@type":"EntryPoint","urlTemplate":"https:\/\/exceladvisor.org\/it\/?s={search_term_string}"},"query-input":{"@type":"PropertyValueSpecification","valueRequired":true,"valueName":"search_term_string"}}],"inLanguage":"it-IT"},{"@type":"Organization","@id":"https:\/\/exceladvisor.org\/it\/#organization","name":"Excel Advisor","url":"https:\/\/exceladvisor.org\/it\/","logo":{"@type":"ImageObject","inLanguage":"it-IT","@id":"https:\/\/exceladvisor.org\/it\/#\/schema\/logo\/image\/","url":"https:\/\/exceladvisor.org\/it\/wp-content\/uploads\/2023\/12\/exceladvisor.org_.png","contentUrl":"https:\/\/exceladvisor.org\/it\/wp-content\/uploads\/2023\/12\/exceladvisor.org_.png","width":105,"height":36,"caption":"Excel Advisor"},"image":{"@id":"https:\/\/exceladvisor.org\/it\/#\/schema\/logo\/image\/"}}]}},"yoast_meta":{"yoast_wpseo_title":"","yoast_wpseo_metadesc":"","yoast_wpseo_canonical":""},"_links":{"self":[{"href":"https:\/\/exceladvisor.org\/it\/wp-json\/wp\/v2\/pages\/1558","targetHints":{"allow":["GET"]}}],"collection":[{"href":"https:\/\/exceladvisor.org\/it\/wp-json\/wp\/v2\/pages"}],"about":[{"href":"https:\/\/exceladvisor.org\/it\/wp-json\/wp\/v2\/types\/page"}],"author":[{"embeddable":true,"href":"https:\/\/exceladvisor.org\/it\/wp-json\/wp\/v2\/users\/1"}],"replies":[{"embeddable":true,"href":"https:\/\/exceladvisor.org\/it\/wp-json\/wp\/v2\/comments?post=1558"}],"version-history":[{"count":1,"href":"https:\/\/exceladvisor.org\/it\/wp-json\/wp\/v2\/pages\/1558\/revisions"}],"predecessor-version":[{"id":2300,"href":"https:\/\/exceladvisor.org\/it\/wp-json\/wp\/v2\/pages\/1558\/revisions\/2300"}],"wp:attachment":[{"href":"https:\/\/exceladvisor.org\/it\/wp-json\/wp\/v2\/media?parent=1558"}],"curies":[{"name":"wp","href":"https:\/\/api.w.org\/{rel}","templated":true}]}}